{"id":43243,"date":"2024-02-09T02:12:00","date_gmt":"2024-02-09T01:12:00","guid":{"rendered":"https:\/\/kart.no\/map-styles\/"},"modified":"2026-03-26T13:59:05","modified_gmt":"2026-03-26T12:59:05","slug":"map-styles","status":"publish","type":"page","link":"https:\/\/kart.no\/en\/map-styles\/","title":{"rendered":"Map Styles"},"content":{"rendered":"\n<div class=\"wp-block-group alignfull has-base-background-color has-background has-global-padding is-content-justification-center is-layout-constrained wp-block-group-is-layout-constrained\" style=\"margin-top:0;margin-bottom:0;padding-top:0;padding-bottom:0\">\n<div class=\"wp-block-columns is-style-text-and-media is-layout-flex wp-container-core-columns-is-layout-b53555a6 wp-block-columns-is-layout-flex\" style=\"margin-top:var(--wp--preset--spacing--120);margin-bottom:var(--wp--preset--spacing--120);padding-top:0;padding-bottom:0\">\n<div class=\"wp-block-column is-vertically-aligned-center is-layout-flow wp-block-column-is-layout-flow\" style=\"flex-basis:34%\">\n<h2 class=\"wp-block-heading has-text-color has-medium-font-size\" id=\"h-finn-kartstilen-som-passer-ditt-kart\" style=\"color:#342b4e;margin-top:20px;font-style:normal;font-weight:400\"><strong>Find the map style that suits your map<\/strong><\/h2>\n\n\n\n<ul class=\"wp-block-list\">\n<li>Updated map data from the Norwegian Mapping Authority and Esri<\/li>\n\n\n\n<li>Scales from 1:2,000 to 1:100,000<\/li>\n\n\n\n<li>Sizes up to 180 x 120 cm<\/li>\n\n\n\n<li>DNT hiking trails (summer\/winter)<\/li>\n<\/ul>\n\n\n\n<div class=\"wp-block-uagb-icon-list uagb-block-1be251dc\"><div class=\"uagb-icon-list__wrap\">\n<div class=\"wp-block-uagb-icon-list-child uagb-block-3ae885d6\"><span class=\"uagb-icon-list__source-wrap\"><svg xmlns=\"https:\/\/www.w3.org\/2000\/svg\" viewbox=\"0 0 512 512\"><path d=\"M256 0C114.6 0 0 114.6 0 256c0 141.4 114.6 256 256 256s256-114.6 256-256C512 114.6 397.4 0 256 0zM382.6 302.6l-103.1 103.1C270.7 414.6 260.9 416 256 416c-4.881 0-14.65-1.391-22.65-9.398L129.4 302.6c-12.5-12.5-12.5-32.75 0-45.25s32.75-12.5 45.25 0L224 306.8V128c0-17.69 14.33-32 32-32s32 14.31 32 32v178.8l49.38-49.38c12.5-12.5 32.75-12.5 45.25 0S395.1 290.1 382.6 302.6z\"><\/path><\/svg><\/span><span class=\"uagb-icon-list__label\"><strong>See all map styles \u2013 scroll down!<\/strong><\/span><\/div>\n<\/div><\/div>\n<\/div>\n\n\n\n<div class=\"wp-block-column is-vertically-aligned-center is-layout-flow wp-block-column-is-layout-flow\" style=\"flex-basis:66.66%\">\n<div class=\"wp-block-group uag-hide-mob is-content-justification-center is-layout-flex wp-container-core-group-is-layout-b02886af wp-block-group-is-layout-flex\"><\/div>\n<\/div>\n<\/div>\n<\/div>\n\n<style>.map-container {\n  max-width: 100%; \/* Justert fra 2363px for bedre responsivitet *\/\n  overflow-x: hidden;\n}\n\n.map-section {\n  height: 100vh;\n  width: 100%;\n  background-size: cover;\n  background-position: center;\n  \/* DETTE SKAPER PARALLAX-EFFEKTEN *\/\n  background-attachment: fixed; \n  \n  display: flex;\n  align-items: center;\n  justify-content: center;\n  color: black !important;\n  text-align: center;\n  position: relative;\n}\n\n\/* Fix for mobile: background-attachment: fixed fungerer d\u00e5rlig p\u00e5 iOS\/Android *\/\n@media (max-width: 1024px) {\n  .map-section {\n    background-attachment: scroll;\n  }\n}\n\n.text {\n  text-align: center;\n  max-width: 40%;\n  background: rgba(255, 255, 255, 0.8); \/* Litt kraftigere bakgrunn for lesbarhet *\/\n  padding: 40px;\n  border-radius: 8px;\n  opacity: 0;\n  transform: translateY(50px);\n  transition: opacity 1.2s ease-out, transform 1.2s ease-out;\n  box-shadow: 0 10px 30px rgba(0,0,0,0.1);\n}\n\n.text.visible {\n  opacity: 1;\n  transform: translateY(0);\n}\n\n.inline-button {\n  display: inline-block;\n  margin-top: 20px;\n  padding: 12px 24px;\n  background-color: #222; \/* M\u00f8rkere knapp for kontrast *\/\n  cursor: pointer;\n  transition: all 0.3s ease;\n  border-radius: 4px;\n}\n\n.inline-button a {\n  text-decoration: none;\n  color: white;\n  font-weight: bold;\n  font-size: 14px;\n}\n\n.inline-button:hover {\n  background-color: #000;\n  transform: scale(1.05);\n}\n\n@media (max-width: 768px) {\n  .text {\n    max-width: 80%;\n    padding: 20px;\n  }\n}\n<\/style><div class=\"map-container\"><div class=\"map-section\" style=\"background-image: url('https:\/\/kart.no\/wp-content\/uploads\/2025\/03\/Sommerkart-kartstil-page.jpg');\"><div class=\"text\"><h2>Sommerkart<\/h2><p>Topografisk kart med klassiske norske kartfarger og tydelige h\u00f8ydekurver. Kartet har en fjellskygger som gir en tredimensjonal virkning.<\/p><span class=\"inline-button\"><a href=\"https:\/\/kart.no\/produkt\/custom-map\/#sted\">Start kartdesigner<\/a><\/span><\/div><\/div><div class=\"map-section\" style=\"background-image: url('https:\/\/kart.no\/wp-content\/uploads\/2025\/03\/Vinterkart-kartstil-page.jpg');\"><div class=\"text\"><h2>Vinterkart<\/h2><p>Perfekt for deg som har hytte i fjellet eller elsker sn\u00f8 og vintersport. Viser Turistforeningens faste skil\u00f8yper.<\/p><span class=\"inline-button\"><a href=\"https:\/\/kart.no\/produkt\/custom-map\/#sted\">Start kartdesigner<\/a><\/span><\/div><\/div><div class=\"map-section\" style=\"background-image: url('https:\/\/kart.no\/wp-content\/uploads\/2025\/03\/Turkart-kartstil-page.jpg');\"><div class=\"text\"><h2>Turkart<\/h2><p>Klassisk turkart med tydelige h\u00f8ydekurver, uten fjellskygge. Kartet har de samme fargene som Kartverkets originale N50-serie.<\/p><span class=\"inline-button\"><a href=\"https:\/\/kart.no\/produkt\/custom-map\/#sted\">Start kartdesigner<\/a><\/span><\/div><\/div><div class=\"map-section\" style=\"background-image: url('https:\/\/kart.no\/wp-content\/uploads\/2025\/03\/Sjokart-kartstil-page.jpg');\"><div class=\"text\"><h2>Sj\u00f8kart<\/h2><p>Det ultimate kartet for deg som er glad i b\u00e5tliv eller har hytte ved sj\u00f8en!<\/p><span class=\"inline-button\"><a href=\"https:\/\/kart.no\/produkt\/custom-map\/#sted\">Start kartdesigner<\/a><\/span><\/div><\/div><div class=\"map-section\" style=\"background-image: url('https:\/\/kart.no\/wp-content\/uploads\/2025\/03\/Vintage-kartstil-page.jpg');\"><div class=\"text\"><h2>Vintage<\/h2><p>Kartstil med farger hentet fra historiske kart. Har tydelige fjellskygger inspirert av 1800-tallet.<\/p><span class=\"inline-button\"><a href=\"https:\/\/kart.no\/produkt\/custom-map\/#sted\">Start kartdesigner<\/a><\/span><\/div><\/div><\/div><script>document.addEventListener(\"DOMContentLoaded\", function () {\n    let sections = document.querySelectorAll(\".map-section\");\n\n    let observer = new IntersectionObserver((entries) => {\n        entries.forEach(entry => {\n            let text = entry.target.querySelector(\".text\");\n            if (entry.isIntersecting) {\n                text.classList.add(\"visible\");\n            } else {\n                \/\/ Valgfritt: Fjern 'visible' hvis du vil at animasjonen skal skje hver gang man scroller opp\/ned\n                text.classList.remove(\"visible\"); \n            }\n        });\n    }, { threshold: 0.4 }); \/\/ Trigger litt tidligere for bedre flyt\n\n    sections.forEach(section => observer.observe(section));\n});\n<\/script>\n","protected":false},"excerpt":{"rendered":"<p>Find the map style that suits your map Sommerkart Topografisk kart med klassiske norske kartfarger og tydelige h\u00f8ydekurver. Kartet har en fjellskygger som gir en tredimensjonal virkning. Start kartdesigner Vinterkart Perfekt for deg som har hytte i fjellet eller elsker sn\u00f8 og vintersport. Viser Turistforeningens faste skil\u00f8yper. Start kartdesigner Turkart Klassisk turkart med tydelige h\u00f8ydekurver, [&hellip;]<\/p>\n","protected":false},"author":2,"featured_media":0,"parent":0,"menu_order":0,"comment_status":"closed","ping_status":"closed","template":"wp-custom-template-page-without-title","meta":{"_uag_custom_page_level_css":"","footnotes":""},"class_list":["post-43243","page","type-page","status-publish","hentry"],"acf":[],"yoast_head":"<!-- This site is optimized with the Yoast SEO Premium plugin v27.4 (Yoast SEO v27.4) - https:\/\/yoast.com\/product\/yoast-seo-premium-wordpress\/ -->\n<title>Map Styles - Kart.no<\/title>\n<meta name=\"robots\" content=\"index, follow, max-snippet:-1, max-image-preview:large, max-video-preview:-1\" \/>\n<link rel=\"canonical\" href=\"https:\/\/kart.no\/en\/map-styles\/\" \/>\n<meta property=\"og:locale\" content=\"en_US\" \/>\n<meta property=\"og:type\" content=\"article\" \/>\n<meta property=\"og:title\" content=\"Map Styles\" \/>\n<meta property=\"og:description\" content=\"Find the map style that suits your map Sommerkart Topografisk kart med klassiske norske kartfarger og tydelige h\u00f8ydekurver. Kartet har en fjellskygger som gir en tredimensjonal virkning. Start kartdesigner Vinterkart Perfekt for deg som har hytte i fjellet eller elsker sn\u00f8 og vintersport. Viser Turistforeningens faste skil\u00f8yper. Start kartdesigner Turkart Klassisk turkart med tydelige h\u00f8ydekurver, [&hellip;]\" \/>\n<meta property=\"og:url\" content=\"https:\/\/kart.no\/en\/map-styles\/\" \/>\n<meta property=\"og:site_name\" content=\"Kart.no\" \/>\n<meta property=\"article:publisher\" content=\"https:\/\/www.facebook.com\/kart.no\" \/>\n<meta property=\"article:modified_time\" content=\"2026-03-26T12:59:05+00:00\" \/>\n<meta name=\"twitter:card\" content=\"summary_large_image\" \/>\n<meta name=\"twitter:label1\" content=\"Est. reading time\" \/>\n\t<meta name=\"twitter:data1\" content=\"1 minute\" \/>\n<script type=\"application\/ld+json\" class=\"yoast-schema-graph\">{\"@context\":\"https:\\\/\\\/schema.org\",\"@graph\":[{\"@type\":\"WebPage\",\"@id\":\"https:\\\/\\\/kart.no\\\/en\\\/map-styles\\\/\",\"url\":\"https:\\\/\\\/kart.no\\\/en\\\/map-styles\\\/\",\"name\":\"Map Styles - Kart.no\",\"isPartOf\":{\"@id\":\"https:\\\/\\\/kart.no\\\/en\\\/#website\"},\"datePublished\":\"2024-02-09T01:12:00+00:00\",\"dateModified\":\"2026-03-26T12:59:05+00:00\",\"breadcrumb\":{\"@id\":\"https:\\\/\\\/kart.no\\\/en\\\/map-styles\\\/#breadcrumb\"},\"inLanguage\":\"en-US\",\"potentialAction\":[{\"@type\":\"ReadAction\",\"target\":[\"https:\\\/\\\/kart.no\\\/en\\\/map-styles\\\/\"]}]},{\"@type\":\"BreadcrumbList\",\"@id\":\"https:\\\/\\\/kart.no\\\/en\\\/map-styles\\\/#breadcrumb\",\"itemListElement\":[{\"@type\":\"ListItem\",\"position\":1,\"name\":\"Hjem\",\"item\":\"https:\\\/\\\/kart.no\\\/en\\\/\"},{\"@type\":\"ListItem\",\"position\":2,\"name\":\"Map Styles\"}]},{\"@type\":\"WebSite\",\"@id\":\"https:\\\/\\\/kart.no\\\/en\\\/#website\",\"url\":\"https:\\\/\\\/kart.no\\\/en\\\/\",\"name\":\"Kart.no\",\"description\":\"Nordic expertise in maps and navigation\",\"publisher\":{\"@id\":\"https:\\\/\\\/kart.no\\\/en\\\/#organization\"},\"potentialAction\":[{\"@type\":\"SearchAction\",\"target\":{\"@type\":\"EntryPoint\",\"urlTemplate\":\"https:\\\/\\\/kart.no\\\/en\\\/?s={search_term_string}\"},\"query-input\":{\"@type\":\"PropertyValueSpecification\",\"valueRequired\":true,\"valueName\":\"search_term_string\"}}],\"inLanguage\":\"en-US\"},{\"@type\":\"Organization\",\"@id\":\"https:\\\/\\\/kart.no\\\/en\\\/#organization\",\"name\":\"Kart.no\",\"url\":\"https:\\\/\\\/kart.no\\\/en\\\/\",\"logo\":{\"@type\":\"ImageObject\",\"inLanguage\":\"en-US\",\"@id\":\"https:\\\/\\\/kart.no\\\/en\\\/#\\\/schema\\\/logo\\\/image\\\/\",\"url\":\"https:\\\/\\\/kart.no\\\/wp-content\\\/uploads\\\/2023\\\/10\\\/kart.no-logo.png\",\"contentUrl\":\"https:\\\/\\\/kart.no\\\/wp-content\\\/uploads\\\/2023\\\/10\\\/kart.no-logo.png\",\"width\":784,\"height\":312,\"caption\":\"Kart.no\"},\"image\":{\"@id\":\"https:\\\/\\\/kart.no\\\/en\\\/#\\\/schema\\\/logo\\\/image\\\/\"},\"sameAs\":[\"https:\\\/\\\/www.facebook.com\\\/kart.no\",\"https:\\\/\\\/www.instagram.com\\\/_kart.no\\\/\"]}]}<\/script>\n<!-- \/ Yoast SEO Premium plugin. -->","yoast_head_json":{"title":"Map Styles - Kart.no","robots":{"index":"index","follow":"follow","max-snippet":"max-snippet:-1","max-image-preview":"max-image-preview:large","max-video-preview":"max-video-preview:-1"},"canonical":"https:\/\/kart.no\/en\/map-styles\/","og_locale":"en_US","og_type":"article","og_title":"Map Styles","og_description":"Find the map style that suits your map Sommerkart Topografisk kart med klassiske norske kartfarger og tydelige h\u00f8ydekurver. Kartet har en fjellskygger som gir en tredimensjonal virkning. Start kartdesigner Vinterkart Perfekt for deg som har hytte i fjellet eller elsker sn\u00f8 og vintersport. Viser Turistforeningens faste skil\u00f8yper. Start kartdesigner Turkart Klassisk turkart med tydelige h\u00f8ydekurver, [&hellip;]","og_url":"https:\/\/kart.no\/en\/map-styles\/","og_site_name":"Kart.no","article_publisher":"https:\/\/www.facebook.com\/kart.no","article_modified_time":"2026-03-26T12:59:05+00:00","twitter_card":"summary_large_image","twitter_misc":{"Est. reading time":"1 minute"},"schema":{"@context":"https:\/\/schema.org","@graph":[{"@type":"WebPage","@id":"https:\/\/kart.no\/en\/map-styles\/","url":"https:\/\/kart.no\/en\/map-styles\/","name":"Map Styles - Kart.no","isPartOf":{"@id":"https:\/\/kart.no\/en\/#website"},"datePublished":"2024-02-09T01:12:00+00:00","dateModified":"2026-03-26T12:59:05+00:00","breadcrumb":{"@id":"https:\/\/kart.no\/en\/map-styles\/#breadcrumb"},"inLanguage":"en-US","potentialAction":[{"@type":"ReadAction","target":["https:\/\/kart.no\/en\/map-styles\/"]}]},{"@type":"BreadcrumbList","@id":"https:\/\/kart.no\/en\/map-styles\/#breadcrumb","itemListElement":[{"@type":"ListItem","position":1,"name":"Hjem","item":"https:\/\/kart.no\/en\/"},{"@type":"ListItem","position":2,"name":"Map Styles"}]},{"@type":"WebSite","@id":"https:\/\/kart.no\/en\/#website","url":"https:\/\/kart.no\/en\/","name":"Kart.no","description":"Nordic expertise in maps and navigation","publisher":{"@id":"https:\/\/kart.no\/en\/#organization"},"potentialAction":[{"@type":"SearchAction","target":{"@type":"EntryPoint","urlTemplate":"https:\/\/kart.no\/en\/?s={search_term_string}"},"query-input":{"@type":"PropertyValueSpecification","valueRequired":true,"valueName":"search_term_string"}}],"inLanguage":"en-US"},{"@type":"Organization","@id":"https:\/\/kart.no\/en\/#organization","name":"Kart.no","url":"https:\/\/kart.no\/en\/","logo":{"@type":"ImageObject","inLanguage":"en-US","@id":"https:\/\/kart.no\/en\/#\/schema\/logo\/image\/","url":"https:\/\/kart.no\/wp-content\/uploads\/2023\/10\/kart.no-logo.png","contentUrl":"https:\/\/kart.no\/wp-content\/uploads\/2023\/10\/kart.no-logo.png","width":784,"height":312,"caption":"Kart.no"},"image":{"@id":"https:\/\/kart.no\/en\/#\/schema\/logo\/image\/"},"sameAs":["https:\/\/www.facebook.com\/kart.no","https:\/\/www.instagram.com\/_kart.no\/"]}]}},"uagb_featured_image_src":{"full":false,"thumbnail":false,"medium":false,"medium_large":false,"large":false,"1536x1536":false,"2048x2048":false,"woocommerce_thumbnail":false,"woocommerce_single":false,"woocommerce_gallery_thumbnail":false,"dgwt-wcas-product-suggestion":false},"uagb_author_info":{"display_name":"Steinar Figved","author_link":"https:\/\/kart.no\/en\/author\/steinar\/"},"uagb_comment_info":0,"uagb_excerpt":"Find the map style that suits your map Sommerkart Topografisk kart med klassiske norske kartfarger og tydelige h\u00f8ydekurver. Kartet har en fjellskygger som gir en tredimensjonal virkning. Start kartdesigner Vinterkart Perfekt for deg som har hytte i fjellet eller elsker sn\u00f8 og vintersport. Viser Turistforeningens faste skil\u00f8yper. Start kartdesigner Turkart Klassisk turkart med tydelige h\u00f8ydekurver,&hellip;","_links":{"self":[{"href":"https:\/\/kart.no\/en\/wp-json\/wp\/v2\/pages\/43243","targetHints":{"allow":["GET"]}}],"collection":[{"href":"https:\/\/kart.no\/en\/wp-json\/wp\/v2\/pages"}],"about":[{"href":"https:\/\/kart.no\/en\/wp-json\/wp\/v2\/types\/page"}],"author":[{"embeddable":true,"href":"https:\/\/kart.no\/en\/wp-json\/wp\/v2\/users\/2"}],"replies":[{"embeddable":true,"href":"https:\/\/kart.no\/en\/wp-json\/wp\/v2\/comments?post=43243"}],"version-history":[{"count":0,"href":"https:\/\/kart.no\/en\/wp-json\/wp\/v2\/pages\/43243\/revisions"}],"wp:attachment":[{"href":"https:\/\/kart.no\/en\/wp-json\/wp\/v2\/media?parent=43243"}],"curies":[{"name":"wp","href":"https:\/\/api.w.org\/{rel}","templated":true}]}}