{"id":10165,"date":"2024-03-20T12:27:36","date_gmt":"2024-03-20T11:27:36","guid":{"rendered":"https:\/\/kart.no\/?post_type=product&#038;p=10165"},"modified":"2026-03-09T01:24:06","modified_gmt":"2026-03-09T00:24:06","slug":"kartverket-landkart-n50-130n-vega","status":"publish","type":"product","link":"https:\/\/kart.no\/en\/produkt\/kartverket-landkart-n50-130n-vega\/","title":{"rendered":"Kartverket &#8211; landkart (N50): 130N Vega"},"content":{"rendered":"","protected":false},"excerpt":{"rendered":"<p>Norge 1:50000 (N50) er Kartverkets topografiske hovedkartserie. Inneholder bebyggelse, h\u00f8ydekurver, skog, dyrka mark, kystkontur, elver, bekker, vann, myr, breer, veier, stier, jernbaner, flyplasser, kommunegrenser, verneomr\u00e5der, samt detaljert dybde- og navigasjonsinformasjon hentet fra sj\u00f8kartene. Kartet har har m\u00e5lestokk 1:50.000 og leveres p\u00e5 rull i st\u00f8rrelse 104 x 73 cm. Kan ogs\u00e5 leveres p\u00e5 plate eller ferdig innrammet. St\u00f8rrelse med passepartout og ramme er 124 x 93 cm.<\/p>\n","protected":false},"featured_media":8894,"comment_status":"open","ping_status":"closed","template":"","meta":{"_uag_custom_page_level_css":""},"product_brand":[494],"product_cat":[1008],"product_tag":[],"class_list":{"0":"post-10165","1":"product","2":"type-product","3":"status-publish","4":"has-post-thumbnail","6":"product_brand-kartverket","7":"product_cat-uncategorized-no","8":"pa_fylke-nordland","9":"pa_produsent-kartverket","11":"first","12":"instock","13":"taxable","14":"shipping-taxable","15":"purchasable","16":"product-type-composite"},"composite_virtual":false,"composite_layout":"single","composite_add_to_cart_form_location":"default","composite_editable_in_cart":false,"composite_sold_individually_context":"product","composite_shop_price_calc":"defaults","composite_components":[{"id":"1706794288","title":"Velg materiale","description":"<div class=\"component-popup\">\n<div class=\"cmp-popup-top\">\n       <a href=\"#\" class=\"close-cmp-popup\">X<\/a>\n   <\/div>\n<div class=\"cmp-popup-inner\">\n<h3>Materialer<\/h3>\n<p><span>Vi bruker materialer av h\u00f8yeste kvalitet h\u00e5ndplukket av oss. Print p\u00e5 kartpapir blir produsert p\u00e5 kartplotter godkjent av Kartverket. Kunstprint blir produsert med 12-farge pigmentprintere med en levetid p\u00e5 100-400 \u00e5r. <\/span>\n   <\/div>\n<div class=\"cmp-popup-inner\">\n<h4>Kartpapir (90 gram)<\/h4>\n<p>Ubestr\u00f8ket matt papir 125 gram \/ m2 (tynt papir).<\/p>\n<\/div>\n<div class=\"cmp-popup-inner\">\n<h4>Kartpapir (180 gram)<\/h4>\n<p>Ubestr\u00f8ket matt papir 180 gram \/ m2 (tykt papir).\n<\/p>\n<\/div>\n<div class=\"cmp-popup-inner\">\n<h4>Vann og rivesikkert papir (Tyvek)<\/h4>\n<p>Papir laget for r\u00f8ffe forhold. T\u00e5ler vann og er nesten umulig \u00e5 rive i stykker.<\/p>\n<\/p>\n<\/div>\n<div class=\"cmp-popup-inner\">\n<h4>Kunstpapir<\/h4>\n<p>Bomullsbasert ragpapir (240 gsm) med eksklusiv struktur. F\u00f8rstevalget om kart skal rammes inn.<\/p>\n<\/p>\n<\/div>\n<div class=\"cmp-popup-inner\">\n<h4>Aluplate<\/h4>\n<p>Kart printet p\u00e5 robust og slitesterk Tyvek\u00ae montert p\u00e5 2 mm tykk alu-komposittplate. Leveres klar til \u00e5 henges p\u00e5 veggen med profillister p\u00e5 baksiden.\n<\/p>\n<\/div>\n<div class=\"cmp-popup-inner\">\n<h4>Aluplate med glassfilm<\/h4>\n<p>2 mm tykk alu-kompositt-plate med glassfilm. Eksklusiv og hardf\u00f8r finish, som ogs\u00e5 t\u00e5ler \u00e5 henge utend\u00f8rs. Glassfilmen gir kart med skyggelegging et tredimensjonalt uttrykk. Ogs\u00e5 perfekt om du \u00f8nsker tegne p\u00e5 kartet med marker for whiteboard. Leveres klar til \u00e5 henges p\u00e5 veggen med profillister p\u00e5 baksiden.<\/p>\n<\/p>\n<\/div>\n<\/div>\n","query_type":"category_ids","query_ids":[136],"default_option_id":5807,"thumbnail_id":"","thumbnail_src":"","quantity_min":1,"quantity_max":1,"priced_individually":true,"shipped_individually":false,"optional":true,"discount":"","options_style":"thumbnails","pagination_style":"classic","display_prices":"absolute","show_sorting_options":false,"show_filtering_options":false,"attribute_filter_ids":[],"select_action":"view","product_title_visible":true,"product_descr_visible":true,"product_price_visible":true,"product_thumb_visible":true,"subtotal_visible_product":true,"subtotal_visible_cart":true,"subtotal_visible_orders":true},{"id":"1706794289","title":"Velg innramming","description":"<div class=\"component-popup\">\n<div class=\"cmp-popup-top\">\n       <a href=\"#\" class=\"close-cmp-popup\">X<\/a>\n   <\/div>\n<div class=\"cmp-popup-inner\">\n<h3>Velg innramming<\/h3>\n<p><span>Sj\u00f8kart kan rammes inn med eller uten passepartout. Velger du passepartout til kartet \u00f8ker totalst\u00f8rrelsen. Passepartout er 1,8 mm tykt og produsert av Canson. Kart blir rammet inn med floatglass uten avstandslister. <\/span>\n   <\/div>\n<\/div>\n","query_type":"category_ids","query_ids":[137],"default_option_id":5813,"thumbnail_id":"","thumbnail_src":"","quantity_min":1,"quantity_max":1,"priced_individually":true,"shipped_individually":false,"optional":true,"discount":"","options_style":"thumbnails","pagination_style":"classic","display_prices":"hidden","show_sorting_options":false,"show_filtering_options":false,"attribute_filter_ids":[],"select_action":"view","product_title_visible":true,"product_descr_visible":true,"product_price_visible":true,"product_thumb_visible":true,"subtotal_visible_product":true,"subtotal_visible_cart":true,"subtotal_visible_orders":true},{"id":"1707094836","title":"Velg rammefarge","description":"<div class=\"component-popup\">\n<div class=\"cmp-popup-top\">\n       <a href=\"#\" class=\"close-cmp-popup\">X<\/a>\n   <\/div>\n<div class=\"cmp-popup-inner\">\n<h4>Velg rammefarge<\/h4>\n<p>Alle kart blir rammet inn hos oss med rammelister fra italienske Rosini Cornice. St\u00f8rrelsen p\u00e5 rammelist blir tilpasset st\u00f8rrelsen p\u00e5 kart. Rammelistene er 15 - 50 mm dype og 12 - 20 mm brede. Rammene sort, hvit, eik og valn\u00f8tt er laget med skandinavisk furu. Natur-rammen er laget med tresorten lind.<\/p>\n<\/div>\n<\/div>\n","query_type":"category_ids","query_ids":[138],"default_option_id":5825,"thumbnail_id":"","thumbnail_src":"","quantity_min":1,"quantity_max":1,"priced_individually":true,"shipped_individually":false,"optional":true,"discount":"","options_style":"thumbnails","pagination_style":"classic","display_prices":"absolute","show_sorting_options":false,"show_filtering_options":false,"attribute_filter_ids":[],"select_action":"view","product_title_visible":true,"product_descr_visible":true,"product_price_visible":true,"product_thumb_visible":true,"subtotal_visible_product":true,"subtotal_visible_cart":true,"subtotal_visible_orders":true},{"id":"1744119477","title":"Velg tilbeh\u00f8r","description":"","query_type":"product_ids","query_ids":[14490,14492,14494],"default_option_id":14494,"thumbnail_id":"","thumbnail_src":"","quantity_min":1,"quantity_max":1,"priced_individually":true,"shipped_individually":false,"optional":false,"discount":"","options_style":"thumbnails","pagination_style":"classic","display_prices":"absolute","show_sorting_options":false,"show_filtering_options":false,"attribute_filter_ids":[],"select_action":"view","product_title_visible":true,"product_descr_visible":true,"product_price_visible":true,"product_thumb_visible":true,"subtotal_visible_product":true,"subtotal_visible_cart":true,"subtotal_visible_orders":true}],"composite_scenarios":[{"id":"1707095395","name":"When not &quot;Kunstpapir (for innramming)&quot; - hide &quot;velg Innramming&quot;, &quot;Velg rammefarge&quot;","description":"","configuration":[{"component_id":"1706794288","options_modifier":"not-in","component_options":[5810]}],"actions":[{"action_id":"compat_group","is_active":false},{"action_id":"conditional_components","is_active":true,"hidden_components":["1706794289","1707094836"]},{"action_id":"conditional_options","is_active":false,"hidden_options":[]}],"enabled":true},{"id":"1707095396","name":"When not &quot;Kartpapir 90 gram&quot;, &quot;Kartpapir 180 gram), &quot;Tykev&quot;, hide &quot;Levering&quot;","description":"","configuration":[{"component_id":"1706794288","options_modifier":"not-in","component_options":[5808,5807]}],"actions":[{"action_id":"compat_group","is_active":false},{"action_id":"conditional_components","is_active":true,"hidden_components":[]},{"action_id":"conditional_options","is_active":false,"hidden_options":[]}],"enabled":true},{"id":"1707095397","name":"When &quot;uten innramming&quot; hide &quot;belg rammefarge","description":"","configuration":[{"component_id":"1706794289","options_modifier":"in","component_options":[5813]}],"actions":[{"action_id":"compat_group","is_active":false},{"action_id":"conditional_components","is_active":true,"hidden_components":["1707094836"]},{"action_id":"conditional_options","is_active":false,"hidden_options":[]}],"enabled":true},{"id":"1707095398","name":"When &quot;innramming uten passeparout&quot; hide all options with passepartout","description":"","configuration":[{"component_id":"1706794289","options_modifier":"in","component_options":[5814]}],"actions":[{"action_id":"compat_group","is_active":false},{"action_id":"conditional_components","is_active":false,"hidden_components":[]},{"action_id":"conditional_options","is_active":true,"hidden_options":[{"component_id":"1707094836","component_options":[5825,5824,5823,5822,5821],"options_modifier":"in"}]}],"enabled":true},{"id":"1707095399","name":"When &quot;innrammingh med passepartout&quot; hide all options with no passepartout","description":"","configuration":[{"component_id":"1706794289","options_modifier":"in","component_options":[5815]}],"actions":[{"action_id":"compat_group","is_active":false},{"action_id":"conditional_components","is_active":false,"hidden_components":[]},{"action_id":"conditional_options","is_active":true,"hidden_options":[{"component_id":"1707094836","component_options":[5820,5819,5818,5817,5816],"options_modifier":"in"}]}],"enabled":true},{"id":"1744119714","name":"Kartr\u00f8r","description":"","configuration":[{"component_id":"1706794288","options_modifier":"in","component_options":[5812,5811]}],"actions":[{"action_id":"compat_group","is_active":false},{"action_id":"conditional_components","is_active":false,"hidden_components":[]},{"action_id":"conditional_options","is_active":true,"hidden_options":[{"component_id":"1744119477","component_options":[14490],"options_modifier":"in"}]}],"enabled":true},{"id":"1744119715","name":"Bildeoppheng","description":"","configuration":[{"component_id":"1706794288","options_modifier":"in","component_options":[5810,5809,5808,5807]}],"actions":[{"action_id":"compat_group","is_active":false},{"action_id":"conditional_components","is_active":false,"hidden_components":[]},{"action_id":"conditional_options","is_active":true,"hidden_options":[{"component_id":"1744119477","component_options":[14492],"options_modifier":"in"}]}],"enabled":true},{"id":"1744119716","name":"Hide tilbeh\u00f8r when innramming","description":"","configuration":[{"component_id":"1706794289","options_modifier":"not-in","component_options":[5813]}],"actions":[{"action_id":"compat_group","is_active":false},{"action_id":"conditional_components","is_active":true,"hidden_components":["1744119477"]},{"action_id":"conditional_options","is_active":false,"hidden_options":[]}],"enabled":true}],"acf":[],"yoast_head":"<!-- This site is optimized with the Yoast SEO Premium plugin v27.4 (Yoast SEO v27.4) - https:\/\/yoast.com\/product\/yoast-seo-premium-wordpress\/ -->\n<title>Kartverket - landkart (N50): 130N Vega - Kart.no<\/title>\n<meta name=\"robots\" content=\"index, follow, max-snippet:-1, max-image-preview:large, max-video-preview:-1\" \/>\n<link rel=\"canonical\" href=\"https:\/\/kart.no\/en\/produkt\/kartverket-landkart-n50-130n-vega\/\" \/>\n<meta property=\"og:locale\" content=\"en_US\" \/>\n<meta property=\"og:type\" content=\"article\" \/>\n<meta property=\"og:title\" content=\"Kartverket - landkart (N50): 130N Vega\" \/>\n<meta property=\"og:description\" content=\"Norge 1:50000 (N50) er Kartverkets topografiske hovedkartserie. Inneholder bebyggelse, h\u00f8ydekurver, skog, dyrka mark, kystkontur, elver, bekker, vann, myr, breer, veier, stier, jernbaner, flyplasser, kommunegrenser, verneomr\u00e5der, samt detaljert dybde- og navigasjonsinformasjon hentet fra sj\u00f8kartene. Kartet har har m\u00e5lestokk 1:50.000 og leveres p\u00e5 rull i st\u00f8rrelse 104 x 73 cm. Kan ogs\u00e5 leveres p\u00e5 plate eller ferdig innrammet. St\u00f8rrelse med passepartout og ramme er 124 x 93 cm.\" \/>\n<meta property=\"og:url\" content=\"https:\/\/kart.no\/en\/produkt\/kartverket-landkart-n50-130n-vega\/\" \/>\n<meta property=\"og:site_name\" content=\"Kart.no\" \/>\n<meta property=\"article:publisher\" content=\"https:\/\/www.facebook.com\/kart.no\" \/>\n<meta property=\"article:modified_time\" content=\"2026-03-09T00:24:06+00:00\" \/>\n<meta property=\"og:image\" content=\"https:\/\/kart.no\/wp-content\/uploads\/2024\/03\/130North_2012.jpg\" \/>\n\t<meta property=\"og:image:width\" content=\"1400\" \/>\n\t<meta property=\"og:image:height\" content=\"1400\" \/>\n\t<meta property=\"og:image:type\" content=\"image\/jpeg\" \/>\n<meta name=\"twitter:card\" content=\"summary_large_image\" \/>\n<script type=\"application\/ld+json\" class=\"yoast-schema-graph\">{\"@context\":\"https:\\\/\\\/schema.org\",\"@graph\":[{\"@type\":\"WebPage\",\"@id\":\"https:\\\/\\\/kart.no\\\/en\\\/produkt\\\/kartverket-landkart-n50-130n-vega\\\/\",\"url\":\"https:\\\/\\\/kart.no\\\/en\\\/produkt\\\/kartverket-landkart-n50-130n-vega\\\/\",\"name\":\"Kartverket - landkart (N50): 130N Vega - Kart.no\",\"isPartOf\":{\"@id\":\"https:\\\/\\\/kart.no\\\/en\\\/#website\"},\"primaryImageOfPage\":{\"@id\":\"https:\\\/\\\/kart.no\\\/en\\\/produkt\\\/kartverket-landkart-n50-130n-vega\\\/#primaryimage\"},\"image\":{\"@id\":\"https:\\\/\\\/kart.no\\\/en\\\/produkt\\\/kartverket-landkart-n50-130n-vega\\\/#primaryimage\"},\"thumbnailUrl\":\"https:\\\/\\\/kart.no\\\/wp-content\\\/uploads\\\/2024\\\/03\\\/130North_2012.jpg\",\"datePublished\":\"2024-03-20T11:27:36+00:00\",\"dateModified\":\"2026-03-09T00:24:06+00:00\",\"breadcrumb\":{\"@id\":\"https:\\\/\\\/kart.no\\\/en\\\/produkt\\\/kartverket-landkart-n50-130n-vega\\\/#breadcrumb\"},\"inLanguage\":\"en-US\",\"potentialAction\":[{\"@type\":\"ReadAction\",\"target\":[\"https:\\\/\\\/kart.no\\\/en\\\/produkt\\\/kartverket-landkart-n50-130n-vega\\\/\"]}]},{\"@type\":\"ImageObject\",\"inLanguage\":\"en-US\",\"@id\":\"https:\\\/\\\/kart.no\\\/en\\\/produkt\\\/kartverket-landkart-n50-130n-vega\\\/#primaryimage\",\"url\":\"https:\\\/\\\/kart.no\\\/wp-content\\\/uploads\\\/2024\\\/03\\\/130North_2012.jpg\",\"contentUrl\":\"https:\\\/\\\/kart.no\\\/wp-content\\\/uploads\\\/2024\\\/03\\\/130North_2012.jpg\",\"width\":1400,\"height\":1400},{\"@type\":\"BreadcrumbList\",\"@id\":\"https:\\\/\\\/kart.no\\\/en\\\/produkt\\\/kartverket-landkart-n50-130n-vega\\\/#breadcrumb\",\"itemListElement\":[{\"@type\":\"ListItem\",\"position\":1,\"name\":\"Hjem\",\"item\":\"https:\\\/\\\/kart.no\\\/en\\\/\"},{\"@type\":\"ListItem\",\"position\":2,\"name\":\"Shop\",\"item\":\"https:\\\/\\\/kart.no\\\/en\\\/shop\\\/\"},{\"@type\":\"ListItem\",\"position\":3,\"name\":\"Kartverket (print-on-demand)\",\"item\":\"https:\\\/\\\/kart.no\\\/en\\\/product-category\\\/kart-karterket\\\/\"},{\"@type\":\"ListItem\",\"position\":4,\"name\":\"Kartverket &#8211; landkart (N50): 130N Vega\"}]},{\"@type\":\"WebSite\",\"@id\":\"https:\\\/\\\/kart.no\\\/en\\\/#website\",\"url\":\"https:\\\/\\\/kart.no\\\/en\\\/\",\"name\":\"Kart.no\",\"description\":\"Nordic expertise in maps and navigation\",\"publisher\":{\"@id\":\"https:\\\/\\\/kart.no\\\/en\\\/#organization\"},\"potentialAction\":[{\"@type\":\"SearchAction\",\"target\":{\"@type\":\"EntryPoint\",\"urlTemplate\":\"https:\\\/\\\/kart.no\\\/en\\\/?s={search_term_string}\"},\"query-input\":{\"@type\":\"PropertyValueSpecification\",\"valueRequired\":true,\"valueName\":\"search_term_string\"}}],\"inLanguage\":\"en-US\"},{\"@type\":\"Organization\",\"@id\":\"https:\\\/\\\/kart.no\\\/en\\\/#organization\",\"name\":\"Kart.no\",\"url\":\"https:\\\/\\\/kart.no\\\/en\\\/\",\"logo\":{\"@type\":\"ImageObject\",\"inLanguage\":\"en-US\",\"@id\":\"https:\\\/\\\/kart.no\\\/en\\\/#\\\/schema\\\/logo\\\/image\\\/\",\"url\":\"https:\\\/\\\/kart.no\\\/wp-content\\\/uploads\\\/2023\\\/10\\\/kart.no-logo.png\",\"contentUrl\":\"https:\\\/\\\/kart.no\\\/wp-content\\\/uploads\\\/2023\\\/10\\\/kart.no-logo.png\",\"width\":784,\"height\":312,\"caption\":\"Kart.no\"},\"image\":{\"@id\":\"https:\\\/\\\/kart.no\\\/en\\\/#\\\/schema\\\/logo\\\/image\\\/\"},\"sameAs\":[\"https:\\\/\\\/www.facebook.com\\\/kart.no\",\"https:\\\/\\\/www.instagram.com\\\/_kart.no\\\/\"]}]}<\/script>\n<!-- \/ Yoast SEO Premium plugin. -->","yoast_head_json":{"title":"Kartverket - landkart (N50): 130N Vega - Kart.no","robots":{"index":"index","follow":"follow","max-snippet":"max-snippet:-1","max-image-preview":"max-image-preview:large","max-video-preview":"max-video-preview:-1"},"canonical":"https:\/\/kart.no\/en\/produkt\/kartverket-landkart-n50-130n-vega\/","og_locale":"en_US","og_type":"article","og_title":"Kartverket - landkart (N50): 130N Vega","og_description":"Norge 1:50000 (N50) er Kartverkets topografiske hovedkartserie. Inneholder bebyggelse, h\u00f8ydekurver, skog, dyrka mark, kystkontur, elver, bekker, vann, myr, breer, veier, stier, jernbaner, flyplasser, kommunegrenser, verneomr\u00e5der, samt detaljert dybde- og navigasjonsinformasjon hentet fra sj\u00f8kartene. Kartet har har m\u00e5lestokk 1:50.000 og leveres p\u00e5 rull i st\u00f8rrelse 104 x 73 cm. Kan ogs\u00e5 leveres p\u00e5 plate eller ferdig innrammet. St\u00f8rrelse med passepartout og ramme er 124 x 93 cm.","og_url":"https:\/\/kart.no\/en\/produkt\/kartverket-landkart-n50-130n-vega\/","og_site_name":"Kart.no","article_publisher":"https:\/\/www.facebook.com\/kart.no","article_modified_time":"2026-03-09T00:24:06+00:00","og_image":[{"width":1400,"height":1400,"url":"https:\/\/kart.no\/wp-content\/uploads\/2024\/03\/130North_2012.jpg","type":"image\/jpeg"}],"twitter_card":"summary_large_image","schema":{"@context":"https:\/\/schema.org","@graph":[{"@type":"WebPage","@id":"https:\/\/kart.no\/en\/produkt\/kartverket-landkart-n50-130n-vega\/","url":"https:\/\/kart.no\/en\/produkt\/kartverket-landkart-n50-130n-vega\/","name":"Kartverket - landkart (N50): 130N Vega - Kart.no","isPartOf":{"@id":"https:\/\/kart.no\/en\/#website"},"primaryImageOfPage":{"@id":"https:\/\/kart.no\/en\/produkt\/kartverket-landkart-n50-130n-vega\/#primaryimage"},"image":{"@id":"https:\/\/kart.no\/en\/produkt\/kartverket-landkart-n50-130n-vega\/#primaryimage"},"thumbnailUrl":"https:\/\/kart.no\/wp-content\/uploads\/2024\/03\/130North_2012.jpg","datePublished":"2024-03-20T11:27:36+00:00","dateModified":"2026-03-09T00:24:06+00:00","breadcrumb":{"@id":"https:\/\/kart.no\/en\/produkt\/kartverket-landkart-n50-130n-vega\/#breadcrumb"},"inLanguage":"en-US","potentialAction":[{"@type":"ReadAction","target":["https:\/\/kart.no\/en\/produkt\/kartverket-landkart-n50-130n-vega\/"]}]},{"@type":"ImageObject","inLanguage":"en-US","@id":"https:\/\/kart.no\/en\/produkt\/kartverket-landkart-n50-130n-vega\/#primaryimage","url":"https:\/\/kart.no\/wp-content\/uploads\/2024\/03\/130North_2012.jpg","contentUrl":"https:\/\/kart.no\/wp-content\/uploads\/2024\/03\/130North_2012.jpg","width":1400,"height":1400},{"@type":"BreadcrumbList","@id":"https:\/\/kart.no\/en\/produkt\/kartverket-landkart-n50-130n-vega\/#breadcrumb","itemListElement":[{"@type":"ListItem","position":1,"name":"Hjem","item":"https:\/\/kart.no\/en\/"},{"@type":"ListItem","position":2,"name":"Shop","item":"https:\/\/kart.no\/en\/shop\/"},{"@type":"ListItem","position":3,"name":"Kartverket (print-on-demand)","item":"https:\/\/kart.no\/en\/product-category\/kart-karterket\/"},{"@type":"ListItem","position":4,"name":"Kartverket &#8211; landkart (N50): 130N Vega"}]},{"@type":"WebSite","@id":"https:\/\/kart.no\/en\/#website","url":"https:\/\/kart.no\/en\/","name":"Kart.no","description":"Nordic expertise in maps and navigation","publisher":{"@id":"https:\/\/kart.no\/en\/#organization"},"potentialAction":[{"@type":"SearchAction","target":{"@type":"EntryPoint","urlTemplate":"https:\/\/kart.no\/en\/?s={search_term_string}"},"query-input":{"@type":"PropertyValueSpecification","valueRequired":true,"valueName":"search_term_string"}}],"inLanguage":"en-US"},{"@type":"Organization","@id":"https:\/\/kart.no\/en\/#organization","name":"Kart.no","url":"https:\/\/kart.no\/en\/","logo":{"@type":"ImageObject","inLanguage":"en-US","@id":"https:\/\/kart.no\/en\/#\/schema\/logo\/image\/","url":"https:\/\/kart.no\/wp-content\/uploads\/2023\/10\/kart.no-logo.png","contentUrl":"https:\/\/kart.no\/wp-content\/uploads\/2023\/10\/kart.no-logo.png","width":784,"height":312,"caption":"Kart.no"},"image":{"@id":"https:\/\/kart.no\/en\/#\/schema\/logo\/image\/"},"sameAs":["https:\/\/www.facebook.com\/kart.no","https:\/\/www.instagram.com\/_kart.no\/"]}]}},"uagb_featured_image_src":{"full":["https:\/\/kart.no\/wp-content\/uploads\/2024\/03\/130North_2012.jpg",1400,1400,false],"thumbnail":["https:\/\/kart.no\/wp-content\/uploads\/2024\/03\/130North_2012-150x150.jpg",150,150,true],"medium":["https:\/\/kart.no\/wp-content\/uploads\/2024\/03\/130North_2012-300x300.jpg",300,300,true],"medium_large":["https:\/\/kart.no\/wp-content\/uploads\/2024\/03\/130North_2012-768x768.jpg",768,768,true],"large":["https:\/\/kart.no\/wp-content\/uploads\/2024\/03\/130North_2012-1024x1024.jpg",1024,1024,true],"1536x1536":["https:\/\/kart.no\/wp-content\/uploads\/2024\/03\/130North_2012.jpg",1400,1400,false],"2048x2048":["https:\/\/kart.no\/wp-content\/uploads\/2024\/03\/130North_2012.jpg",1400,1400,false],"woocommerce_thumbnail":["https:\/\/kart.no\/wp-content\/uploads\/2024\/03\/130North_2012-300x300.jpg",300,300,true],"woocommerce_single":["https:\/\/kart.no\/wp-content\/uploads\/2024\/03\/130North_2012-600x600.jpg",600,600,true],"woocommerce_gallery_thumbnail":["https:\/\/kart.no\/wp-content\/uploads\/2024\/03\/130North_2012-100x100.jpg",100,100,true],"dgwt-wcas-product-suggestion":["https:\/\/kart.no\/wp-content\/uploads\/2024\/03\/130North_2012-64x64.jpg",64,64,true]},"uagb_author_info":{"display_name":"abdi","author_link":"https:\/\/kart.no\/en\/author\/"},"uagb_comment_info":0,"uagb_excerpt":"Norge 1:50000 (N50) er Kartverkets topografiske hovedkartserie. Inneholder bebyggelse, h\u00f8ydekurver, skog, dyrka mark, kystkontur, elver, bekker, vann, myr, breer, veier, stier, jernbaner, flyplasser, kommunegrenser, verneomr\u00e5der, samt detaljert dybde- og navigasjonsinformasjon hentet fra sj\u00f8kartene. Kartet har har m\u00e5lestokk 1:50.000 og leveres p\u00e5 rull i st\u00f8rrelse 104 x 73 cm. Kan ogs\u00e5 leveres p\u00e5 plate eller ferdig&hellip;","_links":{"self":[{"href":"https:\/\/kart.no\/en\/wp-json\/wp\/v2\/product\/10165","targetHints":{"allow":["GET"]}}],"collection":[{"href":"https:\/\/kart.no\/en\/wp-json\/wp\/v2\/product"}],"about":[{"href":"https:\/\/kart.no\/en\/wp-json\/wp\/v2\/types\/product"}],"replies":[{"embeddable":true,"href":"https:\/\/kart.no\/en\/wp-json\/wp\/v2\/comments?post=10165"}],"wp:featuredmedia":[{"embeddable":true,"href":"https:\/\/kart.no\/en\/wp-json\/wp\/v2\/media\/8894"}],"wp:attachment":[{"href":"https:\/\/kart.no\/en\/wp-json\/wp\/v2\/media?parent=10165"}],"wp:term":[{"taxonomy":"product_brand","embeddable":true,"href":"https:\/\/kart.no\/en\/wp-json\/wp\/v2\/product_brand?post=10165"},{"taxonomy":"product_cat","embeddable":true,"href":"https:\/\/kart.no\/en\/wp-json\/wp\/v2\/product_cat?post=10165"},{"taxonomy":"product_tag","embeddable":true,"href":"https:\/\/kart.no\/en\/wp-json\/wp\/v2\/product_tag?post=10165"}],"curies":[{"name":"wp","href":"https:\/\/api.w.org\/{rel}","templated":true}]}}