{"id":16028,"date":"2025-06-04T00:19:43","date_gmt":"2025-06-03T22:19:43","guid":{"rendered":"https:\/\/kart.no\/?post_type=product&#038;p=16028"},"modified":"2026-03-09T01:37:45","modified_gmt":"2026-03-09T00:37:45","slug":"tynset-1950","status":"publish","type":"product","link":"https:\/\/kart.no\/en\/produkt\/tynset-1950\/","title":{"rendered":"Ringerike 1846"},"content":{"rendered":"","protected":false},"excerpt":{"rendered":"<p>Originalbeskrivelse: &#8220;Lommekart over den mest bes\u00f8gte Deel af Ringerige&#8221; Kartet er fra 1846 og er laget av Carl Schwenzen. Kartet leveres i originalst\u00f8rrelse 31,5 x 35,7 cm. St\u00f8rrelsen med ramme og passepartout er 47,5 x 52,7 cm. \u00d8nsker du kartet i en annen st\u00f8rrelse? Bare ta kontakt \u2013 vi gir deg gjerne et pristilbud p\u00e5 tilpasning.<\/p>\n","protected":false},"featured_media":15364,"comment_status":"open","ping_status":"closed","template":"","meta":{"_uag_custom_page_level_css":""},"product_brand":[495],"product_cat":[112],"product_tag":[],"class_list":{"0":"post-16028","1":"product","2":"type-product","3":"status-publish","4":"has-post-thumbnail","6":"product_brand-kartno","7":"product_cat-historiske-kart","8":"pa_fylke-buskerud","9":"pa_produsent-kart-no","11":"first","12":"instock","13":"taxable","14":"shipping-taxable","15":"purchasable","16":"product-type-composite"},"composite_virtual":false,"composite_layout":"single","composite_add_to_cart_form_location":"default","composite_editable_in_cart":false,"composite_sold_individually_context":"product","composite_shop_price_calc":"defaults","composite_components":[{"id":"1707216777","title":"Velg materiale","description":"<div class=\"component-popup\">\n<div class=\"cmp-popup-top\">\n       <a href=\"#\" class=\"close-cmp-popup\">X<\/a>\n   <\/div>\n<div class=\"cmp-popup-inner\">\n<h3>Materialer<\/h3>\n<p><span>Vi bruker materialer av h\u00f8yeste kvalitet h\u00e5ndplukket av oss. Print p\u00e5 kartpapir blir produsert p\u00e5 kartplotter godkjent av Kartverket. Kunstprint blir produsert med 12-farge pigmentprintere med en levetid p\u00e5 100-400 \u00e5r. <\/span>\n   <\/div>\n<div class=\"cmp-popup-inner\">\n<h4>Plakat<\/h4>\n<p>Tykt papir (245 gsm) med slett matt overflate. Perfekt om du \u00f8nsker \u00e5 markere punkter eller ruter i kartet med blyant eller penn.<\/p>\n<\/div>\n<div class=\"cmp-popup-inner\">\n<h4>Kunstpapir<\/h4>\n<p>Bomullsbasert ragpapir (240 gsm) med eksklusiv struktur. F\u00f8rstevalget om kart skal rammes inn.<\/p>\n<\/p>\n<\/div>\n<\/div>\n","query_type":"category_ids","query_ids":[142],"default_option_id":5886,"thumbnail_id":"","thumbnail_src":"","quantity_min":1,"quantity_max":1,"priced_individually":true,"shipped_individually":true,"optional":false,"discount":"","options_style":"thumbnails","pagination_style":"classic","display_prices":"absolute","show_sorting_options":false,"show_filtering_options":false,"attribute_filter_ids":[],"select_action":"view","product_title_visible":true,"product_descr_visible":true,"product_price_visible":true,"product_thumb_visible":true,"subtotal_visible_product":true,"subtotal_visible_cart":true,"subtotal_visible_orders":true},{"id":"1707218157","title":"Velg innramming","description":"<div class=\"component-popup\">\n<div class=\"cmp-popup-top\">\n       <a href=\"#\" class=\"close-cmp-popup\">X<\/a>\n   <\/div>\n<div class=\"cmp-popup-inner\">\n<h3>Innramming<\/h3>\n<p>Historiske kart kan rammes inn med eller uten passepartout. Velger du passepartout til kartet \u00f8ker totalst\u00f8rrelsen. Passepartout er 1,8 mm tykt og produsert av Canson. .\n   <\/p>\n<\/div>\n<\/div>\n","query_type":"category_ids","query_ids":[148],"default_option_id":5888,"thumbnail_id":"","thumbnail_src":"","quantity_min":1,"quantity_max":1,"priced_individually":false,"shipped_individually":false,"optional":false,"discount":"","options_style":"thumbnails","pagination_style":"classic","display_prices":"absolute","show_sorting_options":false,"show_filtering_options":false,"attribute_filter_ids":[],"select_action":"view","product_title_visible":true,"product_descr_visible":true,"product_price_visible":true,"product_thumb_visible":true,"subtotal_visible_product":true,"subtotal_visible_cart":true,"subtotal_visible_orders":true},{"id":"1707218158","title":"Velg farge p\u00e5 ramme","description":"<div class=\"component-popup\">\n<div class=\"cmp-popup-top\">\n       <a href=\"#\" class=\"close-cmp-popup\">X<\/a>\n   <\/div>\n<div class=\"cmp-popup-inner\">\n<h4>Rammefarge<\/h4>\n<p>Alle kart blir rammet inn hos oss med rammelister fra italienske Rosini Cornice. St\u00f8rrelsen p\u00e5 rammelister blir tilpasset st\u00f8rrelsen p\u00e5 kart. Rammelistene er 15 - 50 mm dype og 12 - 20 mm brede. Rammene sort, hvit, eik og valn\u00f8tt er laget med skandinavisk furu. Natur-rammen er laget med tresorten lind.<\/p>\n<\/div>\n<\/div>\n","query_type":"category_ids","query_ids":[154],"default_option_id":5902,"thumbnail_id":"","thumbnail_src":"","quantity_min":1,"quantity_max":1,"priced_individually":true,"shipped_individually":false,"optional":false,"discount":"","options_style":"thumbnails","pagination_style":"classic","display_prices":"absolute","show_sorting_options":false,"show_filtering_options":false,"attribute_filter_ids":[],"select_action":"view","product_title_visible":true,"product_descr_visible":true,"product_price_visible":true,"product_thumb_visible":true,"subtotal_visible_product":true,"subtotal_visible_cart":true,"subtotal_visible_orders":true},{"id":"1707259852","title":"Velg glass","description":"<div class=\"component-popup\">\n<div class=\"cmp-popup-top\">\n       <a href=\"#\" class=\"close-cmp-popup\">X<\/a>\n   <\/div>\n<div class=\"cmp-popup-inner\">\n<h3>Glass<\/h3>\n<dl>\n<dt>Slagfast akrylglass:<\/dt>\n<dd>- 3 mm tykt akrylglass med en hardf\u00f8r overflate. Beskytter mot UV-str\u00e5ler. Knuser ikke.<\/dd>\n<dt>Antirefleks (Artglass UV70): <\/dt>\n<dd>- Kunstglass i museumskvalitet med minimalt med refleksjoner. Beskytter mot UV-str\u00e5ler.<\/dd>\n<\/dl>\n<\/div>\n<\/div>\n","query_type":"category_ids","query_ids":[160],"default_option_id":6021,"thumbnail_id":"","thumbnail_src":"","quantity_min":1,"quantity_max":1,"priced_individually":true,"shipped_individually":false,"optional":false,"discount":"","options_style":"thumbnails","pagination_style":"classic","display_prices":"absolute","show_sorting_options":false,"show_filtering_options":false,"attribute_filter_ids":[],"select_action":"view","product_title_visible":true,"product_descr_visible":true,"product_price_visible":true,"product_thumb_visible":true,"subtotal_visible_product":true,"subtotal_visible_cart":true,"subtotal_visible_orders":true}],"composite_scenarios":[{"id":"1707218620","name":"When &quot;uten innramming&quot; hide &quot;velg innramming&quot;","description":"","configuration":[{"component_id":"1707218157","options_modifier":"in","component_options":[5888]}],"actions":[{"action_id":"compat_group","is_active":false},{"action_id":"conditional_components","is_active":true,"hidden_components":["1707218158"]},{"action_id":"conditional_options","is_active":false,"hidden_options":[]}],"enabled":true},{"id":"1707218621","name":"When &quot;uten innramming&quot; hide &quot;velg innramming&quot;","description":"","configuration":[{"component_id":"1707218157","options_modifier":"in","component_options":[5889]}],"actions":[{"action_id":"compat_group","is_active":false},{"action_id":"conditional_components","is_active":false,"hidden_components":[]},{"action_id":"conditional_options","is_active":true,"hidden_options":[{"component_id":"1707218158","component_options":[5896,5895,5892,5894,5893],"options_modifier":"not-in"}]}],"enabled":true},{"id":"1707218622","name":"When &quot;innramming med hvitt passepartout&quot; hide all options except  hvitt passepartout","description":"","configuration":[{"component_id":"1707218157","options_modifier":"in","component_options":[5890]}],"actions":[{"action_id":"compat_group","is_active":false},{"action_id":"conditional_components","is_active":false,"hidden_components":[]},{"action_id":"conditional_options","is_active":true,"hidden_options":[{"component_id":"1707218158","component_options":[5901,5897,5899,5898,5900],"options_modifier":"not-in"}]}],"enabled":true},{"id":"1707218623","name":"When &quot;innramming med sort passepartout&quot; hide all options except sort passepartout","description":"","configuration":[{"component_id":"1707218157","options_modifier":"in","component_options":[5891]}],"actions":[{"action_id":"compat_group","is_active":false},{"action_id":"conditional_components","is_active":false,"hidden_components":[]},{"action_id":"conditional_options","is_active":true,"hidden_options":[{"component_id":"1707218158","component_options":[5906,5902,5904,5903,5905],"options_modifier":"not-in"}]}],"enabled":true},{"id":"1707259897","name":"When &quot;uten innramming&quot; hide &quot;velg glass&quot;","description":"","configuration":[{"component_id":"1707218157","options_modifier":"in","component_options":[5888]}],"actions":[{"action_id":"compat_group","is_active":false},{"action_id":"conditional_components","is_active":true,"hidden_components":["1707259852"]},{"action_id":"conditional_options","is_active":false,"hidden_options":[]}],"enabled":true}],"acf":[],"yoast_head":"<!-- This site is optimized with the Yoast SEO Premium plugin v27.2 (Yoast SEO v27.2) - https:\/\/yoast.com\/product\/yoast-seo-premium-wordpress\/ -->\n<title>Ringerike 1846 - Kart.no<\/title>\n<meta name=\"robots\" content=\"index, follow, max-snippet:-1, max-image-preview:large, max-video-preview:-1\" \/>\n<link rel=\"canonical\" href=\"https:\/\/kart.no\/en\/produkt\/tynset-1950\/\" \/>\n<meta property=\"og:locale\" content=\"en_US\" \/>\n<meta property=\"og:type\" content=\"article\" \/>\n<meta property=\"og:title\" content=\"Ringerike 1846\" \/>\n<meta property=\"og:description\" content=\"Originalbeskrivelse: &quot;Lommekart over den mest bes\u00f8gte Deel af Ringerige&quot; Kartet er fra 1846 og er laget av Carl Schwenzen. Kartet leveres i originalst\u00f8rrelse 31,5 x 35,7 cm. St\u00f8rrelsen med ramme og passepartout er 47,5 x 52,7 cm. \u00d8nsker du kartet i en annen st\u00f8rrelse? Bare ta kontakt \u2013 vi gir deg gjerne et pristilbud p\u00e5 tilpasning.\" \/>\n<meta property=\"og:url\" content=\"https:\/\/kart.no\/en\/produkt\/tynset-1950\/\" \/>\n<meta property=\"og:site_name\" content=\"Kart.no\" \/>\n<meta property=\"article:publisher\" content=\"https:\/\/www.facebook.com\/kart.no\" \/>\n<meta property=\"article:modified_time\" content=\"2026-03-09T00:37:45+00:00\" \/>\n<meta property=\"og:image\" content=\"https:\/\/kart.no\/wp-content\/uploads\/2025\/06\/2025-716_amt2_buskerud-amt-17_1846_jpg300dpi.jpg\" \/>\n\t<meta property=\"og:image:width\" content=\"2048\" \/>\n\t<meta property=\"og:image:height\" content=\"2048\" \/>\n\t<meta property=\"og:image:type\" content=\"image\/jpeg\" \/>\n<meta name=\"twitter:card\" content=\"summary_large_image\" \/>\n<script type=\"application\/ld+json\" class=\"yoast-schema-graph\">{\"@context\":\"https:\/\/schema.org\",\"@graph\":[{\"@type\":\"WebPage\",\"@id\":\"https:\/\/kart.no\/en\/produkt\/tynset-1950\/\",\"url\":\"https:\/\/kart.no\/en\/produkt\/tynset-1950\/\",\"name\":\"Ringerike 1846 - Kart.no\",\"isPartOf\":{\"@id\":\"https:\/\/kart.no\/en\/#website\"},\"primaryImageOfPage\":{\"@id\":\"https:\/\/kart.no\/en\/produkt\/tynset-1950\/#primaryimage\"},\"image\":{\"@id\":\"https:\/\/kart.no\/en\/produkt\/tynset-1950\/#primaryimage\"},\"thumbnailUrl\":\"https:\/\/kart.no\/wp-content\/uploads\/2025\/06\/2025-716_amt2_buskerud-amt-17_1846_jpg300dpi.jpg\",\"datePublished\":\"2025-06-03T22:19:43+00:00\",\"dateModified\":\"2026-03-09T00:37:45+00:00\",\"breadcrumb\":{\"@id\":\"https:\/\/kart.no\/en\/produkt\/tynset-1950\/#breadcrumb\"},\"inLanguage\":\"en-US\",\"potentialAction\":[{\"@type\":\"ReadAction\",\"target\":[\"https:\/\/kart.no\/en\/produkt\/tynset-1950\/\"]}]},{\"@type\":\"ImageObject\",\"inLanguage\":\"en-US\",\"@id\":\"https:\/\/kart.no\/en\/produkt\/tynset-1950\/#primaryimage\",\"url\":\"https:\/\/kart.no\/wp-content\/uploads\/2025\/06\/2025-716_amt2_buskerud-amt-17_1846_jpg300dpi.jpg\",\"contentUrl\":\"https:\/\/kart.no\/wp-content\/uploads\/2025\/06\/2025-716_amt2_buskerud-amt-17_1846_jpg300dpi.jpg\",\"width\":2048,\"height\":2048,\"caption\":\"fbscan at { 5 0 mm } ; orientation upperLeftOrigin ; speed 29.5\"},{\"@type\":\"BreadcrumbList\",\"@id\":\"https:\/\/kart.no\/en\/produkt\/tynset-1950\/#breadcrumb\",\"itemListElement\":[{\"@type\":\"ListItem\",\"position\":1,\"name\":\"Hjem\",\"item\":\"https:\/\/kart.no\/en\/\"},{\"@type\":\"ListItem\",\"position\":2,\"name\":\"Shop\",\"item\":\"https:\/\/kart.no\/en\/shop\/\"},{\"@type\":\"ListItem\",\"position\":3,\"name\":\"Wall Maps\",\"item\":\"https:\/\/kart.no\/en\/product-category\/wall-maps\/\"},{\"@type\":\"ListItem\",\"position\":4,\"name\":\"Wall Maps\",\"item\":\"https:\/\/kart.no\/en\/product-category\/wall-maps\/wall-maps-2\/\"},{\"@type\":\"ListItem\",\"position\":5,\"name\":\"Historical Maps\",\"item\":\"https:\/\/kart.no\/en\/product-category\/wall-maps\/wall-maps-2\/historical-maps\/\"},{\"@type\":\"ListItem\",\"position\":6,\"name\":\"Ringerike 1846\"}]},{\"@type\":\"WebSite\",\"@id\":\"https:\/\/kart.no\/en\/#website\",\"url\":\"https:\/\/kart.no\/en\/\",\"name\":\"Kart.no\",\"description\":\"Norges mest komplette kartbutikk\",\"publisher\":{\"@id\":\"https:\/\/kart.no\/en\/#organization\"},\"potentialAction\":[{\"@type\":\"SearchAction\",\"target\":{\"@type\":\"EntryPoint\",\"urlTemplate\":\"https:\/\/kart.no\/en\/?s={search_term_string}\"},\"query-input\":{\"@type\":\"PropertyValueSpecification\",\"valueRequired\":true,\"valueName\":\"search_term_string\"}}],\"inLanguage\":\"en-US\"},{\"@type\":\"Organization\",\"@id\":\"https:\/\/kart.no\/en\/#organization\",\"name\":\"Kart.no\",\"url\":\"https:\/\/kart.no\/en\/\",\"logo\":{\"@type\":\"ImageObject\",\"inLanguage\":\"en-US\",\"@id\":\"https:\/\/kart.no\/en\/#\/schema\/logo\/image\/\",\"url\":\"https:\/\/kart.no\/wp-content\/uploads\/2023\/10\/kart.no-logo.png\",\"contentUrl\":\"https:\/\/kart.no\/wp-content\/uploads\/2023\/10\/kart.no-logo.png\",\"width\":784,\"height\":312,\"caption\":\"Kart.no\"},\"image\":{\"@id\":\"https:\/\/kart.no\/en\/#\/schema\/logo\/image\/\"},\"sameAs\":[\"https:\/\/www.facebook.com\/kart.no\",\"https:\/\/www.instagram.com\/_kart.no\/\"]}]}<\/script>\n<!-- \/ Yoast SEO Premium plugin. -->","yoast_head_json":{"title":"Ringerike 1846 - Kart.no","robots":{"index":"index","follow":"follow","max-snippet":"max-snippet:-1","max-image-preview":"max-image-preview:large","max-video-preview":"max-video-preview:-1"},"canonical":"https:\/\/kart.no\/en\/produkt\/tynset-1950\/","og_locale":"en_US","og_type":"article","og_title":"Ringerike 1846","og_description":"Originalbeskrivelse: \"Lommekart over den mest bes\u00f8gte Deel af Ringerige\" Kartet er fra 1846 og er laget av Carl Schwenzen. Kartet leveres i originalst\u00f8rrelse 31,5 x 35,7 cm. St\u00f8rrelsen med ramme og passepartout er 47,5 x 52,7 cm. \u00d8nsker du kartet i en annen st\u00f8rrelse? Bare ta kontakt \u2013 vi gir deg gjerne et pristilbud p\u00e5 tilpasning.","og_url":"https:\/\/kart.no\/en\/produkt\/tynset-1950\/","og_site_name":"Kart.no","article_publisher":"https:\/\/www.facebook.com\/kart.no","article_modified_time":"2026-03-09T00:37:45+00:00","og_image":[{"width":2048,"height":2048,"url":"https:\/\/kart.no\/wp-content\/uploads\/2025\/06\/2025-716_amt2_buskerud-amt-17_1846_jpg300dpi.jpg","type":"image\/jpeg"}],"twitter_card":"summary_large_image","schema":{"@context":"https:\/\/schema.org","@graph":[{"@type":"WebPage","@id":"https:\/\/kart.no\/en\/produkt\/tynset-1950\/","url":"https:\/\/kart.no\/en\/produkt\/tynset-1950\/","name":"Ringerike 1846 - Kart.no","isPartOf":{"@id":"https:\/\/kart.no\/en\/#website"},"primaryImageOfPage":{"@id":"https:\/\/kart.no\/en\/produkt\/tynset-1950\/#primaryimage"},"image":{"@id":"https:\/\/kart.no\/en\/produkt\/tynset-1950\/#primaryimage"},"thumbnailUrl":"https:\/\/kart.no\/wp-content\/uploads\/2025\/06\/2025-716_amt2_buskerud-amt-17_1846_jpg300dpi.jpg","datePublished":"2025-06-03T22:19:43+00:00","dateModified":"2026-03-09T00:37:45+00:00","breadcrumb":{"@id":"https:\/\/kart.no\/en\/produkt\/tynset-1950\/#breadcrumb"},"inLanguage":"en-US","potentialAction":[{"@type":"ReadAction","target":["https:\/\/kart.no\/en\/produkt\/tynset-1950\/"]}]},{"@type":"ImageObject","inLanguage":"en-US","@id":"https:\/\/kart.no\/en\/produkt\/tynset-1950\/#primaryimage","url":"https:\/\/kart.no\/wp-content\/uploads\/2025\/06\/2025-716_amt2_buskerud-amt-17_1846_jpg300dpi.jpg","contentUrl":"https:\/\/kart.no\/wp-content\/uploads\/2025\/06\/2025-716_amt2_buskerud-amt-17_1846_jpg300dpi.jpg","width":2048,"height":2048,"caption":"fbscan at { 5 0 mm } ; orientation upperLeftOrigin ; speed 29.5"},{"@type":"BreadcrumbList","@id":"https:\/\/kart.no\/en\/produkt\/tynset-1950\/#breadcrumb","itemListElement":[{"@type":"ListItem","position":1,"name":"Hjem","item":"https:\/\/kart.no\/en\/"},{"@type":"ListItem","position":2,"name":"Shop","item":"https:\/\/kart.no\/en\/shop\/"},{"@type":"ListItem","position":3,"name":"Wall Maps","item":"https:\/\/kart.no\/en\/product-category\/wall-maps\/"},{"@type":"ListItem","position":4,"name":"Wall Maps","item":"https:\/\/kart.no\/en\/product-category\/wall-maps\/wall-maps-2\/"},{"@type":"ListItem","position":5,"name":"Historical Maps","item":"https:\/\/kart.no\/en\/product-category\/wall-maps\/wall-maps-2\/historical-maps\/"},{"@type":"ListItem","position":6,"name":"Ringerike 1846"}]},{"@type":"WebSite","@id":"https:\/\/kart.no\/en\/#website","url":"https:\/\/kart.no\/en\/","name":"Kart.no","description":"Norges mest komplette kartbutikk","publisher":{"@id":"https:\/\/kart.no\/en\/#organization"},"potentialAction":[{"@type":"SearchAction","target":{"@type":"EntryPoint","urlTemplate":"https:\/\/kart.no\/en\/?s={search_term_string}"},"query-input":{"@type":"PropertyValueSpecification","valueRequired":true,"valueName":"search_term_string"}}],"inLanguage":"en-US"},{"@type":"Organization","@id":"https:\/\/kart.no\/en\/#organization","name":"Kart.no","url":"https:\/\/kart.no\/en\/","logo":{"@type":"ImageObject","inLanguage":"en-US","@id":"https:\/\/kart.no\/en\/#\/schema\/logo\/image\/","url":"https:\/\/kart.no\/wp-content\/uploads\/2023\/10\/kart.no-logo.png","contentUrl":"https:\/\/kart.no\/wp-content\/uploads\/2023\/10\/kart.no-logo.png","width":784,"height":312,"caption":"Kart.no"},"image":{"@id":"https:\/\/kart.no\/en\/#\/schema\/logo\/image\/"},"sameAs":["https:\/\/www.facebook.com\/kart.no","https:\/\/www.instagram.com\/_kart.no\/"]}]}},"uagb_featured_image_src":{"full":["https:\/\/kart.no\/wp-content\/uploads\/2025\/06\/2025-716_amt2_buskerud-amt-17_1846_jpg300dpi.jpg",2048,2048,false],"thumbnail":["https:\/\/kart.no\/wp-content\/uploads\/2025\/06\/2025-716_amt2_buskerud-amt-17_1846_jpg300dpi-150x150.jpg",150,150,true],"medium":["https:\/\/kart.no\/wp-content\/uploads\/2025\/06\/2025-716_amt2_buskerud-amt-17_1846_jpg300dpi-300x300.jpg",300,300,true],"medium_large":["https:\/\/kart.no\/wp-content\/uploads\/2025\/06\/2025-716_amt2_buskerud-amt-17_1846_jpg300dpi-768x768.jpg",768,768,true],"large":["https:\/\/kart.no\/wp-content\/uploads\/2025\/06\/2025-716_amt2_buskerud-amt-17_1846_jpg300dpi.jpg",2048,2048,false],"1536x1536":["https:\/\/kart.no\/wp-content\/uploads\/2025\/06\/2025-716_amt2_buskerud-amt-17_1846_jpg300dpi-1536x1536.jpg",1536,1536,true],"2048x2048":["https:\/\/kart.no\/wp-content\/uploads\/2025\/06\/2025-716_amt2_buskerud-amt-17_1846_jpg300dpi.jpg",2048,2048,false],"woocommerce_thumbnail":["https:\/\/kart.no\/wp-content\/uploads\/2025\/06\/2025-716_amt2_buskerud-amt-17_1846_jpg300dpi-300x300.jpg",300,300,true],"woocommerce_single":["https:\/\/kart.no\/wp-content\/uploads\/2025\/06\/2025-716_amt2_buskerud-amt-17_1846_jpg300dpi-600x600.jpg",600,600,true],"woocommerce_gallery_thumbnail":["https:\/\/kart.no\/wp-content\/uploads\/2025\/06\/2025-716_amt2_buskerud-amt-17_1846_jpg300dpi-100x100.jpg",100,100,true],"dgwt-wcas-product-suggestion":["https:\/\/kart.no\/wp-content\/uploads\/2025\/06\/2025-716_amt2_buskerud-amt-17_1846_jpg300dpi-64x64.jpg",64,64,true]},"uagb_author_info":{"display_name":"Steinar Figved","author_link":"https:\/\/kart.no\/en\/author\/"},"uagb_comment_info":0,"uagb_excerpt":"Originalbeskrivelse: \"Lommekart over den mest bes\u00f8gte Deel af Ringerige\" Kartet er fra 1846 og er laget av Carl Schwenzen. Kartet leveres i originalst\u00f8rrelse 31,5 x 35,7 cm. St\u00f8rrelsen med ramme og passepartout er 47,5 x 52,7 cm. \u00d8nsker du kartet i en annen st\u00f8rrelse? Bare ta kontakt \u2013 vi gir deg gjerne et pristilbud p\u00e5&hellip;","_links":{"self":[{"href":"https:\/\/kart.no\/en\/wp-json\/wp\/v2\/product\/16028","targetHints":{"allow":["GET"]}}],"collection":[{"href":"https:\/\/kart.no\/en\/wp-json\/wp\/v2\/product"}],"about":[{"href":"https:\/\/kart.no\/en\/wp-json\/wp\/v2\/types\/product"}],"replies":[{"embeddable":true,"href":"https:\/\/kart.no\/en\/wp-json\/wp\/v2\/comments?post=16028"}],"wp:featuredmedia":[{"embeddable":true,"href":"https:\/\/kart.no\/en\/wp-json\/wp\/v2\/media\/15364"}],"wp:attachment":[{"href":"https:\/\/kart.no\/en\/wp-json\/wp\/v2\/media?parent=16028"}],"wp:term":[{"taxonomy":"product_brand","embeddable":true,"href":"https:\/\/kart.no\/en\/wp-json\/wp\/v2\/product_brand?post=16028"},{"taxonomy":"product_cat","embeddable":true,"href":"https:\/\/kart.no\/en\/wp-json\/wp\/v2\/product_cat?post=16028"},{"taxonomy":"product_tag","embeddable":true,"href":"https:\/\/kart.no\/en\/wp-json\/wp\/v2\/product_tag?post=16028"}],"curies":[{"name":"wp","href":"https:\/\/api.w.org\/{rel}","templated":true}]}}