{"id":2256,"date":"2023-12-06T00:45:21","date_gmt":"2023-12-05T23:45:21","guid":{"rendered":"https:\/\/kart.no\/?post_type=product&#038;p=2256"},"modified":"2026-03-29T14:53:58","modified_gmt":"2026-03-29T12:53:58","slug":"kartverket-overseilingskart-301-int-140-nordsjoen","status":"publish","type":"product","link":"https:\/\/kart.no\/en\/produkt\/kartverket-overseilingskart-301-int-140-nordsjoen\/","title":{"rendered":"Kartverket Nautical Chart 301 \u2013 INT 140 \/ Nordsj\u00f8en"},"content":{"rendered":"<p>Sj\u00f8kart som dekker farvannet Nordsj\u00f8en. Kartblad 301 i Kartverkets overseilingskartserie. Kartet har st\u00f8rrelse 108 x 74 cm og har m\u00e5lestokk 1:1.500.000. Kan ogs\u00e5 leveres p\u00e5 plate eller ferdig innrammet. St\u00f8rrelse med passepartout og ramme er 129 x 94 cm.<\/p>\n<p>Kartet dekker Nordsj\u00f8en og er utviklet for deg som trenger et oppdatert sj\u00f8kart for aktiv bruk langs kysten. Dekningen er s\u00e6rlig nyttig for deg som s\u00f8ker sj\u00f8kart for nettopp dette omr\u00e5det, og som vil ha en tydelig oversikt over lokale farvann og n\u00e6rliggende kyststrekninger.<\/p>\n<p>Kartblad 301 i Kartverkets overseilingskartserie. Dette kartet har m\u00e5lestokk 1:1.500.000 og st\u00f8rrelse 108 x 74 cm, noe som gir god lesbarhet i omr\u00e5det. Dette sj\u00f8kartet blir produsert ved bestilling, slik at du f\u00e5r en fersk utgave med oppdaterte opplysninger fra Kartverket.<\/p>\n<p>Kartgrunnlaget bygger p\u00e5 offisielle data fra Kartverket, noe som gj\u00f8r dette til et p\u00e5litelig valg for deg som vil ha oppdaterte sj\u00f8kart.<\/p>\n<p>Materialvalget kan tilpasses bruken. 125 grams kartpapir er tynt, matt og plassbesparende, og passer godt som reservekart. 180 grams kartpapir er et n\u00f8ye utvalgt, matt og solid papir som egner seg sv\u00e6rt godt n\u00e5r kartet skal brukes aktivt om bord. Tyvek er laget for r\u00f8ffe forhold og t\u00e5ler b\u00e5de vann og hard h\u00e5ndtering. Kunstpapir er et godt valg n\u00e5r kartet skal rammes inn eller brukes som veggkart, og gir en mer eksklusiv finish.<\/p>\n<p>Kartet kan ogs\u00e5 leveres ferdig innrammet, med passepartout, eller montert p\u00e5 aluplate. Det gj\u00f8r det like aktuelt som brukskart som til vegg i hjem, hytte eller kontor. St\u00f8rrelse med passepartout og ramme er 129 x 94 cm.<\/p>\n","protected":false},"excerpt":{"rendered":"<p>Sj\u00f8kart som dekker farvannet Nordsj\u00f8en. Kartblad 301 i Kartverkets overseilingskartserie. Kartet har st\u00f8rrelse 108 x 74 cm og har m\u00e5lestokk 1:1.500.000. Kan ogs\u00e5 leveres p\u00e5 plate eller ferdig innrammet. St\u00f8rrelse med passepartout og ramme er 129 x 94 cm.<\/p>\n","protected":false},"featured_media":15256,"comment_status":"open","ping_status":"closed","template":"","meta":{"_uag_custom_page_level_css":""},"product_brand":[494],"product_cat":[646],"product_tag":[],"class_list":{"0":"post-2256","1":"product","2":"type-product","3":"status-publish","4":"has-post-thumbnail","6":"product_brand-kartverket","7":"product_cat-offisielle-sjokart-overseilingskart-og-havomrader-overseilingskart-og-havomrader","8":"pa_fylke-agder","9":"pa_fylke-buskerud","10":"pa_fylke-more-og-romsdal","11":"pa_fylke-oslo","12":"pa_fylke-ostfold","13":"pa_fylke-rogaland","14":"pa_fylke-telemark","15":"pa_fylke-trondelag","16":"pa_fylke-vestland","17":"pa_kartserie-kartverket-overseilingskart","18":"pa_produsent-kartverket","20":"first","21":"instock","22":"taxable","23":"shipping-taxable","24":"purchasable","25":"product-type-composite"},"composite_virtual":false,"composite_layout":"single","composite_add_to_cart_form_location":"default","composite_editable_in_cart":false,"composite_sold_individually_context":"product","composite_shop_price_calc":"defaults","composite_components":[{"id":"1706794288","title":"Velg materiale","description":"<div class=\"component-popup\">\n<div class=\"cmp-popup-top\">\n       <a href=\"#\" class=\"close-cmp-popup\">X<\/a>\n   <\/div>\n<div class=\"cmp-popup-inner\">\n<h3>Materialer<\/h3>\n<p><span>Vi bruker materialer av h\u00f8yeste kvalitet h\u00e5ndplukket av oss. Print p\u00e5 kartpapir blir produsert p\u00e5 kartplotter godkjent av Kartverket. Kunstprint blir produsert med 12-farge pigmentprintere med en levetid p\u00e5 100-400 \u00e5r. <\/span>\n   <\/div>\n<div class=\"cmp-popup-inner\">\n<h4>Kartpapir (90 gram)<\/h4>\n<p>Ubestr\u00f8ket matt papir 90 gram \/ m2 (tynt papir).<\/p>\n<\/div>\n<div class=\"cmp-popup-inner\">\n<h4>Kartpapir (180 gram)<\/h4>\n<p>Ubestr\u00f8ket matt papir 180 gram \/ m2 (tykt papir).\n<\/p>\n<\/div>\n<div class=\"cmp-popup-inner\">\n<h4>Vann og rivesikkert papir (Tyvek)<\/h4>\n<p>Papir laget for r\u00f8ffe forhold. T\u00e5ler vann og er nesten umulig \u00e5 rive i stykker.<\/p>\n<\/p>\n<\/div>\n<div class=\"cmp-popup-inner\">\n<h4>Kunstpapir<\/h4>\n<p>Bomullsbasert ragpapir (240 gsm) med eksklusiv struktur. F\u00f8rstevalget om kart skal rammes inn.<\/p>\n<\/p>\n<\/div>\n<div class=\"cmp-popup-inner\">\n<h4>Aluplate<\/h4>\n<p>Kart printet p\u00e5 robust og slitesterk Tyvek\u00ae montert p\u00e5 2 mm tykk alu-komposittplate. Leveres klar til \u00e5 henges p\u00e5 veggen med profillister p\u00e5 baksiden.\n<\/p>\n<\/div>\n<div class=\"cmp-popup-inner\">\n<h4>Aluplate med glassfilm<\/h4>\n<p>2 mm tykk alu-kompositt-plate med glassfilm. Eksklusiv og hardf\u00f8r finish, som ogs\u00e5 t\u00e5ler \u00e5 henge utend\u00f8rs. Glassfilmen gir kart med skyggelegging et tredimensjonalt uttrykk. Ogs\u00e5 perfekt om du \u00f8nsker tegne p\u00e5 kartet med marker for whiteboard. Leveres klar til \u00e5 henges p\u00e5 veggen med profillister p\u00e5 baksiden.<\/p>\n<\/p>\n<\/div>\n<\/div>\n","query_type":"category_ids","query_ids":[136],"default_option_id":5807,"thumbnail_id":"","thumbnail_src":"","quantity_min":1,"quantity_max":1,"priced_individually":true,"shipped_individually":false,"optional":true,"discount":"","options_style":"thumbnails","pagination_style":"classic","display_prices":"absolute","show_sorting_options":false,"show_filtering_options":false,"attribute_filter_ids":[],"select_action":"view","product_title_visible":true,"product_descr_visible":true,"product_price_visible":true,"product_thumb_visible":true,"subtotal_visible_product":true,"subtotal_visible_cart":true,"subtotal_visible_orders":true},{"id":"1706794289","title":"Velg innramming","description":"<div class=\"component-popup\">\n<div class=\"cmp-popup-top\">\n       <a href=\"#\" class=\"close-cmp-popup\">X<\/a>\n   <\/div>\n<div class=\"cmp-popup-inner\">\n<h3>Velg innramming<\/h3>\n<p><span>Sj\u00f8kart kan rammes inn med eller uten passepartout. Velger du passepartout til kartet \u00f8ker totalst\u00f8rrelsen. Passepartout er 1,8 mm tykt og produsert av Canson. Kart blir rammet inn med floatglass uten avstandslister. <\/span>\n   <\/div>\n<\/div>\n","query_type":"category_ids","query_ids":[137],"default_option_id":5813,"thumbnail_id":"","thumbnail_src":"","quantity_min":1,"quantity_max":1,"priced_individually":true,"shipped_individually":false,"optional":true,"discount":"","options_style":"thumbnails","pagination_style":"classic","display_prices":"hidden","show_sorting_options":false,"show_filtering_options":false,"attribute_filter_ids":[],"select_action":"view","product_title_visible":true,"product_descr_visible":true,"product_price_visible":true,"product_thumb_visible":true,"subtotal_visible_product":true,"subtotal_visible_cart":true,"subtotal_visible_orders":true},{"id":"1707094836","title":"Velg rammefarge","description":"<div class=\"component-popup\">\n<div class=\"cmp-popup-top\">\n       <a href=\"#\" class=\"close-cmp-popup\">X<\/a>\n   <\/div>\n<div class=\"cmp-popup-inner\">\n<h4>Velg rammefarge<\/h4>\n<p>Alle kart blir rammet inn hos oss med rammelister fra italienske Rosini Cornice. St\u00f8rrelsen p\u00e5 rammelist blir tilpasset st\u00f8rrelsen p\u00e5 kart. Rammelistene er 15 - 50 mm dype og 12 - 20 mm brede. Rammene sort, hvit, eik og valn\u00f8tt er laget med skandinavisk furu. Natur-rammen er laget med tresorten lind.<\/p>\n<\/div>\n<\/div>\n","query_type":"category_ids","query_ids":[138],"default_option_id":5825,"thumbnail_id":"","thumbnail_src":"","quantity_min":1,"quantity_max":1,"priced_individually":true,"shipped_individually":false,"optional":true,"discount":"","options_style":"thumbnails","pagination_style":"classic","display_prices":"absolute","show_sorting_options":false,"show_filtering_options":false,"attribute_filter_ids":[],"select_action":"view","product_title_visible":true,"product_descr_visible":true,"product_price_visible":true,"product_thumb_visible":true,"subtotal_visible_product":true,"subtotal_visible_cart":true,"subtotal_visible_orders":true},{"id":"1744101720","title":"Velg tilbeh\u00f8r","description":"","query_type":"product_ids","query_ids":[14490,14492,14494],"default_option_id":14494,"thumbnail_id":"","thumbnail_src":"","quantity_min":0,"quantity_max":1,"priced_individually":true,"shipped_individually":false,"optional":true,"discount":"","options_style":"thumbnails","pagination_style":"classic","display_prices":"absolute","show_sorting_options":false,"show_filtering_options":false,"attribute_filter_ids":[],"select_action":"view","product_title_visible":true,"product_descr_visible":true,"product_price_visible":true,"product_thumb_visible":true,"subtotal_visible_product":true,"subtotal_visible_cart":true,"subtotal_visible_orders":true}],"composite_scenarios":[{"id":"1707095395","name":"When not &quot;Kunstpapir (for innramming)&quot; - hide &quot;velg Innramming&quot;, &quot;Velg rammefarge&quot;","description":"","configuration":[{"component_id":"1706794288","options_modifier":"not-in","component_options":[5810]}],"actions":[{"action_id":"compat_group","is_active":false},{"action_id":"conditional_components","is_active":true,"hidden_components":["1706794289","1707094836"]},{"action_id":"conditional_options","is_active":false,"hidden_options":[]}],"enabled":true},{"id":"1707095396","name":"When not &quot;Kartpapir 90 gram&quot;, &quot;Kartpapir 180 gram), &quot;Tykev&quot;, hide &quot;Levering&quot;","description":"","configuration":[{"component_id":"1706794288","options_modifier":"not-in","component_options":[5808,5807]}],"actions":[{"action_id":"compat_group","is_active":false},{"action_id":"conditional_components","is_active":true,"hidden_components":[]},{"action_id":"conditional_options","is_active":false,"hidden_options":[]}],"enabled":true},{"id":"1707095397","name":"When &quot;uten innramming&quot; hide &quot;belg rammefarge","description":"","configuration":[{"component_id":"1706794289","options_modifier":"in","component_options":[5813]}],"actions":[{"action_id":"compat_group","is_active":false},{"action_id":"conditional_components","is_active":true,"hidden_components":["1707094836"]},{"action_id":"conditional_options","is_active":false,"hidden_options":[]}],"enabled":true},{"id":"1707095398","name":"When &quot;innramming uten passeparout&quot; hide all options with passepartout","description":"","configuration":[{"component_id":"1706794289","options_modifier":"in","component_options":[5814]}],"actions":[{"action_id":"compat_group","is_active":false},{"action_id":"conditional_components","is_active":false,"hidden_components":[]},{"action_id":"conditional_options","is_active":true,"hidden_options":[{"component_id":"1707094836","component_options":[5825,5824,5823,5822,5821],"options_modifier":"in"}]}],"enabled":true},{"id":"1707095399","name":"When &quot;innrammingh med passepartout&quot; hide all options with no passepartout","description":"","configuration":[{"component_id":"1706794289","options_modifier":"in","component_options":[5815]}],"actions":[{"action_id":"compat_group","is_active":false},{"action_id":"conditional_components","is_active":false,"hidden_components":[]},{"action_id":"conditional_options","is_active":true,"hidden_options":[{"component_id":"1707094836","component_options":[5820,5819,5818,5817,5816],"options_modifier":"in"}]}],"enabled":true},{"id":"1744102070","name":"Kartr\u00f8r","description":"","configuration":[{"component_id":"1706794288","options_modifier":"in","component_options":[5812,5811]}],"actions":[{"action_id":"compat_group","is_active":false},{"action_id":"conditional_components","is_active":false,"hidden_components":[]},{"action_id":"conditional_options","is_active":true,"hidden_options":[{"component_id":"1744101720","component_options":[14490],"options_modifier":"in"}]}],"enabled":true},{"id":"1744102071","name":"Bildeoppheng","description":"","configuration":[{"component_id":"1706794288","options_modifier":"in","component_options":[5810,5809,5808,5807]}],"actions":[{"action_id":"compat_group","is_active":false},{"action_id":"conditional_components","is_active":false,"hidden_components":[]},{"action_id":"conditional_options","is_active":true,"hidden_options":[{"component_id":"1744101720","component_options":[14492],"options_modifier":"in"}]}],"enabled":true},{"id":"1744102072","name":"Hide tilbeh\u00f8r when innramming","description":"","configuration":[{"component_id":"1706794289","options_modifier":"not-in","component_options":[5813]}],"actions":[{"action_id":"compat_group","is_active":false},{"action_id":"conditional_components","is_active":true,"hidden_components":["1744101720"]},{"action_id":"conditional_options","is_active":false,"hidden_options":[]}],"enabled":true}],"acf":[],"yoast_head":"<!-- This site is optimized with the Yoast SEO Premium plugin v27.5 (Yoast SEO v27.5) - https:\/\/yoast.com\/product\/yoast-seo-premium-wordpress\/ -->\n<title>Kartverket Nautical Chart 301 \u2013 INT 140 \/ Nordsj\u00f8en - Kart.no<\/title>\n<meta name=\"robots\" content=\"index, follow, max-snippet:-1, max-image-preview:large, max-video-preview:-1\" \/>\n<link rel=\"canonical\" href=\"https:\/\/kart.no\/en\/produkt\/kartverket-overseilingskart-301-int-140-nordsjoen\/\" \/>\n<meta property=\"og:locale\" content=\"en_US\" \/>\n<meta property=\"og:type\" content=\"article\" \/>\n<meta property=\"og:title\" content=\"Kartverket Nautical Chart 301 \u2013 INT 140 \/ Nordsj\u00f8en\" \/>\n<meta property=\"og:description\" content=\"Sj\u00f8kart som dekker farvannet Nordsj\u00f8en. Kartblad 301 i Kartverkets overseilingskartserie. Kartet har st\u00f8rrelse 108 x 74 cm og har m\u00e5lestokk 1:1.500.000. Kan ogs\u00e5 leveres p\u00e5 plate eller ferdig innrammet. St\u00f8rrelse med passepartout og ramme er 129 x 94 cm.\" \/>\n<meta property=\"og:url\" content=\"https:\/\/kart.no\/en\/produkt\/kartverket-overseilingskart-301-int-140-nordsjoen\/\" \/>\n<meta property=\"og:site_name\" content=\"Kart.no\" \/>\n<meta property=\"article:publisher\" content=\"https:\/\/www.facebook.com\/kart.no\" \/>\n<meta property=\"article:modified_time\" content=\"2026-03-29T12:53:58+00:00\" \/>\n<meta property=\"og:image\" content=\"https:\/\/kart.no\/wp-content\/uploads\/2025\/06\/2025-301.jpg\" \/>\n\t<meta property=\"og:image:width\" content=\"2048\" \/>\n\t<meta property=\"og:image:height\" content=\"2048\" \/>\n\t<meta property=\"og:image:type\" content=\"image\/jpeg\" \/>\n<meta name=\"twitter:card\" content=\"summary_large_image\" \/>\n<script type=\"application\/ld+json\" class=\"yoast-schema-graph\">{\"@context\":\"https:\\\/\\\/schema.org\",\"@graph\":[{\"@type\":\"WebPage\",\"@id\":\"https:\\\/\\\/kart.no\\\/en\\\/produkt\\\/kartverket-overseilingskart-301-int-140-nordsjoen\\\/\",\"url\":\"https:\\\/\\\/kart.no\\\/en\\\/produkt\\\/kartverket-overseilingskart-301-int-140-nordsjoen\\\/\",\"name\":\"Kartverket Nautical Chart 301 \u2013 INT 140 \\\/ Nordsj\u00f8en - Kart.no\",\"isPartOf\":{\"@id\":\"https:\\\/\\\/kart.no\\\/en\\\/#website\"},\"primaryImageOfPage\":{\"@id\":\"https:\\\/\\\/kart.no\\\/en\\\/produkt\\\/kartverket-overseilingskart-301-int-140-nordsjoen\\\/#primaryimage\"},\"image\":{\"@id\":\"https:\\\/\\\/kart.no\\\/en\\\/produkt\\\/kartverket-overseilingskart-301-int-140-nordsjoen\\\/#primaryimage\"},\"thumbnailUrl\":\"https:\\\/\\\/kart.no\\\/wp-content\\\/uploads\\\/2025\\\/06\\\/2025-301.jpg\",\"datePublished\":\"2023-12-05T23:45:21+00:00\",\"dateModified\":\"2026-03-29T12:53:58+00:00\",\"breadcrumb\":{\"@id\":\"https:\\\/\\\/kart.no\\\/en\\\/produkt\\\/kartverket-overseilingskart-301-int-140-nordsjoen\\\/#breadcrumb\"},\"inLanguage\":\"en-US\",\"potentialAction\":[{\"@type\":\"ReadAction\",\"target\":[\"https:\\\/\\\/kart.no\\\/en\\\/produkt\\\/kartverket-overseilingskart-301-int-140-nordsjoen\\\/\"]}]},{\"@type\":\"ImageObject\",\"inLanguage\":\"en-US\",\"@id\":\"https:\\\/\\\/kart.no\\\/en\\\/produkt\\\/kartverket-overseilingskart-301-int-140-nordsjoen\\\/#primaryimage\",\"url\":\"https:\\\/\\\/kart.no\\\/wp-content\\\/uploads\\\/2025\\\/06\\\/2025-301.jpg\",\"contentUrl\":\"https:\\\/\\\/kart.no\\\/wp-content\\\/uploads\\\/2025\\\/06\\\/2025-301.jpg\",\"width\":2048,\"height\":2048},{\"@type\":\"BreadcrumbList\",\"@id\":\"https:\\\/\\\/kart.no\\\/en\\\/produkt\\\/kartverket-overseilingskart-301-int-140-nordsjoen\\\/#breadcrumb\",\"itemListElement\":[{\"@type\":\"ListItem\",\"position\":1,\"name\":\"Hjem\",\"item\":\"https:\\\/\\\/kart.no\\\/en\\\/\"},{\"@type\":\"ListItem\",\"position\":2,\"name\":\"Shop\",\"item\":\"https:\\\/\\\/kart.no\\\/en\\\/shop\\\/\"},{\"@type\":\"ListItem\",\"position\":3,\"name\":\"Marine\",\"item\":\"https:\\\/\\\/kart.no\\\/en\\\/product-category\\\/marine\\\/\"},{\"@type\":\"ListItem\",\"position\":4,\"name\":\"Nautical Charts (Paper)\",\"item\":\"https:\\\/\\\/kart.no\\\/en\\\/product-category\\\/marine\\\/nautical-charts-paper\\\/\"},{\"@type\":\"ListItem\",\"position\":5,\"name\":\"Nautical Charts (Paper) \u2013 Ocean Passage Charts and Sea Areas\",\"item\":\"https:\\\/\\\/kart.no\\\/en\\\/product-category\\\/marine\\\/nautical-charts-paper\\\/nautical-charts-paper-ocean-passage-charts-and-sea-areas\\\/\"},{\"@type\":\"ListItem\",\"position\":6,\"name\":\"Official Nautical Charts \u2013 Ocean Passage Charts and Sea Areas\",\"item\":\"https:\\\/\\\/kart.no\\\/en\\\/product-category\\\/marine\\\/nautical-charts-paper\\\/nautical-charts-paper-ocean-passage-charts-and-sea-areas\\\/official-nautical-charts-ocean-passage-charts-and-sea-areas\\\/\"},{\"@type\":\"ListItem\",\"position\":7,\"name\":\"Kartverket Nautical Chart 301 \u2013 INT 140 \\\/ Nordsj\u00f8en\"}]},{\"@type\":\"WebSite\",\"@id\":\"https:\\\/\\\/kart.no\\\/en\\\/#website\",\"url\":\"https:\\\/\\\/kart.no\\\/en\\\/\",\"name\":\"Kart.no\",\"description\":\"Nordic expertise in maps and navigation\",\"publisher\":{\"@id\":\"https:\\\/\\\/kart.no\\\/en\\\/#organization\"},\"potentialAction\":[{\"@type\":\"SearchAction\",\"target\":{\"@type\":\"EntryPoint\",\"urlTemplate\":\"https:\\\/\\\/kart.no\\\/en\\\/?s={search_term_string}\"},\"query-input\":{\"@type\":\"PropertyValueSpecification\",\"valueRequired\":true,\"valueName\":\"search_term_string\"}}],\"inLanguage\":\"en-US\"},{\"@type\":\"Organization\",\"@id\":\"https:\\\/\\\/kart.no\\\/en\\\/#organization\",\"name\":\"Kart.no\",\"url\":\"https:\\\/\\\/kart.no\\\/en\\\/\",\"logo\":{\"@type\":\"ImageObject\",\"inLanguage\":\"en-US\",\"@id\":\"https:\\\/\\\/kart.no\\\/en\\\/#\\\/schema\\\/logo\\\/image\\\/\",\"url\":\"https:\\\/\\\/kart.no\\\/wp-content\\\/uploads\\\/2023\\\/10\\\/kart.no-logo.png\",\"contentUrl\":\"https:\\\/\\\/kart.no\\\/wp-content\\\/uploads\\\/2023\\\/10\\\/kart.no-logo.png\",\"width\":784,\"height\":312,\"caption\":\"Kart.no\"},\"image\":{\"@id\":\"https:\\\/\\\/kart.no\\\/en\\\/#\\\/schema\\\/logo\\\/image\\\/\"},\"sameAs\":[\"https:\\\/\\\/www.facebook.com\\\/kart.no\",\"https:\\\/\\\/www.instagram.com\\\/_kart.no\\\/\"]}]}<\/script>\n<!-- \/ Yoast SEO Premium plugin. -->","yoast_head_json":{"title":"Kartverket Nautical Chart 301 \u2013 INT 140 \/ Nordsj\u00f8en - Kart.no","robots":{"index":"index","follow":"follow","max-snippet":"max-snippet:-1","max-image-preview":"max-image-preview:large","max-video-preview":"max-video-preview:-1"},"canonical":"https:\/\/kart.no\/en\/produkt\/kartverket-overseilingskart-301-int-140-nordsjoen\/","og_locale":"en_US","og_type":"article","og_title":"Kartverket Nautical Chart 301 \u2013 INT 140 \/ Nordsj\u00f8en","og_description":"Sj\u00f8kart som dekker farvannet Nordsj\u00f8en. Kartblad 301 i Kartverkets overseilingskartserie. Kartet har st\u00f8rrelse 108 x 74 cm og har m\u00e5lestokk 1:1.500.000. Kan ogs\u00e5 leveres p\u00e5 plate eller ferdig innrammet. St\u00f8rrelse med passepartout og ramme er 129 x 94 cm.","og_url":"https:\/\/kart.no\/en\/produkt\/kartverket-overseilingskart-301-int-140-nordsjoen\/","og_site_name":"Kart.no","article_publisher":"https:\/\/www.facebook.com\/kart.no","article_modified_time":"2026-03-29T12:53:58+00:00","og_image":[{"width":2048,"height":2048,"url":"https:\/\/kart.no\/wp-content\/uploads\/2025\/06\/2025-301.jpg","type":"image\/jpeg"}],"twitter_card":"summary_large_image","schema":{"@context":"https:\/\/schema.org","@graph":[{"@type":"WebPage","@id":"https:\/\/kart.no\/en\/produkt\/kartverket-overseilingskart-301-int-140-nordsjoen\/","url":"https:\/\/kart.no\/en\/produkt\/kartverket-overseilingskart-301-int-140-nordsjoen\/","name":"Kartverket Nautical Chart 301 \u2013 INT 140 \/ Nordsj\u00f8en - Kart.no","isPartOf":{"@id":"https:\/\/kart.no\/en\/#website"},"primaryImageOfPage":{"@id":"https:\/\/kart.no\/en\/produkt\/kartverket-overseilingskart-301-int-140-nordsjoen\/#primaryimage"},"image":{"@id":"https:\/\/kart.no\/en\/produkt\/kartverket-overseilingskart-301-int-140-nordsjoen\/#primaryimage"},"thumbnailUrl":"https:\/\/kart.no\/wp-content\/uploads\/2025\/06\/2025-301.jpg","datePublished":"2023-12-05T23:45:21+00:00","dateModified":"2026-03-29T12:53:58+00:00","breadcrumb":{"@id":"https:\/\/kart.no\/en\/produkt\/kartverket-overseilingskart-301-int-140-nordsjoen\/#breadcrumb"},"inLanguage":"en-US","potentialAction":[{"@type":"ReadAction","target":["https:\/\/kart.no\/en\/produkt\/kartverket-overseilingskart-301-int-140-nordsjoen\/"]}]},{"@type":"ImageObject","inLanguage":"en-US","@id":"https:\/\/kart.no\/en\/produkt\/kartverket-overseilingskart-301-int-140-nordsjoen\/#primaryimage","url":"https:\/\/kart.no\/wp-content\/uploads\/2025\/06\/2025-301.jpg","contentUrl":"https:\/\/kart.no\/wp-content\/uploads\/2025\/06\/2025-301.jpg","width":2048,"height":2048},{"@type":"BreadcrumbList","@id":"https:\/\/kart.no\/en\/produkt\/kartverket-overseilingskart-301-int-140-nordsjoen\/#breadcrumb","itemListElement":[{"@type":"ListItem","position":1,"name":"Hjem","item":"https:\/\/kart.no\/en\/"},{"@type":"ListItem","position":2,"name":"Shop","item":"https:\/\/kart.no\/en\/shop\/"},{"@type":"ListItem","position":3,"name":"Marine","item":"https:\/\/kart.no\/en\/product-category\/marine\/"},{"@type":"ListItem","position":4,"name":"Nautical Charts (Paper)","item":"https:\/\/kart.no\/en\/product-category\/marine\/nautical-charts-paper\/"},{"@type":"ListItem","position":5,"name":"Nautical Charts (Paper) \u2013 Ocean Passage Charts and Sea Areas","item":"https:\/\/kart.no\/en\/product-category\/marine\/nautical-charts-paper\/nautical-charts-paper-ocean-passage-charts-and-sea-areas\/"},{"@type":"ListItem","position":6,"name":"Official Nautical Charts \u2013 Ocean Passage Charts and Sea Areas","item":"https:\/\/kart.no\/en\/product-category\/marine\/nautical-charts-paper\/nautical-charts-paper-ocean-passage-charts-and-sea-areas\/official-nautical-charts-ocean-passage-charts-and-sea-areas\/"},{"@type":"ListItem","position":7,"name":"Kartverket Nautical Chart 301 \u2013 INT 140 \/ Nordsj\u00f8en"}]},{"@type":"WebSite","@id":"https:\/\/kart.no\/en\/#website","url":"https:\/\/kart.no\/en\/","name":"Kart.no","description":"Nordic expertise in maps and navigation","publisher":{"@id":"https:\/\/kart.no\/en\/#organization"},"potentialAction":[{"@type":"SearchAction","target":{"@type":"EntryPoint","urlTemplate":"https:\/\/kart.no\/en\/?s={search_term_string}"},"query-input":{"@type":"PropertyValueSpecification","valueRequired":true,"valueName":"search_term_string"}}],"inLanguage":"en-US"},{"@type":"Organization","@id":"https:\/\/kart.no\/en\/#organization","name":"Kart.no","url":"https:\/\/kart.no\/en\/","logo":{"@type":"ImageObject","inLanguage":"en-US","@id":"https:\/\/kart.no\/en\/#\/schema\/logo\/image\/","url":"https:\/\/kart.no\/wp-content\/uploads\/2023\/10\/kart.no-logo.png","contentUrl":"https:\/\/kart.no\/wp-content\/uploads\/2023\/10\/kart.no-logo.png","width":784,"height":312,"caption":"Kart.no"},"image":{"@id":"https:\/\/kart.no\/en\/#\/schema\/logo\/image\/"},"sameAs":["https:\/\/www.facebook.com\/kart.no","https:\/\/www.instagram.com\/_kart.no\/"]}]}},"uagb_featured_image_src":{"full":["https:\/\/kart.no\/wp-content\/uploads\/2025\/06\/2025-301.jpg",2048,2048,false],"thumbnail":["https:\/\/kart.no\/wp-content\/uploads\/2025\/06\/2025-301-150x150.jpg",150,150,true],"medium":["https:\/\/kart.no\/wp-content\/uploads\/2025\/06\/2025-301-300x300.jpg",300,300,true],"medium_large":["https:\/\/kart.no\/wp-content\/uploads\/2025\/06\/2025-301-768x768.jpg",768,768,true],"large":["https:\/\/kart.no\/wp-content\/uploads\/2025\/06\/2025-301.jpg",2048,2048,false],"1536x1536":["https:\/\/kart.no\/wp-content\/uploads\/2025\/06\/2025-301-1536x1536.jpg",1536,1536,true],"2048x2048":["https:\/\/kart.no\/wp-content\/uploads\/2025\/06\/2025-301.jpg",2048,2048,false],"woocommerce_thumbnail":["https:\/\/kart.no\/wp-content\/uploads\/2025\/06\/2025-301-300x300.jpg",300,300,true],"woocommerce_single":["https:\/\/kart.no\/wp-content\/uploads\/2025\/06\/2025-301-600x600.jpg",600,600,true],"woocommerce_gallery_thumbnail":["https:\/\/kart.no\/wp-content\/uploads\/2025\/06\/2025-301-100x100.jpg",100,100,true],"dgwt-wcas-product-suggestion":["https:\/\/kart.no\/wp-content\/uploads\/2025\/06\/2025-301-64x64.jpg",64,64,true]},"uagb_author_info":{"display_name":"Steinar Figved","author_link":"https:\/\/kart.no\/en\/author\/"},"uagb_comment_info":0,"uagb_excerpt":"Sj\u00f8kart som dekker farvannet Nordsj\u00f8en. Kartblad 301 i Kartverkets overseilingskartserie. Kartet har st\u00f8rrelse 108 x 74 cm og har m\u00e5lestokk 1:1.500.000. Kan ogs\u00e5 leveres p\u00e5 plate eller ferdig innrammet. St\u00f8rrelse med passepartout og ramme er 129 x 94 cm.","_links":{"self":[{"href":"https:\/\/kart.no\/en\/wp-json\/wp\/v2\/product\/2256","targetHints":{"allow":["GET"]}}],"collection":[{"href":"https:\/\/kart.no\/en\/wp-json\/wp\/v2\/product"}],"about":[{"href":"https:\/\/kart.no\/en\/wp-json\/wp\/v2\/types\/product"}],"replies":[{"embeddable":true,"href":"https:\/\/kart.no\/en\/wp-json\/wp\/v2\/comments?post=2256"}],"wp:featuredmedia":[{"embeddable":true,"href":"https:\/\/kart.no\/en\/wp-json\/wp\/v2\/media\/15256"}],"wp:attachment":[{"href":"https:\/\/kart.no\/en\/wp-json\/wp\/v2\/media?parent=2256"}],"wp:term":[{"taxonomy":"product_brand","embeddable":true,"href":"https:\/\/kart.no\/en\/wp-json\/wp\/v2\/product_brand?post=2256"},{"taxonomy":"product_cat","embeddable":true,"href":"https:\/\/kart.no\/en\/wp-json\/wp\/v2\/product_cat?post=2256"},{"taxonomy":"product_tag","embeddable":true,"href":"https:\/\/kart.no\/en\/wp-json\/wp\/v2\/product_tag?post=2256"}],"curies":[{"name":"wp","href":"https:\/\/api.w.org\/{rel}","templated":true}]}}