{"id":38433,"date":"2026-01-26T00:52:30","date_gmt":"2026-01-25T23:52:30","guid":{"rendered":"https:\/\/kart.no\/produkt\/sportsfisk-game-fish-plansje-b70-x-h100\/"},"modified":"2026-04-29T02:01:10","modified_gmt":"2026-04-29T00:01:10","slug":"sportsfisk-game-fish-plansje-b70-x-h100","status":"publish","type":"product","link":"https:\/\/kart.no\/en\/produkt\/sportsfisk-game-fish-plansje-b70-x-h100\/","title":{"rendered":"Sportsfisk (Game fish) &#8211; Plansje B70 x H100"},"content":{"rendered":"<p>Diverse\/Plansjer<\/p>\n","protected":false},"excerpt":{"rendered":"<p>Plansjen illustrerer 67 av de mest popul\u00e6re fiskeartene i verden for sportfiskere. Plansjen har artsnavn p\u00e5 norsk, dansk, svensk, engelsk, tysk, fransk og latin m.fl. Plansjen indikerer ogs\u00e5 st\u00f8rrelse p\u00e5 fisken.<\/p>\n<p>Metallskinner nede og oppe, med \u00f8yekrok klar for opphenging. Trykket p\u00e5 tjukt blankfoliert kvalitetspapir.<\/p>\n","protected":false},"featured_media":0,"comment_status":"open","ping_status":"closed","template":"","meta":{"_uag_custom_page_level_css":""},"product_brand":[],"product_cat":[643],"product_tag":[],"class_list":{"0":"post-38433","1":"product","2":"type-product","3":"status-publish","5":"product_cat-import_later","7":"first","8":"instock","9":"taxable","10":"shipping-taxable","11":"purchasable","12":"product-type-simple"},"composite_virtual":false,"composite_layout":"","composite_add_to_cart_form_location":"","composite_editable_in_cart":false,"composite_sold_individually_context":"","composite_shop_price_calc":"","composite_components":[],"composite_scenarios":[],"acf":[],"yoast_head":"<!-- This site is optimized with the Yoast SEO Premium plugin v27.5 (Yoast SEO v27.5) - https:\/\/yoast.com\/product\/yoast-seo-premium-wordpress\/ -->\n<title>Sportsfisk (Game fish) - Plansje B70 x H100 - Kart.no<\/title>\n<meta name=\"robots\" content=\"index, follow, max-snippet:-1, max-image-preview:large, max-video-preview:-1\" \/>\n<link rel=\"canonical\" href=\"https:\/\/kart.no\/en\/produkt\/sportsfisk-game-fish-plansje-b70-x-h100\/\" \/>\n<meta property=\"og:locale\" content=\"en_US\" \/>\n<meta property=\"og:type\" content=\"article\" \/>\n<meta property=\"og:title\" content=\"Sportsfisk (Game fish) - Plansje B70 x H100\" \/>\n<meta property=\"og:description\" content=\"Plansjen illustrerer 67 av de mest popul\u00e6re fiskeartene i verden for sportfiskere. Plansjen har artsnavn p\u00e5 norsk, dansk, svensk, engelsk, tysk, fransk og latin m.fl. Plansjen indikerer ogs\u00e5 st\u00f8rrelse p\u00e5 fisken. Metallskinner nede og oppe, med \u00f8yekrok klar for opphenging. Trykket p\u00e5 tjukt blankfoliert kvalitetspapir.\" \/>\n<meta property=\"og:url\" content=\"https:\/\/kart.no\/en\/produkt\/sportsfisk-game-fish-plansje-b70-x-h100\/\" \/>\n<meta property=\"og:site_name\" content=\"Kart.no\" \/>\n<meta property=\"article:publisher\" content=\"https:\/\/www.facebook.com\/kart.no\" \/>\n<meta property=\"article:modified_time\" content=\"2026-04-29T00:01:10+00:00\" \/>\n<meta name=\"twitter:card\" content=\"summary_large_image\" \/>\n<script type=\"application\/ld+json\" class=\"yoast-schema-graph\">{\"@context\":\"https:\\\/\\\/schema.org\",\"@graph\":[{\"@type\":\"WebPage\",\"@id\":\"https:\\\/\\\/kart.no\\\/en\\\/produkt\\\/sportsfisk-game-fish-plansje-b70-x-h100\\\/\",\"url\":\"https:\\\/\\\/kart.no\\\/en\\\/produkt\\\/sportsfisk-game-fish-plansje-b70-x-h100\\\/\",\"name\":\"Sportsfisk (Game fish) - Plansje B70 x H100 - Kart.no\",\"isPartOf\":{\"@id\":\"https:\\\/\\\/kart.no\\\/en\\\/#website\"},\"datePublished\":\"2026-01-25T23:52:30+00:00\",\"dateModified\":\"2026-04-29T00:01:10+00:00\",\"breadcrumb\":{\"@id\":\"https:\\\/\\\/kart.no\\\/en\\\/produkt\\\/sportsfisk-game-fish-plansje-b70-x-h100\\\/#breadcrumb\"},\"inLanguage\":\"en-US\",\"potentialAction\":[{\"@type\":\"ReadAction\",\"target\":[\"https:\\\/\\\/kart.no\\\/en\\\/produkt\\\/sportsfisk-game-fish-plansje-b70-x-h100\\\/\"]}]},{\"@type\":\"BreadcrumbList\",\"@id\":\"https:\\\/\\\/kart.no\\\/en\\\/produkt\\\/sportsfisk-game-fish-plansje-b70-x-h100\\\/#breadcrumb\",\"itemListElement\":[{\"@type\":\"ListItem\",\"position\":1,\"name\":\"Hjem\",\"item\":\"https:\\\/\\\/kart.no\\\/en\\\/\"},{\"@type\":\"ListItem\",\"position\":2,\"name\":\"Shop\",\"item\":\"https:\\\/\\\/kart.no\\\/en\\\/shop\\\/\"},{\"@type\":\"ListItem\",\"position\":3,\"name\":\"Import_later\",\"item\":\"https:\\\/\\\/kart.no\\\/en\\\/product-category\\\/import_later\\\/\"},{\"@type\":\"ListItem\",\"position\":4,\"name\":\"Sportsfisk (Game fish) &#8211; Plansje B70 x H100\"}]},{\"@type\":\"WebSite\",\"@id\":\"https:\\\/\\\/kart.no\\\/en\\\/#website\",\"url\":\"https:\\\/\\\/kart.no\\\/en\\\/\",\"name\":\"Kart.no\",\"description\":\"Nordic expertise in maps and navigation\",\"publisher\":{\"@id\":\"https:\\\/\\\/kart.no\\\/en\\\/#organization\"},\"potentialAction\":[{\"@type\":\"SearchAction\",\"target\":{\"@type\":\"EntryPoint\",\"urlTemplate\":\"https:\\\/\\\/kart.no\\\/en\\\/?s={search_term_string}\"},\"query-input\":{\"@type\":\"PropertyValueSpecification\",\"valueRequired\":true,\"valueName\":\"search_term_string\"}}],\"inLanguage\":\"en-US\"},{\"@type\":\"Organization\",\"@id\":\"https:\\\/\\\/kart.no\\\/en\\\/#organization\",\"name\":\"Kart.no\",\"url\":\"https:\\\/\\\/kart.no\\\/en\\\/\",\"logo\":{\"@type\":\"ImageObject\",\"inLanguage\":\"en-US\",\"@id\":\"https:\\\/\\\/kart.no\\\/en\\\/#\\\/schema\\\/logo\\\/image\\\/\",\"url\":\"https:\\\/\\\/kart.no\\\/wp-content\\\/uploads\\\/2023\\\/10\\\/kart.no-logo.png\",\"contentUrl\":\"https:\\\/\\\/kart.no\\\/wp-content\\\/uploads\\\/2023\\\/10\\\/kart.no-logo.png\",\"width\":784,\"height\":312,\"caption\":\"Kart.no\"},\"image\":{\"@id\":\"https:\\\/\\\/kart.no\\\/en\\\/#\\\/schema\\\/logo\\\/image\\\/\"},\"sameAs\":[\"https:\\\/\\\/www.facebook.com\\\/kart.no\",\"https:\\\/\\\/www.instagram.com\\\/_kart.no\\\/\"]}]}<\/script>\n<!-- \/ Yoast SEO Premium plugin. -->","yoast_head_json":{"title":"Sportsfisk (Game fish) - Plansje B70 x H100 - Kart.no","robots":{"index":"index","follow":"follow","max-snippet":"max-snippet:-1","max-image-preview":"max-image-preview:large","max-video-preview":"max-video-preview:-1"},"canonical":"https:\/\/kart.no\/en\/produkt\/sportsfisk-game-fish-plansje-b70-x-h100\/","og_locale":"en_US","og_type":"article","og_title":"Sportsfisk (Game fish) - Plansje B70 x H100","og_description":"Plansjen illustrerer 67 av de mest popul\u00e6re fiskeartene i verden for sportfiskere. Plansjen har artsnavn p\u00e5 norsk, dansk, svensk, engelsk, tysk, fransk og latin m.fl. Plansjen indikerer ogs\u00e5 st\u00f8rrelse p\u00e5 fisken. Metallskinner nede og oppe, med \u00f8yekrok klar for opphenging. Trykket p\u00e5 tjukt blankfoliert kvalitetspapir.","og_url":"https:\/\/kart.no\/en\/produkt\/sportsfisk-game-fish-plansje-b70-x-h100\/","og_site_name":"Kart.no","article_publisher":"https:\/\/www.facebook.com\/kart.no","article_modified_time":"2026-04-29T00:01:10+00:00","twitter_card":"summary_large_image","schema":{"@context":"https:\/\/schema.org","@graph":[{"@type":"WebPage","@id":"https:\/\/kart.no\/en\/produkt\/sportsfisk-game-fish-plansje-b70-x-h100\/","url":"https:\/\/kart.no\/en\/produkt\/sportsfisk-game-fish-plansje-b70-x-h100\/","name":"Sportsfisk (Game fish) - Plansje B70 x H100 - Kart.no","isPartOf":{"@id":"https:\/\/kart.no\/en\/#website"},"datePublished":"2026-01-25T23:52:30+00:00","dateModified":"2026-04-29T00:01:10+00:00","breadcrumb":{"@id":"https:\/\/kart.no\/en\/produkt\/sportsfisk-game-fish-plansje-b70-x-h100\/#breadcrumb"},"inLanguage":"en-US","potentialAction":[{"@type":"ReadAction","target":["https:\/\/kart.no\/en\/produkt\/sportsfisk-game-fish-plansje-b70-x-h100\/"]}]},{"@type":"BreadcrumbList","@id":"https:\/\/kart.no\/en\/produkt\/sportsfisk-game-fish-plansje-b70-x-h100\/#breadcrumb","itemListElement":[{"@type":"ListItem","position":1,"name":"Hjem","item":"https:\/\/kart.no\/en\/"},{"@type":"ListItem","position":2,"name":"Shop","item":"https:\/\/kart.no\/en\/shop\/"},{"@type":"ListItem","position":3,"name":"Import_later","item":"https:\/\/kart.no\/en\/product-category\/import_later\/"},{"@type":"ListItem","position":4,"name":"Sportsfisk (Game fish) &#8211; Plansje B70 x H100"}]},{"@type":"WebSite","@id":"https:\/\/kart.no\/en\/#website","url":"https:\/\/kart.no\/en\/","name":"Kart.no","description":"Nordic expertise in maps and navigation","publisher":{"@id":"https:\/\/kart.no\/en\/#organization"},"potentialAction":[{"@type":"SearchAction","target":{"@type":"EntryPoint","urlTemplate":"https:\/\/kart.no\/en\/?s={search_term_string}"},"query-input":{"@type":"PropertyValueSpecification","valueRequired":true,"valueName":"search_term_string"}}],"inLanguage":"en-US"},{"@type":"Organization","@id":"https:\/\/kart.no\/en\/#organization","name":"Kart.no","url":"https:\/\/kart.no\/en\/","logo":{"@type":"ImageObject","inLanguage":"en-US","@id":"https:\/\/kart.no\/en\/#\/schema\/logo\/image\/","url":"https:\/\/kart.no\/wp-content\/uploads\/2023\/10\/kart.no-logo.png","contentUrl":"https:\/\/kart.no\/wp-content\/uploads\/2023\/10\/kart.no-logo.png","width":784,"height":312,"caption":"Kart.no"},"image":{"@id":"https:\/\/kart.no\/en\/#\/schema\/logo\/image\/"},"sameAs":["https:\/\/www.facebook.com\/kart.no","https:\/\/www.instagram.com\/_kart.no\/"]}]}},"uagb_featured_image_src":{"full":false,"thumbnail":false,"medium":false,"medium_large":false,"large":false,"1536x1536":false,"2048x2048":false,"woocommerce_thumbnail":false,"woocommerce_single":false,"woocommerce_gallery_thumbnail":false,"dgwt-wcas-product-suggestion":false},"uagb_author_info":{"display_name":"Steinar Figved","author_link":"https:\/\/kart.no\/en\/author\/"},"uagb_comment_info":0,"uagb_excerpt":"Plansjen illustrerer 67 av de mest popul\u00e6re fiskeartene i verden for sportfiskere. Plansjen har artsnavn p\u00e5 norsk, dansk, svensk, engelsk, tysk, fransk og latin m.fl. Plansjen indikerer ogs\u00e5 st\u00f8rrelse p\u00e5 fisken. Metallskinner nede og oppe, med \u00f8yekrok klar for opphenging. Trykket p\u00e5 tjukt blankfoliert kvalitetspapir.","_links":{"self":[{"href":"https:\/\/kart.no\/en\/wp-json\/wp\/v2\/product\/38433","targetHints":{"allow":["GET"]}}],"collection":[{"href":"https:\/\/kart.no\/en\/wp-json\/wp\/v2\/product"}],"about":[{"href":"https:\/\/kart.no\/en\/wp-json\/wp\/v2\/types\/product"}],"replies":[{"embeddable":true,"href":"https:\/\/kart.no\/en\/wp-json\/wp\/v2\/comments?post=38433"}],"wp:attachment":[{"href":"https:\/\/kart.no\/en\/wp-json\/wp\/v2\/media?parent=38433"}],"wp:term":[{"taxonomy":"product_brand","embeddable":true,"href":"https:\/\/kart.no\/en\/wp-json\/wp\/v2\/product_brand?post=38433"},{"taxonomy":"product_cat","embeddable":true,"href":"https:\/\/kart.no\/en\/wp-json\/wp\/v2\/product_cat?post=38433"},{"taxonomy":"product_tag","embeddable":true,"href":"https:\/\/kart.no\/en\/wp-json\/wp\/v2\/product_tag?post=38433"}],"curies":[{"name":"wp","href":"https:\/\/api.w.org\/{rel}","templated":true}]}}