{"id":38595,"date":"2026-01-26T00:55:30","date_gmt":"2026-01-25T23:55:30","guid":{"rendered":"https:\/\/kart.no\/produkt\/med-kamera-pa-tur\/"},"modified":"2026-04-29T02:00:29","modified_gmt":"2026-04-29T00:00:29","slug":"med-kamera-pa-tur","status":"publish","type":"product","link":"https:\/\/kart.no\/en\/produkt\/med-kamera-pa-tur\/","title":{"rendered":"Med kamera p\u00e5 tur"},"content":{"rendered":"<p>B\u00f8ker\/B\u00f8ker hovedkategorier\/Diverse<\/p>\n","protected":false},"excerpt":{"rendered":"<p>Med kamera p\u00e5 tur gir praktiske r\u00e5d og vink til hva du b\u00f8r tenke p\u00e5 for \u00e5 f\u00e5 mer ut av fotograferingen din \u2013 enten du bruker avansert systemkamera eller bare mobilen.<\/p>\n<p>Det er kort og godt blitt en hel del muligheter for \u00e5 dele bildeopplevelser med andre, men det er et MEN. En trenger \u00e5 ha litt basiskunnskap for \u00e5 bli en god bildeformidler, ikke en masse teknisk viten, men noen praktiske r\u00e5d og vink kan v\u00e6re greie \u00e5 ha med p\u00e5 sommerferien. I b\u00e5ten, p\u00e5 hytta, p\u00e5 telttur med kajakken eller bare p\u00e5 en rusletur en varm sommerkveld n\u00e5r sola g\u00e5r i r\u00f8dt og motivene formelig str\u00f8mmer p\u00e5.<\/p>\n<p>Denne boka er derfor ment \u00e5 v\u00e6re et verkt\u00f8y, en motivasjonsfaktor, for deg som n\u00e5 st\u00e5r foran mange uker med opplevelser. S\u00e5; Kast deg litt ut i det, pr\u00f8v deg fram! Ikke v\u00e6r redd for \u00e5 trykke p\u00e5 utl\u00f8seren, du kan jo bare slette \u2013 i etterkant.<\/p>\n<p>St\u00e5 p\u00e5, trykk p\u00e5 utl\u00f8seren!<\/p>\n","protected":false},"featured_media":0,"comment_status":"open","ping_status":"closed","template":"","meta":{"_uag_custom_page_level_css":""},"product_brand":[574],"product_cat":[643],"product_tag":[],"class_list":{"0":"post-38595","1":"product","2":"type-product","3":"status-publish","5":"product_brand-ukjent","6":"product_cat-import_later","7":"product_shipping_class-boxship","9":"first","10":"instock","11":"taxable","12":"shipping-taxable","13":"purchasable","14":"product-type-simple"},"composite_virtual":false,"composite_layout":"","composite_add_to_cart_form_location":"","composite_editable_in_cart":false,"composite_sold_individually_context":"","composite_shop_price_calc":"","composite_components":[],"composite_scenarios":[],"acf":[],"yoast_head":"<!-- This site is optimized with the Yoast SEO Premium plugin v27.5 (Yoast SEO v27.5) - https:\/\/yoast.com\/product\/yoast-seo-premium-wordpress\/ -->\n<title>Med kamera p\u00e5 tur - Kart.no<\/title>\n<meta name=\"robots\" content=\"index, follow, max-snippet:-1, max-image-preview:large, max-video-preview:-1\" \/>\n<link rel=\"canonical\" href=\"https:\/\/kart.no\/en\/produkt\/med-kamera-pa-tur\/\" \/>\n<meta property=\"og:locale\" content=\"en_US\" \/>\n<meta property=\"og:type\" content=\"article\" \/>\n<meta property=\"og:title\" content=\"Med kamera p\u00e5 tur\" \/>\n<meta property=\"og:description\" content=\"Med kamera p\u00e5 tur gir praktiske r\u00e5d og vink til hva du b\u00f8r tenke p\u00e5 for \u00e5 f\u00e5 mer ut av fotograferingen din \u2013 enten du bruker avansert systemkamera eller bare mobilen. Det er kort og godt blitt en hel del muligheter for \u00e5 dele bildeopplevelser med andre, men det er et MEN. En trenger \u00e5 ha litt basiskunnskap for \u00e5 bli en god bildeformidler, ikke en masse teknisk viten, men noen praktiske r\u00e5d og vink kan v\u00e6re greie \u00e5 ha med p\u00e5 sommerferien. I b\u00e5ten, p\u00e5 hytta, p\u00e5 telttur med kajakken eller bare p\u00e5 en rusletur en varm sommerkveld n\u00e5r sola g\u00e5r i r\u00f8dt og motivene formelig str\u00f8mmer p\u00e5. Denne boka er derfor ment \u00e5 v\u00e6re et verkt\u00f8y, en motivasjonsfaktor, for deg som n\u00e5 st\u00e5r foran mange uker med opplevelser. S\u00e5; Kast deg litt ut i det, pr\u00f8v deg fram! Ikke v\u00e6r redd for \u00e5 trykke p\u00e5 utl\u00f8seren, du kan jo bare slette \u2013 i etterkant. St\u00e5 p\u00e5, trykk p\u00e5 utl\u00f8seren!\" \/>\n<meta property=\"og:url\" content=\"https:\/\/kart.no\/en\/produkt\/med-kamera-pa-tur\/\" \/>\n<meta property=\"og:site_name\" content=\"Kart.no\" \/>\n<meta property=\"article:publisher\" content=\"https:\/\/www.facebook.com\/kart.no\" \/>\n<meta property=\"article:modified_time\" content=\"2026-04-29T00:00:29+00:00\" \/>\n<meta name=\"twitter:card\" content=\"summary_large_image\" \/>\n<script type=\"application\/ld+json\" class=\"yoast-schema-graph\">{\"@context\":\"https:\\\/\\\/schema.org\",\"@graph\":[{\"@type\":\"WebPage\",\"@id\":\"https:\\\/\\\/kart.no\\\/en\\\/produkt\\\/med-kamera-pa-tur\\\/\",\"url\":\"https:\\\/\\\/kart.no\\\/en\\\/produkt\\\/med-kamera-pa-tur\\\/\",\"name\":\"Med kamera p\u00e5 tur - Kart.no\",\"isPartOf\":{\"@id\":\"https:\\\/\\\/kart.no\\\/en\\\/#website\"},\"datePublished\":\"2026-01-25T23:55:30+00:00\",\"dateModified\":\"2026-04-29T00:00:29+00:00\",\"breadcrumb\":{\"@id\":\"https:\\\/\\\/kart.no\\\/en\\\/produkt\\\/med-kamera-pa-tur\\\/#breadcrumb\"},\"inLanguage\":\"en-US\",\"potentialAction\":[{\"@type\":\"ReadAction\",\"target\":[\"https:\\\/\\\/kart.no\\\/en\\\/produkt\\\/med-kamera-pa-tur\\\/\"]}]},{\"@type\":\"BreadcrumbList\",\"@id\":\"https:\\\/\\\/kart.no\\\/en\\\/produkt\\\/med-kamera-pa-tur\\\/#breadcrumb\",\"itemListElement\":[{\"@type\":\"ListItem\",\"position\":1,\"name\":\"Hjem\",\"item\":\"https:\\\/\\\/kart.no\\\/en\\\/\"},{\"@type\":\"ListItem\",\"position\":2,\"name\":\"Shop\",\"item\":\"https:\\\/\\\/kart.no\\\/en\\\/shop\\\/\"},{\"@type\":\"ListItem\",\"position\":3,\"name\":\"Import_later\",\"item\":\"https:\\\/\\\/kart.no\\\/en\\\/product-category\\\/import_later\\\/\"},{\"@type\":\"ListItem\",\"position\":4,\"name\":\"Med kamera p\u00e5 tur\"}]},{\"@type\":\"WebSite\",\"@id\":\"https:\\\/\\\/kart.no\\\/en\\\/#website\",\"url\":\"https:\\\/\\\/kart.no\\\/en\\\/\",\"name\":\"Kart.no\",\"description\":\"Nordic expertise in maps and navigation\",\"publisher\":{\"@id\":\"https:\\\/\\\/kart.no\\\/en\\\/#organization\"},\"potentialAction\":[{\"@type\":\"SearchAction\",\"target\":{\"@type\":\"EntryPoint\",\"urlTemplate\":\"https:\\\/\\\/kart.no\\\/en\\\/?s={search_term_string}\"},\"query-input\":{\"@type\":\"PropertyValueSpecification\",\"valueRequired\":true,\"valueName\":\"search_term_string\"}}],\"inLanguage\":\"en-US\"},{\"@type\":\"Organization\",\"@id\":\"https:\\\/\\\/kart.no\\\/en\\\/#organization\",\"name\":\"Kart.no\",\"url\":\"https:\\\/\\\/kart.no\\\/en\\\/\",\"logo\":{\"@type\":\"ImageObject\",\"inLanguage\":\"en-US\",\"@id\":\"https:\\\/\\\/kart.no\\\/en\\\/#\\\/schema\\\/logo\\\/image\\\/\",\"url\":\"https:\\\/\\\/kart.no\\\/wp-content\\\/uploads\\\/2023\\\/10\\\/kart.no-logo.png\",\"contentUrl\":\"https:\\\/\\\/kart.no\\\/wp-content\\\/uploads\\\/2023\\\/10\\\/kart.no-logo.png\",\"width\":784,\"height\":312,\"caption\":\"Kart.no\"},\"image\":{\"@id\":\"https:\\\/\\\/kart.no\\\/en\\\/#\\\/schema\\\/logo\\\/image\\\/\"},\"sameAs\":[\"https:\\\/\\\/www.facebook.com\\\/kart.no\",\"https:\\\/\\\/www.instagram.com\\\/_kart.no\\\/\"]}]}<\/script>\n<!-- \/ Yoast SEO Premium plugin. -->","yoast_head_json":{"title":"Med kamera p\u00e5 tur - Kart.no","robots":{"index":"index","follow":"follow","max-snippet":"max-snippet:-1","max-image-preview":"max-image-preview:large","max-video-preview":"max-video-preview:-1"},"canonical":"https:\/\/kart.no\/en\/produkt\/med-kamera-pa-tur\/","og_locale":"en_US","og_type":"article","og_title":"Med kamera p\u00e5 tur","og_description":"Med kamera p\u00e5 tur gir praktiske r\u00e5d og vink til hva du b\u00f8r tenke p\u00e5 for \u00e5 f\u00e5 mer ut av fotograferingen din \u2013 enten du bruker avansert systemkamera eller bare mobilen. Det er kort og godt blitt en hel del muligheter for \u00e5 dele bildeopplevelser med andre, men det er et MEN. En trenger \u00e5 ha litt basiskunnskap for \u00e5 bli en god bildeformidler, ikke en masse teknisk viten, men noen praktiske r\u00e5d og vink kan v\u00e6re greie \u00e5 ha med p\u00e5 sommerferien. I b\u00e5ten, p\u00e5 hytta, p\u00e5 telttur med kajakken eller bare p\u00e5 en rusletur en varm sommerkveld n\u00e5r sola g\u00e5r i r\u00f8dt og motivene formelig str\u00f8mmer p\u00e5. Denne boka er derfor ment \u00e5 v\u00e6re et verkt\u00f8y, en motivasjonsfaktor, for deg som n\u00e5 st\u00e5r foran mange uker med opplevelser. S\u00e5; Kast deg litt ut i det, pr\u00f8v deg fram! Ikke v\u00e6r redd for \u00e5 trykke p\u00e5 utl\u00f8seren, du kan jo bare slette \u2013 i etterkant. St\u00e5 p\u00e5, trykk p\u00e5 utl\u00f8seren!","og_url":"https:\/\/kart.no\/en\/produkt\/med-kamera-pa-tur\/","og_site_name":"Kart.no","article_publisher":"https:\/\/www.facebook.com\/kart.no","article_modified_time":"2026-04-29T00:00:29+00:00","twitter_card":"summary_large_image","schema":{"@context":"https:\/\/schema.org","@graph":[{"@type":"WebPage","@id":"https:\/\/kart.no\/en\/produkt\/med-kamera-pa-tur\/","url":"https:\/\/kart.no\/en\/produkt\/med-kamera-pa-tur\/","name":"Med kamera p\u00e5 tur - Kart.no","isPartOf":{"@id":"https:\/\/kart.no\/en\/#website"},"datePublished":"2026-01-25T23:55:30+00:00","dateModified":"2026-04-29T00:00:29+00:00","breadcrumb":{"@id":"https:\/\/kart.no\/en\/produkt\/med-kamera-pa-tur\/#breadcrumb"},"inLanguage":"en-US","potentialAction":[{"@type":"ReadAction","target":["https:\/\/kart.no\/en\/produkt\/med-kamera-pa-tur\/"]}]},{"@type":"BreadcrumbList","@id":"https:\/\/kart.no\/en\/produkt\/med-kamera-pa-tur\/#breadcrumb","itemListElement":[{"@type":"ListItem","position":1,"name":"Hjem","item":"https:\/\/kart.no\/en\/"},{"@type":"ListItem","position":2,"name":"Shop","item":"https:\/\/kart.no\/en\/shop\/"},{"@type":"ListItem","position":3,"name":"Import_later","item":"https:\/\/kart.no\/en\/product-category\/import_later\/"},{"@type":"ListItem","position":4,"name":"Med kamera p\u00e5 tur"}]},{"@type":"WebSite","@id":"https:\/\/kart.no\/en\/#website","url":"https:\/\/kart.no\/en\/","name":"Kart.no","description":"Nordic expertise in maps and navigation","publisher":{"@id":"https:\/\/kart.no\/en\/#organization"},"potentialAction":[{"@type":"SearchAction","target":{"@type":"EntryPoint","urlTemplate":"https:\/\/kart.no\/en\/?s={search_term_string}"},"query-input":{"@type":"PropertyValueSpecification","valueRequired":true,"valueName":"search_term_string"}}],"inLanguage":"en-US"},{"@type":"Organization","@id":"https:\/\/kart.no\/en\/#organization","name":"Kart.no","url":"https:\/\/kart.no\/en\/","logo":{"@type":"ImageObject","inLanguage":"en-US","@id":"https:\/\/kart.no\/en\/#\/schema\/logo\/image\/","url":"https:\/\/kart.no\/wp-content\/uploads\/2023\/10\/kart.no-logo.png","contentUrl":"https:\/\/kart.no\/wp-content\/uploads\/2023\/10\/kart.no-logo.png","width":784,"height":312,"caption":"Kart.no"},"image":{"@id":"https:\/\/kart.no\/en\/#\/schema\/logo\/image\/"},"sameAs":["https:\/\/www.facebook.com\/kart.no","https:\/\/www.instagram.com\/_kart.no\/"]}]}},"uagb_featured_image_src":{"full":false,"thumbnail":false,"medium":false,"medium_large":false,"large":false,"1536x1536":false,"2048x2048":false,"woocommerce_thumbnail":false,"woocommerce_single":false,"woocommerce_gallery_thumbnail":false,"dgwt-wcas-product-suggestion":false},"uagb_author_info":{"display_name":"Steinar Figved","author_link":"https:\/\/kart.no\/en\/author\/"},"uagb_comment_info":0,"uagb_excerpt":"Med kamera p\u00e5 tur gir praktiske r\u00e5d og vink til hva du b\u00f8r tenke p\u00e5 for \u00e5 f\u00e5 mer ut av fotograferingen din \u2013 enten du bruker avansert systemkamera eller bare mobilen. Det er kort og godt blitt en hel del muligheter for \u00e5 dele bildeopplevelser med andre, men det er et MEN. En trenger&hellip;","_links":{"self":[{"href":"https:\/\/kart.no\/en\/wp-json\/wp\/v2\/product\/38595","targetHints":{"allow":["GET"]}}],"collection":[{"href":"https:\/\/kart.no\/en\/wp-json\/wp\/v2\/product"}],"about":[{"href":"https:\/\/kart.no\/en\/wp-json\/wp\/v2\/types\/product"}],"replies":[{"embeddable":true,"href":"https:\/\/kart.no\/en\/wp-json\/wp\/v2\/comments?post=38595"}],"wp:attachment":[{"href":"https:\/\/kart.no\/en\/wp-json\/wp\/v2\/media?parent=38595"}],"wp:term":[{"taxonomy":"product_brand","embeddable":true,"href":"https:\/\/kart.no\/en\/wp-json\/wp\/v2\/product_brand?post=38595"},{"taxonomy":"product_cat","embeddable":true,"href":"https:\/\/kart.no\/en\/wp-json\/wp\/v2\/product_cat?post=38595"},{"taxonomy":"product_tag","embeddable":true,"href":"https:\/\/kart.no\/en\/wp-json\/wp\/v2\/product_tag?post=38595"}],"curies":[{"name":"wp","href":"https:\/\/api.w.org\/{rel}","templated":true}]}}