{"id":38611,"date":"2026-01-26T00:55:56","date_gmt":"2026-01-25T23:55:56","guid":{"rendered":"https:\/\/kart.no\/produkt\/mot-til-a-seile\/"},"modified":"2026-04-29T02:01:10","modified_gmt":"2026-04-29T00:01:10","slug":"mot-til-a-seile","status":"publish","type":"product","link":"https:\/\/kart.no\/en\/produkt\/mot-til-a-seile\/","title":{"rendered":"Mot til \u00e5 seile \u2013 101 r\u00e5d til deg som vil kaste loss"},"content":{"rendered":"<p>Mot til \u00e5 seile er en inspirerende og praktisk bok for deg som dr\u00f8mmer om \u00e5 kaste loss og dra p\u00e5 langtur med seilb\u00e5t. Dag Ahlgren deler erfaringer, refleksjoner og konkrete r\u00e5d som tar for seg b\u00e5de de mentale og praktiske sidene ved \u00e5 ta steget ut i et liv til sj\u00f8s. Boken gir veiledning i alt fra forberedelser og beslutningsprosesser til hverdagen om bord, og tar opp vanlige bekymringer og sp\u00f8rsm\u00e5l mange har f\u00f8r de legger ut p\u00e5 langfart. Med 101 korte og lett tilgjengelige r\u00e5d fungerer boken b\u00e5de som inspirasjonskilde og som et nyttig supplement til mer tekniske seil- og navigasjonsb\u00f8ker.<\/p>\n","protected":false},"excerpt":{"rendered":"<p>Inspirerende bok med 101 r\u00e5d for deg som vurderer \u00e5 kaste loss og leve seildr\u00f8mmen.<\/p>\n","protected":false},"featured_media":39011,"comment_status":"open","ping_status":"closed","template":"","meta":{"_uag_custom_page_level_css":""},"product_brand":[],"product_cat":[510],"product_tag":[],"class_list":{"0":"post-38611","1":"product","2":"type-product","3":"status-publish","4":"has-post-thumbnail","6":"product_cat-seiling-regatta","7":"product_shipping_class-boxship","9":"first","10":"instock","11":"taxable","12":"shipping-taxable","13":"purchasable","14":"product-type-simple"},"composite_virtual":false,"composite_layout":"","composite_add_to_cart_form_location":"","composite_editable_in_cart":false,"composite_sold_individually_context":"","composite_shop_price_calc":"","composite_components":[],"composite_scenarios":[],"acf":[],"yoast_head":"<!-- This site is optimized with the Yoast SEO Premium plugin v27.5 (Yoast SEO v27.5) - https:\/\/yoast.com\/product\/yoast-seo-premium-wordpress\/ -->\n<title>Mot til \u00e5 seile \u2013 inspirasjonsbok for langtur og seiling<\/title>\n<meta name=\"description\" content=\"Inspirerende bok for deg som vil kaste loss. Mot til \u00e5 seile gir 101 r\u00e5d om forberedelser, valg og livet som seiler.\" \/>\n<meta name=\"robots\" content=\"index, follow, max-snippet:-1, max-image-preview:large, max-video-preview:-1\" \/>\n<link rel=\"canonical\" href=\"https:\/\/kart.no\/en\/produkt\/mot-til-a-seile\/\" \/>\n<meta property=\"og:locale\" content=\"en_US\" \/>\n<meta property=\"og:type\" content=\"article\" \/>\n<meta property=\"og:title\" content=\"Mot til \u00e5 seile \u2013 101 r\u00e5d til deg som vil kaste loss\" \/>\n<meta property=\"og:description\" content=\"Inspirerende bok for deg som vil kaste loss. Mot til \u00e5 seile gir 101 r\u00e5d om forberedelser, valg og livet som seiler.\" \/>\n<meta property=\"og:url\" content=\"https:\/\/kart.no\/en\/produkt\/mot-til-a-seile\/\" \/>\n<meta property=\"og:site_name\" content=\"Kart.no\" \/>\n<meta property=\"article:publisher\" content=\"https:\/\/www.facebook.com\/kart.no\" \/>\n<meta property=\"article:modified_time\" content=\"2026-04-29T00:01:10+00:00\" \/>\n<meta property=\"og:image\" content=\"https:\/\/kart.no\/wp-content\/uploads\/2026\/01\/mot-til-a-seile-square.jpg\" \/>\n\t<meta property=\"og:image:width\" content=\"600\" \/>\n\t<meta property=\"og:image:height\" content=\"600\" \/>\n\t<meta property=\"og:image:type\" content=\"image\/jpeg\" \/>\n<meta name=\"twitter:card\" content=\"summary_large_image\" \/>\n<meta name=\"twitter:label1\" content=\"Est. reading time\" \/>\n\t<meta name=\"twitter:data1\" content=\"1 minute\" \/>\n<script type=\"application\/ld+json\" class=\"yoast-schema-graph\">{\"@context\":\"https:\\\/\\\/schema.org\",\"@graph\":[{\"@type\":\"WebPage\",\"@id\":\"https:\\\/\\\/kart.no\\\/en\\\/produkt\\\/mot-til-a-seile\\\/\",\"url\":\"https:\\\/\\\/kart.no\\\/en\\\/produkt\\\/mot-til-a-seile\\\/\",\"name\":\"Mot til \u00e5 seile \u2013 inspirasjonsbok for langtur og seiling\",\"isPartOf\":{\"@id\":\"https:\\\/\\\/kart.no\\\/en\\\/#website\"},\"primaryImageOfPage\":{\"@id\":\"https:\\\/\\\/kart.no\\\/en\\\/produkt\\\/mot-til-a-seile\\\/#primaryimage\"},\"image\":{\"@id\":\"https:\\\/\\\/kart.no\\\/en\\\/produkt\\\/mot-til-a-seile\\\/#primaryimage\"},\"thumbnailUrl\":\"https:\\\/\\\/kart.no\\\/wp-content\\\/uploads\\\/2026\\\/01\\\/mot-til-a-seile-square.jpg\",\"datePublished\":\"2026-01-25T23:55:56+00:00\",\"dateModified\":\"2026-04-29T00:01:10+00:00\",\"description\":\"Inspirerende bok for deg som vil kaste loss. Mot til \u00e5 seile gir 101 r\u00e5d om forberedelser, valg og livet som seiler.\",\"breadcrumb\":{\"@id\":\"https:\\\/\\\/kart.no\\\/en\\\/produkt\\\/mot-til-a-seile\\\/#breadcrumb\"},\"inLanguage\":\"en-US\",\"potentialAction\":[{\"@type\":\"ReadAction\",\"target\":[\"https:\\\/\\\/kart.no\\\/en\\\/produkt\\\/mot-til-a-seile\\\/\"]}]},{\"@type\":\"ImageObject\",\"inLanguage\":\"en-US\",\"@id\":\"https:\\\/\\\/kart.no\\\/en\\\/produkt\\\/mot-til-a-seile\\\/#primaryimage\",\"url\":\"https:\\\/\\\/kart.no\\\/wp-content\\\/uploads\\\/2026\\\/01\\\/mot-til-a-seile-square.jpg\",\"contentUrl\":\"https:\\\/\\\/kart.no\\\/wp-content\\\/uploads\\\/2026\\\/01\\\/mot-til-a-seile-square.jpg\",\"width\":600,\"height\":600,\"caption\":\"Forside av \u00abMot til \u00e5 seile\u00bb av Dag Ahlgren, med seilb\u00e5t p\u00e5 \u00e5pent hav og fokus p\u00e5 inspirasjon og langfart.\"},{\"@type\":\"BreadcrumbList\",\"@id\":\"https:\\\/\\\/kart.no\\\/en\\\/produkt\\\/mot-til-a-seile\\\/#breadcrumb\",\"itemListElement\":[{\"@type\":\"ListItem\",\"position\":1,\"name\":\"Hjem\",\"item\":\"https:\\\/\\\/kart.no\\\/en\\\/\"},{\"@type\":\"ListItem\",\"position\":2,\"name\":\"Shop\",\"item\":\"https:\\\/\\\/kart.no\\\/en\\\/shop\\\/\"},{\"@type\":\"ListItem\",\"position\":3,\"name\":\"Marine\",\"item\":\"https:\\\/\\\/kart.no\\\/en\\\/product-category\\\/marine\\\/\"},{\"@type\":\"ListItem\",\"position\":4,\"name\":\"Nautical Books\",\"item\":\"https:\\\/\\\/kart.no\\\/en\\\/product-category\\\/marine\\\/nautical-books\\\/\"},{\"@type\":\"ListItem\",\"position\":5,\"name\":\"Sailing and Regattas\",\"item\":\"https:\\\/\\\/kart.no\\\/en\\\/product-category\\\/marine\\\/nautical-books\\\/sailing-and-regattas\\\/\"},{\"@type\":\"ListItem\",\"position\":6,\"name\":\"Mot til \u00e5 seile \u2013 101 r\u00e5d til deg som vil kaste loss\"}]},{\"@type\":\"WebSite\",\"@id\":\"https:\\\/\\\/kart.no\\\/en\\\/#website\",\"url\":\"https:\\\/\\\/kart.no\\\/en\\\/\",\"name\":\"Kart.no\",\"description\":\"Nordic expertise in maps and navigation\",\"publisher\":{\"@id\":\"https:\\\/\\\/kart.no\\\/en\\\/#organization\"},\"potentialAction\":[{\"@type\":\"SearchAction\",\"target\":{\"@type\":\"EntryPoint\",\"urlTemplate\":\"https:\\\/\\\/kart.no\\\/en\\\/?s={search_term_string}\"},\"query-input\":{\"@type\":\"PropertyValueSpecification\",\"valueRequired\":true,\"valueName\":\"search_term_string\"}}],\"inLanguage\":\"en-US\"},{\"@type\":\"Organization\",\"@id\":\"https:\\\/\\\/kart.no\\\/en\\\/#organization\",\"name\":\"Kart.no\",\"url\":\"https:\\\/\\\/kart.no\\\/en\\\/\",\"logo\":{\"@type\":\"ImageObject\",\"inLanguage\":\"en-US\",\"@id\":\"https:\\\/\\\/kart.no\\\/en\\\/#\\\/schema\\\/logo\\\/image\\\/\",\"url\":\"https:\\\/\\\/kart.no\\\/wp-content\\\/uploads\\\/2023\\\/10\\\/kart.no-logo.png\",\"contentUrl\":\"https:\\\/\\\/kart.no\\\/wp-content\\\/uploads\\\/2023\\\/10\\\/kart.no-logo.png\",\"width\":784,\"height\":312,\"caption\":\"Kart.no\"},\"image\":{\"@id\":\"https:\\\/\\\/kart.no\\\/en\\\/#\\\/schema\\\/logo\\\/image\\\/\"},\"sameAs\":[\"https:\\\/\\\/www.facebook.com\\\/kart.no\",\"https:\\\/\\\/www.instagram.com\\\/_kart.no\\\/\"]}]}<\/script>\n<!-- \/ Yoast SEO Premium plugin. -->","yoast_head_json":{"title":"Mot til \u00e5 seile \u2013 inspirasjonsbok for langtur og seiling","description":"Inspirerende bok for deg som vil kaste loss. Mot til \u00e5 seile gir 101 r\u00e5d om forberedelser, valg og livet som seiler.","robots":{"index":"index","follow":"follow","max-snippet":"max-snippet:-1","max-image-preview":"max-image-preview:large","max-video-preview":"max-video-preview:-1"},"canonical":"https:\/\/kart.no\/en\/produkt\/mot-til-a-seile\/","og_locale":"en_US","og_type":"article","og_title":"Mot til \u00e5 seile \u2013 101 r\u00e5d til deg som vil kaste loss","og_description":"Inspirerende bok for deg som vil kaste loss. Mot til \u00e5 seile gir 101 r\u00e5d om forberedelser, valg og livet som seiler.","og_url":"https:\/\/kart.no\/en\/produkt\/mot-til-a-seile\/","og_site_name":"Kart.no","article_publisher":"https:\/\/www.facebook.com\/kart.no","article_modified_time":"2026-04-29T00:01:10+00:00","og_image":[{"width":600,"height":600,"url":"https:\/\/kart.no\/wp-content\/uploads\/2026\/01\/mot-til-a-seile-square.jpg","type":"image\/jpeg"}],"twitter_card":"summary_large_image","twitter_misc":{"Est. reading time":"1 minute"},"schema":{"@context":"https:\/\/schema.org","@graph":[{"@type":"WebPage","@id":"https:\/\/kart.no\/en\/produkt\/mot-til-a-seile\/","url":"https:\/\/kart.no\/en\/produkt\/mot-til-a-seile\/","name":"Mot til \u00e5 seile \u2013 inspirasjonsbok for langtur og seiling","isPartOf":{"@id":"https:\/\/kart.no\/en\/#website"},"primaryImageOfPage":{"@id":"https:\/\/kart.no\/en\/produkt\/mot-til-a-seile\/#primaryimage"},"image":{"@id":"https:\/\/kart.no\/en\/produkt\/mot-til-a-seile\/#primaryimage"},"thumbnailUrl":"https:\/\/kart.no\/wp-content\/uploads\/2026\/01\/mot-til-a-seile-square.jpg","datePublished":"2026-01-25T23:55:56+00:00","dateModified":"2026-04-29T00:01:10+00:00","description":"Inspirerende bok for deg som vil kaste loss. Mot til \u00e5 seile gir 101 r\u00e5d om forberedelser, valg og livet som seiler.","breadcrumb":{"@id":"https:\/\/kart.no\/en\/produkt\/mot-til-a-seile\/#breadcrumb"},"inLanguage":"en-US","potentialAction":[{"@type":"ReadAction","target":["https:\/\/kart.no\/en\/produkt\/mot-til-a-seile\/"]}]},{"@type":"ImageObject","inLanguage":"en-US","@id":"https:\/\/kart.no\/en\/produkt\/mot-til-a-seile\/#primaryimage","url":"https:\/\/kart.no\/wp-content\/uploads\/2026\/01\/mot-til-a-seile-square.jpg","contentUrl":"https:\/\/kart.no\/wp-content\/uploads\/2026\/01\/mot-til-a-seile-square.jpg","width":600,"height":600,"caption":"Forside av \u00abMot til \u00e5 seile\u00bb av Dag Ahlgren, med seilb\u00e5t p\u00e5 \u00e5pent hav og fokus p\u00e5 inspirasjon og langfart."},{"@type":"BreadcrumbList","@id":"https:\/\/kart.no\/en\/produkt\/mot-til-a-seile\/#breadcrumb","itemListElement":[{"@type":"ListItem","position":1,"name":"Hjem","item":"https:\/\/kart.no\/en\/"},{"@type":"ListItem","position":2,"name":"Shop","item":"https:\/\/kart.no\/en\/shop\/"},{"@type":"ListItem","position":3,"name":"Marine","item":"https:\/\/kart.no\/en\/product-category\/marine\/"},{"@type":"ListItem","position":4,"name":"Nautical Books","item":"https:\/\/kart.no\/en\/product-category\/marine\/nautical-books\/"},{"@type":"ListItem","position":5,"name":"Sailing and Regattas","item":"https:\/\/kart.no\/en\/product-category\/marine\/nautical-books\/sailing-and-regattas\/"},{"@type":"ListItem","position":6,"name":"Mot til \u00e5 seile \u2013 101 r\u00e5d til deg som vil kaste loss"}]},{"@type":"WebSite","@id":"https:\/\/kart.no\/en\/#website","url":"https:\/\/kart.no\/en\/","name":"Kart.no","description":"Nordic expertise in maps and navigation","publisher":{"@id":"https:\/\/kart.no\/en\/#organization"},"potentialAction":[{"@type":"SearchAction","target":{"@type":"EntryPoint","urlTemplate":"https:\/\/kart.no\/en\/?s={search_term_string}"},"query-input":{"@type":"PropertyValueSpecification","valueRequired":true,"valueName":"search_term_string"}}],"inLanguage":"en-US"},{"@type":"Organization","@id":"https:\/\/kart.no\/en\/#organization","name":"Kart.no","url":"https:\/\/kart.no\/en\/","logo":{"@type":"ImageObject","inLanguage":"en-US","@id":"https:\/\/kart.no\/en\/#\/schema\/logo\/image\/","url":"https:\/\/kart.no\/wp-content\/uploads\/2023\/10\/kart.no-logo.png","contentUrl":"https:\/\/kart.no\/wp-content\/uploads\/2023\/10\/kart.no-logo.png","width":784,"height":312,"caption":"Kart.no"},"image":{"@id":"https:\/\/kart.no\/en\/#\/schema\/logo\/image\/"},"sameAs":["https:\/\/www.facebook.com\/kart.no","https:\/\/www.instagram.com\/_kart.no\/"]}]}},"uagb_featured_image_src":{"full":["https:\/\/kart.no\/wp-content\/uploads\/2026\/01\/mot-til-a-seile-square.jpg",600,600,false],"thumbnail":["https:\/\/kart.no\/wp-content\/uploads\/2026\/01\/mot-til-a-seile-square-150x150.jpg",150,150,true],"medium":["https:\/\/kart.no\/wp-content\/uploads\/2026\/01\/mot-til-a-seile-square-300x300.jpg",300,300,true],"medium_large":["https:\/\/kart.no\/wp-content\/uploads\/2026\/01\/mot-til-a-seile-square.jpg",600,600,false],"large":["https:\/\/kart.no\/wp-content\/uploads\/2026\/01\/mot-til-a-seile-square.jpg",600,600,false],"1536x1536":["https:\/\/kart.no\/wp-content\/uploads\/2026\/01\/mot-til-a-seile-square.jpg",600,600,false],"2048x2048":["https:\/\/kart.no\/wp-content\/uploads\/2026\/01\/mot-til-a-seile-square.jpg",600,600,false],"woocommerce_thumbnail":["https:\/\/kart.no\/wp-content\/uploads\/2026\/01\/mot-til-a-seile-square-300x300.jpg",300,300,true],"woocommerce_single":["https:\/\/kart.no\/wp-content\/uploads\/2026\/01\/mot-til-a-seile-square.jpg",600,600,false],"woocommerce_gallery_thumbnail":["https:\/\/kart.no\/wp-content\/uploads\/2026\/01\/mot-til-a-seile-square-100x100.jpg",100,100,true],"dgwt-wcas-product-suggestion":["https:\/\/kart.no\/wp-content\/uploads\/2026\/01\/mot-til-a-seile-square-64x64.jpg",64,64,true]},"uagb_author_info":{"display_name":"Steinar Figved","author_link":"https:\/\/kart.no\/en\/author\/"},"uagb_comment_info":0,"uagb_excerpt":"Inspirerende bok med 101 r\u00e5d for deg som vurderer \u00e5 kaste loss og leve seildr\u00f8mmen.","_links":{"self":[{"href":"https:\/\/kart.no\/en\/wp-json\/wp\/v2\/product\/38611","targetHints":{"allow":["GET"]}}],"collection":[{"href":"https:\/\/kart.no\/en\/wp-json\/wp\/v2\/product"}],"about":[{"href":"https:\/\/kart.no\/en\/wp-json\/wp\/v2\/types\/product"}],"replies":[{"embeddable":true,"href":"https:\/\/kart.no\/en\/wp-json\/wp\/v2\/comments?post=38611"}],"wp:featuredmedia":[{"embeddable":true,"href":"https:\/\/kart.no\/en\/wp-json\/wp\/v2\/media\/39011"}],"wp:attachment":[{"href":"https:\/\/kart.no\/en\/wp-json\/wp\/v2\/media?parent=38611"}],"wp:term":[{"taxonomy":"product_brand","embeddable":true,"href":"https:\/\/kart.no\/en\/wp-json\/wp\/v2\/product_brand?post=38611"},{"taxonomy":"product_cat","embeddable":true,"href":"https:\/\/kart.no\/en\/wp-json\/wp\/v2\/product_cat?post=38611"},{"taxonomy":"product_tag","embeddable":true,"href":"https:\/\/kart.no\/en\/wp-json\/wp\/v2\/product_tag?post=38611"}],"curies":[{"name":"wp","href":"https:\/\/api.w.org\/{rel}","templated":true}]}}