{"id":38617,"date":"2026-01-26T00:56:00","date_gmt":"2026-01-25T23:56:00","guid":{"rendered":"https:\/\/kart.no\/produkt\/regler-for-passasjer-og-lasteskip-2019\/"},"modified":"2026-03-09T01:46:54","modified_gmt":"2026-03-09T00:46:54","slug":"regler-for-passasjer-og-lasteskip-2019","status":"publish","type":"product","link":"https:\/\/kart.no\/en\/produkt\/regler-for-passasjer-og-lasteskip-2019\/","title":{"rendered":"Regler for passasjer- og lasteskip &#8211; 2019"},"content":{"rendered":"<p>Regler for passasjer- og lasteskip er en offisiell samling av gjeldende lover og forskrifter for passasjer- og lasteskip under norsk flagg. Utgivelsen gir en strukturert oversikt over regelverket som gjelder for konstruksjon, drift, sikkerhet, sertifisering og dokumentasjon av skip. Boken er utarbeidet av Sj\u00f8fartsdirektoratet og fungerer som et sentralt oppslagsverk for rederier, skipsf\u00f8rere, inspekt\u00f8rer og andre som arbeider profesjonelt med maritim virksomhet. Innholdet er systematisert slik at det er enkelt \u00e5 finne relevante bestemmelser, og dekker b\u00e5de nasjonale regler og implementerte EU-rettsakter.<\/p>\n","protected":false},"excerpt":{"rendered":"<p>Offisiell regelbok med lover og forskrifter for passasjer- og lasteskip, utgitt av Sj\u00f8fartsdirektoratet. Denne utgaven er ajourf\u00f8rt med lov- og forskriftsendringer per 1.1.2019. Dette er den siste utgaven og vil ikke bli trykket p\u00e5 nytt. Skal du ha senere oppdatert utgave er den kun \u00e5 f\u00e5 i digital form.<\/p>\n","protected":false},"featured_media":38977,"comment_status":"open","ping_status":"closed","template":"","meta":{"_uag_custom_page_level_css":""},"product_brand":[659],"product_cat":[1008],"product_tag":[],"class_list":{"0":"post-38617","1":"product","2":"type-product","3":"status-publish","4":"has-post-thumbnail","6":"product_brand-sjofartsdirektoratet","7":"product_cat-uncategorized-no","8":"product_shipping_class-boxship","9":"pa_produsent-sjofartsdirektoratet","11":"first","12":"instock","13":"taxable","14":"shipping-taxable","15":"purchasable","16":"product-type-simple"},"composite_virtual":false,"composite_layout":"","composite_add_to_cart_form_location":"","composite_editable_in_cart":false,"composite_sold_individually_context":"","composite_shop_price_calc":"","composite_components":[],"composite_scenarios":[],"acf":[],"yoast_head":"<!-- This site is optimized with the Yoast SEO Premium plugin v27.4 (Yoast SEO v27.4) - https:\/\/yoast.com\/product\/yoast-seo-premium-wordpress\/ -->\n<title>Regler for passasjer- og lasteskip \u2013 gjeldende maritimt regelverk<\/title>\n<meta name=\"description\" content=\"Offisiell samling av lover og forskrifter for passasjer- og lasteskip. Regler for passasjer- og lasteskip utgitt av Sj\u00f8fartsdirektoratet.\" \/>\n<meta name=\"robots\" content=\"index, follow, max-snippet:-1, max-image-preview:large, max-video-preview:-1\" \/>\n<link rel=\"canonical\" href=\"https:\/\/kart.no\/en\/produkt\/regler-for-passasjer-og-lasteskip-2019\/\" \/>\n<meta property=\"og:locale\" content=\"en_US\" \/>\n<meta property=\"og:type\" content=\"article\" \/>\n<meta property=\"og:title\" content=\"Regler for passasjer- og lasteskip - 2019\" \/>\n<meta property=\"og:description\" content=\"Offisiell samling av lover og forskrifter for passasjer- og lasteskip. Regler for passasjer- og lasteskip utgitt av Sj\u00f8fartsdirektoratet.\" \/>\n<meta property=\"og:url\" content=\"https:\/\/kart.no\/en\/produkt\/regler-for-passasjer-og-lasteskip-2019\/\" \/>\n<meta property=\"og:site_name\" content=\"Kart.no\" \/>\n<meta property=\"article:publisher\" content=\"https:\/\/www.facebook.com\/kart.no\" \/>\n<meta property=\"article:modified_time\" content=\"2026-03-09T00:46:54+00:00\" \/>\n<meta property=\"og:image\" content=\"https:\/\/kart.no\/wp-content\/uploads\/2026\/01\/regler-passasjer-lasteskip-square.jpg\" \/>\n\t<meta property=\"og:image:width\" content=\"600\" \/>\n\t<meta property=\"og:image:height\" content=\"600\" \/>\n\t<meta property=\"og:image:type\" content=\"image\/jpeg\" \/>\n<meta name=\"twitter:card\" content=\"summary_large_image\" \/>\n<meta name=\"twitter:label1\" content=\"Est. reading time\" \/>\n\t<meta name=\"twitter:data1\" content=\"1 minute\" \/>\n<script type=\"application\/ld+json\" class=\"yoast-schema-graph\">{\"@context\":\"https:\\\/\\\/schema.org\",\"@graph\":[{\"@type\":\"WebPage\",\"@id\":\"https:\\\/\\\/kart.no\\\/en\\\/produkt\\\/regler-for-passasjer-og-lasteskip-2019\\\/\",\"url\":\"https:\\\/\\\/kart.no\\\/en\\\/produkt\\\/regler-for-passasjer-og-lasteskip-2019\\\/\",\"name\":\"Regler for passasjer- og lasteskip \u2013 gjeldende maritimt regelverk\",\"isPartOf\":{\"@id\":\"https:\\\/\\\/kart.no\\\/en\\\/#website\"},\"primaryImageOfPage\":{\"@id\":\"https:\\\/\\\/kart.no\\\/en\\\/produkt\\\/regler-for-passasjer-og-lasteskip-2019\\\/#primaryimage\"},\"image\":{\"@id\":\"https:\\\/\\\/kart.no\\\/en\\\/produkt\\\/regler-for-passasjer-og-lasteskip-2019\\\/#primaryimage\"},\"thumbnailUrl\":\"https:\\\/\\\/kart.no\\\/wp-content\\\/uploads\\\/2026\\\/01\\\/regler-passasjer-lasteskip-square.jpg\",\"datePublished\":\"2026-01-25T23:56:00+00:00\",\"dateModified\":\"2026-03-09T00:46:54+00:00\",\"description\":\"Offisiell samling av lover og forskrifter for passasjer- og lasteskip. Regler for passasjer- og lasteskip utgitt av Sj\u00f8fartsdirektoratet.\",\"breadcrumb\":{\"@id\":\"https:\\\/\\\/kart.no\\\/en\\\/produkt\\\/regler-for-passasjer-og-lasteskip-2019\\\/#breadcrumb\"},\"inLanguage\":\"en-US\",\"potentialAction\":[{\"@type\":\"ReadAction\",\"target\":[\"https:\\\/\\\/kart.no\\\/en\\\/produkt\\\/regler-for-passasjer-og-lasteskip-2019\\\/\"]}]},{\"@type\":\"ImageObject\",\"inLanguage\":\"en-US\",\"@id\":\"https:\\\/\\\/kart.no\\\/en\\\/produkt\\\/regler-for-passasjer-og-lasteskip-2019\\\/#primaryimage\",\"url\":\"https:\\\/\\\/kart.no\\\/wp-content\\\/uploads\\\/2026\\\/01\\\/regler-passasjer-lasteskip-square.jpg\",\"contentUrl\":\"https:\\\/\\\/kart.no\\\/wp-content\\\/uploads\\\/2026\\\/01\\\/regler-passasjer-lasteskip-square.jpg\",\"width\":600,\"height\":600,\"caption\":\"Forside av \u00abRegler for passasjer- og lasteskip\u00bb utgitt av Sj\u00f8fartsdirektoratet, med oversikt over gjeldende lover og forskrifter for skip.\"},{\"@type\":\"BreadcrumbList\",\"@id\":\"https:\\\/\\\/kart.no\\\/en\\\/produkt\\\/regler-for-passasjer-og-lasteskip-2019\\\/#breadcrumb\",\"itemListElement\":[{\"@type\":\"ListItem\",\"position\":1,\"name\":\"Hjem\",\"item\":\"https:\\\/\\\/kart.no\\\/en\\\/\"},{\"@type\":\"ListItem\",\"position\":2,\"name\":\"Shop\",\"item\":\"https:\\\/\\\/kart.no\\\/en\\\/shop\\\/\"},{\"@type\":\"ListItem\",\"position\":3,\"name\":\"Uncategorized\",\"item\":\"https:\\\/\\\/kart.no\\\/en\\\/product-category\\\/uncategorized\\\/\"},{\"@type\":\"ListItem\",\"position\":4,\"name\":\"Regler for passasjer- og lasteskip &#8211; 2019\"}]},{\"@type\":\"WebSite\",\"@id\":\"https:\\\/\\\/kart.no\\\/en\\\/#website\",\"url\":\"https:\\\/\\\/kart.no\\\/en\\\/\",\"name\":\"Kart.no\",\"description\":\"Nordic expertise in maps and navigation\",\"publisher\":{\"@id\":\"https:\\\/\\\/kart.no\\\/en\\\/#organization\"},\"potentialAction\":[{\"@type\":\"SearchAction\",\"target\":{\"@type\":\"EntryPoint\",\"urlTemplate\":\"https:\\\/\\\/kart.no\\\/en\\\/?s={search_term_string}\"},\"query-input\":{\"@type\":\"PropertyValueSpecification\",\"valueRequired\":true,\"valueName\":\"search_term_string\"}}],\"inLanguage\":\"en-US\"},{\"@type\":\"Organization\",\"@id\":\"https:\\\/\\\/kart.no\\\/en\\\/#organization\",\"name\":\"Kart.no\",\"url\":\"https:\\\/\\\/kart.no\\\/en\\\/\",\"logo\":{\"@type\":\"ImageObject\",\"inLanguage\":\"en-US\",\"@id\":\"https:\\\/\\\/kart.no\\\/en\\\/#\\\/schema\\\/logo\\\/image\\\/\",\"url\":\"https:\\\/\\\/kart.no\\\/wp-content\\\/uploads\\\/2023\\\/10\\\/kart.no-logo.png\",\"contentUrl\":\"https:\\\/\\\/kart.no\\\/wp-content\\\/uploads\\\/2023\\\/10\\\/kart.no-logo.png\",\"width\":784,\"height\":312,\"caption\":\"Kart.no\"},\"image\":{\"@id\":\"https:\\\/\\\/kart.no\\\/en\\\/#\\\/schema\\\/logo\\\/image\\\/\"},\"sameAs\":[\"https:\\\/\\\/www.facebook.com\\\/kart.no\",\"https:\\\/\\\/www.instagram.com\\\/_kart.no\\\/\"]}]}<\/script>\n<!-- \/ Yoast SEO Premium plugin. -->","yoast_head_json":{"title":"Regler for passasjer- og lasteskip \u2013 gjeldende maritimt regelverk","description":"Offisiell samling av lover og forskrifter for passasjer- og lasteskip. Regler for passasjer- og lasteskip utgitt av Sj\u00f8fartsdirektoratet.","robots":{"index":"index","follow":"follow","max-snippet":"max-snippet:-1","max-image-preview":"max-image-preview:large","max-video-preview":"max-video-preview:-1"},"canonical":"https:\/\/kart.no\/en\/produkt\/regler-for-passasjer-og-lasteskip-2019\/","og_locale":"en_US","og_type":"article","og_title":"Regler for passasjer- og lasteskip - 2019","og_description":"Offisiell samling av lover og forskrifter for passasjer- og lasteskip. Regler for passasjer- og lasteskip utgitt av Sj\u00f8fartsdirektoratet.","og_url":"https:\/\/kart.no\/en\/produkt\/regler-for-passasjer-og-lasteskip-2019\/","og_site_name":"Kart.no","article_publisher":"https:\/\/www.facebook.com\/kart.no","article_modified_time":"2026-03-09T00:46:54+00:00","og_image":[{"width":600,"height":600,"url":"https:\/\/kart.no\/wp-content\/uploads\/2026\/01\/regler-passasjer-lasteskip-square.jpg","type":"image\/jpeg"}],"twitter_card":"summary_large_image","twitter_misc":{"Est. reading time":"1 minute"},"schema":{"@context":"https:\/\/schema.org","@graph":[{"@type":"WebPage","@id":"https:\/\/kart.no\/en\/produkt\/regler-for-passasjer-og-lasteskip-2019\/","url":"https:\/\/kart.no\/en\/produkt\/regler-for-passasjer-og-lasteskip-2019\/","name":"Regler for passasjer- og lasteskip \u2013 gjeldende maritimt regelverk","isPartOf":{"@id":"https:\/\/kart.no\/en\/#website"},"primaryImageOfPage":{"@id":"https:\/\/kart.no\/en\/produkt\/regler-for-passasjer-og-lasteskip-2019\/#primaryimage"},"image":{"@id":"https:\/\/kart.no\/en\/produkt\/regler-for-passasjer-og-lasteskip-2019\/#primaryimage"},"thumbnailUrl":"https:\/\/kart.no\/wp-content\/uploads\/2026\/01\/regler-passasjer-lasteskip-square.jpg","datePublished":"2026-01-25T23:56:00+00:00","dateModified":"2026-03-09T00:46:54+00:00","description":"Offisiell samling av lover og forskrifter for passasjer- og lasteskip. Regler for passasjer- og lasteskip utgitt av Sj\u00f8fartsdirektoratet.","breadcrumb":{"@id":"https:\/\/kart.no\/en\/produkt\/regler-for-passasjer-og-lasteskip-2019\/#breadcrumb"},"inLanguage":"en-US","potentialAction":[{"@type":"ReadAction","target":["https:\/\/kart.no\/en\/produkt\/regler-for-passasjer-og-lasteskip-2019\/"]}]},{"@type":"ImageObject","inLanguage":"en-US","@id":"https:\/\/kart.no\/en\/produkt\/regler-for-passasjer-og-lasteskip-2019\/#primaryimage","url":"https:\/\/kart.no\/wp-content\/uploads\/2026\/01\/regler-passasjer-lasteskip-square.jpg","contentUrl":"https:\/\/kart.no\/wp-content\/uploads\/2026\/01\/regler-passasjer-lasteskip-square.jpg","width":600,"height":600,"caption":"Forside av \u00abRegler for passasjer- og lasteskip\u00bb utgitt av Sj\u00f8fartsdirektoratet, med oversikt over gjeldende lover og forskrifter for skip."},{"@type":"BreadcrumbList","@id":"https:\/\/kart.no\/en\/produkt\/regler-for-passasjer-og-lasteskip-2019\/#breadcrumb","itemListElement":[{"@type":"ListItem","position":1,"name":"Hjem","item":"https:\/\/kart.no\/en\/"},{"@type":"ListItem","position":2,"name":"Shop","item":"https:\/\/kart.no\/en\/shop\/"},{"@type":"ListItem","position":3,"name":"Uncategorized","item":"https:\/\/kart.no\/en\/product-category\/uncategorized\/"},{"@type":"ListItem","position":4,"name":"Regler for passasjer- og lasteskip &#8211; 2019"}]},{"@type":"WebSite","@id":"https:\/\/kart.no\/en\/#website","url":"https:\/\/kart.no\/en\/","name":"Kart.no","description":"Nordic expertise in maps and navigation","publisher":{"@id":"https:\/\/kart.no\/en\/#organization"},"potentialAction":[{"@type":"SearchAction","target":{"@type":"EntryPoint","urlTemplate":"https:\/\/kart.no\/en\/?s={search_term_string}"},"query-input":{"@type":"PropertyValueSpecification","valueRequired":true,"valueName":"search_term_string"}}],"inLanguage":"en-US"},{"@type":"Organization","@id":"https:\/\/kart.no\/en\/#organization","name":"Kart.no","url":"https:\/\/kart.no\/en\/","logo":{"@type":"ImageObject","inLanguage":"en-US","@id":"https:\/\/kart.no\/en\/#\/schema\/logo\/image\/","url":"https:\/\/kart.no\/wp-content\/uploads\/2023\/10\/kart.no-logo.png","contentUrl":"https:\/\/kart.no\/wp-content\/uploads\/2023\/10\/kart.no-logo.png","width":784,"height":312,"caption":"Kart.no"},"image":{"@id":"https:\/\/kart.no\/en\/#\/schema\/logo\/image\/"},"sameAs":["https:\/\/www.facebook.com\/kart.no","https:\/\/www.instagram.com\/_kart.no\/"]}]}},"uagb_featured_image_src":{"full":["https:\/\/kart.no\/wp-content\/uploads\/2026\/01\/regler-passasjer-lasteskip-square.jpg",600,600,false],"thumbnail":["https:\/\/kart.no\/wp-content\/uploads\/2026\/01\/regler-passasjer-lasteskip-square-150x150.jpg",150,150,true],"medium":["https:\/\/kart.no\/wp-content\/uploads\/2026\/01\/regler-passasjer-lasteskip-square-300x300.jpg",300,300,true],"medium_large":["https:\/\/kart.no\/wp-content\/uploads\/2026\/01\/regler-passasjer-lasteskip-square.jpg",600,600,false],"large":["https:\/\/kart.no\/wp-content\/uploads\/2026\/01\/regler-passasjer-lasteskip-square.jpg",600,600,false],"1536x1536":["https:\/\/kart.no\/wp-content\/uploads\/2026\/01\/regler-passasjer-lasteskip-square.jpg",600,600,false],"2048x2048":["https:\/\/kart.no\/wp-content\/uploads\/2026\/01\/regler-passasjer-lasteskip-square.jpg",600,600,false],"woocommerce_thumbnail":["https:\/\/kart.no\/wp-content\/uploads\/2026\/01\/regler-passasjer-lasteskip-square-300x300.jpg",300,300,true],"woocommerce_single":["https:\/\/kart.no\/wp-content\/uploads\/2026\/01\/regler-passasjer-lasteskip-square.jpg",600,600,false],"woocommerce_gallery_thumbnail":["https:\/\/kart.no\/wp-content\/uploads\/2026\/01\/regler-passasjer-lasteskip-square-100x100.jpg",100,100,true],"dgwt-wcas-product-suggestion":["https:\/\/kart.no\/wp-content\/uploads\/2026\/01\/regler-passasjer-lasteskip-square-64x64.jpg",64,64,true]},"uagb_author_info":{"display_name":"Steinar Figved","author_link":"https:\/\/kart.no\/en\/author\/"},"uagb_comment_info":0,"uagb_excerpt":"Offisiell regelbok med lover og forskrifter for passasjer- og lasteskip, utgitt av Sj\u00f8fartsdirektoratet. Denne utgaven er ajourf\u00f8rt med lov- og forskriftsendringer per 1.1.2019. Dette er den siste utgaven og vil ikke bli trykket p\u00e5 nytt. Skal du ha senere oppdatert utgave er den kun \u00e5 f\u00e5 i digital form.","_links":{"self":[{"href":"https:\/\/kart.no\/en\/wp-json\/wp\/v2\/product\/38617","targetHints":{"allow":["GET"]}}],"collection":[{"href":"https:\/\/kart.no\/en\/wp-json\/wp\/v2\/product"}],"about":[{"href":"https:\/\/kart.no\/en\/wp-json\/wp\/v2\/types\/product"}],"replies":[{"embeddable":true,"href":"https:\/\/kart.no\/en\/wp-json\/wp\/v2\/comments?post=38617"}],"wp:featuredmedia":[{"embeddable":true,"href":"https:\/\/kart.no\/en\/wp-json\/wp\/v2\/media\/38977"}],"wp:attachment":[{"href":"https:\/\/kart.no\/en\/wp-json\/wp\/v2\/media?parent=38617"}],"wp:term":[{"taxonomy":"product_brand","embeddable":true,"href":"https:\/\/kart.no\/en\/wp-json\/wp\/v2\/product_brand?post=38617"},{"taxonomy":"product_cat","embeddable":true,"href":"https:\/\/kart.no\/en\/wp-json\/wp\/v2\/product_cat?post=38617"},{"taxonomy":"product_tag","embeddable":true,"href":"https:\/\/kart.no\/en\/wp-json\/wp\/v2\/product_tag?post=38617"}],"curies":[{"name":"wp","href":"https:\/\/api.w.org\/{rel}","templated":true}]}}