{"id":38653,"date":"2026-01-26T00:57:11","date_gmt":"2026-01-25T23:57:11","guid":{"rendered":"https:\/\/kart.no\/produkt\/mot-strommen\/"},"modified":"2026-04-29T02:00:35","modified_gmt":"2026-04-29T00:00:35","slug":"mot-strommen","status":"publish","type":"product","link":"https:\/\/kart.no\/en\/produkt\/mot-strommen\/","title":{"rendered":"Mot str\u00f8mmen"},"content":{"rendered":"<p>B\u00f8ker\/B\u00f8ker hovedkategorier\/Reisebeskrivelser<\/p>\n","protected":false},"excerpt":{"rendered":"<p>Tommy tilh\u00f8rer den typen som m\u00e5 utfordre, helst alt og alle. Han er en viljesterk r\u00e5tass som ut\u00e5lmodig vandrer gjennom livet p\u00e5 jakt etter nye grenser \u00e5 sprenge. Det gjelder \u00e5 finne nye l\u00f8sninger, optimalisere og aldri ta noe for gitt.<\/p>\n<p>Olav derimot, har p\u00e5 mange m\u00e5ter nok med bare \u00e5 v\u00e6re til. For denne mannen er det en utfordring i seg selv \u00e5 ha ryggsekken fylt opp med tusener av \u00e5rs evolusjon. Slik blir sinnet fylt av undring og eksistensiell refleksjon, men ogs\u00e5 en sterk livslyst og tilstedev\u00e6relse.<\/p>\n<p>Barbara mangler mast, men har et desto mer smekkert skrog. hun er en \u00e5pen rob\u00e5t p\u00e5 elleve alen og sju tommer. Av typen Geitb\u00e5t i st\u00f8rrelse Melf\u00e6ring, dvs 2 1\/2 roms b\u00e5t.<\/p>\n<p>Sammen har de tre bestemt seg for \u00e5 gj\u00f8re et karstykke av de helt store. De vil ro mot b\u00f8lger og str\u00f8m, v\u00e6r og vind, hele veien fra Norge til F\u00e6r\u00f8yene. 660 km i luftlinje over ett av verdens mest krevende havomr\u00e5der. Ingen har klart det f\u00f8r dem. Sannsynligvis heller ikke vikingene. De tok jo som kjent seil med seg.<\/p>\n","protected":false},"featured_media":0,"comment_status":"open","ping_status":"closed","template":"","meta":{"_uag_custom_page_level_css":""},"product_brand":[574],"product_cat":[643],"product_tag":[],"class_list":{"0":"post-38653","1":"product","2":"type-product","3":"status-publish","5":"product_brand-ukjent","6":"product_cat-import_later","7":"product_shipping_class-boxship","9":"first","10":"instock","11":"taxable","12":"shipping-taxable","13":"purchasable","14":"product-type-simple"},"composite_virtual":false,"composite_layout":"","composite_add_to_cart_form_location":"","composite_editable_in_cart":false,"composite_sold_individually_context":"","composite_shop_price_calc":"","composite_components":[],"composite_scenarios":[],"acf":[],"yoast_head":"<!-- This site is optimized with the Yoast SEO Premium plugin v27.5 (Yoast SEO v27.5) - https:\/\/yoast.com\/product\/yoast-seo-premium-wordpress\/ -->\n<title>Mot str\u00f8mmen - Kart.no<\/title>\n<meta name=\"robots\" content=\"index, follow, max-snippet:-1, max-image-preview:large, max-video-preview:-1\" \/>\n<link rel=\"canonical\" href=\"https:\/\/kart.no\/en\/produkt\/mot-strommen\/\" \/>\n<meta property=\"og:locale\" content=\"en_US\" \/>\n<meta property=\"og:type\" content=\"article\" \/>\n<meta property=\"og:title\" content=\"Mot str\u00f8mmen\" \/>\n<meta property=\"og:description\" content=\"Tommy tilh\u00f8rer den typen som m\u00e5 utfordre, helst alt og alle. Han er en viljesterk r\u00e5tass som ut\u00e5lmodig vandrer gjennom livet p\u00e5 jakt etter nye grenser \u00e5 sprenge. Det gjelder \u00e5 finne nye l\u00f8sninger, optimalisere og aldri ta noe for gitt. Olav derimot, har p\u00e5 mange m\u00e5ter nok med bare \u00e5 v\u00e6re til. For denne mannen er det en utfordring i seg selv \u00e5 ha ryggsekken fylt opp med tusener av \u00e5rs evolusjon. Slik blir sinnet fylt av undring og eksistensiell refleksjon, men ogs\u00e5 en sterk livslyst og tilstedev\u00e6relse. Barbara mangler mast, men har et desto mer smekkert skrog. hun er en \u00e5pen rob\u00e5t p\u00e5 elleve alen og sju tommer. Av typen Geitb\u00e5t i st\u00f8rrelse Melf\u00e6ring, dvs 2 1\/2 roms b\u00e5t. Sammen har de tre bestemt seg for \u00e5 gj\u00f8re et karstykke av de helt store. De vil ro mot b\u00f8lger og str\u00f8m, v\u00e6r og vind, hele veien fra Norge til F\u00e6r\u00f8yene. 660 km i luftlinje over ett av verdens mest krevende havomr\u00e5der. Ingen har klart det f\u00f8r dem. Sannsynligvis heller ikke vikingene. De tok jo som kjent seil med seg.\" \/>\n<meta property=\"og:url\" content=\"https:\/\/kart.no\/en\/produkt\/mot-strommen\/\" \/>\n<meta property=\"og:site_name\" content=\"Kart.no\" \/>\n<meta property=\"article:publisher\" content=\"https:\/\/www.facebook.com\/kart.no\" \/>\n<meta property=\"article:modified_time\" content=\"2026-04-29T00:00:35+00:00\" \/>\n<meta name=\"twitter:card\" content=\"summary_large_image\" \/>\n<script type=\"application\/ld+json\" class=\"yoast-schema-graph\">{\"@context\":\"https:\\\/\\\/schema.org\",\"@graph\":[{\"@type\":\"WebPage\",\"@id\":\"https:\\\/\\\/kart.no\\\/en\\\/produkt\\\/mot-strommen\\\/\",\"url\":\"https:\\\/\\\/kart.no\\\/en\\\/produkt\\\/mot-strommen\\\/\",\"name\":\"Mot str\u00f8mmen - Kart.no\",\"isPartOf\":{\"@id\":\"https:\\\/\\\/kart.no\\\/en\\\/#website\"},\"datePublished\":\"2026-01-25T23:57:11+00:00\",\"dateModified\":\"2026-04-29T00:00:35+00:00\",\"breadcrumb\":{\"@id\":\"https:\\\/\\\/kart.no\\\/en\\\/produkt\\\/mot-strommen\\\/#breadcrumb\"},\"inLanguage\":\"en-US\",\"potentialAction\":[{\"@type\":\"ReadAction\",\"target\":[\"https:\\\/\\\/kart.no\\\/en\\\/produkt\\\/mot-strommen\\\/\"]}]},{\"@type\":\"BreadcrumbList\",\"@id\":\"https:\\\/\\\/kart.no\\\/en\\\/produkt\\\/mot-strommen\\\/#breadcrumb\",\"itemListElement\":[{\"@type\":\"ListItem\",\"position\":1,\"name\":\"Hjem\",\"item\":\"https:\\\/\\\/kart.no\\\/en\\\/\"},{\"@type\":\"ListItem\",\"position\":2,\"name\":\"Shop\",\"item\":\"https:\\\/\\\/kart.no\\\/en\\\/shop\\\/\"},{\"@type\":\"ListItem\",\"position\":3,\"name\":\"Import_later\",\"item\":\"https:\\\/\\\/kart.no\\\/en\\\/product-category\\\/import_later\\\/\"},{\"@type\":\"ListItem\",\"position\":4,\"name\":\"Mot str\u00f8mmen\"}]},{\"@type\":\"WebSite\",\"@id\":\"https:\\\/\\\/kart.no\\\/en\\\/#website\",\"url\":\"https:\\\/\\\/kart.no\\\/en\\\/\",\"name\":\"Kart.no\",\"description\":\"Nordic expertise in maps and navigation\",\"publisher\":{\"@id\":\"https:\\\/\\\/kart.no\\\/en\\\/#organization\"},\"potentialAction\":[{\"@type\":\"SearchAction\",\"target\":{\"@type\":\"EntryPoint\",\"urlTemplate\":\"https:\\\/\\\/kart.no\\\/en\\\/?s={search_term_string}\"},\"query-input\":{\"@type\":\"PropertyValueSpecification\",\"valueRequired\":true,\"valueName\":\"search_term_string\"}}],\"inLanguage\":\"en-US\"},{\"@type\":\"Organization\",\"@id\":\"https:\\\/\\\/kart.no\\\/en\\\/#organization\",\"name\":\"Kart.no\",\"url\":\"https:\\\/\\\/kart.no\\\/en\\\/\",\"logo\":{\"@type\":\"ImageObject\",\"inLanguage\":\"en-US\",\"@id\":\"https:\\\/\\\/kart.no\\\/en\\\/#\\\/schema\\\/logo\\\/image\\\/\",\"url\":\"https:\\\/\\\/kart.no\\\/wp-content\\\/uploads\\\/2023\\\/10\\\/kart.no-logo.png\",\"contentUrl\":\"https:\\\/\\\/kart.no\\\/wp-content\\\/uploads\\\/2023\\\/10\\\/kart.no-logo.png\",\"width\":784,\"height\":312,\"caption\":\"Kart.no\"},\"image\":{\"@id\":\"https:\\\/\\\/kart.no\\\/en\\\/#\\\/schema\\\/logo\\\/image\\\/\"},\"sameAs\":[\"https:\\\/\\\/www.facebook.com\\\/kart.no\",\"https:\\\/\\\/www.instagram.com\\\/_kart.no\\\/\"]}]}<\/script>\n<!-- \/ Yoast SEO Premium plugin. -->","yoast_head_json":{"title":"Mot str\u00f8mmen - Kart.no","robots":{"index":"index","follow":"follow","max-snippet":"max-snippet:-1","max-image-preview":"max-image-preview:large","max-video-preview":"max-video-preview:-1"},"canonical":"https:\/\/kart.no\/en\/produkt\/mot-strommen\/","og_locale":"en_US","og_type":"article","og_title":"Mot str\u00f8mmen","og_description":"Tommy tilh\u00f8rer den typen som m\u00e5 utfordre, helst alt og alle. Han er en viljesterk r\u00e5tass som ut\u00e5lmodig vandrer gjennom livet p\u00e5 jakt etter nye grenser \u00e5 sprenge. Det gjelder \u00e5 finne nye l\u00f8sninger, optimalisere og aldri ta noe for gitt. Olav derimot, har p\u00e5 mange m\u00e5ter nok med bare \u00e5 v\u00e6re til. For denne mannen er det en utfordring i seg selv \u00e5 ha ryggsekken fylt opp med tusener av \u00e5rs evolusjon. Slik blir sinnet fylt av undring og eksistensiell refleksjon, men ogs\u00e5 en sterk livslyst og tilstedev\u00e6relse. Barbara mangler mast, men har et desto mer smekkert skrog. hun er en \u00e5pen rob\u00e5t p\u00e5 elleve alen og sju tommer. Av typen Geitb\u00e5t i st\u00f8rrelse Melf\u00e6ring, dvs 2 1\/2 roms b\u00e5t. Sammen har de tre bestemt seg for \u00e5 gj\u00f8re et karstykke av de helt store. De vil ro mot b\u00f8lger og str\u00f8m, v\u00e6r og vind, hele veien fra Norge til F\u00e6r\u00f8yene. 660 km i luftlinje over ett av verdens mest krevende havomr\u00e5der. Ingen har klart det f\u00f8r dem. Sannsynligvis heller ikke vikingene. De tok jo som kjent seil med seg.","og_url":"https:\/\/kart.no\/en\/produkt\/mot-strommen\/","og_site_name":"Kart.no","article_publisher":"https:\/\/www.facebook.com\/kart.no","article_modified_time":"2026-04-29T00:00:35+00:00","twitter_card":"summary_large_image","schema":{"@context":"https:\/\/schema.org","@graph":[{"@type":"WebPage","@id":"https:\/\/kart.no\/en\/produkt\/mot-strommen\/","url":"https:\/\/kart.no\/en\/produkt\/mot-strommen\/","name":"Mot str\u00f8mmen - Kart.no","isPartOf":{"@id":"https:\/\/kart.no\/en\/#website"},"datePublished":"2026-01-25T23:57:11+00:00","dateModified":"2026-04-29T00:00:35+00:00","breadcrumb":{"@id":"https:\/\/kart.no\/en\/produkt\/mot-strommen\/#breadcrumb"},"inLanguage":"en-US","potentialAction":[{"@type":"ReadAction","target":["https:\/\/kart.no\/en\/produkt\/mot-strommen\/"]}]},{"@type":"BreadcrumbList","@id":"https:\/\/kart.no\/en\/produkt\/mot-strommen\/#breadcrumb","itemListElement":[{"@type":"ListItem","position":1,"name":"Hjem","item":"https:\/\/kart.no\/en\/"},{"@type":"ListItem","position":2,"name":"Shop","item":"https:\/\/kart.no\/en\/shop\/"},{"@type":"ListItem","position":3,"name":"Import_later","item":"https:\/\/kart.no\/en\/product-category\/import_later\/"},{"@type":"ListItem","position":4,"name":"Mot str\u00f8mmen"}]},{"@type":"WebSite","@id":"https:\/\/kart.no\/en\/#website","url":"https:\/\/kart.no\/en\/","name":"Kart.no","description":"Nordic expertise in maps and navigation","publisher":{"@id":"https:\/\/kart.no\/en\/#organization"},"potentialAction":[{"@type":"SearchAction","target":{"@type":"EntryPoint","urlTemplate":"https:\/\/kart.no\/en\/?s={search_term_string}"},"query-input":{"@type":"PropertyValueSpecification","valueRequired":true,"valueName":"search_term_string"}}],"inLanguage":"en-US"},{"@type":"Organization","@id":"https:\/\/kart.no\/en\/#organization","name":"Kart.no","url":"https:\/\/kart.no\/en\/","logo":{"@type":"ImageObject","inLanguage":"en-US","@id":"https:\/\/kart.no\/en\/#\/schema\/logo\/image\/","url":"https:\/\/kart.no\/wp-content\/uploads\/2023\/10\/kart.no-logo.png","contentUrl":"https:\/\/kart.no\/wp-content\/uploads\/2023\/10\/kart.no-logo.png","width":784,"height":312,"caption":"Kart.no"},"image":{"@id":"https:\/\/kart.no\/en\/#\/schema\/logo\/image\/"},"sameAs":["https:\/\/www.facebook.com\/kart.no","https:\/\/www.instagram.com\/_kart.no\/"]}]}},"uagb_featured_image_src":{"full":false,"thumbnail":false,"medium":false,"medium_large":false,"large":false,"1536x1536":false,"2048x2048":false,"woocommerce_thumbnail":false,"woocommerce_single":false,"woocommerce_gallery_thumbnail":false,"dgwt-wcas-product-suggestion":false},"uagb_author_info":{"display_name":"Steinar Figved","author_link":"https:\/\/kart.no\/en\/author\/"},"uagb_comment_info":0,"uagb_excerpt":"Tommy tilh\u00f8rer den typen som m\u00e5 utfordre, helst alt og alle. Han er en viljesterk r\u00e5tass som ut\u00e5lmodig vandrer gjennom livet p\u00e5 jakt etter nye grenser \u00e5 sprenge. Det gjelder \u00e5 finne nye l\u00f8sninger, optimalisere og aldri ta noe for gitt. Olav derimot, har p\u00e5 mange m\u00e5ter nok med bare \u00e5 v\u00e6re til. For denne&hellip;","_links":{"self":[{"href":"https:\/\/kart.no\/en\/wp-json\/wp\/v2\/product\/38653","targetHints":{"allow":["GET"]}}],"collection":[{"href":"https:\/\/kart.no\/en\/wp-json\/wp\/v2\/product"}],"about":[{"href":"https:\/\/kart.no\/en\/wp-json\/wp\/v2\/types\/product"}],"replies":[{"embeddable":true,"href":"https:\/\/kart.no\/en\/wp-json\/wp\/v2\/comments?post=38653"}],"wp:attachment":[{"href":"https:\/\/kart.no\/en\/wp-json\/wp\/v2\/media?parent=38653"}],"wp:term":[{"taxonomy":"product_brand","embeddable":true,"href":"https:\/\/kart.no\/en\/wp-json\/wp\/v2\/product_brand?post=38653"},{"taxonomy":"product_cat","embeddable":true,"href":"https:\/\/kart.no\/en\/wp-json\/wp\/v2\/product_cat?post=38653"},{"taxonomy":"product_tag","embeddable":true,"href":"https:\/\/kart.no\/en\/wp-json\/wp\/v2\/product_tag?post=38653"}],"curies":[{"name":"wp","href":"https:\/\/api.w.org\/{rel}","templated":true}]}}