{"id":43384,"date":"2026-02-01T01:52:24","date_gmt":"2026-02-01T00:52:24","guid":{"rendered":"https:\/\/kart.no\/produkt\/havoysund-national-scenic-routes\/"},"modified":"2026-03-26T23:14:44","modified_gmt":"2026-03-26T22:14:44","slug":"havoysund-national-scenic-routes","status":"publish","type":"product","link":"https:\/\/kart.no\/en\/produkt\/havoysund-national-scenic-routes\/","title":{"rendered":"Hav\u00f8ysund National Scenic Routes"},"content":{"rendered":"<p data-start=\"193\" data-end=\"568\"><strong data-start=\"193\" data-end=\"228\">Hav\u00f8ysund National Scenic Routes<\/strong> is a <strong data-start=\"235\" data-end=\"249\">map\/guide<\/strong> showing the scenic stretch known as <strong data-start=\"299\" data-end=\"347\">National Scenic Route Hav\u00f8ysund (County Road 889)<\/strong> \u2013 one of Norway&#8217;s selected National Scenic Routes. The road extends <strong data-start=\"414\" data-end=\"448\">67 km from Kokelv to Hav\u00f8ysund<\/strong> and offers magnificent coastal landscapes, open plateaus, ocean views, and characteristic rest areas and viewpoints along the route.<\/p>\n<p data-start=\"570\" data-end=\"759\">The product provides a clear presentation of the driving route, important stops, viewpoints, and facilities along the road, and is well-suited for both planning and use during the journey.<\/p>\n<p data-start=\"761\" data-end=\"1118\">The map was <strong data-start=\"771\" data-end=\"788\">published in 2014<\/strong>. Although certain roads, facilities, and details related to destinations may have changed since publication, it still provides <strong data-start=\"918\" data-end=\"1007\">a good overview of the area and is suitable as inspiration and travel assistance on your road trip<\/strong>, especially for those wishing to experience the coastal landscape of Finnmark via one of Norway&#8217;s most distinctive scenic routes.<\/p>\n<p>The map covers places such as Lillefjord, Sl\u00e5tten, Kokelv, Hav\u00f8ysund, Rein\u00f8ya, and Snefjord.<\/p>\n","protected":false},"excerpt":{"rendered":"<p>Map\/booklet showing <strong data-start=\"444\" data-end=\"485\">National Scenic Route Hav\u00f8ysund (Rv 889)<\/strong> \u2013 a spectacular 67 km drive from Kokelv to Hav\u00f8ysund with viewpoints, rest areas, and nature experiences in one of Norway&#8217;s most dramatic coastal landscapes.<\/p>\n","protected":false},"featured_media":43385,"comment_status":"closed","ping_status":"closed","template":"","meta":{"_uag_custom_page_level_css":""},"product_brand":[1366],"product_cat":[1052],"product_tag":[],"class_list":{"0":"post-43384","1":"product","2":"type-product","3":"status-publish","4":"has-post-thumbnail","6":"product_brand-nordic-maps","7":"product_cat-travel-guides-norway","8":"product_shipping_class-postkasse","9":"pa_fylke-finnmark","10":"pa_produsent-nordic-maps","12":"first","13":"instock","14":"taxable","15":"shipping-taxable","16":"purchasable","17":"product-type-simple"},"composite_virtual":false,"composite_layout":"","composite_add_to_cart_form_location":"","composite_editable_in_cart":false,"composite_sold_individually_context":"","composite_shop_price_calc":"","composite_components":[],"composite_scenarios":[],"acf":[],"yoast_head":"<!-- This site is optimized with the Yoast SEO Premium plugin v27.5 (Yoast SEO v27.5) - https:\/\/yoast.com\/product\/yoast-seo-premium-wordpress\/ -->\n<title>Hav\u00f8ysund National Scenic Routes \u2013 Kart.no Hav\u00f8ysund National Scenic Routes \u2013 Map\/Guide for National Scenic Route Hav\u00f8ysund | Map Shop<\/title>\n<meta name=\"description\" content=\"Hav\u00f8ysund National Scenic Routes \u2013 map and guide to the spectacular scenic route between Kokelv and Hav\u00f8ysund. Discover viewpoints, rest areas, and nature along the Arctic Ocean.\" \/>\n<meta name=\"robots\" content=\"index, follow, max-snippet:-1, max-image-preview:large, max-video-preview:-1\" \/>\n<link rel=\"canonical\" href=\"https:\/\/kart.no\/en\/produkt\/havoysund-national-scenic-routes\/\" \/>\n<meta property=\"og:locale\" content=\"en_US\" \/>\n<meta property=\"og:type\" content=\"article\" \/>\n<meta property=\"og:title\" content=\"Hav\u00f8ysund National Scenic Routes\" \/>\n<meta property=\"og:description\" content=\"Hav\u00f8ysund National Scenic Routes \u2013 map and guide to the spectacular scenic route between Kokelv and Hav\u00f8ysund. Discover viewpoints, rest areas, and nature along the Arctic Ocean.\" \/>\n<meta property=\"og:url\" content=\"https:\/\/kart.no\/en\/produkt\/havoysund-national-scenic-routes\/\" \/>\n<meta property=\"og:site_name\" content=\"Kart.no\" \/>\n<meta property=\"article:publisher\" content=\"https:\/\/www.facebook.com\/kart.no\" \/>\n<meta property=\"article:modified_time\" content=\"2026-03-26T22:14:44+00:00\" \/>\n<meta property=\"og:image\" content=\"https:\/\/kart.no\/wp-content\/uploads\/2026\/02\/havoysund_square_white_border.jpg\" \/>\n\t<meta property=\"og:image:width\" content=\"560\" \/>\n\t<meta property=\"og:image:height\" content=\"560\" \/>\n\t<meta property=\"og:image:type\" content=\"image\/jpeg\" \/>\n<meta name=\"twitter:card\" content=\"summary_large_image\" \/>\n<meta name=\"twitter:label1\" content=\"Est. reading time\" \/>\n\t<meta name=\"twitter:data1\" content=\"1 minute\" \/>\n<script type=\"application\/ld+json\" class=\"yoast-schema-graph\">{\"@context\":\"https:\\\/\\\/schema.org\",\"@graph\":[{\"@type\":\"WebPage\",\"@id\":\"https:\\\/\\\/kart.no\\\/en\\\/produkt\\\/havoysund-national-scenic-routes\\\/\",\"url\":\"https:\\\/\\\/kart.no\\\/en\\\/produkt\\\/havoysund-national-scenic-routes\\\/\",\"name\":\"Hav\u00f8ysund National Scenic Routes \u2013 Kart.no Hav\u00f8ysund National Scenic Routes \u2013 Map\\\/Guide for National Scenic Route Hav\u00f8ysund | Map Shop\",\"isPartOf\":{\"@id\":\"https:\\\/\\\/kart.no\\\/en\\\/#website\"},\"primaryImageOfPage\":{\"@id\":\"https:\\\/\\\/kart.no\\\/en\\\/produkt\\\/havoysund-national-scenic-routes\\\/#primaryimage\"},\"image\":{\"@id\":\"https:\\\/\\\/kart.no\\\/en\\\/produkt\\\/havoysund-national-scenic-routes\\\/#primaryimage\"},\"thumbnailUrl\":\"https:\\\/\\\/kart.no\\\/wp-content\\\/uploads\\\/2026\\\/02\\\/havoysund_square_white_border.jpg\",\"datePublished\":\"2026-02-01T00:52:24+00:00\",\"dateModified\":\"2026-03-26T22:14:44+00:00\",\"description\":\"Hav\u00f8ysund National Scenic Routes \u2013 map and guide to the spectacular scenic route between Kokelv and Hav\u00f8ysund. Discover viewpoints, rest areas, and nature along the Arctic Ocean.\",\"breadcrumb\":{\"@id\":\"https:\\\/\\\/kart.no\\\/en\\\/produkt\\\/havoysund-national-scenic-routes\\\/#breadcrumb\"},\"inLanguage\":\"en-US\",\"potentialAction\":[{\"@type\":\"ReadAction\",\"target\":[\"https:\\\/\\\/kart.no\\\/en\\\/produkt\\\/havoysund-national-scenic-routes\\\/\"]}]},{\"@type\":\"ImageObject\",\"inLanguage\":\"en-US\",\"@id\":\"https:\\\/\\\/kart.no\\\/en\\\/produkt\\\/havoysund-national-scenic-routes\\\/#primaryimage\",\"url\":\"https:\\\/\\\/kart.no\\\/wp-content\\\/uploads\\\/2026\\\/02\\\/havoysund_square_white_border.jpg\",\"contentUrl\":\"https:\\\/\\\/kart.no\\\/wp-content\\\/uploads\\\/2026\\\/02\\\/havoysund_square_white_border.jpg\",\"width\":560,\"height\":560,\"caption\":\"Image\\\/illustration of Hav\u00f8ysund National Scenic Routes \u2013 an overview of the scenic route from Kokelv to Hav\u00f8ysund with marked viewpoints and rest areas.\"},{\"@type\":\"BreadcrumbList\",\"@id\":\"https:\\\/\\\/kart.no\\\/en\\\/produkt\\\/havoysund-national-scenic-routes\\\/#breadcrumb\",\"itemListElement\":[{\"@type\":\"ListItem\",\"position\":1,\"name\":\"Hjem\",\"item\":\"https:\\\/\\\/kart.no\\\/en\\\/\"},{\"@type\":\"ListItem\",\"position\":2,\"name\":\"Shop\",\"item\":\"https:\\\/\\\/kart.no\\\/en\\\/shop\\\/\"},{\"@type\":\"ListItem\",\"position\":3,\"name\":\"Travel\",\"item\":\"https:\\\/\\\/kart.no\\\/en\\\/product-category\\\/travel\\\/\"},{\"@type\":\"ListItem\",\"position\":4,\"name\":\"Travel Guides\",\"item\":\"https:\\\/\\\/kart.no\\\/en\\\/product-category\\\/travel\\\/travel-guides\\\/\"},{\"@type\":\"ListItem\",\"position\":5,\"name\":\"Travel Guides \u2013 Norway\",\"item\":\"https:\\\/\\\/kart.no\\\/en\\\/product-category\\\/travel\\\/travel-guides\\\/travel-guides-norway\\\/\"},{\"@type\":\"ListItem\",\"position\":6,\"name\":\"Hav\u00f8ysund National Scenic Routes\"}]},{\"@type\":\"WebSite\",\"@id\":\"https:\\\/\\\/kart.no\\\/en\\\/#website\",\"url\":\"https:\\\/\\\/kart.no\\\/en\\\/\",\"name\":\"Kart.no\",\"description\":\"Nordic expertise in maps and navigation\",\"publisher\":{\"@id\":\"https:\\\/\\\/kart.no\\\/en\\\/#organization\"},\"potentialAction\":[{\"@type\":\"SearchAction\",\"target\":{\"@type\":\"EntryPoint\",\"urlTemplate\":\"https:\\\/\\\/kart.no\\\/en\\\/?s={search_term_string}\"},\"query-input\":{\"@type\":\"PropertyValueSpecification\",\"valueRequired\":true,\"valueName\":\"search_term_string\"}}],\"inLanguage\":\"en-US\"},{\"@type\":\"Organization\",\"@id\":\"https:\\\/\\\/kart.no\\\/en\\\/#organization\",\"name\":\"Kart.no\",\"url\":\"https:\\\/\\\/kart.no\\\/en\\\/\",\"logo\":{\"@type\":\"ImageObject\",\"inLanguage\":\"en-US\",\"@id\":\"https:\\\/\\\/kart.no\\\/en\\\/#\\\/schema\\\/logo\\\/image\\\/\",\"url\":\"https:\\\/\\\/kart.no\\\/wp-content\\\/uploads\\\/2023\\\/10\\\/kart.no-logo.png\",\"contentUrl\":\"https:\\\/\\\/kart.no\\\/wp-content\\\/uploads\\\/2023\\\/10\\\/kart.no-logo.png\",\"width\":784,\"height\":312,\"caption\":\"Kart.no\"},\"image\":{\"@id\":\"https:\\\/\\\/kart.no\\\/en\\\/#\\\/schema\\\/logo\\\/image\\\/\"},\"sameAs\":[\"https:\\\/\\\/www.facebook.com\\\/kart.no\",\"https:\\\/\\\/www.instagram.com\\\/_kart.no\\\/\"]}]}<\/script>\n<!-- \/ Yoast SEO Premium plugin. -->","yoast_head_json":{"title":"Hav\u00f8ysund National Scenic Routes \u2013 Kart.no Hav\u00f8ysund National Scenic Routes \u2013 Map\/Guide for National Scenic Route Hav\u00f8ysund | Map Shop","description":"Hav\u00f8ysund National Scenic Routes \u2013 map and guide to the spectacular scenic route between Kokelv and Hav\u00f8ysund. Discover viewpoints, rest areas, and nature along the Arctic Ocean.","robots":{"index":"index","follow":"follow","max-snippet":"max-snippet:-1","max-image-preview":"max-image-preview:large","max-video-preview":"max-video-preview:-1"},"canonical":"https:\/\/kart.no\/en\/produkt\/havoysund-national-scenic-routes\/","og_locale":"en_US","og_type":"article","og_title":"Hav\u00f8ysund National Scenic Routes","og_description":"Hav\u00f8ysund National Scenic Routes \u2013 map and guide to the spectacular scenic route between Kokelv and Hav\u00f8ysund. Discover viewpoints, rest areas, and nature along the Arctic Ocean.","og_url":"https:\/\/kart.no\/en\/produkt\/havoysund-national-scenic-routes\/","og_site_name":"Kart.no","article_publisher":"https:\/\/www.facebook.com\/kart.no","article_modified_time":"2026-03-26T22:14:44+00:00","og_image":[{"width":560,"height":560,"url":"https:\/\/kart.no\/wp-content\/uploads\/2026\/02\/havoysund_square_white_border.jpg","type":"image\/jpeg"}],"twitter_card":"summary_large_image","twitter_misc":{"Est. reading time":"1 minute"},"schema":{"@context":"https:\/\/schema.org","@graph":[{"@type":"WebPage","@id":"https:\/\/kart.no\/en\/produkt\/havoysund-national-scenic-routes\/","url":"https:\/\/kart.no\/en\/produkt\/havoysund-national-scenic-routes\/","name":"Hav\u00f8ysund National Scenic Routes \u2013 Kart.no Hav\u00f8ysund National Scenic Routes \u2013 Map\/Guide for National Scenic Route Hav\u00f8ysund | Map Shop","isPartOf":{"@id":"https:\/\/kart.no\/en\/#website"},"primaryImageOfPage":{"@id":"https:\/\/kart.no\/en\/produkt\/havoysund-national-scenic-routes\/#primaryimage"},"image":{"@id":"https:\/\/kart.no\/en\/produkt\/havoysund-national-scenic-routes\/#primaryimage"},"thumbnailUrl":"https:\/\/kart.no\/wp-content\/uploads\/2026\/02\/havoysund_square_white_border.jpg","datePublished":"2026-02-01T00:52:24+00:00","dateModified":"2026-03-26T22:14:44+00:00","description":"Hav\u00f8ysund National Scenic Routes \u2013 map and guide to the spectacular scenic route between Kokelv and Hav\u00f8ysund. Discover viewpoints, rest areas, and nature along the Arctic Ocean.","breadcrumb":{"@id":"https:\/\/kart.no\/en\/produkt\/havoysund-national-scenic-routes\/#breadcrumb"},"inLanguage":"en-US","potentialAction":[{"@type":"ReadAction","target":["https:\/\/kart.no\/en\/produkt\/havoysund-national-scenic-routes\/"]}]},{"@type":"ImageObject","inLanguage":"en-US","@id":"https:\/\/kart.no\/en\/produkt\/havoysund-national-scenic-routes\/#primaryimage","url":"https:\/\/kart.no\/wp-content\/uploads\/2026\/02\/havoysund_square_white_border.jpg","contentUrl":"https:\/\/kart.no\/wp-content\/uploads\/2026\/02\/havoysund_square_white_border.jpg","width":560,"height":560,"caption":"Image\/illustration of Hav\u00f8ysund National Scenic Routes \u2013 an overview of the scenic route from Kokelv to Hav\u00f8ysund with marked viewpoints and rest areas."},{"@type":"BreadcrumbList","@id":"https:\/\/kart.no\/en\/produkt\/havoysund-national-scenic-routes\/#breadcrumb","itemListElement":[{"@type":"ListItem","position":1,"name":"Hjem","item":"https:\/\/kart.no\/en\/"},{"@type":"ListItem","position":2,"name":"Shop","item":"https:\/\/kart.no\/en\/shop\/"},{"@type":"ListItem","position":3,"name":"Travel","item":"https:\/\/kart.no\/en\/product-category\/travel\/"},{"@type":"ListItem","position":4,"name":"Travel Guides","item":"https:\/\/kart.no\/en\/product-category\/travel\/travel-guides\/"},{"@type":"ListItem","position":5,"name":"Travel Guides \u2013 Norway","item":"https:\/\/kart.no\/en\/product-category\/travel\/travel-guides\/travel-guides-norway\/"},{"@type":"ListItem","position":6,"name":"Hav\u00f8ysund National Scenic Routes"}]},{"@type":"WebSite","@id":"https:\/\/kart.no\/en\/#website","url":"https:\/\/kart.no\/en\/","name":"Kart.no","description":"Nordic expertise in maps and navigation","publisher":{"@id":"https:\/\/kart.no\/en\/#organization"},"potentialAction":[{"@type":"SearchAction","target":{"@type":"EntryPoint","urlTemplate":"https:\/\/kart.no\/en\/?s={search_term_string}"},"query-input":{"@type":"PropertyValueSpecification","valueRequired":true,"valueName":"search_term_string"}}],"inLanguage":"en-US"},{"@type":"Organization","@id":"https:\/\/kart.no\/en\/#organization","name":"Kart.no","url":"https:\/\/kart.no\/en\/","logo":{"@type":"ImageObject","inLanguage":"en-US","@id":"https:\/\/kart.no\/en\/#\/schema\/logo\/image\/","url":"https:\/\/kart.no\/wp-content\/uploads\/2023\/10\/kart.no-logo.png","contentUrl":"https:\/\/kart.no\/wp-content\/uploads\/2023\/10\/kart.no-logo.png","width":784,"height":312,"caption":"Kart.no"},"image":{"@id":"https:\/\/kart.no\/en\/#\/schema\/logo\/image\/"},"sameAs":["https:\/\/www.facebook.com\/kart.no","https:\/\/www.instagram.com\/_kart.no\/"]}]}},"uagb_featured_image_src":{"full":["https:\/\/kart.no\/wp-content\/uploads\/2026\/02\/havoysund_square_white_border.jpg",560,560,false],"thumbnail":["https:\/\/kart.no\/wp-content\/uploads\/2026\/02\/havoysund_square_white_border-150x150.jpg",150,150,true],"medium":["https:\/\/kart.no\/wp-content\/uploads\/2026\/02\/havoysund_square_white_border-300x300.jpg",300,300,true],"medium_large":["https:\/\/kart.no\/wp-content\/uploads\/2026\/02\/havoysund_square_white_border.jpg",560,560,false],"large":["https:\/\/kart.no\/wp-content\/uploads\/2026\/02\/havoysund_square_white_border.jpg",560,560,false],"1536x1536":["https:\/\/kart.no\/wp-content\/uploads\/2026\/02\/havoysund_square_white_border.jpg",560,560,false],"2048x2048":["https:\/\/kart.no\/wp-content\/uploads\/2026\/02\/havoysund_square_white_border.jpg",560,560,false],"woocommerce_thumbnail":["https:\/\/kart.no\/wp-content\/uploads\/2026\/02\/havoysund_square_white_border-300x300.jpg",300,300,true],"woocommerce_single":["https:\/\/kart.no\/wp-content\/uploads\/2026\/02\/havoysund_square_white_border.jpg",560,560,false],"woocommerce_gallery_thumbnail":["https:\/\/kart.no\/wp-content\/uploads\/2026\/02\/havoysund_square_white_border-100x100.jpg",100,100,true],"dgwt-wcas-product-suggestion":["https:\/\/kart.no\/wp-content\/uploads\/2026\/02\/havoysund_square_white_border-64x64.jpg",64,64,true]},"uagb_author_info":{"display_name":"Steinar Figved","author_link":"https:\/\/kart.no\/en\/author\/"},"uagb_comment_info":0,"uagb_excerpt":"Map\/booklet showing National Scenic Route Hav\u00f8ysund (Rv 889) \u2013 a spectacular 67 km drive from Kokelv to Hav\u00f8ysund with viewpoints, rest areas, and nature experiences in one of Norway's most dramatic coastal landscapes.","_links":{"self":[{"href":"https:\/\/kart.no\/en\/wp-json\/wp\/v2\/product\/43384","targetHints":{"allow":["GET"]}}],"collection":[{"href":"https:\/\/kart.no\/en\/wp-json\/wp\/v2\/product"}],"about":[{"href":"https:\/\/kart.no\/en\/wp-json\/wp\/v2\/types\/product"}],"replies":[{"embeddable":true,"href":"https:\/\/kart.no\/en\/wp-json\/wp\/v2\/comments?post=43384"}],"wp:featuredmedia":[{"embeddable":true,"href":"https:\/\/kart.no\/en\/wp-json\/wp\/v2\/media\/43385"}],"wp:attachment":[{"href":"https:\/\/kart.no\/en\/wp-json\/wp\/v2\/media?parent=43384"}],"wp:term":[{"taxonomy":"product_brand","embeddable":true,"href":"https:\/\/kart.no\/en\/wp-json\/wp\/v2\/product_brand?post=43384"},{"taxonomy":"product_cat","embeddable":true,"href":"https:\/\/kart.no\/en\/wp-json\/wp\/v2\/product_cat?post=43384"},{"taxonomy":"product_tag","embeddable":true,"href":"https:\/\/kart.no\/en\/wp-json\/wp\/v2\/product_tag?post=43384"}],"curies":[{"name":"wp","href":"https:\/\/api.w.org\/{rel}","templated":true}]}}