{"id":43573,"date":"2023-11-19T21:07:39","date_gmt":"2023-11-19T20:07:39","guid":{"rendered":"https:\/\/kart.no\/produkt\/oslo-nordmark-winter-dnt-hiking-map\/"},"modified":"2026-03-26T23:33:39","modified_gmt":"2026-03-26T22:33:39","slug":"oslo-nordmark-winter-dnt-hiking-map","status":"publish","type":"product","link":"https:\/\/kart.no\/en\/produkt\/oslo-nordmark-winter-dnt-hiking-map\/","title":{"rendered":"Oslo Nordmark Winter DNT Hiking Map"},"content":{"rendered":"<p><strong>This Nordmarka map for winter use was developed by Nordic Maps (formerly Nordeca) in collaboration with and approved by the Norwegian Trekking Association.<\/strong> The map provides a clear representation of terrain, trails, and key geographical features, and is adapted for hiking and planning in Norwegian conditions.<\/p>\n<p>For decades, DNT Hiking Maps have been <strong>the first choice for hikers<\/strong>, known for their readability, thoughtful design, and practical information tailored for active outdoor life.<\/p>\n<p><strong>DNT information is printed on the back of the map<\/strong>, providing useful tips and practical advice relevant to the area.<\/p>\n<p>The map is printed at a scale of <strong>nan<\/strong> and on <strong>water-resistant and durable map paper<\/strong>. <strong>The publication year for this map is 2016<\/strong>.<\/p>\n<p>DNT Hiking Maps are designed to be easy to read and practical to use on trips, combining reliable map data with local DNT knowledge and recommendations.<\/p>\n<p>The map covers locations such as Akershus, Ask, Grua, Hakadal, Harestua, H\u00f8nefoss, Jevnaker, Lillestr\u00f8m, L\u00f8renskog station, Maura, Nannestad, Nittedal, Nordmarka, Oslo, Ringerike, Roa, Rotnes, Slattum, Sundvollen, and Vik.<\/p>\n","protected":false},"excerpt":{"rendered":"<p>Detailed hiking map of Nordmarka in Oslo (winter map), developed by Nordic Maps (formerly Nordeca) in collaboration with the Norwegian Trekking Association. For decades, DNT Hiking Maps have been the first choice for hikers, known for their readability, thoughtful design, and practical information tailored for active outdoor life. <\/p>\n","protected":false},"featured_media":524,"comment_status":"closed","ping_status":"closed","template":"","meta":{"_uag_custom_page_level_css":""},"product_brand":[1366],"product_cat":[1026],"product_tag":[],"class_list":{"0":"post-43573","1":"product","2":"type-product","3":"status-publish","4":"has-post-thumbnail","6":"product_brand-nordic-maps","7":"product_cat-norway-hiking-maps","8":"product_shipping_class-postkasse","9":"pa_fylke-akershus","10":"pa_fylke-buskerud","11":"pa_fylke-innlandet","12":"pa_fylke-oslo","13":"pa_kartserie-dnt-hiking-maps","14":"pa_produsent-nordic-maps-2","16":"first","17":"instock","18":"taxable","19":"shipping-taxable","20":"purchasable","21":"product-type-simple"},"composite_virtual":false,"composite_layout":"","composite_add_to_cart_form_location":"","composite_editable_in_cart":false,"composite_sold_individually_context":"","composite_shop_price_calc":"","composite_components":[],"composite_scenarios":[],"acf":[],"yoast_head":"<!-- This site is optimized with the Yoast SEO Premium plugin v27.4 (Yoast SEO v27.4) - https:\/\/yoast.com\/product\/yoast-seo-premium-wordpress\/ -->\n<title>Oslo Nordmark Winter DNT Hiking Map | Kart.no<\/title>\n<meta name=\"description\" content=\"Buy Oslo Nordmark Winter DNT Hiking Map \u2013 a hiking map developed by Nordic Maps in collaboration with the Norwegian Trekking Association. DNT information on the reverse.\" \/>\n<meta name=\"robots\" content=\"index, follow, max-snippet:-1, max-image-preview:large, max-video-preview:-1\" \/>\n<link rel=\"canonical\" href=\"https:\/\/kart.no\/en\/produkt\/oslo-nordmark-winter-dnt-hiking-map\/\" \/>\n<meta property=\"og:locale\" content=\"en_US\" \/>\n<meta property=\"og:type\" content=\"article\" \/>\n<meta property=\"og:title\" content=\"Oslo Nordmark Winter DNT Hiking Map\" \/>\n<meta property=\"og:description\" content=\"Buy Oslo Nordmark Winter DNT Hiking Map \u2013 a hiking map developed by Nordic Maps in collaboration with the Norwegian Trekking Association. DNT information on the reverse.\" \/>\n<meta property=\"og:url\" content=\"https:\/\/kart.no\/en\/produkt\/oslo-nordmark-winter-dnt-hiking-map\/\" \/>\n<meta property=\"og:site_name\" content=\"Kart.no\" \/>\n<meta property=\"article:publisher\" content=\"https:\/\/www.facebook.com\/kart.no\" \/>\n<meta property=\"article:modified_time\" content=\"2026-03-26T22:33:39+00:00\" \/>\n<meta property=\"og:image\" content=\"https:\/\/kart.no\/wp-content\/uploads\/2023\/11\/2425_a.jpg\" \/>\n\t<meta property=\"og:image:width\" content=\"1200\" \/>\n\t<meta property=\"og:image:height\" content=\"1200\" \/>\n\t<meta property=\"og:image:type\" content=\"image\/jpeg\" \/>\n<meta name=\"twitter:card\" content=\"summary_large_image\" \/>\n<meta name=\"twitter:label1\" content=\"Est. reading time\" \/>\n\t<meta name=\"twitter:data1\" content=\"1 minute\" \/>\n<script type=\"application\/ld+json\" class=\"yoast-schema-graph\">{\"@context\":\"https:\\\/\\\/schema.org\",\"@graph\":[{\"@type\":\"WebPage\",\"@id\":\"https:\\\/\\\/kart.no\\\/en\\\/produkt\\\/oslo-nordmark-winter-dnt-hiking-map\\\/\",\"url\":\"https:\\\/\\\/kart.no\\\/en\\\/produkt\\\/oslo-nordmark-winter-dnt-hiking-map\\\/\",\"name\":\"Oslo Nordmark Winter DNT Hiking Map | Kart.no\",\"isPartOf\":{\"@id\":\"https:\\\/\\\/kart.no\\\/en\\\/#website\"},\"primaryImageOfPage\":{\"@id\":\"https:\\\/\\\/kart.no\\\/en\\\/produkt\\\/oslo-nordmark-winter-dnt-hiking-map\\\/#primaryimage\"},\"image\":{\"@id\":\"https:\\\/\\\/kart.no\\\/en\\\/produkt\\\/oslo-nordmark-winter-dnt-hiking-map\\\/#primaryimage\"},\"thumbnailUrl\":\"https:\\\/\\\/kart.no\\\/wp-content\\\/uploads\\\/2023\\\/11\\\/2425_a.jpg\",\"datePublished\":\"2023-11-19T20:07:39+00:00\",\"dateModified\":\"2026-03-26T22:33:39+00:00\",\"description\":\"Buy Oslo Nordmark Winter DNT Hiking Map \u2013 a hiking map developed by Nordic Maps in collaboration with the Norwegian Trekking Association. DNT information on the reverse.\",\"breadcrumb\":{\"@id\":\"https:\\\/\\\/kart.no\\\/en\\\/produkt\\\/oslo-nordmark-winter-dnt-hiking-map\\\/#breadcrumb\"},\"inLanguage\":\"en-US\",\"potentialAction\":[{\"@type\":\"ReadAction\",\"target\":[\"https:\\\/\\\/kart.no\\\/en\\\/produkt\\\/oslo-nordmark-winter-dnt-hiking-map\\\/\"]}]},{\"@type\":\"ImageObject\",\"inLanguage\":\"en-US\",\"@id\":\"https:\\\/\\\/kart.no\\\/en\\\/produkt\\\/oslo-nordmark-winter-dnt-hiking-map\\\/#primaryimage\",\"url\":\"https:\\\/\\\/kart.no\\\/wp-content\\\/uploads\\\/2023\\\/11\\\/2425_a.jpg\",\"contentUrl\":\"https:\\\/\\\/kart.no\\\/wp-content\\\/uploads\\\/2023\\\/11\\\/2425_a.jpg\",\"width\":1200,\"height\":1200,\"caption\":\"Product photo of Oslo Nordmark Winter DNT Hiking Map, a detailed hiking map adapted for planning and field use.\"},{\"@type\":\"BreadcrumbList\",\"@id\":\"https:\\\/\\\/kart.no\\\/en\\\/produkt\\\/oslo-nordmark-winter-dnt-hiking-map\\\/#breadcrumb\",\"itemListElement\":[{\"@type\":\"ListItem\",\"position\":1,\"name\":\"Hjem\",\"item\":\"https:\\\/\\\/kart.no\\\/en\\\/\"},{\"@type\":\"ListItem\",\"position\":2,\"name\":\"Shop\",\"item\":\"https:\\\/\\\/kart.no\\\/en\\\/shop\\\/\"},{\"@type\":\"ListItem\",\"position\":3,\"name\":\"Outdoor &amp; Hiking\",\"item\":\"https:\\\/\\\/kart.no\\\/en\\\/product-category\\\/outdoor-hiking\\\/\"},{\"@type\":\"ListItem\",\"position\":4,\"name\":\"Hiking Maps\",\"item\":\"https:\\\/\\\/kart.no\\\/en\\\/product-category\\\/outdoor-hiking\\\/hiking-maps\\\/\"},{\"@type\":\"ListItem\",\"position\":5,\"name\":\"Hiking Maps \u2013 Norway\",\"item\":\"https:\\\/\\\/kart.no\\\/en\\\/product-category\\\/outdoor-hiking\\\/hiking-maps\\\/norway-hiking-maps\\\/\"},{\"@type\":\"ListItem\",\"position\":6,\"name\":\"Oslo Nordmark Winter DNT Hiking Map\"}]},{\"@type\":\"WebSite\",\"@id\":\"https:\\\/\\\/kart.no\\\/en\\\/#website\",\"url\":\"https:\\\/\\\/kart.no\\\/en\\\/\",\"name\":\"Kart.no\",\"description\":\"Nordic expertise in maps and navigation\",\"publisher\":{\"@id\":\"https:\\\/\\\/kart.no\\\/en\\\/#organization\"},\"potentialAction\":[{\"@type\":\"SearchAction\",\"target\":{\"@type\":\"EntryPoint\",\"urlTemplate\":\"https:\\\/\\\/kart.no\\\/en\\\/?s={search_term_string}\"},\"query-input\":{\"@type\":\"PropertyValueSpecification\",\"valueRequired\":true,\"valueName\":\"search_term_string\"}}],\"inLanguage\":\"en-US\"},{\"@type\":\"Organization\",\"@id\":\"https:\\\/\\\/kart.no\\\/en\\\/#organization\",\"name\":\"Kart.no\",\"url\":\"https:\\\/\\\/kart.no\\\/en\\\/\",\"logo\":{\"@type\":\"ImageObject\",\"inLanguage\":\"en-US\",\"@id\":\"https:\\\/\\\/kart.no\\\/en\\\/#\\\/schema\\\/logo\\\/image\\\/\",\"url\":\"https:\\\/\\\/kart.no\\\/wp-content\\\/uploads\\\/2023\\\/10\\\/kart.no-logo.png\",\"contentUrl\":\"https:\\\/\\\/kart.no\\\/wp-content\\\/uploads\\\/2023\\\/10\\\/kart.no-logo.png\",\"width\":784,\"height\":312,\"caption\":\"Kart.no\"},\"image\":{\"@id\":\"https:\\\/\\\/kart.no\\\/en\\\/#\\\/schema\\\/logo\\\/image\\\/\"},\"sameAs\":[\"https:\\\/\\\/www.facebook.com\\\/kart.no\",\"https:\\\/\\\/www.instagram.com\\\/_kart.no\\\/\"]}]}<\/script>\n<!-- \/ Yoast SEO Premium plugin. -->","yoast_head_json":{"title":"Oslo Nordmark Winter DNT Hiking Map | Kart.no","description":"Buy Oslo Nordmark Winter DNT Hiking Map \u2013 a hiking map developed by Nordic Maps in collaboration with the Norwegian Trekking Association. DNT information on the reverse.","robots":{"index":"index","follow":"follow","max-snippet":"max-snippet:-1","max-image-preview":"max-image-preview:large","max-video-preview":"max-video-preview:-1"},"canonical":"https:\/\/kart.no\/en\/produkt\/oslo-nordmark-winter-dnt-hiking-map\/","og_locale":"en_US","og_type":"article","og_title":"Oslo Nordmark Winter DNT Hiking Map","og_description":"Buy Oslo Nordmark Winter DNT Hiking Map \u2013 a hiking map developed by Nordic Maps in collaboration with the Norwegian Trekking Association. DNT information on the reverse.","og_url":"https:\/\/kart.no\/en\/produkt\/oslo-nordmark-winter-dnt-hiking-map\/","og_site_name":"Kart.no","article_publisher":"https:\/\/www.facebook.com\/kart.no","article_modified_time":"2026-03-26T22:33:39+00:00","og_image":[{"width":1200,"height":1200,"url":"https:\/\/kart.no\/wp-content\/uploads\/2023\/11\/2425_a.jpg","type":"image\/jpeg"}],"twitter_card":"summary_large_image","twitter_misc":{"Est. reading time":"1 minute"},"schema":{"@context":"https:\/\/schema.org","@graph":[{"@type":"WebPage","@id":"https:\/\/kart.no\/en\/produkt\/oslo-nordmark-winter-dnt-hiking-map\/","url":"https:\/\/kart.no\/en\/produkt\/oslo-nordmark-winter-dnt-hiking-map\/","name":"Oslo Nordmark Winter DNT Hiking Map | Kart.no","isPartOf":{"@id":"https:\/\/kart.no\/en\/#website"},"primaryImageOfPage":{"@id":"https:\/\/kart.no\/en\/produkt\/oslo-nordmark-winter-dnt-hiking-map\/#primaryimage"},"image":{"@id":"https:\/\/kart.no\/en\/produkt\/oslo-nordmark-winter-dnt-hiking-map\/#primaryimage"},"thumbnailUrl":"https:\/\/kart.no\/wp-content\/uploads\/2023\/11\/2425_a.jpg","datePublished":"2023-11-19T20:07:39+00:00","dateModified":"2026-03-26T22:33:39+00:00","description":"Buy Oslo Nordmark Winter DNT Hiking Map \u2013 a hiking map developed by Nordic Maps in collaboration with the Norwegian Trekking Association. DNT information on the reverse.","breadcrumb":{"@id":"https:\/\/kart.no\/en\/produkt\/oslo-nordmark-winter-dnt-hiking-map\/#breadcrumb"},"inLanguage":"en-US","potentialAction":[{"@type":"ReadAction","target":["https:\/\/kart.no\/en\/produkt\/oslo-nordmark-winter-dnt-hiking-map\/"]}]},{"@type":"ImageObject","inLanguage":"en-US","@id":"https:\/\/kart.no\/en\/produkt\/oslo-nordmark-winter-dnt-hiking-map\/#primaryimage","url":"https:\/\/kart.no\/wp-content\/uploads\/2023\/11\/2425_a.jpg","contentUrl":"https:\/\/kart.no\/wp-content\/uploads\/2023\/11\/2425_a.jpg","width":1200,"height":1200,"caption":"Product photo of Oslo Nordmark Winter DNT Hiking Map, a detailed hiking map adapted for planning and field use."},{"@type":"BreadcrumbList","@id":"https:\/\/kart.no\/en\/produkt\/oslo-nordmark-winter-dnt-hiking-map\/#breadcrumb","itemListElement":[{"@type":"ListItem","position":1,"name":"Hjem","item":"https:\/\/kart.no\/en\/"},{"@type":"ListItem","position":2,"name":"Shop","item":"https:\/\/kart.no\/en\/shop\/"},{"@type":"ListItem","position":3,"name":"Outdoor &amp; Hiking","item":"https:\/\/kart.no\/en\/product-category\/outdoor-hiking\/"},{"@type":"ListItem","position":4,"name":"Hiking Maps","item":"https:\/\/kart.no\/en\/product-category\/outdoor-hiking\/hiking-maps\/"},{"@type":"ListItem","position":5,"name":"Hiking Maps \u2013 Norway","item":"https:\/\/kart.no\/en\/product-category\/outdoor-hiking\/hiking-maps\/norway-hiking-maps\/"},{"@type":"ListItem","position":6,"name":"Oslo Nordmark Winter DNT Hiking Map"}]},{"@type":"WebSite","@id":"https:\/\/kart.no\/en\/#website","url":"https:\/\/kart.no\/en\/","name":"Kart.no","description":"Nordic expertise in maps and navigation","publisher":{"@id":"https:\/\/kart.no\/en\/#organization"},"potentialAction":[{"@type":"SearchAction","target":{"@type":"EntryPoint","urlTemplate":"https:\/\/kart.no\/en\/?s={search_term_string}"},"query-input":{"@type":"PropertyValueSpecification","valueRequired":true,"valueName":"search_term_string"}}],"inLanguage":"en-US"},{"@type":"Organization","@id":"https:\/\/kart.no\/en\/#organization","name":"Kart.no","url":"https:\/\/kart.no\/en\/","logo":{"@type":"ImageObject","inLanguage":"en-US","@id":"https:\/\/kart.no\/en\/#\/schema\/logo\/image\/","url":"https:\/\/kart.no\/wp-content\/uploads\/2023\/10\/kart.no-logo.png","contentUrl":"https:\/\/kart.no\/wp-content\/uploads\/2023\/10\/kart.no-logo.png","width":784,"height":312,"caption":"Kart.no"},"image":{"@id":"https:\/\/kart.no\/en\/#\/schema\/logo\/image\/"},"sameAs":["https:\/\/www.facebook.com\/kart.no","https:\/\/www.instagram.com\/_kart.no\/"]}]}},"uagb_featured_image_src":{"full":["https:\/\/kart.no\/wp-content\/uploads\/2023\/11\/2425_a.jpg",1200,1200,false],"thumbnail":["https:\/\/kart.no\/wp-content\/uploads\/2023\/11\/2425_a-150x150.jpg",150,150,true],"medium":["https:\/\/kart.no\/wp-content\/uploads\/2023\/11\/2425_a-300x300.jpg",300,300,true],"medium_large":["https:\/\/kart.no\/wp-content\/uploads\/2023\/11\/2425_a-768x768.jpg",768,768,true],"large":["https:\/\/kart.no\/wp-content\/uploads\/2023\/11\/2425_a-1024x1024.jpg",1024,1024,true],"1536x1536":["https:\/\/kart.no\/wp-content\/uploads\/2023\/11\/2425_a.jpg",1200,1200,false],"2048x2048":["https:\/\/kart.no\/wp-content\/uploads\/2023\/11\/2425_a.jpg",1200,1200,false],"woocommerce_thumbnail":["https:\/\/kart.no\/wp-content\/uploads\/2023\/11\/2425_a-300x300.jpg",300,300,true],"woocommerce_single":["https:\/\/kart.no\/wp-content\/uploads\/2023\/11\/2425_a-600x600.jpg",600,600,true],"woocommerce_gallery_thumbnail":["https:\/\/kart.no\/wp-content\/uploads\/2023\/11\/2425_a-100x100.jpg",100,100,true],"dgwt-wcas-product-suggestion":["https:\/\/kart.no\/wp-content\/uploads\/2023\/11\/2425_a-64x64.jpg",64,64,true]},"uagb_author_info":{"display_name":"maksimer","author_link":"https:\/\/kart.no\/en\/author\/"},"uagb_comment_info":0,"uagb_excerpt":"Detailed hiking map of Nordmarka in Oslo (winter map), developed by Nordic Maps (formerly Nordeca) in collaboration with the Norwegian Trekking Association. For decades, DNT Hiking Maps have been the first choice for hikers, known for their readability, thoughtful design, and practical information tailored for active outdoor life.","_links":{"self":[{"href":"https:\/\/kart.no\/en\/wp-json\/wp\/v2\/product\/43573","targetHints":{"allow":["GET"]}}],"collection":[{"href":"https:\/\/kart.no\/en\/wp-json\/wp\/v2\/product"}],"about":[{"href":"https:\/\/kart.no\/en\/wp-json\/wp\/v2\/types\/product"}],"replies":[{"embeddable":true,"href":"https:\/\/kart.no\/en\/wp-json\/wp\/v2\/comments?post=43573"}],"wp:featuredmedia":[{"embeddable":true,"href":"https:\/\/kart.no\/en\/wp-json\/wp\/v2\/media\/524"}],"wp:attachment":[{"href":"https:\/\/kart.no\/en\/wp-json\/wp\/v2\/media?parent=43573"}],"wp:term":[{"taxonomy":"product_brand","embeddable":true,"href":"https:\/\/kart.no\/en\/wp-json\/wp\/v2\/product_brand?post=43573"},{"taxonomy":"product_cat","embeddable":true,"href":"https:\/\/kart.no\/en\/wp-json\/wp\/v2\/product_cat?post=43573"},{"taxonomy":"product_tag","embeddable":true,"href":"https:\/\/kart.no\/en\/wp-json\/wp\/v2\/product_tag?post=43573"}],"curies":[{"name":"wp","href":"https:\/\/api.w.org\/{rel}","templated":true}]}}