{"id":43923,"date":"2023-11-19T21:04:53","date_gmt":"2023-11-19T20:04:53","guid":{"rendered":"https:\/\/kart.no\/produkt\/road-map-central-norway\/"},"modified":"2023-11-19T21:04:53","modified_gmt":"2023-11-19T20:04:53","slug":"road-map-central-norway","status":"publish","type":"product","link":"https:\/\/kart.no\/en\/produkt\/road-map-central-norway\/","title":{"rendered":"Road Map Central Norway"},"content":{"rendered":"<p data-start=\"574\" data-end=\"1080\"><strong data-start=\"574\" data-end=\"604\">Road Map Central Norway<\/strong> is a <strong data-start=\"611\" data-end=\"660\">paper map at scale 1:500,000 (1 cm = 5 km)<\/strong> covering central Norway from <strong data-start=\"695\" data-end=\"732\">Domb\u00e5s in the south to Mo i Rana in the north<\/strong>, including regions such as <strong data-start=\"757\" data-end=\"833\">R\u00f8ros, Trondheim, Stj\u00f8rdal, Namsos, Br\u00f8nn\u00f8ysund, Mosj\u00f8en and Sandnessj\u00f8en<\/strong>. The map provides a clear and practical overview of the road network, with distance table, diagrams for ferry connections, petrol stations, electric vehicle charging stations and selected natural and cultural attractions along the way. <\/p>\n<p data-start=\"1082\" data-end=\"1453\">The map was <strong data-start=\"1092\" data-end=\"1109\">published in 2017<\/strong>. Although some roads, facilities and details related to destinations may have changed since publication, this road map still provides <strong data-start=\"1251\" data-end=\"1340\">a good overview of the area and is well suited as inspiration and travel aid for your road trip<\/strong> \u2013 whether you plan the trip in advance or use it while driving. <\/p>\n<p>The map covers places such as R\u00f8ros, Trondheim, Stj\u00f8rdal, Namsos, Br\u00f8nn\u00f8ysund, Mosj\u00f8en, Sandnessj\u00f8en and Mo i Rana.<\/p>\n","protected":false},"excerpt":{"rendered":"<p>Detailed <strong data-start=\"272\" data-end=\"298\">road map for Central Norway<\/strong> at scale <strong data-start=\"311\" data-end=\"324\">1:500,000<\/strong> showing road and travel options including rest areas, petrol stations, ferry connections and tourist attractions \u2013 well suited as an aid during planning and execution of your road trip.<\/p>\n","protected":false},"featured_media":1483,"comment_status":"closed","ping_status":"closed","template":"","meta":{"_uag_custom_page_level_css":""},"product_brand":[1366],"product_cat":[1053],"product_tag":[],"class_list":{"0":"post-43923","1":"product","2":"type-product","3":"status-publish","4":"has-post-thumbnail","6":"product_brand-nordic-maps","7":"product_cat-travel-maps","8":"product_shipping_class-postkasse","9":"pa_kartserie-veikart","10":"pa_produsent-nordic-maps","12":"first","13":"instock","14":"taxable","15":"shipping-taxable","16":"purchasable","17":"product-type-simple"},"composite_virtual":false,"composite_layout":"","composite_add_to_cart_form_location":"","composite_editable_in_cart":false,"composite_sold_individually_context":"","composite_shop_price_calc":"","composite_components":[],"composite_scenarios":[],"acf":[],"yoast_head":"<!-- This site is optimized with the Yoast SEO Premium plugin v27.5 (Yoast SEO v27.5) - https:\/\/yoast.com\/product\/yoast-seo-premium-wordpress\/ -->\n<title>Road Map Central Norway Road Map \u2013 Detailed 1:500,000 | Map Store<\/title>\n<meta name=\"description\" content=\"Discover Central Norway with Road Map Central Norway at scale 1:500,000. Shows roads, rest areas, ferries, petrol stations and tourist attractions \u2013 perfect for planning your road trip.\" \/>\n<meta name=\"robots\" content=\"index, follow, max-snippet:-1, max-image-preview:large, max-video-preview:-1\" \/>\n<link rel=\"canonical\" href=\"https:\/\/kart.no\/en\/produkt\/road-map-central-norway\/\" \/>\n<meta property=\"og:locale\" content=\"en_US\" \/>\n<meta property=\"og:type\" content=\"article\" \/>\n<meta property=\"og:title\" content=\"Road Map Central Norway\" \/>\n<meta property=\"og:description\" content=\"Discover Central Norway with Road Map Central Norway at scale 1:500,000. Shows roads, rest areas, ferries, petrol stations and tourist attractions \u2013 perfect for planning your road trip.\" \/>\n<meta property=\"og:url\" content=\"https:\/\/kart.no\/en\/produkt\/road-map-central-norway\/\" \/>\n<meta property=\"og:site_name\" content=\"Kart.no\" \/>\n<meta property=\"article:publisher\" content=\"https:\/\/www.facebook.com\/kart.no\" \/>\n<meta property=\"og:image\" content=\"https:\/\/kart.no\/wp-content\/uploads\/2023\/11\/2177_a.jpg\" \/>\n\t<meta property=\"og:image:width\" content=\"1200\" \/>\n\t<meta property=\"og:image:height\" content=\"1200\" \/>\n\t<meta property=\"og:image:type\" content=\"image\/jpeg\" \/>\n<meta name=\"twitter:card\" content=\"summary_large_image\" \/>\n<meta name=\"twitter:label1\" content=\"Est. reading time\" \/>\n\t<meta name=\"twitter:data1\" content=\"1 minute\" \/>\n<script type=\"application\/ld+json\" class=\"yoast-schema-graph\">{\"@context\":\"https:\\\/\\\/schema.org\",\"@graph\":[{\"@type\":\"WebPage\",\"@id\":\"https:\\\/\\\/kart.no\\\/en\\\/produkt\\\/road-map-central-norway\\\/\",\"url\":\"https:\\\/\\\/kart.no\\\/en\\\/produkt\\\/road-map-central-norway\\\/\",\"name\":\"Road Map Central Norway Road Map \u2013 Detailed 1:500,000 | Map Store\",\"isPartOf\":{\"@id\":\"https:\\\/\\\/kart.no\\\/en\\\/#website\"},\"primaryImageOfPage\":{\"@id\":\"https:\\\/\\\/kart.no\\\/en\\\/produkt\\\/road-map-central-norway\\\/#primaryimage\"},\"image\":{\"@id\":\"https:\\\/\\\/kart.no\\\/en\\\/produkt\\\/road-map-central-norway\\\/#primaryimage\"},\"thumbnailUrl\":\"https:\\\/\\\/kart.no\\\/wp-content\\\/uploads\\\/2023\\\/11\\\/2177_a.jpg\",\"datePublished\":\"2023-11-19T20:04:53+00:00\",\"description\":\"Discover Central Norway with Road Map Central Norway at scale 1:500,000. Shows roads, rest areas, ferries, petrol stations and tourist attractions \u2013 perfect for planning your road trip.\",\"breadcrumb\":{\"@id\":\"https:\\\/\\\/kart.no\\\/en\\\/produkt\\\/road-map-central-norway\\\/#breadcrumb\"},\"inLanguage\":\"en-US\",\"potentialAction\":[{\"@type\":\"ReadAction\",\"target\":[\"https:\\\/\\\/kart.no\\\/en\\\/produkt\\\/road-map-central-norway\\\/\"]}]},{\"@type\":\"ImageObject\",\"inLanguage\":\"en-US\",\"@id\":\"https:\\\/\\\/kart.no\\\/en\\\/produkt\\\/road-map-central-norway\\\/#primaryimage\",\"url\":\"https:\\\/\\\/kart.no\\\/wp-content\\\/uploads\\\/2023\\\/11\\\/2177_a.jpg\",\"contentUrl\":\"https:\\\/\\\/kart.no\\\/wp-content\\\/uploads\\\/2023\\\/11\\\/2177_a.jpg\",\"width\":1200,\"height\":1200,\"caption\":\"Photograph\\\/illustration of Road Map Central Norway, a detailed paper map showing Central Norway with road and tourist information.\"},{\"@type\":\"BreadcrumbList\",\"@id\":\"https:\\\/\\\/kart.no\\\/en\\\/produkt\\\/road-map-central-norway\\\/#breadcrumb\",\"itemListElement\":[{\"@type\":\"ListItem\",\"position\":1,\"name\":\"Hjem\",\"item\":\"https:\\\/\\\/kart.no\\\/en\\\/\"},{\"@type\":\"ListItem\",\"position\":2,\"name\":\"Shop\",\"item\":\"https:\\\/\\\/kart.no\\\/en\\\/shop\\\/\"},{\"@type\":\"ListItem\",\"position\":3,\"name\":\"Road Map Central Norway\"}]},{\"@type\":\"WebSite\",\"@id\":\"https:\\\/\\\/kart.no\\\/en\\\/#website\",\"url\":\"https:\\\/\\\/kart.no\\\/en\\\/\",\"name\":\"Kart.no\",\"description\":\"Nordic expertise in maps and navigation\",\"publisher\":{\"@id\":\"https:\\\/\\\/kart.no\\\/en\\\/#organization\"},\"potentialAction\":[{\"@type\":\"SearchAction\",\"target\":{\"@type\":\"EntryPoint\",\"urlTemplate\":\"https:\\\/\\\/kart.no\\\/en\\\/?s={search_term_string}\"},\"query-input\":{\"@type\":\"PropertyValueSpecification\",\"valueRequired\":true,\"valueName\":\"search_term_string\"}}],\"inLanguage\":\"en-US\"},{\"@type\":\"Organization\",\"@id\":\"https:\\\/\\\/kart.no\\\/en\\\/#organization\",\"name\":\"Kart.no\",\"url\":\"https:\\\/\\\/kart.no\\\/en\\\/\",\"logo\":{\"@type\":\"ImageObject\",\"inLanguage\":\"en-US\",\"@id\":\"https:\\\/\\\/kart.no\\\/en\\\/#\\\/schema\\\/logo\\\/image\\\/\",\"url\":\"https:\\\/\\\/kart.no\\\/wp-content\\\/uploads\\\/2023\\\/10\\\/kart.no-logo.png\",\"contentUrl\":\"https:\\\/\\\/kart.no\\\/wp-content\\\/uploads\\\/2023\\\/10\\\/kart.no-logo.png\",\"width\":784,\"height\":312,\"caption\":\"Kart.no\"},\"image\":{\"@id\":\"https:\\\/\\\/kart.no\\\/en\\\/#\\\/schema\\\/logo\\\/image\\\/\"},\"sameAs\":[\"https:\\\/\\\/www.facebook.com\\\/kart.no\",\"https:\\\/\\\/www.instagram.com\\\/_kart.no\\\/\"]}]}<\/script>\n<!-- \/ Yoast SEO Premium plugin. -->","yoast_head_json":{"title":"Road Map Central Norway Road Map \u2013 Detailed 1:500,000 | Map Store","description":"Discover Central Norway with Road Map Central Norway at scale 1:500,000. Shows roads, rest areas, ferries, petrol stations and tourist attractions \u2013 perfect for planning your road trip.","robots":{"index":"index","follow":"follow","max-snippet":"max-snippet:-1","max-image-preview":"max-image-preview:large","max-video-preview":"max-video-preview:-1"},"canonical":"https:\/\/kart.no\/en\/produkt\/road-map-central-norway\/","og_locale":"en_US","og_type":"article","og_title":"Road Map Central Norway","og_description":"Discover Central Norway with Road Map Central Norway at scale 1:500,000. Shows roads, rest areas, ferries, petrol stations and tourist attractions \u2013 perfect for planning your road trip.","og_url":"https:\/\/kart.no\/en\/produkt\/road-map-central-norway\/","og_site_name":"Kart.no","article_publisher":"https:\/\/www.facebook.com\/kart.no","og_image":[{"width":1200,"height":1200,"url":"https:\/\/kart.no\/wp-content\/uploads\/2023\/11\/2177_a.jpg","type":"image\/jpeg"}],"twitter_card":"summary_large_image","twitter_misc":{"Est. reading time":"1 minute"},"schema":{"@context":"https:\/\/schema.org","@graph":[{"@type":"WebPage","@id":"https:\/\/kart.no\/en\/produkt\/road-map-central-norway\/","url":"https:\/\/kart.no\/en\/produkt\/road-map-central-norway\/","name":"Road Map Central Norway Road Map \u2013 Detailed 1:500,000 | Map Store","isPartOf":{"@id":"https:\/\/kart.no\/en\/#website"},"primaryImageOfPage":{"@id":"https:\/\/kart.no\/en\/produkt\/road-map-central-norway\/#primaryimage"},"image":{"@id":"https:\/\/kart.no\/en\/produkt\/road-map-central-norway\/#primaryimage"},"thumbnailUrl":"https:\/\/kart.no\/wp-content\/uploads\/2023\/11\/2177_a.jpg","datePublished":"2023-11-19T20:04:53+00:00","description":"Discover Central Norway with Road Map Central Norway at scale 1:500,000. Shows roads, rest areas, ferries, petrol stations and tourist attractions \u2013 perfect for planning your road trip.","breadcrumb":{"@id":"https:\/\/kart.no\/en\/produkt\/road-map-central-norway\/#breadcrumb"},"inLanguage":"en-US","potentialAction":[{"@type":"ReadAction","target":["https:\/\/kart.no\/en\/produkt\/road-map-central-norway\/"]}]},{"@type":"ImageObject","inLanguage":"en-US","@id":"https:\/\/kart.no\/en\/produkt\/road-map-central-norway\/#primaryimage","url":"https:\/\/kart.no\/wp-content\/uploads\/2023\/11\/2177_a.jpg","contentUrl":"https:\/\/kart.no\/wp-content\/uploads\/2023\/11\/2177_a.jpg","width":1200,"height":1200,"caption":"Photograph\/illustration of Road Map Central Norway, a detailed paper map showing Central Norway with road and tourist information."},{"@type":"BreadcrumbList","@id":"https:\/\/kart.no\/en\/produkt\/road-map-central-norway\/#breadcrumb","itemListElement":[{"@type":"ListItem","position":1,"name":"Hjem","item":"https:\/\/kart.no\/en\/"},{"@type":"ListItem","position":2,"name":"Shop","item":"https:\/\/kart.no\/en\/shop\/"},{"@type":"ListItem","position":3,"name":"Road Map Central Norway"}]},{"@type":"WebSite","@id":"https:\/\/kart.no\/en\/#website","url":"https:\/\/kart.no\/en\/","name":"Kart.no","description":"Nordic expertise in maps and navigation","publisher":{"@id":"https:\/\/kart.no\/en\/#organization"},"potentialAction":[{"@type":"SearchAction","target":{"@type":"EntryPoint","urlTemplate":"https:\/\/kart.no\/en\/?s={search_term_string}"},"query-input":{"@type":"PropertyValueSpecification","valueRequired":true,"valueName":"search_term_string"}}],"inLanguage":"en-US"},{"@type":"Organization","@id":"https:\/\/kart.no\/en\/#organization","name":"Kart.no","url":"https:\/\/kart.no\/en\/","logo":{"@type":"ImageObject","inLanguage":"en-US","@id":"https:\/\/kart.no\/en\/#\/schema\/logo\/image\/","url":"https:\/\/kart.no\/wp-content\/uploads\/2023\/10\/kart.no-logo.png","contentUrl":"https:\/\/kart.no\/wp-content\/uploads\/2023\/10\/kart.no-logo.png","width":784,"height":312,"caption":"Kart.no"},"image":{"@id":"https:\/\/kart.no\/en\/#\/schema\/logo\/image\/"},"sameAs":["https:\/\/www.facebook.com\/kart.no","https:\/\/www.instagram.com\/_kart.no\/"]}]}},"uagb_featured_image_src":{"full":["https:\/\/kart.no\/wp-content\/uploads\/2023\/11\/2177_a.jpg",1200,1200,false],"thumbnail":["https:\/\/kart.no\/wp-content\/uploads\/2023\/11\/2177_a-150x150.jpg",150,150,true],"medium":["https:\/\/kart.no\/wp-content\/uploads\/2023\/11\/2177_a-300x300.jpg",300,300,true],"medium_large":["https:\/\/kart.no\/wp-content\/uploads\/2023\/11\/2177_a-768x768.jpg",768,768,true],"large":["https:\/\/kart.no\/wp-content\/uploads\/2023\/11\/2177_a-1024x1024.jpg",1024,1024,true],"1536x1536":["https:\/\/kart.no\/wp-content\/uploads\/2023\/11\/2177_a.jpg",1200,1200,false],"2048x2048":["https:\/\/kart.no\/wp-content\/uploads\/2023\/11\/2177_a.jpg",1200,1200,false],"woocommerce_thumbnail":["https:\/\/kart.no\/wp-content\/uploads\/2023\/11\/2177_a-300x300.jpg",300,300,true],"woocommerce_single":["https:\/\/kart.no\/wp-content\/uploads\/2023\/11\/2177_a-600x600.jpg",600,600,true],"woocommerce_gallery_thumbnail":["https:\/\/kart.no\/wp-content\/uploads\/2023\/11\/2177_a-100x100.jpg",100,100,true],"dgwt-wcas-product-suggestion":["https:\/\/kart.no\/wp-content\/uploads\/2023\/11\/2177_a-64x64.jpg",64,64,true]},"uagb_author_info":{"display_name":"maksimer","author_link":"https:\/\/kart.no\/en\/author\/"},"uagb_comment_info":0,"uagb_excerpt":"Detailed road map for Central Norway at scale 1:500,000 showing road and travel options including rest areas, petrol stations, ferry connections and tourist attractions \u2013 well suited as an aid during planning and execution of your road trip.","_links":{"self":[{"href":"https:\/\/kart.no\/en\/wp-json\/wp\/v2\/product\/43923","targetHints":{"allow":["GET"]}}],"collection":[{"href":"https:\/\/kart.no\/en\/wp-json\/wp\/v2\/product"}],"about":[{"href":"https:\/\/kart.no\/en\/wp-json\/wp\/v2\/types\/product"}],"replies":[{"embeddable":true,"href":"https:\/\/kart.no\/en\/wp-json\/wp\/v2\/comments?post=43923"}],"wp:featuredmedia":[{"embeddable":true,"href":"https:\/\/kart.no\/en\/wp-json\/wp\/v2\/media\/1483"}],"wp:attachment":[{"href":"https:\/\/kart.no\/en\/wp-json\/wp\/v2\/media?parent=43923"}],"wp:term":[{"taxonomy":"product_brand","embeddable":true,"href":"https:\/\/kart.no\/en\/wp-json\/wp\/v2\/product_brand?post=43923"},{"taxonomy":"product_cat","embeddable":true,"href":"https:\/\/kart.no\/en\/wp-json\/wp\/v2\/product_cat?post=43923"},{"taxonomy":"product_tag","embeddable":true,"href":"https:\/\/kart.no\/en\/wp-json\/wp\/v2\/product_tag?post=43923"}],"curies":[{"name":"wp","href":"https:\/\/api.w.org\/{rel}","templated":true}]}}