{"id":43927,"date":"2023-11-19T21:04:54","date_gmt":"2023-11-19T20:04:54","guid":{"rendered":"https:\/\/kart.no\/produkt\/road-map-southern-norway-north\/"},"modified":"2023-11-19T21:04:54","modified_gmt":"2023-11-19T20:04:54","slug":"road-map-southern-norway-north","status":"publish","type":"product","link":"https:\/\/kart.no\/en\/produkt\/road-map-southern-norway-north\/","title":{"rendered":"Road Map Southern Norway North"},"content":{"rendered":"<p data-start=\"607\" data-end=\"1114\"><strong data-start=\"607\" data-end=\"641\">Road Map Southern Norway North <\/strong>is a foldable <strong data-start=\"663\" data-end=\"712\">paper map at a scale of 1:500,000 (1 cm = 5 km)<\/strong> covering the area <strong data-start=\"732\" data-end=\"796\">from the Voss\u2013Hamar line in the south up to Trondheim in the north<\/strong>. The map provides a good overview of the road network with clearly depicted national and county roads, distance tables, rest areas, ferry connections, gas stations, EV charging stations, as well as major natural and cultural attractions useful for planning and executing your trip. <\/p>\n<p data-start=\"1116\" data-end=\"1487\">The map was <strong data-start=\"1126\" data-end=\"1143\">published in 2022<\/strong>. Although some roads, facilities, and destination details may have changed since publication, this road map still provides <strong data-start=\"1285\" data-end=\"1374\">a good overview of the area and is well-suited as inspiration and travel assistance for your road trip<\/strong> \u2013 whether you are planning ahead or seeking quick road information along the way. <\/p>\n<p>The map covers locations such as Gj\u00f8vik, Hamar, Lillehammer, Flor\u00f8, \u00c5lesund, Molde, Kristiansund, and Trondheim.<\/p>\n","protected":false},"excerpt":{"rendered":"<p>Detailed <strong data-start=\"348\" data-end=\"378\">road map for Southern Norway North<\/strong> at a scale of <strong data-start=\"391\" data-end=\"404\">1:500,000<\/strong> with an updated road network, rest areas, ferries, gas stations, and tourist destinations \u2013 ideal for assistance and inspiration on your road trip.<\/p>\n","protected":false},"featured_media":1479,"comment_status":"closed","ping_status":"closed","template":"","meta":{"_uag_custom_page_level_css":""},"product_brand":[],"product_cat":[1053],"product_tag":[],"class_list":{"0":"post-43927","1":"product","2":"type-product","3":"status-publish","4":"has-post-thumbnail","6":"product_cat-travel-maps","7":"product_shipping_class-postkasse","8":"pa_kartserie-veikart","9":"pa_produsent-nordic-maps","11":"first","12":"instock","13":"taxable","14":"shipping-taxable","15":"purchasable","16":"product-type-simple"},"composite_virtual":false,"composite_layout":"","composite_add_to_cart_form_location":"","composite_editable_in_cart":false,"composite_sold_individually_context":"","composite_shop_price_calc":"","composite_components":[],"composite_scenarios":[],"acf":[],"yoast_head":"<!-- This site is optimized with the Yoast SEO Premium plugin v27.2 (Yoast SEO v27.2) - https:\/\/yoast.com\/product\/yoast-seo-premium-wordpress\/ -->\n<title>Road Map Southern Norway North Road Map \u2013 Detailed 1:500,000 | Map Shop<\/title>\n<meta name=\"description\" content=\"Road Map Southern Norway North Road map at a scale of 1:500,000. Updated roads, rest areas, ferries, gas stations, and tourist destinations \u2013 perfect for planning your road trip.\" \/>\n<meta name=\"robots\" content=\"index, follow, max-snippet:-1, max-image-preview:large, max-video-preview:-1\" \/>\n<link rel=\"canonical\" href=\"https:\/\/kart.no\/en\/produkt\/road-map-southern-norway-north\/\" \/>\n<meta property=\"og:locale\" content=\"en_US\" \/>\n<meta property=\"og:type\" content=\"article\" \/>\n<meta property=\"og:title\" content=\"Road Map Southern Norway North\" \/>\n<meta property=\"og:description\" content=\"Road Map Southern Norway North Road map at a scale of 1:500,000. Updated roads, rest areas, ferries, gas stations, and tourist destinations \u2013 perfect for planning your road trip.\" \/>\n<meta property=\"og:url\" content=\"https:\/\/kart.no\/en\/produkt\/road-map-southern-norway-north\/\" \/>\n<meta property=\"og:site_name\" content=\"Kart.no\" \/>\n<meta property=\"article:publisher\" content=\"https:\/\/www.facebook.com\/kart.no\" \/>\n<meta property=\"og:image\" content=\"https:\/\/kart.no\/wp-content\/uploads\/2023\/11\/2176_a.jpg\" \/>\n\t<meta property=\"og:image:width\" content=\"1200\" \/>\n\t<meta property=\"og:image:height\" content=\"1200\" \/>\n\t<meta property=\"og:image:type\" content=\"image\/jpeg\" \/>\n<meta name=\"twitter:card\" content=\"summary_large_image\" \/>\n<meta name=\"twitter:label1\" content=\"Est. reading time\" \/>\n\t<meta name=\"twitter:data1\" content=\"1 minute\" \/>\n<script type=\"application\/ld+json\" class=\"yoast-schema-graph\">{\"@context\":\"https:\/\/schema.org\",\"@graph\":[{\"@type\":\"WebPage\",\"@id\":\"https:\/\/kart.no\/en\/produkt\/road-map-southern-norway-north\/\",\"url\":\"https:\/\/kart.no\/en\/produkt\/road-map-southern-norway-north\/\",\"name\":\"Road Map Southern Norway North Road Map \u2013 Detailed 1:500,000 | Map Shop\",\"isPartOf\":{\"@id\":\"https:\/\/kart.no\/en\/#website\"},\"primaryImageOfPage\":{\"@id\":\"https:\/\/kart.no\/en\/produkt\/road-map-southern-norway-north\/#primaryimage\"},\"image\":{\"@id\":\"https:\/\/kart.no\/en\/produkt\/road-map-southern-norway-north\/#primaryimage\"},\"thumbnailUrl\":\"https:\/\/kart.no\/wp-content\/uploads\/2023\/11\/2176_a.jpg\",\"datePublished\":\"2023-11-19T20:04:54+00:00\",\"description\":\"Road Map Southern Norway North Road map at a scale of 1:500,000. Updated roads, rest areas, ferries, gas stations, and tourist destinations \u2013 perfect for planning your road trip.\",\"breadcrumb\":{\"@id\":\"https:\/\/kart.no\/en\/produkt\/road-map-southern-norway-north\/#breadcrumb\"},\"inLanguage\":\"en-US\",\"potentialAction\":[{\"@type\":\"ReadAction\",\"target\":[\"https:\/\/kart.no\/en\/produkt\/road-map-southern-norway-north\/\"]}]},{\"@type\":\"ImageObject\",\"inLanguage\":\"en-US\",\"@id\":\"https:\/\/kart.no\/en\/produkt\/road-map-southern-norway-north\/#primaryimage\",\"url\":\"https:\/\/kart.no\/wp-content\/uploads\/2023\/11\/2176_a.jpg\",\"contentUrl\":\"https:\/\/kart.no\/wp-content\/uploads\/2023\/11\/2176_a.jpg\",\"width\":1200,\"height\":1200,\"caption\":\"Photograph\/illustration of Road Map Southern Norway North Road Map, a detailed paper map showing northern Southern Norway with road networks, ferries, and tourist information.\"},{\"@type\":\"BreadcrumbList\",\"@id\":\"https:\/\/kart.no\/en\/produkt\/road-map-southern-norway-north\/#breadcrumb\",\"itemListElement\":[{\"@type\":\"ListItem\",\"position\":1,\"name\":\"Hjem\",\"item\":\"https:\/\/kart.no\/en\/\"},{\"@type\":\"ListItem\",\"position\":2,\"name\":\"Shop\",\"item\":\"https:\/\/kart.no\/en\/shop\/\"},{\"@type\":\"ListItem\",\"position\":3,\"name\":\"Road Map Southern Norway North\"}]},{\"@type\":\"WebSite\",\"@id\":\"https:\/\/kart.no\/en\/#website\",\"url\":\"https:\/\/kart.no\/en\/\",\"name\":\"Kart.no\",\"description\":\"Norges mest komplette kartbutikk\",\"publisher\":{\"@id\":\"https:\/\/kart.no\/en\/#organization\"},\"potentialAction\":[{\"@type\":\"SearchAction\",\"target\":{\"@type\":\"EntryPoint\",\"urlTemplate\":\"https:\/\/kart.no\/en\/?s={search_term_string}\"},\"query-input\":{\"@type\":\"PropertyValueSpecification\",\"valueRequired\":true,\"valueName\":\"search_term_string\"}}],\"inLanguage\":\"en-US\"},{\"@type\":\"Organization\",\"@id\":\"https:\/\/kart.no\/en\/#organization\",\"name\":\"Kart.no\",\"url\":\"https:\/\/kart.no\/en\/\",\"logo\":{\"@type\":\"ImageObject\",\"inLanguage\":\"en-US\",\"@id\":\"https:\/\/kart.no\/en\/#\/schema\/logo\/image\/\",\"url\":\"https:\/\/kart.no\/wp-content\/uploads\/2023\/10\/kart.no-logo.png\",\"contentUrl\":\"https:\/\/kart.no\/wp-content\/uploads\/2023\/10\/kart.no-logo.png\",\"width\":784,\"height\":312,\"caption\":\"Kart.no\"},\"image\":{\"@id\":\"https:\/\/kart.no\/en\/#\/schema\/logo\/image\/\"},\"sameAs\":[\"https:\/\/www.facebook.com\/kart.no\",\"https:\/\/www.instagram.com\/_kart.no\/\"]}]}<\/script>\n<!-- \/ Yoast SEO Premium plugin. -->","yoast_head_json":{"title":"Road Map Southern Norway North Road Map \u2013 Detailed 1:500,000 | Map Shop","description":"Road Map Southern Norway North Road map at a scale of 1:500,000. Updated roads, rest areas, ferries, gas stations, and tourist destinations \u2013 perfect for planning your road trip.","robots":{"index":"index","follow":"follow","max-snippet":"max-snippet:-1","max-image-preview":"max-image-preview:large","max-video-preview":"max-video-preview:-1"},"canonical":"https:\/\/kart.no\/en\/produkt\/road-map-southern-norway-north\/","og_locale":"en_US","og_type":"article","og_title":"Road Map Southern Norway North","og_description":"Road Map Southern Norway North Road map at a scale of 1:500,000. Updated roads, rest areas, ferries, gas stations, and tourist destinations \u2013 perfect for planning your road trip.","og_url":"https:\/\/kart.no\/en\/produkt\/road-map-southern-norway-north\/","og_site_name":"Kart.no","article_publisher":"https:\/\/www.facebook.com\/kart.no","og_image":[{"width":1200,"height":1200,"url":"https:\/\/kart.no\/wp-content\/uploads\/2023\/11\/2176_a.jpg","type":"image\/jpeg"}],"twitter_card":"summary_large_image","twitter_misc":{"Est. reading time":"1 minute"},"schema":{"@context":"https:\/\/schema.org","@graph":[{"@type":"WebPage","@id":"https:\/\/kart.no\/en\/produkt\/road-map-southern-norway-north\/","url":"https:\/\/kart.no\/en\/produkt\/road-map-southern-norway-north\/","name":"Road Map Southern Norway North Road Map \u2013 Detailed 1:500,000 | Map Shop","isPartOf":{"@id":"https:\/\/kart.no\/en\/#website"},"primaryImageOfPage":{"@id":"https:\/\/kart.no\/en\/produkt\/road-map-southern-norway-north\/#primaryimage"},"image":{"@id":"https:\/\/kart.no\/en\/produkt\/road-map-southern-norway-north\/#primaryimage"},"thumbnailUrl":"https:\/\/kart.no\/wp-content\/uploads\/2023\/11\/2176_a.jpg","datePublished":"2023-11-19T20:04:54+00:00","description":"Road Map Southern Norway North Road map at a scale of 1:500,000. Updated roads, rest areas, ferries, gas stations, and tourist destinations \u2013 perfect for planning your road trip.","breadcrumb":{"@id":"https:\/\/kart.no\/en\/produkt\/road-map-southern-norway-north\/#breadcrumb"},"inLanguage":"en-US","potentialAction":[{"@type":"ReadAction","target":["https:\/\/kart.no\/en\/produkt\/road-map-southern-norway-north\/"]}]},{"@type":"ImageObject","inLanguage":"en-US","@id":"https:\/\/kart.no\/en\/produkt\/road-map-southern-norway-north\/#primaryimage","url":"https:\/\/kart.no\/wp-content\/uploads\/2023\/11\/2176_a.jpg","contentUrl":"https:\/\/kart.no\/wp-content\/uploads\/2023\/11\/2176_a.jpg","width":1200,"height":1200,"caption":"Photograph\/illustration of Road Map Southern Norway North Road Map, a detailed paper map showing northern Southern Norway with road networks, ferries, and tourist information."},{"@type":"BreadcrumbList","@id":"https:\/\/kart.no\/en\/produkt\/road-map-southern-norway-north\/#breadcrumb","itemListElement":[{"@type":"ListItem","position":1,"name":"Hjem","item":"https:\/\/kart.no\/en\/"},{"@type":"ListItem","position":2,"name":"Shop","item":"https:\/\/kart.no\/en\/shop\/"},{"@type":"ListItem","position":3,"name":"Road Map Southern Norway North"}]},{"@type":"WebSite","@id":"https:\/\/kart.no\/en\/#website","url":"https:\/\/kart.no\/en\/","name":"Kart.no","description":"Norges mest komplette kartbutikk","publisher":{"@id":"https:\/\/kart.no\/en\/#organization"},"potentialAction":[{"@type":"SearchAction","target":{"@type":"EntryPoint","urlTemplate":"https:\/\/kart.no\/en\/?s={search_term_string}"},"query-input":{"@type":"PropertyValueSpecification","valueRequired":true,"valueName":"search_term_string"}}],"inLanguage":"en-US"},{"@type":"Organization","@id":"https:\/\/kart.no\/en\/#organization","name":"Kart.no","url":"https:\/\/kart.no\/en\/","logo":{"@type":"ImageObject","inLanguage":"en-US","@id":"https:\/\/kart.no\/en\/#\/schema\/logo\/image\/","url":"https:\/\/kart.no\/wp-content\/uploads\/2023\/10\/kart.no-logo.png","contentUrl":"https:\/\/kart.no\/wp-content\/uploads\/2023\/10\/kart.no-logo.png","width":784,"height":312,"caption":"Kart.no"},"image":{"@id":"https:\/\/kart.no\/en\/#\/schema\/logo\/image\/"},"sameAs":["https:\/\/www.facebook.com\/kart.no","https:\/\/www.instagram.com\/_kart.no\/"]}]}},"uagb_featured_image_src":{"full":["https:\/\/kart.no\/wp-content\/uploads\/2023\/11\/2176_a.jpg",1200,1200,false],"thumbnail":["https:\/\/kart.no\/wp-content\/uploads\/2023\/11\/2176_a-150x150.jpg",150,150,true],"medium":["https:\/\/kart.no\/wp-content\/uploads\/2023\/11\/2176_a-300x300.jpg",300,300,true],"medium_large":["https:\/\/kart.no\/wp-content\/uploads\/2023\/11\/2176_a-768x768.jpg",768,768,true],"large":["https:\/\/kart.no\/wp-content\/uploads\/2023\/11\/2176_a-1024x1024.jpg",1024,1024,true],"1536x1536":["https:\/\/kart.no\/wp-content\/uploads\/2023\/11\/2176_a.jpg",1200,1200,false],"2048x2048":["https:\/\/kart.no\/wp-content\/uploads\/2023\/11\/2176_a.jpg",1200,1200,false],"woocommerce_thumbnail":["https:\/\/kart.no\/wp-content\/uploads\/2023\/11\/2176_a-300x300.jpg",300,300,true],"woocommerce_single":["https:\/\/kart.no\/wp-content\/uploads\/2023\/11\/2176_a-600x600.jpg",600,600,true],"woocommerce_gallery_thumbnail":["https:\/\/kart.no\/wp-content\/uploads\/2023\/11\/2176_a-100x100.jpg",100,100,true],"dgwt-wcas-product-suggestion":["https:\/\/kart.no\/wp-content\/uploads\/2023\/11\/2176_a-64x64.jpg",64,64,true]},"uagb_author_info":{"display_name":"maksimer","author_link":"https:\/\/kart.no\/en\/author\/"},"uagb_comment_info":0,"uagb_excerpt":"Detailed road map for Southern Norway North at a scale of 1:500,000 with an updated road network, rest areas, ferries, gas stations, and tourist destinations \u2013 ideal for assistance and inspiration on your road trip.","_links":{"self":[{"href":"https:\/\/kart.no\/en\/wp-json\/wp\/v2\/product\/43927","targetHints":{"allow":["GET"]}}],"collection":[{"href":"https:\/\/kart.no\/en\/wp-json\/wp\/v2\/product"}],"about":[{"href":"https:\/\/kart.no\/en\/wp-json\/wp\/v2\/types\/product"}],"replies":[{"embeddable":true,"href":"https:\/\/kart.no\/en\/wp-json\/wp\/v2\/comments?post=43927"}],"wp:featuredmedia":[{"embeddable":true,"href":"https:\/\/kart.no\/en\/wp-json\/wp\/v2\/media\/1479"}],"wp:attachment":[{"href":"https:\/\/kart.no\/en\/wp-json\/wp\/v2\/media?parent=43927"}],"wp:term":[{"taxonomy":"product_brand","embeddable":true,"href":"https:\/\/kart.no\/en\/wp-json\/wp\/v2\/product_brand?post=43927"},{"taxonomy":"product_cat","embeddable":true,"href":"https:\/\/kart.no\/en\/wp-json\/wp\/v2\/product_cat?post=43927"},{"taxonomy":"product_tag","embeddable":true,"href":"https:\/\/kart.no\/en\/wp-json\/wp\/v2\/product_tag?post=43927"}],"curies":[{"name":"wp","href":"https:\/\/api.w.org\/{rel}","templated":true}]}}