{"id":44007,"date":"2023-11-19T21:04:27","date_gmt":"2023-11-19T20:04:27","guid":{"rendered":"https:\/\/kart.no\/produkt\/the-atlantic-coast-1250000-w-booklet-road-experience-guide\/"},"modified":"2023-11-19T21:04:27","modified_gmt":"2023-11-19T20:04:27","slug":"the-atlantic-coast-1250000-w-booklet-road-experience-guide","status":"publish","type":"product","link":"https:\/\/kart.no\/en\/produkt\/the-atlantic-coast-1250000-w-booklet-road-experience-guide\/","title":{"rendered":"The Atlantic Coast 1:250,000 w\/booklet Road Experience Guide"},"content":{"rendered":"<p><strong>This experience guide is designed for those who wish to explore The Atlantic Coast 1:250,000 w\/booklet Road Experience Guide by car and gain a comprehensive overview of areas, sights, and popular destinations.<\/strong> The guide combines clear road maps at a scale of <strong>1:250,000<\/strong> with text and images that provide inspiration and useful context before and during your journey.<\/p>\n<p>The content is tailored for planning road trips and provides a holistic presentation of the region, focusing on experiences, stops, and tourist destinations along the way. The guide serves as an excellent supplement to digital maps and navigation, acting as a practical and clear tool in the car or during planning at home. <\/p>\n<p>The guide was published in <strong>2018<\/strong>. Although certain roads, route choices, and destination details may not always be 100% up to date, the guide still provides a good and relevant overview of the area and is well-suited for inspiration and travel assistance on your road trip. <\/p>\n<p>The map covers locations such as Kristiansund, Trondheim, St\u00f8ren, R\u00f8ros, Tynset, Domb\u00e5s, \u00c5ndalsnes, Sunndals\u00f8ra, and Molde.<\/p>\n","protected":false},"excerpt":{"rendered":"<p>Experience guide for road trips along The Atlantic Coast 1:250,000 w\/booklet Road Experience Guide, featuring clear road maps, photos, and text to simplify your trip planning.<\/p>\n","protected":false},"featured_media":1565,"comment_status":"closed","ping_status":"closed","template":"","meta":{"_uag_custom_page_level_css":""},"product_brand":[],"product_cat":[1053],"product_tag":[],"class_list":{"0":"post-44007","1":"product","2":"type-product","3":"status-publish","4":"has-post-thumbnail","6":"product_cat-travel-maps","7":"product_shipping_class-postkasse","8":"pa_kartserie-opplevelsesguide","9":"pa_produsent-nordic-maps","11":"first","12":"instock","13":"taxable","14":"shipping-taxable","15":"purchasable","16":"product-type-simple"},"composite_virtual":false,"composite_layout":"","composite_add_to_cart_form_location":"","composite_editable_in_cart":false,"composite_sold_individually_context":"","composite_shop_price_calc":"","composite_components":[],"composite_scenarios":[],"acf":[],"yoast_head":"<!-- This site is optimized with the Yoast SEO Premium plugin v27.2 (Yoast SEO v27.2) - https:\/\/yoast.com\/product\/yoast-seo-premium-wordpress\/ -->\n<title>The Atlantic Coast 1:250,000 w\/booklet Road Experience Guide \u2013 Experience guide for your road trip | Kart.no<\/title>\n<meta name=\"description\" content=\"Experience guide for your road trip along The Atlantic Coast 1:250,000 w\/booklet Road Experience Guide. Published 2018. Road maps, photos, and text providing an overview and inspiration for popular destinations.\" \/>\n<meta name=\"robots\" content=\"index, follow, max-snippet:-1, max-image-preview:large, max-video-preview:-1\" \/>\n<link rel=\"canonical\" href=\"https:\/\/kart.no\/en\/produkt\/the-atlantic-coast-1250000-w-booklet-road-experience-guide\/\" \/>\n<meta property=\"og:locale\" content=\"en_US\" \/>\n<meta property=\"og:type\" content=\"article\" \/>\n<meta property=\"og:title\" content=\"The Atlantic Coast 1:250,000 w\/booklet Road Experience Guide\" \/>\n<meta property=\"og:description\" content=\"Experience guide for your road trip along The Atlantic Coast 1:250,000 w\/booklet Road Experience Guide. Published 2018. Road maps, photos, and text providing an overview and inspiration for popular destinations.\" \/>\n<meta property=\"og:url\" content=\"https:\/\/kart.no\/en\/produkt\/the-atlantic-coast-1250000-w-booklet-road-experience-guide\/\" \/>\n<meta property=\"og:site_name\" content=\"Kart.no\" \/>\n<meta property=\"article:publisher\" content=\"https:\/\/www.facebook.com\/kart.no\" \/>\n<meta property=\"og:image\" content=\"https:\/\/kart.no\/wp-content\/uploads\/2023\/11\/6026_a.jpg\" \/>\n\t<meta property=\"og:image:width\" content=\"1200\" \/>\n\t<meta property=\"og:image:height\" content=\"1200\" \/>\n\t<meta property=\"og:image:type\" content=\"image\/jpeg\" \/>\n<meta name=\"twitter:card\" content=\"summary_large_image\" \/>\n<meta name=\"twitter:label1\" content=\"Est. reading time\" \/>\n\t<meta name=\"twitter:data1\" content=\"1 minute\" \/>\n<script type=\"application\/ld+json\" class=\"yoast-schema-graph\">{\"@context\":\"https:\/\/schema.org\",\"@graph\":[{\"@type\":\"WebPage\",\"@id\":\"https:\/\/kart.no\/en\/produkt\/the-atlantic-coast-1250000-w-booklet-road-experience-guide\/\",\"url\":\"https:\/\/kart.no\/en\/produkt\/the-atlantic-coast-1250000-w-booklet-road-experience-guide\/\",\"name\":\"The Atlantic Coast 1:250,000 w\/booklet Road Experience Guide \u2013 Experience guide for your road trip | Kart.no\",\"isPartOf\":{\"@id\":\"https:\/\/kart.no\/en\/#website\"},\"primaryImageOfPage\":{\"@id\":\"https:\/\/kart.no\/en\/produkt\/the-atlantic-coast-1250000-w-booklet-road-experience-guide\/#primaryimage\"},\"image\":{\"@id\":\"https:\/\/kart.no\/en\/produkt\/the-atlantic-coast-1250000-w-booklet-road-experience-guide\/#primaryimage\"},\"thumbnailUrl\":\"https:\/\/kart.no\/wp-content\/uploads\/2023\/11\/6026_a.jpg\",\"datePublished\":\"2023-11-19T20:04:27+00:00\",\"description\":\"Experience guide for your road trip along The Atlantic Coast 1:250,000 w\/booklet Road Experience Guide. Published 2018. Road maps, photos, and text providing an overview and inspiration for popular destinations.\",\"breadcrumb\":{\"@id\":\"https:\/\/kart.no\/en\/produkt\/the-atlantic-coast-1250000-w-booklet-road-experience-guide\/#breadcrumb\"},\"inLanguage\":\"en-US\",\"potentialAction\":[{\"@type\":\"ReadAction\",\"target\":[\"https:\/\/kart.no\/en\/produkt\/the-atlantic-coast-1250000-w-booklet-road-experience-guide\/\"]}]},{\"@type\":\"ImageObject\",\"inLanguage\":\"en-US\",\"@id\":\"https:\/\/kart.no\/en\/produkt\/the-atlantic-coast-1250000-w-booklet-road-experience-guide\/#primaryimage\",\"url\":\"https:\/\/kart.no\/wp-content\/uploads\/2023\/11\/6026_a.jpg\",\"contentUrl\":\"https:\/\/kart.no\/wp-content\/uploads\/2023\/11\/6026_a.jpg\",\"width\":1200,\"height\":1200,\"caption\":\"Product photo of The Atlantic Coast 1:250,000 w\/booklet Road Experience Guide, a detailed hiking map tailored for planning and field use.\"},{\"@type\":\"BreadcrumbList\",\"@id\":\"https:\/\/kart.no\/en\/produkt\/the-atlantic-coast-1250000-w-booklet-road-experience-guide\/#breadcrumb\",\"itemListElement\":[{\"@type\":\"ListItem\",\"position\":1,\"name\":\"Hjem\",\"item\":\"https:\/\/kart.no\/en\/\"},{\"@type\":\"ListItem\",\"position\":2,\"name\":\"Shop\",\"item\":\"https:\/\/kart.no\/en\/shop\/\"},{\"@type\":\"ListItem\",\"position\":3,\"name\":\"The Atlantic Coast 1:250,000 w\/booklet Road Experience Guide\"}]},{\"@type\":\"WebSite\",\"@id\":\"https:\/\/kart.no\/en\/#website\",\"url\":\"https:\/\/kart.no\/en\/\",\"name\":\"Kart.no\",\"description\":\"Norges mest komplette kartbutikk\",\"publisher\":{\"@id\":\"https:\/\/kart.no\/en\/#organization\"},\"potentialAction\":[{\"@type\":\"SearchAction\",\"target\":{\"@type\":\"EntryPoint\",\"urlTemplate\":\"https:\/\/kart.no\/en\/?s={search_term_string}\"},\"query-input\":{\"@type\":\"PropertyValueSpecification\",\"valueRequired\":true,\"valueName\":\"search_term_string\"}}],\"inLanguage\":\"en-US\"},{\"@type\":\"Organization\",\"@id\":\"https:\/\/kart.no\/en\/#organization\",\"name\":\"Kart.no\",\"url\":\"https:\/\/kart.no\/en\/\",\"logo\":{\"@type\":\"ImageObject\",\"inLanguage\":\"en-US\",\"@id\":\"https:\/\/kart.no\/en\/#\/schema\/logo\/image\/\",\"url\":\"https:\/\/kart.no\/wp-content\/uploads\/2023\/10\/kart.no-logo.png\",\"contentUrl\":\"https:\/\/kart.no\/wp-content\/uploads\/2023\/10\/kart.no-logo.png\",\"width\":784,\"height\":312,\"caption\":\"Kart.no\"},\"image\":{\"@id\":\"https:\/\/kart.no\/en\/#\/schema\/logo\/image\/\"},\"sameAs\":[\"https:\/\/www.facebook.com\/kart.no\",\"https:\/\/www.instagram.com\/_kart.no\/\"]}]}<\/script>\n<!-- \/ Yoast SEO Premium plugin. -->","yoast_head_json":{"title":"The Atlantic Coast 1:250,000 w\/booklet Road Experience Guide \u2013 Experience guide for your road trip | Kart.no","description":"Experience guide for your road trip along The Atlantic Coast 1:250,000 w\/booklet Road Experience Guide. Published 2018. Road maps, photos, and text providing an overview and inspiration for popular destinations.","robots":{"index":"index","follow":"follow","max-snippet":"max-snippet:-1","max-image-preview":"max-image-preview:large","max-video-preview":"max-video-preview:-1"},"canonical":"https:\/\/kart.no\/en\/produkt\/the-atlantic-coast-1250000-w-booklet-road-experience-guide\/","og_locale":"en_US","og_type":"article","og_title":"The Atlantic Coast 1:250,000 w\/booklet Road Experience Guide","og_description":"Experience guide for your road trip along The Atlantic Coast 1:250,000 w\/booklet Road Experience Guide. Published 2018. Road maps, photos, and text providing an overview and inspiration for popular destinations.","og_url":"https:\/\/kart.no\/en\/produkt\/the-atlantic-coast-1250000-w-booklet-road-experience-guide\/","og_site_name":"Kart.no","article_publisher":"https:\/\/www.facebook.com\/kart.no","og_image":[{"width":1200,"height":1200,"url":"https:\/\/kart.no\/wp-content\/uploads\/2023\/11\/6026_a.jpg","type":"image\/jpeg"}],"twitter_card":"summary_large_image","twitter_misc":{"Est. reading time":"1 minute"},"schema":{"@context":"https:\/\/schema.org","@graph":[{"@type":"WebPage","@id":"https:\/\/kart.no\/en\/produkt\/the-atlantic-coast-1250000-w-booklet-road-experience-guide\/","url":"https:\/\/kart.no\/en\/produkt\/the-atlantic-coast-1250000-w-booklet-road-experience-guide\/","name":"The Atlantic Coast 1:250,000 w\/booklet Road Experience Guide \u2013 Experience guide for your road trip | Kart.no","isPartOf":{"@id":"https:\/\/kart.no\/en\/#website"},"primaryImageOfPage":{"@id":"https:\/\/kart.no\/en\/produkt\/the-atlantic-coast-1250000-w-booklet-road-experience-guide\/#primaryimage"},"image":{"@id":"https:\/\/kart.no\/en\/produkt\/the-atlantic-coast-1250000-w-booklet-road-experience-guide\/#primaryimage"},"thumbnailUrl":"https:\/\/kart.no\/wp-content\/uploads\/2023\/11\/6026_a.jpg","datePublished":"2023-11-19T20:04:27+00:00","description":"Experience guide for your road trip along The Atlantic Coast 1:250,000 w\/booklet Road Experience Guide. Published 2018. Road maps, photos, and text providing an overview and inspiration for popular destinations.","breadcrumb":{"@id":"https:\/\/kart.no\/en\/produkt\/the-atlantic-coast-1250000-w-booklet-road-experience-guide\/#breadcrumb"},"inLanguage":"en-US","potentialAction":[{"@type":"ReadAction","target":["https:\/\/kart.no\/en\/produkt\/the-atlantic-coast-1250000-w-booklet-road-experience-guide\/"]}]},{"@type":"ImageObject","inLanguage":"en-US","@id":"https:\/\/kart.no\/en\/produkt\/the-atlantic-coast-1250000-w-booklet-road-experience-guide\/#primaryimage","url":"https:\/\/kart.no\/wp-content\/uploads\/2023\/11\/6026_a.jpg","contentUrl":"https:\/\/kart.no\/wp-content\/uploads\/2023\/11\/6026_a.jpg","width":1200,"height":1200,"caption":"Product photo of The Atlantic Coast 1:250,000 w\/booklet Road Experience Guide, a detailed hiking map tailored for planning and field use."},{"@type":"BreadcrumbList","@id":"https:\/\/kart.no\/en\/produkt\/the-atlantic-coast-1250000-w-booklet-road-experience-guide\/#breadcrumb","itemListElement":[{"@type":"ListItem","position":1,"name":"Hjem","item":"https:\/\/kart.no\/en\/"},{"@type":"ListItem","position":2,"name":"Shop","item":"https:\/\/kart.no\/en\/shop\/"},{"@type":"ListItem","position":3,"name":"The Atlantic Coast 1:250,000 w\/booklet Road Experience Guide"}]},{"@type":"WebSite","@id":"https:\/\/kart.no\/en\/#website","url":"https:\/\/kart.no\/en\/","name":"Kart.no","description":"Norges mest komplette kartbutikk","publisher":{"@id":"https:\/\/kart.no\/en\/#organization"},"potentialAction":[{"@type":"SearchAction","target":{"@type":"EntryPoint","urlTemplate":"https:\/\/kart.no\/en\/?s={search_term_string}"},"query-input":{"@type":"PropertyValueSpecification","valueRequired":true,"valueName":"search_term_string"}}],"inLanguage":"en-US"},{"@type":"Organization","@id":"https:\/\/kart.no\/en\/#organization","name":"Kart.no","url":"https:\/\/kart.no\/en\/","logo":{"@type":"ImageObject","inLanguage":"en-US","@id":"https:\/\/kart.no\/en\/#\/schema\/logo\/image\/","url":"https:\/\/kart.no\/wp-content\/uploads\/2023\/10\/kart.no-logo.png","contentUrl":"https:\/\/kart.no\/wp-content\/uploads\/2023\/10\/kart.no-logo.png","width":784,"height":312,"caption":"Kart.no"},"image":{"@id":"https:\/\/kart.no\/en\/#\/schema\/logo\/image\/"},"sameAs":["https:\/\/www.facebook.com\/kart.no","https:\/\/www.instagram.com\/_kart.no\/"]}]}},"uagb_featured_image_src":{"full":["https:\/\/kart.no\/wp-content\/uploads\/2023\/11\/6026_a.jpg",1200,1200,false],"thumbnail":["https:\/\/kart.no\/wp-content\/uploads\/2023\/11\/6026_a-150x150.jpg",150,150,true],"medium":["https:\/\/kart.no\/wp-content\/uploads\/2023\/11\/6026_a-300x300.jpg",300,300,true],"medium_large":["https:\/\/kart.no\/wp-content\/uploads\/2023\/11\/6026_a-768x768.jpg",768,768,true],"large":["https:\/\/kart.no\/wp-content\/uploads\/2023\/11\/6026_a-1024x1024.jpg",1024,1024,true],"1536x1536":["https:\/\/kart.no\/wp-content\/uploads\/2023\/11\/6026_a.jpg",1200,1200,false],"2048x2048":["https:\/\/kart.no\/wp-content\/uploads\/2023\/11\/6026_a.jpg",1200,1200,false],"woocommerce_thumbnail":["https:\/\/kart.no\/wp-content\/uploads\/2023\/11\/6026_a-300x300.jpg",300,300,true],"woocommerce_single":["https:\/\/kart.no\/wp-content\/uploads\/2023\/11\/6026_a-600x600.jpg",600,600,true],"woocommerce_gallery_thumbnail":["https:\/\/kart.no\/wp-content\/uploads\/2023\/11\/6026_a-100x100.jpg",100,100,true],"dgwt-wcas-product-suggestion":["https:\/\/kart.no\/wp-content\/uploads\/2023\/11\/6026_a-64x64.jpg",64,64,true]},"uagb_author_info":{"display_name":"maksimer","author_link":"https:\/\/kart.no\/en\/author\/"},"uagb_comment_info":0,"uagb_excerpt":"Experience guide for road trips along The Atlantic Coast 1:250,000 w\/booklet Road Experience Guide, featuring clear road maps, photos, and text to simplify your trip planning.","_links":{"self":[{"href":"https:\/\/kart.no\/en\/wp-json\/wp\/v2\/product\/44007","targetHints":{"allow":["GET"]}}],"collection":[{"href":"https:\/\/kart.no\/en\/wp-json\/wp\/v2\/product"}],"about":[{"href":"https:\/\/kart.no\/en\/wp-json\/wp\/v2\/types\/product"}],"replies":[{"embeddable":true,"href":"https:\/\/kart.no\/en\/wp-json\/wp\/v2\/comments?post=44007"}],"wp:featuredmedia":[{"embeddable":true,"href":"https:\/\/kart.no\/en\/wp-json\/wp\/v2\/media\/1565"}],"wp:attachment":[{"href":"https:\/\/kart.no\/en\/wp-json\/wp\/v2\/media?parent=44007"}],"wp:term":[{"taxonomy":"product_brand","embeddable":true,"href":"https:\/\/kart.no\/en\/wp-json\/wp\/v2\/product_brand?post=44007"},{"taxonomy":"product_cat","embeddable":true,"href":"https:\/\/kart.no\/en\/wp-json\/wp\/v2\/product_cat?post=44007"},{"taxonomy":"product_tag","embeddable":true,"href":"https:\/\/kart.no\/en\/wp-json\/wp\/v2\/product_tag?post=44007"}],"curies":[{"name":"wp","href":"https:\/\/api.w.org\/{rel}","templated":true}]}}