{"id":45094,"date":"2023-12-06T00:44:12","date_gmt":"2023-12-05T23:44:12","guid":{"rendered":"https:\/\/kart.no\/produkt\/kartverket-hovedkart-97-soroysundet-stjernsundet-og-rognsundet\/"},"modified":"2026-04-09T00:51:39","modified_gmt":"2026-04-08T22:51:39","slug":"kartverket-hovedkart-97-soroysundet-stjernsundet-og-rognsundet","status":"publish","type":"product","link":"https:\/\/kart.no\/en\/produkt\/kartverket-hovedkart-97-soroysundet-stjernsundet-og-rognsundet\/","title":{"rendered":"Kartverket nautical chart 097 &#8211; S\u00f8r\u00f8ysundet, Stjernsundet and Rognsundet"},"content":{"rendered":"<p>Nautical chart covering the waters of S\u00f8r\u00f8ysundet, Stjernsundet and Rognsundet. Map sheet 97 in the Norwegian Mapping Authority&#8217;s main map series. The map is 115 x 87 cm and has a scale of 1:50,000. Can also be delivered on a plate or framed. Size with passepartout and frame is 136 x 107 cm.    <\/p>\n<p>The map covers S\u00f8r\u00f8ysundet, Stjernsundet and Rognsundet and is designed for those who need an up-to-date nautical chart for active use along the coast. The place names in the map area make it easy to find the right coverage for this particular part of the coast, whether you use the map actively on board or want it as an overview map. <\/p>\n<p>Map sheet 97 in the Norwegian Mapping Authority&#8217;s main map series. The map has a scale of 1:50,000 and size 115 x 87 cm. The map is produced as print-on-demand and is printed when ordered. This means that you get an updated nautical chart based on the latest available data and corrections from the Mapping Authority.   <\/p>\n<p>The nautical chart is based on official data from the Norwegian Mapping Authority and is designed for those who want quality, precision and up-to-date map information.<\/p>\n<p>The choice of material can be adapted to the application. 125 gram map paper is thin, matt and space-saving, and is ideal as a spare map.  180-gram map paper is a carefully selected, matt and sturdy paper that is ideal for active map use on board. Tyvek is made for rough conditions and can withstand both water and rough handling. Art paper is a good choice when the chart is to be framed or used as a wall chart, and gives a more exclusive finish.  <\/p>\n<p>In addition, the map can be delivered with a frame or on an aluminum plate, ready to hang up as a practical and decorative map. Size with passepartout and frame is 136 x 107 cm. <\/p>\n","protected":false},"excerpt":{"rendered":"<p>Nautical chart covering the waters of S\u00f8r\u00f8ysundet, Stjernsundet and Rognsundet. Map sheet 97 in the Norwegian Mapping Authority&#8217;s main map series. The map is 115 x 87 cm and has a scale of 1:50,000. Can also be delivered on a plate or framed. Size with passepartout and frame is 136 x 107 cm.    <\/p>\n","protected":false},"featured_media":45096,"comment_status":"open","ping_status":"closed","template":"","meta":{"_uag_custom_page_level_css":""},"product_brand":[1402],"product_cat":[1137],"product_tag":[],"class_list":{"0":"post-45094","1":"product","2":"type-product","3":"status-publish","4":"has-post-thumbnail","6":"product_brand-norwegian-mapping-authority","7":"product_cat-official-nautical-charts-norway","8":"pa_fylke-finnmark","9":"pa_kartserie-kartverket-hovedkart","10":"pa_produsent-kartverket","12":"first","13":"instock","14":"taxable","15":"shipping-taxable","16":"purchasable","17":"product-type-composite"},"composite_virtual":false,"composite_layout":"single","composite_add_to_cart_form_location":"default","composite_editable_in_cart":false,"composite_sold_individually_context":"product","composite_shop_price_calc":"defaults","composite_components":[{"id":"1706794288","title":"Select material","description":"<div class=\"component-popup\">\n<div class=\"cmp-popup-top\">\n       <a href=\"#\" class=\"close-cmp-popup\">X<\/a>\n   <\/div>\n<div class=\"cmp-popup-inner\">\n<h3>Materials<\/h3>\n<p><span>We use the highest quality materials handpicked by us. Print on map paper is produced on map plotters approved by the Swedish Mapping Authority.  Art prints are produced with 12-color pigment printers with a lifespan of 100-400 years.  <\/span>\n   <\/div>\n<div class=\"cmp-popup-inner\">\n<h4>Map paper (90 grams)<\/h4>\n<p>Uncoated matte paper 90 grams\/m2 (thin paper).<\/p>\n<\/div>\n<div class=\"cmp-popup-inner\">\n<h4>Map paper (180 grams)<\/h4>\n<p>Uncoated matte paper 180 grams\/m2 (thick paper).\n<\/p>\n<\/div>\n<div class=\"cmp-popup-inner\">\n<h4>Water and tear resistant paper (Tyvek)<\/h4>\n<p>Paper made for harsh conditions. Withstands water and is almost impossible to tear. <\/p>\n<\/p>\n<\/div>\n<div class=\"cmp-popup-inner\">\n<h4>Art paper<\/h4>\n<p>Cotton-based rag paper (240 gsm) with exclusive structure. The first choice for framing maps. <\/p>\n<\/p>\n<\/div>\n<div class=\"cmp-popup-inner\">\n<h4>Aluminum plate<\/h4>\n<p>Maps printed on robust and durable Tyvek\u00ae mounted on 2 mm thick aluminum composite board. Supplied ready to hang on the wall with profile strips on the back.\n<\/p>\n<\/div>\n<div class=\"cmp-popup-inner\">\n<h4>Aluminum sheet with glass film<\/h4>\n<p>2 mm thick aluminum composite plate with glass film. Exclusive and durable finish that can also be hung outdoors.  The glass film gives maps with shading a three-dimensional look. Also perfect if you want to draw on the map with whiteboard markers. Supplied ready to hang on the wall with profile strips on the back.  <\/p>\n<\/p>\n<\/div>\n<\/div>\n","query_type":"category_ids","query_ids":[136],"default_option_id":5807,"thumbnail_id":"","thumbnail_src":"","quantity_min":1,"quantity_max":1,"priced_individually":true,"shipped_individually":false,"optional":true,"discount":"","options_style":"thumbnails","pagination_style":"classic","display_prices":"absolute","show_sorting_options":false,"show_filtering_options":false,"attribute_filter_ids":[],"select_action":"view","product_title_visible":true,"product_descr_visible":true,"product_price_visible":true,"product_thumb_visible":true,"subtotal_visible_product":true,"subtotal_visible_cart":true,"subtotal_visible_orders":true},{"id":"1706794289","title":"Select framing","description":"<div class=\"component-popup\">\n<div class=\"cmp-popup-top\">\n       <a href=\"#\" class=\"close-cmp-popup\">X<\/a>\n   <\/div>\n<div class=\"cmp-popup-inner\">\n<h3>Select framing<\/h3>\n<p><span>Nautical charts can be framed with or without passepartout. If you choose passe-partout for the map, the overall size increases.  The passepartout is 1.8 mm thick and manufactured by Canson. Maps are framed with float glass without spacers.  <\/span>\n   <\/div>\n<\/div>\n","query_type":"category_ids","query_ids":[137],"default_option_id":5813,"thumbnail_id":"","thumbnail_src":"","quantity_min":1,"quantity_max":1,"priced_individually":true,"shipped_individually":false,"optional":true,"discount":"","options_style":"thumbnails","pagination_style":"classic","display_prices":"hidden","show_sorting_options":false,"show_filtering_options":false,"attribute_filter_ids":[],"select_action":"view","product_title_visible":true,"product_descr_visible":true,"product_price_visible":true,"product_thumb_visible":true,"subtotal_visible_product":true,"subtotal_visible_cart":true,"subtotal_visible_orders":true},{"id":"1707094836","title":"Select frame color","description":"<div class=\"component-popup\">\n<div class=\"cmp-popup-top\">\n       <a href=\"#\" class=\"close-cmp-popup\">X<\/a>\n   <\/div>\n<div class=\"cmp-popup-inner\">\n<h4>Select frame color<\/h4>\n<p>All our maps are framed with frame strips from Italian Rosini Cornice. The size of the frame strip is adapted to the size of the map.  The frame strips are 15 - 50 mm deep and 12 - 20 mm wide. The black, white, oak and walnut frames are made with Scandinavian pine.  The Natur frame is made with linden wood.<\/p>\n<\/div>\n<\/div>\n","query_type":"category_ids","query_ids":[138],"default_option_id":5825,"thumbnail_id":"","thumbnail_src":"","quantity_min":1,"quantity_max":1,"priced_individually":true,"shipped_individually":false,"optional":true,"discount":"","options_style":"thumbnails","pagination_style":"classic","display_prices":"absolute","show_sorting_options":false,"show_filtering_options":false,"attribute_filter_ids":[],"select_action":"view","product_title_visible":true,"product_descr_visible":true,"product_price_visible":true,"product_thumb_visible":true,"subtotal_visible_product":true,"subtotal_visible_cart":true,"subtotal_visible_orders":true},{"id":"1744101720","title":"Choose accessories","description":"","query_type":"product_ids","query_ids":[53291,14494],"default_option_id":14494,"thumbnail_id":"","thumbnail_src":"","quantity_min":0,"quantity_max":1,"priced_individually":true,"shipped_individually":false,"optional":true,"discount":"","options_style":"thumbnails","pagination_style":"classic","display_prices":"absolute","show_sorting_options":false,"show_filtering_options":false,"attribute_filter_ids":[],"select_action":"view","product_title_visible":true,"product_descr_visible":true,"product_price_visible":true,"product_thumb_visible":true,"subtotal_visible_product":true,"subtotal_visible_cart":true,"subtotal_visible_orders":true}],"composite_scenarios":[{"id":"1707095395","name":"When not &quot;Kunstpapir (for innramming)&quot; - hide &quot;velg Innramming&quot;, &quot;Velg rammefarge&quot;","description":"","configuration":[{"component_id":"1706794288","options_modifier":"not-in","component_options":[5810]}],"actions":[{"action_id":"compat_group","is_active":false},{"action_id":"conditional_components","is_active":true,"hidden_components":["1706794289","1707094836"]},{"action_id":"conditional_options","is_active":false,"hidden_options":[]}],"enabled":true},{"id":"1707095396","name":"When not &quot;Kartpapir 90 gram&quot;, &quot;Kartpapir 180 gram), &quot;Tykev&quot;, hide &quot;Levering&quot;","description":"","configuration":[{"component_id":"1706794288","options_modifier":"not-in","component_options":[5808,5807]}],"actions":[{"action_id":"compat_group","is_active":false},{"action_id":"conditional_components","is_active":true,"hidden_components":[]},{"action_id":"conditional_options","is_active":false,"hidden_options":[]}],"enabled":true},{"id":"1707095397","name":"When &quot;uten innramming&quot; hide &quot;belg rammefarge","description":"","configuration":[{"component_id":"1706794289","options_modifier":"in","component_options":[5813]}],"actions":[{"action_id":"compat_group","is_active":false},{"action_id":"conditional_components","is_active":true,"hidden_components":["1707094836"]},{"action_id":"conditional_options","is_active":false,"hidden_options":[]}],"enabled":true},{"id":"1707095398","name":"When &quot;innramming uten passeparout&quot; hide all options with passepartout","description":"","configuration":[{"component_id":"1706794289","options_modifier":"in","component_options":[5814]}],"actions":[{"action_id":"compat_group","is_active":false},{"action_id":"conditional_components","is_active":false,"hidden_components":[]},{"action_id":"conditional_options","is_active":true,"hidden_options":[{"component_id":"1707094836","component_options":[5825,5824,5823,5822,5821],"options_modifier":"in"}]}],"enabled":true},{"id":"1707095399","name":"When &quot;innrammingh med passepartout&quot; hide all options with no passepartout","description":"","configuration":[{"component_id":"1706794289","options_modifier":"in","component_options":[5815]}],"actions":[{"action_id":"compat_group","is_active":false},{"action_id":"conditional_components","is_active":false,"hidden_components":[]},{"action_id":"conditional_options","is_active":true,"hidden_options":[{"component_id":"1707094836","component_options":[5820,5819,5818,5817,5816],"options_modifier":"in"}]}],"enabled":true},{"id":"1744102070","name":"Kartr\u00f8r","description":"","configuration":[{"component_id":"1706794288","options_modifier":"in","component_options":[5812,5811]}],"actions":[{"action_id":"compat_group","is_active":false},{"action_id":"conditional_components","is_active":false,"hidden_components":[]},{"action_id":"conditional_options","is_active":true,"hidden_options":[{"component_id":"1744101720","component_options":[53291],"options_modifier":"in"}]}],"enabled":true},{"id":"1744102071","name":"Bildeoppheng","description":"","configuration":[{"component_id":"1706794288","options_modifier":"in","component_options":[5810,5809,5808,5807]}],"actions":[{"action_id":"compat_group","is_active":false},{"action_id":"conditional_components","is_active":false,"hidden_components":[]},{"action_id":"conditional_options","is_active":true,"hidden_options":[{"component_id":"1744101720","component_options":[50857],"options_modifier":"in"}]}],"enabled":true},{"id":"1744102072","name":"Hide tilbeh\u00f8r when innramming","description":"","configuration":[{"component_id":"1706794289","options_modifier":"not-in","component_options":[5813]}],"actions":[{"action_id":"compat_group","is_active":false},{"action_id":"conditional_components","is_active":true,"hidden_components":["1744101720"]},{"action_id":"conditional_options","is_active":false,"hidden_options":[]}],"enabled":true}],"acf":[],"yoast_head":"<!-- This site is optimized with the Yoast SEO Premium plugin v27.4 (Yoast SEO v27.4) - https:\/\/yoast.com\/product\/yoast-seo-premium-wordpress\/ -->\n<title>Kartverket nautical chart 097 - S\u00f8r\u00f8ysundet, Stjernsundet and Rognsundet - Kart.no<\/title>\n<meta name=\"robots\" content=\"index, follow, max-snippet:-1, max-image-preview:large, max-video-preview:-1\" \/>\n<link rel=\"canonical\" href=\"https:\/\/kart.no\/en\/produkt\/kartverket-hovedkart-97-soroysundet-stjernsundet-og-rognsundet\/\" \/>\n<meta property=\"og:locale\" content=\"en_US\" \/>\n<meta property=\"og:type\" content=\"article\" \/>\n<meta property=\"og:title\" content=\"Kartverket nautical chart 097 - S\u00f8r\u00f8ysundet, Stjernsundet and Rognsundet\" \/>\n<meta property=\"og:description\" content=\"Nautical chart covering the waters of S\u00f8r\u00f8ysundet, Stjernsundet and Rognsundet. Map sheet 97 in the Norwegian Mapping Authority&#039;s main map series. The map is 115 x 87 cm and has a scale of 1:50,000. Can also be delivered on a plate or framed. Size with passepartout and frame is 136 x 107 cm.\" \/>\n<meta property=\"og:url\" content=\"https:\/\/kart.no\/en\/produkt\/kartverket-hovedkart-97-soroysundet-stjernsundet-og-rognsundet\/\" \/>\n<meta property=\"og:site_name\" content=\"Kart.no\" \/>\n<meta property=\"article:publisher\" content=\"https:\/\/www.facebook.com\/kart.no\" \/>\n<meta property=\"article:modified_time\" content=\"2026-04-08T22:51:39+00:00\" \/>\n<meta property=\"og:image\" content=\"https:\/\/kart.no\/wp-content\/uploads\/2025\/06\/2025-097.jpg\" \/>\n\t<meta property=\"og:image:width\" content=\"2048\" \/>\n\t<meta property=\"og:image:height\" content=\"2048\" \/>\n\t<meta property=\"og:image:type\" content=\"image\/jpeg\" \/>\n<meta name=\"twitter:card\" content=\"summary_large_image\" \/>\n<meta name=\"twitter:label1\" content=\"Est. reading time\" \/>\n\t<meta name=\"twitter:data1\" content=\"1 minute\" \/>\n<script type=\"application\/ld+json\" class=\"yoast-schema-graph\">{\"@context\":\"https:\\\/\\\/schema.org\",\"@graph\":[{\"@type\":\"WebPage\",\"@id\":\"https:\\\/\\\/kart.no\\\/en\\\/produkt\\\/kartverket-hovedkart-97-soroysundet-stjernsundet-og-rognsundet\\\/\",\"url\":\"https:\\\/\\\/kart.no\\\/en\\\/produkt\\\/kartverket-hovedkart-97-soroysundet-stjernsundet-og-rognsundet\\\/\",\"name\":\"Kartverket nautical chart 097 - S\u00f8r\u00f8ysundet, Stjernsundet and Rognsundet - Kart.no\",\"isPartOf\":{\"@id\":\"https:\\\/\\\/kart.no\\\/en\\\/#website\"},\"primaryImageOfPage\":{\"@id\":\"https:\\\/\\\/kart.no\\\/en\\\/produkt\\\/kartverket-hovedkart-97-soroysundet-stjernsundet-og-rognsundet\\\/#primaryimage\"},\"image\":{\"@id\":\"https:\\\/\\\/kart.no\\\/en\\\/produkt\\\/kartverket-hovedkart-97-soroysundet-stjernsundet-og-rognsundet\\\/#primaryimage\"},\"thumbnailUrl\":\"https:\\\/\\\/kart.no\\\/wp-content\\\/uploads\\\/2025\\\/06\\\/2025-097.jpg\",\"datePublished\":\"2023-12-05T23:44:12+00:00\",\"dateModified\":\"2026-04-08T22:51:39+00:00\",\"breadcrumb\":{\"@id\":\"https:\\\/\\\/kart.no\\\/en\\\/produkt\\\/kartverket-hovedkart-97-soroysundet-stjernsundet-og-rognsundet\\\/#breadcrumb\"},\"inLanguage\":\"en-US\",\"potentialAction\":[{\"@type\":\"ReadAction\",\"target\":[\"https:\\\/\\\/kart.no\\\/en\\\/produkt\\\/kartverket-hovedkart-97-soroysundet-stjernsundet-og-rognsundet\\\/\"]}]},{\"@type\":\"ImageObject\",\"inLanguage\":\"en-US\",\"@id\":\"https:\\\/\\\/kart.no\\\/en\\\/produkt\\\/kartverket-hovedkart-97-soroysundet-stjernsundet-og-rognsundet\\\/#primaryimage\",\"url\":\"https:\\\/\\\/kart.no\\\/wp-content\\\/uploads\\\/2025\\\/06\\\/2025-097.jpg\",\"contentUrl\":\"https:\\\/\\\/kart.no\\\/wp-content\\\/uploads\\\/2025\\\/06\\\/2025-097.jpg\",\"width\":2048,\"height\":2048},{\"@type\":\"BreadcrumbList\",\"@id\":\"https:\\\/\\\/kart.no\\\/en\\\/produkt\\\/kartverket-hovedkart-97-soroysundet-stjernsundet-og-rognsundet\\\/#breadcrumb\",\"itemListElement\":[{\"@type\":\"ListItem\",\"position\":1,\"name\":\"Hjem\",\"item\":\"https:\\\/\\\/kart.no\\\/en\\\/\"},{\"@type\":\"ListItem\",\"position\":2,\"name\":\"Shop\",\"item\":\"https:\\\/\\\/kart.no\\\/en\\\/shop\\\/\"},{\"@type\":\"ListItem\",\"position\":3,\"name\":\"Marine\",\"item\":\"https:\\\/\\\/kart.no\\\/en\\\/product-category\\\/marine\\\/\"},{\"@type\":\"ListItem\",\"position\":4,\"name\":\"Nautical Charts (Paper)\",\"item\":\"https:\\\/\\\/kart.no\\\/en\\\/product-category\\\/marine\\\/nautical-charts-paper\\\/\"},{\"@type\":\"ListItem\",\"position\":5,\"name\":\"Nautical Charts (Paper) \u2013 Norway\",\"item\":\"https:\\\/\\\/kart.no\\\/en\\\/product-category\\\/marine\\\/nautical-charts-paper\\\/nautical-charts-paper-norway\\\/\"},{\"@type\":\"ListItem\",\"position\":6,\"name\":\"Official Nautical Charts \u2013 Norway\",\"item\":\"https:\\\/\\\/kart.no\\\/en\\\/product-category\\\/marine\\\/nautical-charts-paper\\\/nautical-charts-paper-norway\\\/official-nautical-charts-norway\\\/\"},{\"@type\":\"ListItem\",\"position\":7,\"name\":\"Kartverket nautical chart 097 &#8211; S\u00f8r\u00f8ysundet, Stjernsundet and Rognsundet\"}]},{\"@type\":\"WebSite\",\"@id\":\"https:\\\/\\\/kart.no\\\/en\\\/#website\",\"url\":\"https:\\\/\\\/kart.no\\\/en\\\/\",\"name\":\"Kart.no\",\"description\":\"Nordic expertise in maps and navigation\",\"publisher\":{\"@id\":\"https:\\\/\\\/kart.no\\\/en\\\/#organization\"},\"potentialAction\":[{\"@type\":\"SearchAction\",\"target\":{\"@type\":\"EntryPoint\",\"urlTemplate\":\"https:\\\/\\\/kart.no\\\/en\\\/?s={search_term_string}\"},\"query-input\":{\"@type\":\"PropertyValueSpecification\",\"valueRequired\":true,\"valueName\":\"search_term_string\"}}],\"inLanguage\":\"en-US\"},{\"@type\":\"Organization\",\"@id\":\"https:\\\/\\\/kart.no\\\/en\\\/#organization\",\"name\":\"Kart.no\",\"url\":\"https:\\\/\\\/kart.no\\\/en\\\/\",\"logo\":{\"@type\":\"ImageObject\",\"inLanguage\":\"en-US\",\"@id\":\"https:\\\/\\\/kart.no\\\/en\\\/#\\\/schema\\\/logo\\\/image\\\/\",\"url\":\"https:\\\/\\\/kart.no\\\/wp-content\\\/uploads\\\/2023\\\/10\\\/kart.no-logo.png\",\"contentUrl\":\"https:\\\/\\\/kart.no\\\/wp-content\\\/uploads\\\/2023\\\/10\\\/kart.no-logo.png\",\"width\":784,\"height\":312,\"caption\":\"Kart.no\"},\"image\":{\"@id\":\"https:\\\/\\\/kart.no\\\/en\\\/#\\\/schema\\\/logo\\\/image\\\/\"},\"sameAs\":[\"https:\\\/\\\/www.facebook.com\\\/kart.no\",\"https:\\\/\\\/www.instagram.com\\\/_kart.no\\\/\"]}]}<\/script>\n<!-- \/ Yoast SEO Premium plugin. -->","yoast_head_json":{"title":"Kartverket nautical chart 097 - S\u00f8r\u00f8ysundet, Stjernsundet and Rognsundet - Kart.no","robots":{"index":"index","follow":"follow","max-snippet":"max-snippet:-1","max-image-preview":"max-image-preview:large","max-video-preview":"max-video-preview:-1"},"canonical":"https:\/\/kart.no\/en\/produkt\/kartverket-hovedkart-97-soroysundet-stjernsundet-og-rognsundet\/","og_locale":"en_US","og_type":"article","og_title":"Kartverket nautical chart 097 - S\u00f8r\u00f8ysundet, Stjernsundet and Rognsundet","og_description":"Nautical chart covering the waters of S\u00f8r\u00f8ysundet, Stjernsundet and Rognsundet. Map sheet 97 in the Norwegian Mapping Authority's main map series. The map is 115 x 87 cm and has a scale of 1:50,000. Can also be delivered on a plate or framed. Size with passepartout and frame is 136 x 107 cm.","og_url":"https:\/\/kart.no\/en\/produkt\/kartverket-hovedkart-97-soroysundet-stjernsundet-og-rognsundet\/","og_site_name":"Kart.no","article_publisher":"https:\/\/www.facebook.com\/kart.no","article_modified_time":"2026-04-08T22:51:39+00:00","og_image":[{"width":2048,"height":2048,"url":"https:\/\/kart.no\/wp-content\/uploads\/2025\/06\/2025-097.jpg","type":"image\/jpeg"}],"twitter_card":"summary_large_image","twitter_misc":{"Est. reading time":"1 minute"},"schema":{"@context":"https:\/\/schema.org","@graph":[{"@type":"WebPage","@id":"https:\/\/kart.no\/en\/produkt\/kartverket-hovedkart-97-soroysundet-stjernsundet-og-rognsundet\/","url":"https:\/\/kart.no\/en\/produkt\/kartverket-hovedkart-97-soroysundet-stjernsundet-og-rognsundet\/","name":"Kartverket nautical chart 097 - S\u00f8r\u00f8ysundet, Stjernsundet and Rognsundet - Kart.no","isPartOf":{"@id":"https:\/\/kart.no\/en\/#website"},"primaryImageOfPage":{"@id":"https:\/\/kart.no\/en\/produkt\/kartverket-hovedkart-97-soroysundet-stjernsundet-og-rognsundet\/#primaryimage"},"image":{"@id":"https:\/\/kart.no\/en\/produkt\/kartverket-hovedkart-97-soroysundet-stjernsundet-og-rognsundet\/#primaryimage"},"thumbnailUrl":"https:\/\/kart.no\/wp-content\/uploads\/2025\/06\/2025-097.jpg","datePublished":"2023-12-05T23:44:12+00:00","dateModified":"2026-04-08T22:51:39+00:00","breadcrumb":{"@id":"https:\/\/kart.no\/en\/produkt\/kartverket-hovedkart-97-soroysundet-stjernsundet-og-rognsundet\/#breadcrumb"},"inLanguage":"en-US","potentialAction":[{"@type":"ReadAction","target":["https:\/\/kart.no\/en\/produkt\/kartverket-hovedkart-97-soroysundet-stjernsundet-og-rognsundet\/"]}]},{"@type":"ImageObject","inLanguage":"en-US","@id":"https:\/\/kart.no\/en\/produkt\/kartverket-hovedkart-97-soroysundet-stjernsundet-og-rognsundet\/#primaryimage","url":"https:\/\/kart.no\/wp-content\/uploads\/2025\/06\/2025-097.jpg","contentUrl":"https:\/\/kart.no\/wp-content\/uploads\/2025\/06\/2025-097.jpg","width":2048,"height":2048},{"@type":"BreadcrumbList","@id":"https:\/\/kart.no\/en\/produkt\/kartverket-hovedkart-97-soroysundet-stjernsundet-og-rognsundet\/#breadcrumb","itemListElement":[{"@type":"ListItem","position":1,"name":"Hjem","item":"https:\/\/kart.no\/en\/"},{"@type":"ListItem","position":2,"name":"Shop","item":"https:\/\/kart.no\/en\/shop\/"},{"@type":"ListItem","position":3,"name":"Marine","item":"https:\/\/kart.no\/en\/product-category\/marine\/"},{"@type":"ListItem","position":4,"name":"Nautical Charts (Paper)","item":"https:\/\/kart.no\/en\/product-category\/marine\/nautical-charts-paper\/"},{"@type":"ListItem","position":5,"name":"Nautical Charts (Paper) \u2013 Norway","item":"https:\/\/kart.no\/en\/product-category\/marine\/nautical-charts-paper\/nautical-charts-paper-norway\/"},{"@type":"ListItem","position":6,"name":"Official Nautical Charts \u2013 Norway","item":"https:\/\/kart.no\/en\/product-category\/marine\/nautical-charts-paper\/nautical-charts-paper-norway\/official-nautical-charts-norway\/"},{"@type":"ListItem","position":7,"name":"Kartverket nautical chart 097 &#8211; S\u00f8r\u00f8ysundet, Stjernsundet and Rognsundet"}]},{"@type":"WebSite","@id":"https:\/\/kart.no\/en\/#website","url":"https:\/\/kart.no\/en\/","name":"Kart.no","description":"Nordic expertise in maps and navigation","publisher":{"@id":"https:\/\/kart.no\/en\/#organization"},"potentialAction":[{"@type":"SearchAction","target":{"@type":"EntryPoint","urlTemplate":"https:\/\/kart.no\/en\/?s={search_term_string}"},"query-input":{"@type":"PropertyValueSpecification","valueRequired":true,"valueName":"search_term_string"}}],"inLanguage":"en-US"},{"@type":"Organization","@id":"https:\/\/kart.no\/en\/#organization","name":"Kart.no","url":"https:\/\/kart.no\/en\/","logo":{"@type":"ImageObject","inLanguage":"en-US","@id":"https:\/\/kart.no\/en\/#\/schema\/logo\/image\/","url":"https:\/\/kart.no\/wp-content\/uploads\/2023\/10\/kart.no-logo.png","contentUrl":"https:\/\/kart.no\/wp-content\/uploads\/2023\/10\/kart.no-logo.png","width":784,"height":312,"caption":"Kart.no"},"image":{"@id":"https:\/\/kart.no\/en\/#\/schema\/logo\/image\/"},"sameAs":["https:\/\/www.facebook.com\/kart.no","https:\/\/www.instagram.com\/_kart.no\/"]}]}},"uagb_featured_image_src":{"full":["https:\/\/kart.no\/wp-content\/uploads\/2025\/06\/2025-097.jpg",2048,2048,false],"thumbnail":["https:\/\/kart.no\/wp-content\/uploads\/2025\/06\/2025-097-150x150.jpg",150,150,true],"medium":["https:\/\/kart.no\/wp-content\/uploads\/2025\/06\/2025-097-300x300.jpg",300,300,true],"medium_large":["https:\/\/kart.no\/wp-content\/uploads\/2025\/06\/2025-097-768x768.jpg",768,768,true],"large":["https:\/\/kart.no\/wp-content\/uploads\/2025\/06\/2025-097.jpg",2048,2048,false],"1536x1536":["https:\/\/kart.no\/wp-content\/uploads\/2025\/06\/2025-097-1536x1536.jpg",1536,1536,true],"2048x2048":["https:\/\/kart.no\/wp-content\/uploads\/2025\/06\/2025-097.jpg",2048,2048,false],"woocommerce_thumbnail":["https:\/\/kart.no\/wp-content\/uploads\/2025\/06\/2025-097-300x300.jpg",300,300,true],"woocommerce_single":["https:\/\/kart.no\/wp-content\/uploads\/2025\/06\/2025-097-600x600.jpg",600,600,true],"woocommerce_gallery_thumbnail":["https:\/\/kart.no\/wp-content\/uploads\/2025\/06\/2025-097-100x100.jpg",100,100,true],"dgwt-wcas-product-suggestion":["https:\/\/kart.no\/wp-content\/uploads\/2025\/06\/2025-097-64x64.jpg",64,64,true]},"uagb_author_info":{"display_name":"Steinar Figved","author_link":"https:\/\/kart.no\/en\/author\/"},"uagb_comment_info":0,"uagb_excerpt":"Nautical chart covering the waters of S\u00f8r\u00f8ysundet, Stjernsundet and Rognsundet. Map sheet 97 in the Norwegian Mapping Authority's main map series. The map is 115 x 87 cm and has a scale of 1:50,000. Can also be delivered on a plate or framed. Size with passepartout and frame is 136 x 107 cm.","_links":{"self":[{"href":"https:\/\/kart.no\/en\/wp-json\/wp\/v2\/product\/45094","targetHints":{"allow":["GET"]}}],"collection":[{"href":"https:\/\/kart.no\/en\/wp-json\/wp\/v2\/product"}],"about":[{"href":"https:\/\/kart.no\/en\/wp-json\/wp\/v2\/types\/product"}],"replies":[{"embeddable":true,"href":"https:\/\/kart.no\/en\/wp-json\/wp\/v2\/comments?post=45094"}],"wp:featuredmedia":[{"embeddable":true,"href":"https:\/\/kart.no\/en\/wp-json\/wp\/v2\/media\/45096"}],"wp:attachment":[{"href":"https:\/\/kart.no\/en\/wp-json\/wp\/v2\/media?parent=45094"}],"wp:term":[{"taxonomy":"product_brand","embeddable":true,"href":"https:\/\/kart.no\/en\/wp-json\/wp\/v2\/product_brand?post=45094"},{"taxonomy":"product_cat","embeddable":true,"href":"https:\/\/kart.no\/en\/wp-json\/wp\/v2\/product_cat?post=45094"},{"taxonomy":"product_tag","embeddable":true,"href":"https:\/\/kart.no\/en\/wp-json\/wp\/v2\/product_tag?post=45094"}],"curies":[{"name":"wp","href":"https:\/\/api.w.org\/{rel}","templated":true}]}}