{"id":47378,"date":"2026-02-25T00:27:34","date_gmt":"2026-02-24T23:27:34","guid":{"rendered":"https:\/\/kart.no\/produkt\/denmark-chart-143-great-belt-sprogo-langeland-int-1369\/"},"modified":"2026-04-09T13:38:26","modified_gmt":"2026-04-09T11:38:26","slug":"denmark-chart-143-great-belt-sprogo-langeland-int-1369","status":"publish","type":"product","link":"https:\/\/kart.no\/en\/produkt\/denmark-chart-143-great-belt-sprogo-langeland-int-1369\/","title":{"rendered":"Denmark Chart 143 &#8211; Great Belt, Sprog\u00f8-Langeland (INT 1369)"},"content":{"rendered":"<p>Denmark Chart 143 &#8211; Storeb\u00e6lt, Sprog\u00f8-Langeland (INT 1369)<\/strong> is an official Danish nautical chart published by Geodatastyrelsen at a scale of 1:50 000.<\/p>\n<p>\nThe map covers the waters of the Great Belt between Sprog\u00f8 and Langeland, a central area in the Danish main channel between the Kattegat and the Baltic Sea. The area has significant commercial traffic, as well as recreational boating activity, and requires precise navigation with a good overview of the route, traffic separation zones, lighthouses, beacons and detailed depth conditions. <\/p>\n<p>\nThis is a navigational chart<\/strong> with a high level of detail. The scale of 1:50,000 provides better precision than the overall passage maps, and is particularly suitable for: <\/p>\n<\/p>\n<p>Operational navigation in the Great Belt<\/p>\n<\/p>\n<p>Sailing in busy main roads<\/p>\n<\/p>\n<p>Planning of calls to nearby ports<\/p>\n<\/p>\n<p>Navigation in areas with complex currents and traffic conditions<\/p>\n<\/p>\n<p>\nThe chart is also published as INT 1369<\/strong> and is part of the International Chart Series coordinated by IHO. The INT number means that the chart follows international standards and is harmonized for use in international shipping. <\/p>\n<p>\nThe map is delivered as Print-on-Demand (POD)<\/strong> under license from Geodatastyrelsen. It is printed when ordered and updated to the latest available Notices to Mariners<\/strong> at the time of production. <\/p>\n<p>\nYou&#8217;ll receive a fresh and updated reprint based on current official map data.<\/p>\n<p>\nThe chart is produced on durable, matte 125 g paper<\/strong> approved for official nautical charts.<\/p>\n<p>\nCorrections are published continuously and new updates may occur after printing. Print-on-Demand ensures that you get the most up-to-date paper edition available when ordering. <\/p>\n","protected":false},"excerpt":{"rendered":"<p data-start=\"2514\" data-end=\"2630\"><strong data-start=\"2514\" data-end=\"2606\">Official chart for the Great Belt between Sprog\u00f8 and Langeland &#8211; Chart 143 \/ INT 1369<\/strong> in scale 1:50 000.<\/p>\n<p data-start=\"2632\" data-end=\"2757\">Detailed nautical chart for operational navigation in one of Denmark&#8217;s most important passages. Delivered as an updated Print-on-Demand. <\/p>\n","protected":false},"featured_media":47380,"comment_status":"open","ping_status":"closed","template":"","meta":{"_uag_custom_page_level_css":""},"product_brand":[1428],"product_cat":[1109],"product_tag":[],"class_list":{"0":"post-47378","1":"product","2":"type-product","3":"status-publish","4":"has-post-thumbnail","6":"product_brand-danish-geodata-agency","7":"product_cat-official-nautical-charts-denmark","8":"pa_kartserie-coastal-charts","10":"first","11":"instock","12":"taxable","13":"shipping-taxable","14":"purchasable","15":"product-type-simple"},"composite_virtual":false,"composite_layout":"","composite_add_to_cart_form_location":"","composite_editable_in_cart":false,"composite_sold_individually_context":"","composite_shop_price_calc":"","composite_components":[],"composite_scenarios":[],"acf":[],"yoast_head":"<!-- This site is optimized with the Yoast SEO Premium plugin v27.4 (Yoast SEO v27.4) - https:\/\/yoast.com\/product\/yoast-seo-premium-wordpress\/ -->\n<title>Nautical chart Storeb\u00e6lt Sprog\u00f8-Langeland 1:50 000 - Chart 143 (INT 1369) | Kart.no<\/title>\n<meta name=\"description\" content=\"Buy official nautical chart for Storeb\u00e6lt between Sprog\u00f8 and Langeland (Chart 143 \/ INT 1369) in scale 1:50 000. Detailed nautical chart from Geodatastyrelsen.\" \/>\n<meta name=\"robots\" content=\"index, follow, max-snippet:-1, max-image-preview:large, max-video-preview:-1\" \/>\n<link rel=\"canonical\" href=\"https:\/\/kart.no\/en\/produkt\/denmark-chart-143-great-belt-sprogo-langeland-int-1369\/\" \/>\n<meta property=\"og:locale\" content=\"en_US\" \/>\n<meta property=\"og:type\" content=\"article\" \/>\n<meta property=\"og:title\" content=\"Denmark Chart 143 - Great Belt, Sprog\u00f8-Langeland (INT 1369)\" \/>\n<meta property=\"og:description\" content=\"Buy official nautical chart for Storeb\u00e6lt between Sprog\u00f8 and Langeland (Chart 143 \/ INT 1369) in scale 1:50 000. Detailed nautical chart from Geodatastyrelsen.\" \/>\n<meta property=\"og:url\" content=\"https:\/\/kart.no\/en\/produkt\/denmark-chart-143-great-belt-sprogo-langeland-int-1369\/\" \/>\n<meta property=\"og:site_name\" content=\"Kart.no\" \/>\n<meta property=\"article:publisher\" content=\"https:\/\/www.facebook.com\/kart.no\" \/>\n<meta property=\"article:modified_time\" content=\"2026-04-09T11:38:26+00:00\" \/>\n<meta property=\"og:image\" content=\"https:\/\/kart.no\/wp-content\/uploads\/2026\/02\/2025-Kort143_ed25_202512171.jpg\" \/>\n\t<meta property=\"og:image:width\" content=\"2048\" \/>\n\t<meta property=\"og:image:height\" content=\"2048\" \/>\n\t<meta property=\"og:image:type\" content=\"image\/jpeg\" \/>\n<meta name=\"twitter:card\" content=\"summary_large_image\" \/>\n<meta name=\"twitter:label1\" content=\"Est. reading time\" \/>\n\t<meta name=\"twitter:data1\" content=\"1 minute\" \/>\n<script type=\"application\/ld+json\" class=\"yoast-schema-graph\">{\"@context\":\"https:\\\/\\\/schema.org\",\"@graph\":[{\"@type\":\"WebPage\",\"@id\":\"https:\\\/\\\/kart.no\\\/en\\\/produkt\\\/denmark-chart-143-great-belt-sprogo-langeland-int-1369\\\/\",\"url\":\"https:\\\/\\\/kart.no\\\/en\\\/produkt\\\/denmark-chart-143-great-belt-sprogo-langeland-int-1369\\\/\",\"name\":\"Nautical chart Storeb\u00e6lt Sprog\u00f8-Langeland 1:50 000 - Chart 143 (INT 1369) | Kart.no\",\"isPartOf\":{\"@id\":\"https:\\\/\\\/kart.no\\\/en\\\/#website\"},\"primaryImageOfPage\":{\"@id\":\"https:\\\/\\\/kart.no\\\/en\\\/produkt\\\/denmark-chart-143-great-belt-sprogo-langeland-int-1369\\\/#primaryimage\"},\"image\":{\"@id\":\"https:\\\/\\\/kart.no\\\/en\\\/produkt\\\/denmark-chart-143-great-belt-sprogo-langeland-int-1369\\\/#primaryimage\"},\"thumbnailUrl\":\"https:\\\/\\\/kart.no\\\/wp-content\\\/uploads\\\/2026\\\/02\\\/2025-Kort143_ed25_202512171.jpg\",\"datePublished\":\"2026-02-24T23:27:34+00:00\",\"dateModified\":\"2026-04-09T11:38:26+00:00\",\"description\":\"Buy official nautical chart for Storeb\u00e6lt between Sprog\u00f8 and Langeland (Chart 143 \\\/ INT 1369) in scale 1:50 000. Detailed nautical chart from Geodatastyrelsen.\",\"breadcrumb\":{\"@id\":\"https:\\\/\\\/kart.no\\\/en\\\/produkt\\\/denmark-chart-143-great-belt-sprogo-langeland-int-1369\\\/#breadcrumb\"},\"inLanguage\":\"en-US\",\"potentialAction\":[{\"@type\":\"ReadAction\",\"target\":[\"https:\\\/\\\/kart.no\\\/en\\\/produkt\\\/denmark-chart-143-great-belt-sprogo-langeland-int-1369\\\/\"]}]},{\"@type\":\"ImageObject\",\"inLanguage\":\"en-US\",\"@id\":\"https:\\\/\\\/kart.no\\\/en\\\/produkt\\\/denmark-chart-143-great-belt-sprogo-langeland-int-1369\\\/#primaryimage\",\"url\":\"https:\\\/\\\/kart.no\\\/wp-content\\\/uploads\\\/2026\\\/02\\\/2025-Kort143_ed25_202512171.jpg\",\"contentUrl\":\"https:\\\/\\\/kart.no\\\/wp-content\\\/uploads\\\/2026\\\/02\\\/2025-Kort143_ed25_202512171.jpg\",\"width\":2048,\"height\":2048,\"caption\":\"Image of the official Danish nautical chart Denmark Chart 143 covering the Great Belt between Sprog\u00f8 and Langeland at a scale of 1:50 000. The chart is also published as INT 1369.\"},{\"@type\":\"BreadcrumbList\",\"@id\":\"https:\\\/\\\/kart.no\\\/en\\\/produkt\\\/denmark-chart-143-great-belt-sprogo-langeland-int-1369\\\/#breadcrumb\",\"itemListElement\":[{\"@type\":\"ListItem\",\"position\":1,\"name\":\"Hjem\",\"item\":\"https:\\\/\\\/kart.no\\\/en\\\/\"},{\"@type\":\"ListItem\",\"position\":2,\"name\":\"Shop\",\"item\":\"https:\\\/\\\/kart.no\\\/en\\\/shop\\\/\"},{\"@type\":\"ListItem\",\"position\":3,\"name\":\"Marine\",\"item\":\"https:\\\/\\\/kart.no\\\/en\\\/product-category\\\/marine\\\/\"},{\"@type\":\"ListItem\",\"position\":4,\"name\":\"Nautical Charts (Paper)\",\"item\":\"https:\\\/\\\/kart.no\\\/en\\\/product-category\\\/marine\\\/nautical-charts-paper\\\/\"},{\"@type\":\"ListItem\",\"position\":5,\"name\":\"Nautical Charts (Paper) \u2013 Denmark\",\"item\":\"https:\\\/\\\/kart.no\\\/en\\\/product-category\\\/marine\\\/nautical-charts-paper\\\/nautical-charts-paper-denmark\\\/\"},{\"@type\":\"ListItem\",\"position\":6,\"name\":\"Official Nautical Charts \u2013 Denmark\",\"item\":\"https:\\\/\\\/kart.no\\\/en\\\/product-category\\\/marine\\\/nautical-charts-paper\\\/nautical-charts-paper-denmark\\\/official-nautical-charts-denmark\\\/\"},{\"@type\":\"ListItem\",\"position\":7,\"name\":\"Denmark Chart 143 &#8211; Great Belt, Sprog\u00f8-Langeland (INT 1369)\"}]},{\"@type\":\"WebSite\",\"@id\":\"https:\\\/\\\/kart.no\\\/en\\\/#website\",\"url\":\"https:\\\/\\\/kart.no\\\/en\\\/\",\"name\":\"Kart.no\",\"description\":\"Nordic expertise in maps and navigation\",\"publisher\":{\"@id\":\"https:\\\/\\\/kart.no\\\/en\\\/#organization\"},\"potentialAction\":[{\"@type\":\"SearchAction\",\"target\":{\"@type\":\"EntryPoint\",\"urlTemplate\":\"https:\\\/\\\/kart.no\\\/en\\\/?s={search_term_string}\"},\"query-input\":{\"@type\":\"PropertyValueSpecification\",\"valueRequired\":true,\"valueName\":\"search_term_string\"}}],\"inLanguage\":\"en-US\"},{\"@type\":\"Organization\",\"@id\":\"https:\\\/\\\/kart.no\\\/en\\\/#organization\",\"name\":\"Kart.no\",\"url\":\"https:\\\/\\\/kart.no\\\/en\\\/\",\"logo\":{\"@type\":\"ImageObject\",\"inLanguage\":\"en-US\",\"@id\":\"https:\\\/\\\/kart.no\\\/en\\\/#\\\/schema\\\/logo\\\/image\\\/\",\"url\":\"https:\\\/\\\/kart.no\\\/wp-content\\\/uploads\\\/2023\\\/10\\\/kart.no-logo.png\",\"contentUrl\":\"https:\\\/\\\/kart.no\\\/wp-content\\\/uploads\\\/2023\\\/10\\\/kart.no-logo.png\",\"width\":784,\"height\":312,\"caption\":\"Kart.no\"},\"image\":{\"@id\":\"https:\\\/\\\/kart.no\\\/en\\\/#\\\/schema\\\/logo\\\/image\\\/\"},\"sameAs\":[\"https:\\\/\\\/www.facebook.com\\\/kart.no\",\"https:\\\/\\\/www.instagram.com\\\/_kart.no\\\/\"]}]}<\/script>\n<!-- \/ Yoast SEO Premium plugin. -->","yoast_head_json":{"title":"Nautical chart Storeb\u00e6lt Sprog\u00f8-Langeland 1:50 000 - Chart 143 (INT 1369) | Kart.no","description":"Buy official nautical chart for Storeb\u00e6lt between Sprog\u00f8 and Langeland (Chart 143 \/ INT 1369) in scale 1:50 000. Detailed nautical chart from Geodatastyrelsen.","robots":{"index":"index","follow":"follow","max-snippet":"max-snippet:-1","max-image-preview":"max-image-preview:large","max-video-preview":"max-video-preview:-1"},"canonical":"https:\/\/kart.no\/en\/produkt\/denmark-chart-143-great-belt-sprogo-langeland-int-1369\/","og_locale":"en_US","og_type":"article","og_title":"Denmark Chart 143 - Great Belt, Sprog\u00f8-Langeland (INT 1369)","og_description":"Buy official nautical chart for Storeb\u00e6lt between Sprog\u00f8 and Langeland (Chart 143 \/ INT 1369) in scale 1:50 000. Detailed nautical chart from Geodatastyrelsen.","og_url":"https:\/\/kart.no\/en\/produkt\/denmark-chart-143-great-belt-sprogo-langeland-int-1369\/","og_site_name":"Kart.no","article_publisher":"https:\/\/www.facebook.com\/kart.no","article_modified_time":"2026-04-09T11:38:26+00:00","og_image":[{"width":2048,"height":2048,"url":"https:\/\/kart.no\/wp-content\/uploads\/2026\/02\/2025-Kort143_ed25_202512171.jpg","type":"image\/jpeg"}],"twitter_card":"summary_large_image","twitter_misc":{"Est. reading time":"1 minute"},"schema":{"@context":"https:\/\/schema.org","@graph":[{"@type":"WebPage","@id":"https:\/\/kart.no\/en\/produkt\/denmark-chart-143-great-belt-sprogo-langeland-int-1369\/","url":"https:\/\/kart.no\/en\/produkt\/denmark-chart-143-great-belt-sprogo-langeland-int-1369\/","name":"Nautical chart Storeb\u00e6lt Sprog\u00f8-Langeland 1:50 000 - Chart 143 (INT 1369) | Kart.no","isPartOf":{"@id":"https:\/\/kart.no\/en\/#website"},"primaryImageOfPage":{"@id":"https:\/\/kart.no\/en\/produkt\/denmark-chart-143-great-belt-sprogo-langeland-int-1369\/#primaryimage"},"image":{"@id":"https:\/\/kart.no\/en\/produkt\/denmark-chart-143-great-belt-sprogo-langeland-int-1369\/#primaryimage"},"thumbnailUrl":"https:\/\/kart.no\/wp-content\/uploads\/2026\/02\/2025-Kort143_ed25_202512171.jpg","datePublished":"2026-02-24T23:27:34+00:00","dateModified":"2026-04-09T11:38:26+00:00","description":"Buy official nautical chart for Storeb\u00e6lt between Sprog\u00f8 and Langeland (Chart 143 \/ INT 1369) in scale 1:50 000. Detailed nautical chart from Geodatastyrelsen.","breadcrumb":{"@id":"https:\/\/kart.no\/en\/produkt\/denmark-chart-143-great-belt-sprogo-langeland-int-1369\/#breadcrumb"},"inLanguage":"en-US","potentialAction":[{"@type":"ReadAction","target":["https:\/\/kart.no\/en\/produkt\/denmark-chart-143-great-belt-sprogo-langeland-int-1369\/"]}]},{"@type":"ImageObject","inLanguage":"en-US","@id":"https:\/\/kart.no\/en\/produkt\/denmark-chart-143-great-belt-sprogo-langeland-int-1369\/#primaryimage","url":"https:\/\/kart.no\/wp-content\/uploads\/2026\/02\/2025-Kort143_ed25_202512171.jpg","contentUrl":"https:\/\/kart.no\/wp-content\/uploads\/2026\/02\/2025-Kort143_ed25_202512171.jpg","width":2048,"height":2048,"caption":"Image of the official Danish nautical chart Denmark Chart 143 covering the Great Belt between Sprog\u00f8 and Langeland at a scale of 1:50 000. The chart is also published as INT 1369."},{"@type":"BreadcrumbList","@id":"https:\/\/kart.no\/en\/produkt\/denmark-chart-143-great-belt-sprogo-langeland-int-1369\/#breadcrumb","itemListElement":[{"@type":"ListItem","position":1,"name":"Hjem","item":"https:\/\/kart.no\/en\/"},{"@type":"ListItem","position":2,"name":"Shop","item":"https:\/\/kart.no\/en\/shop\/"},{"@type":"ListItem","position":3,"name":"Marine","item":"https:\/\/kart.no\/en\/product-category\/marine\/"},{"@type":"ListItem","position":4,"name":"Nautical Charts (Paper)","item":"https:\/\/kart.no\/en\/product-category\/marine\/nautical-charts-paper\/"},{"@type":"ListItem","position":5,"name":"Nautical Charts (Paper) \u2013 Denmark","item":"https:\/\/kart.no\/en\/product-category\/marine\/nautical-charts-paper\/nautical-charts-paper-denmark\/"},{"@type":"ListItem","position":6,"name":"Official Nautical Charts \u2013 Denmark","item":"https:\/\/kart.no\/en\/product-category\/marine\/nautical-charts-paper\/nautical-charts-paper-denmark\/official-nautical-charts-denmark\/"},{"@type":"ListItem","position":7,"name":"Denmark Chart 143 &#8211; Great Belt, Sprog\u00f8-Langeland (INT 1369)"}]},{"@type":"WebSite","@id":"https:\/\/kart.no\/en\/#website","url":"https:\/\/kart.no\/en\/","name":"Kart.no","description":"Nordic expertise in maps and navigation","publisher":{"@id":"https:\/\/kart.no\/en\/#organization"},"potentialAction":[{"@type":"SearchAction","target":{"@type":"EntryPoint","urlTemplate":"https:\/\/kart.no\/en\/?s={search_term_string}"},"query-input":{"@type":"PropertyValueSpecification","valueRequired":true,"valueName":"search_term_string"}}],"inLanguage":"en-US"},{"@type":"Organization","@id":"https:\/\/kart.no\/en\/#organization","name":"Kart.no","url":"https:\/\/kart.no\/en\/","logo":{"@type":"ImageObject","inLanguage":"en-US","@id":"https:\/\/kart.no\/en\/#\/schema\/logo\/image\/","url":"https:\/\/kart.no\/wp-content\/uploads\/2023\/10\/kart.no-logo.png","contentUrl":"https:\/\/kart.no\/wp-content\/uploads\/2023\/10\/kart.no-logo.png","width":784,"height":312,"caption":"Kart.no"},"image":{"@id":"https:\/\/kart.no\/en\/#\/schema\/logo\/image\/"},"sameAs":["https:\/\/www.facebook.com\/kart.no","https:\/\/www.instagram.com\/_kart.no\/"]}]}},"uagb_featured_image_src":{"full":["https:\/\/kart.no\/wp-content\/uploads\/2026\/02\/2025-Kort143_ed25_202512171.jpg",2048,2048,false],"thumbnail":["https:\/\/kart.no\/wp-content\/uploads\/2026\/02\/2025-Kort143_ed25_202512171-150x150.jpg",150,150,true],"medium":["https:\/\/kart.no\/wp-content\/uploads\/2026\/02\/2025-Kort143_ed25_202512171-300x300.jpg",300,300,true],"medium_large":["https:\/\/kart.no\/wp-content\/uploads\/2026\/02\/2025-Kort143_ed25_202512171-768x768.jpg",768,768,true],"large":["https:\/\/kart.no\/wp-content\/uploads\/2026\/02\/2025-Kort143_ed25_202512171.jpg",2048,2048,false],"1536x1536":["https:\/\/kart.no\/wp-content\/uploads\/2026\/02\/2025-Kort143_ed25_202512171-1536x1536.jpg",1536,1536,true],"2048x2048":["https:\/\/kart.no\/wp-content\/uploads\/2026\/02\/2025-Kort143_ed25_202512171.jpg",2048,2048,false],"woocommerce_thumbnail":["https:\/\/kart.no\/wp-content\/uploads\/2026\/02\/2025-Kort143_ed25_202512171-300x300.jpg",300,300,true],"woocommerce_single":["https:\/\/kart.no\/wp-content\/uploads\/2026\/02\/2025-Kort143_ed25_202512171-600x600.jpg",600,600,true],"woocommerce_gallery_thumbnail":["https:\/\/kart.no\/wp-content\/uploads\/2026\/02\/2025-Kort143_ed25_202512171-100x100.jpg",100,100,true],"dgwt-wcas-product-suggestion":["https:\/\/kart.no\/wp-content\/uploads\/2026\/02\/2025-Kort143_ed25_202512171-64x64.jpg",64,64,true]},"uagb_author_info":{"display_name":"Steinar Figved","author_link":"https:\/\/kart.no\/en\/author\/"},"uagb_comment_info":0,"uagb_excerpt":"Official chart for the Great Belt between Sprog\u00f8 and Langeland - Chart 143 \/ INT 1369 in scale 1:50 000. Detailed nautical chart for operational navigation in one of Denmark's most important passages. Delivered as an updated Print-on-Demand.","_links":{"self":[{"href":"https:\/\/kart.no\/en\/wp-json\/wp\/v2\/product\/47378","targetHints":{"allow":["GET"]}}],"collection":[{"href":"https:\/\/kart.no\/en\/wp-json\/wp\/v2\/product"}],"about":[{"href":"https:\/\/kart.no\/en\/wp-json\/wp\/v2\/types\/product"}],"replies":[{"embeddable":true,"href":"https:\/\/kart.no\/en\/wp-json\/wp\/v2\/comments?post=47378"}],"wp:featuredmedia":[{"embeddable":true,"href":"https:\/\/kart.no\/en\/wp-json\/wp\/v2\/media\/47380"}],"wp:attachment":[{"href":"https:\/\/kart.no\/en\/wp-json\/wp\/v2\/media?parent=47378"}],"wp:term":[{"taxonomy":"product_brand","embeddable":true,"href":"https:\/\/kart.no\/en\/wp-json\/wp\/v2\/product_brand?post=47378"},{"taxonomy":"product_cat","embeddable":true,"href":"https:\/\/kart.no\/en\/wp-json\/wp\/v2\/product_cat?post=47378"},{"taxonomy":"product_tag","embeddable":true,"href":"https:\/\/kart.no\/en\/wp-json\/wp\/v2\/product_tag?post=47378"}],"curies":[{"name":"wp","href":"https:\/\/api.w.org\/{rel}","templated":true}]}}