{"id":47642,"date":"2024-03-11T01:15:10","date_gmt":"2024-03-11T00:15:10","guid":{"rendered":"https:\/\/kart.no\/produkt\/arefjallen-storlien-150000\/"},"modified":"2024-03-11T01:15:10","modified_gmt":"2024-03-11T00:15:10","slug":"arefjallen-storlien-150000","status":"publish","type":"product","link":"https:\/\/kart.no\/en\/produkt\/arefjallen-storlien-150000\/","title":{"rendered":"\u00c5refj\u00e4llen &amp; Storlien 1:50,000"},"content":{"rendered":"<p data-start=\"255\" data-end=\"574\">This hiking map covers \u00c5refj\u00e4llen and the area around Storlien with a wide and convenient view of some of the most popular mountain areas in J\u00e4mtland. The map shows \u00c5re, Duved, Kall, Eds\u00e5sdalen and Trillevallen on one side, and the mountain area between Skalstugan in the north and Storlien and Hand\u00f6l in the south on the other. <\/p>\n<p data-start=\"576\" data-end=\"889\">The terrain is rendered with clear contour lines (10-meter equidistance), and the map shows trails, water, steep sections, wetlands, buildings and vegetation types that are important for safe travel in the mountains. The detailed presentation makes the map suitable for hiking, summit tours and skiing throughout the year. <\/p>\n<p data-start=\"891\" data-end=\"1020\">The map is printed on durable and water-repellent material that can withstand active use in the field and is suitable for demanding weather conditions.<\/p>\n<p data-start=\"1022\" data-end=\"1201\">The map is at a scale of <strong data-start=\"1044\" data-end=\"1056\">1:50,000<\/strong>, which is the most commonly used scale for hiking maps. Here, 2 cm on the map corresponds to 1 km in the terrain, providing a good balance between overview and detail. <\/p>\n<p data-start=\"1203\" data-end=\"1305\"><strong data-start=\"1203\" data-end=\"1220\">Calazo F\u00f6rlag<\/strong> is a Swedish publishing house specializing in maps and books for outdoor life in the Nordic region.<\/p>\n<p>Here you can see the area the map covers:<\/p>\n<p><iframe style=\"display: block; width: 100%; max-width: 100%; height: 520px; border: 0;\" src=\"https:\/\/tiles.calazoffice.biz\/kartutsnitt\/#9789188779014\" allowfullscreen=\"allowfullscreen\"><\/iframe><\/p>\n<p>The map is released in 2021.<\/p>\n","protected":false},"excerpt":{"rendered":"<p>Detailed hiking map of \u00c5refj\u00e4llen and Storlien at a scale of 1:50,000. The map is suitable for hiking and skiing in the mountain areas around \u00c5re and Storlien. <\/p>\n","protected":false},"featured_media":8563,"comment_status":"open","ping_status":"closed","template":"","meta":{"_uag_custom_page_level_css":""},"product_brand":[],"product_cat":[1173],"product_tag":[],"class_list":{"0":"post-47642","1":"product","2":"type-product","3":"status-publish","4":"has-post-thumbnail","6":"product_cat-hiking-maps-sweden","7":"product_shipping_class-mailbox","8":"pa_produsent-calazo","10":"first","11":"instock","12":"taxable","13":"shipping-taxable","14":"purchasable","15":"product-type-simple"},"composite_virtual":false,"composite_layout":"","composite_add_to_cart_form_location":"","composite_editable_in_cart":false,"composite_sold_individually_context":"","composite_shop_price_calc":"","composite_components":[],"composite_scenarios":[],"acf":[],"yoast_head":"<!-- This site is optimized with the Yoast SEO Premium plugin v27.2 (Yoast SEO v27.2) - https:\/\/yoast.com\/product\/yoast-seo-premium-wordpress\/ -->\n<title>\u00c5refj\u00e4llen &amp; Storlien 1:50 000 - Turkart | Calazo<\/title>\n<meta name=\"description\" content=\"Detailed hiking map of \u00c5refj\u00e4llen and Storlien at a scale of 1:50,000. The map provides a good balance between overview and detail and is suitable for hiking and skiing in J\u00e4mtland.\" \/>\n<meta name=\"robots\" content=\"index, follow, max-snippet:-1, max-image-preview:large, max-video-preview:-1\" \/>\n<link rel=\"canonical\" href=\"https:\/\/kart.no\/en\/produkt\/arefjallen-storlien-150000\/\" \/>\n<meta property=\"og:locale\" content=\"en_US\" \/>\n<meta property=\"og:type\" content=\"article\" \/>\n<meta property=\"og:title\" content=\"\u00c5refj\u00e4llen &amp; Storlien 1:50,000\" \/>\n<meta property=\"og:description\" content=\"Detailed hiking map of \u00c5refj\u00e4llen and Storlien at a scale of 1:50,000. The map provides a good balance between overview and detail and is suitable for hiking and skiing in J\u00e4mtland.\" \/>\n<meta property=\"og:url\" content=\"https:\/\/kart.no\/en\/produkt\/arefjallen-storlien-150000\/\" \/>\n<meta property=\"og:site_name\" content=\"Kart.no\" \/>\n<meta property=\"article:publisher\" content=\"https:\/\/www.facebook.com\/kart.no\" \/>\n<meta property=\"og:image\" content=\"https:\/\/kart.no\/wp-content\/uploads\/2024\/03\/Arefjallen__Storlien_1-50_00.jpg\" \/>\n\t<meta property=\"og:image:width\" content=\"850\" \/>\n\t<meta property=\"og:image:height\" content=\"850\" \/>\n\t<meta property=\"og:image:type\" content=\"image\/jpeg\" \/>\n<meta name=\"twitter:card\" content=\"summary_large_image\" \/>\n<meta name=\"twitter:label1\" content=\"Est. reading time\" \/>\n\t<meta name=\"twitter:data1\" content=\"1 minute\" \/>\n<script type=\"application\/ld+json\" class=\"yoast-schema-graph\">{\"@context\":\"https:\/\/schema.org\",\"@graph\":[{\"@type\":\"WebPage\",\"@id\":\"https:\/\/kart.no\/en\/produkt\/arefjallen-storlien-150000\/\",\"url\":\"https:\/\/kart.no\/en\/produkt\/arefjallen-storlien-150000\/\",\"name\":\"\u00c5refj\u00e4llen & Storlien 1:50 000 - Turkart | Calazo\",\"isPartOf\":{\"@id\":\"https:\/\/kart.no\/en\/#website\"},\"primaryImageOfPage\":{\"@id\":\"https:\/\/kart.no\/en\/produkt\/arefjallen-storlien-150000\/#primaryimage\"},\"image\":{\"@id\":\"https:\/\/kart.no\/en\/produkt\/arefjallen-storlien-150000\/#primaryimage\"},\"thumbnailUrl\":\"https:\/\/kart.no\/wp-content\/uploads\/2024\/03\/Arefjallen__Storlien_1-50_00.jpg\",\"datePublished\":\"2024-03-11T00:15:10+00:00\",\"description\":\"Detailed hiking map of \u00c5refj\u00e4llen and Storlien at a scale of 1:50,000. The map provides a good balance between overview and detail and is suitable for hiking and skiing in J\u00e4mtland.\",\"breadcrumb\":{\"@id\":\"https:\/\/kart.no\/en\/produkt\/arefjallen-storlien-150000\/#breadcrumb\"},\"inLanguage\":\"en-US\",\"potentialAction\":[{\"@type\":\"ReadAction\",\"target\":[\"https:\/\/kart.no\/en\/produkt\/arefjallen-storlien-150000\/\"]}]},{\"@type\":\"ImageObject\",\"inLanguage\":\"en-US\",\"@id\":\"https:\/\/kart.no\/en\/produkt\/arefjallen-storlien-150000\/#primaryimage\",\"url\":\"https:\/\/kart.no\/wp-content\/uploads\/2024\/03\/Arefjallen__Storlien_1-50_00.jpg\",\"contentUrl\":\"https:\/\/kart.no\/wp-content\/uploads\/2024\/03\/Arefjallen__Storlien_1-50_00.jpg\",\"width\":850,\"height\":850},{\"@type\":\"BreadcrumbList\",\"@id\":\"https:\/\/kart.no\/en\/produkt\/arefjallen-storlien-150000\/#breadcrumb\",\"itemListElement\":[{\"@type\":\"ListItem\",\"position\":1,\"name\":\"Hjem\",\"item\":\"https:\/\/kart.no\/en\/\"},{\"@type\":\"ListItem\",\"position\":2,\"name\":\"Shop\",\"item\":\"https:\/\/kart.no\/en\/shop\/\"},{\"@type\":\"ListItem\",\"position\":3,\"name\":\"\u00c5refj\u00e4llen &amp; Storlien 1:50,000\"}]},{\"@type\":\"WebSite\",\"@id\":\"https:\/\/kart.no\/en\/#website\",\"url\":\"https:\/\/kart.no\/en\/\",\"name\":\"Kart.no\",\"description\":\"Norges mest komplette kartbutikk\",\"publisher\":{\"@id\":\"https:\/\/kart.no\/en\/#organization\"},\"potentialAction\":[{\"@type\":\"SearchAction\",\"target\":{\"@type\":\"EntryPoint\",\"urlTemplate\":\"https:\/\/kart.no\/en\/?s={search_term_string}\"},\"query-input\":{\"@type\":\"PropertyValueSpecification\",\"valueRequired\":true,\"valueName\":\"search_term_string\"}}],\"inLanguage\":\"en-US\"},{\"@type\":\"Organization\",\"@id\":\"https:\/\/kart.no\/en\/#organization\",\"name\":\"Kart.no\",\"url\":\"https:\/\/kart.no\/en\/\",\"logo\":{\"@type\":\"ImageObject\",\"inLanguage\":\"en-US\",\"@id\":\"https:\/\/kart.no\/en\/#\/schema\/logo\/image\/\",\"url\":\"https:\/\/kart.no\/wp-content\/uploads\/2023\/10\/kart.no-logo.png\",\"contentUrl\":\"https:\/\/kart.no\/wp-content\/uploads\/2023\/10\/kart.no-logo.png\",\"width\":784,\"height\":312,\"caption\":\"Kart.no\"},\"image\":{\"@id\":\"https:\/\/kart.no\/en\/#\/schema\/logo\/image\/\"},\"sameAs\":[\"https:\/\/www.facebook.com\/kart.no\",\"https:\/\/www.instagram.com\/_kart.no\/\"]}]}<\/script>\n<!-- \/ Yoast SEO Premium plugin. -->","yoast_head_json":{"title":"\u00c5refj\u00e4llen & Storlien 1:50 000 - Turkart | Calazo","description":"Detailed hiking map of \u00c5refj\u00e4llen and Storlien at a scale of 1:50,000. The map provides a good balance between overview and detail and is suitable for hiking and skiing in J\u00e4mtland.","robots":{"index":"index","follow":"follow","max-snippet":"max-snippet:-1","max-image-preview":"max-image-preview:large","max-video-preview":"max-video-preview:-1"},"canonical":"https:\/\/kart.no\/en\/produkt\/arefjallen-storlien-150000\/","og_locale":"en_US","og_type":"article","og_title":"\u00c5refj\u00e4llen &amp; Storlien 1:50,000","og_description":"Detailed hiking map of \u00c5refj\u00e4llen and Storlien at a scale of 1:50,000. The map provides a good balance between overview and detail and is suitable for hiking and skiing in J\u00e4mtland.","og_url":"https:\/\/kart.no\/en\/produkt\/arefjallen-storlien-150000\/","og_site_name":"Kart.no","article_publisher":"https:\/\/www.facebook.com\/kart.no","og_image":[{"width":850,"height":850,"url":"https:\/\/kart.no\/wp-content\/uploads\/2024\/03\/Arefjallen__Storlien_1-50_00.jpg","type":"image\/jpeg"}],"twitter_card":"summary_large_image","twitter_misc":{"Est. reading time":"1 minute"},"schema":{"@context":"https:\/\/schema.org","@graph":[{"@type":"WebPage","@id":"https:\/\/kart.no\/en\/produkt\/arefjallen-storlien-150000\/","url":"https:\/\/kart.no\/en\/produkt\/arefjallen-storlien-150000\/","name":"\u00c5refj\u00e4llen & Storlien 1:50 000 - Turkart | Calazo","isPartOf":{"@id":"https:\/\/kart.no\/en\/#website"},"primaryImageOfPage":{"@id":"https:\/\/kart.no\/en\/produkt\/arefjallen-storlien-150000\/#primaryimage"},"image":{"@id":"https:\/\/kart.no\/en\/produkt\/arefjallen-storlien-150000\/#primaryimage"},"thumbnailUrl":"https:\/\/kart.no\/wp-content\/uploads\/2024\/03\/Arefjallen__Storlien_1-50_00.jpg","datePublished":"2024-03-11T00:15:10+00:00","description":"Detailed hiking map of \u00c5refj\u00e4llen and Storlien at a scale of 1:50,000. The map provides a good balance between overview and detail and is suitable for hiking and skiing in J\u00e4mtland.","breadcrumb":{"@id":"https:\/\/kart.no\/en\/produkt\/arefjallen-storlien-150000\/#breadcrumb"},"inLanguage":"en-US","potentialAction":[{"@type":"ReadAction","target":["https:\/\/kart.no\/en\/produkt\/arefjallen-storlien-150000\/"]}]},{"@type":"ImageObject","inLanguage":"en-US","@id":"https:\/\/kart.no\/en\/produkt\/arefjallen-storlien-150000\/#primaryimage","url":"https:\/\/kart.no\/wp-content\/uploads\/2024\/03\/Arefjallen__Storlien_1-50_00.jpg","contentUrl":"https:\/\/kart.no\/wp-content\/uploads\/2024\/03\/Arefjallen__Storlien_1-50_00.jpg","width":850,"height":850},{"@type":"BreadcrumbList","@id":"https:\/\/kart.no\/en\/produkt\/arefjallen-storlien-150000\/#breadcrumb","itemListElement":[{"@type":"ListItem","position":1,"name":"Hjem","item":"https:\/\/kart.no\/en\/"},{"@type":"ListItem","position":2,"name":"Shop","item":"https:\/\/kart.no\/en\/shop\/"},{"@type":"ListItem","position":3,"name":"\u00c5refj\u00e4llen &amp; Storlien 1:50,000"}]},{"@type":"WebSite","@id":"https:\/\/kart.no\/en\/#website","url":"https:\/\/kart.no\/en\/","name":"Kart.no","description":"Norges mest komplette kartbutikk","publisher":{"@id":"https:\/\/kart.no\/en\/#organization"},"potentialAction":[{"@type":"SearchAction","target":{"@type":"EntryPoint","urlTemplate":"https:\/\/kart.no\/en\/?s={search_term_string}"},"query-input":{"@type":"PropertyValueSpecification","valueRequired":true,"valueName":"search_term_string"}}],"inLanguage":"en-US"},{"@type":"Organization","@id":"https:\/\/kart.no\/en\/#organization","name":"Kart.no","url":"https:\/\/kart.no\/en\/","logo":{"@type":"ImageObject","inLanguage":"en-US","@id":"https:\/\/kart.no\/en\/#\/schema\/logo\/image\/","url":"https:\/\/kart.no\/wp-content\/uploads\/2023\/10\/kart.no-logo.png","contentUrl":"https:\/\/kart.no\/wp-content\/uploads\/2023\/10\/kart.no-logo.png","width":784,"height":312,"caption":"Kart.no"},"image":{"@id":"https:\/\/kart.no\/en\/#\/schema\/logo\/image\/"},"sameAs":["https:\/\/www.facebook.com\/kart.no","https:\/\/www.instagram.com\/_kart.no\/"]}]}},"uagb_featured_image_src":{"full":["https:\/\/kart.no\/wp-content\/uploads\/2024\/03\/Arefjallen__Storlien_1-50_00.jpg",850,850,false],"thumbnail":["https:\/\/kart.no\/wp-content\/uploads\/2024\/03\/Arefjallen__Storlien_1-50_00-150x150.jpg",150,150,true],"medium":["https:\/\/kart.no\/wp-content\/uploads\/2024\/03\/Arefjallen__Storlien_1-50_00-300x300.jpg",300,300,true],"medium_large":["https:\/\/kart.no\/wp-content\/uploads\/2024\/03\/Arefjallen__Storlien_1-50_00-768x768.jpg",768,768,true],"large":["https:\/\/kart.no\/wp-content\/uploads\/2024\/03\/Arefjallen__Storlien_1-50_00.jpg",850,850,false],"1536x1536":["https:\/\/kart.no\/wp-content\/uploads\/2024\/03\/Arefjallen__Storlien_1-50_00.jpg",850,850,false],"2048x2048":["https:\/\/kart.no\/wp-content\/uploads\/2024\/03\/Arefjallen__Storlien_1-50_00.jpg",850,850,false],"woocommerce_thumbnail":["https:\/\/kart.no\/wp-content\/uploads\/2024\/03\/Arefjallen__Storlien_1-50_00-300x300.jpg",300,300,true],"woocommerce_single":["https:\/\/kart.no\/wp-content\/uploads\/2024\/03\/Arefjallen__Storlien_1-50_00-600x600.jpg",600,600,true],"woocommerce_gallery_thumbnail":["https:\/\/kart.no\/wp-content\/uploads\/2024\/03\/Arefjallen__Storlien_1-50_00-100x100.jpg",100,100,true],"dgwt-wcas-product-suggestion":["https:\/\/kart.no\/wp-content\/uploads\/2024\/03\/Arefjallen__Storlien_1-50_00-64x64.jpg",64,64,true]},"uagb_author_info":{"display_name":"Steinar Figved","author_link":"https:\/\/kart.no\/en\/author\/"},"uagb_comment_info":0,"uagb_excerpt":"Detailed hiking map of \u00c5refj\u00e4llen and Storlien at a scale of 1:50,000. The map is suitable for hiking and skiing in the mountain areas around \u00c5re and Storlien.","_links":{"self":[{"href":"https:\/\/kart.no\/en\/wp-json\/wp\/v2\/product\/47642","targetHints":{"allow":["GET"]}}],"collection":[{"href":"https:\/\/kart.no\/en\/wp-json\/wp\/v2\/product"}],"about":[{"href":"https:\/\/kart.no\/en\/wp-json\/wp\/v2\/types\/product"}],"replies":[{"embeddable":true,"href":"https:\/\/kart.no\/en\/wp-json\/wp\/v2\/comments?post=47642"}],"wp:featuredmedia":[{"embeddable":true,"href":"https:\/\/kart.no\/en\/wp-json\/wp\/v2\/media\/8563"}],"wp:attachment":[{"href":"https:\/\/kart.no\/en\/wp-json\/wp\/v2\/media?parent=47642"}],"wp:term":[{"taxonomy":"product_brand","embeddable":true,"href":"https:\/\/kart.no\/en\/wp-json\/wp\/v2\/product_brand?post=47642"},{"taxonomy":"product_cat","embeddable":true,"href":"https:\/\/kart.no\/en\/wp-json\/wp\/v2\/product_cat?post=47642"},{"taxonomy":"product_tag","embeddable":true,"href":"https:\/\/kart.no\/en\/wp-json\/wp\/v2\/product_tag?post=47642"}],"curies":[{"name":"wp","href":"https:\/\/api.w.org\/{rel}","templated":true}]}}