{"id":47700,"date":"2024-03-11T01:15:11","date_gmt":"2024-03-11T00:15:11","guid":{"rendered":"https:\/\/kart.no\/produkt\/high-mountain-map-lofoten-vestvagoya-leknes-130-000\/"},"modified":"2024-03-11T01:15:11","modified_gmt":"2024-03-11T00:15:11","slug":"high-mountain-map-lofoten-vestvagoya-leknes-130-000","status":"publish","type":"product","link":"https:\/\/kart.no\/en\/produkt\/high-mountain-map-lofoten-vestvagoya-leknes-130-000\/","title":{"rendered":"High mountain map Lofoten: Vestv\u00e5g\u00f8ya &#8211; Leknes 1:30.000"},"content":{"rendered":"<p data-start=\"241\" data-end=\"510\">This high-mountain map covers Vestv\u00e5g\u00f8ya and the area around Leknes in Lofoten. The map provides a detailed depiction of mountain terrain, coastline, water, trails and terrain formations, and provides a good basis for planning and carrying out trips in steep and varied landscapes. <\/p>\n<p data-start=\"512\" data-end=\"704\">The map is particularly suitable for hiking, climbing and hiking off the beaten track. The detailed terrain representation provides good support when choosing your own routes in hilly and exposed terrain. <\/p>\n<p data-start=\"706\" data-end=\"942\">The map is at a scale of <strong data-start=\"728\" data-end=\"740\">1:30,000<\/strong>, which provides a high level of detail combined with a good overview. At this scale, 1 cm on the map corresponds to 300 meters in the terrain, making the map well suited for precise navigation in coastal and mountainous terrain. <\/p>\n<p data-start=\"944\" data-end=\"1046\">The map is printed on durable and water-repellent material that can withstand active use in exposed areas.<\/p>\n<p data-start=\"1048\" data-end=\"1150\"><strong data-start=\"1048\" data-end=\"1065\">Calazo F\u00f6rlag<\/strong> is a Swedish publishing house specializing in maps and books for outdoor life in the Nordic region.<\/p>\n<p>Here you can see the area the map covers:<\/p>\n<p><iframe style=\"display: block; width: 100%; max-width: 100%; height: 520px; border: 0;\" src=\"https:\/\/tiles.calazoffice.biz\/kartutsnitt\/#9789188779854\" allowfullscreen=\"allowfullscreen\"><\/iframe><\/p>\n<p>The map is released in 2022.<\/p>\n","protected":false},"excerpt":{"rendered":"<p>Detailed high-mountain map of Vestv\u00e5g\u00f8ya and Leknes at a scale of 1:30 000. The map is particularly suitable for hiking and outdoor activities in Lofoten. <\/p>\n","protected":false},"featured_media":8292,"comment_status":"open","ping_status":"closed","template":"","meta":{"_uag_custom_page_level_css":""},"product_brand":[1377],"product_cat":[1026],"product_tag":[],"class_list":{"0":"post-47700","1":"product","2":"type-product","3":"status-publish","4":"has-post-thumbnail","6":"product_brand-calazo","7":"product_cat-norway-hiking-maps","8":"product_shipping_class-postkasse","9":"pa_fylke-nordland","10":"pa_produsent-calazo","12":"first","13":"instock","14":"taxable","15":"shipping-taxable","16":"purchasable","17":"product-type-simple"},"composite_virtual":false,"composite_layout":"","composite_add_to_cart_form_location":"","composite_editable_in_cart":false,"composite_sold_individually_context":"","composite_shop_price_calc":"","composite_components":[],"composite_scenarios":[],"acf":[],"yoast_head":"<!-- This site is optimized with the Yoast SEO Premium plugin v27.4 (Yoast SEO v27.4) - https:\/\/yoast.com\/product\/yoast-seo-premium-wordpress\/ -->\n<title>Vestv\u00e5g\u00f8ya - Leknes 1:30 000 | H\u00f8yfjellskart Lofoten<\/title>\n<meta name=\"description\" content=\"Detailed mountain map of Vestv\u00e5g\u00f8ya and Leknes in Lofoten at a scale of 1:30 000. Perfect for hiking and outdoor activities in Lofoten.\" \/>\n<meta name=\"robots\" content=\"index, follow, max-snippet:-1, max-image-preview:large, max-video-preview:-1\" \/>\n<link rel=\"canonical\" href=\"https:\/\/kart.no\/en\/produkt\/high-mountain-map-lofoten-vestvagoya-leknes-130-000\/\" \/>\n<meta property=\"og:locale\" content=\"en_US\" \/>\n<meta property=\"og:type\" content=\"article\" \/>\n<meta property=\"og:title\" content=\"High mountain map Lofoten: Vestv\u00e5g\u00f8ya - Leknes 1:30.000\" \/>\n<meta property=\"og:description\" content=\"Detailed mountain map of Vestv\u00e5g\u00f8ya and Leknes in Lofoten at a scale of 1:30 000. Perfect for hiking and outdoor activities in Lofoten.\" \/>\n<meta property=\"og:url\" content=\"https:\/\/kart.no\/en\/produkt\/high-mountain-map-lofoten-vestvagoya-leknes-130-000\/\" \/>\n<meta property=\"og:site_name\" content=\"Kart.no\" \/>\n<meta property=\"article:publisher\" content=\"https:\/\/www.facebook.com\/kart.no\" \/>\n<meta property=\"og:image\" content=\"https:\/\/kart.no\/wp-content\/uploads\/2024\/03\/HK_Lofoten_Vestvagoya__Lek_1-30_00.jpg\" \/>\n\t<meta property=\"og:image:width\" content=\"850\" \/>\n\t<meta property=\"og:image:height\" content=\"850\" \/>\n\t<meta property=\"og:image:type\" content=\"image\/jpeg\" \/>\n<meta name=\"twitter:card\" content=\"summary_large_image\" \/>\n<meta name=\"twitter:label1\" content=\"Est. reading time\" \/>\n\t<meta name=\"twitter:data1\" content=\"1 minute\" \/>\n<script type=\"application\/ld+json\" class=\"yoast-schema-graph\">{\"@context\":\"https:\\\/\\\/schema.org\",\"@graph\":[{\"@type\":\"WebPage\",\"@id\":\"https:\\\/\\\/kart.no\\\/en\\\/produkt\\\/high-mountain-map-lofoten-vestvagoya-leknes-130-000\\\/\",\"url\":\"https:\\\/\\\/kart.no\\\/en\\\/produkt\\\/high-mountain-map-lofoten-vestvagoya-leknes-130-000\\\/\",\"name\":\"Vestv\u00e5g\u00f8ya - Leknes 1:30 000 | H\u00f8yfjellskart Lofoten\",\"isPartOf\":{\"@id\":\"https:\\\/\\\/kart.no\\\/en\\\/#website\"},\"primaryImageOfPage\":{\"@id\":\"https:\\\/\\\/kart.no\\\/en\\\/produkt\\\/high-mountain-map-lofoten-vestvagoya-leknes-130-000\\\/#primaryimage\"},\"image\":{\"@id\":\"https:\\\/\\\/kart.no\\\/en\\\/produkt\\\/high-mountain-map-lofoten-vestvagoya-leknes-130-000\\\/#primaryimage\"},\"thumbnailUrl\":\"https:\\\/\\\/kart.no\\\/wp-content\\\/uploads\\\/2024\\\/03\\\/HK_Lofoten_Vestvagoya__Lek_1-30_00.jpg\",\"datePublished\":\"2024-03-11T00:15:11+00:00\",\"description\":\"Detailed mountain map of Vestv\u00e5g\u00f8ya and Leknes in Lofoten at a scale of 1:30 000. Perfect for hiking and outdoor activities in Lofoten.\",\"breadcrumb\":{\"@id\":\"https:\\\/\\\/kart.no\\\/en\\\/produkt\\\/high-mountain-map-lofoten-vestvagoya-leknes-130-000\\\/#breadcrumb\"},\"inLanguage\":\"en-US\",\"potentialAction\":[{\"@type\":\"ReadAction\",\"target\":[\"https:\\\/\\\/kart.no\\\/en\\\/produkt\\\/high-mountain-map-lofoten-vestvagoya-leknes-130-000\\\/\"]}]},{\"@type\":\"ImageObject\",\"inLanguage\":\"en-US\",\"@id\":\"https:\\\/\\\/kart.no\\\/en\\\/produkt\\\/high-mountain-map-lofoten-vestvagoya-leknes-130-000\\\/#primaryimage\",\"url\":\"https:\\\/\\\/kart.no\\\/wp-content\\\/uploads\\\/2024\\\/03\\\/HK_Lofoten_Vestvagoya__Lek_1-30_00.jpg\",\"contentUrl\":\"https:\\\/\\\/kart.no\\\/wp-content\\\/uploads\\\/2024\\\/03\\\/HK_Lofoten_Vestvagoya__Lek_1-30_00.jpg\",\"width\":850,\"height\":850},{\"@type\":\"BreadcrumbList\",\"@id\":\"https:\\\/\\\/kart.no\\\/en\\\/produkt\\\/high-mountain-map-lofoten-vestvagoya-leknes-130-000\\\/#breadcrumb\",\"itemListElement\":[{\"@type\":\"ListItem\",\"position\":1,\"name\":\"Hjem\",\"item\":\"https:\\\/\\\/kart.no\\\/en\\\/\"},{\"@type\":\"ListItem\",\"position\":2,\"name\":\"Shop\",\"item\":\"https:\\\/\\\/kart.no\\\/en\\\/shop\\\/\"},{\"@type\":\"ListItem\",\"position\":3,\"name\":\"Outdoor &amp; Hiking\",\"item\":\"https:\\\/\\\/kart.no\\\/en\\\/product-category\\\/outdoor-hiking\\\/\"},{\"@type\":\"ListItem\",\"position\":4,\"name\":\"Hiking Maps\",\"item\":\"https:\\\/\\\/kart.no\\\/en\\\/product-category\\\/outdoor-hiking\\\/hiking-maps\\\/\"},{\"@type\":\"ListItem\",\"position\":5,\"name\":\"Hiking Maps \u2013 Norway\",\"item\":\"https:\\\/\\\/kart.no\\\/en\\\/product-category\\\/outdoor-hiking\\\/hiking-maps\\\/norway-hiking-maps\\\/\"},{\"@type\":\"ListItem\",\"position\":6,\"name\":\"High mountain map Lofoten: Vestv\u00e5g\u00f8ya &#8211; Leknes 1:30.000\"}]},{\"@type\":\"WebSite\",\"@id\":\"https:\\\/\\\/kart.no\\\/en\\\/#website\",\"url\":\"https:\\\/\\\/kart.no\\\/en\\\/\",\"name\":\"Kart.no\",\"description\":\"Nordic expertise in maps and navigation\",\"publisher\":{\"@id\":\"https:\\\/\\\/kart.no\\\/en\\\/#organization\"},\"potentialAction\":[{\"@type\":\"SearchAction\",\"target\":{\"@type\":\"EntryPoint\",\"urlTemplate\":\"https:\\\/\\\/kart.no\\\/en\\\/?s={search_term_string}\"},\"query-input\":{\"@type\":\"PropertyValueSpecification\",\"valueRequired\":true,\"valueName\":\"search_term_string\"}}],\"inLanguage\":\"en-US\"},{\"@type\":\"Organization\",\"@id\":\"https:\\\/\\\/kart.no\\\/en\\\/#organization\",\"name\":\"Kart.no\",\"url\":\"https:\\\/\\\/kart.no\\\/en\\\/\",\"logo\":{\"@type\":\"ImageObject\",\"inLanguage\":\"en-US\",\"@id\":\"https:\\\/\\\/kart.no\\\/en\\\/#\\\/schema\\\/logo\\\/image\\\/\",\"url\":\"https:\\\/\\\/kart.no\\\/wp-content\\\/uploads\\\/2023\\\/10\\\/kart.no-logo.png\",\"contentUrl\":\"https:\\\/\\\/kart.no\\\/wp-content\\\/uploads\\\/2023\\\/10\\\/kart.no-logo.png\",\"width\":784,\"height\":312,\"caption\":\"Kart.no\"},\"image\":{\"@id\":\"https:\\\/\\\/kart.no\\\/en\\\/#\\\/schema\\\/logo\\\/image\\\/\"},\"sameAs\":[\"https:\\\/\\\/www.facebook.com\\\/kart.no\",\"https:\\\/\\\/www.instagram.com\\\/_kart.no\\\/\"]}]}<\/script>\n<!-- \/ Yoast SEO Premium plugin. -->","yoast_head_json":{"title":"Vestv\u00e5g\u00f8ya - Leknes 1:30 000 | H\u00f8yfjellskart Lofoten","description":"Detailed mountain map of Vestv\u00e5g\u00f8ya and Leknes in Lofoten at a scale of 1:30 000. Perfect for hiking and outdoor activities in Lofoten.","robots":{"index":"index","follow":"follow","max-snippet":"max-snippet:-1","max-image-preview":"max-image-preview:large","max-video-preview":"max-video-preview:-1"},"canonical":"https:\/\/kart.no\/en\/produkt\/high-mountain-map-lofoten-vestvagoya-leknes-130-000\/","og_locale":"en_US","og_type":"article","og_title":"High mountain map Lofoten: Vestv\u00e5g\u00f8ya - Leknes 1:30.000","og_description":"Detailed mountain map of Vestv\u00e5g\u00f8ya and Leknes in Lofoten at a scale of 1:30 000. Perfect for hiking and outdoor activities in Lofoten.","og_url":"https:\/\/kart.no\/en\/produkt\/high-mountain-map-lofoten-vestvagoya-leknes-130-000\/","og_site_name":"Kart.no","article_publisher":"https:\/\/www.facebook.com\/kart.no","og_image":[{"width":850,"height":850,"url":"https:\/\/kart.no\/wp-content\/uploads\/2024\/03\/HK_Lofoten_Vestvagoya__Lek_1-30_00.jpg","type":"image\/jpeg"}],"twitter_card":"summary_large_image","twitter_misc":{"Est. reading time":"1 minute"},"schema":{"@context":"https:\/\/schema.org","@graph":[{"@type":"WebPage","@id":"https:\/\/kart.no\/en\/produkt\/high-mountain-map-lofoten-vestvagoya-leknes-130-000\/","url":"https:\/\/kart.no\/en\/produkt\/high-mountain-map-lofoten-vestvagoya-leknes-130-000\/","name":"Vestv\u00e5g\u00f8ya - Leknes 1:30 000 | H\u00f8yfjellskart Lofoten","isPartOf":{"@id":"https:\/\/kart.no\/en\/#website"},"primaryImageOfPage":{"@id":"https:\/\/kart.no\/en\/produkt\/high-mountain-map-lofoten-vestvagoya-leknes-130-000\/#primaryimage"},"image":{"@id":"https:\/\/kart.no\/en\/produkt\/high-mountain-map-lofoten-vestvagoya-leknes-130-000\/#primaryimage"},"thumbnailUrl":"https:\/\/kart.no\/wp-content\/uploads\/2024\/03\/HK_Lofoten_Vestvagoya__Lek_1-30_00.jpg","datePublished":"2024-03-11T00:15:11+00:00","description":"Detailed mountain map of Vestv\u00e5g\u00f8ya and Leknes in Lofoten at a scale of 1:30 000. Perfect for hiking and outdoor activities in Lofoten.","breadcrumb":{"@id":"https:\/\/kart.no\/en\/produkt\/high-mountain-map-lofoten-vestvagoya-leknes-130-000\/#breadcrumb"},"inLanguage":"en-US","potentialAction":[{"@type":"ReadAction","target":["https:\/\/kart.no\/en\/produkt\/high-mountain-map-lofoten-vestvagoya-leknes-130-000\/"]}]},{"@type":"ImageObject","inLanguage":"en-US","@id":"https:\/\/kart.no\/en\/produkt\/high-mountain-map-lofoten-vestvagoya-leknes-130-000\/#primaryimage","url":"https:\/\/kart.no\/wp-content\/uploads\/2024\/03\/HK_Lofoten_Vestvagoya__Lek_1-30_00.jpg","contentUrl":"https:\/\/kart.no\/wp-content\/uploads\/2024\/03\/HK_Lofoten_Vestvagoya__Lek_1-30_00.jpg","width":850,"height":850},{"@type":"BreadcrumbList","@id":"https:\/\/kart.no\/en\/produkt\/high-mountain-map-lofoten-vestvagoya-leknes-130-000\/#breadcrumb","itemListElement":[{"@type":"ListItem","position":1,"name":"Hjem","item":"https:\/\/kart.no\/en\/"},{"@type":"ListItem","position":2,"name":"Shop","item":"https:\/\/kart.no\/en\/shop\/"},{"@type":"ListItem","position":3,"name":"Outdoor &amp; Hiking","item":"https:\/\/kart.no\/en\/product-category\/outdoor-hiking\/"},{"@type":"ListItem","position":4,"name":"Hiking Maps","item":"https:\/\/kart.no\/en\/product-category\/outdoor-hiking\/hiking-maps\/"},{"@type":"ListItem","position":5,"name":"Hiking Maps \u2013 Norway","item":"https:\/\/kart.no\/en\/product-category\/outdoor-hiking\/hiking-maps\/norway-hiking-maps\/"},{"@type":"ListItem","position":6,"name":"High mountain map Lofoten: Vestv\u00e5g\u00f8ya &#8211; Leknes 1:30.000"}]},{"@type":"WebSite","@id":"https:\/\/kart.no\/en\/#website","url":"https:\/\/kart.no\/en\/","name":"Kart.no","description":"Nordic expertise in maps and navigation","publisher":{"@id":"https:\/\/kart.no\/en\/#organization"},"potentialAction":[{"@type":"SearchAction","target":{"@type":"EntryPoint","urlTemplate":"https:\/\/kart.no\/en\/?s={search_term_string}"},"query-input":{"@type":"PropertyValueSpecification","valueRequired":true,"valueName":"search_term_string"}}],"inLanguage":"en-US"},{"@type":"Organization","@id":"https:\/\/kart.no\/en\/#organization","name":"Kart.no","url":"https:\/\/kart.no\/en\/","logo":{"@type":"ImageObject","inLanguage":"en-US","@id":"https:\/\/kart.no\/en\/#\/schema\/logo\/image\/","url":"https:\/\/kart.no\/wp-content\/uploads\/2023\/10\/kart.no-logo.png","contentUrl":"https:\/\/kart.no\/wp-content\/uploads\/2023\/10\/kart.no-logo.png","width":784,"height":312,"caption":"Kart.no"},"image":{"@id":"https:\/\/kart.no\/en\/#\/schema\/logo\/image\/"},"sameAs":["https:\/\/www.facebook.com\/kart.no","https:\/\/www.instagram.com\/_kart.no\/"]}]}},"uagb_featured_image_src":{"full":["https:\/\/kart.no\/wp-content\/uploads\/2024\/03\/HK_Lofoten_Vestvagoya__Lek_1-30_00.jpg",850,850,false],"thumbnail":["https:\/\/kart.no\/wp-content\/uploads\/2024\/03\/HK_Lofoten_Vestvagoya__Lek_1-30_00-150x150.jpg",150,150,true],"medium":["https:\/\/kart.no\/wp-content\/uploads\/2024\/03\/HK_Lofoten_Vestvagoya__Lek_1-30_00-300x300.jpg",300,300,true],"medium_large":["https:\/\/kart.no\/wp-content\/uploads\/2024\/03\/HK_Lofoten_Vestvagoya__Lek_1-30_00-768x768.jpg",768,768,true],"large":["https:\/\/kart.no\/wp-content\/uploads\/2024\/03\/HK_Lofoten_Vestvagoya__Lek_1-30_00.jpg",850,850,false],"1536x1536":["https:\/\/kart.no\/wp-content\/uploads\/2024\/03\/HK_Lofoten_Vestvagoya__Lek_1-30_00.jpg",850,850,false],"2048x2048":["https:\/\/kart.no\/wp-content\/uploads\/2024\/03\/HK_Lofoten_Vestvagoya__Lek_1-30_00.jpg",850,850,false],"woocommerce_thumbnail":["https:\/\/kart.no\/wp-content\/uploads\/2024\/03\/HK_Lofoten_Vestvagoya__Lek_1-30_00-300x300.jpg",300,300,true],"woocommerce_single":["https:\/\/kart.no\/wp-content\/uploads\/2024\/03\/HK_Lofoten_Vestvagoya__Lek_1-30_00-600x600.jpg",600,600,true],"woocommerce_gallery_thumbnail":["https:\/\/kart.no\/wp-content\/uploads\/2024\/03\/HK_Lofoten_Vestvagoya__Lek_1-30_00-100x100.jpg",100,100,true],"dgwt-wcas-product-suggestion":["https:\/\/kart.no\/wp-content\/uploads\/2024\/03\/HK_Lofoten_Vestvagoya__Lek_1-30_00-64x64.jpg",64,64,true]},"uagb_author_info":{"display_name":"Steinar Figved","author_link":"https:\/\/kart.no\/en\/author\/"},"uagb_comment_info":0,"uagb_excerpt":"Detailed high-mountain map of Vestv\u00e5g\u00f8ya and Leknes at a scale of 1:30 000. The map is particularly suitable for hiking and outdoor activities in Lofoten.","_links":{"self":[{"href":"https:\/\/kart.no\/en\/wp-json\/wp\/v2\/product\/47700","targetHints":{"allow":["GET"]}}],"collection":[{"href":"https:\/\/kart.no\/en\/wp-json\/wp\/v2\/product"}],"about":[{"href":"https:\/\/kart.no\/en\/wp-json\/wp\/v2\/types\/product"}],"replies":[{"embeddable":true,"href":"https:\/\/kart.no\/en\/wp-json\/wp\/v2\/comments?post=47700"}],"wp:featuredmedia":[{"embeddable":true,"href":"https:\/\/kart.no\/en\/wp-json\/wp\/v2\/media\/8292"}],"wp:attachment":[{"href":"https:\/\/kart.no\/en\/wp-json\/wp\/v2\/media?parent=47700"}],"wp:term":[{"taxonomy":"product_brand","embeddable":true,"href":"https:\/\/kart.no\/en\/wp-json\/wp\/v2\/product_brand?post=47700"},{"taxonomy":"product_cat","embeddable":true,"href":"https:\/\/kart.no\/en\/wp-json\/wp\/v2\/product_cat?post=47700"},{"taxonomy":"product_tag","embeddable":true,"href":"https:\/\/kart.no\/en\/wp-json\/wp\/v2\/product_tag?post=47700"}],"curies":[{"name":"wp","href":"https:\/\/api.w.org\/{rel}","templated":true}]}}