{"id":47931,"date":"2025-01-30T00:28:01","date_gmt":"2025-01-29T23:28:01","guid":{"rendered":"https:\/\/kart.no\/produkt\/trail-map-ostmarka\/"},"modified":"2025-01-30T00:28:01","modified_gmt":"2025-01-29T23:28:01","slug":"trail-map-ostmarka","status":"publish","type":"product","link":"https:\/\/kart.no\/en\/produkt\/trail-map-ostmarka\/","title":{"rendered":"Trail map \u00d8stmarka"},"content":{"rendered":"<p>nan Kartserien is tailored for winter use and covers more than 3,000 kilometers of groomed ski trails.<\/p>\n<p>Each map clearly shows trail types and distance information, as well as useful additions such as parking lots, cabins and restaurants. The information is laid out for easy coordination with real-time information on the Ski Association&#8217;s website. The maps are based on terrain data from , ensuring outstanding accuracy in detail.  <\/p>\n<div style=\"width:100%; max-width:100%; margin:12px 0;\">\n<\/div>\n<p><strong>Calazo F\u00f6rlag<\/strong> is a Swedish publishing house specializing in maps and books for outdoor life in the Nordic region.<\/p>\n<p>Here you can see the area the map covers:<\/p>\n<p><iframe src=\"https:\/\/tiles.calazoffice.biz\/kartutsnitt\/#9789189880306\" style=\"display:block; width:100%; max-width:100%; height:520px; border:0;\" loading=\"lazy\" allowfullscreen=\"\"><\/iframe><\/p>\n<p>The map is released in 2024.<\/p>\n","protected":false},"excerpt":{"rendered":"<p>L\u00f8ypekart \u00d8stmarka is one of four special maps at a scale of 1:20,000 that cover Oslomarka. The map has been prepared in close collaboration with the Ski Association. <\/p>\n","protected":false},"featured_media":14016,"comment_status":"open","ping_status":"closed","template":"","meta":{"_uag_custom_page_level_css":""},"product_brand":[1377],"product_cat":[1026],"product_tag":[],"class_list":{"0":"post-47931","1":"product","2":"type-product","3":"status-publish","4":"has-post-thumbnail","6":"product_brand-calazo","7":"product_cat-norway-hiking-maps","8":"product_shipping_class-postkasse","9":"pa_fylke-akershus","10":"pa_fylke-oslo","11":"pa_produsent-calazo","13":"first","14":"instock","15":"taxable","16":"shipping-taxable","17":"product-type-composite"},"composite_virtual":false,"composite_layout":"single","composite_add_to_cart_form_location":"default","composite_editable_in_cart":false,"composite_sold_individually_context":"product","composite_shop_price_calc":"min_max","composite_components":[],"composite_scenarios":[],"acf":[],"yoast_head":"<!-- This site is optimized with the Yoast SEO Premium plugin v27.2 (Yoast SEO v27.2) - https:\/\/yoast.com\/product\/yoast-seo-premium-wordpress\/ -->\n<title>Trail map \u00d8stmarka - Kart.no<\/title>\n<meta name=\"robots\" content=\"index, follow, max-snippet:-1, max-image-preview:large, max-video-preview:-1\" \/>\n<link rel=\"canonical\" href=\"https:\/\/kart.no\/en\/produkt\/trail-map-ostmarka\/\" \/>\n<meta property=\"og:locale\" content=\"en_US\" \/>\n<meta property=\"og:type\" content=\"article\" \/>\n<meta property=\"og:title\" content=\"Trail map \u00d8stmarka\" \/>\n<meta property=\"og:description\" content=\"L\u00f8ypekart \u00d8stmarka is one of four special maps at a scale of 1:20,000 that cover Oslomarka. The map has been prepared in close collaboration with the Ski Association.\" \/>\n<meta property=\"og:url\" content=\"https:\/\/kart.no\/en\/produkt\/trail-map-ostmarka\/\" \/>\n<meta property=\"og:site_name\" content=\"Kart.no\" \/>\n<meta property=\"article:publisher\" content=\"https:\/\/www.facebook.com\/kart.no\" \/>\n<meta property=\"og:image\" content=\"https:\/\/kart.no\/wp-content\/uploads\/2025\/01\/lypekart_oslo_ostmarka.jpg\" \/>\n\t<meta property=\"og:image:width\" content=\"1200\" \/>\n\t<meta property=\"og:image:height\" content=\"1200\" \/>\n\t<meta property=\"og:image:type\" content=\"image\/jpeg\" \/>\n<meta name=\"twitter:card\" content=\"summary_large_image\" \/>\n<meta name=\"twitter:label1\" content=\"Est. reading time\" \/>\n\t<meta name=\"twitter:data1\" content=\"1 minute\" \/>\n<script type=\"application\/ld+json\" class=\"yoast-schema-graph\">{\"@context\":\"https:\/\/schema.org\",\"@graph\":[{\"@type\":\"WebPage\",\"@id\":\"https:\/\/kart.no\/en\/produkt\/trail-map-ostmarka\/\",\"url\":\"https:\/\/kart.no\/en\/produkt\/trail-map-ostmarka\/\",\"name\":\"Trail map \u00d8stmarka - Kart.no\",\"isPartOf\":{\"@id\":\"https:\/\/kart.no\/en\/#website\"},\"primaryImageOfPage\":{\"@id\":\"https:\/\/kart.no\/en\/produkt\/trail-map-ostmarka\/#primaryimage\"},\"image\":{\"@id\":\"https:\/\/kart.no\/en\/produkt\/trail-map-ostmarka\/#primaryimage\"},\"thumbnailUrl\":\"https:\/\/kart.no\/wp-content\/uploads\/2025\/01\/lypekart_oslo_ostmarka.jpg\",\"datePublished\":\"2025-01-29T23:28:01+00:00\",\"breadcrumb\":{\"@id\":\"https:\/\/kart.no\/en\/produkt\/trail-map-ostmarka\/#breadcrumb\"},\"inLanguage\":\"en-US\",\"potentialAction\":[{\"@type\":\"ReadAction\",\"target\":[\"https:\/\/kart.no\/en\/produkt\/trail-map-ostmarka\/\"]}]},{\"@type\":\"ImageObject\",\"inLanguage\":\"en-US\",\"@id\":\"https:\/\/kart.no\/en\/produkt\/trail-map-ostmarka\/#primaryimage\",\"url\":\"https:\/\/kart.no\/wp-content\/uploads\/2025\/01\/lypekart_oslo_ostmarka.jpg\",\"contentUrl\":\"https:\/\/kart.no\/wp-content\/uploads\/2025\/01\/lypekart_oslo_ostmarka.jpg\",\"width\":1200,\"height\":1200,\"caption\":\"Trail map \u00d8stmarka\"},{\"@type\":\"BreadcrumbList\",\"@id\":\"https:\/\/kart.no\/en\/produkt\/trail-map-ostmarka\/#breadcrumb\",\"itemListElement\":[{\"@type\":\"ListItem\",\"position\":1,\"name\":\"Hjem\",\"item\":\"https:\/\/kart.no\/en\/\"},{\"@type\":\"ListItem\",\"position\":2,\"name\":\"Shop\",\"item\":\"https:\/\/kart.no\/en\/shop\/\"},{\"@type\":\"ListItem\",\"position\":3,\"name\":\"Outdoor &amp; Hiking\",\"item\":\"https:\/\/kart.no\/en\/product-category\/outdoor-hiking\/\"},{\"@type\":\"ListItem\",\"position\":4,\"name\":\"Hiking Maps\",\"item\":\"https:\/\/kart.no\/en\/product-category\/outdoor-hiking\/hiking-maps\/\"},{\"@type\":\"ListItem\",\"position\":5,\"name\":\"Hiking Maps \u2013 Norway\",\"item\":\"https:\/\/kart.no\/en\/product-category\/outdoor-hiking\/hiking-maps\/norway-hiking-maps\/\"},{\"@type\":\"ListItem\",\"position\":6,\"name\":\"Trail map \u00d8stmarka\"}]},{\"@type\":\"WebSite\",\"@id\":\"https:\/\/kart.no\/en\/#website\",\"url\":\"https:\/\/kart.no\/en\/\",\"name\":\"Kart.no\",\"description\":\"Norges mest komplette kartbutikk\",\"publisher\":{\"@id\":\"https:\/\/kart.no\/en\/#organization\"},\"potentialAction\":[{\"@type\":\"SearchAction\",\"target\":{\"@type\":\"EntryPoint\",\"urlTemplate\":\"https:\/\/kart.no\/en\/?s={search_term_string}\"},\"query-input\":{\"@type\":\"PropertyValueSpecification\",\"valueRequired\":true,\"valueName\":\"search_term_string\"}}],\"inLanguage\":\"en-US\"},{\"@type\":\"Organization\",\"@id\":\"https:\/\/kart.no\/en\/#organization\",\"name\":\"Kart.no\",\"url\":\"https:\/\/kart.no\/en\/\",\"logo\":{\"@type\":\"ImageObject\",\"inLanguage\":\"en-US\",\"@id\":\"https:\/\/kart.no\/en\/#\/schema\/logo\/image\/\",\"url\":\"https:\/\/kart.no\/wp-content\/uploads\/2023\/10\/kart.no-logo.png\",\"contentUrl\":\"https:\/\/kart.no\/wp-content\/uploads\/2023\/10\/kart.no-logo.png\",\"width\":784,\"height\":312,\"caption\":\"Kart.no\"},\"image\":{\"@id\":\"https:\/\/kart.no\/en\/#\/schema\/logo\/image\/\"},\"sameAs\":[\"https:\/\/www.facebook.com\/kart.no\",\"https:\/\/www.instagram.com\/_kart.no\/\"]}]}<\/script>\n<!-- \/ Yoast SEO Premium plugin. -->","yoast_head_json":{"title":"Trail map \u00d8stmarka - Kart.no","robots":{"index":"index","follow":"follow","max-snippet":"max-snippet:-1","max-image-preview":"max-image-preview:large","max-video-preview":"max-video-preview:-1"},"canonical":"https:\/\/kart.no\/en\/produkt\/trail-map-ostmarka\/","og_locale":"en_US","og_type":"article","og_title":"Trail map \u00d8stmarka","og_description":"L\u00f8ypekart \u00d8stmarka is one of four special maps at a scale of 1:20,000 that cover Oslomarka. The map has been prepared in close collaboration with the Ski Association.","og_url":"https:\/\/kart.no\/en\/produkt\/trail-map-ostmarka\/","og_site_name":"Kart.no","article_publisher":"https:\/\/www.facebook.com\/kart.no","og_image":[{"width":1200,"height":1200,"url":"https:\/\/kart.no\/wp-content\/uploads\/2025\/01\/lypekart_oslo_ostmarka.jpg","type":"image\/jpeg"}],"twitter_card":"summary_large_image","twitter_misc":{"Est. reading time":"1 minute"},"schema":{"@context":"https:\/\/schema.org","@graph":[{"@type":"WebPage","@id":"https:\/\/kart.no\/en\/produkt\/trail-map-ostmarka\/","url":"https:\/\/kart.no\/en\/produkt\/trail-map-ostmarka\/","name":"Trail map \u00d8stmarka - Kart.no","isPartOf":{"@id":"https:\/\/kart.no\/en\/#website"},"primaryImageOfPage":{"@id":"https:\/\/kart.no\/en\/produkt\/trail-map-ostmarka\/#primaryimage"},"image":{"@id":"https:\/\/kart.no\/en\/produkt\/trail-map-ostmarka\/#primaryimage"},"thumbnailUrl":"https:\/\/kart.no\/wp-content\/uploads\/2025\/01\/lypekart_oslo_ostmarka.jpg","datePublished":"2025-01-29T23:28:01+00:00","breadcrumb":{"@id":"https:\/\/kart.no\/en\/produkt\/trail-map-ostmarka\/#breadcrumb"},"inLanguage":"en-US","potentialAction":[{"@type":"ReadAction","target":["https:\/\/kart.no\/en\/produkt\/trail-map-ostmarka\/"]}]},{"@type":"ImageObject","inLanguage":"en-US","@id":"https:\/\/kart.no\/en\/produkt\/trail-map-ostmarka\/#primaryimage","url":"https:\/\/kart.no\/wp-content\/uploads\/2025\/01\/lypekart_oslo_ostmarka.jpg","contentUrl":"https:\/\/kart.no\/wp-content\/uploads\/2025\/01\/lypekart_oslo_ostmarka.jpg","width":1200,"height":1200,"caption":"Trail map \u00d8stmarka"},{"@type":"BreadcrumbList","@id":"https:\/\/kart.no\/en\/produkt\/trail-map-ostmarka\/#breadcrumb","itemListElement":[{"@type":"ListItem","position":1,"name":"Hjem","item":"https:\/\/kart.no\/en\/"},{"@type":"ListItem","position":2,"name":"Shop","item":"https:\/\/kart.no\/en\/shop\/"},{"@type":"ListItem","position":3,"name":"Outdoor &amp; Hiking","item":"https:\/\/kart.no\/en\/product-category\/outdoor-hiking\/"},{"@type":"ListItem","position":4,"name":"Hiking Maps","item":"https:\/\/kart.no\/en\/product-category\/outdoor-hiking\/hiking-maps\/"},{"@type":"ListItem","position":5,"name":"Hiking Maps \u2013 Norway","item":"https:\/\/kart.no\/en\/product-category\/outdoor-hiking\/hiking-maps\/norway-hiking-maps\/"},{"@type":"ListItem","position":6,"name":"Trail map \u00d8stmarka"}]},{"@type":"WebSite","@id":"https:\/\/kart.no\/en\/#website","url":"https:\/\/kart.no\/en\/","name":"Kart.no","description":"Norges mest komplette kartbutikk","publisher":{"@id":"https:\/\/kart.no\/en\/#organization"},"potentialAction":[{"@type":"SearchAction","target":{"@type":"EntryPoint","urlTemplate":"https:\/\/kart.no\/en\/?s={search_term_string}"},"query-input":{"@type":"PropertyValueSpecification","valueRequired":true,"valueName":"search_term_string"}}],"inLanguage":"en-US"},{"@type":"Organization","@id":"https:\/\/kart.no\/en\/#organization","name":"Kart.no","url":"https:\/\/kart.no\/en\/","logo":{"@type":"ImageObject","inLanguage":"en-US","@id":"https:\/\/kart.no\/en\/#\/schema\/logo\/image\/","url":"https:\/\/kart.no\/wp-content\/uploads\/2023\/10\/kart.no-logo.png","contentUrl":"https:\/\/kart.no\/wp-content\/uploads\/2023\/10\/kart.no-logo.png","width":784,"height":312,"caption":"Kart.no"},"image":{"@id":"https:\/\/kart.no\/en\/#\/schema\/logo\/image\/"},"sameAs":["https:\/\/www.facebook.com\/kart.no","https:\/\/www.instagram.com\/_kart.no\/"]}]}},"uagb_featured_image_src":{"full":["https:\/\/kart.no\/wp-content\/uploads\/2025\/01\/lypekart_oslo_ostmarka.jpg",1200,1200,false],"thumbnail":["https:\/\/kart.no\/wp-content\/uploads\/2025\/01\/lypekart_oslo_ostmarka-150x150.jpg",150,150,true],"medium":["https:\/\/kart.no\/wp-content\/uploads\/2025\/01\/lypekart_oslo_ostmarka-300x300.jpg",300,300,true],"medium_large":["https:\/\/kart.no\/wp-content\/uploads\/2025\/01\/lypekart_oslo_ostmarka-768x768.jpg",768,768,true],"large":["https:\/\/kart.no\/wp-content\/uploads\/2025\/01\/lypekart_oslo_ostmarka-1024x1024.jpg",1024,1024,true],"1536x1536":["https:\/\/kart.no\/wp-content\/uploads\/2025\/01\/lypekart_oslo_ostmarka.jpg",1200,1200,false],"2048x2048":["https:\/\/kart.no\/wp-content\/uploads\/2025\/01\/lypekart_oslo_ostmarka.jpg",1200,1200,false],"woocommerce_thumbnail":["https:\/\/kart.no\/wp-content\/uploads\/2025\/01\/lypekart_oslo_ostmarka-300x300.jpg",300,300,true],"woocommerce_single":["https:\/\/kart.no\/wp-content\/uploads\/2025\/01\/lypekart_oslo_ostmarka-600x600.jpg",600,600,true],"woocommerce_gallery_thumbnail":["https:\/\/kart.no\/wp-content\/uploads\/2025\/01\/lypekart_oslo_ostmarka-100x100.jpg",100,100,true],"dgwt-wcas-product-suggestion":["https:\/\/kart.no\/wp-content\/uploads\/2025\/01\/lypekart_oslo_ostmarka-64x64.jpg",64,64,true]},"uagb_author_info":{"display_name":"Steinar Figved","author_link":"https:\/\/kart.no\/en\/author\/"},"uagb_comment_info":0,"uagb_excerpt":"L\u00f8ypekart \u00d8stmarka is one of four special maps at a scale of 1:20,000 that cover Oslomarka. The map has been prepared in close collaboration with the Ski Association.","_links":{"self":[{"href":"https:\/\/kart.no\/en\/wp-json\/wp\/v2\/product\/47931","targetHints":{"allow":["GET"]}}],"collection":[{"href":"https:\/\/kart.no\/en\/wp-json\/wp\/v2\/product"}],"about":[{"href":"https:\/\/kart.no\/en\/wp-json\/wp\/v2\/types\/product"}],"replies":[{"embeddable":true,"href":"https:\/\/kart.no\/en\/wp-json\/wp\/v2\/comments?post=47931"}],"wp:featuredmedia":[{"embeddable":true,"href":"https:\/\/kart.no\/en\/wp-json\/wp\/v2\/media\/14016"}],"wp:attachment":[{"href":"https:\/\/kart.no\/en\/wp-json\/wp\/v2\/media?parent=47931"}],"wp:term":[{"taxonomy":"product_brand","embeddable":true,"href":"https:\/\/kart.no\/en\/wp-json\/wp\/v2\/product_brand?post=47931"},{"taxonomy":"product_cat","embeddable":true,"href":"https:\/\/kart.no\/en\/wp-json\/wp\/v2\/product_cat?post=47931"},{"taxonomy":"product_tag","embeddable":true,"href":"https:\/\/kart.no\/en\/wp-json\/wp\/v2\/product_tag?post=47931"}],"curies":[{"name":"wp","href":"https:\/\/api.w.org\/{rel}","templated":true}]}}