{"id":47973,"date":"2025-12-22T01:23:19","date_gmt":"2025-12-22T00:23:19","guid":{"rendered":"https:\/\/kart.no\/produkt\/turkart-stolsheimen-150-000\/"},"modified":"2025-12-22T01:23:19","modified_gmt":"2025-12-22T00:23:19","slug":"turkart-stolsheimen-150-000","status":"publish","type":"product","link":"https:\/\/kart.no\/en\/produkt\/turkart-stolsheimen-150-000\/","title":{"rendered":"Turkart St\u00f8lsheimen 1:50 000"},"content":{"rendered":"<p data-start=\"22\" data-end=\"271\">Turkart St\u00f8lsheimen covers the whole of St\u00f8lsheimen with map sections on both the front and back. The map also includes SignaTur St\u00f8lsheimen between Mo and Volahytta, and provides an overview of a varied mountain area with plains, water, valleys and marked peaks. <\/p>\n<p data-start=\"273\" data-end=\"721\">The map shows cabins run by DNT and other operators, as well as marked hiking routes in the area. The SignaTur route is clearly marked and makes it easier to plan continuous hikes through the mountain area. The terrain information is based on detailed elevation data, which provides a precise representation of contours, water and landforms. The map is suitable for use throughout the year, with marked winter routes and groomed ski trails where applicable.   <\/p>\n<p data-start=\"723\" data-end=\"873\">The map is at a scale of 1:50,000, which is the most common scale for longer mountain hikes. At this scale, 2 cm on the map corresponds to 1 km in the terrain. <\/p>\n<p data-start=\"875\" data-end=\"1044\">Calazo donates an amount per map sold to DNT&#8217;s work on trails and accommodation cabins, which contributes to the further development and maintenance of the infrastructure in the area.<\/p>\n<p data-start=\"1046\" data-end=\"1144\">Calazo F\u00f6rlag is a Swedish publishing house specializing in maps and books for outdoor life in the Nordic region.<\/p>\n<p>Here you can see the area the map covers:<\/p>\n<p><iframe style=\"display: block; width: 100%; max-width: 100%; height: 520px; border: 0;\" src=\"https:\/\/tiles.calazoffice.biz\/kartutsnitt\/#9789189880207\" allowfullscreen=\"allowfullscreen\"><\/iframe><\/p>\n<p>The map is released in 2025.<\/p>\n","protected":false},"excerpt":{"rendered":"<p>With map views on both front and back, this map covers the whole of St\u00f8lsheimen and SignaTur St\u00f8lsheimen mellan Mo och Volahytta.<\/p>\n<p>The map is part of the modern map series from Calazo, which uses unique terrain information based on laser scanning from aircraft, providing unprecedented accuracy in detail.<\/p>\n","protected":false},"featured_media":36641,"comment_status":"open","ping_status":"closed","template":"","meta":{"_uag_custom_page_level_css":""},"product_brand":[1377],"product_cat":[1026],"product_tag":[],"class_list":{"0":"post-47973","1":"product","2":"type-product","3":"status-publish","4":"has-post-thumbnail","6":"product_brand-calazo","7":"product_cat-norway-hiking-maps","8":"product_shipping_class-postkasse","9":"pa_fylke-vestland","10":"pa_kartserie-turkart-150-000","11":"pa_produsent-calazo","13":"first","14":"instock","15":"taxable","16":"shipping-taxable","17":"purchasable","18":"product-type-simple"},"composite_virtual":false,"composite_layout":"","composite_add_to_cart_form_location":"","composite_editable_in_cart":false,"composite_sold_individually_context":"","composite_shop_price_calc":"","composite_components":[],"composite_scenarios":[],"acf":[],"yoast_head":"<!-- This site is optimized with the Yoast SEO Premium plugin v27.5 (Yoast SEO v27.5) - https:\/\/yoast.com\/product\/yoast-seo-premium-wordpress\/ -->\n<title>Turkart St\u00f8lsheimen 1:50 000 | Turkart Norway | Calazo<\/title>\n<meta name=\"description\" content=\"Detailed hiking map of St\u00f8lsheimen with SignaTur St\u00f8lsheimen between Mo and Volahytta. The map is at a scale of 1:50,000 and is suitable for both summer and winter hikes.\" \/>\n<meta name=\"robots\" content=\"index, follow, max-snippet:-1, max-image-preview:large, max-video-preview:-1\" \/>\n<link rel=\"canonical\" href=\"https:\/\/kart.no\/en\/produkt\/turkart-stolsheimen-150-000\/\" \/>\n<meta property=\"og:locale\" content=\"en_US\" \/>\n<meta property=\"og:type\" content=\"article\" \/>\n<meta property=\"og:title\" content=\"Turkart St\u00f8lsheimen 1:50 000\" \/>\n<meta property=\"og:description\" content=\"Detailed hiking map of St\u00f8lsheimen with SignaTur St\u00f8lsheimen between Mo and Volahytta. The map is at a scale of 1:50,000 and is suitable for both summer and winter hikes.\" \/>\n<meta property=\"og:url\" content=\"https:\/\/kart.no\/en\/produkt\/turkart-stolsheimen-150-000\/\" \/>\n<meta property=\"og:site_name\" content=\"Kart.no\" \/>\n<meta property=\"article:publisher\" content=\"https:\/\/www.facebook.com\/kart.no\" \/>\n<meta property=\"og:image\" content=\"https:\/\/kart.no\/wp-content\/uploads\/2025\/12\/Turkart-Stolsheimen.jpg\" \/>\n\t<meta property=\"og:image:width\" content=\"1185\" \/>\n\t<meta property=\"og:image:height\" content=\"1185\" \/>\n\t<meta property=\"og:image:type\" content=\"image\/jpeg\" \/>\n<meta name=\"twitter:card\" content=\"summary_large_image\" \/>\n<meta name=\"twitter:label1\" content=\"Est. reading time\" \/>\n\t<meta name=\"twitter:data1\" content=\"1 minute\" \/>\n<script type=\"application\/ld+json\" class=\"yoast-schema-graph\">{\"@context\":\"https:\\\/\\\/schema.org\",\"@graph\":[{\"@type\":\"WebPage\",\"@id\":\"https:\\\/\\\/kart.no\\\/en\\\/produkt\\\/turkart-stolsheimen-150-000\\\/\",\"url\":\"https:\\\/\\\/kart.no\\\/en\\\/produkt\\\/turkart-stolsheimen-150-000\\\/\",\"name\":\"Turkart St\u00f8lsheimen 1:50 000 | Turkart Norway | Calazo\",\"isPartOf\":{\"@id\":\"https:\\\/\\\/kart.no\\\/en\\\/#website\"},\"primaryImageOfPage\":{\"@id\":\"https:\\\/\\\/kart.no\\\/en\\\/produkt\\\/turkart-stolsheimen-150-000\\\/#primaryimage\"},\"image\":{\"@id\":\"https:\\\/\\\/kart.no\\\/en\\\/produkt\\\/turkart-stolsheimen-150-000\\\/#primaryimage\"},\"thumbnailUrl\":\"https:\\\/\\\/kart.no\\\/wp-content\\\/uploads\\\/2025\\\/12\\\/Turkart-Stolsheimen.jpg\",\"datePublished\":\"2025-12-22T00:23:19+00:00\",\"description\":\"Detailed hiking map of St\u00f8lsheimen with SignaTur St\u00f8lsheimen between Mo and Volahytta. The map is at a scale of 1:50,000 and is suitable for both summer and winter hikes.\",\"breadcrumb\":{\"@id\":\"https:\\\/\\\/kart.no\\\/en\\\/produkt\\\/turkart-stolsheimen-150-000\\\/#breadcrumb\"},\"inLanguage\":\"en-US\",\"potentialAction\":[{\"@type\":\"ReadAction\",\"target\":[\"https:\\\/\\\/kart.no\\\/en\\\/produkt\\\/turkart-stolsheimen-150-000\\\/\"]}]},{\"@type\":\"ImageObject\",\"inLanguage\":\"en-US\",\"@id\":\"https:\\\/\\\/kart.no\\\/en\\\/produkt\\\/turkart-stolsheimen-150-000\\\/#primaryimage\",\"url\":\"https:\\\/\\\/kart.no\\\/wp-content\\\/uploads\\\/2025\\\/12\\\/Turkart-Stolsheimen.jpg\",\"contentUrl\":\"https:\\\/\\\/kart.no\\\/wp-content\\\/uploads\\\/2025\\\/12\\\/Turkart-Stolsheimen.jpg\",\"width\":1185,\"height\":1185,\"caption\":\"Turkart St\u00f8lsheimen\"},{\"@type\":\"BreadcrumbList\",\"@id\":\"https:\\\/\\\/kart.no\\\/en\\\/produkt\\\/turkart-stolsheimen-150-000\\\/#breadcrumb\",\"itemListElement\":[{\"@type\":\"ListItem\",\"position\":1,\"name\":\"Hjem\",\"item\":\"https:\\\/\\\/kart.no\\\/en\\\/\"},{\"@type\":\"ListItem\",\"position\":2,\"name\":\"Shop\",\"item\":\"https:\\\/\\\/kart.no\\\/en\\\/shop\\\/\"},{\"@type\":\"ListItem\",\"position\":3,\"name\":\"Outdoor &amp; Hiking\",\"item\":\"https:\\\/\\\/kart.no\\\/en\\\/product-category\\\/outdoor-hiking\\\/\"},{\"@type\":\"ListItem\",\"position\":4,\"name\":\"Hiking Maps\",\"item\":\"https:\\\/\\\/kart.no\\\/en\\\/product-category\\\/outdoor-hiking\\\/hiking-maps\\\/\"},{\"@type\":\"ListItem\",\"position\":5,\"name\":\"Hiking Maps \u2013 Norway\",\"item\":\"https:\\\/\\\/kart.no\\\/en\\\/product-category\\\/outdoor-hiking\\\/hiking-maps\\\/norway-hiking-maps\\\/\"},{\"@type\":\"ListItem\",\"position\":6,\"name\":\"Turkart St\u00f8lsheimen 1:50 000\"}]},{\"@type\":\"WebSite\",\"@id\":\"https:\\\/\\\/kart.no\\\/en\\\/#website\",\"url\":\"https:\\\/\\\/kart.no\\\/en\\\/\",\"name\":\"Kart.no\",\"description\":\"Nordic expertise in maps and navigation\",\"publisher\":{\"@id\":\"https:\\\/\\\/kart.no\\\/en\\\/#organization\"},\"potentialAction\":[{\"@type\":\"SearchAction\",\"target\":{\"@type\":\"EntryPoint\",\"urlTemplate\":\"https:\\\/\\\/kart.no\\\/en\\\/?s={search_term_string}\"},\"query-input\":{\"@type\":\"PropertyValueSpecification\",\"valueRequired\":true,\"valueName\":\"search_term_string\"}}],\"inLanguage\":\"en-US\"},{\"@type\":\"Organization\",\"@id\":\"https:\\\/\\\/kart.no\\\/en\\\/#organization\",\"name\":\"Kart.no\",\"url\":\"https:\\\/\\\/kart.no\\\/en\\\/\",\"logo\":{\"@type\":\"ImageObject\",\"inLanguage\":\"en-US\",\"@id\":\"https:\\\/\\\/kart.no\\\/en\\\/#\\\/schema\\\/logo\\\/image\\\/\",\"url\":\"https:\\\/\\\/kart.no\\\/wp-content\\\/uploads\\\/2023\\\/10\\\/kart.no-logo.png\",\"contentUrl\":\"https:\\\/\\\/kart.no\\\/wp-content\\\/uploads\\\/2023\\\/10\\\/kart.no-logo.png\",\"width\":784,\"height\":312,\"caption\":\"Kart.no\"},\"image\":{\"@id\":\"https:\\\/\\\/kart.no\\\/en\\\/#\\\/schema\\\/logo\\\/image\\\/\"},\"sameAs\":[\"https:\\\/\\\/www.facebook.com\\\/kart.no\",\"https:\\\/\\\/www.instagram.com\\\/_kart.no\\\/\"]}]}<\/script>\n<!-- \/ Yoast SEO Premium plugin. -->","yoast_head_json":{"title":"Turkart St\u00f8lsheimen 1:50 000 | Turkart Norway | Calazo","description":"Detailed hiking map of St\u00f8lsheimen with SignaTur St\u00f8lsheimen between Mo and Volahytta. The map is at a scale of 1:50,000 and is suitable for both summer and winter hikes.","robots":{"index":"index","follow":"follow","max-snippet":"max-snippet:-1","max-image-preview":"max-image-preview:large","max-video-preview":"max-video-preview:-1"},"canonical":"https:\/\/kart.no\/en\/produkt\/turkart-stolsheimen-150-000\/","og_locale":"en_US","og_type":"article","og_title":"Turkart St\u00f8lsheimen 1:50 000","og_description":"Detailed hiking map of St\u00f8lsheimen with SignaTur St\u00f8lsheimen between Mo and Volahytta. The map is at a scale of 1:50,000 and is suitable for both summer and winter hikes.","og_url":"https:\/\/kart.no\/en\/produkt\/turkart-stolsheimen-150-000\/","og_site_name":"Kart.no","article_publisher":"https:\/\/www.facebook.com\/kart.no","og_image":[{"width":1185,"height":1185,"url":"https:\/\/kart.no\/wp-content\/uploads\/2025\/12\/Turkart-Stolsheimen.jpg","type":"image\/jpeg"}],"twitter_card":"summary_large_image","twitter_misc":{"Est. reading time":"1 minute"},"schema":{"@context":"https:\/\/schema.org","@graph":[{"@type":"WebPage","@id":"https:\/\/kart.no\/en\/produkt\/turkart-stolsheimen-150-000\/","url":"https:\/\/kart.no\/en\/produkt\/turkart-stolsheimen-150-000\/","name":"Turkart St\u00f8lsheimen 1:50 000 | Turkart Norway | Calazo","isPartOf":{"@id":"https:\/\/kart.no\/en\/#website"},"primaryImageOfPage":{"@id":"https:\/\/kart.no\/en\/produkt\/turkart-stolsheimen-150-000\/#primaryimage"},"image":{"@id":"https:\/\/kart.no\/en\/produkt\/turkart-stolsheimen-150-000\/#primaryimage"},"thumbnailUrl":"https:\/\/kart.no\/wp-content\/uploads\/2025\/12\/Turkart-Stolsheimen.jpg","datePublished":"2025-12-22T00:23:19+00:00","description":"Detailed hiking map of St\u00f8lsheimen with SignaTur St\u00f8lsheimen between Mo and Volahytta. The map is at a scale of 1:50,000 and is suitable for both summer and winter hikes.","breadcrumb":{"@id":"https:\/\/kart.no\/en\/produkt\/turkart-stolsheimen-150-000\/#breadcrumb"},"inLanguage":"en-US","potentialAction":[{"@type":"ReadAction","target":["https:\/\/kart.no\/en\/produkt\/turkart-stolsheimen-150-000\/"]}]},{"@type":"ImageObject","inLanguage":"en-US","@id":"https:\/\/kart.no\/en\/produkt\/turkart-stolsheimen-150-000\/#primaryimage","url":"https:\/\/kart.no\/wp-content\/uploads\/2025\/12\/Turkart-Stolsheimen.jpg","contentUrl":"https:\/\/kart.no\/wp-content\/uploads\/2025\/12\/Turkart-Stolsheimen.jpg","width":1185,"height":1185,"caption":"Turkart St\u00f8lsheimen"},{"@type":"BreadcrumbList","@id":"https:\/\/kart.no\/en\/produkt\/turkart-stolsheimen-150-000\/#breadcrumb","itemListElement":[{"@type":"ListItem","position":1,"name":"Hjem","item":"https:\/\/kart.no\/en\/"},{"@type":"ListItem","position":2,"name":"Shop","item":"https:\/\/kart.no\/en\/shop\/"},{"@type":"ListItem","position":3,"name":"Outdoor &amp; Hiking","item":"https:\/\/kart.no\/en\/product-category\/outdoor-hiking\/"},{"@type":"ListItem","position":4,"name":"Hiking Maps","item":"https:\/\/kart.no\/en\/product-category\/outdoor-hiking\/hiking-maps\/"},{"@type":"ListItem","position":5,"name":"Hiking Maps \u2013 Norway","item":"https:\/\/kart.no\/en\/product-category\/outdoor-hiking\/hiking-maps\/norway-hiking-maps\/"},{"@type":"ListItem","position":6,"name":"Turkart St\u00f8lsheimen 1:50 000"}]},{"@type":"WebSite","@id":"https:\/\/kart.no\/en\/#website","url":"https:\/\/kart.no\/en\/","name":"Kart.no","description":"Nordic expertise in maps and navigation","publisher":{"@id":"https:\/\/kart.no\/en\/#organization"},"potentialAction":[{"@type":"SearchAction","target":{"@type":"EntryPoint","urlTemplate":"https:\/\/kart.no\/en\/?s={search_term_string}"},"query-input":{"@type":"PropertyValueSpecification","valueRequired":true,"valueName":"search_term_string"}}],"inLanguage":"en-US"},{"@type":"Organization","@id":"https:\/\/kart.no\/en\/#organization","name":"Kart.no","url":"https:\/\/kart.no\/en\/","logo":{"@type":"ImageObject","inLanguage":"en-US","@id":"https:\/\/kart.no\/en\/#\/schema\/logo\/image\/","url":"https:\/\/kart.no\/wp-content\/uploads\/2023\/10\/kart.no-logo.png","contentUrl":"https:\/\/kart.no\/wp-content\/uploads\/2023\/10\/kart.no-logo.png","width":784,"height":312,"caption":"Kart.no"},"image":{"@id":"https:\/\/kart.no\/en\/#\/schema\/logo\/image\/"},"sameAs":["https:\/\/www.facebook.com\/kart.no","https:\/\/www.instagram.com\/_kart.no\/"]}]}},"uagb_featured_image_src":{"full":["https:\/\/kart.no\/wp-content\/uploads\/2025\/12\/Turkart-Stolsheimen.jpg",1185,1185,false],"thumbnail":["https:\/\/kart.no\/wp-content\/uploads\/2025\/12\/Turkart-Stolsheimen-150x150.jpg",150,150,true],"medium":["https:\/\/kart.no\/wp-content\/uploads\/2025\/12\/Turkart-Stolsheimen-300x300.jpg",300,300,true],"medium_large":["https:\/\/kart.no\/wp-content\/uploads\/2025\/12\/Turkart-Stolsheimen-768x768.jpg",768,768,true],"large":["https:\/\/kart.no\/wp-content\/uploads\/2025\/12\/Turkart-Stolsheimen.jpg",1185,1185,false],"1536x1536":["https:\/\/kart.no\/wp-content\/uploads\/2025\/12\/Turkart-Stolsheimen.jpg",1185,1185,false],"2048x2048":["https:\/\/kart.no\/wp-content\/uploads\/2025\/12\/Turkart-Stolsheimen.jpg",1185,1185,false],"woocommerce_thumbnail":["https:\/\/kart.no\/wp-content\/uploads\/2025\/12\/Turkart-Stolsheimen-300x300.jpg",300,300,true],"woocommerce_single":["https:\/\/kart.no\/wp-content\/uploads\/2025\/12\/Turkart-Stolsheimen-600x600.jpg",600,600,true],"woocommerce_gallery_thumbnail":["https:\/\/kart.no\/wp-content\/uploads\/2025\/12\/Turkart-Stolsheimen-100x100.jpg",100,100,true],"dgwt-wcas-product-suggestion":["https:\/\/kart.no\/wp-content\/uploads\/2025\/12\/Turkart-Stolsheimen-64x64.jpg",64,64,true]},"uagb_author_info":{"display_name":"Steinar Figved","author_link":"https:\/\/kart.no\/en\/author\/"},"uagb_comment_info":0,"uagb_excerpt":"With map views on both front and back, this map covers the whole of St\u00f8lsheimen and SignaTur St\u00f8lsheimen mellan Mo och Volahytta. The map is part of the modern map series from Calazo, which uses unique terrain information based on laser scanning from aircraft, providing unprecedented accuracy in detail.","_links":{"self":[{"href":"https:\/\/kart.no\/en\/wp-json\/wp\/v2\/product\/47973","targetHints":{"allow":["GET"]}}],"collection":[{"href":"https:\/\/kart.no\/en\/wp-json\/wp\/v2\/product"}],"about":[{"href":"https:\/\/kart.no\/en\/wp-json\/wp\/v2\/types\/product"}],"replies":[{"embeddable":true,"href":"https:\/\/kart.no\/en\/wp-json\/wp\/v2\/comments?post=47973"}],"wp:featuredmedia":[{"embeddable":true,"href":"https:\/\/kart.no\/en\/wp-json\/wp\/v2\/media\/36641"}],"wp:attachment":[{"href":"https:\/\/kart.no\/en\/wp-json\/wp\/v2\/media?parent=47973"}],"wp:term":[{"taxonomy":"product_brand","embeddable":true,"href":"https:\/\/kart.no\/en\/wp-json\/wp\/v2\/product_brand?post=47973"},{"taxonomy":"product_cat","embeddable":true,"href":"https:\/\/kart.no\/en\/wp-json\/wp\/v2\/product_cat?post=47973"},{"taxonomy":"product_tag","embeddable":true,"href":"https:\/\/kart.no\/en\/wp-json\/wp\/v2\/product_tag?post=47973"}],"curies":[{"name":"wp","href":"https:\/\/api.w.org\/{rel}","templated":true}]}}