{"id":50047,"date":"2024-03-11T01:08:45","date_gmt":"2024-03-11T00:08:45","guid":{"rendered":"https:\/\/kart.no\/produkt\/storlien-sylarna-helags-ramundberget-150-000\/"},"modified":"2024-03-11T01:08:45","modified_gmt":"2024-03-11T00:08:45","slug":"storlien-sylarna-helags-ramundberget-150-000","status":"publish","type":"product","link":"https:\/\/kart.no\/en\/produkt\/storlien-sylarna-helags-ramundberget-150-000\/","title":{"rendered":"Storlien Sylarna Helags Ramundberget 1:50.000"},"content":{"rendered":"<p data-start=\"22\" data-end=\"331\">Storlien Sylarna Helags Ramundberget covers the mountain areas in western J\u00e4mtland and northern H\u00e4rjedalen, including popular hiking areas such as J\u00e4mtlandstriangeln, Helags and Ramundberget. The map provides a comprehensive overview of one of Sweden&#8217;s most used high mountain areas, with both marked trails and more demanding mountain terrain. <\/p>\n<p data-start=\"333\" data-end=\"696\">One side of the map is centered around the J\u00e4mtland Triangle hiking route between Storulv\u00e5n, Sylarna and Bl\u00e5hammaren. In addition, Snasah\u00f6garna, Bunnerfj\u00e4llen and G\u00e5sen are shown. The other side covers the area south towards Helags, Ljungdalen, Flatruet and Ramundberget. The map provides a precise representation of trails, contours, water, moorland, buildings and challenging terrain.   <\/p>\n<p data-start=\"698\" data-end=\"964\">The map is at a scale of 1:50,000, which is the most common scale for longer mountain hikes. At this scale, 2 cm on the map corresponds to 1 km in the terrain. The terrain information is based on detailed elevation data, which provides a clear and precise representation of the landscape.  <\/p>\n<p data-start=\"966\" data-end=\"1116\">The map is printed on Tyvek\u00ae, a durable and water-repellent material that can withstand demanding use in the mountains and is well suited for multi-day trips.<\/p>\n<p data-start=\"1118\" data-end=\"1216\">Calazo F\u00f6rlag is a Swedish publishing house specializing in maps and books for outdoor life in the Nordic region.<\/p>\n<p>Here you can see the area the map covers:<\/p>\n<p><iframe style=\"display: block; width: 100%; max-width: 100%; height: 520px; border: 0;\" src=\"https:\/\/tiles.calazoffice.biz\/kartutsnitt\/#9789189371002\" allowfullscreen=\"allowfullscreen\"><\/iframe><\/p>\n<p>The map is released in 2021.<\/p>\n","protected":false},"excerpt":{"rendered":"<p>Mountain map of Storlien, Sylarna, Helags and Ramundberget at a scale of 1:50,000. Durable hiking map from Calazo, suitable for longer hikes in J\u00e4mtland and H\u00e4rjedalen. <\/p>\n","protected":false},"featured_media":8403,"comment_status":"open","ping_status":"closed","template":"","meta":{"_uag_custom_page_level_css":""},"product_brand":[1377],"product_cat":[1173],"product_tag":[],"class_list":{"0":"post-50047","1":"product","2":"type-product","3":"status-publish","4":"has-post-thumbnail","6":"product_brand-calazo","7":"product_cat-hiking-maps-sweden","8":"product_shipping_class-postkasse","9":"pa_fylke-trondelag","10":"pa_produsent-calazo","12":"first","13":"instock","14":"taxable","15":"shipping-taxable","16":"purchasable","17":"product-type-simple"},"composite_virtual":false,"composite_layout":"","composite_add_to_cart_form_location":"","composite_editable_in_cart":false,"composite_sold_individually_context":"","composite_shop_price_calc":"","composite_components":[],"composite_scenarios":[],"acf":[],"yoast_head":"<!-- This site is optimized with the Yoast SEO Premium plugin v27.4 (Yoast SEO v27.4) - https:\/\/yoast.com\/product\/yoast-seo-premium-wordpress\/ -->\n<title>Storlien Sylarna Helags Ramundberget 1:50 000 | Turkart Sweden | Calazo<\/title>\n<meta name=\"description\" content=\"Detailed mountain map of Storlien, Sylarna, Helags and Ramundberget in J\u00e4mtland and H\u00e4rjedalen. The map is at a scale of 1:50,000 and printed on durable Tyvek\u00ae, suitable for longer mountain hikes.\" \/>\n<meta name=\"robots\" content=\"index, follow, max-snippet:-1, max-image-preview:large, max-video-preview:-1\" \/>\n<link rel=\"canonical\" href=\"https:\/\/kart.no\/en\/produkt\/storlien-sylarna-helags-ramundberget-150-000\/\" \/>\n<meta property=\"og:locale\" content=\"en_US\" \/>\n<meta property=\"og:type\" content=\"article\" \/>\n<meta property=\"og:title\" content=\"Storlien Sylarna Helags Ramundberget 1:50.000\" \/>\n<meta property=\"og:description\" content=\"Detailed mountain map of Storlien, Sylarna, Helags and Ramundberget in J\u00e4mtland and H\u00e4rjedalen. The map is at a scale of 1:50,000 and printed on durable Tyvek\u00ae, suitable for longer mountain hikes.\" \/>\n<meta property=\"og:url\" content=\"https:\/\/kart.no\/en\/produkt\/storlien-sylarna-helags-ramundberget-150-000\/\" \/>\n<meta property=\"og:site_name\" content=\"Kart.no\" \/>\n<meta property=\"article:publisher\" content=\"https:\/\/www.facebook.com\/kart.no\" \/>\n<meta property=\"og:image\" content=\"https:\/\/kart.no\/wp-content\/uploads\/2024\/03\/Storlien_Sylarna_Helags__1-50_00.jpg\" \/>\n\t<meta property=\"og:image:width\" content=\"850\" \/>\n\t<meta property=\"og:image:height\" content=\"850\" \/>\n\t<meta property=\"og:image:type\" content=\"image\/jpeg\" \/>\n<meta name=\"twitter:card\" content=\"summary_large_image\" \/>\n<meta name=\"twitter:label1\" content=\"Est. reading time\" \/>\n\t<meta name=\"twitter:data1\" content=\"1 minute\" \/>\n<script type=\"application\/ld+json\" class=\"yoast-schema-graph\">{\"@context\":\"https:\\\/\\\/schema.org\",\"@graph\":[{\"@type\":\"WebPage\",\"@id\":\"https:\\\/\\\/kart.no\\\/en\\\/produkt\\\/storlien-sylarna-helags-ramundberget-150-000\\\/\",\"url\":\"https:\\\/\\\/kart.no\\\/en\\\/produkt\\\/storlien-sylarna-helags-ramundberget-150-000\\\/\",\"name\":\"Storlien Sylarna Helags Ramundberget 1:50 000 | Turkart Sweden | Calazo\",\"isPartOf\":{\"@id\":\"https:\\\/\\\/kart.no\\\/en\\\/#website\"},\"primaryImageOfPage\":{\"@id\":\"https:\\\/\\\/kart.no\\\/en\\\/produkt\\\/storlien-sylarna-helags-ramundberget-150-000\\\/#primaryimage\"},\"image\":{\"@id\":\"https:\\\/\\\/kart.no\\\/en\\\/produkt\\\/storlien-sylarna-helags-ramundberget-150-000\\\/#primaryimage\"},\"thumbnailUrl\":\"https:\\\/\\\/kart.no\\\/wp-content\\\/uploads\\\/2024\\\/03\\\/Storlien_Sylarna_Helags__1-50_00.jpg\",\"datePublished\":\"2024-03-11T00:08:45+00:00\",\"description\":\"Detailed mountain map of Storlien, Sylarna, Helags and Ramundberget in J\u00e4mtland and H\u00e4rjedalen. The map is at a scale of 1:50,000 and printed on durable Tyvek\u00ae, suitable for longer mountain hikes.\",\"breadcrumb\":{\"@id\":\"https:\\\/\\\/kart.no\\\/en\\\/produkt\\\/storlien-sylarna-helags-ramundberget-150-000\\\/#breadcrumb\"},\"inLanguage\":\"en-US\",\"potentialAction\":[{\"@type\":\"ReadAction\",\"target\":[\"https:\\\/\\\/kart.no\\\/en\\\/produkt\\\/storlien-sylarna-helags-ramundberget-150-000\\\/\"]}]},{\"@type\":\"ImageObject\",\"inLanguage\":\"en-US\",\"@id\":\"https:\\\/\\\/kart.no\\\/en\\\/produkt\\\/storlien-sylarna-helags-ramundberget-150-000\\\/#primaryimage\",\"url\":\"https:\\\/\\\/kart.no\\\/wp-content\\\/uploads\\\/2024\\\/03\\\/Storlien_Sylarna_Helags__1-50_00.jpg\",\"contentUrl\":\"https:\\\/\\\/kart.no\\\/wp-content\\\/uploads\\\/2024\\\/03\\\/Storlien_Sylarna_Helags__1-50_00.jpg\",\"width\":850,\"height\":850},{\"@type\":\"BreadcrumbList\",\"@id\":\"https:\\\/\\\/kart.no\\\/en\\\/produkt\\\/storlien-sylarna-helags-ramundberget-150-000\\\/#breadcrumb\",\"itemListElement\":[{\"@type\":\"ListItem\",\"position\":1,\"name\":\"Hjem\",\"item\":\"https:\\\/\\\/kart.no\\\/en\\\/\"},{\"@type\":\"ListItem\",\"position\":2,\"name\":\"Shop\",\"item\":\"https:\\\/\\\/kart.no\\\/en\\\/shop\\\/\"},{\"@type\":\"ListItem\",\"position\":3,\"name\":\"Outdoor &amp; Hiking\",\"item\":\"https:\\\/\\\/kart.no\\\/en\\\/product-category\\\/outdoor-hiking\\\/\"},{\"@type\":\"ListItem\",\"position\":4,\"name\":\"Hiking Maps\",\"item\":\"https:\\\/\\\/kart.no\\\/en\\\/product-category\\\/outdoor-hiking\\\/hiking-maps\\\/\"},{\"@type\":\"ListItem\",\"position\":5,\"name\":\"Hiking Maps \u2013 Sweden\",\"item\":\"https:\\\/\\\/kart.no\\\/en\\\/product-category\\\/outdoor-hiking\\\/hiking-maps\\\/hiking-maps-sweden\\\/\"},{\"@type\":\"ListItem\",\"position\":6,\"name\":\"Storlien Sylarna Helags Ramundberget 1:50.000\"}]},{\"@type\":\"WebSite\",\"@id\":\"https:\\\/\\\/kart.no\\\/en\\\/#website\",\"url\":\"https:\\\/\\\/kart.no\\\/en\\\/\",\"name\":\"Kart.no\",\"description\":\"Nordic expertise in maps and navigation\",\"publisher\":{\"@id\":\"https:\\\/\\\/kart.no\\\/en\\\/#organization\"},\"potentialAction\":[{\"@type\":\"SearchAction\",\"target\":{\"@type\":\"EntryPoint\",\"urlTemplate\":\"https:\\\/\\\/kart.no\\\/en\\\/?s={search_term_string}\"},\"query-input\":{\"@type\":\"PropertyValueSpecification\",\"valueRequired\":true,\"valueName\":\"search_term_string\"}}],\"inLanguage\":\"en-US\"},{\"@type\":\"Organization\",\"@id\":\"https:\\\/\\\/kart.no\\\/en\\\/#organization\",\"name\":\"Kart.no\",\"url\":\"https:\\\/\\\/kart.no\\\/en\\\/\",\"logo\":{\"@type\":\"ImageObject\",\"inLanguage\":\"en-US\",\"@id\":\"https:\\\/\\\/kart.no\\\/en\\\/#\\\/schema\\\/logo\\\/image\\\/\",\"url\":\"https:\\\/\\\/kart.no\\\/wp-content\\\/uploads\\\/2023\\\/10\\\/kart.no-logo.png\",\"contentUrl\":\"https:\\\/\\\/kart.no\\\/wp-content\\\/uploads\\\/2023\\\/10\\\/kart.no-logo.png\",\"width\":784,\"height\":312,\"caption\":\"Kart.no\"},\"image\":{\"@id\":\"https:\\\/\\\/kart.no\\\/en\\\/#\\\/schema\\\/logo\\\/image\\\/\"},\"sameAs\":[\"https:\\\/\\\/www.facebook.com\\\/kart.no\",\"https:\\\/\\\/www.instagram.com\\\/_kart.no\\\/\"]}]}<\/script>\n<!-- \/ Yoast SEO Premium plugin. -->","yoast_head_json":{"title":"Storlien Sylarna Helags Ramundberget 1:50 000 | Turkart Sweden | Calazo","description":"Detailed mountain map of Storlien, Sylarna, Helags and Ramundberget in J\u00e4mtland and H\u00e4rjedalen. The map is at a scale of 1:50,000 and printed on durable Tyvek\u00ae, suitable for longer mountain hikes.","robots":{"index":"index","follow":"follow","max-snippet":"max-snippet:-1","max-image-preview":"max-image-preview:large","max-video-preview":"max-video-preview:-1"},"canonical":"https:\/\/kart.no\/en\/produkt\/storlien-sylarna-helags-ramundberget-150-000\/","og_locale":"en_US","og_type":"article","og_title":"Storlien Sylarna Helags Ramundberget 1:50.000","og_description":"Detailed mountain map of Storlien, Sylarna, Helags and Ramundberget in J\u00e4mtland and H\u00e4rjedalen. The map is at a scale of 1:50,000 and printed on durable Tyvek\u00ae, suitable for longer mountain hikes.","og_url":"https:\/\/kart.no\/en\/produkt\/storlien-sylarna-helags-ramundberget-150-000\/","og_site_name":"Kart.no","article_publisher":"https:\/\/www.facebook.com\/kart.no","og_image":[{"width":850,"height":850,"url":"https:\/\/kart.no\/wp-content\/uploads\/2024\/03\/Storlien_Sylarna_Helags__1-50_00.jpg","type":"image\/jpeg"}],"twitter_card":"summary_large_image","twitter_misc":{"Est. reading time":"1 minute"},"schema":{"@context":"https:\/\/schema.org","@graph":[{"@type":"WebPage","@id":"https:\/\/kart.no\/en\/produkt\/storlien-sylarna-helags-ramundberget-150-000\/","url":"https:\/\/kart.no\/en\/produkt\/storlien-sylarna-helags-ramundberget-150-000\/","name":"Storlien Sylarna Helags Ramundberget 1:50 000 | Turkart Sweden | Calazo","isPartOf":{"@id":"https:\/\/kart.no\/en\/#website"},"primaryImageOfPage":{"@id":"https:\/\/kart.no\/en\/produkt\/storlien-sylarna-helags-ramundberget-150-000\/#primaryimage"},"image":{"@id":"https:\/\/kart.no\/en\/produkt\/storlien-sylarna-helags-ramundberget-150-000\/#primaryimage"},"thumbnailUrl":"https:\/\/kart.no\/wp-content\/uploads\/2024\/03\/Storlien_Sylarna_Helags__1-50_00.jpg","datePublished":"2024-03-11T00:08:45+00:00","description":"Detailed mountain map of Storlien, Sylarna, Helags and Ramundberget in J\u00e4mtland and H\u00e4rjedalen. The map is at a scale of 1:50,000 and printed on durable Tyvek\u00ae, suitable for longer mountain hikes.","breadcrumb":{"@id":"https:\/\/kart.no\/en\/produkt\/storlien-sylarna-helags-ramundberget-150-000\/#breadcrumb"},"inLanguage":"en-US","potentialAction":[{"@type":"ReadAction","target":["https:\/\/kart.no\/en\/produkt\/storlien-sylarna-helags-ramundberget-150-000\/"]}]},{"@type":"ImageObject","inLanguage":"en-US","@id":"https:\/\/kart.no\/en\/produkt\/storlien-sylarna-helags-ramundberget-150-000\/#primaryimage","url":"https:\/\/kart.no\/wp-content\/uploads\/2024\/03\/Storlien_Sylarna_Helags__1-50_00.jpg","contentUrl":"https:\/\/kart.no\/wp-content\/uploads\/2024\/03\/Storlien_Sylarna_Helags__1-50_00.jpg","width":850,"height":850},{"@type":"BreadcrumbList","@id":"https:\/\/kart.no\/en\/produkt\/storlien-sylarna-helags-ramundberget-150-000\/#breadcrumb","itemListElement":[{"@type":"ListItem","position":1,"name":"Hjem","item":"https:\/\/kart.no\/en\/"},{"@type":"ListItem","position":2,"name":"Shop","item":"https:\/\/kart.no\/en\/shop\/"},{"@type":"ListItem","position":3,"name":"Outdoor &amp; Hiking","item":"https:\/\/kart.no\/en\/product-category\/outdoor-hiking\/"},{"@type":"ListItem","position":4,"name":"Hiking Maps","item":"https:\/\/kart.no\/en\/product-category\/outdoor-hiking\/hiking-maps\/"},{"@type":"ListItem","position":5,"name":"Hiking Maps \u2013 Sweden","item":"https:\/\/kart.no\/en\/product-category\/outdoor-hiking\/hiking-maps\/hiking-maps-sweden\/"},{"@type":"ListItem","position":6,"name":"Storlien Sylarna Helags Ramundberget 1:50.000"}]},{"@type":"WebSite","@id":"https:\/\/kart.no\/en\/#website","url":"https:\/\/kart.no\/en\/","name":"Kart.no","description":"Nordic expertise in maps and navigation","publisher":{"@id":"https:\/\/kart.no\/en\/#organization"},"potentialAction":[{"@type":"SearchAction","target":{"@type":"EntryPoint","urlTemplate":"https:\/\/kart.no\/en\/?s={search_term_string}"},"query-input":{"@type":"PropertyValueSpecification","valueRequired":true,"valueName":"search_term_string"}}],"inLanguage":"en-US"},{"@type":"Organization","@id":"https:\/\/kart.no\/en\/#organization","name":"Kart.no","url":"https:\/\/kart.no\/en\/","logo":{"@type":"ImageObject","inLanguage":"en-US","@id":"https:\/\/kart.no\/en\/#\/schema\/logo\/image\/","url":"https:\/\/kart.no\/wp-content\/uploads\/2023\/10\/kart.no-logo.png","contentUrl":"https:\/\/kart.no\/wp-content\/uploads\/2023\/10\/kart.no-logo.png","width":784,"height":312,"caption":"Kart.no"},"image":{"@id":"https:\/\/kart.no\/en\/#\/schema\/logo\/image\/"},"sameAs":["https:\/\/www.facebook.com\/kart.no","https:\/\/www.instagram.com\/_kart.no\/"]}]}},"uagb_featured_image_src":{"full":["https:\/\/kart.no\/wp-content\/uploads\/2024\/03\/Storlien_Sylarna_Helags__1-50_00.jpg",850,850,false],"thumbnail":["https:\/\/kart.no\/wp-content\/uploads\/2024\/03\/Storlien_Sylarna_Helags__1-50_00-150x150.jpg",150,150,true],"medium":["https:\/\/kart.no\/wp-content\/uploads\/2024\/03\/Storlien_Sylarna_Helags__1-50_00-300x300.jpg",300,300,true],"medium_large":["https:\/\/kart.no\/wp-content\/uploads\/2024\/03\/Storlien_Sylarna_Helags__1-50_00-768x768.jpg",768,768,true],"large":["https:\/\/kart.no\/wp-content\/uploads\/2024\/03\/Storlien_Sylarna_Helags__1-50_00.jpg",850,850,false],"1536x1536":["https:\/\/kart.no\/wp-content\/uploads\/2024\/03\/Storlien_Sylarna_Helags__1-50_00.jpg",850,850,false],"2048x2048":["https:\/\/kart.no\/wp-content\/uploads\/2024\/03\/Storlien_Sylarna_Helags__1-50_00.jpg",850,850,false],"woocommerce_thumbnail":["https:\/\/kart.no\/wp-content\/uploads\/2024\/03\/Storlien_Sylarna_Helags__1-50_00-300x300.jpg",300,300,true],"woocommerce_single":["https:\/\/kart.no\/wp-content\/uploads\/2024\/03\/Storlien_Sylarna_Helags__1-50_00-600x600.jpg",600,600,true],"woocommerce_gallery_thumbnail":["https:\/\/kart.no\/wp-content\/uploads\/2024\/03\/Storlien_Sylarna_Helags__1-50_00-100x100.jpg",100,100,true],"dgwt-wcas-product-suggestion":["https:\/\/kart.no\/wp-content\/uploads\/2024\/03\/Storlien_Sylarna_Helags__1-50_00-64x64.jpg",64,64,true]},"uagb_author_info":{"display_name":"Steinar Figved","author_link":"https:\/\/kart.no\/en\/author\/"},"uagb_comment_info":0,"uagb_excerpt":"Mountain map of Storlien, Sylarna, Helags and Ramundberget at a scale of 1:50,000. Durable hiking map from Calazo, suitable for longer hikes in J\u00e4mtland and H\u00e4rjedalen.","_links":{"self":[{"href":"https:\/\/kart.no\/en\/wp-json\/wp\/v2\/product\/50047","targetHints":{"allow":["GET"]}}],"collection":[{"href":"https:\/\/kart.no\/en\/wp-json\/wp\/v2\/product"}],"about":[{"href":"https:\/\/kart.no\/en\/wp-json\/wp\/v2\/types\/product"}],"replies":[{"embeddable":true,"href":"https:\/\/kart.no\/en\/wp-json\/wp\/v2\/comments?post=50047"}],"wp:featuredmedia":[{"embeddable":true,"href":"https:\/\/kart.no\/en\/wp-json\/wp\/v2\/media\/8403"}],"wp:attachment":[{"href":"https:\/\/kart.no\/en\/wp-json\/wp\/v2\/media?parent=50047"}],"wp:term":[{"taxonomy":"product_brand","embeddable":true,"href":"https:\/\/kart.no\/en\/wp-json\/wp\/v2\/product_brand?post=50047"},{"taxonomy":"product_cat","embeddable":true,"href":"https:\/\/kart.no\/en\/wp-json\/wp\/v2\/product_cat?post=50047"},{"taxonomy":"product_tag","embeddable":true,"href":"https:\/\/kart.no\/en\/wp-json\/wp\/v2\/product_tag?post=50047"}],"curies":[{"name":"wp","href":"https:\/\/api.w.org\/{rel}","templated":true}]}}