{"id":50337,"date":"2024-03-13T01:36:52","date_gmt":"2024-03-13T00:36:52","guid":{"rendered":"https:\/\/kart.no\/produkt\/lofoten-vesteralen-and-senja-2024\/"},"modified":"2024-03-13T01:36:52","modified_gmt":"2024-03-13T00:36:52","slug":"lofoten-vesteralen-and-senja-2024","status":"publish","type":"product","link":"https:\/\/kart.no\/en\/produkt\/lofoten-vesteralen-and-senja-2024\/","title":{"rendered":"Lofoten, Vester\u00e5len and Senja 2024"},"content":{"rendered":"<p>Lofoten, Vester\u00e5len and Senja CK 6 folded 2024 is a car and tourist map at a scale of 1:410,000 that provides a comprehensive and clear representation of central parts of Troms and Nordland. The map is published in 2024 and covers some of Norway&#8217;s most spectacular coastal and mountain areas. <\/p>\n<p>The map shows the new Norwegian Scenic Routes in a continuous manner, making it particularly suitable for road trips through Lofoten, Vester\u00e5len and Senja. It provides a clear overview of the road network, distances and key destinations in the region. <\/p>\n<p>The map includes city center maps of Bod\u00f8, Narvik, Harstad and Troms\u00f8, providing extra detail in the urban areas. In addition, the map has a section of the mountain map of Lyngsalpene at a scale of 1:100,000, so that it can also be used when continuing on foot where the road ends. <\/p>\n<p>This is a practical and versatile map for both motorists and tourists who want a good overview of Northern Norway&#8217;s most popular destinations.<\/p>\n<p>Cappelen Damm no longer publishes maps and atlases. This product is sold from existing stock, and will be available while stocks last. When the stock is empty, the map will not be printed in a new edition.  <\/p>\n","protected":false},"excerpt":{"rendered":"<p>Car and tourist map of Lofoten, Vester\u00e5len and Senja in 1:410 000. Includes National Tourist Routes and city center maps for Bod\u00f8, Narvik, Harstad and Troms\u00f8. <\/p>\n","protected":false},"featured_media":8606,"comment_status":"open","ping_status":"closed","template":"","meta":{"_uag_custom_page_level_css":""},"product_brand":[1378],"product_cat":[1026],"product_tag":[],"class_list":{"0":"post-50337","1":"product","2":"type-product","3":"status-publish","4":"has-post-thumbnail","6":"product_brand-cappelen-damm","7":"product_cat-norway-hiking-maps","8":"product_shipping_class-postkasse","9":"pa_fylke-nordland","10":"pa_fylke-troms","11":"pa_produsent-cappelen-2","13":"first","14":"instock","15":"taxable","16":"shipping-taxable","17":"purchasable","18":"product-type-simple"},"composite_virtual":false,"composite_layout":"","composite_add_to_cart_form_location":"","composite_editable_in_cart":false,"composite_sold_individually_context":"","composite_shop_price_calc":"","composite_components":[],"composite_scenarios":[],"acf":[],"yoast_head":"<!-- This site is optimized with the Yoast SEO Premium plugin v27.4 (Yoast SEO v27.4) - https:\/\/yoast.com\/product\/yoast-seo-premium-wordpress\/ -->\n<title>Lofoten Vester\u00e5len Senja map 2024 - CK 6 car and tourist map<\/title>\n<meta name=\"description\" content=\"Car and tourist map of Lofoten, Vester\u00e5len and Senja in 1:410 000. Shows National Tourist Routes and city center maps for Bod\u00f8, Narvik, Harstad and Troms\u00f8.\" \/>\n<meta name=\"robots\" content=\"index, follow, max-snippet:-1, max-image-preview:large, max-video-preview:-1\" \/>\n<link rel=\"canonical\" href=\"https:\/\/kart.no\/en\/produkt\/lofoten-vesteralen-and-senja-2024\/\" \/>\n<meta property=\"og:locale\" content=\"en_US\" \/>\n<meta property=\"og:type\" content=\"article\" \/>\n<meta property=\"og:title\" content=\"Lofoten, Vester\u00e5len and Senja 2024\" \/>\n<meta property=\"og:description\" content=\"Car and tourist map of Lofoten, Vester\u00e5len and Senja in 1:410 000. Shows National Tourist Routes and city center maps for Bod\u00f8, Narvik, Harstad and Troms\u00f8.\" \/>\n<meta property=\"og:url\" content=\"https:\/\/kart.no\/en\/produkt\/lofoten-vesteralen-and-senja-2024\/\" \/>\n<meta property=\"og:site_name\" content=\"Kart.no\" \/>\n<meta property=\"article:publisher\" content=\"https:\/\/www.facebook.com\/kart.no\" \/>\n<meta property=\"og:image\" content=\"https:\/\/kart.no\/wp-content\/uploads\/2024\/03\/Lofoten-Vesteralen-og-Senja-CK-6-brettet-2024.jpg\" \/>\n\t<meta property=\"og:image:width\" content=\"801\" \/>\n\t<meta property=\"og:image:height\" content=\"801\" \/>\n\t<meta property=\"og:image:type\" content=\"image\/jpeg\" \/>\n<meta name=\"twitter:card\" content=\"summary_large_image\" \/>\n<meta name=\"twitter:label1\" content=\"Est. reading time\" \/>\n\t<meta name=\"twitter:data1\" content=\"1 minute\" \/>\n<script type=\"application\/ld+json\" class=\"yoast-schema-graph\">{\"@context\":\"https:\\\/\\\/schema.org\",\"@graph\":[{\"@type\":\"WebPage\",\"@id\":\"https:\\\/\\\/kart.no\\\/en\\\/produkt\\\/lofoten-vesteralen-and-senja-2024\\\/\",\"url\":\"https:\\\/\\\/kart.no\\\/en\\\/produkt\\\/lofoten-vesteralen-and-senja-2024\\\/\",\"name\":\"Lofoten Vester\u00e5len Senja map 2024 - CK 6 car and tourist map\",\"isPartOf\":{\"@id\":\"https:\\\/\\\/kart.no\\\/en\\\/#website\"},\"primaryImageOfPage\":{\"@id\":\"https:\\\/\\\/kart.no\\\/en\\\/produkt\\\/lofoten-vesteralen-and-senja-2024\\\/#primaryimage\"},\"image\":{\"@id\":\"https:\\\/\\\/kart.no\\\/en\\\/produkt\\\/lofoten-vesteralen-and-senja-2024\\\/#primaryimage\"},\"thumbnailUrl\":\"https:\\\/\\\/kart.no\\\/wp-content\\\/uploads\\\/2024\\\/03\\\/Lofoten-Vesteralen-og-Senja-CK-6-brettet-2024.jpg\",\"datePublished\":\"2024-03-13T00:36:52+00:00\",\"description\":\"Car and tourist map of Lofoten, Vester\u00e5len and Senja in 1:410 000. Shows National Tourist Routes and city center maps for Bod\u00f8, Narvik, Harstad and Troms\u00f8.\",\"breadcrumb\":{\"@id\":\"https:\\\/\\\/kart.no\\\/en\\\/produkt\\\/lofoten-vesteralen-and-senja-2024\\\/#breadcrumb\"},\"inLanguage\":\"en-US\",\"potentialAction\":[{\"@type\":\"ReadAction\",\"target\":[\"https:\\\/\\\/kart.no\\\/en\\\/produkt\\\/lofoten-vesteralen-and-senja-2024\\\/\"]}]},{\"@type\":\"ImageObject\",\"inLanguage\":\"en-US\",\"@id\":\"https:\\\/\\\/kart.no\\\/en\\\/produkt\\\/lofoten-vesteralen-and-senja-2024\\\/#primaryimage\",\"url\":\"https:\\\/\\\/kart.no\\\/wp-content\\\/uploads\\\/2024\\\/03\\\/Lofoten-Vesteralen-og-Senja-CK-6-brettet-2024.jpg\",\"contentUrl\":\"https:\\\/\\\/kart.no\\\/wp-content\\\/uploads\\\/2024\\\/03\\\/Lofoten-Vesteralen-og-Senja-CK-6-brettet-2024.jpg\",\"width\":801,\"height\":801,\"caption\":\"Front page of Lofoten, Vester\u00e5len and Senja CK 6 folded 2024. Car and tourist map of Nordland and Troms with National Tourist Routes and city center map.\"},{\"@type\":\"BreadcrumbList\",\"@id\":\"https:\\\/\\\/kart.no\\\/en\\\/produkt\\\/lofoten-vesteralen-and-senja-2024\\\/#breadcrumb\",\"itemListElement\":[{\"@type\":\"ListItem\",\"position\":1,\"name\":\"Hjem\",\"item\":\"https:\\\/\\\/kart.no\\\/en\\\/\"},{\"@type\":\"ListItem\",\"position\":2,\"name\":\"Shop\",\"item\":\"https:\\\/\\\/kart.no\\\/en\\\/shop\\\/\"},{\"@type\":\"ListItem\",\"position\":3,\"name\":\"Outdoor &amp; Hiking\",\"item\":\"https:\\\/\\\/kart.no\\\/en\\\/product-category\\\/outdoor-hiking\\\/\"},{\"@type\":\"ListItem\",\"position\":4,\"name\":\"Hiking Maps\",\"item\":\"https:\\\/\\\/kart.no\\\/en\\\/product-category\\\/outdoor-hiking\\\/hiking-maps\\\/\"},{\"@type\":\"ListItem\",\"position\":5,\"name\":\"Hiking Maps \u2013 Norway\",\"item\":\"https:\\\/\\\/kart.no\\\/en\\\/product-category\\\/outdoor-hiking\\\/hiking-maps\\\/norway-hiking-maps\\\/\"},{\"@type\":\"ListItem\",\"position\":6,\"name\":\"Lofoten, Vester\u00e5len and Senja 2024\"}]},{\"@type\":\"WebSite\",\"@id\":\"https:\\\/\\\/kart.no\\\/en\\\/#website\",\"url\":\"https:\\\/\\\/kart.no\\\/en\\\/\",\"name\":\"Kart.no\",\"description\":\"Nordic expertise in maps and navigation\",\"publisher\":{\"@id\":\"https:\\\/\\\/kart.no\\\/en\\\/#organization\"},\"potentialAction\":[{\"@type\":\"SearchAction\",\"target\":{\"@type\":\"EntryPoint\",\"urlTemplate\":\"https:\\\/\\\/kart.no\\\/en\\\/?s={search_term_string}\"},\"query-input\":{\"@type\":\"PropertyValueSpecification\",\"valueRequired\":true,\"valueName\":\"search_term_string\"}}],\"inLanguage\":\"en-US\"},{\"@type\":\"Organization\",\"@id\":\"https:\\\/\\\/kart.no\\\/en\\\/#organization\",\"name\":\"Kart.no\",\"url\":\"https:\\\/\\\/kart.no\\\/en\\\/\",\"logo\":{\"@type\":\"ImageObject\",\"inLanguage\":\"en-US\",\"@id\":\"https:\\\/\\\/kart.no\\\/en\\\/#\\\/schema\\\/logo\\\/image\\\/\",\"url\":\"https:\\\/\\\/kart.no\\\/wp-content\\\/uploads\\\/2023\\\/10\\\/kart.no-logo.png\",\"contentUrl\":\"https:\\\/\\\/kart.no\\\/wp-content\\\/uploads\\\/2023\\\/10\\\/kart.no-logo.png\",\"width\":784,\"height\":312,\"caption\":\"Kart.no\"},\"image\":{\"@id\":\"https:\\\/\\\/kart.no\\\/en\\\/#\\\/schema\\\/logo\\\/image\\\/\"},\"sameAs\":[\"https:\\\/\\\/www.facebook.com\\\/kart.no\",\"https:\\\/\\\/www.instagram.com\\\/_kart.no\\\/\"]}]}<\/script>\n<!-- \/ Yoast SEO Premium plugin. -->","yoast_head_json":{"title":"Lofoten Vester\u00e5len Senja map 2024 - CK 6 car and tourist map","description":"Car and tourist map of Lofoten, Vester\u00e5len and Senja in 1:410 000. Shows National Tourist Routes and city center maps for Bod\u00f8, Narvik, Harstad and Troms\u00f8.","robots":{"index":"index","follow":"follow","max-snippet":"max-snippet:-1","max-image-preview":"max-image-preview:large","max-video-preview":"max-video-preview:-1"},"canonical":"https:\/\/kart.no\/en\/produkt\/lofoten-vesteralen-and-senja-2024\/","og_locale":"en_US","og_type":"article","og_title":"Lofoten, Vester\u00e5len and Senja 2024","og_description":"Car and tourist map of Lofoten, Vester\u00e5len and Senja in 1:410 000. Shows National Tourist Routes and city center maps for Bod\u00f8, Narvik, Harstad and Troms\u00f8.","og_url":"https:\/\/kart.no\/en\/produkt\/lofoten-vesteralen-and-senja-2024\/","og_site_name":"Kart.no","article_publisher":"https:\/\/www.facebook.com\/kart.no","og_image":[{"width":801,"height":801,"url":"https:\/\/kart.no\/wp-content\/uploads\/2024\/03\/Lofoten-Vesteralen-og-Senja-CK-6-brettet-2024.jpg","type":"image\/jpeg"}],"twitter_card":"summary_large_image","twitter_misc":{"Est. reading time":"1 minute"},"schema":{"@context":"https:\/\/schema.org","@graph":[{"@type":"WebPage","@id":"https:\/\/kart.no\/en\/produkt\/lofoten-vesteralen-and-senja-2024\/","url":"https:\/\/kart.no\/en\/produkt\/lofoten-vesteralen-and-senja-2024\/","name":"Lofoten Vester\u00e5len Senja map 2024 - CK 6 car and tourist map","isPartOf":{"@id":"https:\/\/kart.no\/en\/#website"},"primaryImageOfPage":{"@id":"https:\/\/kart.no\/en\/produkt\/lofoten-vesteralen-and-senja-2024\/#primaryimage"},"image":{"@id":"https:\/\/kart.no\/en\/produkt\/lofoten-vesteralen-and-senja-2024\/#primaryimage"},"thumbnailUrl":"https:\/\/kart.no\/wp-content\/uploads\/2024\/03\/Lofoten-Vesteralen-og-Senja-CK-6-brettet-2024.jpg","datePublished":"2024-03-13T00:36:52+00:00","description":"Car and tourist map of Lofoten, Vester\u00e5len and Senja in 1:410 000. Shows National Tourist Routes and city center maps for Bod\u00f8, Narvik, Harstad and Troms\u00f8.","breadcrumb":{"@id":"https:\/\/kart.no\/en\/produkt\/lofoten-vesteralen-and-senja-2024\/#breadcrumb"},"inLanguage":"en-US","potentialAction":[{"@type":"ReadAction","target":["https:\/\/kart.no\/en\/produkt\/lofoten-vesteralen-and-senja-2024\/"]}]},{"@type":"ImageObject","inLanguage":"en-US","@id":"https:\/\/kart.no\/en\/produkt\/lofoten-vesteralen-and-senja-2024\/#primaryimage","url":"https:\/\/kart.no\/wp-content\/uploads\/2024\/03\/Lofoten-Vesteralen-og-Senja-CK-6-brettet-2024.jpg","contentUrl":"https:\/\/kart.no\/wp-content\/uploads\/2024\/03\/Lofoten-Vesteralen-og-Senja-CK-6-brettet-2024.jpg","width":801,"height":801,"caption":"Front page of Lofoten, Vester\u00e5len and Senja CK 6 folded 2024. Car and tourist map of Nordland and Troms with National Tourist Routes and city center map."},{"@type":"BreadcrumbList","@id":"https:\/\/kart.no\/en\/produkt\/lofoten-vesteralen-and-senja-2024\/#breadcrumb","itemListElement":[{"@type":"ListItem","position":1,"name":"Hjem","item":"https:\/\/kart.no\/en\/"},{"@type":"ListItem","position":2,"name":"Shop","item":"https:\/\/kart.no\/en\/shop\/"},{"@type":"ListItem","position":3,"name":"Outdoor &amp; Hiking","item":"https:\/\/kart.no\/en\/product-category\/outdoor-hiking\/"},{"@type":"ListItem","position":4,"name":"Hiking Maps","item":"https:\/\/kart.no\/en\/product-category\/outdoor-hiking\/hiking-maps\/"},{"@type":"ListItem","position":5,"name":"Hiking Maps \u2013 Norway","item":"https:\/\/kart.no\/en\/product-category\/outdoor-hiking\/hiking-maps\/norway-hiking-maps\/"},{"@type":"ListItem","position":6,"name":"Lofoten, Vester\u00e5len and Senja 2024"}]},{"@type":"WebSite","@id":"https:\/\/kart.no\/en\/#website","url":"https:\/\/kart.no\/en\/","name":"Kart.no","description":"Nordic expertise in maps and navigation","publisher":{"@id":"https:\/\/kart.no\/en\/#organization"},"potentialAction":[{"@type":"SearchAction","target":{"@type":"EntryPoint","urlTemplate":"https:\/\/kart.no\/en\/?s={search_term_string}"},"query-input":{"@type":"PropertyValueSpecification","valueRequired":true,"valueName":"search_term_string"}}],"inLanguage":"en-US"},{"@type":"Organization","@id":"https:\/\/kart.no\/en\/#organization","name":"Kart.no","url":"https:\/\/kart.no\/en\/","logo":{"@type":"ImageObject","inLanguage":"en-US","@id":"https:\/\/kart.no\/en\/#\/schema\/logo\/image\/","url":"https:\/\/kart.no\/wp-content\/uploads\/2023\/10\/kart.no-logo.png","contentUrl":"https:\/\/kart.no\/wp-content\/uploads\/2023\/10\/kart.no-logo.png","width":784,"height":312,"caption":"Kart.no"},"image":{"@id":"https:\/\/kart.no\/en\/#\/schema\/logo\/image\/"},"sameAs":["https:\/\/www.facebook.com\/kart.no","https:\/\/www.instagram.com\/_kart.no\/"]}]}},"uagb_featured_image_src":{"full":["https:\/\/kart.no\/wp-content\/uploads\/2024\/03\/Lofoten-Vesteralen-og-Senja-CK-6-brettet-2024.jpg",801,801,false],"thumbnail":["https:\/\/kart.no\/wp-content\/uploads\/2024\/03\/Lofoten-Vesteralen-og-Senja-CK-6-brettet-2024-150x150.jpg",150,150,true],"medium":["https:\/\/kart.no\/wp-content\/uploads\/2024\/03\/Lofoten-Vesteralen-og-Senja-CK-6-brettet-2024-300x300.jpg",300,300,true],"medium_large":["https:\/\/kart.no\/wp-content\/uploads\/2024\/03\/Lofoten-Vesteralen-og-Senja-CK-6-brettet-2024-768x768.jpg",768,768,true],"large":["https:\/\/kart.no\/wp-content\/uploads\/2024\/03\/Lofoten-Vesteralen-og-Senja-CK-6-brettet-2024.jpg",801,801,false],"1536x1536":["https:\/\/kart.no\/wp-content\/uploads\/2024\/03\/Lofoten-Vesteralen-og-Senja-CK-6-brettet-2024.jpg",801,801,false],"2048x2048":["https:\/\/kart.no\/wp-content\/uploads\/2024\/03\/Lofoten-Vesteralen-og-Senja-CK-6-brettet-2024.jpg",801,801,false],"woocommerce_thumbnail":["https:\/\/kart.no\/wp-content\/uploads\/2024\/03\/Lofoten-Vesteralen-og-Senja-CK-6-brettet-2024-300x300.jpg",300,300,true],"woocommerce_single":["https:\/\/kart.no\/wp-content\/uploads\/2024\/03\/Lofoten-Vesteralen-og-Senja-CK-6-brettet-2024-600x600.jpg",600,600,true],"woocommerce_gallery_thumbnail":["https:\/\/kart.no\/wp-content\/uploads\/2024\/03\/Lofoten-Vesteralen-og-Senja-CK-6-brettet-2024-100x100.jpg",100,100,true],"dgwt-wcas-product-suggestion":["https:\/\/kart.no\/wp-content\/uploads\/2024\/03\/Lofoten-Vesteralen-og-Senja-CK-6-brettet-2024-64x64.jpg",64,64,true]},"uagb_author_info":{"display_name":"Steinar Figved","author_link":"https:\/\/kart.no\/en\/author\/"},"uagb_comment_info":0,"uagb_excerpt":"Car and tourist map of Lofoten, Vester\u00e5len and Senja in 1:410 000. Includes National Tourist Routes and city center maps for Bod\u00f8, Narvik, Harstad and Troms\u00f8.","_links":{"self":[{"href":"https:\/\/kart.no\/en\/wp-json\/wp\/v2\/product\/50337","targetHints":{"allow":["GET"]}}],"collection":[{"href":"https:\/\/kart.no\/en\/wp-json\/wp\/v2\/product"}],"about":[{"href":"https:\/\/kart.no\/en\/wp-json\/wp\/v2\/types\/product"}],"replies":[{"embeddable":true,"href":"https:\/\/kart.no\/en\/wp-json\/wp\/v2\/comments?post=50337"}],"wp:featuredmedia":[{"embeddable":true,"href":"https:\/\/kart.no\/en\/wp-json\/wp\/v2\/media\/8606"}],"wp:attachment":[{"href":"https:\/\/kart.no\/en\/wp-json\/wp\/v2\/media?parent=50337"}],"wp:term":[{"taxonomy":"product_brand","embeddable":true,"href":"https:\/\/kart.no\/en\/wp-json\/wp\/v2\/product_brand?post=50337"},{"taxonomy":"product_cat","embeddable":true,"href":"https:\/\/kart.no\/en\/wp-json\/wp\/v2\/product_cat?post=50337"},{"taxonomy":"product_tag","embeddable":true,"href":"https:\/\/kart.no\/en\/wp-json\/wp\/v2\/product_tag?post=50337"}],"curies":[{"name":"wp","href":"https:\/\/api.w.org\/{rel}","templated":true}]}}