{"id":50353,"date":"2024-03-13T01:36:53","date_gmt":"2024-03-13T00:36:53","guid":{"rendered":"https:\/\/kart.no\/produkt\/tromso-and-lyngen-mountain-map\/"},"modified":"2024-03-13T01:36:53","modified_gmt":"2024-03-13T00:36:53","slug":"tromso-and-lyngen-mountain-map","status":"publish","type":"product","link":"https:\/\/kart.no\/en\/produkt\/tromso-and-lyngen-mountain-map\/","title":{"rendered":"Troms\u00f8 and Lyngen mountain map"},"content":{"rendered":"<p>Troms\u00f8 and Lyngen &#8211; mountain map (part 42 in the series Cappelens kart) is a detailed mountain map published in 2010. The map is folded and printed on weatherproof paper with high durability and good rain tolerance, developed for use in northern Norwegian mountain terrain. <\/p>\n<p>The map covers the area around Troms\u00f8 at a scale of 1:50,000, and the rest of Lyngsalpene and parts of Kval\u00f8ya and Ringvass\u00f8ya at a scale of 1:100,000. This provides both a detailed close-up map and a broad overview of a larger mountain area &#8211; two maps in one. <\/p>\n<p>The map has clear mountain shading that makes it easier to visualize the terrain. It shows marked trails, groomed winter trails and prepared ski trails, as well as winter and summer parking lots. Information about trails and cabins is updated in collaboration with DNT and local municipalities.  <\/p>\n<p>This is a versatile map for both hiking and skiing in the Troms\u00f8 and Lyngsalpene area.<\/p>\n<p>Cappelen Damm no longer publishes maps and atlases. This product is sold from existing stock, and will be available while stocks last. When the stock is empty, the map will not be printed in a new edition.  <\/p>\n","protected":false},"excerpt":{"rendered":"<p>Mountain map of Troms\u00f8 and Lyngsalpene with trails and winter trails. Two scales: 1:50 000 and 1:100 000. Printed on weatherproof paper.  <\/p>\n","protected":false},"featured_media":8630,"comment_status":"open","ping_status":"closed","template":"","meta":{"_uag_custom_page_level_css":""},"product_brand":[1378],"product_cat":[1026],"product_tag":[],"class_list":{"0":"post-50353","1":"product","2":"type-product","3":"status-publish","4":"has-post-thumbnail","6":"product_brand-cappelen-damm","7":"product_cat-norway-hiking-maps","8":"product_shipping_class-postkasse","9":"pa_fylke-troms","10":"pa_produsent-cappelen-2","12":"first","13":"instock","14":"taxable","15":"shipping-taxable","16":"purchasable","17":"product-type-simple"},"composite_virtual":false,"composite_layout":"","composite_add_to_cart_form_location":"","composite_editable_in_cart":false,"composite_sold_individually_context":"","composite_shop_price_calc":"","composite_components":[],"composite_scenarios":[],"acf":[],"yoast_head":"<!-- This site is optimized with the Yoast SEO Premium plugin v27.4 (Yoast SEO v27.4) - https:\/\/yoast.com\/product\/yoast-seo-premium-wordpress\/ -->\n<title>Troms\u00f8 and Lyngen mountain map 2010 - 1:50 000 \/ 1:100 000<\/title>\n<meta name=\"description\" content=\"Mountain map of Troms\u00f8 and Lyngsalpene with trails, winter trails and ski trails. Two scales: 1:50 000 and 1:100 000.\" \/>\n<meta name=\"robots\" content=\"index, follow, max-snippet:-1, max-image-preview:large, max-video-preview:-1\" \/>\n<link rel=\"canonical\" href=\"https:\/\/kart.no\/en\/produkt\/tromso-and-lyngen-mountain-map\/\" \/>\n<meta property=\"og:locale\" content=\"en_US\" \/>\n<meta property=\"og:type\" content=\"article\" \/>\n<meta property=\"og:title\" content=\"Troms\u00f8 and Lyngen mountain map\" \/>\n<meta property=\"og:description\" content=\"Mountain map of Troms\u00f8 and Lyngsalpene with trails, winter trails and ski trails. Two scales: 1:50 000 and 1:100 000.\" \/>\n<meta property=\"og:url\" content=\"https:\/\/kart.no\/en\/produkt\/tromso-and-lyngen-mountain-map\/\" \/>\n<meta property=\"og:site_name\" content=\"Kart.no\" \/>\n<meta property=\"article:publisher\" content=\"https:\/\/www.facebook.com\/kart.no\" \/>\n<meta property=\"og:image\" content=\"https:\/\/kart.no\/wp-content\/uploads\/2024\/03\/Tromso-og-Lyngen-fjellkart-CK-42.jpg\" \/>\n\t<meta property=\"og:image:width\" content=\"801\" \/>\n\t<meta property=\"og:image:height\" content=\"801\" \/>\n\t<meta property=\"og:image:type\" content=\"image\/jpeg\" \/>\n<meta name=\"twitter:card\" content=\"summary_large_image\" \/>\n<meta name=\"twitter:label1\" content=\"Est. reading time\" \/>\n\t<meta name=\"twitter:data1\" content=\"1 minute\" \/>\n<script type=\"application\/ld+json\" class=\"yoast-schema-graph\">{\"@context\":\"https:\\\/\\\/schema.org\",\"@graph\":[{\"@type\":\"WebPage\",\"@id\":\"https:\\\/\\\/kart.no\\\/en\\\/produkt\\\/tromso-and-lyngen-mountain-map\\\/\",\"url\":\"https:\\\/\\\/kart.no\\\/en\\\/produkt\\\/tromso-and-lyngen-mountain-map\\\/\",\"name\":\"Troms\u00f8 and Lyngen mountain map 2010 - 1:50 000 \\\/ 1:100 000\",\"isPartOf\":{\"@id\":\"https:\\\/\\\/kart.no\\\/en\\\/#website\"},\"primaryImageOfPage\":{\"@id\":\"https:\\\/\\\/kart.no\\\/en\\\/produkt\\\/tromso-and-lyngen-mountain-map\\\/#primaryimage\"},\"image\":{\"@id\":\"https:\\\/\\\/kart.no\\\/en\\\/produkt\\\/tromso-and-lyngen-mountain-map\\\/#primaryimage\"},\"thumbnailUrl\":\"https:\\\/\\\/kart.no\\\/wp-content\\\/uploads\\\/2024\\\/03\\\/Tromso-og-Lyngen-fjellkart-CK-42.jpg\",\"datePublished\":\"2024-03-13T00:36:53+00:00\",\"description\":\"Mountain map of Troms\u00f8 and Lyngsalpene with trails, winter trails and ski trails. Two scales: 1:50 000 and 1:100 000.\",\"breadcrumb\":{\"@id\":\"https:\\\/\\\/kart.no\\\/en\\\/produkt\\\/tromso-and-lyngen-mountain-map\\\/#breadcrumb\"},\"inLanguage\":\"en-US\",\"potentialAction\":[{\"@type\":\"ReadAction\",\"target\":[\"https:\\\/\\\/kart.no\\\/en\\\/produkt\\\/tromso-and-lyngen-mountain-map\\\/\"]}]},{\"@type\":\"ImageObject\",\"inLanguage\":\"en-US\",\"@id\":\"https:\\\/\\\/kart.no\\\/en\\\/produkt\\\/tromso-and-lyngen-mountain-map\\\/#primaryimage\",\"url\":\"https:\\\/\\\/kart.no\\\/wp-content\\\/uploads\\\/2024\\\/03\\\/Tromso-og-Lyngen-fjellkart-CK-42.jpg\",\"contentUrl\":\"https:\\\/\\\/kart.no\\\/wp-content\\\/uploads\\\/2024\\\/03\\\/Tromso-og-Lyngen-fjellkart-CK-42.jpg\",\"width\":801,\"height\":801,\"caption\":\"Cover of Troms\u00f8 and Lyngen mountain map (part 42) from Cappelen Damm. Mountain map of Troms\u00f8 and the Lyngen Alps with summer and winter routes.\"},{\"@type\":\"BreadcrumbList\",\"@id\":\"https:\\\/\\\/kart.no\\\/en\\\/produkt\\\/tromso-and-lyngen-mountain-map\\\/#breadcrumb\",\"itemListElement\":[{\"@type\":\"ListItem\",\"position\":1,\"name\":\"Hjem\",\"item\":\"https:\\\/\\\/kart.no\\\/en\\\/\"},{\"@type\":\"ListItem\",\"position\":2,\"name\":\"Shop\",\"item\":\"https:\\\/\\\/kart.no\\\/en\\\/shop\\\/\"},{\"@type\":\"ListItem\",\"position\":3,\"name\":\"Outdoor &amp; Hiking\",\"item\":\"https:\\\/\\\/kart.no\\\/en\\\/product-category\\\/outdoor-hiking\\\/\"},{\"@type\":\"ListItem\",\"position\":4,\"name\":\"Hiking Maps\",\"item\":\"https:\\\/\\\/kart.no\\\/en\\\/product-category\\\/outdoor-hiking\\\/hiking-maps\\\/\"},{\"@type\":\"ListItem\",\"position\":5,\"name\":\"Hiking Maps \u2013 Norway\",\"item\":\"https:\\\/\\\/kart.no\\\/en\\\/product-category\\\/outdoor-hiking\\\/hiking-maps\\\/norway-hiking-maps\\\/\"},{\"@type\":\"ListItem\",\"position\":6,\"name\":\"Troms\u00f8 and Lyngen mountain map\"}]},{\"@type\":\"WebSite\",\"@id\":\"https:\\\/\\\/kart.no\\\/en\\\/#website\",\"url\":\"https:\\\/\\\/kart.no\\\/en\\\/\",\"name\":\"Kart.no\",\"description\":\"Nordic expertise in maps and navigation\",\"publisher\":{\"@id\":\"https:\\\/\\\/kart.no\\\/en\\\/#organization\"},\"potentialAction\":[{\"@type\":\"SearchAction\",\"target\":{\"@type\":\"EntryPoint\",\"urlTemplate\":\"https:\\\/\\\/kart.no\\\/en\\\/?s={search_term_string}\"},\"query-input\":{\"@type\":\"PropertyValueSpecification\",\"valueRequired\":true,\"valueName\":\"search_term_string\"}}],\"inLanguage\":\"en-US\"},{\"@type\":\"Organization\",\"@id\":\"https:\\\/\\\/kart.no\\\/en\\\/#organization\",\"name\":\"Kart.no\",\"url\":\"https:\\\/\\\/kart.no\\\/en\\\/\",\"logo\":{\"@type\":\"ImageObject\",\"inLanguage\":\"en-US\",\"@id\":\"https:\\\/\\\/kart.no\\\/en\\\/#\\\/schema\\\/logo\\\/image\\\/\",\"url\":\"https:\\\/\\\/kart.no\\\/wp-content\\\/uploads\\\/2023\\\/10\\\/kart.no-logo.png\",\"contentUrl\":\"https:\\\/\\\/kart.no\\\/wp-content\\\/uploads\\\/2023\\\/10\\\/kart.no-logo.png\",\"width\":784,\"height\":312,\"caption\":\"Kart.no\"},\"image\":{\"@id\":\"https:\\\/\\\/kart.no\\\/en\\\/#\\\/schema\\\/logo\\\/image\\\/\"},\"sameAs\":[\"https:\\\/\\\/www.facebook.com\\\/kart.no\",\"https:\\\/\\\/www.instagram.com\\\/_kart.no\\\/\"]}]}<\/script>\n<!-- \/ Yoast SEO Premium plugin. -->","yoast_head_json":{"title":"Troms\u00f8 and Lyngen mountain map 2010 - 1:50 000 \/ 1:100 000","description":"Mountain map of Troms\u00f8 and Lyngsalpene with trails, winter trails and ski trails. Two scales: 1:50 000 and 1:100 000.","robots":{"index":"index","follow":"follow","max-snippet":"max-snippet:-1","max-image-preview":"max-image-preview:large","max-video-preview":"max-video-preview:-1"},"canonical":"https:\/\/kart.no\/en\/produkt\/tromso-and-lyngen-mountain-map\/","og_locale":"en_US","og_type":"article","og_title":"Troms\u00f8 and Lyngen mountain map","og_description":"Mountain map of Troms\u00f8 and Lyngsalpene with trails, winter trails and ski trails. Two scales: 1:50 000 and 1:100 000.","og_url":"https:\/\/kart.no\/en\/produkt\/tromso-and-lyngen-mountain-map\/","og_site_name":"Kart.no","article_publisher":"https:\/\/www.facebook.com\/kart.no","og_image":[{"width":801,"height":801,"url":"https:\/\/kart.no\/wp-content\/uploads\/2024\/03\/Tromso-og-Lyngen-fjellkart-CK-42.jpg","type":"image\/jpeg"}],"twitter_card":"summary_large_image","twitter_misc":{"Est. reading time":"1 minute"},"schema":{"@context":"https:\/\/schema.org","@graph":[{"@type":"WebPage","@id":"https:\/\/kart.no\/en\/produkt\/tromso-and-lyngen-mountain-map\/","url":"https:\/\/kart.no\/en\/produkt\/tromso-and-lyngen-mountain-map\/","name":"Troms\u00f8 and Lyngen mountain map 2010 - 1:50 000 \/ 1:100 000","isPartOf":{"@id":"https:\/\/kart.no\/en\/#website"},"primaryImageOfPage":{"@id":"https:\/\/kart.no\/en\/produkt\/tromso-and-lyngen-mountain-map\/#primaryimage"},"image":{"@id":"https:\/\/kart.no\/en\/produkt\/tromso-and-lyngen-mountain-map\/#primaryimage"},"thumbnailUrl":"https:\/\/kart.no\/wp-content\/uploads\/2024\/03\/Tromso-og-Lyngen-fjellkart-CK-42.jpg","datePublished":"2024-03-13T00:36:53+00:00","description":"Mountain map of Troms\u00f8 and Lyngsalpene with trails, winter trails and ski trails. Two scales: 1:50 000 and 1:100 000.","breadcrumb":{"@id":"https:\/\/kart.no\/en\/produkt\/tromso-and-lyngen-mountain-map\/#breadcrumb"},"inLanguage":"en-US","potentialAction":[{"@type":"ReadAction","target":["https:\/\/kart.no\/en\/produkt\/tromso-and-lyngen-mountain-map\/"]}]},{"@type":"ImageObject","inLanguage":"en-US","@id":"https:\/\/kart.no\/en\/produkt\/tromso-and-lyngen-mountain-map\/#primaryimage","url":"https:\/\/kart.no\/wp-content\/uploads\/2024\/03\/Tromso-og-Lyngen-fjellkart-CK-42.jpg","contentUrl":"https:\/\/kart.no\/wp-content\/uploads\/2024\/03\/Tromso-og-Lyngen-fjellkart-CK-42.jpg","width":801,"height":801,"caption":"Cover of Troms\u00f8 and Lyngen mountain map (part 42) from Cappelen Damm. Mountain map of Troms\u00f8 and the Lyngen Alps with summer and winter routes."},{"@type":"BreadcrumbList","@id":"https:\/\/kart.no\/en\/produkt\/tromso-and-lyngen-mountain-map\/#breadcrumb","itemListElement":[{"@type":"ListItem","position":1,"name":"Hjem","item":"https:\/\/kart.no\/en\/"},{"@type":"ListItem","position":2,"name":"Shop","item":"https:\/\/kart.no\/en\/shop\/"},{"@type":"ListItem","position":3,"name":"Outdoor &amp; Hiking","item":"https:\/\/kart.no\/en\/product-category\/outdoor-hiking\/"},{"@type":"ListItem","position":4,"name":"Hiking Maps","item":"https:\/\/kart.no\/en\/product-category\/outdoor-hiking\/hiking-maps\/"},{"@type":"ListItem","position":5,"name":"Hiking Maps \u2013 Norway","item":"https:\/\/kart.no\/en\/product-category\/outdoor-hiking\/hiking-maps\/norway-hiking-maps\/"},{"@type":"ListItem","position":6,"name":"Troms\u00f8 and Lyngen mountain map"}]},{"@type":"WebSite","@id":"https:\/\/kart.no\/en\/#website","url":"https:\/\/kart.no\/en\/","name":"Kart.no","description":"Nordic expertise in maps and navigation","publisher":{"@id":"https:\/\/kart.no\/en\/#organization"},"potentialAction":[{"@type":"SearchAction","target":{"@type":"EntryPoint","urlTemplate":"https:\/\/kart.no\/en\/?s={search_term_string}"},"query-input":{"@type":"PropertyValueSpecification","valueRequired":true,"valueName":"search_term_string"}}],"inLanguage":"en-US"},{"@type":"Organization","@id":"https:\/\/kart.no\/en\/#organization","name":"Kart.no","url":"https:\/\/kart.no\/en\/","logo":{"@type":"ImageObject","inLanguage":"en-US","@id":"https:\/\/kart.no\/en\/#\/schema\/logo\/image\/","url":"https:\/\/kart.no\/wp-content\/uploads\/2023\/10\/kart.no-logo.png","contentUrl":"https:\/\/kart.no\/wp-content\/uploads\/2023\/10\/kart.no-logo.png","width":784,"height":312,"caption":"Kart.no"},"image":{"@id":"https:\/\/kart.no\/en\/#\/schema\/logo\/image\/"},"sameAs":["https:\/\/www.facebook.com\/kart.no","https:\/\/www.instagram.com\/_kart.no\/"]}]}},"uagb_featured_image_src":{"full":["https:\/\/kart.no\/wp-content\/uploads\/2024\/03\/Tromso-og-Lyngen-fjellkart-CK-42.jpg",801,801,false],"thumbnail":["https:\/\/kart.no\/wp-content\/uploads\/2024\/03\/Tromso-og-Lyngen-fjellkart-CK-42-150x150.jpg",150,150,true],"medium":["https:\/\/kart.no\/wp-content\/uploads\/2024\/03\/Tromso-og-Lyngen-fjellkart-CK-42-300x300.jpg",300,300,true],"medium_large":["https:\/\/kart.no\/wp-content\/uploads\/2024\/03\/Tromso-og-Lyngen-fjellkart-CK-42-768x768.jpg",768,768,true],"large":["https:\/\/kart.no\/wp-content\/uploads\/2024\/03\/Tromso-og-Lyngen-fjellkart-CK-42.jpg",801,801,false],"1536x1536":["https:\/\/kart.no\/wp-content\/uploads\/2024\/03\/Tromso-og-Lyngen-fjellkart-CK-42.jpg",801,801,false],"2048x2048":["https:\/\/kart.no\/wp-content\/uploads\/2024\/03\/Tromso-og-Lyngen-fjellkart-CK-42.jpg",801,801,false],"woocommerce_thumbnail":["https:\/\/kart.no\/wp-content\/uploads\/2024\/03\/Tromso-og-Lyngen-fjellkart-CK-42-300x300.jpg",300,300,true],"woocommerce_single":["https:\/\/kart.no\/wp-content\/uploads\/2024\/03\/Tromso-og-Lyngen-fjellkart-CK-42-600x600.jpg",600,600,true],"woocommerce_gallery_thumbnail":["https:\/\/kart.no\/wp-content\/uploads\/2024\/03\/Tromso-og-Lyngen-fjellkart-CK-42-100x100.jpg",100,100,true],"dgwt-wcas-product-suggestion":["https:\/\/kart.no\/wp-content\/uploads\/2024\/03\/Tromso-og-Lyngen-fjellkart-CK-42-64x64.jpg",64,64,true]},"uagb_author_info":{"display_name":"Steinar Figved","author_link":"https:\/\/kart.no\/en\/author\/"},"uagb_comment_info":0,"uagb_excerpt":"Mountain map of Troms\u00f8 and Lyngsalpene with trails and winter trails. Two scales: 1:50 000 and 1:100 000. Printed on weatherproof paper.","_links":{"self":[{"href":"https:\/\/kart.no\/en\/wp-json\/wp\/v2\/product\/50353","targetHints":{"allow":["GET"]}}],"collection":[{"href":"https:\/\/kart.no\/en\/wp-json\/wp\/v2\/product"}],"about":[{"href":"https:\/\/kart.no\/en\/wp-json\/wp\/v2\/types\/product"}],"replies":[{"embeddable":true,"href":"https:\/\/kart.no\/en\/wp-json\/wp\/v2\/comments?post=50353"}],"wp:featuredmedia":[{"embeddable":true,"href":"https:\/\/kart.no\/en\/wp-json\/wp\/v2\/media\/8630"}],"wp:attachment":[{"href":"https:\/\/kart.no\/en\/wp-json\/wp\/v2\/media?parent=50353"}],"wp:term":[{"taxonomy":"product_brand","embeddable":true,"href":"https:\/\/kart.no\/en\/wp-json\/wp\/v2\/product_brand?post=50353"},{"taxonomy":"product_cat","embeddable":true,"href":"https:\/\/kart.no\/en\/wp-json\/wp\/v2\/product_cat?post=50353"},{"taxonomy":"product_tag","embeddable":true,"href":"https:\/\/kart.no\/en\/wp-json\/wp\/v2\/product_tag?post=50353"}],"curies":[{"name":"wp","href":"https:\/\/api.w.org\/{rel}","templated":true}]}}