{"id":50369,"date":"2024-03-13T01:36:54","date_gmt":"2024-03-13T00:36:54","guid":{"rendered":"https:\/\/kart.no\/produkt\/oslomarka-winter-touring-map\/"},"modified":"2024-03-13T01:36:54","modified_gmt":"2024-03-13T00:36:54","slug":"oslomarka-winter-touring-map","status":"publish","type":"product","link":"https:\/\/kart.no\/en\/produkt\/oslomarka-winter-touring-map\/","title":{"rendered":"Oslomarka winter touring map"},"content":{"rendered":"<p>Oslomarka &#8211; winter is the second edition of the comprehensive winter hiking map of the forests around Oslo, published in 2014. The map has a scale of 1:50,000 and covers the entire Oslomarka on one map sheet. <\/p>\n<p>The map covers Kjekstadmarka, Vestmarka, B\u00e6rumsmarka, Krokskogen, Nordmarka, Romeriks\u00e5sene, Lillomarka, Gjeller\u00e5sen, \u00d8stmarka and parts of S\u00f8rmarka. This provides a comprehensive and clear presentation of the entire field area for winter use. <\/p>\n<p>The winter edition shows both groomed and ungroomed ski trails, as well as information about restaurants, accommodation and other useful information for hikers and skiers. Public transport is marked so that the map can be used to plan your entire trip &#8211; from your own front door and out into the field. <\/p>\n<p>Unique to this map is that the fairytale forests of Oslomarka are marked. Eventyrskog is a term used by the Norwegian Society for Nature Conservation to describe old-growth forests with a high adventure value and a low degree of technical intervention. More than 100 areas in Oslomarka have been given this designation.  <\/p>\n<p>The map is printed on weatherproof paper with high durability and good rain tolerance. Mountain shading provides a clear understanding of the terrain, and selected blue-marked trails have indicated walking times in hours. The information is updated in collaboration with DNT and Skiforeningen.  <\/p>\n<p>Cappelen Damm no longer publishes maps and atlases. This product is sold from existing stock, and will be available while stocks last. When the stock is empty, the map will not be printed in a new edition.  <\/p>\n","protected":false},"excerpt":{"rendered":"<p>Comprehensive winter hiking map of Oslomarka in 1:50 000. Shows groomed and ungroomed ski trails as well as public transport. <\/p>\n","protected":false},"featured_media":8619,"comment_status":"open","ping_status":"closed","template":"","meta":{"_uag_custom_page_level_css":""},"product_brand":[1378],"product_cat":[1026],"product_tag":[],"class_list":{"0":"post-50369","1":"product","2":"type-product","3":"status-publish","4":"has-post-thumbnail","6":"product_brand-cappelen-damm","7":"product_cat-norway-hiking-maps","8":"product_shipping_class-postkasse","9":"pa_fylke-akershus","10":"pa_fylke-buskerud","11":"pa_fylke-oslo","12":"pa_produsent-cappelen-2","14":"first","15":"outofstock","16":"taxable","17":"shipping-taxable","18":"purchasable","19":"product-type-simple"},"composite_virtual":false,"composite_layout":"","composite_add_to_cart_form_location":"","composite_editable_in_cart":false,"composite_sold_individually_context":"","composite_shop_price_calc":"","composite_components":[],"composite_scenarios":[],"acf":[],"yoast_head":"<!-- This site is optimized with the Yoast SEO Premium plugin v27.4 (Yoast SEO v27.4) - https:\/\/yoast.com\/product\/yoast-seo-premium-wordpress\/ -->\n<title>Oslomarka winter turkart 2014 - 1:50 000<\/title>\n<meta name=\"description\" content=\"Comprehensive winter hiking map of Oslomarka in 1:50 000. Shows ski trails, adventure forests and public transport. Printed on weatherproof paper.\" \/>\n<meta name=\"robots\" content=\"index, follow, max-snippet:-1, max-image-preview:large, max-video-preview:-1\" \/>\n<link rel=\"canonical\" href=\"https:\/\/kart.no\/en\/produkt\/oslomarka-winter-touring-map\/\" \/>\n<meta property=\"og:locale\" content=\"en_US\" \/>\n<meta property=\"og:type\" content=\"article\" \/>\n<meta property=\"og:title\" content=\"Oslomarka winter touring map\" \/>\n<meta property=\"og:description\" content=\"Comprehensive winter hiking map of Oslomarka in 1:50 000. Shows ski trails, adventure forests and public transport. Printed on weatherproof paper.\" \/>\n<meta property=\"og:url\" content=\"https:\/\/kart.no\/en\/produkt\/oslomarka-winter-touring-map\/\" \/>\n<meta property=\"og:site_name\" content=\"Kart.no\" \/>\n<meta property=\"article:publisher\" content=\"https:\/\/www.facebook.com\/kart.no\" \/>\n<meta property=\"og:image\" content=\"https:\/\/kart.no\/wp-content\/uploads\/2024\/03\/Oslomarka-vinter-turkart-CK-40.jpg\" \/>\n\t<meta property=\"og:image:width\" content=\"801\" \/>\n\t<meta property=\"og:image:height\" content=\"801\" \/>\n\t<meta property=\"og:image:type\" content=\"image\/jpeg\" \/>\n<meta name=\"twitter:card\" content=\"summary_large_image\" \/>\n<meta name=\"twitter:label1\" content=\"Est. reading time\" \/>\n\t<meta name=\"twitter:data1\" content=\"1 minute\" \/>\n<script type=\"application\/ld+json\" class=\"yoast-schema-graph\">{\"@context\":\"https:\\\/\\\/schema.org\",\"@graph\":[{\"@type\":\"WebPage\",\"@id\":\"https:\\\/\\\/kart.no\\\/en\\\/produkt\\\/oslomarka-winter-touring-map\\\/\",\"url\":\"https:\\\/\\\/kart.no\\\/en\\\/produkt\\\/oslomarka-winter-touring-map\\\/\",\"name\":\"Oslomarka winter turkart 2014 - 1:50 000\",\"isPartOf\":{\"@id\":\"https:\\\/\\\/kart.no\\\/en\\\/#website\"},\"primaryImageOfPage\":{\"@id\":\"https:\\\/\\\/kart.no\\\/en\\\/produkt\\\/oslomarka-winter-touring-map\\\/#primaryimage\"},\"image\":{\"@id\":\"https:\\\/\\\/kart.no\\\/en\\\/produkt\\\/oslomarka-winter-touring-map\\\/#primaryimage\"},\"thumbnailUrl\":\"https:\\\/\\\/kart.no\\\/wp-content\\\/uploads\\\/2024\\\/03\\\/Oslomarka-vinter-turkart-CK-40.jpg\",\"datePublished\":\"2024-03-13T00:36:54+00:00\",\"description\":\"Comprehensive winter hiking map of Oslomarka in 1:50 000. Shows ski trails, adventure forests and public transport. Printed on weatherproof paper.\",\"breadcrumb\":{\"@id\":\"https:\\\/\\\/kart.no\\\/en\\\/produkt\\\/oslomarka-winter-touring-map\\\/#breadcrumb\"},\"inLanguage\":\"en-US\",\"potentialAction\":[{\"@type\":\"ReadAction\",\"target\":[\"https:\\\/\\\/kart.no\\\/en\\\/produkt\\\/oslomarka-winter-touring-map\\\/\"]}]},{\"@type\":\"ImageObject\",\"inLanguage\":\"en-US\",\"@id\":\"https:\\\/\\\/kart.no\\\/en\\\/produkt\\\/oslomarka-winter-touring-map\\\/#primaryimage\",\"url\":\"https:\\\/\\\/kart.no\\\/wp-content\\\/uploads\\\/2024\\\/03\\\/Oslomarka-vinter-turkart-CK-40.jpg\",\"contentUrl\":\"https:\\\/\\\/kart.no\\\/wp-content\\\/uploads\\\/2024\\\/03\\\/Oslomarka-vinter-turkart-CK-40.jpg\",\"width\":801,\"height\":801,\"caption\":\"Cover of Oslomarka winter hiking map 2014 from Cappelen Damm. Full-coverage ski map of the forests around Oslo at a scale of 1:50,000.\"},{\"@type\":\"BreadcrumbList\",\"@id\":\"https:\\\/\\\/kart.no\\\/en\\\/produkt\\\/oslomarka-winter-touring-map\\\/#breadcrumb\",\"itemListElement\":[{\"@type\":\"ListItem\",\"position\":1,\"name\":\"Hjem\",\"item\":\"https:\\\/\\\/kart.no\\\/en\\\/\"},{\"@type\":\"ListItem\",\"position\":2,\"name\":\"Shop\",\"item\":\"https:\\\/\\\/kart.no\\\/en\\\/shop\\\/\"},{\"@type\":\"ListItem\",\"position\":3,\"name\":\"Outdoor &amp; Hiking\",\"item\":\"https:\\\/\\\/kart.no\\\/en\\\/product-category\\\/outdoor-hiking\\\/\"},{\"@type\":\"ListItem\",\"position\":4,\"name\":\"Hiking Maps\",\"item\":\"https:\\\/\\\/kart.no\\\/en\\\/product-category\\\/outdoor-hiking\\\/hiking-maps\\\/\"},{\"@type\":\"ListItem\",\"position\":5,\"name\":\"Hiking Maps \u2013 Norway\",\"item\":\"https:\\\/\\\/kart.no\\\/en\\\/product-category\\\/outdoor-hiking\\\/hiking-maps\\\/norway-hiking-maps\\\/\"},{\"@type\":\"ListItem\",\"position\":6,\"name\":\"Oslomarka winter touring map\"}]},{\"@type\":\"WebSite\",\"@id\":\"https:\\\/\\\/kart.no\\\/en\\\/#website\",\"url\":\"https:\\\/\\\/kart.no\\\/en\\\/\",\"name\":\"Kart.no\",\"description\":\"Nordic expertise in maps and navigation\",\"publisher\":{\"@id\":\"https:\\\/\\\/kart.no\\\/en\\\/#organization\"},\"potentialAction\":[{\"@type\":\"SearchAction\",\"target\":{\"@type\":\"EntryPoint\",\"urlTemplate\":\"https:\\\/\\\/kart.no\\\/en\\\/?s={search_term_string}\"},\"query-input\":{\"@type\":\"PropertyValueSpecification\",\"valueRequired\":true,\"valueName\":\"search_term_string\"}}],\"inLanguage\":\"en-US\"},{\"@type\":\"Organization\",\"@id\":\"https:\\\/\\\/kart.no\\\/en\\\/#organization\",\"name\":\"Kart.no\",\"url\":\"https:\\\/\\\/kart.no\\\/en\\\/\",\"logo\":{\"@type\":\"ImageObject\",\"inLanguage\":\"en-US\",\"@id\":\"https:\\\/\\\/kart.no\\\/en\\\/#\\\/schema\\\/logo\\\/image\\\/\",\"url\":\"https:\\\/\\\/kart.no\\\/wp-content\\\/uploads\\\/2023\\\/10\\\/kart.no-logo.png\",\"contentUrl\":\"https:\\\/\\\/kart.no\\\/wp-content\\\/uploads\\\/2023\\\/10\\\/kart.no-logo.png\",\"width\":784,\"height\":312,\"caption\":\"Kart.no\"},\"image\":{\"@id\":\"https:\\\/\\\/kart.no\\\/en\\\/#\\\/schema\\\/logo\\\/image\\\/\"},\"sameAs\":[\"https:\\\/\\\/www.facebook.com\\\/kart.no\",\"https:\\\/\\\/www.instagram.com\\\/_kart.no\\\/\"]}]}<\/script>\n<!-- \/ Yoast SEO Premium plugin. -->","yoast_head_json":{"title":"Oslomarka winter turkart 2014 - 1:50 000","description":"Comprehensive winter hiking map of Oslomarka in 1:50 000. Shows ski trails, adventure forests and public transport. Printed on weatherproof paper.","robots":{"index":"index","follow":"follow","max-snippet":"max-snippet:-1","max-image-preview":"max-image-preview:large","max-video-preview":"max-video-preview:-1"},"canonical":"https:\/\/kart.no\/en\/produkt\/oslomarka-winter-touring-map\/","og_locale":"en_US","og_type":"article","og_title":"Oslomarka winter touring map","og_description":"Comprehensive winter hiking map of Oslomarka in 1:50 000. Shows ski trails, adventure forests and public transport. Printed on weatherproof paper.","og_url":"https:\/\/kart.no\/en\/produkt\/oslomarka-winter-touring-map\/","og_site_name":"Kart.no","article_publisher":"https:\/\/www.facebook.com\/kart.no","og_image":[{"width":801,"height":801,"url":"https:\/\/kart.no\/wp-content\/uploads\/2024\/03\/Oslomarka-vinter-turkart-CK-40.jpg","type":"image\/jpeg"}],"twitter_card":"summary_large_image","twitter_misc":{"Est. reading time":"1 minute"},"schema":{"@context":"https:\/\/schema.org","@graph":[{"@type":"WebPage","@id":"https:\/\/kart.no\/en\/produkt\/oslomarka-winter-touring-map\/","url":"https:\/\/kart.no\/en\/produkt\/oslomarka-winter-touring-map\/","name":"Oslomarka winter turkart 2014 - 1:50 000","isPartOf":{"@id":"https:\/\/kart.no\/en\/#website"},"primaryImageOfPage":{"@id":"https:\/\/kart.no\/en\/produkt\/oslomarka-winter-touring-map\/#primaryimage"},"image":{"@id":"https:\/\/kart.no\/en\/produkt\/oslomarka-winter-touring-map\/#primaryimage"},"thumbnailUrl":"https:\/\/kart.no\/wp-content\/uploads\/2024\/03\/Oslomarka-vinter-turkart-CK-40.jpg","datePublished":"2024-03-13T00:36:54+00:00","description":"Comprehensive winter hiking map of Oslomarka in 1:50 000. Shows ski trails, adventure forests and public transport. Printed on weatherproof paper.","breadcrumb":{"@id":"https:\/\/kart.no\/en\/produkt\/oslomarka-winter-touring-map\/#breadcrumb"},"inLanguage":"en-US","potentialAction":[{"@type":"ReadAction","target":["https:\/\/kart.no\/en\/produkt\/oslomarka-winter-touring-map\/"]}]},{"@type":"ImageObject","inLanguage":"en-US","@id":"https:\/\/kart.no\/en\/produkt\/oslomarka-winter-touring-map\/#primaryimage","url":"https:\/\/kart.no\/wp-content\/uploads\/2024\/03\/Oslomarka-vinter-turkart-CK-40.jpg","contentUrl":"https:\/\/kart.no\/wp-content\/uploads\/2024\/03\/Oslomarka-vinter-turkart-CK-40.jpg","width":801,"height":801,"caption":"Cover of Oslomarka winter hiking map 2014 from Cappelen Damm. Full-coverage ski map of the forests around Oslo at a scale of 1:50,000."},{"@type":"BreadcrumbList","@id":"https:\/\/kart.no\/en\/produkt\/oslomarka-winter-touring-map\/#breadcrumb","itemListElement":[{"@type":"ListItem","position":1,"name":"Hjem","item":"https:\/\/kart.no\/en\/"},{"@type":"ListItem","position":2,"name":"Shop","item":"https:\/\/kart.no\/en\/shop\/"},{"@type":"ListItem","position":3,"name":"Outdoor &amp; Hiking","item":"https:\/\/kart.no\/en\/product-category\/outdoor-hiking\/"},{"@type":"ListItem","position":4,"name":"Hiking Maps","item":"https:\/\/kart.no\/en\/product-category\/outdoor-hiking\/hiking-maps\/"},{"@type":"ListItem","position":5,"name":"Hiking Maps \u2013 Norway","item":"https:\/\/kart.no\/en\/product-category\/outdoor-hiking\/hiking-maps\/norway-hiking-maps\/"},{"@type":"ListItem","position":6,"name":"Oslomarka winter touring map"}]},{"@type":"WebSite","@id":"https:\/\/kart.no\/en\/#website","url":"https:\/\/kart.no\/en\/","name":"Kart.no","description":"Nordic expertise in maps and navigation","publisher":{"@id":"https:\/\/kart.no\/en\/#organization"},"potentialAction":[{"@type":"SearchAction","target":{"@type":"EntryPoint","urlTemplate":"https:\/\/kart.no\/en\/?s={search_term_string}"},"query-input":{"@type":"PropertyValueSpecification","valueRequired":true,"valueName":"search_term_string"}}],"inLanguage":"en-US"},{"@type":"Organization","@id":"https:\/\/kart.no\/en\/#organization","name":"Kart.no","url":"https:\/\/kart.no\/en\/","logo":{"@type":"ImageObject","inLanguage":"en-US","@id":"https:\/\/kart.no\/en\/#\/schema\/logo\/image\/","url":"https:\/\/kart.no\/wp-content\/uploads\/2023\/10\/kart.no-logo.png","contentUrl":"https:\/\/kart.no\/wp-content\/uploads\/2023\/10\/kart.no-logo.png","width":784,"height":312,"caption":"Kart.no"},"image":{"@id":"https:\/\/kart.no\/en\/#\/schema\/logo\/image\/"},"sameAs":["https:\/\/www.facebook.com\/kart.no","https:\/\/www.instagram.com\/_kart.no\/"]}]}},"uagb_featured_image_src":{"full":["https:\/\/kart.no\/wp-content\/uploads\/2024\/03\/Oslomarka-vinter-turkart-CK-40.jpg",801,801,false],"thumbnail":["https:\/\/kart.no\/wp-content\/uploads\/2024\/03\/Oslomarka-vinter-turkart-CK-40-150x150.jpg",150,150,true],"medium":["https:\/\/kart.no\/wp-content\/uploads\/2024\/03\/Oslomarka-vinter-turkart-CK-40-300x300.jpg",300,300,true],"medium_large":["https:\/\/kart.no\/wp-content\/uploads\/2024\/03\/Oslomarka-vinter-turkart-CK-40-768x768.jpg",768,768,true],"large":["https:\/\/kart.no\/wp-content\/uploads\/2024\/03\/Oslomarka-vinter-turkart-CK-40.jpg",801,801,false],"1536x1536":["https:\/\/kart.no\/wp-content\/uploads\/2024\/03\/Oslomarka-vinter-turkart-CK-40.jpg",801,801,false],"2048x2048":["https:\/\/kart.no\/wp-content\/uploads\/2024\/03\/Oslomarka-vinter-turkart-CK-40.jpg",801,801,false],"woocommerce_thumbnail":["https:\/\/kart.no\/wp-content\/uploads\/2024\/03\/Oslomarka-vinter-turkart-CK-40-300x300.jpg",300,300,true],"woocommerce_single":["https:\/\/kart.no\/wp-content\/uploads\/2024\/03\/Oslomarka-vinter-turkart-CK-40-600x600.jpg",600,600,true],"woocommerce_gallery_thumbnail":["https:\/\/kart.no\/wp-content\/uploads\/2024\/03\/Oslomarka-vinter-turkart-CK-40-100x100.jpg",100,100,true],"dgwt-wcas-product-suggestion":["https:\/\/kart.no\/wp-content\/uploads\/2024\/03\/Oslomarka-vinter-turkart-CK-40-64x64.jpg",64,64,true]},"uagb_author_info":{"display_name":"Steinar Figved","author_link":"https:\/\/kart.no\/en\/author\/"},"uagb_comment_info":0,"uagb_excerpt":"Comprehensive winter hiking map of Oslomarka in 1:50 000. Shows groomed and ungroomed ski trails as well as public transport.","_links":{"self":[{"href":"https:\/\/kart.no\/en\/wp-json\/wp\/v2\/product\/50369","targetHints":{"allow":["GET"]}}],"collection":[{"href":"https:\/\/kart.no\/en\/wp-json\/wp\/v2\/product"}],"about":[{"href":"https:\/\/kart.no\/en\/wp-json\/wp\/v2\/types\/product"}],"replies":[{"embeddable":true,"href":"https:\/\/kart.no\/en\/wp-json\/wp\/v2\/comments?post=50369"}],"wp:featuredmedia":[{"embeddable":true,"href":"https:\/\/kart.no\/en\/wp-json\/wp\/v2\/media\/8619"}],"wp:attachment":[{"href":"https:\/\/kart.no\/en\/wp-json\/wp\/v2\/media?parent=50369"}],"wp:term":[{"taxonomy":"product_brand","embeddable":true,"href":"https:\/\/kart.no\/en\/wp-json\/wp\/v2\/product_brand?post=50369"},{"taxonomy":"product_cat","embeddable":true,"href":"https:\/\/kart.no\/en\/wp-json\/wp\/v2\/product_cat?post=50369"},{"taxonomy":"product_tag","embeddable":true,"href":"https:\/\/kart.no\/en\/wp-json\/wp\/v2\/product_tag?post=50369"}],"curies":[{"name":"wp","href":"https:\/\/api.w.org\/{rel}","templated":true}]}}