{"id":50370,"date":"2024-03-13T01:36:53","date_gmt":"2024-03-13T00:36:53","guid":{"rendered":"https:\/\/kart.no\/produkt\/bergen-city-map\/"},"modified":"2024-03-13T01:36:53","modified_gmt":"2024-03-13T00:36:53","slug":"bergen-city-map","status":"publish","type":"product","link":"https:\/\/kart.no\/en\/produkt\/bergen-city-map\/","title":{"rendered":"Bergen city map"},"content":{"rendered":"<p>Bergen city map 2019 from Cappelen Damm Kart is a detailed and updated city map that provides a full overview of Bergen city center and surrounding areas. The map was published in 2019 and is part of the Cappelen Damm city map series (no. 62). <\/p>\n<p>This edition includes the light rail, bus stops and bus route numbers. The map covers urban areas such as Flesland, Lagunen, Nesttun, Paradis and Fyllingsdalen in the south, Ask\u00f8y, Litle Sotra, Loddefjord and Mathopen in the west, and Eidsv\u00e5g and \u00c5sane in the north. The detailed city center section extends from Sandviken in the north to Minde, Land\u00e5s and Krohnsminde in the south.  <\/p>\n<p>All road names are clearly marked and a number of house numbers are included for easy navigation. The map has a comprehensive road name index with over 2300 names. Motorists will find information about one-way streets, toll booths, toll stations, gas stations, roundabouts, parking garages and parking lots.  <\/p>\n<p>Cyclists get an overview of recommended cycle paths, and pedestrians find pedestrian streets, walkways, paths and bus stops. For city tourists, museums, sights, shopping areas, pharmacies, liquor stores, hotels, tourist information, cinemas, theaters and parks are clearly marked. Explanations are provided in Norwegian, English, German and French.  <\/p>\n<p>Cappelen Damm no longer publishes maps and atlases. This product is sold from existing stock, and will be available while stocks last. When the stock is empty, the map will not be printed in a new edition.  <\/p>\n","protected":false},"excerpt":{"rendered":"<p>Detailed city map of Bergen with city center and surrounding areas. Includes road names, house numbers, light rail, cycle paths and sights &#8211; perfect for drivers, cyclists and tourists alike. <\/p>\n","protected":false},"featured_media":8591,"comment_status":"open","ping_status":"closed","template":"","meta":{"_uag_custom_page_level_css":""},"product_brand":[1378],"product_cat":[1026],"product_tag":[],"class_list":{"0":"post-50370","1":"product","2":"type-product","3":"status-publish","4":"has-post-thumbnail","6":"product_brand-cappelen-damm","7":"product_cat-norway-hiking-maps","8":"product_shipping_class-postkasse","9":"pa_fylke-vestland","10":"pa_produsent-cappelen-2","12":"first","13":"instock","14":"taxable","15":"shipping-taxable","16":"purchasable","17":"product-type-simple"},"composite_virtual":false,"composite_layout":"","composite_add_to_cart_form_location":"","composite_editable_in_cart":false,"composite_sold_individually_context":"","composite_shop_price_calc":"","composite_components":[],"composite_scenarios":[],"acf":[],"yoast_head":"<!-- This site is optimized with the Yoast SEO Premium plugin v27.5 (Yoast SEO v27.5) - https:\/\/yoast.com\/product\/yoast-seo-premium-wordpress\/ -->\n<title>Bergen city map 2019 - detailed map from Cappelen Damm<\/title>\n<meta name=\"description\" content=\"Detailed Bergen city map from 2019 with road names, house numbers, light rail, cycle paths and sights. Covers the city center as well as \u00c5sane, Flesland, Ask\u00f8y and surroundings.\" \/>\n<meta name=\"robots\" content=\"index, follow, max-snippet:-1, max-image-preview:large, max-video-preview:-1\" \/>\n<link rel=\"canonical\" href=\"https:\/\/kart.no\/en\/produkt\/bergen-city-map\/\" \/>\n<meta property=\"og:locale\" content=\"en_US\" \/>\n<meta property=\"og:type\" content=\"article\" \/>\n<meta property=\"og:title\" content=\"Bergen city map\" \/>\n<meta property=\"og:description\" content=\"Detailed Bergen city map from 2019 with road names, house numbers, light rail, cycle paths and sights. Covers the city center as well as \u00c5sane, Flesland, Ask\u00f8y and surroundings.\" \/>\n<meta property=\"og:url\" content=\"https:\/\/kart.no\/en\/produkt\/bergen-city-map\/\" \/>\n<meta property=\"og:site_name\" content=\"Kart.no\" \/>\n<meta property=\"article:publisher\" content=\"https:\/\/www.facebook.com\/kart.no\" \/>\n<meta property=\"og:image\" content=\"https:\/\/kart.no\/wp-content\/uploads\/2024\/03\/Bergen-bykart_city-map.jpg\" \/>\n\t<meta property=\"og:image:width\" content=\"801\" \/>\n\t<meta property=\"og:image:height\" content=\"801\" \/>\n\t<meta property=\"og:image:type\" content=\"image\/jpeg\" \/>\n<meta name=\"twitter:card\" content=\"summary_large_image\" \/>\n<meta name=\"twitter:label1\" content=\"Est. reading time\" \/>\n\t<meta name=\"twitter:data1\" content=\"1 minute\" \/>\n<script type=\"application\/ld+json\" class=\"yoast-schema-graph\">{\"@context\":\"https:\\\/\\\/schema.org\",\"@graph\":[{\"@type\":\"WebPage\",\"@id\":\"https:\\\/\\\/kart.no\\\/en\\\/produkt\\\/bergen-city-map\\\/\",\"url\":\"https:\\\/\\\/kart.no\\\/en\\\/produkt\\\/bergen-city-map\\\/\",\"name\":\"Bergen city map 2019 - detailed map from Cappelen Damm\",\"isPartOf\":{\"@id\":\"https:\\\/\\\/kart.no\\\/en\\\/#website\"},\"primaryImageOfPage\":{\"@id\":\"https:\\\/\\\/kart.no\\\/en\\\/produkt\\\/bergen-city-map\\\/#primaryimage\"},\"image\":{\"@id\":\"https:\\\/\\\/kart.no\\\/en\\\/produkt\\\/bergen-city-map\\\/#primaryimage\"},\"thumbnailUrl\":\"https:\\\/\\\/kart.no\\\/wp-content\\\/uploads\\\/2024\\\/03\\\/Bergen-bykart_city-map.jpg\",\"datePublished\":\"2024-03-13T00:36:53+00:00\",\"description\":\"Detailed Bergen city map from 2019 with road names, house numbers, light rail, cycle paths and sights. Covers the city center as well as \u00c5sane, Flesland, Ask\u00f8y and surroundings.\",\"breadcrumb\":{\"@id\":\"https:\\\/\\\/kart.no\\\/en\\\/produkt\\\/bergen-city-map\\\/#breadcrumb\"},\"inLanguage\":\"en-US\",\"potentialAction\":[{\"@type\":\"ReadAction\",\"target\":[\"https:\\\/\\\/kart.no\\\/en\\\/produkt\\\/bergen-city-map\\\/\"]}]},{\"@type\":\"ImageObject\",\"inLanguage\":\"en-US\",\"@id\":\"https:\\\/\\\/kart.no\\\/en\\\/produkt\\\/bergen-city-map\\\/#primaryimage\",\"url\":\"https:\\\/\\\/kart.no\\\/wp-content\\\/uploads\\\/2024\\\/03\\\/Bergen-bykart_city-map.jpg\",\"contentUrl\":\"https:\\\/\\\/kart.no\\\/wp-content\\\/uploads\\\/2024\\\/03\\\/Bergen-bykart_city-map.jpg\",\"width\":801,\"height\":801,\"caption\":\"Cover of Bergen city map 2019 from Cappelen Damm. Detailed city map of Bergen city center and nearby areas such as \u00c5sane, Flesland and Ask\u00f8y.\"},{\"@type\":\"BreadcrumbList\",\"@id\":\"https:\\\/\\\/kart.no\\\/en\\\/produkt\\\/bergen-city-map\\\/#breadcrumb\",\"itemListElement\":[{\"@type\":\"ListItem\",\"position\":1,\"name\":\"Hjem\",\"item\":\"https:\\\/\\\/kart.no\\\/en\\\/\"},{\"@type\":\"ListItem\",\"position\":2,\"name\":\"Shop\",\"item\":\"https:\\\/\\\/kart.no\\\/en\\\/shop\\\/\"},{\"@type\":\"ListItem\",\"position\":3,\"name\":\"Outdoor &amp; Hiking\",\"item\":\"https:\\\/\\\/kart.no\\\/en\\\/product-category\\\/outdoor-hiking\\\/\"},{\"@type\":\"ListItem\",\"position\":4,\"name\":\"Hiking Maps\",\"item\":\"https:\\\/\\\/kart.no\\\/en\\\/product-category\\\/outdoor-hiking\\\/hiking-maps\\\/\"},{\"@type\":\"ListItem\",\"position\":5,\"name\":\"Hiking Maps \u2013 Norway\",\"item\":\"https:\\\/\\\/kart.no\\\/en\\\/product-category\\\/outdoor-hiking\\\/hiking-maps\\\/norway-hiking-maps\\\/\"},{\"@type\":\"ListItem\",\"position\":6,\"name\":\"Bergen city map\"}]},{\"@type\":\"WebSite\",\"@id\":\"https:\\\/\\\/kart.no\\\/en\\\/#website\",\"url\":\"https:\\\/\\\/kart.no\\\/en\\\/\",\"name\":\"Kart.no\",\"description\":\"Nordic expertise in maps and navigation\",\"publisher\":{\"@id\":\"https:\\\/\\\/kart.no\\\/en\\\/#organization\"},\"potentialAction\":[{\"@type\":\"SearchAction\",\"target\":{\"@type\":\"EntryPoint\",\"urlTemplate\":\"https:\\\/\\\/kart.no\\\/en\\\/?s={search_term_string}\"},\"query-input\":{\"@type\":\"PropertyValueSpecification\",\"valueRequired\":true,\"valueName\":\"search_term_string\"}}],\"inLanguage\":\"en-US\"},{\"@type\":\"Organization\",\"@id\":\"https:\\\/\\\/kart.no\\\/en\\\/#organization\",\"name\":\"Kart.no\",\"url\":\"https:\\\/\\\/kart.no\\\/en\\\/\",\"logo\":{\"@type\":\"ImageObject\",\"inLanguage\":\"en-US\",\"@id\":\"https:\\\/\\\/kart.no\\\/en\\\/#\\\/schema\\\/logo\\\/image\\\/\",\"url\":\"https:\\\/\\\/kart.no\\\/wp-content\\\/uploads\\\/2023\\\/10\\\/kart.no-logo.png\",\"contentUrl\":\"https:\\\/\\\/kart.no\\\/wp-content\\\/uploads\\\/2023\\\/10\\\/kart.no-logo.png\",\"width\":784,\"height\":312,\"caption\":\"Kart.no\"},\"image\":{\"@id\":\"https:\\\/\\\/kart.no\\\/en\\\/#\\\/schema\\\/logo\\\/image\\\/\"},\"sameAs\":[\"https:\\\/\\\/www.facebook.com\\\/kart.no\",\"https:\\\/\\\/www.instagram.com\\\/_kart.no\\\/\"]}]}<\/script>\n<!-- \/ Yoast SEO Premium plugin. -->","yoast_head_json":{"title":"Bergen city map 2019 - detailed map from Cappelen Damm","description":"Detailed Bergen city map from 2019 with road names, house numbers, light rail, cycle paths and sights. Covers the city center as well as \u00c5sane, Flesland, Ask\u00f8y and surroundings.","robots":{"index":"index","follow":"follow","max-snippet":"max-snippet:-1","max-image-preview":"max-image-preview:large","max-video-preview":"max-video-preview:-1"},"canonical":"https:\/\/kart.no\/en\/produkt\/bergen-city-map\/","og_locale":"en_US","og_type":"article","og_title":"Bergen city map","og_description":"Detailed Bergen city map from 2019 with road names, house numbers, light rail, cycle paths and sights. Covers the city center as well as \u00c5sane, Flesland, Ask\u00f8y and surroundings.","og_url":"https:\/\/kart.no\/en\/produkt\/bergen-city-map\/","og_site_name":"Kart.no","article_publisher":"https:\/\/www.facebook.com\/kart.no","og_image":[{"width":801,"height":801,"url":"https:\/\/kart.no\/wp-content\/uploads\/2024\/03\/Bergen-bykart_city-map.jpg","type":"image\/jpeg"}],"twitter_card":"summary_large_image","twitter_misc":{"Est. reading time":"1 minute"},"schema":{"@context":"https:\/\/schema.org","@graph":[{"@type":"WebPage","@id":"https:\/\/kart.no\/en\/produkt\/bergen-city-map\/","url":"https:\/\/kart.no\/en\/produkt\/bergen-city-map\/","name":"Bergen city map 2019 - detailed map from Cappelen Damm","isPartOf":{"@id":"https:\/\/kart.no\/en\/#website"},"primaryImageOfPage":{"@id":"https:\/\/kart.no\/en\/produkt\/bergen-city-map\/#primaryimage"},"image":{"@id":"https:\/\/kart.no\/en\/produkt\/bergen-city-map\/#primaryimage"},"thumbnailUrl":"https:\/\/kart.no\/wp-content\/uploads\/2024\/03\/Bergen-bykart_city-map.jpg","datePublished":"2024-03-13T00:36:53+00:00","description":"Detailed Bergen city map from 2019 with road names, house numbers, light rail, cycle paths and sights. Covers the city center as well as \u00c5sane, Flesland, Ask\u00f8y and surroundings.","breadcrumb":{"@id":"https:\/\/kart.no\/en\/produkt\/bergen-city-map\/#breadcrumb"},"inLanguage":"en-US","potentialAction":[{"@type":"ReadAction","target":["https:\/\/kart.no\/en\/produkt\/bergen-city-map\/"]}]},{"@type":"ImageObject","inLanguage":"en-US","@id":"https:\/\/kart.no\/en\/produkt\/bergen-city-map\/#primaryimage","url":"https:\/\/kart.no\/wp-content\/uploads\/2024\/03\/Bergen-bykart_city-map.jpg","contentUrl":"https:\/\/kart.no\/wp-content\/uploads\/2024\/03\/Bergen-bykart_city-map.jpg","width":801,"height":801,"caption":"Cover of Bergen city map 2019 from Cappelen Damm. Detailed city map of Bergen city center and nearby areas such as \u00c5sane, Flesland and Ask\u00f8y."},{"@type":"BreadcrumbList","@id":"https:\/\/kart.no\/en\/produkt\/bergen-city-map\/#breadcrumb","itemListElement":[{"@type":"ListItem","position":1,"name":"Hjem","item":"https:\/\/kart.no\/en\/"},{"@type":"ListItem","position":2,"name":"Shop","item":"https:\/\/kart.no\/en\/shop\/"},{"@type":"ListItem","position":3,"name":"Outdoor &amp; Hiking","item":"https:\/\/kart.no\/en\/product-category\/outdoor-hiking\/"},{"@type":"ListItem","position":4,"name":"Hiking Maps","item":"https:\/\/kart.no\/en\/product-category\/outdoor-hiking\/hiking-maps\/"},{"@type":"ListItem","position":5,"name":"Hiking Maps \u2013 Norway","item":"https:\/\/kart.no\/en\/product-category\/outdoor-hiking\/hiking-maps\/norway-hiking-maps\/"},{"@type":"ListItem","position":6,"name":"Bergen city map"}]},{"@type":"WebSite","@id":"https:\/\/kart.no\/en\/#website","url":"https:\/\/kart.no\/en\/","name":"Kart.no","description":"Nordic expertise in maps and navigation","publisher":{"@id":"https:\/\/kart.no\/en\/#organization"},"potentialAction":[{"@type":"SearchAction","target":{"@type":"EntryPoint","urlTemplate":"https:\/\/kart.no\/en\/?s={search_term_string}"},"query-input":{"@type":"PropertyValueSpecification","valueRequired":true,"valueName":"search_term_string"}}],"inLanguage":"en-US"},{"@type":"Organization","@id":"https:\/\/kart.no\/en\/#organization","name":"Kart.no","url":"https:\/\/kart.no\/en\/","logo":{"@type":"ImageObject","inLanguage":"en-US","@id":"https:\/\/kart.no\/en\/#\/schema\/logo\/image\/","url":"https:\/\/kart.no\/wp-content\/uploads\/2023\/10\/kart.no-logo.png","contentUrl":"https:\/\/kart.no\/wp-content\/uploads\/2023\/10\/kart.no-logo.png","width":784,"height":312,"caption":"Kart.no"},"image":{"@id":"https:\/\/kart.no\/en\/#\/schema\/logo\/image\/"},"sameAs":["https:\/\/www.facebook.com\/kart.no","https:\/\/www.instagram.com\/_kart.no\/"]}]}},"uagb_featured_image_src":{"full":["https:\/\/kart.no\/wp-content\/uploads\/2024\/03\/Bergen-bykart_city-map.jpg",801,801,false],"thumbnail":["https:\/\/kart.no\/wp-content\/uploads\/2024\/03\/Bergen-bykart_city-map-150x150.jpg",150,150,true],"medium":["https:\/\/kart.no\/wp-content\/uploads\/2024\/03\/Bergen-bykart_city-map-300x300.jpg",300,300,true],"medium_large":["https:\/\/kart.no\/wp-content\/uploads\/2024\/03\/Bergen-bykart_city-map-768x768.jpg",768,768,true],"large":["https:\/\/kart.no\/wp-content\/uploads\/2024\/03\/Bergen-bykart_city-map.jpg",801,801,false],"1536x1536":["https:\/\/kart.no\/wp-content\/uploads\/2024\/03\/Bergen-bykart_city-map.jpg",801,801,false],"2048x2048":["https:\/\/kart.no\/wp-content\/uploads\/2024\/03\/Bergen-bykart_city-map.jpg",801,801,false],"woocommerce_thumbnail":["https:\/\/kart.no\/wp-content\/uploads\/2024\/03\/Bergen-bykart_city-map-300x300.jpg",300,300,true],"woocommerce_single":["https:\/\/kart.no\/wp-content\/uploads\/2024\/03\/Bergen-bykart_city-map-600x600.jpg",600,600,true],"woocommerce_gallery_thumbnail":["https:\/\/kart.no\/wp-content\/uploads\/2024\/03\/Bergen-bykart_city-map-100x100.jpg",100,100,true],"dgwt-wcas-product-suggestion":["https:\/\/kart.no\/wp-content\/uploads\/2024\/03\/Bergen-bykart_city-map-64x64.jpg",64,64,true]},"uagb_author_info":{"display_name":"Steinar Figved","author_link":"https:\/\/kart.no\/en\/author\/"},"uagb_comment_info":0,"uagb_excerpt":"Detailed city map of Bergen with city center and surrounding areas. Includes road names, house numbers, light rail, cycle paths and sights - perfect for drivers, cyclists and tourists alike.","_links":{"self":[{"href":"https:\/\/kart.no\/en\/wp-json\/wp\/v2\/product\/50370","targetHints":{"allow":["GET"]}}],"collection":[{"href":"https:\/\/kart.no\/en\/wp-json\/wp\/v2\/product"}],"about":[{"href":"https:\/\/kart.no\/en\/wp-json\/wp\/v2\/types\/product"}],"replies":[{"embeddable":true,"href":"https:\/\/kart.no\/en\/wp-json\/wp\/v2\/comments?post=50370"}],"wp:featuredmedia":[{"embeddable":true,"href":"https:\/\/kart.no\/en\/wp-json\/wp\/v2\/media\/8591"}],"wp:attachment":[{"href":"https:\/\/kart.no\/en\/wp-json\/wp\/v2\/media?parent=50370"}],"wp:term":[{"taxonomy":"product_brand","embeddable":true,"href":"https:\/\/kart.no\/en\/wp-json\/wp\/v2\/product_brand?post=50370"},{"taxonomy":"product_cat","embeddable":true,"href":"https:\/\/kart.no\/en\/wp-json\/wp\/v2\/product_cat?post=50370"},{"taxonomy":"product_tag","embeddable":true,"href":"https:\/\/kart.no\/en\/wp-json\/wp\/v2\/product_tag?post=50370"}],"curies":[{"name":"wp","href":"https:\/\/api.w.org\/{rel}","templated":true}]}}