{"id":50396,"date":"2026-01-26T00:55:49","date_gmt":"2026-01-25T23:55:49","guid":{"rendered":"https:\/\/kart.no\/produkt\/the-road-to-the-boatmaster-test\/"},"modified":"2026-01-26T00:55:49","modified_gmt":"2026-01-25T23:55:49","slug":"the-road-to-the-boatmaster-test","status":"publish","type":"product","link":"https:\/\/kart.no\/en\/produkt\/the-road-to-the-boatmaster-test\/","title":{"rendered":"The road to the boatmaster test"},"content":{"rendered":"<p>Veien til b\u00e5tf\u00f8rerpr\u00f8ven is an educational and clear textbook for those who are about to take the boating test. The book provides a thorough introduction to navigation, seamanship, regulations and safety at sea, with explanations that are easy to understand even for beginners. The content is structured so that it follows the syllabus for the boating test and combines theory with practical examples related to the use of recreational boats. The book is written by Olaf Trysnes and is designed to provide the reader with a solid knowledge base, whether you are studying on your own or in connection with a course.   <\/p>\n","protected":false},"excerpt":{"rendered":"<p>A clear and educational textbook for those who are about to take their boating test.<\/p>\n","protected":false},"featured_media":39015,"comment_status":"open","ping_status":"closed","template":"","meta":{"_uag_custom_page_level_css":""},"product_brand":[1378],"product_cat":[1082],"product_tag":[],"class_list":{"0":"post-50396","1":"product","2":"type-product","3":"status-publish","4":"has-post-thumbnail","6":"product_brand-cappelen-damm","7":"product_cat-navigation-and-seamanship","8":"product_shipping_class-boxship","9":"pa_produsent-cappelen-2","11":"first","12":"instock","13":"taxable","14":"shipping-taxable","15":"purchasable","16":"product-type-simple"},"composite_virtual":false,"composite_layout":"","composite_add_to_cart_form_location":"","composite_editable_in_cart":false,"composite_sold_individually_context":"","composite_shop_price_calc":"","composite_components":[],"composite_scenarios":[],"acf":[],"yoast_head":"<!-- This site is optimized with the Yoast SEO Premium plugin v27.5 (Yoast SEO v27.5) - https:\/\/yoast.com\/product\/yoast-seo-premium-wordpress\/ -->\n<title>The road to the boating test - textbook for the boating test<\/title>\n<meta name=\"description\" content=\"Textbook for the boatmaster test. The road to the boating test covers navigation, seamanship, regulations and safe driving.\" \/>\n<meta name=\"robots\" content=\"index, follow, max-snippet:-1, max-image-preview:large, max-video-preview:-1\" \/>\n<link rel=\"canonical\" href=\"https:\/\/kart.no\/en\/produkt\/the-road-to-the-boatmaster-test\/\" \/>\n<meta property=\"og:locale\" content=\"en_US\" \/>\n<meta property=\"og:type\" content=\"article\" \/>\n<meta property=\"og:title\" content=\"The road to the boatmaster test\" \/>\n<meta property=\"og:description\" content=\"Textbook for the boatmaster test. The road to the boating test covers navigation, seamanship, regulations and safe driving.\" \/>\n<meta property=\"og:url\" content=\"https:\/\/kart.no\/en\/produkt\/the-road-to-the-boatmaster-test\/\" \/>\n<meta property=\"og:site_name\" content=\"Kart.no\" \/>\n<meta property=\"article:publisher\" content=\"https:\/\/www.facebook.com\/kart.no\" \/>\n<meta property=\"og:image\" content=\"https:\/\/kart.no\/wp-content\/uploads\/2026\/01\/veien-til-batforerproven-square.jpg\" \/>\n\t<meta property=\"og:image:width\" content=\"600\" \/>\n\t<meta property=\"og:image:height\" content=\"600\" \/>\n\t<meta property=\"og:image:type\" content=\"image\/jpeg\" \/>\n<meta name=\"twitter:card\" content=\"summary_large_image\" \/>\n<meta name=\"twitter:label1\" content=\"Est. reading time\" \/>\n\t<meta name=\"twitter:data1\" content=\"1 minute\" \/>\n<script type=\"application\/ld+json\" class=\"yoast-schema-graph\">{\"@context\":\"https:\\\/\\\/schema.org\",\"@graph\":[{\"@type\":\"WebPage\",\"@id\":\"https:\\\/\\\/kart.no\\\/en\\\/produkt\\\/the-road-to-the-boatmaster-test\\\/\",\"url\":\"https:\\\/\\\/kart.no\\\/en\\\/produkt\\\/the-road-to-the-boatmaster-test\\\/\",\"name\":\"The road to the boating test - textbook for the boating test\",\"isPartOf\":{\"@id\":\"https:\\\/\\\/kart.no\\\/en\\\/#website\"},\"primaryImageOfPage\":{\"@id\":\"https:\\\/\\\/kart.no\\\/en\\\/produkt\\\/the-road-to-the-boatmaster-test\\\/#primaryimage\"},\"image\":{\"@id\":\"https:\\\/\\\/kart.no\\\/en\\\/produkt\\\/the-road-to-the-boatmaster-test\\\/#primaryimage\"},\"thumbnailUrl\":\"https:\\\/\\\/kart.no\\\/wp-content\\\/uploads\\\/2026\\\/01\\\/veien-til-batforerproven-square.jpg\",\"datePublished\":\"2026-01-25T23:55:49+00:00\",\"description\":\"Textbook for the boatmaster test. The road to the boating test covers navigation, seamanship, regulations and safe driving.\",\"breadcrumb\":{\"@id\":\"https:\\\/\\\/kart.no\\\/en\\\/produkt\\\/the-road-to-the-boatmaster-test\\\/#breadcrumb\"},\"inLanguage\":\"en-US\",\"potentialAction\":[{\"@type\":\"ReadAction\",\"target\":[\"https:\\\/\\\/kart.no\\\/en\\\/produkt\\\/the-road-to-the-boatmaster-test\\\/\"]}]},{\"@type\":\"ImageObject\",\"inLanguage\":\"en-US\",\"@id\":\"https:\\\/\\\/kart.no\\\/en\\\/produkt\\\/the-road-to-the-boatmaster-test\\\/#primaryimage\",\"url\":\"https:\\\/\\\/kart.no\\\/wp-content\\\/uploads\\\/2026\\\/01\\\/veien-til-batforerproven-square.jpg\",\"contentUrl\":\"https:\\\/\\\/kart.no\\\/wp-content\\\/uploads\\\/2026\\\/01\\\/veien-til-batforerproven-square.jpg\",\"width\":600,\"height\":600,\"caption\":\"Cover of \\\"Veien til b\u00e5tf\u00f8rerpr\u00f8ven\\\" by Olaf Trysnes, with illustrations related to leisure boats and navigation.\"},{\"@type\":\"BreadcrumbList\",\"@id\":\"https:\\\/\\\/kart.no\\\/en\\\/produkt\\\/the-road-to-the-boatmaster-test\\\/#breadcrumb\",\"itemListElement\":[{\"@type\":\"ListItem\",\"position\":1,\"name\":\"Hjem\",\"item\":\"https:\\\/\\\/kart.no\\\/en\\\/\"},{\"@type\":\"ListItem\",\"position\":2,\"name\":\"Shop\",\"item\":\"https:\\\/\\\/kart.no\\\/en\\\/shop\\\/\"},{\"@type\":\"ListItem\",\"position\":3,\"name\":\"The road to the boatmaster test\"}]},{\"@type\":\"WebSite\",\"@id\":\"https:\\\/\\\/kart.no\\\/en\\\/#website\",\"url\":\"https:\\\/\\\/kart.no\\\/en\\\/\",\"name\":\"Kart.no\",\"description\":\"Nordic expertise in maps and navigation\",\"publisher\":{\"@id\":\"https:\\\/\\\/kart.no\\\/en\\\/#organization\"},\"potentialAction\":[{\"@type\":\"SearchAction\",\"target\":{\"@type\":\"EntryPoint\",\"urlTemplate\":\"https:\\\/\\\/kart.no\\\/en\\\/?s={search_term_string}\"},\"query-input\":{\"@type\":\"PropertyValueSpecification\",\"valueRequired\":true,\"valueName\":\"search_term_string\"}}],\"inLanguage\":\"en-US\"},{\"@type\":\"Organization\",\"@id\":\"https:\\\/\\\/kart.no\\\/en\\\/#organization\",\"name\":\"Kart.no\",\"url\":\"https:\\\/\\\/kart.no\\\/en\\\/\",\"logo\":{\"@type\":\"ImageObject\",\"inLanguage\":\"en-US\",\"@id\":\"https:\\\/\\\/kart.no\\\/en\\\/#\\\/schema\\\/logo\\\/image\\\/\",\"url\":\"https:\\\/\\\/kart.no\\\/wp-content\\\/uploads\\\/2023\\\/10\\\/kart.no-logo.png\",\"contentUrl\":\"https:\\\/\\\/kart.no\\\/wp-content\\\/uploads\\\/2023\\\/10\\\/kart.no-logo.png\",\"width\":784,\"height\":312,\"caption\":\"Kart.no\"},\"image\":{\"@id\":\"https:\\\/\\\/kart.no\\\/en\\\/#\\\/schema\\\/logo\\\/image\\\/\"},\"sameAs\":[\"https:\\\/\\\/www.facebook.com\\\/kart.no\",\"https:\\\/\\\/www.instagram.com\\\/_kart.no\\\/\"]}]}<\/script>\n<!-- \/ Yoast SEO Premium plugin. -->","yoast_head_json":{"title":"The road to the boating test - textbook for the boating test","description":"Textbook for the boatmaster test. The road to the boating test covers navigation, seamanship, regulations and safe driving.","robots":{"index":"index","follow":"follow","max-snippet":"max-snippet:-1","max-image-preview":"max-image-preview:large","max-video-preview":"max-video-preview:-1"},"canonical":"https:\/\/kart.no\/en\/produkt\/the-road-to-the-boatmaster-test\/","og_locale":"en_US","og_type":"article","og_title":"The road to the boatmaster test","og_description":"Textbook for the boatmaster test. The road to the boating test covers navigation, seamanship, regulations and safe driving.","og_url":"https:\/\/kart.no\/en\/produkt\/the-road-to-the-boatmaster-test\/","og_site_name":"Kart.no","article_publisher":"https:\/\/www.facebook.com\/kart.no","og_image":[{"width":600,"height":600,"url":"https:\/\/kart.no\/wp-content\/uploads\/2026\/01\/veien-til-batforerproven-square.jpg","type":"image\/jpeg"}],"twitter_card":"summary_large_image","twitter_misc":{"Est. reading time":"1 minute"},"schema":{"@context":"https:\/\/schema.org","@graph":[{"@type":"WebPage","@id":"https:\/\/kart.no\/en\/produkt\/the-road-to-the-boatmaster-test\/","url":"https:\/\/kart.no\/en\/produkt\/the-road-to-the-boatmaster-test\/","name":"The road to the boating test - textbook for the boating test","isPartOf":{"@id":"https:\/\/kart.no\/en\/#website"},"primaryImageOfPage":{"@id":"https:\/\/kart.no\/en\/produkt\/the-road-to-the-boatmaster-test\/#primaryimage"},"image":{"@id":"https:\/\/kart.no\/en\/produkt\/the-road-to-the-boatmaster-test\/#primaryimage"},"thumbnailUrl":"https:\/\/kart.no\/wp-content\/uploads\/2026\/01\/veien-til-batforerproven-square.jpg","datePublished":"2026-01-25T23:55:49+00:00","description":"Textbook for the boatmaster test. The road to the boating test covers navigation, seamanship, regulations and safe driving.","breadcrumb":{"@id":"https:\/\/kart.no\/en\/produkt\/the-road-to-the-boatmaster-test\/#breadcrumb"},"inLanguage":"en-US","potentialAction":[{"@type":"ReadAction","target":["https:\/\/kart.no\/en\/produkt\/the-road-to-the-boatmaster-test\/"]}]},{"@type":"ImageObject","inLanguage":"en-US","@id":"https:\/\/kart.no\/en\/produkt\/the-road-to-the-boatmaster-test\/#primaryimage","url":"https:\/\/kart.no\/wp-content\/uploads\/2026\/01\/veien-til-batforerproven-square.jpg","contentUrl":"https:\/\/kart.no\/wp-content\/uploads\/2026\/01\/veien-til-batforerproven-square.jpg","width":600,"height":600,"caption":"Cover of \"Veien til b\u00e5tf\u00f8rerpr\u00f8ven\" by Olaf Trysnes, with illustrations related to leisure boats and navigation."},{"@type":"BreadcrumbList","@id":"https:\/\/kart.no\/en\/produkt\/the-road-to-the-boatmaster-test\/#breadcrumb","itemListElement":[{"@type":"ListItem","position":1,"name":"Hjem","item":"https:\/\/kart.no\/en\/"},{"@type":"ListItem","position":2,"name":"Shop","item":"https:\/\/kart.no\/en\/shop\/"},{"@type":"ListItem","position":3,"name":"The road to the boatmaster test"}]},{"@type":"WebSite","@id":"https:\/\/kart.no\/en\/#website","url":"https:\/\/kart.no\/en\/","name":"Kart.no","description":"Nordic expertise in maps and navigation","publisher":{"@id":"https:\/\/kart.no\/en\/#organization"},"potentialAction":[{"@type":"SearchAction","target":{"@type":"EntryPoint","urlTemplate":"https:\/\/kart.no\/en\/?s={search_term_string}"},"query-input":{"@type":"PropertyValueSpecification","valueRequired":true,"valueName":"search_term_string"}}],"inLanguage":"en-US"},{"@type":"Organization","@id":"https:\/\/kart.no\/en\/#organization","name":"Kart.no","url":"https:\/\/kart.no\/en\/","logo":{"@type":"ImageObject","inLanguage":"en-US","@id":"https:\/\/kart.no\/en\/#\/schema\/logo\/image\/","url":"https:\/\/kart.no\/wp-content\/uploads\/2023\/10\/kart.no-logo.png","contentUrl":"https:\/\/kart.no\/wp-content\/uploads\/2023\/10\/kart.no-logo.png","width":784,"height":312,"caption":"Kart.no"},"image":{"@id":"https:\/\/kart.no\/en\/#\/schema\/logo\/image\/"},"sameAs":["https:\/\/www.facebook.com\/kart.no","https:\/\/www.instagram.com\/_kart.no\/"]}]}},"uagb_featured_image_src":{"full":["https:\/\/kart.no\/wp-content\/uploads\/2026\/01\/veien-til-batforerproven-square.jpg",600,600,false],"thumbnail":["https:\/\/kart.no\/wp-content\/uploads\/2026\/01\/veien-til-batforerproven-square-150x150.jpg",150,150,true],"medium":["https:\/\/kart.no\/wp-content\/uploads\/2026\/01\/veien-til-batforerproven-square-300x300.jpg",300,300,true],"medium_large":["https:\/\/kart.no\/wp-content\/uploads\/2026\/01\/veien-til-batforerproven-square.jpg",600,600,false],"large":["https:\/\/kart.no\/wp-content\/uploads\/2026\/01\/veien-til-batforerproven-square.jpg",600,600,false],"1536x1536":["https:\/\/kart.no\/wp-content\/uploads\/2026\/01\/veien-til-batforerproven-square.jpg",600,600,false],"2048x2048":["https:\/\/kart.no\/wp-content\/uploads\/2026\/01\/veien-til-batforerproven-square.jpg",600,600,false],"woocommerce_thumbnail":["https:\/\/kart.no\/wp-content\/uploads\/2026\/01\/veien-til-batforerproven-square-300x300.jpg",300,300,true],"woocommerce_single":["https:\/\/kart.no\/wp-content\/uploads\/2026\/01\/veien-til-batforerproven-square.jpg",600,600,false],"woocommerce_gallery_thumbnail":["https:\/\/kart.no\/wp-content\/uploads\/2026\/01\/veien-til-batforerproven-square-100x100.jpg",100,100,true],"dgwt-wcas-product-suggestion":["https:\/\/kart.no\/wp-content\/uploads\/2026\/01\/veien-til-batforerproven-square-64x64.jpg",64,64,true]},"uagb_author_info":{"display_name":"Steinar Figved","author_link":"https:\/\/kart.no\/en\/author\/"},"uagb_comment_info":0,"uagb_excerpt":"A clear and educational textbook for those who are about to take their boating test.","_links":{"self":[{"href":"https:\/\/kart.no\/en\/wp-json\/wp\/v2\/product\/50396","targetHints":{"allow":["GET"]}}],"collection":[{"href":"https:\/\/kart.no\/en\/wp-json\/wp\/v2\/product"}],"about":[{"href":"https:\/\/kart.no\/en\/wp-json\/wp\/v2\/types\/product"}],"replies":[{"embeddable":true,"href":"https:\/\/kart.no\/en\/wp-json\/wp\/v2\/comments?post=50396"}],"wp:featuredmedia":[{"embeddable":true,"href":"https:\/\/kart.no\/en\/wp-json\/wp\/v2\/media\/39015"}],"wp:attachment":[{"href":"https:\/\/kart.no\/en\/wp-json\/wp\/v2\/media?parent=50396"}],"wp:term":[{"taxonomy":"product_brand","embeddable":true,"href":"https:\/\/kart.no\/en\/wp-json\/wp\/v2\/product_brand?post=50396"},{"taxonomy":"product_cat","embeddable":true,"href":"https:\/\/kart.no\/en\/wp-json\/wp\/v2\/product_cat?post=50396"},{"taxonomy":"product_tag","embeddable":true,"href":"https:\/\/kart.no\/en\/wp-json\/wp\/v2\/product_tag?post=50396"}],"curies":[{"name":"wp","href":"https:\/\/api.w.org\/{rel}","templated":true}]}}