{"id":50400,"date":"2026-01-26T00:55:50","date_gmt":"2026-01-25T23:55:50","guid":{"rendered":"https:\/\/kart.no\/produkt\/the-road-to-the-boat-driving-test-questions-and-answers\/"},"modified":"2026-01-26T00:55:50","modified_gmt":"2026-01-25T23:55:50","slug":"the-road-to-the-boat-driving-test-questions-and-answers","status":"publish","type":"product","link":"https:\/\/kart.no\/en\/produkt\/the-road-to-the-boat-driving-test-questions-and-answers\/","title":{"rendered":"The road to the boat driving test &#8211; questions and answers"},"content":{"rendered":"<p>Veien til b\u00e5tf\u00f8rerpr\u00f8ven &#8211; sp\u00f8rsm\u00e5l og svar is a practical workbook that supplements the textbook <em data-start=\"352\" data-end=\"378\">Veien til b\u00e5tf\u00f8rerpr\u00f8ven<\/em>. The book gives you the opportunity to test and revise your knowledge through exercises and questions that are directly linked to the syllabus for the boat driving test. The content covers key topics such as navigation, seamanship, regulations and safe driving, and helps you prepare for the test in a targeted manner. The book is written by Olaf Trysnes and is suitable for both self-study and course use, either alone or in combination with the main book.   <\/p>\n","protected":false},"excerpt":{"rendered":"<p>Workbook with questions and assignments to help you prepare effectively for your boating test.<\/p>\n","protected":false},"featured_media":39017,"comment_status":"open","ping_status":"closed","template":"","meta":{"_uag_custom_page_level_css":""},"product_brand":[1378],"product_cat":[1082],"product_tag":[],"class_list":{"0":"post-50400","1":"product","2":"type-product","3":"status-publish","4":"has-post-thumbnail","6":"product_brand-cappelen-damm","7":"product_cat-navigation-and-seamanship","8":"product_shipping_class-boxship","9":"pa_produsent-cappelen-2","11":"first","12":"instock","13":"taxable","14":"shipping-taxable","15":"purchasable","16":"product-type-simple"},"composite_virtual":false,"composite_layout":"","composite_add_to_cart_form_location":"","composite_editable_in_cart":false,"composite_sold_individually_context":"","composite_shop_price_calc":"","composite_components":[],"composite_scenarios":[],"acf":[],"yoast_head":"<!-- This site is optimized with the Yoast SEO Premium plugin v27.5 (Yoast SEO v27.5) - https:\/\/yoast.com\/product\/yoast-seo-premium-wordpress\/ -->\n<title>The road to the boating test - questions and answers | workbook<\/title>\n<meta name=\"description\" content=\"Workbook for the boat driver test. The road to the boating test - questions and answers provide exercises and repetition of the syllabus.\" \/>\n<meta name=\"robots\" content=\"index, follow, max-snippet:-1, max-image-preview:large, max-video-preview:-1\" \/>\n<link rel=\"canonical\" href=\"https:\/\/kart.no\/en\/produkt\/the-road-to-the-boat-driving-test-questions-and-answers\/\" \/>\n<meta property=\"og:locale\" content=\"en_US\" \/>\n<meta property=\"og:type\" content=\"article\" \/>\n<meta property=\"og:title\" content=\"The road to the boat driving test - questions and answers\" \/>\n<meta property=\"og:description\" content=\"Workbook for the boat driver test. The road to the boating test - questions and answers provide exercises and repetition of the syllabus.\" \/>\n<meta property=\"og:url\" content=\"https:\/\/kart.no\/en\/produkt\/the-road-to-the-boat-driving-test-questions-and-answers\/\" \/>\n<meta property=\"og:site_name\" content=\"Kart.no\" \/>\n<meta property=\"article:publisher\" content=\"https:\/\/www.facebook.com\/kart.no\" \/>\n<meta property=\"og:image\" content=\"https:\/\/kart.no\/wp-content\/uploads\/2026\/01\/veien-til-batforerproven-sporsmal-square.jpg\" \/>\n\t<meta property=\"og:image:width\" content=\"600\" \/>\n\t<meta property=\"og:image:height\" content=\"600\" \/>\n\t<meta property=\"og:image:type\" content=\"image\/jpeg\" \/>\n<meta name=\"twitter:card\" content=\"summary_large_image\" \/>\n<meta name=\"twitter:label1\" content=\"Est. reading time\" \/>\n\t<meta name=\"twitter:data1\" content=\"1 minute\" \/>\n<script type=\"application\/ld+json\" class=\"yoast-schema-graph\">{\"@context\":\"https:\\\/\\\/schema.org\",\"@graph\":[{\"@type\":\"WebPage\",\"@id\":\"https:\\\/\\\/kart.no\\\/en\\\/produkt\\\/the-road-to-the-boat-driving-test-questions-and-answers\\\/\",\"url\":\"https:\\\/\\\/kart.no\\\/en\\\/produkt\\\/the-road-to-the-boat-driving-test-questions-and-answers\\\/\",\"name\":\"The road to the boating test - questions and answers | workbook\",\"isPartOf\":{\"@id\":\"https:\\\/\\\/kart.no\\\/en\\\/#website\"},\"primaryImageOfPage\":{\"@id\":\"https:\\\/\\\/kart.no\\\/en\\\/produkt\\\/the-road-to-the-boat-driving-test-questions-and-answers\\\/#primaryimage\"},\"image\":{\"@id\":\"https:\\\/\\\/kart.no\\\/en\\\/produkt\\\/the-road-to-the-boat-driving-test-questions-and-answers\\\/#primaryimage\"},\"thumbnailUrl\":\"https:\\\/\\\/kart.no\\\/wp-content\\\/uploads\\\/2026\\\/01\\\/veien-til-batforerproven-sporsmal-square.jpg\",\"datePublished\":\"2026-01-25T23:55:50+00:00\",\"description\":\"Workbook for the boat driver test. The road to the boating test - questions and answers provide exercises and repetition of the syllabus.\",\"breadcrumb\":{\"@id\":\"https:\\\/\\\/kart.no\\\/en\\\/produkt\\\/the-road-to-the-boat-driving-test-questions-and-answers\\\/#breadcrumb\"},\"inLanguage\":\"en-US\",\"potentialAction\":[{\"@type\":\"ReadAction\",\"target\":[\"https:\\\/\\\/kart.no\\\/en\\\/produkt\\\/the-road-to-the-boat-driving-test-questions-and-answers\\\/\"]}]},{\"@type\":\"ImageObject\",\"inLanguage\":\"en-US\",\"@id\":\"https:\\\/\\\/kart.no\\\/en\\\/produkt\\\/the-road-to-the-boat-driving-test-questions-and-answers\\\/#primaryimage\",\"url\":\"https:\\\/\\\/kart.no\\\/wp-content\\\/uploads\\\/2026\\\/01\\\/veien-til-batforerproven-sporsmal-square.jpg\",\"contentUrl\":\"https:\\\/\\\/kart.no\\\/wp-content\\\/uploads\\\/2026\\\/01\\\/veien-til-batforerproven-sporsmal-square.jpg\",\"width\":600,\"height\":600,\"caption\":\"Cover of \\\"Veien til b\u00e5tf\u00f8rerpr\u00f8ven - sp\u00f8rsm\u00e5l og svar\\\" by Olaf Trysnes, with illustrations related to leisure boats, navigation and practicing for the test.\"},{\"@type\":\"BreadcrumbList\",\"@id\":\"https:\\\/\\\/kart.no\\\/en\\\/produkt\\\/the-road-to-the-boat-driving-test-questions-and-answers\\\/#breadcrumb\",\"itemListElement\":[{\"@type\":\"ListItem\",\"position\":1,\"name\":\"Hjem\",\"item\":\"https:\\\/\\\/kart.no\\\/en\\\/\"},{\"@type\":\"ListItem\",\"position\":2,\"name\":\"Shop\",\"item\":\"https:\\\/\\\/kart.no\\\/en\\\/shop\\\/\"},{\"@type\":\"ListItem\",\"position\":3,\"name\":\"The road to the boat driving test &#8211; questions and answers\"}]},{\"@type\":\"WebSite\",\"@id\":\"https:\\\/\\\/kart.no\\\/en\\\/#website\",\"url\":\"https:\\\/\\\/kart.no\\\/en\\\/\",\"name\":\"Kart.no\",\"description\":\"Nordic expertise in maps and navigation\",\"publisher\":{\"@id\":\"https:\\\/\\\/kart.no\\\/en\\\/#organization\"},\"potentialAction\":[{\"@type\":\"SearchAction\",\"target\":{\"@type\":\"EntryPoint\",\"urlTemplate\":\"https:\\\/\\\/kart.no\\\/en\\\/?s={search_term_string}\"},\"query-input\":{\"@type\":\"PropertyValueSpecification\",\"valueRequired\":true,\"valueName\":\"search_term_string\"}}],\"inLanguage\":\"en-US\"},{\"@type\":\"Organization\",\"@id\":\"https:\\\/\\\/kart.no\\\/en\\\/#organization\",\"name\":\"Kart.no\",\"url\":\"https:\\\/\\\/kart.no\\\/en\\\/\",\"logo\":{\"@type\":\"ImageObject\",\"inLanguage\":\"en-US\",\"@id\":\"https:\\\/\\\/kart.no\\\/en\\\/#\\\/schema\\\/logo\\\/image\\\/\",\"url\":\"https:\\\/\\\/kart.no\\\/wp-content\\\/uploads\\\/2023\\\/10\\\/kart.no-logo.png\",\"contentUrl\":\"https:\\\/\\\/kart.no\\\/wp-content\\\/uploads\\\/2023\\\/10\\\/kart.no-logo.png\",\"width\":784,\"height\":312,\"caption\":\"Kart.no\"},\"image\":{\"@id\":\"https:\\\/\\\/kart.no\\\/en\\\/#\\\/schema\\\/logo\\\/image\\\/\"},\"sameAs\":[\"https:\\\/\\\/www.facebook.com\\\/kart.no\",\"https:\\\/\\\/www.instagram.com\\\/_kart.no\\\/\"]}]}<\/script>\n<!-- \/ Yoast SEO Premium plugin. -->","yoast_head_json":{"title":"The road to the boating test - questions and answers | workbook","description":"Workbook for the boat driver test. The road to the boating test - questions and answers provide exercises and repetition of the syllabus.","robots":{"index":"index","follow":"follow","max-snippet":"max-snippet:-1","max-image-preview":"max-image-preview:large","max-video-preview":"max-video-preview:-1"},"canonical":"https:\/\/kart.no\/en\/produkt\/the-road-to-the-boat-driving-test-questions-and-answers\/","og_locale":"en_US","og_type":"article","og_title":"The road to the boat driving test - questions and answers","og_description":"Workbook for the boat driver test. The road to the boating test - questions and answers provide exercises and repetition of the syllabus.","og_url":"https:\/\/kart.no\/en\/produkt\/the-road-to-the-boat-driving-test-questions-and-answers\/","og_site_name":"Kart.no","article_publisher":"https:\/\/www.facebook.com\/kart.no","og_image":[{"width":600,"height":600,"url":"https:\/\/kart.no\/wp-content\/uploads\/2026\/01\/veien-til-batforerproven-sporsmal-square.jpg","type":"image\/jpeg"}],"twitter_card":"summary_large_image","twitter_misc":{"Est. reading time":"1 minute"},"schema":{"@context":"https:\/\/schema.org","@graph":[{"@type":"WebPage","@id":"https:\/\/kart.no\/en\/produkt\/the-road-to-the-boat-driving-test-questions-and-answers\/","url":"https:\/\/kart.no\/en\/produkt\/the-road-to-the-boat-driving-test-questions-and-answers\/","name":"The road to the boating test - questions and answers | workbook","isPartOf":{"@id":"https:\/\/kart.no\/en\/#website"},"primaryImageOfPage":{"@id":"https:\/\/kart.no\/en\/produkt\/the-road-to-the-boat-driving-test-questions-and-answers\/#primaryimage"},"image":{"@id":"https:\/\/kart.no\/en\/produkt\/the-road-to-the-boat-driving-test-questions-and-answers\/#primaryimage"},"thumbnailUrl":"https:\/\/kart.no\/wp-content\/uploads\/2026\/01\/veien-til-batforerproven-sporsmal-square.jpg","datePublished":"2026-01-25T23:55:50+00:00","description":"Workbook for the boat driver test. The road to the boating test - questions and answers provide exercises and repetition of the syllabus.","breadcrumb":{"@id":"https:\/\/kart.no\/en\/produkt\/the-road-to-the-boat-driving-test-questions-and-answers\/#breadcrumb"},"inLanguage":"en-US","potentialAction":[{"@type":"ReadAction","target":["https:\/\/kart.no\/en\/produkt\/the-road-to-the-boat-driving-test-questions-and-answers\/"]}]},{"@type":"ImageObject","inLanguage":"en-US","@id":"https:\/\/kart.no\/en\/produkt\/the-road-to-the-boat-driving-test-questions-and-answers\/#primaryimage","url":"https:\/\/kart.no\/wp-content\/uploads\/2026\/01\/veien-til-batforerproven-sporsmal-square.jpg","contentUrl":"https:\/\/kart.no\/wp-content\/uploads\/2026\/01\/veien-til-batforerproven-sporsmal-square.jpg","width":600,"height":600,"caption":"Cover of \"Veien til b\u00e5tf\u00f8rerpr\u00f8ven - sp\u00f8rsm\u00e5l og svar\" by Olaf Trysnes, with illustrations related to leisure boats, navigation and practicing for the test."},{"@type":"BreadcrumbList","@id":"https:\/\/kart.no\/en\/produkt\/the-road-to-the-boat-driving-test-questions-and-answers\/#breadcrumb","itemListElement":[{"@type":"ListItem","position":1,"name":"Hjem","item":"https:\/\/kart.no\/en\/"},{"@type":"ListItem","position":2,"name":"Shop","item":"https:\/\/kart.no\/en\/shop\/"},{"@type":"ListItem","position":3,"name":"The road to the boat driving test &#8211; questions and answers"}]},{"@type":"WebSite","@id":"https:\/\/kart.no\/en\/#website","url":"https:\/\/kart.no\/en\/","name":"Kart.no","description":"Nordic expertise in maps and navigation","publisher":{"@id":"https:\/\/kart.no\/en\/#organization"},"potentialAction":[{"@type":"SearchAction","target":{"@type":"EntryPoint","urlTemplate":"https:\/\/kart.no\/en\/?s={search_term_string}"},"query-input":{"@type":"PropertyValueSpecification","valueRequired":true,"valueName":"search_term_string"}}],"inLanguage":"en-US"},{"@type":"Organization","@id":"https:\/\/kart.no\/en\/#organization","name":"Kart.no","url":"https:\/\/kart.no\/en\/","logo":{"@type":"ImageObject","inLanguage":"en-US","@id":"https:\/\/kart.no\/en\/#\/schema\/logo\/image\/","url":"https:\/\/kart.no\/wp-content\/uploads\/2023\/10\/kart.no-logo.png","contentUrl":"https:\/\/kart.no\/wp-content\/uploads\/2023\/10\/kart.no-logo.png","width":784,"height":312,"caption":"Kart.no"},"image":{"@id":"https:\/\/kart.no\/en\/#\/schema\/logo\/image\/"},"sameAs":["https:\/\/www.facebook.com\/kart.no","https:\/\/www.instagram.com\/_kart.no\/"]}]}},"uagb_featured_image_src":{"full":["https:\/\/kart.no\/wp-content\/uploads\/2026\/01\/veien-til-batforerproven-sporsmal-square.jpg",600,600,false],"thumbnail":["https:\/\/kart.no\/wp-content\/uploads\/2026\/01\/veien-til-batforerproven-sporsmal-square-150x150.jpg",150,150,true],"medium":["https:\/\/kart.no\/wp-content\/uploads\/2026\/01\/veien-til-batforerproven-sporsmal-square-300x300.jpg",300,300,true],"medium_large":["https:\/\/kart.no\/wp-content\/uploads\/2026\/01\/veien-til-batforerproven-sporsmal-square.jpg",600,600,false],"large":["https:\/\/kart.no\/wp-content\/uploads\/2026\/01\/veien-til-batforerproven-sporsmal-square.jpg",600,600,false],"1536x1536":["https:\/\/kart.no\/wp-content\/uploads\/2026\/01\/veien-til-batforerproven-sporsmal-square.jpg",600,600,false],"2048x2048":["https:\/\/kart.no\/wp-content\/uploads\/2026\/01\/veien-til-batforerproven-sporsmal-square.jpg",600,600,false],"woocommerce_thumbnail":["https:\/\/kart.no\/wp-content\/uploads\/2026\/01\/veien-til-batforerproven-sporsmal-square-300x300.jpg",300,300,true],"woocommerce_single":["https:\/\/kart.no\/wp-content\/uploads\/2026\/01\/veien-til-batforerproven-sporsmal-square.jpg",600,600,false],"woocommerce_gallery_thumbnail":["https:\/\/kart.no\/wp-content\/uploads\/2026\/01\/veien-til-batforerproven-sporsmal-square-100x100.jpg",100,100,true],"dgwt-wcas-product-suggestion":["https:\/\/kart.no\/wp-content\/uploads\/2026\/01\/veien-til-batforerproven-sporsmal-square-64x64.jpg",64,64,true]},"uagb_author_info":{"display_name":"Steinar Figved","author_link":"https:\/\/kart.no\/en\/author\/"},"uagb_comment_info":0,"uagb_excerpt":"Workbook with questions and assignments to help you prepare effectively for your boating test.","_links":{"self":[{"href":"https:\/\/kart.no\/en\/wp-json\/wp\/v2\/product\/50400","targetHints":{"allow":["GET"]}}],"collection":[{"href":"https:\/\/kart.no\/en\/wp-json\/wp\/v2\/product"}],"about":[{"href":"https:\/\/kart.no\/en\/wp-json\/wp\/v2\/types\/product"}],"replies":[{"embeddable":true,"href":"https:\/\/kart.no\/en\/wp-json\/wp\/v2\/comments?post=50400"}],"wp:featuredmedia":[{"embeddable":true,"href":"https:\/\/kart.no\/en\/wp-json\/wp\/v2\/media\/39017"}],"wp:attachment":[{"href":"https:\/\/kart.no\/en\/wp-json\/wp\/v2\/media?parent=50400"}],"wp:term":[{"taxonomy":"product_brand","embeddable":true,"href":"https:\/\/kart.no\/en\/wp-json\/wp\/v2\/product_brand?post=50400"},{"taxonomy":"product_cat","embeddable":true,"href":"https:\/\/kart.no\/en\/wp-json\/wp\/v2\/product_cat?post=50400"},{"taxonomy":"product_tag","embeddable":true,"href":"https:\/\/kart.no\/en\/wp-json\/wp\/v2\/product_tag?post=50400"}],"curies":[{"name":"wp","href":"https:\/\/api.w.org\/{rel}","templated":true}]}}