{"id":50667,"date":"2026-01-02T13:27:39","date_gmt":"2026-01-02T12:27:39","guid":{"rendered":"https:\/\/kart.no\/produkt\/nv-charts-france-fr1-oostende-cherbourg\/"},"modified":"2026-01-02T13:27:39","modified_gmt":"2026-01-02T12:27:39","slug":"nv-charts-france-fr1-oostende-cherbourg","status":"publish","type":"product","link":"https:\/\/kart.no\/en\/produkt\/nv-charts-france-fr1-oostende-cherbourg\/","title":{"rendered":"NV Charts France FR1 Oostende-Cherbourg"},"content":{"rendered":"<p><strong>NV Charts France FR1 Oostende-Cherbourg<\/strong> is a detailed chart set in combination with digital nautical charts covering the coast from Oostende in Belgium along northern France via Dunkirk, Calais, Dieppe and Le Havre to Cherbourg. The charts provide the skipper with a clear overview of water conditions, approaches, ports, anchorages and shipping lanes in this busy and important sailing area of the English Channel. <\/p>\n<p>The map package includes overview and passage maps that provide a good planning overview of the entire area. This includes France &#8211; Atlantique at a scale of 1:1,750,000, providing a broad perspective of the French Channel and adjacent waters, Normandy &#8211; Ouest at 1:350,000 and Barfleur au Tr\u00e9port and Le Tr\u00e9port \u00e0 Oostende, both at 1:350,000, providing a closer look at the main segments of the coast. <\/p>\n<p>Medium scale area maps provide detailed coastal information. This includes stretches such as Cherbourg \u00e0 la Baie de Seine (1:150,000), Baie de Seine au Cap d&#8217;Antifer (1:150,000), Cap d&#8217;Antifer \u00e0 Dieppe (1:150,000), Dieppe \u00e0 Vergoyer (1:150,000), Vergoyer \u00e0 Calais (1:150,000) and Calais \u00e0 Oostende (1:150,000). Furthermore, there are charts for Cap de la Hague to Cap L\u00e9vi (1:60,000), Cap L\u00e9vi to Pointe de Saire (1:60,000), Pointe de Saire to la Maresquerie (1:60,000) as well as the entire stretch from Ver-sur-Mer to Rade de Caen (1:60,000) and on to Embouchure de la Seine, La Seine &#8211; Honfleur and La Seine \u00e0 Rouen in 1:60,000 providing in-depth coastal detail for navigation in more complex waters.  <\/p>\n<p>The larger scale detail maps provide high resolution for port areas, approaches and specific surrounding areas that are important for safe navigation. These include the port of Cherbourg (1:15,000), Omonville (1:10,000), St-Vaast-la-Hougue (1:10,000), Carentan (1:10,000), Barfleur (1:10 000), Pointe de Saire \u00e0 St-Vaast-la-Hougue (1:25 000), Grandcamp-Maisy (1:15 000), F\u00e9camp (1:15 000), Courseulles-sur-Mer (1:15 000), Dives-sur-Mer (1:15 000), Port-en-Bessin (1:15 000), Port de Trouville-Deauville (1:15 000), Rouen (1:10 000), Caen (1:20 000), Ouistreham (1:20 000), Honfleur (1:15 000), Le Havre (1:10 000), Calais (1:10 000), St-Val\u00e9ry-en-Caux (1:15 000), Dieppe (1:15 000), Le Tr\u00e9port (1:15 000), Boulogne-sur-Mer (1:15 000), Dunkerque (1:20 000), Gravelines (1:20 000), Nieuwpoort (1:20 000) and Oostende (1:20 000). <\/p>\n<p>The chart set comes in a convenient atlas format combined with digital access via the NV Charts app and PC\/Mac. The digital charts can be used offline and provide access to up-to-date navigation data on board. The charts include tide tables, harbor plans in paper and digital format and all necessary navigational notes for safe sailing.  <\/p>\n<p>Always delivered in the latest available edition from NV Charts. If a new and updated edition is launched within 30 days of purchase, the map can be exchanged for a new edition free of charge. <\/p>\n","protected":false},"excerpt":{"rendered":"<p>Ostend to Cherbourg (northern French Channel coast) &#8211; Paper + digital combo<br \/>\nAlways delivered in the latest available version. Free exchange to a new edition if an update is released within 30 days of purchase. <\/p>\n","protected":false},"featured_media":50671,"comment_status":"open","ping_status":"closed","template":"","meta":{"_uag_custom_page_level_css":""},"product_brand":[1408],"product_cat":[1114],"product_tag":[],"class_list":{"0":"post-50667","1":"product","2":"type-product","3":"status-publish","4":"has-post-thumbnail","6":"product_brand-nv-charts","7":"product_cat-recreational-nautical-charts-france","8":"product_shipping_class-boxship","9":"pa_produsent-nv-charts","11":"first","12":"instock","13":"taxable","14":"shipping-taxable","15":"purchasable","16":"product-type-simple"},"composite_virtual":false,"composite_layout":"","composite_add_to_cart_form_location":"","composite_editable_in_cart":false,"composite_sold_individually_context":"","composite_shop_price_calc":"","composite_components":[],"composite_scenarios":[],"acf":[],"yoast_head":"<!-- This site is optimized with the Yoast SEO Premium plugin v27.5 (Yoast SEO v27.5) - https:\/\/yoast.com\/product\/yoast-seo-premium-wordpress\/ -->\n<title>Nautical charts - NV Charts: Dunkerque a St. Malo - Iles A... | NV Charts<\/title>\n<meta name=\"description\" content=\"Nautical charts from NV Charts for - NV Charts: Dunkerque a St. Malo - Iles Anglo- Normandes (2. Always delivered in the latest available edition - free exchange\/return if new version...\" \/>\n<meta name=\"robots\" content=\"index, follow, max-snippet:-1, max-image-preview:large, max-video-preview:-1\" \/>\n<link rel=\"canonical\" href=\"https:\/\/kart.no\/en\/produkt\/nv-charts-france-fr1-oostende-cherbourg\/\" \/>\n<meta property=\"og:locale\" content=\"en_US\" \/>\n<meta property=\"og:type\" content=\"article\" \/>\n<meta property=\"og:title\" content=\"NV Charts France FR1 Oostende-Cherbourg\" \/>\n<meta property=\"og:description\" content=\"Nautical charts from NV Charts for - NV Charts: Dunkerque a St. Malo - Iles Anglo- Normandes (2. Always delivered in the latest available edition - free exchange\/return if new version...\" \/>\n<meta property=\"og:url\" content=\"https:\/\/kart.no\/en\/produkt\/nv-charts-france-fr1-oostende-cherbourg\/\" \/>\n<meta property=\"og:site_name\" content=\"Kart.no\" \/>\n<meta property=\"article:publisher\" content=\"https:\/\/www.facebook.com\/kart.no\" \/>\n<meta property=\"og:image\" content=\"https:\/\/kart.no\/wp-content\/uploads\/2026\/01\/FR1_3.jpg\" \/>\n\t<meta property=\"og:image:width\" content=\"1059\" \/>\n\t<meta property=\"og:image:height\" content=\"1059\" \/>\n\t<meta property=\"og:image:type\" content=\"image\/jpeg\" \/>\n<meta name=\"twitter:card\" content=\"summary_large_image\" \/>\n<meta name=\"twitter:label1\" content=\"Est. reading time\" \/>\n\t<meta name=\"twitter:data1\" content=\"2 minutes\" \/>\n<script type=\"application\/ld+json\" class=\"yoast-schema-graph\">{\"@context\":\"https:\\\/\\\/schema.org\",\"@graph\":[{\"@type\":\"WebPage\",\"@id\":\"https:\\\/\\\/kart.no\\\/en\\\/produkt\\\/nv-charts-france-fr1-oostende-cherbourg\\\/\",\"url\":\"https:\\\/\\\/kart.no\\\/en\\\/produkt\\\/nv-charts-france-fr1-oostende-cherbourg\\\/\",\"name\":\"Nautical charts - NV Charts: Dunkerque a St. Malo - Iles A... | NV Charts\",\"isPartOf\":{\"@id\":\"https:\\\/\\\/kart.no\\\/en\\\/#website\"},\"primaryImageOfPage\":{\"@id\":\"https:\\\/\\\/kart.no\\\/en\\\/produkt\\\/nv-charts-france-fr1-oostende-cherbourg\\\/#primaryimage\"},\"image\":{\"@id\":\"https:\\\/\\\/kart.no\\\/en\\\/produkt\\\/nv-charts-france-fr1-oostende-cherbourg\\\/#primaryimage\"},\"thumbnailUrl\":\"https:\\\/\\\/kart.no\\\/wp-content\\\/uploads\\\/2026\\\/01\\\/FR1_3.jpg\",\"datePublished\":\"2026-01-02T12:27:39+00:00\",\"description\":\"Nautical charts from NV Charts for - NV Charts: Dunkerque a St. Malo - Iles Anglo- Normandes (2. Always delivered in the latest available edition - free exchange\\\/return if new version...\",\"breadcrumb\":{\"@id\":\"https:\\\/\\\/kart.no\\\/en\\\/produkt\\\/nv-charts-france-fr1-oostende-cherbourg\\\/#breadcrumb\"},\"inLanguage\":\"en-US\",\"potentialAction\":[{\"@type\":\"ReadAction\",\"target\":[\"https:\\\/\\\/kart.no\\\/en\\\/produkt\\\/nv-charts-france-fr1-oostende-cherbourg\\\/\"]}]},{\"@type\":\"ImageObject\",\"inLanguage\":\"en-US\",\"@id\":\"https:\\\/\\\/kart.no\\\/en\\\/produkt\\\/nv-charts-france-fr1-oostende-cherbourg\\\/#primaryimage\",\"url\":\"https:\\\/\\\/kart.no\\\/wp-content\\\/uploads\\\/2026\\\/01\\\/FR1_3.jpg\",\"contentUrl\":\"https:\\\/\\\/kart.no\\\/wp-content\\\/uploads\\\/2026\\\/01\\\/FR1_3.jpg\",\"width\":1059,\"height\":1059,\"caption\":\"NV Charts France FR1 - nautical charts for the coast from Oostende to Cherbourg. Paper and digital combo pack.\"},{\"@type\":\"BreadcrumbList\",\"@id\":\"https:\\\/\\\/kart.no\\\/en\\\/produkt\\\/nv-charts-france-fr1-oostende-cherbourg\\\/#breadcrumb\",\"itemListElement\":[{\"@type\":\"ListItem\",\"position\":1,\"name\":\"Hjem\",\"item\":\"https:\\\/\\\/kart.no\\\/en\\\/\"},{\"@type\":\"ListItem\",\"position\":2,\"name\":\"Shop\",\"item\":\"https:\\\/\\\/kart.no\\\/en\\\/shop\\\/\"},{\"@type\":\"ListItem\",\"position\":3,\"name\":\"NV Charts France FR1 Oostende-Cherbourg\"}]},{\"@type\":\"WebSite\",\"@id\":\"https:\\\/\\\/kart.no\\\/en\\\/#website\",\"url\":\"https:\\\/\\\/kart.no\\\/en\\\/\",\"name\":\"Kart.no\",\"description\":\"Nordic expertise in maps and navigation\",\"publisher\":{\"@id\":\"https:\\\/\\\/kart.no\\\/en\\\/#organization\"},\"potentialAction\":[{\"@type\":\"SearchAction\",\"target\":{\"@type\":\"EntryPoint\",\"urlTemplate\":\"https:\\\/\\\/kart.no\\\/en\\\/?s={search_term_string}\"},\"query-input\":{\"@type\":\"PropertyValueSpecification\",\"valueRequired\":true,\"valueName\":\"search_term_string\"}}],\"inLanguage\":\"en-US\"},{\"@type\":\"Organization\",\"@id\":\"https:\\\/\\\/kart.no\\\/en\\\/#organization\",\"name\":\"Kart.no\",\"url\":\"https:\\\/\\\/kart.no\\\/en\\\/\",\"logo\":{\"@type\":\"ImageObject\",\"inLanguage\":\"en-US\",\"@id\":\"https:\\\/\\\/kart.no\\\/en\\\/#\\\/schema\\\/logo\\\/image\\\/\",\"url\":\"https:\\\/\\\/kart.no\\\/wp-content\\\/uploads\\\/2023\\\/10\\\/kart.no-logo.png\",\"contentUrl\":\"https:\\\/\\\/kart.no\\\/wp-content\\\/uploads\\\/2023\\\/10\\\/kart.no-logo.png\",\"width\":784,\"height\":312,\"caption\":\"Kart.no\"},\"image\":{\"@id\":\"https:\\\/\\\/kart.no\\\/en\\\/#\\\/schema\\\/logo\\\/image\\\/\"},\"sameAs\":[\"https:\\\/\\\/www.facebook.com\\\/kart.no\",\"https:\\\/\\\/www.instagram.com\\\/_kart.no\\\/\"]}]}<\/script>\n<!-- \/ Yoast SEO Premium plugin. -->","yoast_head_json":{"title":"Nautical charts - NV Charts: Dunkerque a St. Malo - Iles A... | NV Charts","description":"Nautical charts from NV Charts for - NV Charts: Dunkerque a St. Malo - Iles Anglo- Normandes (2. Always delivered in the latest available edition - free exchange\/return if new version...","robots":{"index":"index","follow":"follow","max-snippet":"max-snippet:-1","max-image-preview":"max-image-preview:large","max-video-preview":"max-video-preview:-1"},"canonical":"https:\/\/kart.no\/en\/produkt\/nv-charts-france-fr1-oostende-cherbourg\/","og_locale":"en_US","og_type":"article","og_title":"NV Charts France FR1 Oostende-Cherbourg","og_description":"Nautical charts from NV Charts for - NV Charts: Dunkerque a St. Malo - Iles Anglo- Normandes (2. Always delivered in the latest available edition - free exchange\/return if new version...","og_url":"https:\/\/kart.no\/en\/produkt\/nv-charts-france-fr1-oostende-cherbourg\/","og_site_name":"Kart.no","article_publisher":"https:\/\/www.facebook.com\/kart.no","og_image":[{"width":1059,"height":1059,"url":"https:\/\/kart.no\/wp-content\/uploads\/2026\/01\/FR1_3.jpg","type":"image\/jpeg"}],"twitter_card":"summary_large_image","twitter_misc":{"Est. reading time":"2 minutes"},"schema":{"@context":"https:\/\/schema.org","@graph":[{"@type":"WebPage","@id":"https:\/\/kart.no\/en\/produkt\/nv-charts-france-fr1-oostende-cherbourg\/","url":"https:\/\/kart.no\/en\/produkt\/nv-charts-france-fr1-oostende-cherbourg\/","name":"Nautical charts - NV Charts: Dunkerque a St. Malo - Iles A... | NV Charts","isPartOf":{"@id":"https:\/\/kart.no\/en\/#website"},"primaryImageOfPage":{"@id":"https:\/\/kart.no\/en\/produkt\/nv-charts-france-fr1-oostende-cherbourg\/#primaryimage"},"image":{"@id":"https:\/\/kart.no\/en\/produkt\/nv-charts-france-fr1-oostende-cherbourg\/#primaryimage"},"thumbnailUrl":"https:\/\/kart.no\/wp-content\/uploads\/2026\/01\/FR1_3.jpg","datePublished":"2026-01-02T12:27:39+00:00","description":"Nautical charts from NV Charts for - NV Charts: Dunkerque a St. Malo - Iles Anglo- Normandes (2. Always delivered in the latest available edition - free exchange\/return if new version...","breadcrumb":{"@id":"https:\/\/kart.no\/en\/produkt\/nv-charts-france-fr1-oostende-cherbourg\/#breadcrumb"},"inLanguage":"en-US","potentialAction":[{"@type":"ReadAction","target":["https:\/\/kart.no\/en\/produkt\/nv-charts-france-fr1-oostende-cherbourg\/"]}]},{"@type":"ImageObject","inLanguage":"en-US","@id":"https:\/\/kart.no\/en\/produkt\/nv-charts-france-fr1-oostende-cherbourg\/#primaryimage","url":"https:\/\/kart.no\/wp-content\/uploads\/2026\/01\/FR1_3.jpg","contentUrl":"https:\/\/kart.no\/wp-content\/uploads\/2026\/01\/FR1_3.jpg","width":1059,"height":1059,"caption":"NV Charts France FR1 - nautical charts for the coast from Oostende to Cherbourg. Paper and digital combo pack."},{"@type":"BreadcrumbList","@id":"https:\/\/kart.no\/en\/produkt\/nv-charts-france-fr1-oostende-cherbourg\/#breadcrumb","itemListElement":[{"@type":"ListItem","position":1,"name":"Hjem","item":"https:\/\/kart.no\/en\/"},{"@type":"ListItem","position":2,"name":"Shop","item":"https:\/\/kart.no\/en\/shop\/"},{"@type":"ListItem","position":3,"name":"NV Charts France FR1 Oostende-Cherbourg"}]},{"@type":"WebSite","@id":"https:\/\/kart.no\/en\/#website","url":"https:\/\/kart.no\/en\/","name":"Kart.no","description":"Nordic expertise in maps and navigation","publisher":{"@id":"https:\/\/kart.no\/en\/#organization"},"potentialAction":[{"@type":"SearchAction","target":{"@type":"EntryPoint","urlTemplate":"https:\/\/kart.no\/en\/?s={search_term_string}"},"query-input":{"@type":"PropertyValueSpecification","valueRequired":true,"valueName":"search_term_string"}}],"inLanguage":"en-US"},{"@type":"Organization","@id":"https:\/\/kart.no\/en\/#organization","name":"Kart.no","url":"https:\/\/kart.no\/en\/","logo":{"@type":"ImageObject","inLanguage":"en-US","@id":"https:\/\/kart.no\/en\/#\/schema\/logo\/image\/","url":"https:\/\/kart.no\/wp-content\/uploads\/2023\/10\/kart.no-logo.png","contentUrl":"https:\/\/kart.no\/wp-content\/uploads\/2023\/10\/kart.no-logo.png","width":784,"height":312,"caption":"Kart.no"},"image":{"@id":"https:\/\/kart.no\/en\/#\/schema\/logo\/image\/"},"sameAs":["https:\/\/www.facebook.com\/kart.no","https:\/\/www.instagram.com\/_kart.no\/"]}]}},"uagb_featured_image_src":{"full":["https:\/\/kart.no\/wp-content\/uploads\/2026\/01\/FR1_3.jpg",1059,1059,false],"thumbnail":["https:\/\/kart.no\/wp-content\/uploads\/2026\/01\/FR1_3-150x150.jpg",150,150,true],"medium":["https:\/\/kart.no\/wp-content\/uploads\/2026\/01\/FR1_3-300x300.jpg",300,300,true],"medium_large":["https:\/\/kart.no\/wp-content\/uploads\/2026\/01\/FR1_3-768x768.jpg",768,768,true],"large":["https:\/\/kart.no\/wp-content\/uploads\/2026\/01\/FR1_3.jpg",1059,1059,false],"1536x1536":["https:\/\/kart.no\/wp-content\/uploads\/2026\/01\/FR1_3.jpg",1059,1059,false],"2048x2048":["https:\/\/kart.no\/wp-content\/uploads\/2026\/01\/FR1_3.jpg",1059,1059,false],"woocommerce_thumbnail":["https:\/\/kart.no\/wp-content\/uploads\/2026\/01\/FR1_3-300x300.jpg",300,300,true],"woocommerce_single":["https:\/\/kart.no\/wp-content\/uploads\/2026\/01\/FR1_3-600x600.jpg",600,600,true],"woocommerce_gallery_thumbnail":["https:\/\/kart.no\/wp-content\/uploads\/2026\/01\/FR1_3-100x100.jpg",100,100,true],"dgwt-wcas-product-suggestion":["https:\/\/kart.no\/wp-content\/uploads\/2026\/01\/FR1_3-64x64.jpg",64,64,true]},"uagb_author_info":{"display_name":"Steinar Figved","author_link":"https:\/\/kart.no\/en\/author\/"},"uagb_comment_info":0,"uagb_excerpt":"Ostend to Cherbourg (northern French Channel coast) - Paper + digital combo Always delivered in the latest available version. Free exchange to a new edition if an update is released within 30 days of purchase.","_links":{"self":[{"href":"https:\/\/kart.no\/en\/wp-json\/wp\/v2\/product\/50667","targetHints":{"allow":["GET"]}}],"collection":[{"href":"https:\/\/kart.no\/en\/wp-json\/wp\/v2\/product"}],"about":[{"href":"https:\/\/kart.no\/en\/wp-json\/wp\/v2\/types\/product"}],"replies":[{"embeddable":true,"href":"https:\/\/kart.no\/en\/wp-json\/wp\/v2\/comments?post=50667"}],"wp:featuredmedia":[{"embeddable":true,"href":"https:\/\/kart.no\/en\/wp-json\/wp\/v2\/media\/50671"}],"wp:attachment":[{"href":"https:\/\/kart.no\/en\/wp-json\/wp\/v2\/media?parent=50667"}],"wp:term":[{"taxonomy":"product_brand","embeddable":true,"href":"https:\/\/kart.no\/en\/wp-json\/wp\/v2\/product_brand?post=50667"},{"taxonomy":"product_cat","embeddable":true,"href":"https:\/\/kart.no\/en\/wp-json\/wp\/v2\/product_cat?post=50667"},{"taxonomy":"product_tag","embeddable":true,"href":"https:\/\/kart.no\/en\/wp-json\/wp\/v2\/product_tag?post=50667"}],"curies":[{"name":"wp","href":"https:\/\/api.w.org\/{rel}","templated":true}]}}