{"id":50787,"date":"2026-01-02T01:53:47","date_gmt":"2026-01-02T00:53:47","guid":{"rendered":"https:\/\/kart.no\/produkt\/nv-charts-volume-8-gota-canal-trollhatte-canal\/"},"modified":"2026-01-02T01:53:47","modified_gmt":"2026-01-02T00:53:47","slug":"nv-charts-volume-8-gota-canal-trollhatte-canal","status":"publish","type":"product","link":"https:\/\/kart.no\/en\/produkt\/nv-charts-volume-8-gota-canal-trollhatte-canal\/","title":{"rendered":"NV Charts Volume 8 G\u00f6ta Canal &amp; Trollh\u00e4tte Canal"},"content":{"rendered":"<p><strong>NV Charts Binnenband 8 G\u00f6ta Canal &amp; Trollh\u00e4tte Canal<\/strong> is a detailed set of paper and digital nautical charts specifically designed for navigating Sweden&#8217;s unique canal system. Covering the entire stretch from Mem to Gothenburg, including the passages through lakes V\u00e4ttern and V\u00e4nern, this chart set provides comprehensive navigation information for recreational boaters in the area. :contentReference  <\/p>\n<p>The maps are supplied in a practical atlas format and are produced at a scale of 1:35,000 with detailed information on water depths, passage heights, locks, ports and other important points. Warnings and hazards are highlighted, and the text is in both Swedish and German for better understanding. :contentReference  <\/p>\n<p><strong>Characteristics<\/strong><\/p>\n<p>Paper maps in atlas format with a high level of detail and good overview.<\/p>\n<p>Digital access via the NV Charts app (iOS, Android, PC\/Mac) with offline use.<\/p>\n<p>Covers the entire canal system from Mem to Gothenburg with locks and lake passages.<\/p>\n<p>Detailed information about depths, bridges, locks and port calls :contentReference <\/p>\n<p><strong>Map overview<\/strong><\/p>\n<p>The map set consists of **36 sub-maps** covering the entire canal and associated lakes in detail with navigation information for the entire stretch from Mem to Gothenburg, including Lake V\u00e4ttern and Lake V\u00e4nern. :contentReference <\/p>\n<p><strong>Updates<\/strong><\/p>\n<p>Always delivered in the latest available edition from NV Charts. If a new and updated edition is launched within 30 days of purchase, the map can be exchanged for a new edition free of charge. <\/p>\n","protected":false},"excerpt":{"rendered":"<p>NV Charts G\u00f6ta Kanal &#8211; Combi Pack is a nautical chart for practical navigation at sea, suitable for both sailboats and motorboats. This chart is always delivered in <strong>the latest available edition<\/strong> from NV Charts, with <strong>free exchange\/return<\/strong> if a new version is released shortly after purchase. <\/p>\n","protected":false},"featured_media":36729,"comment_status":"open","ping_status":"closed","template":"","meta":{"_uag_custom_page_level_css":""},"product_brand":[1408],"product_cat":[1153],"product_tag":[],"class_list":{"0":"post-50787","1":"product","2":"type-product","3":"status-publish","4":"has-post-thumbnail","6":"product_brand-nv-charts","7":"product_cat-recreational-nautical-charts-sweden","8":"product_shipping_class-boxship","9":"pa_produsent-nv-charts","11":"first","12":"instock","13":"taxable","14":"shipping-taxable","15":"purchasable","16":"product-type-simple"},"composite_virtual":false,"composite_layout":"","composite_add_to_cart_form_location":"","composite_editable_in_cart":false,"composite_sold_individually_context":"","composite_shop_price_calc":"","composite_components":[],"composite_scenarios":[],"acf":[],"yoast_head":"<!-- This site is optimized with the Yoast SEO Premium plugin v27.5 (Yoast SEO v27.5) - https:\/\/yoast.com\/product\/yoast-seo-premium-wordpress\/ -->\n<title>NV Charts Inland band 8 G\u00f6ta-kanal &amp; Trollh\u00e4tte-kanal | Sj\u00f8kart papir + digital<\/title>\n<meta name=\"description\" content=\"Chart set for the G\u00f6ta Canal and Trollh\u00e4tte Canal in Sweden. NV Charts Binnenband 8 comes with paper charts and digital nautical charts with details of depths, locks and port calls.\" \/>\n<meta name=\"robots\" content=\"index, follow, max-snippet:-1, max-image-preview:large, max-video-preview:-1\" \/>\n<link rel=\"canonical\" href=\"https:\/\/kart.no\/en\/produkt\/nv-charts-volume-8-gota-canal-trollhatte-canal\/\" \/>\n<meta property=\"og:locale\" content=\"en_US\" \/>\n<meta property=\"og:type\" content=\"article\" \/>\n<meta property=\"og:title\" content=\"NV Charts Volume 8 G\u00f6ta Canal &amp; Trollh\u00e4tte Canal\" \/>\n<meta property=\"og:description\" content=\"Chart set for the G\u00f6ta Canal and Trollh\u00e4tte Canal in Sweden. NV Charts Binnenband 8 comes with paper charts and digital nautical charts with details of depths, locks and port calls.\" \/>\n<meta property=\"og:url\" content=\"https:\/\/kart.no\/en\/produkt\/nv-charts-volume-8-gota-canal-trollhatte-canal\/\" \/>\n<meta property=\"og:site_name\" content=\"Kart.no\" \/>\n<meta property=\"article:publisher\" content=\"https:\/\/www.facebook.com\/kart.no\" \/>\n<meta property=\"og:image\" content=\"https:\/\/kart.no\/wp-content\/uploads\/2026\/01\/NV_Charts_Gaeta_Kanal_-_Kombipakke_1.jpg\" \/>\n\t<meta property=\"og:image:width\" content=\"1000\" \/>\n\t<meta property=\"og:image:height\" content=\"1000\" \/>\n\t<meta property=\"og:image:type\" content=\"image\/jpeg\" \/>\n<meta name=\"twitter:card\" content=\"summary_large_image\" \/>\n<meta name=\"twitter:label1\" content=\"Est. reading time\" \/>\n\t<meta name=\"twitter:data1\" content=\"1 minute\" \/>\n<script type=\"application\/ld+json\" class=\"yoast-schema-graph\">{\"@context\":\"https:\\\/\\\/schema.org\",\"@graph\":[{\"@type\":\"WebPage\",\"@id\":\"https:\\\/\\\/kart.no\\\/en\\\/produkt\\\/nv-charts-volume-8-gota-canal-trollhatte-canal\\\/\",\"url\":\"https:\\\/\\\/kart.no\\\/en\\\/produkt\\\/nv-charts-volume-8-gota-canal-trollhatte-canal\\\/\",\"name\":\"NV Charts Inland band 8 G\u00f6ta-kanal & Trollh\u00e4tte-kanal | Sj\u00f8kart papir + digital\",\"isPartOf\":{\"@id\":\"https:\\\/\\\/kart.no\\\/en\\\/#website\"},\"primaryImageOfPage\":{\"@id\":\"https:\\\/\\\/kart.no\\\/en\\\/produkt\\\/nv-charts-volume-8-gota-canal-trollhatte-canal\\\/#primaryimage\"},\"image\":{\"@id\":\"https:\\\/\\\/kart.no\\\/en\\\/produkt\\\/nv-charts-volume-8-gota-canal-trollhatte-canal\\\/#primaryimage\"},\"thumbnailUrl\":\"https:\\\/\\\/kart.no\\\/wp-content\\\/uploads\\\/2026\\\/01\\\/NV_Charts_Gaeta_Kanal_-_Kombipakke_1.jpg\",\"datePublished\":\"2026-01-02T00:53:47+00:00\",\"description\":\"Chart set for the G\u00f6ta Canal and Trollh\u00e4tte Canal in Sweden. NV Charts Binnenband 8 comes with paper charts and digital nautical charts with details of depths, locks and port calls.\",\"breadcrumb\":{\"@id\":\"https:\\\/\\\/kart.no\\\/en\\\/produkt\\\/nv-charts-volume-8-gota-canal-trollhatte-canal\\\/#breadcrumb\"},\"inLanguage\":\"en-US\",\"potentialAction\":[{\"@type\":\"ReadAction\",\"target\":[\"https:\\\/\\\/kart.no\\\/en\\\/produkt\\\/nv-charts-volume-8-gota-canal-trollhatte-canal\\\/\"]}]},{\"@type\":\"ImageObject\",\"inLanguage\":\"en-US\",\"@id\":\"https:\\\/\\\/kart.no\\\/en\\\/produkt\\\/nv-charts-volume-8-gota-canal-trollhatte-canal\\\/#primaryimage\",\"url\":\"https:\\\/\\\/kart.no\\\/wp-content\\\/uploads\\\/2026\\\/01\\\/NV_Charts_Gaeta_Kanal_-_Kombipakke_1.jpg\",\"contentUrl\":\"https:\\\/\\\/kart.no\\\/wp-content\\\/uploads\\\/2026\\\/01\\\/NV_Charts_Gaeta_Kanal_-_Kombipakke_1.jpg\",\"width\":1000,\"height\":1000,\"caption\":\"NV Charts Binnenband 8 - nautical charts for G\u00f6ta Canal and Trollh\u00e4tte Canal, with paper and digital access.\"},{\"@type\":\"BreadcrumbList\",\"@id\":\"https:\\\/\\\/kart.no\\\/en\\\/produkt\\\/nv-charts-volume-8-gota-canal-trollhatte-canal\\\/#breadcrumb\",\"itemListElement\":[{\"@type\":\"ListItem\",\"position\":1,\"name\":\"Hjem\",\"item\":\"https:\\\/\\\/kart.no\\\/en\\\/\"},{\"@type\":\"ListItem\",\"position\":2,\"name\":\"Shop\",\"item\":\"https:\\\/\\\/kart.no\\\/en\\\/shop\\\/\"},{\"@type\":\"ListItem\",\"position\":3,\"name\":\"NV Charts Volume 8 G\u00f6ta Canal &amp; Trollh\u00e4tte Canal\"}]},{\"@type\":\"WebSite\",\"@id\":\"https:\\\/\\\/kart.no\\\/en\\\/#website\",\"url\":\"https:\\\/\\\/kart.no\\\/en\\\/\",\"name\":\"Kart.no\",\"description\":\"Nordic expertise in maps and navigation\",\"publisher\":{\"@id\":\"https:\\\/\\\/kart.no\\\/en\\\/#organization\"},\"potentialAction\":[{\"@type\":\"SearchAction\",\"target\":{\"@type\":\"EntryPoint\",\"urlTemplate\":\"https:\\\/\\\/kart.no\\\/en\\\/?s={search_term_string}\"},\"query-input\":{\"@type\":\"PropertyValueSpecification\",\"valueRequired\":true,\"valueName\":\"search_term_string\"}}],\"inLanguage\":\"en-US\"},{\"@type\":\"Organization\",\"@id\":\"https:\\\/\\\/kart.no\\\/en\\\/#organization\",\"name\":\"Kart.no\",\"url\":\"https:\\\/\\\/kart.no\\\/en\\\/\",\"logo\":{\"@type\":\"ImageObject\",\"inLanguage\":\"en-US\",\"@id\":\"https:\\\/\\\/kart.no\\\/en\\\/#\\\/schema\\\/logo\\\/image\\\/\",\"url\":\"https:\\\/\\\/kart.no\\\/wp-content\\\/uploads\\\/2023\\\/10\\\/kart.no-logo.png\",\"contentUrl\":\"https:\\\/\\\/kart.no\\\/wp-content\\\/uploads\\\/2023\\\/10\\\/kart.no-logo.png\",\"width\":784,\"height\":312,\"caption\":\"Kart.no\"},\"image\":{\"@id\":\"https:\\\/\\\/kart.no\\\/en\\\/#\\\/schema\\\/logo\\\/image\\\/\"},\"sameAs\":[\"https:\\\/\\\/www.facebook.com\\\/kart.no\",\"https:\\\/\\\/www.instagram.com\\\/_kart.no\\\/\"]}]}<\/script>\n<!-- \/ Yoast SEO Premium plugin. -->","yoast_head_json":{"title":"NV Charts Inland band 8 G\u00f6ta-kanal & Trollh\u00e4tte-kanal | Sj\u00f8kart papir + digital","description":"Chart set for the G\u00f6ta Canal and Trollh\u00e4tte Canal in Sweden. NV Charts Binnenband 8 comes with paper charts and digital nautical charts with details of depths, locks and port calls.","robots":{"index":"index","follow":"follow","max-snippet":"max-snippet:-1","max-image-preview":"max-image-preview:large","max-video-preview":"max-video-preview:-1"},"canonical":"https:\/\/kart.no\/en\/produkt\/nv-charts-volume-8-gota-canal-trollhatte-canal\/","og_locale":"en_US","og_type":"article","og_title":"NV Charts Volume 8 G\u00f6ta Canal &amp; Trollh\u00e4tte Canal","og_description":"Chart set for the G\u00f6ta Canal and Trollh\u00e4tte Canal in Sweden. NV Charts Binnenband 8 comes with paper charts and digital nautical charts with details of depths, locks and port calls.","og_url":"https:\/\/kart.no\/en\/produkt\/nv-charts-volume-8-gota-canal-trollhatte-canal\/","og_site_name":"Kart.no","article_publisher":"https:\/\/www.facebook.com\/kart.no","og_image":[{"width":1000,"height":1000,"url":"https:\/\/kart.no\/wp-content\/uploads\/2026\/01\/NV_Charts_Gaeta_Kanal_-_Kombipakke_1.jpg","type":"image\/jpeg"}],"twitter_card":"summary_large_image","twitter_misc":{"Est. reading time":"1 minute"},"schema":{"@context":"https:\/\/schema.org","@graph":[{"@type":"WebPage","@id":"https:\/\/kart.no\/en\/produkt\/nv-charts-volume-8-gota-canal-trollhatte-canal\/","url":"https:\/\/kart.no\/en\/produkt\/nv-charts-volume-8-gota-canal-trollhatte-canal\/","name":"NV Charts Inland band 8 G\u00f6ta-kanal & Trollh\u00e4tte-kanal | Sj\u00f8kart papir + digital","isPartOf":{"@id":"https:\/\/kart.no\/en\/#website"},"primaryImageOfPage":{"@id":"https:\/\/kart.no\/en\/produkt\/nv-charts-volume-8-gota-canal-trollhatte-canal\/#primaryimage"},"image":{"@id":"https:\/\/kart.no\/en\/produkt\/nv-charts-volume-8-gota-canal-trollhatte-canal\/#primaryimage"},"thumbnailUrl":"https:\/\/kart.no\/wp-content\/uploads\/2026\/01\/NV_Charts_Gaeta_Kanal_-_Kombipakke_1.jpg","datePublished":"2026-01-02T00:53:47+00:00","description":"Chart set for the G\u00f6ta Canal and Trollh\u00e4tte Canal in Sweden. NV Charts Binnenband 8 comes with paper charts and digital nautical charts with details of depths, locks and port calls.","breadcrumb":{"@id":"https:\/\/kart.no\/en\/produkt\/nv-charts-volume-8-gota-canal-trollhatte-canal\/#breadcrumb"},"inLanguage":"en-US","potentialAction":[{"@type":"ReadAction","target":["https:\/\/kart.no\/en\/produkt\/nv-charts-volume-8-gota-canal-trollhatte-canal\/"]}]},{"@type":"ImageObject","inLanguage":"en-US","@id":"https:\/\/kart.no\/en\/produkt\/nv-charts-volume-8-gota-canal-trollhatte-canal\/#primaryimage","url":"https:\/\/kart.no\/wp-content\/uploads\/2026\/01\/NV_Charts_Gaeta_Kanal_-_Kombipakke_1.jpg","contentUrl":"https:\/\/kart.no\/wp-content\/uploads\/2026\/01\/NV_Charts_Gaeta_Kanal_-_Kombipakke_1.jpg","width":1000,"height":1000,"caption":"NV Charts Binnenband 8 - nautical charts for G\u00f6ta Canal and Trollh\u00e4tte Canal, with paper and digital access."},{"@type":"BreadcrumbList","@id":"https:\/\/kart.no\/en\/produkt\/nv-charts-volume-8-gota-canal-trollhatte-canal\/#breadcrumb","itemListElement":[{"@type":"ListItem","position":1,"name":"Hjem","item":"https:\/\/kart.no\/en\/"},{"@type":"ListItem","position":2,"name":"Shop","item":"https:\/\/kart.no\/en\/shop\/"},{"@type":"ListItem","position":3,"name":"NV Charts Volume 8 G\u00f6ta Canal &amp; Trollh\u00e4tte Canal"}]},{"@type":"WebSite","@id":"https:\/\/kart.no\/en\/#website","url":"https:\/\/kart.no\/en\/","name":"Kart.no","description":"Nordic expertise in maps and navigation","publisher":{"@id":"https:\/\/kart.no\/en\/#organization"},"potentialAction":[{"@type":"SearchAction","target":{"@type":"EntryPoint","urlTemplate":"https:\/\/kart.no\/en\/?s={search_term_string}"},"query-input":{"@type":"PropertyValueSpecification","valueRequired":true,"valueName":"search_term_string"}}],"inLanguage":"en-US"},{"@type":"Organization","@id":"https:\/\/kart.no\/en\/#organization","name":"Kart.no","url":"https:\/\/kart.no\/en\/","logo":{"@type":"ImageObject","inLanguage":"en-US","@id":"https:\/\/kart.no\/en\/#\/schema\/logo\/image\/","url":"https:\/\/kart.no\/wp-content\/uploads\/2023\/10\/kart.no-logo.png","contentUrl":"https:\/\/kart.no\/wp-content\/uploads\/2023\/10\/kart.no-logo.png","width":784,"height":312,"caption":"Kart.no"},"image":{"@id":"https:\/\/kart.no\/en\/#\/schema\/logo\/image\/"},"sameAs":["https:\/\/www.facebook.com\/kart.no","https:\/\/www.instagram.com\/_kart.no\/"]}]}},"uagb_featured_image_src":{"full":["https:\/\/kart.no\/wp-content\/uploads\/2026\/01\/NV_Charts_Gaeta_Kanal_-_Kombipakke_1.jpg",1000,1000,false],"thumbnail":["https:\/\/kart.no\/wp-content\/uploads\/2026\/01\/NV_Charts_Gaeta_Kanal_-_Kombipakke_1-150x150.jpg",150,150,true],"medium":["https:\/\/kart.no\/wp-content\/uploads\/2026\/01\/NV_Charts_Gaeta_Kanal_-_Kombipakke_1-300x300.jpg",300,300,true],"medium_large":["https:\/\/kart.no\/wp-content\/uploads\/2026\/01\/NV_Charts_Gaeta_Kanal_-_Kombipakke_1-768x768.jpg",768,768,true],"large":["https:\/\/kart.no\/wp-content\/uploads\/2026\/01\/NV_Charts_Gaeta_Kanal_-_Kombipakke_1.jpg",1000,1000,false],"1536x1536":["https:\/\/kart.no\/wp-content\/uploads\/2026\/01\/NV_Charts_Gaeta_Kanal_-_Kombipakke_1.jpg",1000,1000,false],"2048x2048":["https:\/\/kart.no\/wp-content\/uploads\/2026\/01\/NV_Charts_Gaeta_Kanal_-_Kombipakke_1.jpg",1000,1000,false],"woocommerce_thumbnail":["https:\/\/kart.no\/wp-content\/uploads\/2026\/01\/NV_Charts_Gaeta_Kanal_-_Kombipakke_1-300x300.jpg",300,300,true],"woocommerce_single":["https:\/\/kart.no\/wp-content\/uploads\/2026\/01\/NV_Charts_Gaeta_Kanal_-_Kombipakke_1-600x600.jpg",600,600,true],"woocommerce_gallery_thumbnail":["https:\/\/kart.no\/wp-content\/uploads\/2026\/01\/NV_Charts_Gaeta_Kanal_-_Kombipakke_1-100x100.jpg",100,100,true],"dgwt-wcas-product-suggestion":["https:\/\/kart.no\/wp-content\/uploads\/2026\/01\/NV_Charts_Gaeta_Kanal_-_Kombipakke_1-64x64.jpg",64,64,true]},"uagb_author_info":{"display_name":"Steinar Figved","author_link":"https:\/\/kart.no\/en\/author\/"},"uagb_comment_info":0,"uagb_excerpt":"NV Charts G\u00f6ta Kanal - Combi Pack is a nautical chart for practical navigation at sea, suitable for both sailboats and motorboats. This chart is always delivered in the latest available edition from NV Charts, with free exchange\/return if a new version is released shortly after purchase.","_links":{"self":[{"href":"https:\/\/kart.no\/en\/wp-json\/wp\/v2\/product\/50787","targetHints":{"allow":["GET"]}}],"collection":[{"href":"https:\/\/kart.no\/en\/wp-json\/wp\/v2\/product"}],"about":[{"href":"https:\/\/kart.no\/en\/wp-json\/wp\/v2\/types\/product"}],"replies":[{"embeddable":true,"href":"https:\/\/kart.no\/en\/wp-json\/wp\/v2\/comments?post=50787"}],"wp:featuredmedia":[{"embeddable":true,"href":"https:\/\/kart.no\/en\/wp-json\/wp\/v2\/media\/36729"}],"wp:attachment":[{"href":"https:\/\/kart.no\/en\/wp-json\/wp\/v2\/media?parent=50787"}],"wp:term":[{"taxonomy":"product_brand","embeddable":true,"href":"https:\/\/kart.no\/en\/wp-json\/wp\/v2\/product_brand?post=50787"},{"taxonomy":"product_cat","embeddable":true,"href":"https:\/\/kart.no\/en\/wp-json\/wp\/v2\/product_cat?post=50787"},{"taxonomy":"product_tag","embeddable":true,"href":"https:\/\/kart.no\/en\/wp-json\/wp\/v2\/product_tag?post=50787"}],"curies":[{"name":"wp","href":"https:\/\/api.w.org\/{rel}","templated":true}]}}