{"id":50790,"date":"2026-01-02T01:53:54","date_gmt":"2026-01-02T00:53:54","guid":{"rendered":"https:\/\/kart.no\/produkt\/nv-charts-de10-nordfriesland-sylt-helgoland-eider\/"},"modified":"2026-01-02T01:53:54","modified_gmt":"2026-01-02T00:53:54","slug":"nv-charts-de10-nordfriesland-sylt-helgoland-eider","status":"publish","type":"product","link":"https:\/\/kart.no\/en\/produkt\/nv-charts-de10-nordfriesland-sylt-helgoland-eider\/","title":{"rendered":"NV Charts DE10 Nordfriesland Sylt-Helgoland &amp; Eider"},"content":{"rendered":"<p><strong>NV Charts DE10 Nordfriesland Sylt-Helgoland &amp; Eider<\/strong> is a comprehensive chart package with both paper and digital charts for the northern parts of the German North Sea coast, including Nordfriesland, the islands of Sylt and Helgoland and the river Eider. The charts are professionally designed for recreational sailing and provide detailed information on water conditions, approaches, tides, currents, harbors and sailing routes in this challenging water area. :contentReference  <\/p>\n<p>The package comes in a convenient atlas format (A2 open \/ A3 closed) with paper charts, combined with access to digital charts via the NV Charts app and compatible navigation applications. The digital charts can be used offline on multiple devices, giving you access to up-to-date nautical data both on board and ashore. :contentReference  <\/p>\n<p><strong>Characteristics<\/strong><br \/>\nPaper map in atlas format with clear and detailed cartography.<br \/>\nIncludes digital nautical charts for the NV Charts app with 365-day license.<br \/>\nTidal calendar and current data included in the maps.<br \/>\nPort plans with associated details for approaches.<br \/>\nNavigation instructions and explanations in both German and English :contentReference <\/p>\n<p><strong>Map overview<\/strong><br \/>\nC1 Nordfriesland (1:375 000).<br \/>\nC2 R\u00f8m\u00f8 to S\u00fcderoogsand (1:150 000).<br \/>\nC3 Helgoland to S\u00fcderoogsand (1:150 000).<br \/>\nC4 Lister Tief Nord (1:50 000).<br \/>\nC5 Lister Low South (1:50 000).<br \/>\nC6 Front step (1:50 000).<br \/>\nC7 H\u00f6rnumtief (1:50,000).<br \/>\nC8 R\u00fctergat (1:50 000).<br \/>\nC9 Norderaue-S\u00fcderaue (1:50 000).<br \/>\nC10 Norderhever Nord (1:50 000).<br \/>\nC11 Norderhever &amp; Heverstrom (1:50 000).<br \/>\nC12 R\u00fctergat to Mittelhever (1:50 000).<br \/>\nC13 Norderhever South (1:50 000).<br \/>\nC14 S\u00fcderhever &amp; Heverstrom (1:50 000).<br \/>\nC15 Norderpiep to Eidersperrwerk (1:50 000).<br \/>\nC16 Norder- &amp; S\u00fcderpiep (1:50 000).<br \/>\nC17 Meldorf bay (1:50 000).<br \/>\nC18 Tideeider (1:25 000).<br \/>\nC19 Eider &#8211; Wollersum to Nordfeld (1:25 000).<br \/>\nC20 Eider &#8211; Nordfeld to Lexf\u00e4hre (1:50 000).<br \/>\nC21 Arrival at Helgoland (1:50 000).<br \/>\nDetailed maps for ports and harbors such as B\u00fcsum, Dageb\u00fcll, Schl\u00fcttsiel, Husum, Gieselau lock, Helgoland, Amrum, Pellworm, H\u00f6rnum, R\u00f8m\u00f8, List and Wyk (varying scales). :contentReference <\/p>\n<p><strong>Updates<\/strong><br \/>\nAlways delivered in the latest available edition from NV Charts. If a new and updated edition is launched within 30 days of purchase, the map can be exchanged for a new edition free of charge. <\/p>\n","protected":false},"excerpt":{"rendered":"<p>NV Charts DE10: NV Atlas Nordfriesland &#8211; Sylt bis Helgoland Eider is a nautical chart for practical navigation at sea, suitable for both sailboats and motorboats. This chart is always delivered in <strong>the latest available edition<\/strong> from NV Charts, with <strong>free exchange\/return<\/strong> if a new version is released shortly after purchase. <\/p>\n","protected":false},"featured_media":36801,"comment_status":"open","ping_status":"closed","template":"","meta":{"_uag_custom_page_level_css":""},"product_brand":[1408],"product_cat":[1160],"product_tag":[],"class_list":{"0":"post-50790","1":"product","2":"type-product","3":"status-publish","4":"has-post-thumbnail","6":"product_brand-nv-charts","7":"product_cat-recreational-nautical-charts-germany","8":"product_shipping_class-boxship","9":"pa_produsent-nv-charts","11":"first","12":"instock","13":"taxable","14":"shipping-taxable","15":"purchasable","16":"product-type-simple"},"composite_virtual":false,"composite_layout":"","composite_add_to_cart_form_location":"","composite_editable_in_cart":false,"composite_sold_individually_context":"","composite_shop_price_calc":"","composite_components":[],"composite_scenarios":[],"acf":[],"yoast_head":"<!-- This site is optimized with the Yoast SEO Premium plugin v27.5 (Yoast SEO v27.5) - https:\/\/yoast.com\/product\/yoast-seo-premium-wordpress\/ -->\n<title>NV Charts DE10 Nordfriesland Sylt-Helgoland &amp; Eider | Nautical charts paper + digital<\/title>\n<meta name=\"description\" content=\"Nautical charts for Nordfriesland from Sylt to Helgoland &amp; Eider in the North Sea. NV Charts DE10 combo pack with paper charts and digital nautical charts for app + PC\/Mac with offline use.\" \/>\n<meta name=\"robots\" content=\"index, follow, max-snippet:-1, max-image-preview:large, max-video-preview:-1\" \/>\n<link rel=\"canonical\" href=\"https:\/\/kart.no\/en\/produkt\/nv-charts-de10-nordfriesland-sylt-helgoland-eider\/\" \/>\n<meta property=\"og:locale\" content=\"en_US\" \/>\n<meta property=\"og:type\" content=\"article\" \/>\n<meta property=\"og:title\" content=\"NV Charts DE10 Nordfriesland Sylt-Helgoland &amp; Eider\" \/>\n<meta property=\"og:description\" content=\"Nautical charts for Nordfriesland from Sylt to Helgoland &amp; Eider in the North Sea. NV Charts DE10 combo pack with paper charts and digital nautical charts for app + PC\/Mac with offline use.\" \/>\n<meta property=\"og:url\" content=\"https:\/\/kart.no\/en\/produkt\/nv-charts-de10-nordfriesland-sylt-helgoland-eider\/\" \/>\n<meta property=\"og:site_name\" content=\"Kart.no\" \/>\n<meta property=\"article:publisher\" content=\"https:\/\/www.facebook.com\/kart.no\" \/>\n<meta property=\"og:image\" content=\"https:\/\/kart.no\/wp-content\/uploads\/2026\/01\/DE10_3.jpg\" \/>\n\t<meta property=\"og:image:width\" content=\"1059\" \/>\n\t<meta property=\"og:image:height\" content=\"1059\" \/>\n\t<meta property=\"og:image:type\" content=\"image\/jpeg\" \/>\n<meta name=\"twitter:card\" content=\"summary_large_image\" \/>\n<meta name=\"twitter:label1\" content=\"Est. reading time\" \/>\n\t<meta name=\"twitter:data1\" content=\"2 minutes\" \/>\n<script type=\"application\/ld+json\" class=\"yoast-schema-graph\">{\"@context\":\"https:\\\/\\\/schema.org\",\"@graph\":[{\"@type\":\"WebPage\",\"@id\":\"https:\\\/\\\/kart.no\\\/en\\\/produkt\\\/nv-charts-de10-nordfriesland-sylt-helgoland-eider\\\/\",\"url\":\"https:\\\/\\\/kart.no\\\/en\\\/produkt\\\/nv-charts-de10-nordfriesland-sylt-helgoland-eider\\\/\",\"name\":\"NV Charts DE10 Nordfriesland Sylt-Helgoland & Eider | Nautical charts paper + digital\",\"isPartOf\":{\"@id\":\"https:\\\/\\\/kart.no\\\/en\\\/#website\"},\"primaryImageOfPage\":{\"@id\":\"https:\\\/\\\/kart.no\\\/en\\\/produkt\\\/nv-charts-de10-nordfriesland-sylt-helgoland-eider\\\/#primaryimage\"},\"image\":{\"@id\":\"https:\\\/\\\/kart.no\\\/en\\\/produkt\\\/nv-charts-de10-nordfriesland-sylt-helgoland-eider\\\/#primaryimage\"},\"thumbnailUrl\":\"https:\\\/\\\/kart.no\\\/wp-content\\\/uploads\\\/2026\\\/01\\\/DE10_3.jpg\",\"datePublished\":\"2026-01-02T00:53:54+00:00\",\"description\":\"Nautical charts for Nordfriesland from Sylt to Helgoland & Eider in the North Sea. NV Charts DE10 combo pack with paper charts and digital nautical charts for app + PC\\\/Mac with offline use.\",\"breadcrumb\":{\"@id\":\"https:\\\/\\\/kart.no\\\/en\\\/produkt\\\/nv-charts-de10-nordfriesland-sylt-helgoland-eider\\\/#breadcrumb\"},\"inLanguage\":\"en-US\",\"potentialAction\":[{\"@type\":\"ReadAction\",\"target\":[\"https:\\\/\\\/kart.no\\\/en\\\/produkt\\\/nv-charts-de10-nordfriesland-sylt-helgoland-eider\\\/\"]}]},{\"@type\":\"ImageObject\",\"inLanguage\":\"en-US\",\"@id\":\"https:\\\/\\\/kart.no\\\/en\\\/produkt\\\/nv-charts-de10-nordfriesland-sylt-helgoland-eider\\\/#primaryimage\",\"url\":\"https:\\\/\\\/kart.no\\\/wp-content\\\/uploads\\\/2026\\\/01\\\/DE10_3.jpg\",\"contentUrl\":\"https:\\\/\\\/kart.no\\\/wp-content\\\/uploads\\\/2026\\\/01\\\/DE10_3.jpg\",\"width\":1059,\"height\":1059,\"caption\":\"NV Charts DE10 - nautical charts for Nordfriesland, Sylt to Helgoland &amp; Eider in the North Sea. Combination package with paper and digital access.\"},{\"@type\":\"BreadcrumbList\",\"@id\":\"https:\\\/\\\/kart.no\\\/en\\\/produkt\\\/nv-charts-de10-nordfriesland-sylt-helgoland-eider\\\/#breadcrumb\",\"itemListElement\":[{\"@type\":\"ListItem\",\"position\":1,\"name\":\"Hjem\",\"item\":\"https:\\\/\\\/kart.no\\\/en\\\/\"},{\"@type\":\"ListItem\",\"position\":2,\"name\":\"Shop\",\"item\":\"https:\\\/\\\/kart.no\\\/en\\\/shop\\\/\"},{\"@type\":\"ListItem\",\"position\":3,\"name\":\"Marine\",\"item\":\"https:\\\/\\\/kart.no\\\/en\\\/product-category\\\/marine\\\/\"},{\"@type\":\"ListItem\",\"position\":4,\"name\":\"Nautical Charts (Paper)\",\"item\":\"https:\\\/\\\/kart.no\\\/en\\\/product-category\\\/marine\\\/nautical-charts-paper\\\/\"},{\"@type\":\"ListItem\",\"position\":5,\"name\":\"Nautical Charts (Paper) \u2013 Germany\",\"item\":\"https:\\\/\\\/kart.no\\\/en\\\/product-category\\\/marine\\\/nautical-charts-paper\\\/nautical-charts-paper-germany\\\/\"},{\"@type\":\"ListItem\",\"position\":6,\"name\":\"Recreational nautical Charts \u2013 Germany\",\"item\":\"https:\\\/\\\/kart.no\\\/en\\\/product-category\\\/marine\\\/nautical-charts-paper\\\/nautical-charts-paper-germany\\\/recreational-nautical-charts-germany\\\/\"},{\"@type\":\"ListItem\",\"position\":7,\"name\":\"NV Charts DE10 Nordfriesland Sylt-Helgoland &amp; Eider\"}]},{\"@type\":\"WebSite\",\"@id\":\"https:\\\/\\\/kart.no\\\/en\\\/#website\",\"url\":\"https:\\\/\\\/kart.no\\\/en\\\/\",\"name\":\"Kart.no\",\"description\":\"Nordic expertise in maps and navigation\",\"publisher\":{\"@id\":\"https:\\\/\\\/kart.no\\\/en\\\/#organization\"},\"potentialAction\":[{\"@type\":\"SearchAction\",\"target\":{\"@type\":\"EntryPoint\",\"urlTemplate\":\"https:\\\/\\\/kart.no\\\/en\\\/?s={search_term_string}\"},\"query-input\":{\"@type\":\"PropertyValueSpecification\",\"valueRequired\":true,\"valueName\":\"search_term_string\"}}],\"inLanguage\":\"en-US\"},{\"@type\":\"Organization\",\"@id\":\"https:\\\/\\\/kart.no\\\/en\\\/#organization\",\"name\":\"Kart.no\",\"url\":\"https:\\\/\\\/kart.no\\\/en\\\/\",\"logo\":{\"@type\":\"ImageObject\",\"inLanguage\":\"en-US\",\"@id\":\"https:\\\/\\\/kart.no\\\/en\\\/#\\\/schema\\\/logo\\\/image\\\/\",\"url\":\"https:\\\/\\\/kart.no\\\/wp-content\\\/uploads\\\/2023\\\/10\\\/kart.no-logo.png\",\"contentUrl\":\"https:\\\/\\\/kart.no\\\/wp-content\\\/uploads\\\/2023\\\/10\\\/kart.no-logo.png\",\"width\":784,\"height\":312,\"caption\":\"Kart.no\"},\"image\":{\"@id\":\"https:\\\/\\\/kart.no\\\/en\\\/#\\\/schema\\\/logo\\\/image\\\/\"},\"sameAs\":[\"https:\\\/\\\/www.facebook.com\\\/kart.no\",\"https:\\\/\\\/www.instagram.com\\\/_kart.no\\\/\"]}]}<\/script>\n<!-- \/ Yoast SEO Premium plugin. -->","yoast_head_json":{"title":"NV Charts DE10 Nordfriesland Sylt-Helgoland & Eider | Nautical charts paper + digital","description":"Nautical charts for Nordfriesland from Sylt to Helgoland & Eider in the North Sea. NV Charts DE10 combo pack with paper charts and digital nautical charts for app + PC\/Mac with offline use.","robots":{"index":"index","follow":"follow","max-snippet":"max-snippet:-1","max-image-preview":"max-image-preview:large","max-video-preview":"max-video-preview:-1"},"canonical":"https:\/\/kart.no\/en\/produkt\/nv-charts-de10-nordfriesland-sylt-helgoland-eider\/","og_locale":"en_US","og_type":"article","og_title":"NV Charts DE10 Nordfriesland Sylt-Helgoland &amp; Eider","og_description":"Nautical charts for Nordfriesland from Sylt to Helgoland & Eider in the North Sea. NV Charts DE10 combo pack with paper charts and digital nautical charts for app + PC\/Mac with offline use.","og_url":"https:\/\/kart.no\/en\/produkt\/nv-charts-de10-nordfriesland-sylt-helgoland-eider\/","og_site_name":"Kart.no","article_publisher":"https:\/\/www.facebook.com\/kart.no","og_image":[{"width":1059,"height":1059,"url":"https:\/\/kart.no\/wp-content\/uploads\/2026\/01\/DE10_3.jpg","type":"image\/jpeg"}],"twitter_card":"summary_large_image","twitter_misc":{"Est. reading time":"2 minutes"},"schema":{"@context":"https:\/\/schema.org","@graph":[{"@type":"WebPage","@id":"https:\/\/kart.no\/en\/produkt\/nv-charts-de10-nordfriesland-sylt-helgoland-eider\/","url":"https:\/\/kart.no\/en\/produkt\/nv-charts-de10-nordfriesland-sylt-helgoland-eider\/","name":"NV Charts DE10 Nordfriesland Sylt-Helgoland & Eider | Nautical charts paper + digital","isPartOf":{"@id":"https:\/\/kart.no\/en\/#website"},"primaryImageOfPage":{"@id":"https:\/\/kart.no\/en\/produkt\/nv-charts-de10-nordfriesland-sylt-helgoland-eider\/#primaryimage"},"image":{"@id":"https:\/\/kart.no\/en\/produkt\/nv-charts-de10-nordfriesland-sylt-helgoland-eider\/#primaryimage"},"thumbnailUrl":"https:\/\/kart.no\/wp-content\/uploads\/2026\/01\/DE10_3.jpg","datePublished":"2026-01-02T00:53:54+00:00","description":"Nautical charts for Nordfriesland from Sylt to Helgoland & Eider in the North Sea. NV Charts DE10 combo pack with paper charts and digital nautical charts for app + PC\/Mac with offline use.","breadcrumb":{"@id":"https:\/\/kart.no\/en\/produkt\/nv-charts-de10-nordfriesland-sylt-helgoland-eider\/#breadcrumb"},"inLanguage":"en-US","potentialAction":[{"@type":"ReadAction","target":["https:\/\/kart.no\/en\/produkt\/nv-charts-de10-nordfriesland-sylt-helgoland-eider\/"]}]},{"@type":"ImageObject","inLanguage":"en-US","@id":"https:\/\/kart.no\/en\/produkt\/nv-charts-de10-nordfriesland-sylt-helgoland-eider\/#primaryimage","url":"https:\/\/kart.no\/wp-content\/uploads\/2026\/01\/DE10_3.jpg","contentUrl":"https:\/\/kart.no\/wp-content\/uploads\/2026\/01\/DE10_3.jpg","width":1059,"height":1059,"caption":"NV Charts DE10 - nautical charts for Nordfriesland, Sylt to Helgoland &amp; Eider in the North Sea. Combination package with paper and digital access."},{"@type":"BreadcrumbList","@id":"https:\/\/kart.no\/en\/produkt\/nv-charts-de10-nordfriesland-sylt-helgoland-eider\/#breadcrumb","itemListElement":[{"@type":"ListItem","position":1,"name":"Hjem","item":"https:\/\/kart.no\/en\/"},{"@type":"ListItem","position":2,"name":"Shop","item":"https:\/\/kart.no\/en\/shop\/"},{"@type":"ListItem","position":3,"name":"Marine","item":"https:\/\/kart.no\/en\/product-category\/marine\/"},{"@type":"ListItem","position":4,"name":"Nautical Charts (Paper)","item":"https:\/\/kart.no\/en\/product-category\/marine\/nautical-charts-paper\/"},{"@type":"ListItem","position":5,"name":"Nautical Charts (Paper) \u2013 Germany","item":"https:\/\/kart.no\/en\/product-category\/marine\/nautical-charts-paper\/nautical-charts-paper-germany\/"},{"@type":"ListItem","position":6,"name":"Recreational nautical Charts \u2013 Germany","item":"https:\/\/kart.no\/en\/product-category\/marine\/nautical-charts-paper\/nautical-charts-paper-germany\/recreational-nautical-charts-germany\/"},{"@type":"ListItem","position":7,"name":"NV Charts DE10 Nordfriesland Sylt-Helgoland &amp; Eider"}]},{"@type":"WebSite","@id":"https:\/\/kart.no\/en\/#website","url":"https:\/\/kart.no\/en\/","name":"Kart.no","description":"Nordic expertise in maps and navigation","publisher":{"@id":"https:\/\/kart.no\/en\/#organization"},"potentialAction":[{"@type":"SearchAction","target":{"@type":"EntryPoint","urlTemplate":"https:\/\/kart.no\/en\/?s={search_term_string}"},"query-input":{"@type":"PropertyValueSpecification","valueRequired":true,"valueName":"search_term_string"}}],"inLanguage":"en-US"},{"@type":"Organization","@id":"https:\/\/kart.no\/en\/#organization","name":"Kart.no","url":"https:\/\/kart.no\/en\/","logo":{"@type":"ImageObject","inLanguage":"en-US","@id":"https:\/\/kart.no\/en\/#\/schema\/logo\/image\/","url":"https:\/\/kart.no\/wp-content\/uploads\/2023\/10\/kart.no-logo.png","contentUrl":"https:\/\/kart.no\/wp-content\/uploads\/2023\/10\/kart.no-logo.png","width":784,"height":312,"caption":"Kart.no"},"image":{"@id":"https:\/\/kart.no\/en\/#\/schema\/logo\/image\/"},"sameAs":["https:\/\/www.facebook.com\/kart.no","https:\/\/www.instagram.com\/_kart.no\/"]}]}},"uagb_featured_image_src":{"full":["https:\/\/kart.no\/wp-content\/uploads\/2026\/01\/DE10_3.jpg",1059,1059,false],"thumbnail":["https:\/\/kart.no\/wp-content\/uploads\/2026\/01\/DE10_3-150x150.jpg",150,150,true],"medium":["https:\/\/kart.no\/wp-content\/uploads\/2026\/01\/DE10_3-300x300.jpg",300,300,true],"medium_large":["https:\/\/kart.no\/wp-content\/uploads\/2026\/01\/DE10_3-768x768.jpg",768,768,true],"large":["https:\/\/kart.no\/wp-content\/uploads\/2026\/01\/DE10_3.jpg",1059,1059,false],"1536x1536":["https:\/\/kart.no\/wp-content\/uploads\/2026\/01\/DE10_3.jpg",1059,1059,false],"2048x2048":["https:\/\/kart.no\/wp-content\/uploads\/2026\/01\/DE10_3.jpg",1059,1059,false],"woocommerce_thumbnail":["https:\/\/kart.no\/wp-content\/uploads\/2026\/01\/DE10_3-300x300.jpg",300,300,true],"woocommerce_single":["https:\/\/kart.no\/wp-content\/uploads\/2026\/01\/DE10_3-600x600.jpg",600,600,true],"woocommerce_gallery_thumbnail":["https:\/\/kart.no\/wp-content\/uploads\/2026\/01\/DE10_3-100x100.jpg",100,100,true],"dgwt-wcas-product-suggestion":["https:\/\/kart.no\/wp-content\/uploads\/2026\/01\/DE10_3-64x64.jpg",64,64,true]},"uagb_author_info":{"display_name":"Steinar Figved","author_link":"https:\/\/kart.no\/en\/author\/"},"uagb_comment_info":0,"uagb_excerpt":"NV Charts DE10: NV Atlas Nordfriesland - Sylt bis Helgoland Eider is a nautical chart for practical navigation at sea, suitable for both sailboats and motorboats. This chart is always delivered in the latest available edition from NV Charts, with free exchange\/return if a new version is released shortly after purchase.","_links":{"self":[{"href":"https:\/\/kart.no\/en\/wp-json\/wp\/v2\/product\/50790","targetHints":{"allow":["GET"]}}],"collection":[{"href":"https:\/\/kart.no\/en\/wp-json\/wp\/v2\/product"}],"about":[{"href":"https:\/\/kart.no\/en\/wp-json\/wp\/v2\/types\/product"}],"replies":[{"embeddable":true,"href":"https:\/\/kart.no\/en\/wp-json\/wp\/v2\/comments?post=50790"}],"wp:featuredmedia":[{"embeddable":true,"href":"https:\/\/kart.no\/en\/wp-json\/wp\/v2\/media\/36801"}],"wp:attachment":[{"href":"https:\/\/kart.no\/en\/wp-json\/wp\/v2\/media?parent=50790"}],"wp:term":[{"taxonomy":"product_brand","embeddable":true,"href":"https:\/\/kart.no\/en\/wp-json\/wp\/v2\/product_brand?post=50790"},{"taxonomy":"product_cat","embeddable":true,"href":"https:\/\/kart.no\/en\/wp-json\/wp\/v2\/product_cat?post=50790"},{"taxonomy":"product_tag","embeddable":true,"href":"https:\/\/kart.no\/en\/wp-json\/wp\/v2\/product_tag?post=50790"}],"curies":[{"name":"wp","href":"https:\/\/api.w.org\/{rel}","templated":true}]}}