{"id":50825,"date":"2026-01-02T12:53:44","date_gmt":"2026-01-02T11:53:44","guid":{"rendered":"https:\/\/kart.no\/produkt\/nv-charts-france-fr8-oleron-san-sebastian-bordeaux\/"},"modified":"2026-01-02T12:53:44","modified_gmt":"2026-01-02T11:53:44","slug":"nv-charts-france-fr8-oleron-san-sebastian-bordeaux","status":"publish","type":"product","link":"https:\/\/kart.no\/en\/produkt\/nv-charts-france-fr8-oleron-san-sebastian-bordeaux\/","title":{"rendered":"NV Charts France FR8 Oleron-San Sebasti\u00e1n &amp; Bordeaux"},"content":{"rendered":"<p><strong>NV Charts France FR8 Ol\u00e9ron-San Sebasti\u00e1n &amp; Bordeaux<\/strong> is a comprehensive chart package of paper and digital nautical charts covering the southwest French Atlantic coast and into Spanish waters from \u00cele d&#8217;Ol\u00e9ron southeast to San Sebasti\u00e1n and the Bordeaux area. The charts provide detailed navigational information on water conditions, approaches, harbors, tides, sailing routes and anchorages along this long and varied stretch of coastline. <\/p>\n<p>The chart set comes in atlas format with clear and concise cartography, combined with digital access via the NV Charts app and PC\/Mac. The digital charts can be used offline, so you have access to up-to-date navigation data both when planning at home and when sailing. <\/p>\n<p><strong>Features<\/strong><br \/>\nPaper charts in atlas format with a high level of detail and overview.<br \/>\nDigital access via the NV Charts app with offline use on multiple devices.<br \/>\nDetailed navigation information for the waters between Ol\u00e9ron, San Sebasti\u00e1n and Bordeaux.<br \/>\nPort plans, approaches, tide tables and sailing routes for the coastal waters along France and northern Spain.<\/p>\n<p><strong>Map overview<\/strong><br \/>\nThe chart set covers coastal waters along the west coast of France from \u00cele d&#8217;Ol\u00e9ron and south along the Bay of Biscay to the Atlantic coast of northern Spain at San Sebasti\u00e1n and the Bordeaux area inland. The charts provide good support for both coastal sailing and longer legs in this water area. <\/p>\n<p><strong>Updates<\/strong><br \/>\nAlways delivered in the latest available edition from NV Charts. If a new and updated edition is launched within 30 days of purchase, the map can be exchanged for a new edition free of charge. <\/p>\n<p><strong>EAN \/ ISBN<\/strong><br \/>\n9783910644434<\/p>\n","protected":false},"excerpt":{"rendered":"<p>\u00cele d&#8217;Ol\u00e9ron to San Sebasti\u00e1n &amp; Bordeaux (French\/Spanish Atlantic Coast) &#8211; Paper + digital combo<br \/>\nAlways delivered in the latest available version. Free exchange to a new edition if an update is released within 30 days of purchase. <\/p>\n","protected":false},"featured_media":50713,"comment_status":"open","ping_status":"closed","template":"","meta":{"_uag_custom_page_level_css":""},"product_brand":[1408],"product_cat":[1114],"product_tag":[],"class_list":{"0":"post-50825","1":"product","2":"type-product","3":"status-publish","4":"has-post-thumbnail","6":"product_brand-nv-charts","7":"product_cat-recreational-nautical-charts-france","8":"product_shipping_class-boxship","9":"pa_produsent-nv-charts","11":"first","12":"instock","13":"taxable","14":"shipping-taxable","15":"purchasable","16":"product-type-simple"},"composite_virtual":false,"composite_layout":"","composite_add_to_cart_form_location":"","composite_editable_in_cart":false,"composite_sold_individually_context":"","composite_shop_price_calc":"","composite_components":[],"composite_scenarios":[],"acf":[],"yoast_head":"<!-- This site is optimized with the Yoast SEO Premium plugin v27.5 (Yoast SEO v27.5) - https:\/\/yoast.com\/product\/yoast-seo-premium-wordpress\/ -->\n<title>Nautical charts - NV Charts: La Rochelle to San Sebastian (... | NV Charts<\/title>\n<meta name=\"description\" content=\"Nautical charts from NV Charts for - NV Charts: La Rochelle a San Sebastian (2019\/20). Always delivered in the latest available edition - free exchange\/return if a new version is released...\" \/>\n<meta name=\"robots\" content=\"index, follow, max-snippet:-1, max-image-preview:large, max-video-preview:-1\" \/>\n<link rel=\"canonical\" href=\"https:\/\/kart.no\/en\/produkt\/nv-charts-france-fr8-oleron-san-sebastian-bordeaux\/\" \/>\n<meta property=\"og:locale\" content=\"en_US\" \/>\n<meta property=\"og:type\" content=\"article\" \/>\n<meta property=\"og:title\" content=\"NV Charts France FR8 Oleron-San Sebasti\u00e1n &amp; Bordeaux\" \/>\n<meta property=\"og:description\" content=\"Nautical charts from NV Charts for - NV Charts: La Rochelle a San Sebastian (2019\/20). Always delivered in the latest available edition - free exchange\/return if a new version is released...\" \/>\n<meta property=\"og:url\" content=\"https:\/\/kart.no\/en\/produkt\/nv-charts-france-fr8-oleron-san-sebastian-bordeaux\/\" \/>\n<meta property=\"og:site_name\" content=\"Kart.no\" \/>\n<meta property=\"article:publisher\" content=\"https:\/\/www.facebook.com\/kart.no\" \/>\n<meta property=\"og:image\" content=\"https:\/\/kart.no\/wp-content\/uploads\/2026\/01\/FR8_3.jpg\" \/>\n\t<meta property=\"og:image:width\" content=\"1059\" \/>\n\t<meta property=\"og:image:height\" content=\"1059\" \/>\n\t<meta property=\"og:image:type\" content=\"image\/jpeg\" \/>\n<meta name=\"twitter:card\" content=\"summary_large_image\" \/>\n<meta name=\"twitter:label1\" content=\"Est. reading time\" \/>\n\t<meta name=\"twitter:data1\" content=\"1 minute\" \/>\n<script type=\"application\/ld+json\" class=\"yoast-schema-graph\">{\"@context\":\"https:\\\/\\\/schema.org\",\"@graph\":[{\"@type\":\"WebPage\",\"@id\":\"https:\\\/\\\/kart.no\\\/en\\\/produkt\\\/nv-charts-france-fr8-oleron-san-sebastian-bordeaux\\\/\",\"url\":\"https:\\\/\\\/kart.no\\\/en\\\/produkt\\\/nv-charts-france-fr8-oleron-san-sebastian-bordeaux\\\/\",\"name\":\"Nautical charts - NV Charts: La Rochelle to San Sebastian (... | NV Charts\",\"isPartOf\":{\"@id\":\"https:\\\/\\\/kart.no\\\/en\\\/#website\"},\"primaryImageOfPage\":{\"@id\":\"https:\\\/\\\/kart.no\\\/en\\\/produkt\\\/nv-charts-france-fr8-oleron-san-sebastian-bordeaux\\\/#primaryimage\"},\"image\":{\"@id\":\"https:\\\/\\\/kart.no\\\/en\\\/produkt\\\/nv-charts-france-fr8-oleron-san-sebastian-bordeaux\\\/#primaryimage\"},\"thumbnailUrl\":\"https:\\\/\\\/kart.no\\\/wp-content\\\/uploads\\\/2026\\\/01\\\/FR8_3.jpg\",\"datePublished\":\"2026-01-02T11:53:44+00:00\",\"description\":\"Nautical charts from NV Charts for - NV Charts: La Rochelle a San Sebastian (2019\\\/20). Always delivered in the latest available edition - free exchange\\\/return if a new version is released...\",\"breadcrumb\":{\"@id\":\"https:\\\/\\\/kart.no\\\/en\\\/produkt\\\/nv-charts-france-fr8-oleron-san-sebastian-bordeaux\\\/#breadcrumb\"},\"inLanguage\":\"en-US\",\"potentialAction\":[{\"@type\":\"ReadAction\",\"target\":[\"https:\\\/\\\/kart.no\\\/en\\\/produkt\\\/nv-charts-france-fr8-oleron-san-sebastian-bordeaux\\\/\"]}]},{\"@type\":\"ImageObject\",\"inLanguage\":\"en-US\",\"@id\":\"https:\\\/\\\/kart.no\\\/en\\\/produkt\\\/nv-charts-france-fr8-oleron-san-sebastian-bordeaux\\\/#primaryimage\",\"url\":\"https:\\\/\\\/kart.no\\\/wp-content\\\/uploads\\\/2026\\\/01\\\/FR8_3.jpg\",\"contentUrl\":\"https:\\\/\\\/kart.no\\\/wp-content\\\/uploads\\\/2026\\\/01\\\/FR8_3.jpg\",\"width\":1059,\"height\":1059,\"caption\":\"NV Charts France FR8 - nautical charts for coastal waters from \u00eele d'Ol\u00e9ron to San Sebasti\u00e1n and Bordeaux. Combination package with paper and digital access.\"},{\"@type\":\"BreadcrumbList\",\"@id\":\"https:\\\/\\\/kart.no\\\/en\\\/produkt\\\/nv-charts-france-fr8-oleron-san-sebastian-bordeaux\\\/#breadcrumb\",\"itemListElement\":[{\"@type\":\"ListItem\",\"position\":1,\"name\":\"Hjem\",\"item\":\"https:\\\/\\\/kart.no\\\/en\\\/\"},{\"@type\":\"ListItem\",\"position\":2,\"name\":\"Shop\",\"item\":\"https:\\\/\\\/kart.no\\\/en\\\/shop\\\/\"},{\"@type\":\"ListItem\",\"position\":3,\"name\":\"NV Charts France FR8 Oleron-San Sebasti\u00e1n &amp; Bordeaux\"}]},{\"@type\":\"WebSite\",\"@id\":\"https:\\\/\\\/kart.no\\\/en\\\/#website\",\"url\":\"https:\\\/\\\/kart.no\\\/en\\\/\",\"name\":\"Kart.no\",\"description\":\"Nordic expertise in maps and navigation\",\"publisher\":{\"@id\":\"https:\\\/\\\/kart.no\\\/en\\\/#organization\"},\"potentialAction\":[{\"@type\":\"SearchAction\",\"target\":{\"@type\":\"EntryPoint\",\"urlTemplate\":\"https:\\\/\\\/kart.no\\\/en\\\/?s={search_term_string}\"},\"query-input\":{\"@type\":\"PropertyValueSpecification\",\"valueRequired\":true,\"valueName\":\"search_term_string\"}}],\"inLanguage\":\"en-US\"},{\"@type\":\"Organization\",\"@id\":\"https:\\\/\\\/kart.no\\\/en\\\/#organization\",\"name\":\"Kart.no\",\"url\":\"https:\\\/\\\/kart.no\\\/en\\\/\",\"logo\":{\"@type\":\"ImageObject\",\"inLanguage\":\"en-US\",\"@id\":\"https:\\\/\\\/kart.no\\\/en\\\/#\\\/schema\\\/logo\\\/image\\\/\",\"url\":\"https:\\\/\\\/kart.no\\\/wp-content\\\/uploads\\\/2023\\\/10\\\/kart.no-logo.png\",\"contentUrl\":\"https:\\\/\\\/kart.no\\\/wp-content\\\/uploads\\\/2023\\\/10\\\/kart.no-logo.png\",\"width\":784,\"height\":312,\"caption\":\"Kart.no\"},\"image\":{\"@id\":\"https:\\\/\\\/kart.no\\\/en\\\/#\\\/schema\\\/logo\\\/image\\\/\"},\"sameAs\":[\"https:\\\/\\\/www.facebook.com\\\/kart.no\",\"https:\\\/\\\/www.instagram.com\\\/_kart.no\\\/\"]}]}<\/script>\n<!-- \/ Yoast SEO Premium plugin. -->","yoast_head_json":{"title":"Nautical charts - NV Charts: La Rochelle to San Sebastian (... | NV Charts","description":"Nautical charts from NV Charts for - NV Charts: La Rochelle a San Sebastian (2019\/20). Always delivered in the latest available edition - free exchange\/return if a new version is released...","robots":{"index":"index","follow":"follow","max-snippet":"max-snippet:-1","max-image-preview":"max-image-preview:large","max-video-preview":"max-video-preview:-1"},"canonical":"https:\/\/kart.no\/en\/produkt\/nv-charts-france-fr8-oleron-san-sebastian-bordeaux\/","og_locale":"en_US","og_type":"article","og_title":"NV Charts France FR8 Oleron-San Sebasti\u00e1n &amp; Bordeaux","og_description":"Nautical charts from NV Charts for - NV Charts: La Rochelle a San Sebastian (2019\/20). Always delivered in the latest available edition - free exchange\/return if a new version is released...","og_url":"https:\/\/kart.no\/en\/produkt\/nv-charts-france-fr8-oleron-san-sebastian-bordeaux\/","og_site_name":"Kart.no","article_publisher":"https:\/\/www.facebook.com\/kart.no","og_image":[{"width":1059,"height":1059,"url":"https:\/\/kart.no\/wp-content\/uploads\/2026\/01\/FR8_3.jpg","type":"image\/jpeg"}],"twitter_card":"summary_large_image","twitter_misc":{"Est. reading time":"1 minute"},"schema":{"@context":"https:\/\/schema.org","@graph":[{"@type":"WebPage","@id":"https:\/\/kart.no\/en\/produkt\/nv-charts-france-fr8-oleron-san-sebastian-bordeaux\/","url":"https:\/\/kart.no\/en\/produkt\/nv-charts-france-fr8-oleron-san-sebastian-bordeaux\/","name":"Nautical charts - NV Charts: La Rochelle to San Sebastian (... | NV Charts","isPartOf":{"@id":"https:\/\/kart.no\/en\/#website"},"primaryImageOfPage":{"@id":"https:\/\/kart.no\/en\/produkt\/nv-charts-france-fr8-oleron-san-sebastian-bordeaux\/#primaryimage"},"image":{"@id":"https:\/\/kart.no\/en\/produkt\/nv-charts-france-fr8-oleron-san-sebastian-bordeaux\/#primaryimage"},"thumbnailUrl":"https:\/\/kart.no\/wp-content\/uploads\/2026\/01\/FR8_3.jpg","datePublished":"2026-01-02T11:53:44+00:00","description":"Nautical charts from NV Charts for - NV Charts: La Rochelle a San Sebastian (2019\/20). Always delivered in the latest available edition - free exchange\/return if a new version is released...","breadcrumb":{"@id":"https:\/\/kart.no\/en\/produkt\/nv-charts-france-fr8-oleron-san-sebastian-bordeaux\/#breadcrumb"},"inLanguage":"en-US","potentialAction":[{"@type":"ReadAction","target":["https:\/\/kart.no\/en\/produkt\/nv-charts-france-fr8-oleron-san-sebastian-bordeaux\/"]}]},{"@type":"ImageObject","inLanguage":"en-US","@id":"https:\/\/kart.no\/en\/produkt\/nv-charts-france-fr8-oleron-san-sebastian-bordeaux\/#primaryimage","url":"https:\/\/kart.no\/wp-content\/uploads\/2026\/01\/FR8_3.jpg","contentUrl":"https:\/\/kart.no\/wp-content\/uploads\/2026\/01\/FR8_3.jpg","width":1059,"height":1059,"caption":"NV Charts France FR8 - nautical charts for coastal waters from \u00eele d'Ol\u00e9ron to San Sebasti\u00e1n and Bordeaux. Combination package with paper and digital access."},{"@type":"BreadcrumbList","@id":"https:\/\/kart.no\/en\/produkt\/nv-charts-france-fr8-oleron-san-sebastian-bordeaux\/#breadcrumb","itemListElement":[{"@type":"ListItem","position":1,"name":"Hjem","item":"https:\/\/kart.no\/en\/"},{"@type":"ListItem","position":2,"name":"Shop","item":"https:\/\/kart.no\/en\/shop\/"},{"@type":"ListItem","position":3,"name":"NV Charts France FR8 Oleron-San Sebasti\u00e1n &amp; Bordeaux"}]},{"@type":"WebSite","@id":"https:\/\/kart.no\/en\/#website","url":"https:\/\/kart.no\/en\/","name":"Kart.no","description":"Nordic expertise in maps and navigation","publisher":{"@id":"https:\/\/kart.no\/en\/#organization"},"potentialAction":[{"@type":"SearchAction","target":{"@type":"EntryPoint","urlTemplate":"https:\/\/kart.no\/en\/?s={search_term_string}"},"query-input":{"@type":"PropertyValueSpecification","valueRequired":true,"valueName":"search_term_string"}}],"inLanguage":"en-US"},{"@type":"Organization","@id":"https:\/\/kart.no\/en\/#organization","name":"Kart.no","url":"https:\/\/kart.no\/en\/","logo":{"@type":"ImageObject","inLanguage":"en-US","@id":"https:\/\/kart.no\/en\/#\/schema\/logo\/image\/","url":"https:\/\/kart.no\/wp-content\/uploads\/2023\/10\/kart.no-logo.png","contentUrl":"https:\/\/kart.no\/wp-content\/uploads\/2023\/10\/kart.no-logo.png","width":784,"height":312,"caption":"Kart.no"},"image":{"@id":"https:\/\/kart.no\/en\/#\/schema\/logo\/image\/"},"sameAs":["https:\/\/www.facebook.com\/kart.no","https:\/\/www.instagram.com\/_kart.no\/"]}]}},"uagb_featured_image_src":{"full":["https:\/\/kart.no\/wp-content\/uploads\/2026\/01\/FR8_3.jpg",1059,1059,false],"thumbnail":["https:\/\/kart.no\/wp-content\/uploads\/2026\/01\/FR8_3-150x150.jpg",150,150,true],"medium":["https:\/\/kart.no\/wp-content\/uploads\/2026\/01\/FR8_3-300x300.jpg",300,300,true],"medium_large":["https:\/\/kart.no\/wp-content\/uploads\/2026\/01\/FR8_3-768x768.jpg",768,768,true],"large":["https:\/\/kart.no\/wp-content\/uploads\/2026\/01\/FR8_3.jpg",1059,1059,false],"1536x1536":["https:\/\/kart.no\/wp-content\/uploads\/2026\/01\/FR8_3.jpg",1059,1059,false],"2048x2048":["https:\/\/kart.no\/wp-content\/uploads\/2026\/01\/FR8_3.jpg",1059,1059,false],"woocommerce_thumbnail":["https:\/\/kart.no\/wp-content\/uploads\/2026\/01\/FR8_3-300x300.jpg",300,300,true],"woocommerce_single":["https:\/\/kart.no\/wp-content\/uploads\/2026\/01\/FR8_3-600x600.jpg",600,600,true],"woocommerce_gallery_thumbnail":["https:\/\/kart.no\/wp-content\/uploads\/2026\/01\/FR8_3-100x100.jpg",100,100,true],"dgwt-wcas-product-suggestion":["https:\/\/kart.no\/wp-content\/uploads\/2026\/01\/FR8_3-64x64.jpg",64,64,true]},"uagb_author_info":{"display_name":"Steinar Figved","author_link":"https:\/\/kart.no\/en\/author\/"},"uagb_comment_info":0,"uagb_excerpt":"\u00cele d'Ol\u00e9ron to San Sebasti\u00e1n &amp; Bordeaux (French\/Spanish Atlantic Coast) - Paper + digital combo Always delivered in the latest available version. Free exchange to a new edition if an update is released within 30 days of purchase.","_links":{"self":[{"href":"https:\/\/kart.no\/en\/wp-json\/wp\/v2\/product\/50825","targetHints":{"allow":["GET"]}}],"collection":[{"href":"https:\/\/kart.no\/en\/wp-json\/wp\/v2\/product"}],"about":[{"href":"https:\/\/kart.no\/en\/wp-json\/wp\/v2\/types\/product"}],"replies":[{"embeddable":true,"href":"https:\/\/kart.no\/en\/wp-json\/wp\/v2\/comments?post=50825"}],"wp:featuredmedia":[{"embeddable":true,"href":"https:\/\/kart.no\/en\/wp-json\/wp\/v2\/media\/50713"}],"wp:attachment":[{"href":"https:\/\/kart.no\/en\/wp-json\/wp\/v2\/media?parent=50825"}],"wp:term":[{"taxonomy":"product_brand","embeddable":true,"href":"https:\/\/kart.no\/en\/wp-json\/wp\/v2\/product_brand?post=50825"},{"taxonomy":"product_cat","embeddable":true,"href":"https:\/\/kart.no\/en\/wp-json\/wp\/v2\/product_cat?post=50825"},{"taxonomy":"product_tag","embeddable":true,"href":"https:\/\/kart.no\/en\/wp-json\/wp\/v2\/product_tag?post=50825"}],"curies":[{"name":"wp","href":"https:\/\/api.w.org\/{rel}","templated":true}]}}