{"id":50829,"date":"2026-01-02T12:53:54","date_gmt":"2026-01-02T11:53:54","guid":{"rendered":"https:\/\/kart.no\/produkt\/nv-charts-croatia-hr2-vodice-dubrovnik-montenegro\/"},"modified":"2026-01-02T12:53:54","modified_gmt":"2026-01-02T11:53:54","slug":"nv-charts-croatia-hr2-vodice-dubrovnik-montenegro","status":"publish","type":"product","link":"https:\/\/kart.no\/en\/produkt\/nv-charts-croatia-hr2-vodice-dubrovnik-montenegro\/","title":{"rendered":"NV Charts Croatia HR2 Vodice-Dubrovnik &amp; Montenegro"},"content":{"rendered":"<p><strong>NV Charts Croatia HR2 Vodice-Dubrovnik &amp; Montenegro<\/strong> is a comprehensive chart package of paper and digital charts covering the southern Adriatic Sea from Vodice in Croatia to Dubrovnik and on into Montenegrin waters. The chart set is designed for safe and precise navigation in one of Europe&#8217;s most popular and complex sailing areas. <\/p>\n<p>The charts provide detailed information about coastal waters, archipelagos, canals, straits, approaches, harbors and anchorages along the Dalmatian coast. The area is characterized by dense archipelagos, high traffic in high season and many narrow passages, making up-to-date and reliable charts essential for safe sailing. <\/p>\n<p>The map pack first contains overview and passage maps that provide the basis for planning longer stages, including Adriatic Sea (C1, 1:1,750,000), Blitvenica to Mljet (C2, 1:350,000) and Mljet to Albania (C3, 1:350,000).<\/p>\n<p>Also included are detailed coastal maps at a scale of 1:100,000 covering the entire sailing area, including Vodice to Rogoznica (C4), Rogoznica to Split (C5), Split to Hvarski Kanal (C6), Vis and Svetac (C7), Hvar West (C8), Neretvanski Kanal (C9), Lastovski Kanal (C10), Lastovski and Mljetski Kanal (C11), Mljetski Kanal to Dubrovnik (C12), Dubrovnik to Rt. O\u0161tra (C13), Rt. O\u0161tra to Hr. Katici (C14) and Hr. Katici to Rt. Mentra (C15).     <\/p>\n<p>For precise navigation in harbors, approaches and narrow waters, the atlas contains a large number of detailed maps and harbor plans in larger scales. These include \u0160ibenik &#8211; Approach (C16, 1:50,000), Split (C17A, 1:30,000), Trogirski Zaljev (C17B, 1:30,000), Split &#8211; Zenta (C18A, 1:6,000), Maslinica (C18B, 1:30,000), Splitska Vrata (C18C, 1:30,000), Vi\u0161ka Luka (C18D, 1:20 000), Vrboska (C19A, 1:30 000), Pakleni Kanal (C19B, 1:30 000), Plo\u010de (C20A, 1:15 000), Makarska (C20B, 1:10 000), Luka Slano (C20C, 1:15 000), \u0160ipanska Luka (C20D, 1:15 000) and Stonski Kanal (C21, 1:20 000). <\/p>\n<p>Furthermore, detailed maps are included for Kor\u010dula (C22A, 1:30 000), Lastovo (C22B, 1:30 000), Dubrovnik &#8211; Lokrum (C22C, 1:15 000), Dubrovnik port (C23, 1:15 000), Rijeka Dubrova\u010dka (C24A, 1:10 000), Tivat (C24B, 1:10 000), \u0160ibenik port (C24C, 1:20 000), Cavtat (C25A, 1:15 000) and Barsko Sidri\u0161te in Montenegro (C25B, 1:25 000).<\/p>\n<p>The chart set is delivered in atlas format combined with digital access via the NV Charts app and for PC\/Mac. The digital charts can be used offline and are well suited for both route planning and active navigation on board. Legend and general navigation notes are included.  <\/p>\n<p>Always delivered in the latest available edition from NV Charts. If a new and updated edition is launched within 30 days of purchase, the map can be exchanged for a new edition free of charge. <\/p>\n","protected":false},"excerpt":{"rendered":"<p>NV Charts : Croatia &#8211; Vodice to Dubrovnik is a nautical chart for practical navigation at sea, suitable for both sailboats and motorboats. This chart is always delivered in <strong>the latest available edition<\/strong> from NV Charts, with <strong>free exchange\/return<\/strong> if a new version is released shortly after purchase. <\/p>\n","protected":false},"featured_media":50718,"comment_status":"open","ping_status":"closed","template":"","meta":{"_uag_custom_page_level_css":""},"product_brand":[1408],"product_cat":[1127],"product_tag":[],"class_list":{"0":"post-50829","1":"product","2":"type-product","3":"status-publish","4":"has-post-thumbnail","6":"product_brand-nv-charts","7":"product_cat-recreational-nautical-charts-croatia-and-greece","8":"pa_produsent-nv-charts","10":"first","11":"instock","12":"taxable","13":"shipping-taxable","14":"purchasable","15":"product-type-simple"},"composite_virtual":false,"composite_layout":"","composite_add_to_cart_form_location":"","composite_editable_in_cart":false,"composite_sold_individually_context":"","composite_shop_price_calc":"","composite_components":[],"composite_scenarios":[],"acf":[],"yoast_head":"<!-- This site is optimized with the Yoast SEO Premium plugin v27.4 (Yoast SEO v27.4) - https:\/\/yoast.com\/product\/yoast-seo-premium-wordpress\/ -->\n<title>Sea charts : Croatia - Vodice to Dubrovnik | NV Charts<\/title>\n<meta name=\"description\" content=\"Nautical charts from NV Charts for : Croatia - Vodice to Dubrovnik. Always delivered in the latest available version - free exchange\/return if a new version is released shortly after purchase.\" \/>\n<meta name=\"robots\" content=\"index, follow, max-snippet:-1, max-image-preview:large, max-video-preview:-1\" \/>\n<link rel=\"canonical\" href=\"https:\/\/kart.no\/en\/produkt\/nv-charts-croatia-hr2-vodice-dubrovnik-montenegro\/\" \/>\n<meta property=\"og:locale\" content=\"en_US\" \/>\n<meta property=\"og:type\" content=\"article\" \/>\n<meta property=\"og:title\" content=\"NV Charts Croatia HR2 Vodice-Dubrovnik &amp; Montenegro\" \/>\n<meta property=\"og:description\" content=\"Nautical charts from NV Charts for : Croatia - Vodice to Dubrovnik. Always delivered in the latest available version - free exchange\/return if a new version is released shortly after purchase.\" \/>\n<meta property=\"og:url\" content=\"https:\/\/kart.no\/en\/produkt\/nv-charts-croatia-hr2-vodice-dubrovnik-montenegro\/\" \/>\n<meta property=\"og:site_name\" content=\"Kart.no\" \/>\n<meta property=\"article:publisher\" content=\"https:\/\/www.facebook.com\/kart.no\" \/>\n<meta property=\"og:image\" content=\"https:\/\/kart.no\/wp-content\/uploads\/2026\/01\/HR2_3.jpg\" \/>\n\t<meta property=\"og:image:width\" content=\"1059\" \/>\n\t<meta property=\"og:image:height\" content=\"1059\" \/>\n\t<meta property=\"og:image:type\" content=\"image\/jpeg\" \/>\n<meta name=\"twitter:card\" content=\"summary_large_image\" \/>\n<meta name=\"twitter:label1\" content=\"Est. reading time\" \/>\n\t<meta name=\"twitter:data1\" content=\"2 minutes\" \/>\n<script type=\"application\/ld+json\" class=\"yoast-schema-graph\">{\"@context\":\"https:\\\/\\\/schema.org\",\"@graph\":[{\"@type\":\"WebPage\",\"@id\":\"https:\\\/\\\/kart.no\\\/en\\\/produkt\\\/nv-charts-croatia-hr2-vodice-dubrovnik-montenegro\\\/\",\"url\":\"https:\\\/\\\/kart.no\\\/en\\\/produkt\\\/nv-charts-croatia-hr2-vodice-dubrovnik-montenegro\\\/\",\"name\":\"Sea charts : Croatia - Vodice to Dubrovnik | NV Charts\",\"isPartOf\":{\"@id\":\"https:\\\/\\\/kart.no\\\/en\\\/#website\"},\"primaryImageOfPage\":{\"@id\":\"https:\\\/\\\/kart.no\\\/en\\\/produkt\\\/nv-charts-croatia-hr2-vodice-dubrovnik-montenegro\\\/#primaryimage\"},\"image\":{\"@id\":\"https:\\\/\\\/kart.no\\\/en\\\/produkt\\\/nv-charts-croatia-hr2-vodice-dubrovnik-montenegro\\\/#primaryimage\"},\"thumbnailUrl\":\"https:\\\/\\\/kart.no\\\/wp-content\\\/uploads\\\/2026\\\/01\\\/HR2_3.jpg\",\"datePublished\":\"2026-01-02T11:53:54+00:00\",\"description\":\"Nautical charts from NV Charts for : Croatia - Vodice to Dubrovnik. Always delivered in the latest available version - free exchange\\\/return if a new version is released shortly after purchase.\",\"breadcrumb\":{\"@id\":\"https:\\\/\\\/kart.no\\\/en\\\/produkt\\\/nv-charts-croatia-hr2-vodice-dubrovnik-montenegro\\\/#breadcrumb\"},\"inLanguage\":\"en-US\",\"potentialAction\":[{\"@type\":\"ReadAction\",\"target\":[\"https:\\\/\\\/kart.no\\\/en\\\/produkt\\\/nv-charts-croatia-hr2-vodice-dubrovnik-montenegro\\\/\"]}]},{\"@type\":\"ImageObject\",\"inLanguage\":\"en-US\",\"@id\":\"https:\\\/\\\/kart.no\\\/en\\\/produkt\\\/nv-charts-croatia-hr2-vodice-dubrovnik-montenegro\\\/#primaryimage\",\"url\":\"https:\\\/\\\/kart.no\\\/wp-content\\\/uploads\\\/2026\\\/01\\\/HR2_3.jpg\",\"contentUrl\":\"https:\\\/\\\/kart.no\\\/wp-content\\\/uploads\\\/2026\\\/01\\\/HR2_3.jpg\",\"width\":1059,\"height\":1059,\"caption\":\"NV Charts Croatia HR2 - nautical charts for the southern Adriatic Sea. Paper + digital.\"},{\"@type\":\"BreadcrumbList\",\"@id\":\"https:\\\/\\\/kart.no\\\/en\\\/produkt\\\/nv-charts-croatia-hr2-vodice-dubrovnik-montenegro\\\/#breadcrumb\",\"itemListElement\":[{\"@type\":\"ListItem\",\"position\":1,\"name\":\"Hjem\",\"item\":\"https:\\\/\\\/kart.no\\\/en\\\/\"},{\"@type\":\"ListItem\",\"position\":2,\"name\":\"Shop\",\"item\":\"https:\\\/\\\/kart.no\\\/en\\\/shop\\\/\"},{\"@type\":\"ListItem\",\"position\":3,\"name\":\"NV Charts Croatia HR2 Vodice-Dubrovnik &amp; Montenegro\"}]},{\"@type\":\"WebSite\",\"@id\":\"https:\\\/\\\/kart.no\\\/en\\\/#website\",\"url\":\"https:\\\/\\\/kart.no\\\/en\\\/\",\"name\":\"Kart.no\",\"description\":\"Nordic expertise in maps and navigation\",\"publisher\":{\"@id\":\"https:\\\/\\\/kart.no\\\/en\\\/#organization\"},\"potentialAction\":[{\"@type\":\"SearchAction\",\"target\":{\"@type\":\"EntryPoint\",\"urlTemplate\":\"https:\\\/\\\/kart.no\\\/en\\\/?s={search_term_string}\"},\"query-input\":{\"@type\":\"PropertyValueSpecification\",\"valueRequired\":true,\"valueName\":\"search_term_string\"}}],\"inLanguage\":\"en-US\"},{\"@type\":\"Organization\",\"@id\":\"https:\\\/\\\/kart.no\\\/en\\\/#organization\",\"name\":\"Kart.no\",\"url\":\"https:\\\/\\\/kart.no\\\/en\\\/\",\"logo\":{\"@type\":\"ImageObject\",\"inLanguage\":\"en-US\",\"@id\":\"https:\\\/\\\/kart.no\\\/en\\\/#\\\/schema\\\/logo\\\/image\\\/\",\"url\":\"https:\\\/\\\/kart.no\\\/wp-content\\\/uploads\\\/2023\\\/10\\\/kart.no-logo.png\",\"contentUrl\":\"https:\\\/\\\/kart.no\\\/wp-content\\\/uploads\\\/2023\\\/10\\\/kart.no-logo.png\",\"width\":784,\"height\":312,\"caption\":\"Kart.no\"},\"image\":{\"@id\":\"https:\\\/\\\/kart.no\\\/en\\\/#\\\/schema\\\/logo\\\/image\\\/\"},\"sameAs\":[\"https:\\\/\\\/www.facebook.com\\\/kart.no\",\"https:\\\/\\\/www.instagram.com\\\/_kart.no\\\/\"]}]}<\/script>\n<!-- \/ Yoast SEO Premium plugin. -->","yoast_head_json":{"title":"Sea charts : Croatia - Vodice to Dubrovnik | NV Charts","description":"Nautical charts from NV Charts for : Croatia - Vodice to Dubrovnik. Always delivered in the latest available version - free exchange\/return if a new version is released shortly after purchase.","robots":{"index":"index","follow":"follow","max-snippet":"max-snippet:-1","max-image-preview":"max-image-preview:large","max-video-preview":"max-video-preview:-1"},"canonical":"https:\/\/kart.no\/en\/produkt\/nv-charts-croatia-hr2-vodice-dubrovnik-montenegro\/","og_locale":"en_US","og_type":"article","og_title":"NV Charts Croatia HR2 Vodice-Dubrovnik &amp; Montenegro","og_description":"Nautical charts from NV Charts for : Croatia - Vodice to Dubrovnik. Always delivered in the latest available version - free exchange\/return if a new version is released shortly after purchase.","og_url":"https:\/\/kart.no\/en\/produkt\/nv-charts-croatia-hr2-vodice-dubrovnik-montenegro\/","og_site_name":"Kart.no","article_publisher":"https:\/\/www.facebook.com\/kart.no","og_image":[{"width":1059,"height":1059,"url":"https:\/\/kart.no\/wp-content\/uploads\/2026\/01\/HR2_3.jpg","type":"image\/jpeg"}],"twitter_card":"summary_large_image","twitter_misc":{"Est. reading time":"2 minutes"},"schema":{"@context":"https:\/\/schema.org","@graph":[{"@type":"WebPage","@id":"https:\/\/kart.no\/en\/produkt\/nv-charts-croatia-hr2-vodice-dubrovnik-montenegro\/","url":"https:\/\/kart.no\/en\/produkt\/nv-charts-croatia-hr2-vodice-dubrovnik-montenegro\/","name":"Sea charts : Croatia - Vodice to Dubrovnik | NV Charts","isPartOf":{"@id":"https:\/\/kart.no\/en\/#website"},"primaryImageOfPage":{"@id":"https:\/\/kart.no\/en\/produkt\/nv-charts-croatia-hr2-vodice-dubrovnik-montenegro\/#primaryimage"},"image":{"@id":"https:\/\/kart.no\/en\/produkt\/nv-charts-croatia-hr2-vodice-dubrovnik-montenegro\/#primaryimage"},"thumbnailUrl":"https:\/\/kart.no\/wp-content\/uploads\/2026\/01\/HR2_3.jpg","datePublished":"2026-01-02T11:53:54+00:00","description":"Nautical charts from NV Charts for : Croatia - Vodice to Dubrovnik. Always delivered in the latest available version - free exchange\/return if a new version is released shortly after purchase.","breadcrumb":{"@id":"https:\/\/kart.no\/en\/produkt\/nv-charts-croatia-hr2-vodice-dubrovnik-montenegro\/#breadcrumb"},"inLanguage":"en-US","potentialAction":[{"@type":"ReadAction","target":["https:\/\/kart.no\/en\/produkt\/nv-charts-croatia-hr2-vodice-dubrovnik-montenegro\/"]}]},{"@type":"ImageObject","inLanguage":"en-US","@id":"https:\/\/kart.no\/en\/produkt\/nv-charts-croatia-hr2-vodice-dubrovnik-montenegro\/#primaryimage","url":"https:\/\/kart.no\/wp-content\/uploads\/2026\/01\/HR2_3.jpg","contentUrl":"https:\/\/kart.no\/wp-content\/uploads\/2026\/01\/HR2_3.jpg","width":1059,"height":1059,"caption":"NV Charts Croatia HR2 - nautical charts for the southern Adriatic Sea. Paper + digital."},{"@type":"BreadcrumbList","@id":"https:\/\/kart.no\/en\/produkt\/nv-charts-croatia-hr2-vodice-dubrovnik-montenegro\/#breadcrumb","itemListElement":[{"@type":"ListItem","position":1,"name":"Hjem","item":"https:\/\/kart.no\/en\/"},{"@type":"ListItem","position":2,"name":"Shop","item":"https:\/\/kart.no\/en\/shop\/"},{"@type":"ListItem","position":3,"name":"NV Charts Croatia HR2 Vodice-Dubrovnik &amp; Montenegro"}]},{"@type":"WebSite","@id":"https:\/\/kart.no\/en\/#website","url":"https:\/\/kart.no\/en\/","name":"Kart.no","description":"Nordic expertise in maps and navigation","publisher":{"@id":"https:\/\/kart.no\/en\/#organization"},"potentialAction":[{"@type":"SearchAction","target":{"@type":"EntryPoint","urlTemplate":"https:\/\/kart.no\/en\/?s={search_term_string}"},"query-input":{"@type":"PropertyValueSpecification","valueRequired":true,"valueName":"search_term_string"}}],"inLanguage":"en-US"},{"@type":"Organization","@id":"https:\/\/kart.no\/en\/#organization","name":"Kart.no","url":"https:\/\/kart.no\/en\/","logo":{"@type":"ImageObject","inLanguage":"en-US","@id":"https:\/\/kart.no\/en\/#\/schema\/logo\/image\/","url":"https:\/\/kart.no\/wp-content\/uploads\/2023\/10\/kart.no-logo.png","contentUrl":"https:\/\/kart.no\/wp-content\/uploads\/2023\/10\/kart.no-logo.png","width":784,"height":312,"caption":"Kart.no"},"image":{"@id":"https:\/\/kart.no\/en\/#\/schema\/logo\/image\/"},"sameAs":["https:\/\/www.facebook.com\/kart.no","https:\/\/www.instagram.com\/_kart.no\/"]}]}},"uagb_featured_image_src":{"full":["https:\/\/kart.no\/wp-content\/uploads\/2026\/01\/HR2_3.jpg",1059,1059,false],"thumbnail":["https:\/\/kart.no\/wp-content\/uploads\/2026\/01\/HR2_3-150x150.jpg",150,150,true],"medium":["https:\/\/kart.no\/wp-content\/uploads\/2026\/01\/HR2_3-300x300.jpg",300,300,true],"medium_large":["https:\/\/kart.no\/wp-content\/uploads\/2026\/01\/HR2_3-768x768.jpg",768,768,true],"large":["https:\/\/kart.no\/wp-content\/uploads\/2026\/01\/HR2_3.jpg",1059,1059,false],"1536x1536":["https:\/\/kart.no\/wp-content\/uploads\/2026\/01\/HR2_3.jpg",1059,1059,false],"2048x2048":["https:\/\/kart.no\/wp-content\/uploads\/2026\/01\/HR2_3.jpg",1059,1059,false],"woocommerce_thumbnail":["https:\/\/kart.no\/wp-content\/uploads\/2026\/01\/HR2_3-300x300.jpg",300,300,true],"woocommerce_single":["https:\/\/kart.no\/wp-content\/uploads\/2026\/01\/HR2_3-600x600.jpg",600,600,true],"woocommerce_gallery_thumbnail":["https:\/\/kart.no\/wp-content\/uploads\/2026\/01\/HR2_3-100x100.jpg",100,100,true],"dgwt-wcas-product-suggestion":["https:\/\/kart.no\/wp-content\/uploads\/2026\/01\/HR2_3-64x64.jpg",64,64,true]},"uagb_author_info":{"display_name":"Steinar Figved","author_link":"https:\/\/kart.no\/en\/author\/"},"uagb_comment_info":0,"uagb_excerpt":"NV Charts : Croatia - Vodice to Dubrovnik is a nautical chart for practical navigation at sea, suitable for both sailboats and motorboats. This chart is always delivered in the latest available edition from NV Charts, with free exchange\/return if a new version is released shortly after purchase.","_links":{"self":[{"href":"https:\/\/kart.no\/en\/wp-json\/wp\/v2\/product\/50829","targetHints":{"allow":["GET"]}}],"collection":[{"href":"https:\/\/kart.no\/en\/wp-json\/wp\/v2\/product"}],"about":[{"href":"https:\/\/kart.no\/en\/wp-json\/wp\/v2\/types\/product"}],"replies":[{"embeddable":true,"href":"https:\/\/kart.no\/en\/wp-json\/wp\/v2\/comments?post=50829"}],"wp:featuredmedia":[{"embeddable":true,"href":"https:\/\/kart.no\/en\/wp-json\/wp\/v2\/media\/50718"}],"wp:attachment":[{"href":"https:\/\/kart.no\/en\/wp-json\/wp\/v2\/media?parent=50829"}],"wp:term":[{"taxonomy":"product_brand","embeddable":true,"href":"https:\/\/kart.no\/en\/wp-json\/wp\/v2\/product_brand?post=50829"},{"taxonomy":"product_cat","embeddable":true,"href":"https:\/\/kart.no\/en\/wp-json\/wp\/v2\/product_cat?post=50829"},{"taxonomy":"product_tag","embeddable":true,"href":"https:\/\/kart.no\/en\/wp-json\/wp\/v2\/product_tag?post=50829"}],"curies":[{"name":"wp","href":"https:\/\/api.w.org\/{rel}","templated":true}]}}