{"id":50855,"date":"2024-03-14T02:11:09","date_gmt":"2024-03-14T01:11:09","guid":{"rendered":"https:\/\/kart.no\/produkt\/nv-charts-baltic-region-2-lubecker-bucht-bornholm-copenhagen\/"},"modified":"2024-03-14T02:11:09","modified_gmt":"2024-03-14T01:11:09","slug":"nv-charts-baltic-region-2-lubecker-bucht-bornholm-copenhagen","status":"publish","type":"product","link":"https:\/\/kart.no\/en\/produkt\/nv-charts-baltic-region-2-lubecker-bucht-bornholm-copenhagen\/","title":{"rendered":"NV Charts Baltic Region 2 L\u00fcbecker Bucht-Bornholm-Copenhagen"},"content":{"rendered":"<p><strong>NV Charts Baltic Region 2 L\u00fcbecker Bucht-Bornholm-Copenhagen<\/strong> is a comprehensive chart package with both paper and digital charts for the eastern parts of the Baltic Sea, including L\u00fcbecker Bucht, Bornholm and the waters around Copenhagen. This chart package is ideal for leisure sailing, coastal cruising and vacation cruising in the Baltic Sea, with detailed navigation information for the waters covering Denmark, Germany and Sweden. <\/p>\n<p>The package comes in a convenient atlas format with paper charts, combined with digital access via the NV Charts app and PC\/Mac. The digital charts can be used offline and activated on up to 5 devices, giving you flexible access both onboard and ashore. <\/p>\n<p><strong>Characteristics<\/strong><\/p>\n<p>Paper maps in atlas format with a good overview and high level of detail.<\/p>\n<p>Digital access via NV Charts (app + PC\/Mac) with offline use.<\/p>\n<p>Detailed map base with approaches, ports, fairway details and navigation information for the Baltic Sea.<\/p>\n<p><strong>Map overview<\/strong><\/p>\n<p>Baltic Region 2 &#8211; Eastern waters of the Baltic Sea (overview map).<\/p>\n<p>L\u00fcbecker Bucht (detailed nautical charts).<\/p>\n<p>Bornholm&#8217;s northern and southeastern waters.<\/p>\n<p>Copenhagen and \u00d8resund (entrances and ports).<\/p>\n<p>Detail maps for smaller passages, ports and coastal details within the area.<\/p>\n<p><strong>Updates<\/strong><\/p>\n<p>Always delivered in the latest available edition from NV Charts. If a new and updated edition is launched within 30 days of purchase, the map can be exchanged for a new edition free of charge. <\/p>\n<p><strong>EAN \/ ISBN<\/strong><\/p>\n<p>9783910644038<\/p>\n","protected":false},"excerpt":{"rendered":"<p>L\u00fcbecker Bucht, Bornholm and Copenhagen &#8211; Combined paper + digital<\/p>\n<p>Always delivered in the latest available version. Free exchange to a new edition if an update is released within 30 days of purchase. <\/p>\n","protected":false},"featured_media":36861,"comment_status":"open","ping_status":"closed","template":"","meta":{"_uag_custom_page_level_css":""},"product_brand":[1408],"product_cat":[1108,1160],"product_tag":[],"class_list":{"0":"post-50855","1":"product","2":"type-product","3":"status-publish","4":"has-post-thumbnail","6":"product_brand-nv-charts","7":"product_cat-recreational-nautical-charts-denmark","8":"product_cat-recreational-nautical-charts-germany","9":"product_shipping_class-boxship","10":"pa_produsent-nv-charts","12":"first","13":"instock","14":"taxable","15":"shipping-taxable","16":"purchasable","17":"product-type-simple"},"composite_virtual":false,"composite_layout":"","composite_add_to_cart_form_location":"","composite_editable_in_cart":false,"composite_sold_individually_context":"","composite_shop_price_calc":"","composite_components":[],"composite_scenarios":[],"acf":[],"yoast_head":"<!-- This site is optimized with the Yoast SEO Premium plugin v27.5 (Yoast SEO v27.5) - https:\/\/yoast.com\/product\/yoast-seo-premium-wordpress\/ -->\n<title>NV Charts Baltic Region 2 L\u00fcbecker Bucht-Bornholm-K\u00f8benhavn | Sea charts paper + digital<\/title>\n<meta name=\"description\" content=\"Nautical charts for L\u00fcbeck Bay, Bornholm and Copenhagen. NV Charts Baltic Region 2 combo pack with paper charts and digital nautical charts for app + PC\/Mac with offline use.\" \/>\n<meta name=\"robots\" content=\"index, follow, max-snippet:-1, max-image-preview:large, max-video-preview:-1\" \/>\n<link rel=\"canonical\" href=\"https:\/\/kart.no\/en\/produkt\/nv-charts-baltic-region-2-lubecker-bucht-bornholm-copenhagen\/\" \/>\n<meta property=\"og:locale\" content=\"en_US\" \/>\n<meta property=\"og:type\" content=\"article\" \/>\n<meta property=\"og:title\" content=\"NV Charts Baltic Region 2 L\u00fcbecker Bucht-Bornholm-Copenhagen\" \/>\n<meta property=\"og:description\" content=\"Nautical charts for L\u00fcbeck Bay, Bornholm and Copenhagen. NV Charts Baltic Region 2 combo pack with paper charts and digital nautical charts for app + PC\/Mac with offline use.\" \/>\n<meta property=\"og:url\" content=\"https:\/\/kart.no\/en\/produkt\/nv-charts-baltic-region-2-lubecker-bucht-bornholm-copenhagen\/\" \/>\n<meta property=\"og:site_name\" content=\"Kart.no\" \/>\n<meta property=\"article:publisher\" content=\"https:\/\/www.facebook.com\/kart.no\" \/>\n<meta property=\"og:image\" content=\"https:\/\/kart.no\/wp-content\/uploads\/2026\/01\/S2_3.jpg\" \/>\n\t<meta property=\"og:image:width\" content=\"1059\" \/>\n\t<meta property=\"og:image:height\" content=\"1059\" \/>\n\t<meta property=\"og:image:type\" content=\"image\/jpeg\" \/>\n<meta name=\"twitter:card\" content=\"summary_large_image\" \/>\n<meta name=\"twitter:label1\" content=\"Est. reading time\" \/>\n\t<meta name=\"twitter:data1\" content=\"1 minute\" \/>\n<script type=\"application\/ld+json\" class=\"yoast-schema-graph\">{\"@context\":\"https:\\\/\\\/schema.org\",\"@graph\":[{\"@type\":\"WebPage\",\"@id\":\"https:\\\/\\\/kart.no\\\/en\\\/produkt\\\/nv-charts-baltic-region-2-lubecker-bucht-bornholm-copenhagen\\\/\",\"url\":\"https:\\\/\\\/kart.no\\\/en\\\/produkt\\\/nv-charts-baltic-region-2-lubecker-bucht-bornholm-copenhagen\\\/\",\"name\":\"NV Charts Baltic Region 2 L\u00fcbecker Bucht-Bornholm-K\u00f8benhavn | Sea charts paper + digital\",\"isPartOf\":{\"@id\":\"https:\\\/\\\/kart.no\\\/en\\\/#website\"},\"primaryImageOfPage\":{\"@id\":\"https:\\\/\\\/kart.no\\\/en\\\/produkt\\\/nv-charts-baltic-region-2-lubecker-bucht-bornholm-copenhagen\\\/#primaryimage\"},\"image\":{\"@id\":\"https:\\\/\\\/kart.no\\\/en\\\/produkt\\\/nv-charts-baltic-region-2-lubecker-bucht-bornholm-copenhagen\\\/#primaryimage\"},\"thumbnailUrl\":\"https:\\\/\\\/kart.no\\\/wp-content\\\/uploads\\\/2026\\\/01\\\/S2_3.jpg\",\"datePublished\":\"2024-03-14T01:11:09+00:00\",\"description\":\"Nautical charts for L\u00fcbeck Bay, Bornholm and Copenhagen. NV Charts Baltic Region 2 combo pack with paper charts and digital nautical charts for app + PC\\\/Mac with offline use.\",\"breadcrumb\":{\"@id\":\"https:\\\/\\\/kart.no\\\/en\\\/produkt\\\/nv-charts-baltic-region-2-lubecker-bucht-bornholm-copenhagen\\\/#breadcrumb\"},\"inLanguage\":\"en-US\",\"potentialAction\":[{\"@type\":\"ReadAction\",\"target\":[\"https:\\\/\\\/kart.no\\\/en\\\/produkt\\\/nv-charts-baltic-region-2-lubecker-bucht-bornholm-copenhagen\\\/\"]}]},{\"@type\":\"ImageObject\",\"inLanguage\":\"en-US\",\"@id\":\"https:\\\/\\\/kart.no\\\/en\\\/produkt\\\/nv-charts-baltic-region-2-lubecker-bucht-bornholm-copenhagen\\\/#primaryimage\",\"url\":\"https:\\\/\\\/kart.no\\\/wp-content\\\/uploads\\\/2026\\\/01\\\/S2_3.jpg\",\"contentUrl\":\"https:\\\/\\\/kart.no\\\/wp-content\\\/uploads\\\/2026\\\/01\\\/S2_3.jpg\",\"width\":1059,\"height\":1059,\"caption\":\"NV Charts Baltic Region 2 - nautical charts for the eastern waters of the Baltic Sea. Combination package with paper and digital access.\"},{\"@type\":\"BreadcrumbList\",\"@id\":\"https:\\\/\\\/kart.no\\\/en\\\/produkt\\\/nv-charts-baltic-region-2-lubecker-bucht-bornholm-copenhagen\\\/#breadcrumb\",\"itemListElement\":[{\"@type\":\"ListItem\",\"position\":1,\"name\":\"Hjem\",\"item\":\"https:\\\/\\\/kart.no\\\/en\\\/\"},{\"@type\":\"ListItem\",\"position\":2,\"name\":\"Shop\",\"item\":\"https:\\\/\\\/kart.no\\\/en\\\/shop\\\/\"},{\"@type\":\"ListItem\",\"position\":3,\"name\":\"Marine\",\"item\":\"https:\\\/\\\/kart.no\\\/en\\\/product-category\\\/marine\\\/\"},{\"@type\":\"ListItem\",\"position\":4,\"name\":\"Nautical Charts (Paper)\",\"item\":\"https:\\\/\\\/kart.no\\\/en\\\/product-category\\\/marine\\\/nautical-charts-paper\\\/\"},{\"@type\":\"ListItem\",\"position\":5,\"name\":\"Nautical Charts (Paper) \u2013 Denmark\",\"item\":\"https:\\\/\\\/kart.no\\\/en\\\/product-category\\\/marine\\\/nautical-charts-paper\\\/nautical-charts-paper-denmark\\\/\"},{\"@type\":\"ListItem\",\"position\":6,\"name\":\"Recreational nautical charts \u2013 Denmark\",\"item\":\"https:\\\/\\\/kart.no\\\/en\\\/product-category\\\/marine\\\/nautical-charts-paper\\\/nautical-charts-paper-denmark\\\/recreational-nautical-charts-denmark\\\/\"},{\"@type\":\"ListItem\",\"position\":7,\"name\":\"NV Charts Baltic Region 2 L\u00fcbecker Bucht-Bornholm-Copenhagen\"}]},{\"@type\":\"WebSite\",\"@id\":\"https:\\\/\\\/kart.no\\\/en\\\/#website\",\"url\":\"https:\\\/\\\/kart.no\\\/en\\\/\",\"name\":\"Kart.no\",\"description\":\"Nordic expertise in maps and navigation\",\"publisher\":{\"@id\":\"https:\\\/\\\/kart.no\\\/en\\\/#organization\"},\"potentialAction\":[{\"@type\":\"SearchAction\",\"target\":{\"@type\":\"EntryPoint\",\"urlTemplate\":\"https:\\\/\\\/kart.no\\\/en\\\/?s={search_term_string}\"},\"query-input\":{\"@type\":\"PropertyValueSpecification\",\"valueRequired\":true,\"valueName\":\"search_term_string\"}}],\"inLanguage\":\"en-US\"},{\"@type\":\"Organization\",\"@id\":\"https:\\\/\\\/kart.no\\\/en\\\/#organization\",\"name\":\"Kart.no\",\"url\":\"https:\\\/\\\/kart.no\\\/en\\\/\",\"logo\":{\"@type\":\"ImageObject\",\"inLanguage\":\"en-US\",\"@id\":\"https:\\\/\\\/kart.no\\\/en\\\/#\\\/schema\\\/logo\\\/image\\\/\",\"url\":\"https:\\\/\\\/kart.no\\\/wp-content\\\/uploads\\\/2023\\\/10\\\/kart.no-logo.png\",\"contentUrl\":\"https:\\\/\\\/kart.no\\\/wp-content\\\/uploads\\\/2023\\\/10\\\/kart.no-logo.png\",\"width\":784,\"height\":312,\"caption\":\"Kart.no\"},\"image\":{\"@id\":\"https:\\\/\\\/kart.no\\\/en\\\/#\\\/schema\\\/logo\\\/image\\\/\"},\"sameAs\":[\"https:\\\/\\\/www.facebook.com\\\/kart.no\",\"https:\\\/\\\/www.instagram.com\\\/_kart.no\\\/\"]}]}<\/script>\n<!-- \/ Yoast SEO Premium plugin. -->","yoast_head_json":{"title":"NV Charts Baltic Region 2 L\u00fcbecker Bucht-Bornholm-K\u00f8benhavn | Sea charts paper + digital","description":"Nautical charts for L\u00fcbeck Bay, Bornholm and Copenhagen. NV Charts Baltic Region 2 combo pack with paper charts and digital nautical charts for app + PC\/Mac with offline use.","robots":{"index":"index","follow":"follow","max-snippet":"max-snippet:-1","max-image-preview":"max-image-preview:large","max-video-preview":"max-video-preview:-1"},"canonical":"https:\/\/kart.no\/en\/produkt\/nv-charts-baltic-region-2-lubecker-bucht-bornholm-copenhagen\/","og_locale":"en_US","og_type":"article","og_title":"NV Charts Baltic Region 2 L\u00fcbecker Bucht-Bornholm-Copenhagen","og_description":"Nautical charts for L\u00fcbeck Bay, Bornholm and Copenhagen. NV Charts Baltic Region 2 combo pack with paper charts and digital nautical charts for app + PC\/Mac with offline use.","og_url":"https:\/\/kart.no\/en\/produkt\/nv-charts-baltic-region-2-lubecker-bucht-bornholm-copenhagen\/","og_site_name":"Kart.no","article_publisher":"https:\/\/www.facebook.com\/kart.no","og_image":[{"width":1059,"height":1059,"url":"https:\/\/kart.no\/wp-content\/uploads\/2026\/01\/S2_3.jpg","type":"image\/jpeg"}],"twitter_card":"summary_large_image","twitter_misc":{"Est. reading time":"1 minute"},"schema":{"@context":"https:\/\/schema.org","@graph":[{"@type":"WebPage","@id":"https:\/\/kart.no\/en\/produkt\/nv-charts-baltic-region-2-lubecker-bucht-bornholm-copenhagen\/","url":"https:\/\/kart.no\/en\/produkt\/nv-charts-baltic-region-2-lubecker-bucht-bornholm-copenhagen\/","name":"NV Charts Baltic Region 2 L\u00fcbecker Bucht-Bornholm-K\u00f8benhavn | Sea charts paper + digital","isPartOf":{"@id":"https:\/\/kart.no\/en\/#website"},"primaryImageOfPage":{"@id":"https:\/\/kart.no\/en\/produkt\/nv-charts-baltic-region-2-lubecker-bucht-bornholm-copenhagen\/#primaryimage"},"image":{"@id":"https:\/\/kart.no\/en\/produkt\/nv-charts-baltic-region-2-lubecker-bucht-bornholm-copenhagen\/#primaryimage"},"thumbnailUrl":"https:\/\/kart.no\/wp-content\/uploads\/2026\/01\/S2_3.jpg","datePublished":"2024-03-14T01:11:09+00:00","description":"Nautical charts for L\u00fcbeck Bay, Bornholm and Copenhagen. NV Charts Baltic Region 2 combo pack with paper charts and digital nautical charts for app + PC\/Mac with offline use.","breadcrumb":{"@id":"https:\/\/kart.no\/en\/produkt\/nv-charts-baltic-region-2-lubecker-bucht-bornholm-copenhagen\/#breadcrumb"},"inLanguage":"en-US","potentialAction":[{"@type":"ReadAction","target":["https:\/\/kart.no\/en\/produkt\/nv-charts-baltic-region-2-lubecker-bucht-bornholm-copenhagen\/"]}]},{"@type":"ImageObject","inLanguage":"en-US","@id":"https:\/\/kart.no\/en\/produkt\/nv-charts-baltic-region-2-lubecker-bucht-bornholm-copenhagen\/#primaryimage","url":"https:\/\/kart.no\/wp-content\/uploads\/2026\/01\/S2_3.jpg","contentUrl":"https:\/\/kart.no\/wp-content\/uploads\/2026\/01\/S2_3.jpg","width":1059,"height":1059,"caption":"NV Charts Baltic Region 2 - nautical charts for the eastern waters of the Baltic Sea. Combination package with paper and digital access."},{"@type":"BreadcrumbList","@id":"https:\/\/kart.no\/en\/produkt\/nv-charts-baltic-region-2-lubecker-bucht-bornholm-copenhagen\/#breadcrumb","itemListElement":[{"@type":"ListItem","position":1,"name":"Hjem","item":"https:\/\/kart.no\/en\/"},{"@type":"ListItem","position":2,"name":"Shop","item":"https:\/\/kart.no\/en\/shop\/"},{"@type":"ListItem","position":3,"name":"Marine","item":"https:\/\/kart.no\/en\/product-category\/marine\/"},{"@type":"ListItem","position":4,"name":"Nautical Charts (Paper)","item":"https:\/\/kart.no\/en\/product-category\/marine\/nautical-charts-paper\/"},{"@type":"ListItem","position":5,"name":"Nautical Charts (Paper) \u2013 Denmark","item":"https:\/\/kart.no\/en\/product-category\/marine\/nautical-charts-paper\/nautical-charts-paper-denmark\/"},{"@type":"ListItem","position":6,"name":"Recreational nautical charts \u2013 Denmark","item":"https:\/\/kart.no\/en\/product-category\/marine\/nautical-charts-paper\/nautical-charts-paper-denmark\/recreational-nautical-charts-denmark\/"},{"@type":"ListItem","position":7,"name":"NV Charts Baltic Region 2 L\u00fcbecker Bucht-Bornholm-Copenhagen"}]},{"@type":"WebSite","@id":"https:\/\/kart.no\/en\/#website","url":"https:\/\/kart.no\/en\/","name":"Kart.no","description":"Nordic expertise in maps and navigation","publisher":{"@id":"https:\/\/kart.no\/en\/#organization"},"potentialAction":[{"@type":"SearchAction","target":{"@type":"EntryPoint","urlTemplate":"https:\/\/kart.no\/en\/?s={search_term_string}"},"query-input":{"@type":"PropertyValueSpecification","valueRequired":true,"valueName":"search_term_string"}}],"inLanguage":"en-US"},{"@type":"Organization","@id":"https:\/\/kart.no\/en\/#organization","name":"Kart.no","url":"https:\/\/kart.no\/en\/","logo":{"@type":"ImageObject","inLanguage":"en-US","@id":"https:\/\/kart.no\/en\/#\/schema\/logo\/image\/","url":"https:\/\/kart.no\/wp-content\/uploads\/2023\/10\/kart.no-logo.png","contentUrl":"https:\/\/kart.no\/wp-content\/uploads\/2023\/10\/kart.no-logo.png","width":784,"height":312,"caption":"Kart.no"},"image":{"@id":"https:\/\/kart.no\/en\/#\/schema\/logo\/image\/"},"sameAs":["https:\/\/www.facebook.com\/kart.no","https:\/\/www.instagram.com\/_kart.no\/"]}]}},"uagb_featured_image_src":{"full":["https:\/\/kart.no\/wp-content\/uploads\/2026\/01\/S2_3.jpg",1059,1059,false],"thumbnail":["https:\/\/kart.no\/wp-content\/uploads\/2026\/01\/S2_3-150x150.jpg",150,150,true],"medium":["https:\/\/kart.no\/wp-content\/uploads\/2026\/01\/S2_3-300x300.jpg",300,300,true],"medium_large":["https:\/\/kart.no\/wp-content\/uploads\/2026\/01\/S2_3-768x768.jpg",768,768,true],"large":["https:\/\/kart.no\/wp-content\/uploads\/2026\/01\/S2_3.jpg",1059,1059,false],"1536x1536":["https:\/\/kart.no\/wp-content\/uploads\/2026\/01\/S2_3.jpg",1059,1059,false],"2048x2048":["https:\/\/kart.no\/wp-content\/uploads\/2026\/01\/S2_3.jpg",1059,1059,false],"woocommerce_thumbnail":["https:\/\/kart.no\/wp-content\/uploads\/2026\/01\/S2_3-300x300.jpg",300,300,true],"woocommerce_single":["https:\/\/kart.no\/wp-content\/uploads\/2026\/01\/S2_3-600x600.jpg",600,600,true],"woocommerce_gallery_thumbnail":["https:\/\/kart.no\/wp-content\/uploads\/2026\/01\/S2_3-100x100.jpg",100,100,true],"dgwt-wcas-product-suggestion":["https:\/\/kart.no\/wp-content\/uploads\/2026\/01\/S2_3-64x64.jpg",64,64,true]},"uagb_author_info":{"display_name":"Steinar Figved","author_link":"https:\/\/kart.no\/en\/author\/"},"uagb_comment_info":0,"uagb_excerpt":"L\u00fcbecker Bucht, Bornholm and Copenhagen - Combined paper + digital Always delivered in the latest available version. Free exchange to a new edition if an update is released within 30 days of purchase.","_links":{"self":[{"href":"https:\/\/kart.no\/en\/wp-json\/wp\/v2\/product\/50855","targetHints":{"allow":["GET"]}}],"collection":[{"href":"https:\/\/kart.no\/en\/wp-json\/wp\/v2\/product"}],"about":[{"href":"https:\/\/kart.no\/en\/wp-json\/wp\/v2\/types\/product"}],"replies":[{"embeddable":true,"href":"https:\/\/kart.no\/en\/wp-json\/wp\/v2\/comments?post=50855"}],"wp:featuredmedia":[{"embeddable":true,"href":"https:\/\/kart.no\/en\/wp-json\/wp\/v2\/media\/36861"}],"wp:attachment":[{"href":"https:\/\/kart.no\/en\/wp-json\/wp\/v2\/media?parent=50855"}],"wp:term":[{"taxonomy":"product_brand","embeddable":true,"href":"https:\/\/kart.no\/en\/wp-json\/wp\/v2\/product_brand?post=50855"},{"taxonomy":"product_cat","embeddable":true,"href":"https:\/\/kart.no\/en\/wp-json\/wp\/v2\/product_cat?post=50855"},{"taxonomy":"product_tag","embeddable":true,"href":"https:\/\/kart.no\/en\/wp-json\/wp\/v2\/product_tag?post=50855"}],"curies":[{"name":"wp","href":"https:\/\/api.w.org\/{rel}","templated":true}]}}