{"id":51960,"date":"2023-12-06T00:47:37","date_gmt":"2023-12-05T23:47:37","guid":{"rendered":"https:\/\/kart.no\/produkt\/kartverket-nautical-chart-540-hinlopenrenna-moffen-lagoya\/"},"modified":"2023-12-06T00:47:37","modified_gmt":"2023-12-05T23:47:37","slug":"kartverket-nautical-chart-540-hinlopenrenna-moffen-lagoya","status":"publish","type":"product","link":"https:\/\/kart.no\/en\/produkt\/kartverket-nautical-chart-540-hinlopenrenna-moffen-lagoya\/","title":{"rendered":"Kartverket Nautical Chart 540 &#8211; Hinlopenrenna. Moffen &#8211; L\u00e5g\u00f8ya"},"content":{"rendered":"<p>Nautical charts covering the waters of Hinlopenrenna. Moffen &#8211; L\u00e5g\u00f8ya. Map sheet 540 in the Norwegian Mapping Authority&#8217;s Svalbard map series. The map is 113 x 84 cm and has a scale of 1:100,000. Can also be delivered on a plate or framed. Size with passepartout and frame is 134 x 104 cm.     <\/p>\n<p>The nautical chart for Hinlopenrenna. Moffen &#8211; L\u00e5g\u00f8ya provides a good overview and precise information for safe navigation and planning in the area. The coverage is particularly useful for those who are looking for nautical charts for this particular area, and who want a clear overview of local waters and nearby coastal stretches.  <\/p>\n<p>Map sheet 540 in the Norwegian Mapping Authority&#8217;s Svalbard map series. This map has a scale of 1:100,000 and a size of 113 x 84 cm, which provides good legibility in the area. The map is produced as print-on-demand and is printed when ordered. This means that you get an updated nautical chart based on the latest available data and corrections from the Norwegian Mapping Authority.   <\/p>\n<p>The map base is based on official data from the Swedish Mapping Authority, making this a reliable choice for those who want up-to-date nautical charts.<\/p>\n<p>For many, 125-gram map paper is the right choice when the map is primarily intended as a backup, while 180-gram map paper is the best option for active navigation and notes along the way. If the map is to be used in harsh environments, Tyvek is a very durable alternative. For framing and decoration, art paper is an exclusive choice with a clear structure and high quality.  <\/p>\n<p>If you want a ready-to-hang solution, the map can be delivered pre-framed or mounted on aluminum plate. This also makes it suitable as a wall map. Size with passepartout and frame is 134 x 104 cm.  <\/p>\n","protected":false},"excerpt":{"rendered":"<p>Nautical charts covering the waters of Hinlopenrenna. Moffen &#8211; L\u00e5g\u00f8ya. Map sheet 540 in the Norwegian Mapping Authority&#8217;s Svalbard map series. The map is 113 x 84 cm and has a scale of 1:100,000. Can also be delivered on a plate or framed. Size with passepartout and frame is 134 x 104 cm.     <\/p>\n","protected":false},"featured_media":15340,"comment_status":"open","ping_status":"closed","template":"","meta":{"_uag_custom_page_level_css":""},"product_brand":[1402],"product_cat":[1151],"product_tag":[],"class_list":{"0":"post-51960","1":"product","2":"type-product","3":"status-publish","4":"has-post-thumbnail","6":"product_brand-norwegian-mapping-authority","7":"product_cat-official-nautical-charts-svalbard-and-antarctica","8":"pa_kartserie-kartverket-svalbardkart","9":"pa_produsent-kartverket","11":"first","12":"instock","13":"taxable","14":"shipping-taxable","15":"purchasable","16":"product-type-composite"},"composite_virtual":false,"composite_layout":"single","composite_add_to_cart_form_location":"default","composite_editable_in_cart":false,"composite_sold_individually_context":"product","composite_shop_price_calc":"min_max","composite_components":[{"id":"1706794288","title":"Select material","description":"<div class=\"component-popup\">\n<div class=\"cmp-popup-top\">\n       <a href=\"#\" class=\"close-cmp-popup\">X<\/a>\n   <\/div>\n<div class=\"cmp-popup-inner\">\n<h3>Materials<\/h3>\n<p><span>We use the highest quality materials handpicked by us. Prints on map paper are produced on map plotters approved by the Swedish Mapping Authority. Art prints are produced with 12-color pigment printers with a lifespan of 100-400 years.    <\/span>\n   <\/div>\n<div class=\"cmp-popup-inner\">\n<h4>Map paper (90 grams)<\/h4>\n<p>Uncoated matte paper 90 grams\/m2 (thin paper).<\/p>\n<\/div>\n<div class=\"cmp-popup-inner\">\n<h4>Map paper (180 grams)<\/h4>\n<p>Uncoated matte paper 180 grams\/m2 (thick paper).\n<\/p>\n<\/div>\n<div class=\"cmp-popup-inner\">\n<h4>Water and tear resistant paper (Tyvek)<\/h4>\n<p>Paper made for harsh conditions. Withstands water and is almost impossible to tear. <\/p>\n<\/p>\n<\/div>\n<div class=\"cmp-popup-inner\">\n<h4>Art paper<\/h4>\n<p>Cotton-based rag paper (240 gsm) with exclusive structure. The first choice for framing maps. <\/p>\n<\/p>\n<\/div>\n<div class=\"cmp-popup-inner\">\n<h4>Aluminum plate<\/h4>\n<p>Maps printed on robust and durable Tyvek\u00ae mounted on 2 mm thick alu-composite board. Supplied ready to hang on the wall with profile strips on the back.\n<\/p>\n<\/div>\n<div class=\"cmp-popup-inner\">\n<h4>Aluminum sheet with glass film<\/h4>\n<p>2 mm thick aluminum composite plate with glass film. Exclusive and hardy finish that can also be hung outdoors. The glass film gives maps with shading a three-dimensional look. Also perfect if you want to draw on the map with whiteboard markers. Supplied ready to hang on the wall with profile strips on the back.    <\/p>\n<\/p>\n<\/div>\n<\/div>\n","query_type":"category_ids","query_ids":[136],"default_option_id":5807,"thumbnail_id":"","thumbnail_src":"","quantity_min":1,"quantity_max":1,"priced_individually":true,"shipped_individually":false,"optional":true,"discount":"","options_style":"thumbnails","pagination_style":"classic","display_prices":"absolute","show_sorting_options":false,"show_filtering_options":false,"attribute_filter_ids":[],"select_action":"view","product_title_visible":true,"product_descr_visible":true,"product_price_visible":true,"product_thumb_visible":true,"subtotal_visible_product":true,"subtotal_visible_cart":true,"subtotal_visible_orders":true},{"id":"1706794289","title":"Select framing","description":"<div class=\"component-popup\">\n<div class=\"cmp-popup-top\">\n       <a href=\"#\" class=\"close-cmp-popup\">X<\/a>\n   <\/div>\n<div class=\"cmp-popup-inner\">\n<h3>Select framing<\/h3>\n<p><span>Nautical charts can be framed with or without passepartout. If you choose a passe-partout for the map, the overall size increases. The passepartout is 1.8 mm thick and manufactured by Canson. Maps are framed with float glass without spacers.     <\/span>\n   <\/div>\n<\/div>\n","query_type":"category_ids","query_ids":[137],"default_option_id":5813,"thumbnail_id":"","thumbnail_src":"","quantity_min":1,"quantity_max":1,"priced_individually":true,"shipped_individually":false,"optional":true,"discount":"","options_style":"thumbnails","pagination_style":"classic","display_prices":"hidden","show_sorting_options":false,"show_filtering_options":false,"attribute_filter_ids":[],"select_action":"view","product_title_visible":true,"product_descr_visible":true,"product_price_visible":true,"product_thumb_visible":true,"subtotal_visible_product":true,"subtotal_visible_cart":true,"subtotal_visible_orders":true},{"id":"1707094836","title":"Select frame color","description":"<div class=\"component-popup\">\n<div class=\"cmp-popup-top\">\n       <a href=\"#\" class=\"close-cmp-popup\">X<\/a>\n   <\/div>\n<div class=\"cmp-popup-inner\">\n<h4>Select frame color<\/h4>\n<p>All our maps are framed with frame strips from Italian Rosini Cornice. The size of the frame strip is adapted to the size of the map. The frame strips are 15 - 50 mm deep and 12 - 20 mm wide. The black, white, oak and walnut frames are made with Scandinavian pine. The Natur frame is made with linden wood.    <\/p>\n<\/div>\n<\/div>\n","query_type":"category_ids","query_ids":[138],"default_option_id":5825,"thumbnail_id":"","thumbnail_src":"","quantity_min":1,"quantity_max":1,"priced_individually":true,"shipped_individually":false,"optional":true,"discount":"","options_style":"thumbnails","pagination_style":"classic","display_prices":"absolute","show_sorting_options":false,"show_filtering_options":false,"attribute_filter_ids":[],"select_action":"view","product_title_visible":true,"product_descr_visible":true,"product_price_visible":true,"product_thumb_visible":true,"subtotal_visible_product":true,"subtotal_visible_cart":true,"subtotal_visible_orders":true},{"id":"1744101720","title":"Choose accessories","description":"","query_type":"product_ids","query_ids":[14490,50857,14494],"default_option_id":14494,"thumbnail_id":"","thumbnail_src":"","quantity_min":0,"quantity_max":1,"priced_individually":true,"shipped_individually":false,"optional":true,"discount":"","options_style":"thumbnails","pagination_style":"classic","display_prices":"absolute","show_sorting_options":false,"show_filtering_options":false,"attribute_filter_ids":[],"select_action":"view","product_title_visible":true,"product_descr_visible":true,"product_price_visible":true,"product_thumb_visible":true,"subtotal_visible_product":true,"subtotal_visible_cart":true,"subtotal_visible_orders":true}],"composite_scenarios":[{"id":"1707095395","name":"When not &quot;Kunstpapir (for innramming)&quot; - hide &quot;velg Innramming&quot;, &quot;Velg rammefarge&quot;","description":"","configuration":[{"component_id":"1706794288","options_modifier":"not-in","component_options":[5810]}],"actions":[{"action_id":"compat_group","is_active":false},{"action_id":"conditional_components","is_active":true,"hidden_components":["1706794289","1707094836"]},{"action_id":"conditional_options","is_active":false,"hidden_options":[]}],"enabled":true},{"id":"1707095396","name":"When not &quot;Kartpapir 90 gram&quot;, &quot;Kartpapir 180 gram), &quot;Tykev&quot;, hide &quot;Levering&quot;","description":"","configuration":[{"component_id":"1706794288","options_modifier":"not-in","component_options":[5808,5807]}],"actions":[{"action_id":"compat_group","is_active":false},{"action_id":"conditional_components","is_active":true,"hidden_components":[]},{"action_id":"conditional_options","is_active":false,"hidden_options":[]}],"enabled":true},{"id":"1707095397","name":"When &quot;uten innramming&quot; hide &quot;belg rammefarge","description":"","configuration":[{"component_id":"1706794289","options_modifier":"in","component_options":[5813]}],"actions":[{"action_id":"compat_group","is_active":false},{"action_id":"conditional_components","is_active":true,"hidden_components":["1707094836"]},{"action_id":"conditional_options","is_active":false,"hidden_options":[]}],"enabled":true},{"id":"1707095398","name":"When &quot;innramming uten passeparout&quot; hide all options with passepartout","description":"","configuration":[{"component_id":"1706794289","options_modifier":"in","component_options":[5814]}],"actions":[{"action_id":"compat_group","is_active":false},{"action_id":"conditional_components","is_active":false,"hidden_components":[]},{"action_id":"conditional_options","is_active":true,"hidden_options":[{"component_id":"1707094836","component_options":[5825,5824,5823,5822,5821],"options_modifier":"in"}]}],"enabled":true},{"id":"1707095399","name":"When &quot;innrammingh med passepartout&quot; hide all options with no passepartout","description":"","configuration":[{"component_id":"1706794289","options_modifier":"in","component_options":[5815]}],"actions":[{"action_id":"compat_group","is_active":false},{"action_id":"conditional_components","is_active":false,"hidden_components":[]},{"action_id":"conditional_options","is_active":true,"hidden_options":[{"component_id":"1707094836","component_options":[5820,5819,5818,5817,5816],"options_modifier":"in"}]}],"enabled":true},{"id":"1744102070","name":"Kartr\u00f8r","description":"","configuration":[{"component_id":"1706794288","options_modifier":"in","component_options":[5812,5811]}],"actions":[{"action_id":"compat_group","is_active":false},{"action_id":"conditional_components","is_active":false,"hidden_components":[]},{"action_id":"conditional_options","is_active":true,"hidden_options":[{"component_id":"1744101720","component_options":[14490],"options_modifier":"in"}]}],"enabled":true},{"id":"1744102071","name":"Bildeoppheng","description":"","configuration":[{"component_id":"1706794288","options_modifier":"in","component_options":[5810,5809,5808,5807]}],"actions":[{"action_id":"compat_group","is_active":false},{"action_id":"conditional_components","is_active":false,"hidden_components":[]},{"action_id":"conditional_options","is_active":true,"hidden_options":[{"component_id":"1744101720","component_options":[50857],"options_modifier":"in"}]}],"enabled":true},{"id":"1744102072","name":"Hide tilbeh\u00f8r when innramming","description":"","configuration":[{"component_id":"1706794289","options_modifier":"not-in","component_options":[5813]}],"actions":[{"action_id":"compat_group","is_active":false},{"action_id":"conditional_components","is_active":true,"hidden_components":["1744101720"]},{"action_id":"conditional_options","is_active":false,"hidden_options":[]}],"enabled":true}],"acf":[],"yoast_head":"<!-- This site is optimized with the Yoast SEO Premium plugin v27.4 (Yoast SEO v27.4) - https:\/\/yoast.com\/product\/yoast-seo-premium-wordpress\/ -->\n<title>Kartverket Nautical Chart 540 - Hinlopenrenna. Moffen - L\u00e5g\u00f8ya - Kart.no<\/title>\n<meta name=\"robots\" content=\"index, follow, max-snippet:-1, max-image-preview:large, max-video-preview:-1\" \/>\n<link rel=\"canonical\" href=\"https:\/\/kart.no\/en\/produkt\/kartverket-nautical-chart-540-hinlopenrenna-moffen-lagoya\/\" \/>\n<meta property=\"og:locale\" content=\"en_US\" \/>\n<meta property=\"og:type\" content=\"article\" \/>\n<meta property=\"og:title\" content=\"Kartverket Nautical Chart 540 - Hinlopenrenna. Moffen - L\u00e5g\u00f8ya\" \/>\n<meta property=\"og:description\" content=\"Nautical charts covering the waters of Hinlopenrenna. Moffen - L\u00e5g\u00f8ya. Map sheet 540 in the Norwegian Mapping Authority&#039;s Svalbard map series. The map is 113 x 84 cm and has a scale of 1:100,000. Can also be delivered on a plate or framed. Size with passepartout and frame is 134 x 104 cm.\" \/>\n<meta property=\"og:url\" content=\"https:\/\/kart.no\/en\/produkt\/kartverket-nautical-chart-540-hinlopenrenna-moffen-lagoya\/\" \/>\n<meta property=\"og:site_name\" content=\"Kart.no\" \/>\n<meta property=\"article:publisher\" content=\"https:\/\/www.facebook.com\/kart.no\" \/>\n<meta property=\"og:image\" content=\"https:\/\/kart.no\/wp-content\/uploads\/2025\/06\/2025-540.jpg\" \/>\n\t<meta property=\"og:image:width\" content=\"2048\" \/>\n\t<meta property=\"og:image:height\" content=\"2048\" \/>\n\t<meta property=\"og:image:type\" content=\"image\/jpeg\" \/>\n<meta name=\"twitter:card\" content=\"summary_large_image\" \/>\n<meta name=\"twitter:label1\" content=\"Est. reading time\" \/>\n\t<meta name=\"twitter:data1\" content=\"1 minute\" \/>\n<script type=\"application\/ld+json\" class=\"yoast-schema-graph\">{\"@context\":\"https:\\\/\\\/schema.org\",\"@graph\":[{\"@type\":\"WebPage\",\"@id\":\"https:\\\/\\\/kart.no\\\/en\\\/produkt\\\/kartverket-nautical-chart-540-hinlopenrenna-moffen-lagoya\\\/\",\"url\":\"https:\\\/\\\/kart.no\\\/en\\\/produkt\\\/kartverket-nautical-chart-540-hinlopenrenna-moffen-lagoya\\\/\",\"name\":\"Kartverket Nautical Chart 540 - Hinlopenrenna. Moffen - L\u00e5g\u00f8ya - Kart.no\",\"isPartOf\":{\"@id\":\"https:\\\/\\\/kart.no\\\/en\\\/#website\"},\"primaryImageOfPage\":{\"@id\":\"https:\\\/\\\/kart.no\\\/en\\\/produkt\\\/kartverket-nautical-chart-540-hinlopenrenna-moffen-lagoya\\\/#primaryimage\"},\"image\":{\"@id\":\"https:\\\/\\\/kart.no\\\/en\\\/produkt\\\/kartverket-nautical-chart-540-hinlopenrenna-moffen-lagoya\\\/#primaryimage\"},\"thumbnailUrl\":\"https:\\\/\\\/kart.no\\\/wp-content\\\/uploads\\\/2025\\\/06\\\/2025-540.jpg\",\"datePublished\":\"2023-12-05T23:47:37+00:00\",\"breadcrumb\":{\"@id\":\"https:\\\/\\\/kart.no\\\/en\\\/produkt\\\/kartverket-nautical-chart-540-hinlopenrenna-moffen-lagoya\\\/#breadcrumb\"},\"inLanguage\":\"en-US\",\"potentialAction\":[{\"@type\":\"ReadAction\",\"target\":[\"https:\\\/\\\/kart.no\\\/en\\\/produkt\\\/kartverket-nautical-chart-540-hinlopenrenna-moffen-lagoya\\\/\"]}]},{\"@type\":\"ImageObject\",\"inLanguage\":\"en-US\",\"@id\":\"https:\\\/\\\/kart.no\\\/en\\\/produkt\\\/kartverket-nautical-chart-540-hinlopenrenna-moffen-lagoya\\\/#primaryimage\",\"url\":\"https:\\\/\\\/kart.no\\\/wp-content\\\/uploads\\\/2025\\\/06\\\/2025-540.jpg\",\"contentUrl\":\"https:\\\/\\\/kart.no\\\/wp-content\\\/uploads\\\/2025\\\/06\\\/2025-540.jpg\",\"width\":2048,\"height\":2048},{\"@type\":\"BreadcrumbList\",\"@id\":\"https:\\\/\\\/kart.no\\\/en\\\/produkt\\\/kartverket-nautical-chart-540-hinlopenrenna-moffen-lagoya\\\/#breadcrumb\",\"itemListElement\":[{\"@type\":\"ListItem\",\"position\":1,\"name\":\"Hjem\",\"item\":\"https:\\\/\\\/kart.no\\\/en\\\/\"},{\"@type\":\"ListItem\",\"position\":2,\"name\":\"Shop\",\"item\":\"https:\\\/\\\/kart.no\\\/en\\\/shop\\\/\"},{\"@type\":\"ListItem\",\"position\":3,\"name\":\"Kartverket Nautical Chart 540 &#8211; Hinlopenrenna. Moffen &#8211; L\u00e5g\u00f8ya\"}]},{\"@type\":\"WebSite\",\"@id\":\"https:\\\/\\\/kart.no\\\/en\\\/#website\",\"url\":\"https:\\\/\\\/kart.no\\\/en\\\/\",\"name\":\"Kart.no\",\"description\":\"Nordic expertise in maps and navigation\",\"publisher\":{\"@id\":\"https:\\\/\\\/kart.no\\\/en\\\/#organization\"},\"potentialAction\":[{\"@type\":\"SearchAction\",\"target\":{\"@type\":\"EntryPoint\",\"urlTemplate\":\"https:\\\/\\\/kart.no\\\/en\\\/?s={search_term_string}\"},\"query-input\":{\"@type\":\"PropertyValueSpecification\",\"valueRequired\":true,\"valueName\":\"search_term_string\"}}],\"inLanguage\":\"en-US\"},{\"@type\":\"Organization\",\"@id\":\"https:\\\/\\\/kart.no\\\/en\\\/#organization\",\"name\":\"Kart.no\",\"url\":\"https:\\\/\\\/kart.no\\\/en\\\/\",\"logo\":{\"@type\":\"ImageObject\",\"inLanguage\":\"en-US\",\"@id\":\"https:\\\/\\\/kart.no\\\/en\\\/#\\\/schema\\\/logo\\\/image\\\/\",\"url\":\"https:\\\/\\\/kart.no\\\/wp-content\\\/uploads\\\/2023\\\/10\\\/kart.no-logo.png\",\"contentUrl\":\"https:\\\/\\\/kart.no\\\/wp-content\\\/uploads\\\/2023\\\/10\\\/kart.no-logo.png\",\"width\":784,\"height\":312,\"caption\":\"Kart.no\"},\"image\":{\"@id\":\"https:\\\/\\\/kart.no\\\/en\\\/#\\\/schema\\\/logo\\\/image\\\/\"},\"sameAs\":[\"https:\\\/\\\/www.facebook.com\\\/kart.no\",\"https:\\\/\\\/www.instagram.com\\\/_kart.no\\\/\"]}]}<\/script>\n<!-- \/ Yoast SEO Premium plugin. -->","yoast_head_json":{"title":"Kartverket Nautical Chart 540 - Hinlopenrenna. Moffen - L\u00e5g\u00f8ya - Kart.no","robots":{"index":"index","follow":"follow","max-snippet":"max-snippet:-1","max-image-preview":"max-image-preview:large","max-video-preview":"max-video-preview:-1"},"canonical":"https:\/\/kart.no\/en\/produkt\/kartverket-nautical-chart-540-hinlopenrenna-moffen-lagoya\/","og_locale":"en_US","og_type":"article","og_title":"Kartverket Nautical Chart 540 - Hinlopenrenna. Moffen - L\u00e5g\u00f8ya","og_description":"Nautical charts covering the waters of Hinlopenrenna. Moffen - L\u00e5g\u00f8ya. Map sheet 540 in the Norwegian Mapping Authority's Svalbard map series. The map is 113 x 84 cm and has a scale of 1:100,000. Can also be delivered on a plate or framed. Size with passepartout and frame is 134 x 104 cm.","og_url":"https:\/\/kart.no\/en\/produkt\/kartverket-nautical-chart-540-hinlopenrenna-moffen-lagoya\/","og_site_name":"Kart.no","article_publisher":"https:\/\/www.facebook.com\/kart.no","og_image":[{"width":2048,"height":2048,"url":"https:\/\/kart.no\/wp-content\/uploads\/2025\/06\/2025-540.jpg","type":"image\/jpeg"}],"twitter_card":"summary_large_image","twitter_misc":{"Est. reading time":"1 minute"},"schema":{"@context":"https:\/\/schema.org","@graph":[{"@type":"WebPage","@id":"https:\/\/kart.no\/en\/produkt\/kartverket-nautical-chart-540-hinlopenrenna-moffen-lagoya\/","url":"https:\/\/kart.no\/en\/produkt\/kartverket-nautical-chart-540-hinlopenrenna-moffen-lagoya\/","name":"Kartverket Nautical Chart 540 - Hinlopenrenna. Moffen - L\u00e5g\u00f8ya - Kart.no","isPartOf":{"@id":"https:\/\/kart.no\/en\/#website"},"primaryImageOfPage":{"@id":"https:\/\/kart.no\/en\/produkt\/kartverket-nautical-chart-540-hinlopenrenna-moffen-lagoya\/#primaryimage"},"image":{"@id":"https:\/\/kart.no\/en\/produkt\/kartverket-nautical-chart-540-hinlopenrenna-moffen-lagoya\/#primaryimage"},"thumbnailUrl":"https:\/\/kart.no\/wp-content\/uploads\/2025\/06\/2025-540.jpg","datePublished":"2023-12-05T23:47:37+00:00","breadcrumb":{"@id":"https:\/\/kart.no\/en\/produkt\/kartverket-nautical-chart-540-hinlopenrenna-moffen-lagoya\/#breadcrumb"},"inLanguage":"en-US","potentialAction":[{"@type":"ReadAction","target":["https:\/\/kart.no\/en\/produkt\/kartverket-nautical-chart-540-hinlopenrenna-moffen-lagoya\/"]}]},{"@type":"ImageObject","inLanguage":"en-US","@id":"https:\/\/kart.no\/en\/produkt\/kartverket-nautical-chart-540-hinlopenrenna-moffen-lagoya\/#primaryimage","url":"https:\/\/kart.no\/wp-content\/uploads\/2025\/06\/2025-540.jpg","contentUrl":"https:\/\/kart.no\/wp-content\/uploads\/2025\/06\/2025-540.jpg","width":2048,"height":2048},{"@type":"BreadcrumbList","@id":"https:\/\/kart.no\/en\/produkt\/kartverket-nautical-chart-540-hinlopenrenna-moffen-lagoya\/#breadcrumb","itemListElement":[{"@type":"ListItem","position":1,"name":"Hjem","item":"https:\/\/kart.no\/en\/"},{"@type":"ListItem","position":2,"name":"Shop","item":"https:\/\/kart.no\/en\/shop\/"},{"@type":"ListItem","position":3,"name":"Kartverket Nautical Chart 540 &#8211; Hinlopenrenna. Moffen &#8211; L\u00e5g\u00f8ya"}]},{"@type":"WebSite","@id":"https:\/\/kart.no\/en\/#website","url":"https:\/\/kart.no\/en\/","name":"Kart.no","description":"Nordic expertise in maps and navigation","publisher":{"@id":"https:\/\/kart.no\/en\/#organization"},"potentialAction":[{"@type":"SearchAction","target":{"@type":"EntryPoint","urlTemplate":"https:\/\/kart.no\/en\/?s={search_term_string}"},"query-input":{"@type":"PropertyValueSpecification","valueRequired":true,"valueName":"search_term_string"}}],"inLanguage":"en-US"},{"@type":"Organization","@id":"https:\/\/kart.no\/en\/#organization","name":"Kart.no","url":"https:\/\/kart.no\/en\/","logo":{"@type":"ImageObject","inLanguage":"en-US","@id":"https:\/\/kart.no\/en\/#\/schema\/logo\/image\/","url":"https:\/\/kart.no\/wp-content\/uploads\/2023\/10\/kart.no-logo.png","contentUrl":"https:\/\/kart.no\/wp-content\/uploads\/2023\/10\/kart.no-logo.png","width":784,"height":312,"caption":"Kart.no"},"image":{"@id":"https:\/\/kart.no\/en\/#\/schema\/logo\/image\/"},"sameAs":["https:\/\/www.facebook.com\/kart.no","https:\/\/www.instagram.com\/_kart.no\/"]}]}},"uagb_featured_image_src":{"full":["https:\/\/kart.no\/wp-content\/uploads\/2025\/06\/2025-540.jpg",2048,2048,false],"thumbnail":["https:\/\/kart.no\/wp-content\/uploads\/2025\/06\/2025-540-150x150.jpg",150,150,true],"medium":["https:\/\/kart.no\/wp-content\/uploads\/2025\/06\/2025-540-300x300.jpg",300,300,true],"medium_large":["https:\/\/kart.no\/wp-content\/uploads\/2025\/06\/2025-540-768x768.jpg",768,768,true],"large":["https:\/\/kart.no\/wp-content\/uploads\/2025\/06\/2025-540.jpg",2048,2048,false],"1536x1536":["https:\/\/kart.no\/wp-content\/uploads\/2025\/06\/2025-540-1536x1536.jpg",1536,1536,true],"2048x2048":["https:\/\/kart.no\/wp-content\/uploads\/2025\/06\/2025-540.jpg",2048,2048,false],"woocommerce_thumbnail":["https:\/\/kart.no\/wp-content\/uploads\/2025\/06\/2025-540-300x300.jpg",300,300,true],"woocommerce_single":["https:\/\/kart.no\/wp-content\/uploads\/2025\/06\/2025-540-600x600.jpg",600,600,true],"woocommerce_gallery_thumbnail":["https:\/\/kart.no\/wp-content\/uploads\/2025\/06\/2025-540-100x100.jpg",100,100,true],"dgwt-wcas-product-suggestion":["https:\/\/kart.no\/wp-content\/uploads\/2025\/06\/2025-540-64x64.jpg",64,64,true]},"uagb_author_info":{"display_name":"Steinar Figved","author_link":"https:\/\/kart.no\/en\/author\/"},"uagb_comment_info":0,"uagb_excerpt":"Nautical charts covering the waters of Hinlopenrenna. Moffen - L\u00e5g\u00f8ya. Map sheet 540 in the Norwegian Mapping Authority's Svalbard map series. The map is 113 x 84 cm and has a scale of 1:100,000. Can also be delivered on a plate or framed. Size with passepartout and frame is 134 x 104 cm.","_links":{"self":[{"href":"https:\/\/kart.no\/en\/wp-json\/wp\/v2\/product\/51960","targetHints":{"allow":["GET"]}}],"collection":[{"href":"https:\/\/kart.no\/en\/wp-json\/wp\/v2\/product"}],"about":[{"href":"https:\/\/kart.no\/en\/wp-json\/wp\/v2\/types\/product"}],"replies":[{"embeddable":true,"href":"https:\/\/kart.no\/en\/wp-json\/wp\/v2\/comments?post=51960"}],"wp:featuredmedia":[{"embeddable":true,"href":"https:\/\/kart.no\/en\/wp-json\/wp\/v2\/media\/15340"}],"wp:attachment":[{"href":"https:\/\/kart.no\/en\/wp-json\/wp\/v2\/media?parent=51960"}],"wp:term":[{"taxonomy":"product_brand","embeddable":true,"href":"https:\/\/kart.no\/en\/wp-json\/wp\/v2\/product_brand?post=51960"},{"taxonomy":"product_cat","embeddable":true,"href":"https:\/\/kart.no\/en\/wp-json\/wp\/v2\/product_cat?post=51960"},{"taxonomy":"product_tag","embeddable":true,"href":"https:\/\/kart.no\/en\/wp-json\/wp\/v2\/product_tag?post=51960"}],"curies":[{"name":"wp","href":"https:\/\/api.w.org\/{rel}","templated":true}]}}