{"id":52029,"date":"2026-01-09T02:52:43","date_gmt":"2026-01-09T01:52:43","guid":{"rendered":"https:\/\/kart.no\/produkt\/se-13-lake-vanern\/"},"modified":"2026-01-09T02:52:43","modified_gmt":"2026-01-09T01:52:43","slug":"se-13-lake-vanern","status":"publish","type":"product","link":"https:\/\/kart.no\/en\/produkt\/se-13-lake-vanern\/","title":{"rendered":"SE 13 Lake V\u00e4nern"},"content":{"rendered":"<p>Kart.no is an authorized dealer of official nautical charts from the Swedish Maritime Administration in Norway. Charts delivered from stock are always the latest updated edition. If a chart is not in stock, it is ordered directly from the Swedish Maritime Administration and sent from us as soon as we have received it.  <\/p>\n","protected":false},"excerpt":{"rendered":"<p>This map covers the area V\u00e4nern. It is an official overview and coastal chart published by the Swedish Maritime Administration (Sj\u00f6fartsverket). Overview and coastal charts are used for planning and sailing over the open sea as well as navigation in coastal waters.  <\/p>\n","protected":false},"featured_media":37682,"comment_status":"open","ping_status":"closed","template":"","meta":{"_uag_custom_page_level_css":""},"product_brand":[1467],"product_cat":[1154],"product_tag":[],"class_list":{"0":"post-52029","1":"product","2":"type-product","3":"status-publish","4":"has-post-thumbnail","6":"product_brand-swedish-maritime-administration-2","7":"product_cat-official-nautical-charts-sweden","8":"pa_produsent-sjofartsverket","10":"first","11":"onbackorder","12":"taxable","13":"shipping-taxable","14":"purchasable","15":"product-type-simple"},"composite_virtual":false,"composite_layout":"","composite_add_to_cart_form_location":"","composite_editable_in_cart":false,"composite_sold_individually_context":"","composite_shop_price_calc":"","composite_components":[],"composite_scenarios":[],"acf":[],"yoast_head":"<!-- This site is optimized with the Yoast SEO Premium plugin v27.4 (Yoast SEO v27.4) - https:\/\/yoast.com\/product\/yoast-seo-premium-wordpress\/ -->\n<title>SE 13 Lake V\u00e4nern - Kart.no<\/title>\n<meta name=\"robots\" content=\"index, follow, max-snippet:-1, max-image-preview:large, max-video-preview:-1\" \/>\n<link rel=\"canonical\" href=\"https:\/\/kart.no\/en\/produkt\/se-13-lake-vanern\/\" \/>\n<meta property=\"og:locale\" content=\"en_US\" \/>\n<meta property=\"og:type\" content=\"article\" \/>\n<meta property=\"og:title\" content=\"SE 13 Lake V\u00e4nern\" \/>\n<meta property=\"og:description\" content=\"This map covers the area V\u00e4nern. It is an official overview and coastal chart published by the Swedish Maritime Administration (Sj\u00f6fartsverket). Overview and coastal charts are used for planning and sailing over the open sea as well as navigation in coastal waters.\" \/>\n<meta property=\"og:url\" content=\"https:\/\/kart.no\/en\/produkt\/se-13-lake-vanern\/\" \/>\n<meta property=\"og:site_name\" content=\"Kart.no\" \/>\n<meta property=\"article:publisher\" content=\"https:\/\/www.facebook.com\/kart.no\" \/>\n<meta property=\"og:image\" content=\"https:\/\/kart.no\/wp-content\/uploads\/2026\/01\/2025-se-13.jpg\" \/>\n\t<meta property=\"og:image:width\" content=\"2048\" \/>\n\t<meta property=\"og:image:height\" content=\"2048\" \/>\n\t<meta property=\"og:image:type\" content=\"image\/jpeg\" \/>\n<meta name=\"twitter:card\" content=\"summary_large_image\" \/>\n<script type=\"application\/ld+json\" class=\"yoast-schema-graph\">{\"@context\":\"https:\\\/\\\/schema.org\",\"@graph\":[{\"@type\":\"WebPage\",\"@id\":\"https:\\\/\\\/kart.no\\\/en\\\/produkt\\\/se-13-lake-vanern\\\/\",\"url\":\"https:\\\/\\\/kart.no\\\/en\\\/produkt\\\/se-13-lake-vanern\\\/\",\"name\":\"SE 13 Lake V\u00e4nern - Kart.no\",\"isPartOf\":{\"@id\":\"https:\\\/\\\/kart.no\\\/en\\\/#website\"},\"primaryImageOfPage\":{\"@id\":\"https:\\\/\\\/kart.no\\\/en\\\/produkt\\\/se-13-lake-vanern\\\/#primaryimage\"},\"image\":{\"@id\":\"https:\\\/\\\/kart.no\\\/en\\\/produkt\\\/se-13-lake-vanern\\\/#primaryimage\"},\"thumbnailUrl\":\"https:\\\/\\\/kart.no\\\/wp-content\\\/uploads\\\/2026\\\/01\\\/2025-se-13.jpg\",\"datePublished\":\"2026-01-09T01:52:43+00:00\",\"breadcrumb\":{\"@id\":\"https:\\\/\\\/kart.no\\\/en\\\/produkt\\\/se-13-lake-vanern\\\/#breadcrumb\"},\"inLanguage\":\"en-US\",\"potentialAction\":[{\"@type\":\"ReadAction\",\"target\":[\"https:\\\/\\\/kart.no\\\/en\\\/produkt\\\/se-13-lake-vanern\\\/\"]}]},{\"@type\":\"ImageObject\",\"inLanguage\":\"en-US\",\"@id\":\"https:\\\/\\\/kart.no\\\/en\\\/produkt\\\/se-13-lake-vanern\\\/#primaryimage\",\"url\":\"https:\\\/\\\/kart.no\\\/wp-content\\\/uploads\\\/2026\\\/01\\\/2025-se-13.jpg\",\"contentUrl\":\"https:\\\/\\\/kart.no\\\/wp-content\\\/uploads\\\/2026\\\/01\\\/2025-se-13.jpg\",\"width\":2048,\"height\":2048},{\"@type\":\"BreadcrumbList\",\"@id\":\"https:\\\/\\\/kart.no\\\/en\\\/produkt\\\/se-13-lake-vanern\\\/#breadcrumb\",\"itemListElement\":[{\"@type\":\"ListItem\",\"position\":1,\"name\":\"Hjem\",\"item\":\"https:\\\/\\\/kart.no\\\/en\\\/\"},{\"@type\":\"ListItem\",\"position\":2,\"name\":\"Shop\",\"item\":\"https:\\\/\\\/kart.no\\\/en\\\/shop\\\/\"},{\"@type\":\"ListItem\",\"position\":3,\"name\":\"Marine\",\"item\":\"https:\\\/\\\/kart.no\\\/en\\\/product-category\\\/marine\\\/\"},{\"@type\":\"ListItem\",\"position\":4,\"name\":\"Nautical Charts (Paper)\",\"item\":\"https:\\\/\\\/kart.no\\\/en\\\/product-category\\\/marine\\\/nautical-charts-paper\\\/\"},{\"@type\":\"ListItem\",\"position\":5,\"name\":\"Nautical Charts (Paper) \u2013 Sweden\",\"item\":\"https:\\\/\\\/kart.no\\\/en\\\/product-category\\\/marine\\\/nautical-charts-paper\\\/nautical-charts-paper-sweden\\\/\"},{\"@type\":\"ListItem\",\"position\":6,\"name\":\"Official Swedish Nautical Charts\",\"item\":\"https:\\\/\\\/kart.no\\\/en\\\/product-category\\\/marine\\\/nautical-charts-paper\\\/nautical-charts-paper-sweden\\\/official-nautical-charts-sweden\\\/\"},{\"@type\":\"ListItem\",\"position\":7,\"name\":\"SE 13 Lake V\u00e4nern\"}]},{\"@type\":\"WebSite\",\"@id\":\"https:\\\/\\\/kart.no\\\/en\\\/#website\",\"url\":\"https:\\\/\\\/kart.no\\\/en\\\/\",\"name\":\"Kart.no\",\"description\":\"Nordic expertise in maps and navigation\",\"publisher\":{\"@id\":\"https:\\\/\\\/kart.no\\\/en\\\/#organization\"},\"potentialAction\":[{\"@type\":\"SearchAction\",\"target\":{\"@type\":\"EntryPoint\",\"urlTemplate\":\"https:\\\/\\\/kart.no\\\/en\\\/?s={search_term_string}\"},\"query-input\":{\"@type\":\"PropertyValueSpecification\",\"valueRequired\":true,\"valueName\":\"search_term_string\"}}],\"inLanguage\":\"en-US\"},{\"@type\":\"Organization\",\"@id\":\"https:\\\/\\\/kart.no\\\/en\\\/#organization\",\"name\":\"Kart.no\",\"url\":\"https:\\\/\\\/kart.no\\\/en\\\/\",\"logo\":{\"@type\":\"ImageObject\",\"inLanguage\":\"en-US\",\"@id\":\"https:\\\/\\\/kart.no\\\/en\\\/#\\\/schema\\\/logo\\\/image\\\/\",\"url\":\"https:\\\/\\\/kart.no\\\/wp-content\\\/uploads\\\/2023\\\/10\\\/kart.no-logo.png\",\"contentUrl\":\"https:\\\/\\\/kart.no\\\/wp-content\\\/uploads\\\/2023\\\/10\\\/kart.no-logo.png\",\"width\":784,\"height\":312,\"caption\":\"Kart.no\"},\"image\":{\"@id\":\"https:\\\/\\\/kart.no\\\/en\\\/#\\\/schema\\\/logo\\\/image\\\/\"},\"sameAs\":[\"https:\\\/\\\/www.facebook.com\\\/kart.no\",\"https:\\\/\\\/www.instagram.com\\\/_kart.no\\\/\"]}]}<\/script>\n<!-- \/ Yoast SEO Premium plugin. -->","yoast_head_json":{"title":"SE 13 Lake V\u00e4nern - Kart.no","robots":{"index":"index","follow":"follow","max-snippet":"max-snippet:-1","max-image-preview":"max-image-preview:large","max-video-preview":"max-video-preview:-1"},"canonical":"https:\/\/kart.no\/en\/produkt\/se-13-lake-vanern\/","og_locale":"en_US","og_type":"article","og_title":"SE 13 Lake V\u00e4nern","og_description":"This map covers the area V\u00e4nern. It is an official overview and coastal chart published by the Swedish Maritime Administration (Sj\u00f6fartsverket). Overview and coastal charts are used for planning and sailing over the open sea as well as navigation in coastal waters.","og_url":"https:\/\/kart.no\/en\/produkt\/se-13-lake-vanern\/","og_site_name":"Kart.no","article_publisher":"https:\/\/www.facebook.com\/kart.no","og_image":[{"width":2048,"height":2048,"url":"https:\/\/kart.no\/wp-content\/uploads\/2026\/01\/2025-se-13.jpg","type":"image\/jpeg"}],"twitter_card":"summary_large_image","schema":{"@context":"https:\/\/schema.org","@graph":[{"@type":"WebPage","@id":"https:\/\/kart.no\/en\/produkt\/se-13-lake-vanern\/","url":"https:\/\/kart.no\/en\/produkt\/se-13-lake-vanern\/","name":"SE 13 Lake V\u00e4nern - Kart.no","isPartOf":{"@id":"https:\/\/kart.no\/en\/#website"},"primaryImageOfPage":{"@id":"https:\/\/kart.no\/en\/produkt\/se-13-lake-vanern\/#primaryimage"},"image":{"@id":"https:\/\/kart.no\/en\/produkt\/se-13-lake-vanern\/#primaryimage"},"thumbnailUrl":"https:\/\/kart.no\/wp-content\/uploads\/2026\/01\/2025-se-13.jpg","datePublished":"2026-01-09T01:52:43+00:00","breadcrumb":{"@id":"https:\/\/kart.no\/en\/produkt\/se-13-lake-vanern\/#breadcrumb"},"inLanguage":"en-US","potentialAction":[{"@type":"ReadAction","target":["https:\/\/kart.no\/en\/produkt\/se-13-lake-vanern\/"]}]},{"@type":"ImageObject","inLanguage":"en-US","@id":"https:\/\/kart.no\/en\/produkt\/se-13-lake-vanern\/#primaryimage","url":"https:\/\/kart.no\/wp-content\/uploads\/2026\/01\/2025-se-13.jpg","contentUrl":"https:\/\/kart.no\/wp-content\/uploads\/2026\/01\/2025-se-13.jpg","width":2048,"height":2048},{"@type":"BreadcrumbList","@id":"https:\/\/kart.no\/en\/produkt\/se-13-lake-vanern\/#breadcrumb","itemListElement":[{"@type":"ListItem","position":1,"name":"Hjem","item":"https:\/\/kart.no\/en\/"},{"@type":"ListItem","position":2,"name":"Shop","item":"https:\/\/kart.no\/en\/shop\/"},{"@type":"ListItem","position":3,"name":"Marine","item":"https:\/\/kart.no\/en\/product-category\/marine\/"},{"@type":"ListItem","position":4,"name":"Nautical Charts (Paper)","item":"https:\/\/kart.no\/en\/product-category\/marine\/nautical-charts-paper\/"},{"@type":"ListItem","position":5,"name":"Nautical Charts (Paper) \u2013 Sweden","item":"https:\/\/kart.no\/en\/product-category\/marine\/nautical-charts-paper\/nautical-charts-paper-sweden\/"},{"@type":"ListItem","position":6,"name":"Official Swedish Nautical Charts","item":"https:\/\/kart.no\/en\/product-category\/marine\/nautical-charts-paper\/nautical-charts-paper-sweden\/official-nautical-charts-sweden\/"},{"@type":"ListItem","position":7,"name":"SE 13 Lake V\u00e4nern"}]},{"@type":"WebSite","@id":"https:\/\/kart.no\/en\/#website","url":"https:\/\/kart.no\/en\/","name":"Kart.no","description":"Nordic expertise in maps and navigation","publisher":{"@id":"https:\/\/kart.no\/en\/#organization"},"potentialAction":[{"@type":"SearchAction","target":{"@type":"EntryPoint","urlTemplate":"https:\/\/kart.no\/en\/?s={search_term_string}"},"query-input":{"@type":"PropertyValueSpecification","valueRequired":true,"valueName":"search_term_string"}}],"inLanguage":"en-US"},{"@type":"Organization","@id":"https:\/\/kart.no\/en\/#organization","name":"Kart.no","url":"https:\/\/kart.no\/en\/","logo":{"@type":"ImageObject","inLanguage":"en-US","@id":"https:\/\/kart.no\/en\/#\/schema\/logo\/image\/","url":"https:\/\/kart.no\/wp-content\/uploads\/2023\/10\/kart.no-logo.png","contentUrl":"https:\/\/kart.no\/wp-content\/uploads\/2023\/10\/kart.no-logo.png","width":784,"height":312,"caption":"Kart.no"},"image":{"@id":"https:\/\/kart.no\/en\/#\/schema\/logo\/image\/"},"sameAs":["https:\/\/www.facebook.com\/kart.no","https:\/\/www.instagram.com\/_kart.no\/"]}]}},"uagb_featured_image_src":{"full":["https:\/\/kart.no\/wp-content\/uploads\/2026\/01\/2025-se-13.jpg",2048,2048,false],"thumbnail":["https:\/\/kart.no\/wp-content\/uploads\/2026\/01\/2025-se-13-150x150.jpg",150,150,true],"medium":["https:\/\/kart.no\/wp-content\/uploads\/2026\/01\/2025-se-13-300x300.jpg",300,300,true],"medium_large":["https:\/\/kart.no\/wp-content\/uploads\/2026\/01\/2025-se-13-768x768.jpg",768,768,true],"large":["https:\/\/kart.no\/wp-content\/uploads\/2026\/01\/2025-se-13.jpg",2048,2048,false],"1536x1536":["https:\/\/kart.no\/wp-content\/uploads\/2026\/01\/2025-se-13-1536x1536.jpg",1536,1536,true],"2048x2048":["https:\/\/kart.no\/wp-content\/uploads\/2026\/01\/2025-se-13.jpg",2048,2048,false],"woocommerce_thumbnail":["https:\/\/kart.no\/wp-content\/uploads\/2026\/01\/2025-se-13-300x300.jpg",300,300,true],"woocommerce_single":["https:\/\/kart.no\/wp-content\/uploads\/2026\/01\/2025-se-13-600x600.jpg",600,600,true],"woocommerce_gallery_thumbnail":["https:\/\/kart.no\/wp-content\/uploads\/2026\/01\/2025-se-13-100x100.jpg",100,100,true],"dgwt-wcas-product-suggestion":["https:\/\/kart.no\/wp-content\/uploads\/2026\/01\/2025-se-13-64x64.jpg",64,64,true]},"uagb_author_info":{"display_name":"Steinar Figved","author_link":"https:\/\/kart.no\/en\/author\/"},"uagb_comment_info":0,"uagb_excerpt":"This map covers the area V\u00e4nern. It is an official overview and coastal chart published by the Swedish Maritime Administration (Sj\u00f6fartsverket). Overview and coastal charts are used for planning and sailing over the open sea as well as navigation in coastal waters.","_links":{"self":[{"href":"https:\/\/kart.no\/en\/wp-json\/wp\/v2\/product\/52029","targetHints":{"allow":["GET"]}}],"collection":[{"href":"https:\/\/kart.no\/en\/wp-json\/wp\/v2\/product"}],"about":[{"href":"https:\/\/kart.no\/en\/wp-json\/wp\/v2\/types\/product"}],"replies":[{"embeddable":true,"href":"https:\/\/kart.no\/en\/wp-json\/wp\/v2\/comments?post=52029"}],"wp:featuredmedia":[{"embeddable":true,"href":"https:\/\/kart.no\/en\/wp-json\/wp\/v2\/media\/37682"}],"wp:attachment":[{"href":"https:\/\/kart.no\/en\/wp-json\/wp\/v2\/media?parent=52029"}],"wp:term":[{"taxonomy":"product_brand","embeddable":true,"href":"https:\/\/kart.no\/en\/wp-json\/wp\/v2\/product_brand?post=52029"},{"taxonomy":"product_cat","embeddable":true,"href":"https:\/\/kart.no\/en\/wp-json\/wp\/v2\/product_cat?post=52029"},{"taxonomy":"product_tag","embeddable":true,"href":"https:\/\/kart.no\/en\/wp-json\/wp\/v2\/product_tag?post=52029"}],"curies":[{"name":"wp","href":"https:\/\/api.w.org\/{rel}","templated":true}]}}