{"id":52250,"date":"2026-01-10T23:56:05","date_gmt":"2026-01-10T22:56:05","guid":{"rendered":"https:\/\/kart.no\/produkt\/svensk-batsportkart-west-coast-north-svinesund-maseskar\/"},"modified":"2026-01-10T23:56:05","modified_gmt":"2026-01-10T22:56:05","slug":"svensk-batsportkart-west-coast-north-svinesund-maseskar","status":"publish","type":"product","link":"https:\/\/kart.no\/en\/produkt\/svensk-batsportkart-west-coast-north-svinesund-maseskar\/","title":{"rendered":"Svensk b\u00e5tsportkart &#8211; West Coast North &#8211; Svinesund-M\u00e5sesk\u00e4r"},"content":{"rendered":"<p>This NV Charts map covers the northern part of Sweden&#8217;s west coast, from Svinesund at the Norwegian border to M\u00e5sesk\u00e4r. Specially designed for recreational boaters, it provides a detailed navigational basis for coastal waters. The series contains nautical details at several scales and includes important points of interest, harbor plans and detailed information. The chart is delivered in the latest and updated edition from NV Charts, based on the most accurate and up-to-date data available.   <\/p>\n","protected":false},"excerpt":{"rendered":"<p>Official Swedish boating chart covering the northern west coast from Svinesund to M\u00e5sesk\u00e4r. The chart is designed for coastal navigation in smaller boats and is delivered in the latest edition from NV Charts based on official sources. <\/p>\n","protected":false},"featured_media":52252,"comment_status":"open","ping_status":"closed","template":"","meta":{"_uag_custom_page_level_css":""},"product_brand":[1467],"product_cat":[1153],"product_tag":[],"class_list":{"0":"post-52250","1":"product","2":"type-product","3":"status-publish","4":"has-post-thumbnail","6":"product_brand-swedish-maritime-administration-2","7":"product_cat-recreational-nautical-charts-sweden","8":"product_shipping_class-boxship","9":"pa_produsent-sjofartsverket","11":"first","12":"instock","13":"taxable","14":"shipping-taxable","15":"purchasable","16":"product-type-simple"},"composite_virtual":false,"composite_layout":"","composite_add_to_cart_form_location":"","composite_editable_in_cart":false,"composite_sold_individually_context":"","composite_shop_price_calc":"","composite_components":[],"composite_scenarios":[],"acf":[],"yoast_head":"<!-- This site is optimized with the Yoast SEO Premium plugin v27.5 (Yoast SEO v27.5) - https:\/\/yoast.com\/product\/yoast-seo-premium-wordpress\/ -->\n<title>Swedish boating map West Coast North - Svinesund-M\u00e5sesk\u00e4r | Kart.no<\/title>\n<meta name=\"description\" content=\"Updated Swedish boating map for the West Coast North covering the area from Svinesund to M\u00e5sesk\u00e4r. Well suited for coastal navigation in smaller leisure boats. Delivered in the latest edition from Sj\u00f6fartsverket.\" \/>\n<meta name=\"robots\" content=\"index, follow, max-snippet:-1, max-image-preview:large, max-video-preview:-1\" \/>\n<link rel=\"canonical\" href=\"https:\/\/kart.no\/en\/produkt\/svensk-batsportkart-west-coast-north-svinesund-maseskar\/\" \/>\n<meta property=\"og:locale\" content=\"en_US\" \/>\n<meta property=\"og:type\" content=\"article\" \/>\n<meta property=\"og:title\" content=\"Svensk b\u00e5tsportkart - West Coast North - Svinesund-M\u00e5sesk\u00e4r\" \/>\n<meta property=\"og:description\" content=\"Updated Swedish boating map for the West Coast North covering the area from Svinesund to M\u00e5sesk\u00e4r. Well suited for coastal navigation in smaller leisure boats. Delivered in the latest edition from Sj\u00f6fartsverket.\" \/>\n<meta property=\"og:url\" content=\"https:\/\/kart.no\/en\/produkt\/svensk-batsportkart-west-coast-north-svinesund-maseskar\/\" \/>\n<meta property=\"og:site_name\" content=\"Kart.no\" \/>\n<meta property=\"article:publisher\" content=\"https:\/\/www.facebook.com\/kart.no\" \/>\n<meta property=\"og:image\" content=\"https:\/\/kart.no\/wp-content\/uploads\/2026\/01\/20454_Schwedische_Serie_Batsportkort_Vaestkusten_Norra_600x600.jpeg\" \/>\n\t<meta property=\"og:image:width\" content=\"600\" \/>\n\t<meta property=\"og:image:height\" content=\"600\" \/>\n\t<meta property=\"og:image:type\" content=\"image\/jpeg\" \/>\n<meta name=\"twitter:card\" content=\"summary_large_image\" \/>\n<script type=\"application\/ld+json\" class=\"yoast-schema-graph\">{\"@context\":\"https:\\\/\\\/schema.org\",\"@graph\":[{\"@type\":\"WebPage\",\"@id\":\"https:\\\/\\\/kart.no\\\/en\\\/produkt\\\/svensk-batsportkart-west-coast-north-svinesund-maseskar\\\/\",\"url\":\"https:\\\/\\\/kart.no\\\/en\\\/produkt\\\/svensk-batsportkart-west-coast-north-svinesund-maseskar\\\/\",\"name\":\"Swedish boating map West Coast North - Svinesund-M\u00e5sesk\u00e4r | Kart.no\",\"isPartOf\":{\"@id\":\"https:\\\/\\\/kart.no\\\/en\\\/#website\"},\"primaryImageOfPage\":{\"@id\":\"https:\\\/\\\/kart.no\\\/en\\\/produkt\\\/svensk-batsportkart-west-coast-north-svinesund-maseskar\\\/#primaryimage\"},\"image\":{\"@id\":\"https:\\\/\\\/kart.no\\\/en\\\/produkt\\\/svensk-batsportkart-west-coast-north-svinesund-maseskar\\\/#primaryimage\"},\"thumbnailUrl\":\"https:\\\/\\\/kart.no\\\/wp-content\\\/uploads\\\/2026\\\/01\\\/20454_Schwedische_Serie_Batsportkort_Vaestkusten_Norra_600x600.jpeg\",\"datePublished\":\"2026-01-10T22:56:05+00:00\",\"description\":\"Updated Swedish boating map for the West Coast North covering the area from Svinesund to M\u00e5sesk\u00e4r. Well suited for coastal navigation in smaller leisure boats. Delivered in the latest edition from Sj\u00f6fartsverket.\",\"breadcrumb\":{\"@id\":\"https:\\\/\\\/kart.no\\\/en\\\/produkt\\\/svensk-batsportkart-west-coast-north-svinesund-maseskar\\\/#breadcrumb\"},\"inLanguage\":\"en-US\",\"potentialAction\":[{\"@type\":\"ReadAction\",\"target\":[\"https:\\\/\\\/kart.no\\\/en\\\/produkt\\\/svensk-batsportkart-west-coast-north-svinesund-maseskar\\\/\"]}]},{\"@type\":\"ImageObject\",\"inLanguage\":\"en-US\",\"@id\":\"https:\\\/\\\/kart.no\\\/en\\\/produkt\\\/svensk-batsportkart-west-coast-north-svinesund-maseskar\\\/#primaryimage\",\"url\":\"https:\\\/\\\/kart.no\\\/wp-content\\\/uploads\\\/2026\\\/01\\\/20454_Schwedische_Serie_Batsportkort_Vaestkusten_Norra_600x600.jpeg\",\"contentUrl\":\"https:\\\/\\\/kart.no\\\/wp-content\\\/uploads\\\/2026\\\/01\\\/20454_Schwedische_Serie_Batsportkort_Vaestkusten_Norra_600x600.jpeg\",\"width\":600,\"height\":600,\"caption\":\"Official Swedish boating map for the West Coast North with coverage from Svinesund to M\u00e5sesk\u00e4r\"},{\"@type\":\"BreadcrumbList\",\"@id\":\"https:\\\/\\\/kart.no\\\/en\\\/produkt\\\/svensk-batsportkart-west-coast-north-svinesund-maseskar\\\/#breadcrumb\",\"itemListElement\":[{\"@type\":\"ListItem\",\"position\":1,\"name\":\"Hjem\",\"item\":\"https:\\\/\\\/kart.no\\\/en\\\/\"},{\"@type\":\"ListItem\",\"position\":2,\"name\":\"Shop\",\"item\":\"https:\\\/\\\/kart.no\\\/en\\\/shop\\\/\"},{\"@type\":\"ListItem\",\"position\":3,\"name\":\"Svensk b\u00e5tsportkart &#8211; West Coast North &#8211; Svinesund-M\u00e5sesk\u00e4r\"}]},{\"@type\":\"WebSite\",\"@id\":\"https:\\\/\\\/kart.no\\\/en\\\/#website\",\"url\":\"https:\\\/\\\/kart.no\\\/en\\\/\",\"name\":\"Kart.no\",\"description\":\"Nordic expertise in maps and navigation\",\"publisher\":{\"@id\":\"https:\\\/\\\/kart.no\\\/en\\\/#organization\"},\"potentialAction\":[{\"@type\":\"SearchAction\",\"target\":{\"@type\":\"EntryPoint\",\"urlTemplate\":\"https:\\\/\\\/kart.no\\\/en\\\/?s={search_term_string}\"},\"query-input\":{\"@type\":\"PropertyValueSpecification\",\"valueRequired\":true,\"valueName\":\"search_term_string\"}}],\"inLanguage\":\"en-US\"},{\"@type\":\"Organization\",\"@id\":\"https:\\\/\\\/kart.no\\\/en\\\/#organization\",\"name\":\"Kart.no\",\"url\":\"https:\\\/\\\/kart.no\\\/en\\\/\",\"logo\":{\"@type\":\"ImageObject\",\"inLanguage\":\"en-US\",\"@id\":\"https:\\\/\\\/kart.no\\\/en\\\/#\\\/schema\\\/logo\\\/image\\\/\",\"url\":\"https:\\\/\\\/kart.no\\\/wp-content\\\/uploads\\\/2023\\\/10\\\/kart.no-logo.png\",\"contentUrl\":\"https:\\\/\\\/kart.no\\\/wp-content\\\/uploads\\\/2023\\\/10\\\/kart.no-logo.png\",\"width\":784,\"height\":312,\"caption\":\"Kart.no\"},\"image\":{\"@id\":\"https:\\\/\\\/kart.no\\\/en\\\/#\\\/schema\\\/logo\\\/image\\\/\"},\"sameAs\":[\"https:\\\/\\\/www.facebook.com\\\/kart.no\",\"https:\\\/\\\/www.instagram.com\\\/_kart.no\\\/\"]}]}<\/script>\n<!-- \/ Yoast SEO Premium plugin. -->","yoast_head_json":{"title":"Swedish boating map West Coast North - Svinesund-M\u00e5sesk\u00e4r | Kart.no","description":"Updated Swedish boating map for the West Coast North covering the area from Svinesund to M\u00e5sesk\u00e4r. Well suited for coastal navigation in smaller leisure boats. Delivered in the latest edition from Sj\u00f6fartsverket.","robots":{"index":"index","follow":"follow","max-snippet":"max-snippet:-1","max-image-preview":"max-image-preview:large","max-video-preview":"max-video-preview:-1"},"canonical":"https:\/\/kart.no\/en\/produkt\/svensk-batsportkart-west-coast-north-svinesund-maseskar\/","og_locale":"en_US","og_type":"article","og_title":"Svensk b\u00e5tsportkart - West Coast North - Svinesund-M\u00e5sesk\u00e4r","og_description":"Updated Swedish boating map for the West Coast North covering the area from Svinesund to M\u00e5sesk\u00e4r. Well suited for coastal navigation in smaller leisure boats. Delivered in the latest edition from Sj\u00f6fartsverket.","og_url":"https:\/\/kart.no\/en\/produkt\/svensk-batsportkart-west-coast-north-svinesund-maseskar\/","og_site_name":"Kart.no","article_publisher":"https:\/\/www.facebook.com\/kart.no","og_image":[{"width":600,"height":600,"url":"https:\/\/kart.no\/wp-content\/uploads\/2026\/01\/20454_Schwedische_Serie_Batsportkort_Vaestkusten_Norra_600x600.jpeg","type":"image\/jpeg"}],"twitter_card":"summary_large_image","schema":{"@context":"https:\/\/schema.org","@graph":[{"@type":"WebPage","@id":"https:\/\/kart.no\/en\/produkt\/svensk-batsportkart-west-coast-north-svinesund-maseskar\/","url":"https:\/\/kart.no\/en\/produkt\/svensk-batsportkart-west-coast-north-svinesund-maseskar\/","name":"Swedish boating map West Coast North - Svinesund-M\u00e5sesk\u00e4r | Kart.no","isPartOf":{"@id":"https:\/\/kart.no\/en\/#website"},"primaryImageOfPage":{"@id":"https:\/\/kart.no\/en\/produkt\/svensk-batsportkart-west-coast-north-svinesund-maseskar\/#primaryimage"},"image":{"@id":"https:\/\/kart.no\/en\/produkt\/svensk-batsportkart-west-coast-north-svinesund-maseskar\/#primaryimage"},"thumbnailUrl":"https:\/\/kart.no\/wp-content\/uploads\/2026\/01\/20454_Schwedische_Serie_Batsportkort_Vaestkusten_Norra_600x600.jpeg","datePublished":"2026-01-10T22:56:05+00:00","description":"Updated Swedish boating map for the West Coast North covering the area from Svinesund to M\u00e5sesk\u00e4r. Well suited for coastal navigation in smaller leisure boats. Delivered in the latest edition from Sj\u00f6fartsverket.","breadcrumb":{"@id":"https:\/\/kart.no\/en\/produkt\/svensk-batsportkart-west-coast-north-svinesund-maseskar\/#breadcrumb"},"inLanguage":"en-US","potentialAction":[{"@type":"ReadAction","target":["https:\/\/kart.no\/en\/produkt\/svensk-batsportkart-west-coast-north-svinesund-maseskar\/"]}]},{"@type":"ImageObject","inLanguage":"en-US","@id":"https:\/\/kart.no\/en\/produkt\/svensk-batsportkart-west-coast-north-svinesund-maseskar\/#primaryimage","url":"https:\/\/kart.no\/wp-content\/uploads\/2026\/01\/20454_Schwedische_Serie_Batsportkort_Vaestkusten_Norra_600x600.jpeg","contentUrl":"https:\/\/kart.no\/wp-content\/uploads\/2026\/01\/20454_Schwedische_Serie_Batsportkort_Vaestkusten_Norra_600x600.jpeg","width":600,"height":600,"caption":"Official Swedish boating map for the West Coast North with coverage from Svinesund to M\u00e5sesk\u00e4r"},{"@type":"BreadcrumbList","@id":"https:\/\/kart.no\/en\/produkt\/svensk-batsportkart-west-coast-north-svinesund-maseskar\/#breadcrumb","itemListElement":[{"@type":"ListItem","position":1,"name":"Hjem","item":"https:\/\/kart.no\/en\/"},{"@type":"ListItem","position":2,"name":"Shop","item":"https:\/\/kart.no\/en\/shop\/"},{"@type":"ListItem","position":3,"name":"Svensk b\u00e5tsportkart &#8211; West Coast North &#8211; Svinesund-M\u00e5sesk\u00e4r"}]},{"@type":"WebSite","@id":"https:\/\/kart.no\/en\/#website","url":"https:\/\/kart.no\/en\/","name":"Kart.no","description":"Nordic expertise in maps and navigation","publisher":{"@id":"https:\/\/kart.no\/en\/#organization"},"potentialAction":[{"@type":"SearchAction","target":{"@type":"EntryPoint","urlTemplate":"https:\/\/kart.no\/en\/?s={search_term_string}"},"query-input":{"@type":"PropertyValueSpecification","valueRequired":true,"valueName":"search_term_string"}}],"inLanguage":"en-US"},{"@type":"Organization","@id":"https:\/\/kart.no\/en\/#organization","name":"Kart.no","url":"https:\/\/kart.no\/en\/","logo":{"@type":"ImageObject","inLanguage":"en-US","@id":"https:\/\/kart.no\/en\/#\/schema\/logo\/image\/","url":"https:\/\/kart.no\/wp-content\/uploads\/2023\/10\/kart.no-logo.png","contentUrl":"https:\/\/kart.no\/wp-content\/uploads\/2023\/10\/kart.no-logo.png","width":784,"height":312,"caption":"Kart.no"},"image":{"@id":"https:\/\/kart.no\/en\/#\/schema\/logo\/image\/"},"sameAs":["https:\/\/www.facebook.com\/kart.no","https:\/\/www.instagram.com\/_kart.no\/"]}]}},"uagb_featured_image_src":{"full":["https:\/\/kart.no\/wp-content\/uploads\/2026\/01\/20454_Schwedische_Serie_Batsportkort_Vaestkusten_Norra_600x600.jpeg",600,600,false],"thumbnail":["https:\/\/kart.no\/wp-content\/uploads\/2026\/01\/20454_Schwedische_Serie_Batsportkort_Vaestkusten_Norra_600x600-150x150.jpeg",150,150,true],"medium":["https:\/\/kart.no\/wp-content\/uploads\/2026\/01\/20454_Schwedische_Serie_Batsportkort_Vaestkusten_Norra_600x600-300x300.jpeg",300,300,true],"medium_large":["https:\/\/kart.no\/wp-content\/uploads\/2026\/01\/20454_Schwedische_Serie_Batsportkort_Vaestkusten_Norra_600x600.jpeg",600,600,false],"large":["https:\/\/kart.no\/wp-content\/uploads\/2026\/01\/20454_Schwedische_Serie_Batsportkort_Vaestkusten_Norra_600x600.jpeg",600,600,false],"1536x1536":["https:\/\/kart.no\/wp-content\/uploads\/2026\/01\/20454_Schwedische_Serie_Batsportkort_Vaestkusten_Norra_600x600.jpeg",600,600,false],"2048x2048":["https:\/\/kart.no\/wp-content\/uploads\/2026\/01\/20454_Schwedische_Serie_Batsportkort_Vaestkusten_Norra_600x600.jpeg",600,600,false],"woocommerce_thumbnail":["https:\/\/kart.no\/wp-content\/uploads\/2026\/01\/20454_Schwedische_Serie_Batsportkort_Vaestkusten_Norra_600x600-300x300.jpeg",300,300,true],"woocommerce_single":["https:\/\/kart.no\/wp-content\/uploads\/2026\/01\/20454_Schwedische_Serie_Batsportkort_Vaestkusten_Norra_600x600.jpeg",600,600,false],"woocommerce_gallery_thumbnail":["https:\/\/kart.no\/wp-content\/uploads\/2026\/01\/20454_Schwedische_Serie_Batsportkort_Vaestkusten_Norra_600x600-100x100.jpeg",100,100,true],"dgwt-wcas-product-suggestion":["https:\/\/kart.no\/wp-content\/uploads\/2026\/01\/20454_Schwedische_Serie_Batsportkort_Vaestkusten_Norra_600x600-64x64.jpeg",64,64,true]},"uagb_author_info":{"display_name":"Steinar Figved","author_link":"https:\/\/kart.no\/en\/author\/"},"uagb_comment_info":0,"uagb_excerpt":"Official Swedish boating chart covering the northern west coast from Svinesund to M\u00e5sesk\u00e4r. The chart is designed for coastal navigation in smaller boats and is delivered in the latest edition from NV Charts based on official sources.","_links":{"self":[{"href":"https:\/\/kart.no\/en\/wp-json\/wp\/v2\/product\/52250","targetHints":{"allow":["GET"]}}],"collection":[{"href":"https:\/\/kart.no\/en\/wp-json\/wp\/v2\/product"}],"about":[{"href":"https:\/\/kart.no\/en\/wp-json\/wp\/v2\/types\/product"}],"replies":[{"embeddable":true,"href":"https:\/\/kart.no\/en\/wp-json\/wp\/v2\/comments?post=52250"}],"wp:featuredmedia":[{"embeddable":true,"href":"https:\/\/kart.no\/en\/wp-json\/wp\/v2\/media\/52252"}],"wp:attachment":[{"href":"https:\/\/kart.no\/en\/wp-json\/wp\/v2\/media?parent=52250"}],"wp:term":[{"taxonomy":"product_brand","embeddable":true,"href":"https:\/\/kart.no\/en\/wp-json\/wp\/v2\/product_brand?post=52250"},{"taxonomy":"product_cat","embeddable":true,"href":"https:\/\/kart.no\/en\/wp-json\/wp\/v2\/product_cat?post=52250"},{"taxonomy":"product_tag","embeddable":true,"href":"https:\/\/kart.no\/en\/wp-json\/wp\/v2\/product_tag?post=52250"}],"curies":[{"name":"wp","href":"https:\/\/api.w.org\/{rel}","templated":true}]}}