{"id":52254,"date":"2026-01-10T23:56:06","date_gmt":"2026-01-10T22:56:06","guid":{"rendered":"https:\/\/kart.no\/produkt\/svensk-batsportkart-west-coast-south-maseskar-kullen\/"},"modified":"2026-01-10T23:56:06","modified_gmt":"2026-01-10T22:56:06","slug":"svensk-batsportkart-west-coast-south-maseskar-kullen","status":"publish","type":"product","link":"https:\/\/kart.no\/en\/produkt\/svensk-batsportkart-west-coast-south-maseskar-kullen\/","title":{"rendered":"Svensk b\u00e5tsportkart &#8211; West Coast South &#8211; M\u00e5sesk\u00e4r-Kullen"},"content":{"rendered":"<p>The boating maps are extracts from the official &#8220;archipelago maps&#8221; and are designed in a practical format that makes them particularly suitable for navigation in smaller leisure boats. The map covers the area from Svinesund via M\u00e5sesk\u00e4r to Kullen and is delivered in the most recent and updated version based on current map data from the Swedish Maritime Administration. This ensures that changes in fairways, depths, markings and other nautical conditions are correctly reproduced. The nautical charts are delivered in spiral-bound format for a good overview and durability during use, and have a scale that provides a suitable level of detail for coastal sailing.   <\/p>\n","protected":false},"excerpt":{"rendered":"<p>Updated boating map for Sweden&#8217;s west coast covering the area from Svinesund via M\u00e5sesk\u00e4r to Kullen. The map provides a good level of detail for coastal navigation and is particularly suitable for use in smaller leisure boats. Supplied in the latest edition based on current map data from the Swedish Maritime Administration.  <\/p>\n","protected":false},"featured_media":37372,"comment_status":"open","ping_status":"closed","template":"","meta":{"_uag_custom_page_level_css":""},"product_brand":[1467],"product_cat":[1153],"product_tag":[],"class_list":{"0":"post-52254","1":"product","2":"type-product","3":"status-publish","4":"has-post-thumbnail","6":"product_brand-swedish-maritime-administration-2","7":"product_cat-recreational-nautical-charts-sweden","8":"product_shipping_class-boxship","9":"pa_produsent-sjofartsverket","11":"first","12":"instock","13":"taxable","14":"shipping-taxable","15":"purchasable","16":"product-type-simple"},"composite_virtual":false,"composite_layout":"","composite_add_to_cart_form_location":"","composite_editable_in_cart":false,"composite_sold_individually_context":"","composite_shop_price_calc":"","composite_components":[],"composite_scenarios":[],"acf":[],"yoast_head":"<!-- This site is optimized with the Yoast SEO Premium plugin v27.5 (Yoast SEO v27.5) - https:\/\/yoast.com\/product\/yoast-seo-premium-wordpress\/ -->\n<title>Swedish boating map SB2 - Svinesund, M\u00e5sesk\u00e4r and Kullen | Kart.no<\/title>\n<meta name=\"description\" content=\"Updated Swedish boating map covering the area from Svinesund via M\u00e5sesk\u00e4r to Kullen. Well suited for coastal navigation in smaller leisure boats. Delivered in the latest edition from Sj\u00f6fartsverket.\" \/>\n<meta name=\"robots\" content=\"index, follow, max-snippet:-1, max-image-preview:large, max-video-preview:-1\" \/>\n<link rel=\"canonical\" href=\"https:\/\/kart.no\/en\/produkt\/svensk-batsportkart-west-coast-south-maseskar-kullen\/\" \/>\n<meta property=\"og:locale\" content=\"en_US\" \/>\n<meta property=\"og:type\" content=\"article\" \/>\n<meta property=\"og:title\" content=\"Svensk b\u00e5tsportkart - West Coast South - M\u00e5sesk\u00e4r-Kullen\" \/>\n<meta property=\"og:description\" content=\"Updated Swedish boating map covering the area from Svinesund via M\u00e5sesk\u00e4r to Kullen. Well suited for coastal navigation in smaller leisure boats. Delivered in the latest edition from Sj\u00f6fartsverket.\" \/>\n<meta property=\"og:url\" content=\"https:\/\/kart.no\/en\/produkt\/svensk-batsportkart-west-coast-south-maseskar-kullen\/\" \/>\n<meta property=\"og:site_name\" content=\"Kart.no\" \/>\n<meta property=\"article:publisher\" content=\"https:\/\/www.facebook.com\/kart.no\" \/>\n<meta property=\"og:image\" content=\"https:\/\/kart.no\/wp-content\/uploads\/2026\/01\/20460_Schwedische_Serie_Batsportkort_Stockholm_Soedra_600x600.jpg\" \/>\n\t<meta property=\"og:image:width\" content=\"600\" \/>\n\t<meta property=\"og:image:height\" content=\"600\" \/>\n\t<meta property=\"og:image:type\" content=\"image\/jpeg\" \/>\n<meta name=\"twitter:card\" content=\"summary_large_image\" \/>\n<meta name=\"twitter:label1\" content=\"Est. reading time\" \/>\n\t<meta name=\"twitter:data1\" content=\"1 minute\" \/>\n<script type=\"application\/ld+json\" class=\"yoast-schema-graph\">{\"@context\":\"https:\\\/\\\/schema.org\",\"@graph\":[{\"@type\":\"WebPage\",\"@id\":\"https:\\\/\\\/kart.no\\\/en\\\/produkt\\\/svensk-batsportkart-west-coast-south-maseskar-kullen\\\/\",\"url\":\"https:\\\/\\\/kart.no\\\/en\\\/produkt\\\/svensk-batsportkart-west-coast-south-maseskar-kullen\\\/\",\"name\":\"Swedish boating map SB2 - Svinesund, M\u00e5sesk\u00e4r and Kullen | Kart.no\",\"isPartOf\":{\"@id\":\"https:\\\/\\\/kart.no\\\/en\\\/#website\"},\"primaryImageOfPage\":{\"@id\":\"https:\\\/\\\/kart.no\\\/en\\\/produkt\\\/svensk-batsportkart-west-coast-south-maseskar-kullen\\\/#primaryimage\"},\"image\":{\"@id\":\"https:\\\/\\\/kart.no\\\/en\\\/produkt\\\/svensk-batsportkart-west-coast-south-maseskar-kullen\\\/#primaryimage\"},\"thumbnailUrl\":\"https:\\\/\\\/kart.no\\\/wp-content\\\/uploads\\\/2026\\\/01\\\/20460_Schwedische_Serie_Batsportkort_Stockholm_Soedra_600x600.jpg\",\"datePublished\":\"2026-01-10T22:56:06+00:00\",\"description\":\"Updated Swedish boating map covering the area from Svinesund via M\u00e5sesk\u00e4r to Kullen. Well suited for coastal navigation in smaller leisure boats. Delivered in the latest edition from Sj\u00f6fartsverket.\",\"breadcrumb\":{\"@id\":\"https:\\\/\\\/kart.no\\\/en\\\/produkt\\\/svensk-batsportkart-west-coast-south-maseskar-kullen\\\/#breadcrumb\"},\"inLanguage\":\"en-US\",\"potentialAction\":[{\"@type\":\"ReadAction\",\"target\":[\"https:\\\/\\\/kart.no\\\/en\\\/produkt\\\/svensk-batsportkart-west-coast-south-maseskar-kullen\\\/\"]}]},{\"@type\":\"ImageObject\",\"inLanguage\":\"en-US\",\"@id\":\"https:\\\/\\\/kart.no\\\/en\\\/produkt\\\/svensk-batsportkart-west-coast-south-maseskar-kullen\\\/#primaryimage\",\"url\":\"https:\\\/\\\/kart.no\\\/wp-content\\\/uploads\\\/2026\\\/01\\\/20460_Schwedische_Serie_Batsportkort_Stockholm_Soedra_600x600.jpg\",\"contentUrl\":\"https:\\\/\\\/kart.no\\\/wp-content\\\/uploads\\\/2026\\\/01\\\/20460_Schwedische_Serie_Batsportkort_Stockholm_Soedra_600x600.jpg\",\"width\":600,\"height\":600,\"caption\":\"Boating map covering the coastal area from Svinesund via M\u00e5sesk\u00e4r to Kullen.\"},{\"@type\":\"BreadcrumbList\",\"@id\":\"https:\\\/\\\/kart.no\\\/en\\\/produkt\\\/svensk-batsportkart-west-coast-south-maseskar-kullen\\\/#breadcrumb\",\"itemListElement\":[{\"@type\":\"ListItem\",\"position\":1,\"name\":\"Hjem\",\"item\":\"https:\\\/\\\/kart.no\\\/en\\\/\"},{\"@type\":\"ListItem\",\"position\":2,\"name\":\"Shop\",\"item\":\"https:\\\/\\\/kart.no\\\/en\\\/shop\\\/\"},{\"@type\":\"ListItem\",\"position\":3,\"name\":\"Svensk b\u00e5tsportkart &#8211; West Coast South &#8211; M\u00e5sesk\u00e4r-Kullen\"}]},{\"@type\":\"WebSite\",\"@id\":\"https:\\\/\\\/kart.no\\\/en\\\/#website\",\"url\":\"https:\\\/\\\/kart.no\\\/en\\\/\",\"name\":\"Kart.no\",\"description\":\"Nordic expertise in maps and navigation\",\"publisher\":{\"@id\":\"https:\\\/\\\/kart.no\\\/en\\\/#organization\"},\"potentialAction\":[{\"@type\":\"SearchAction\",\"target\":{\"@type\":\"EntryPoint\",\"urlTemplate\":\"https:\\\/\\\/kart.no\\\/en\\\/?s={search_term_string}\"},\"query-input\":{\"@type\":\"PropertyValueSpecification\",\"valueRequired\":true,\"valueName\":\"search_term_string\"}}],\"inLanguage\":\"en-US\"},{\"@type\":\"Organization\",\"@id\":\"https:\\\/\\\/kart.no\\\/en\\\/#organization\",\"name\":\"Kart.no\",\"url\":\"https:\\\/\\\/kart.no\\\/en\\\/\",\"logo\":{\"@type\":\"ImageObject\",\"inLanguage\":\"en-US\",\"@id\":\"https:\\\/\\\/kart.no\\\/en\\\/#\\\/schema\\\/logo\\\/image\\\/\",\"url\":\"https:\\\/\\\/kart.no\\\/wp-content\\\/uploads\\\/2023\\\/10\\\/kart.no-logo.png\",\"contentUrl\":\"https:\\\/\\\/kart.no\\\/wp-content\\\/uploads\\\/2023\\\/10\\\/kart.no-logo.png\",\"width\":784,\"height\":312,\"caption\":\"Kart.no\"},\"image\":{\"@id\":\"https:\\\/\\\/kart.no\\\/en\\\/#\\\/schema\\\/logo\\\/image\\\/\"},\"sameAs\":[\"https:\\\/\\\/www.facebook.com\\\/kart.no\",\"https:\\\/\\\/www.instagram.com\\\/_kart.no\\\/\"]}]}<\/script>\n<!-- \/ Yoast SEO Premium plugin. -->","yoast_head_json":{"title":"Swedish boating map SB2 - Svinesund, M\u00e5sesk\u00e4r and Kullen | Kart.no","description":"Updated Swedish boating map covering the area from Svinesund via M\u00e5sesk\u00e4r to Kullen. Well suited for coastal navigation in smaller leisure boats. Delivered in the latest edition from Sj\u00f6fartsverket.","robots":{"index":"index","follow":"follow","max-snippet":"max-snippet:-1","max-image-preview":"max-image-preview:large","max-video-preview":"max-video-preview:-1"},"canonical":"https:\/\/kart.no\/en\/produkt\/svensk-batsportkart-west-coast-south-maseskar-kullen\/","og_locale":"en_US","og_type":"article","og_title":"Svensk b\u00e5tsportkart - West Coast South - M\u00e5sesk\u00e4r-Kullen","og_description":"Updated Swedish boating map covering the area from Svinesund via M\u00e5sesk\u00e4r to Kullen. Well suited for coastal navigation in smaller leisure boats. Delivered in the latest edition from Sj\u00f6fartsverket.","og_url":"https:\/\/kart.no\/en\/produkt\/svensk-batsportkart-west-coast-south-maseskar-kullen\/","og_site_name":"Kart.no","article_publisher":"https:\/\/www.facebook.com\/kart.no","og_image":[{"width":600,"height":600,"url":"https:\/\/kart.no\/wp-content\/uploads\/2026\/01\/20460_Schwedische_Serie_Batsportkort_Stockholm_Soedra_600x600.jpg","type":"image\/jpeg"}],"twitter_card":"summary_large_image","twitter_misc":{"Est. reading time":"1 minute"},"schema":{"@context":"https:\/\/schema.org","@graph":[{"@type":"WebPage","@id":"https:\/\/kart.no\/en\/produkt\/svensk-batsportkart-west-coast-south-maseskar-kullen\/","url":"https:\/\/kart.no\/en\/produkt\/svensk-batsportkart-west-coast-south-maseskar-kullen\/","name":"Swedish boating map SB2 - Svinesund, M\u00e5sesk\u00e4r and Kullen | Kart.no","isPartOf":{"@id":"https:\/\/kart.no\/en\/#website"},"primaryImageOfPage":{"@id":"https:\/\/kart.no\/en\/produkt\/svensk-batsportkart-west-coast-south-maseskar-kullen\/#primaryimage"},"image":{"@id":"https:\/\/kart.no\/en\/produkt\/svensk-batsportkart-west-coast-south-maseskar-kullen\/#primaryimage"},"thumbnailUrl":"https:\/\/kart.no\/wp-content\/uploads\/2026\/01\/20460_Schwedische_Serie_Batsportkort_Stockholm_Soedra_600x600.jpg","datePublished":"2026-01-10T22:56:06+00:00","description":"Updated Swedish boating map covering the area from Svinesund via M\u00e5sesk\u00e4r to Kullen. Well suited for coastal navigation in smaller leisure boats. Delivered in the latest edition from Sj\u00f6fartsverket.","breadcrumb":{"@id":"https:\/\/kart.no\/en\/produkt\/svensk-batsportkart-west-coast-south-maseskar-kullen\/#breadcrumb"},"inLanguage":"en-US","potentialAction":[{"@type":"ReadAction","target":["https:\/\/kart.no\/en\/produkt\/svensk-batsportkart-west-coast-south-maseskar-kullen\/"]}]},{"@type":"ImageObject","inLanguage":"en-US","@id":"https:\/\/kart.no\/en\/produkt\/svensk-batsportkart-west-coast-south-maseskar-kullen\/#primaryimage","url":"https:\/\/kart.no\/wp-content\/uploads\/2026\/01\/20460_Schwedische_Serie_Batsportkort_Stockholm_Soedra_600x600.jpg","contentUrl":"https:\/\/kart.no\/wp-content\/uploads\/2026\/01\/20460_Schwedische_Serie_Batsportkort_Stockholm_Soedra_600x600.jpg","width":600,"height":600,"caption":"Boating map covering the coastal area from Svinesund via M\u00e5sesk\u00e4r to Kullen."},{"@type":"BreadcrumbList","@id":"https:\/\/kart.no\/en\/produkt\/svensk-batsportkart-west-coast-south-maseskar-kullen\/#breadcrumb","itemListElement":[{"@type":"ListItem","position":1,"name":"Hjem","item":"https:\/\/kart.no\/en\/"},{"@type":"ListItem","position":2,"name":"Shop","item":"https:\/\/kart.no\/en\/shop\/"},{"@type":"ListItem","position":3,"name":"Svensk b\u00e5tsportkart &#8211; West Coast South &#8211; M\u00e5sesk\u00e4r-Kullen"}]},{"@type":"WebSite","@id":"https:\/\/kart.no\/en\/#website","url":"https:\/\/kart.no\/en\/","name":"Kart.no","description":"Nordic expertise in maps and navigation","publisher":{"@id":"https:\/\/kart.no\/en\/#organization"},"potentialAction":[{"@type":"SearchAction","target":{"@type":"EntryPoint","urlTemplate":"https:\/\/kart.no\/en\/?s={search_term_string}"},"query-input":{"@type":"PropertyValueSpecification","valueRequired":true,"valueName":"search_term_string"}}],"inLanguage":"en-US"},{"@type":"Organization","@id":"https:\/\/kart.no\/en\/#organization","name":"Kart.no","url":"https:\/\/kart.no\/en\/","logo":{"@type":"ImageObject","inLanguage":"en-US","@id":"https:\/\/kart.no\/en\/#\/schema\/logo\/image\/","url":"https:\/\/kart.no\/wp-content\/uploads\/2023\/10\/kart.no-logo.png","contentUrl":"https:\/\/kart.no\/wp-content\/uploads\/2023\/10\/kart.no-logo.png","width":784,"height":312,"caption":"Kart.no"},"image":{"@id":"https:\/\/kart.no\/en\/#\/schema\/logo\/image\/"},"sameAs":["https:\/\/www.facebook.com\/kart.no","https:\/\/www.instagram.com\/_kart.no\/"]}]}},"uagb_featured_image_src":{"full":["https:\/\/kart.no\/wp-content\/uploads\/2026\/01\/20460_Schwedische_Serie_Batsportkort_Stockholm_Soedra_600x600.jpg",600,600,false],"thumbnail":["https:\/\/kart.no\/wp-content\/uploads\/2026\/01\/20460_Schwedische_Serie_Batsportkort_Stockholm_Soedra_600x600-150x150.jpg",150,150,true],"medium":["https:\/\/kart.no\/wp-content\/uploads\/2026\/01\/20460_Schwedische_Serie_Batsportkort_Stockholm_Soedra_600x600-300x300.jpg",300,300,true],"medium_large":["https:\/\/kart.no\/wp-content\/uploads\/2026\/01\/20460_Schwedische_Serie_Batsportkort_Stockholm_Soedra_600x600.jpg",600,600,false],"large":["https:\/\/kart.no\/wp-content\/uploads\/2026\/01\/20460_Schwedische_Serie_Batsportkort_Stockholm_Soedra_600x600.jpg",600,600,false],"1536x1536":["https:\/\/kart.no\/wp-content\/uploads\/2026\/01\/20460_Schwedische_Serie_Batsportkort_Stockholm_Soedra_600x600.jpg",600,600,false],"2048x2048":["https:\/\/kart.no\/wp-content\/uploads\/2026\/01\/20460_Schwedische_Serie_Batsportkort_Stockholm_Soedra_600x600.jpg",600,600,false],"woocommerce_thumbnail":["https:\/\/kart.no\/wp-content\/uploads\/2026\/01\/20460_Schwedische_Serie_Batsportkort_Stockholm_Soedra_600x600-300x300.jpg",300,300,true],"woocommerce_single":["https:\/\/kart.no\/wp-content\/uploads\/2026\/01\/20460_Schwedische_Serie_Batsportkort_Stockholm_Soedra_600x600.jpg",600,600,false],"woocommerce_gallery_thumbnail":["https:\/\/kart.no\/wp-content\/uploads\/2026\/01\/20460_Schwedische_Serie_Batsportkort_Stockholm_Soedra_600x600-100x100.jpg",100,100,true],"dgwt-wcas-product-suggestion":["https:\/\/kart.no\/wp-content\/uploads\/2026\/01\/20460_Schwedische_Serie_Batsportkort_Stockholm_Soedra_600x600-64x64.jpg",64,64,true]},"uagb_author_info":{"display_name":"Steinar Figved","author_link":"https:\/\/kart.no\/en\/author\/"},"uagb_comment_info":0,"uagb_excerpt":"Updated boating map for Sweden's west coast covering the area from Svinesund via M\u00e5sesk\u00e4r to Kullen. The map provides a good level of detail for coastal navigation and is particularly suitable for use in smaller leisure boats. Supplied in the latest edition based on current map data from the Swedish Maritime Administration.","_links":{"self":[{"href":"https:\/\/kart.no\/en\/wp-json\/wp\/v2\/product\/52254","targetHints":{"allow":["GET"]}}],"collection":[{"href":"https:\/\/kart.no\/en\/wp-json\/wp\/v2\/product"}],"about":[{"href":"https:\/\/kart.no\/en\/wp-json\/wp\/v2\/types\/product"}],"replies":[{"embeddable":true,"href":"https:\/\/kart.no\/en\/wp-json\/wp\/v2\/comments?post=52254"}],"wp:featuredmedia":[{"embeddable":true,"href":"https:\/\/kart.no\/en\/wp-json\/wp\/v2\/media\/37372"}],"wp:attachment":[{"href":"https:\/\/kart.no\/en\/wp-json\/wp\/v2\/media?parent=52254"}],"wp:term":[{"taxonomy":"product_brand","embeddable":true,"href":"https:\/\/kart.no\/en\/wp-json\/wp\/v2\/product_brand?post=52254"},{"taxonomy":"product_cat","embeddable":true,"href":"https:\/\/kart.no\/en\/wp-json\/wp\/v2\/product_cat?post=52254"},{"taxonomy":"product_tag","embeddable":true,"href":"https:\/\/kart.no\/en\/wp-json\/wp\/v2\/product_tag?post=52254"}],"curies":[{"name":"wp","href":"https:\/\/api.w.org\/{rel}","templated":true}]}}