{"id":52272,"date":"2026-01-10T23:56:15","date_gmt":"2026-01-10T22:56:15","guid":{"rendered":"https:\/\/kart.no\/produkt\/swedish-boating-map-gulf-of-bothnia-happaranda-nygran\/"},"modified":"2026-01-10T23:56:15","modified_gmt":"2026-01-10T22:56:15","slug":"swedish-boating-map-gulf-of-bothnia-happaranda-nygran","status":"publish","type":"product","link":"https:\/\/kart.no\/en\/produkt\/swedish-boating-map-gulf-of-bothnia-happaranda-nygran\/","title":{"rendered":"Swedish boating map &#8211; Gulf of Bothnia Happaranda-Nygr\u00e5n"},"content":{"rendered":"<p data-start=\"191\" data-end=\"402\">The official Swedish boating map <strong data-start=\"229\" data-end=\"244\">Gulf of Bothnia<\/strong> is the northernmost of the Swedish Maritime Administration&#8217;s boating maps and covers the northwestern part of the Gulf of Bothnia, from Bygdea in the south to Tornio on the Finnish-Swedish border.<\/p>\n<p data-start=\"404\" data-end=\"832\"><strong data-start=\"404\" data-end=\"446\">Official map data from the Swedish Maritime Administration<\/strong><br data-start=\"446\" data-end=\"449\">The boating maps are extracts from the official &#8220;archipelago maps&#8221; and are designed in a practical format that makes them particularly suitable for navigation in smaller leisure boats. The charts are delivered in the latest and most up-to-date version, based on current map data from the Swedish Maritime Administration. This ensures that changes in fairways, depths, markings and other nautical conditions are correctly reproduced.  <\/p>\n<p data-start=\"834\" data-end=\"1095\"><strong data-start=\"834\" data-end=\"859\">Scales and level of detail<\/strong><br data-start=\"859\" data-end=\"862\">The map set is mainly prepared at a scale of 1:50,000, with more detailed maps for particularly demanding navigation areas. In addition, there are overview maps at 1:250,000 that provide good support for route planning and overall navigation. <\/p>\n<p data-start=\"1097\" data-end=\"1369\"><strong data-start=\"1097\" data-end=\"1133\">Practical format for use on board<\/strong><br data-start=\"1133\" data-end=\"1136\">The chart sheets are spiral bound in a user-friendly format of 30 \u00d7 42 cm and supplied in a transparent protective folder. The charts are designed for active use in the cockpit and at the chart table, with clear chart references between adjacent chart sheets. <\/p>\n<p data-start=\"1371\" data-end=\"1609\"><strong data-start=\"1371\" data-end=\"1392\">Areas and harbors<\/strong><br data-start=\"1392\" data-end=\"1395\">The map covers waters and harbors around Karlsborg Axelsvig, Haparanda harbor, Sike\u00e5, B\u00e5tsk\u00e4rsn\u00e4s, Seskar\u00f6, Hal\u00f6n and Ratan, and provides a good basis for navigation along the entire Swedish coastline in the Gulf of Bothnia.<\/p>\n","protected":false},"excerpt":{"rendered":"<p>The official Swedish boating map Gulf of Bothnia covers the northwestern part of the Gulf of Bothnia, from Bygdea to Tornio on the Finnish-Swedish border. The boating charts are extracts from the official &#8220;archipelago charts&#8221; and are designed in a practical format that makes them particularly suitable for navigation in smaller leisure boats. The map is supplied in the latest and most up-to-date version, based on current map data from the Swedish Maritime Administration.  <\/p>\n","protected":false},"featured_media":52274,"comment_status":"open","ping_status":"closed","template":"","meta":{"_uag_custom_page_level_css":""},"product_brand":[1467],"product_cat":[1153],"product_tag":[],"class_list":{"0":"post-52272","1":"product","2":"type-product","3":"status-publish","4":"has-post-thumbnail","6":"product_brand-swedish-maritime-administration-2","7":"product_cat-recreational-nautical-charts-sweden","8":"product_shipping_class-boxship","9":"pa_produsent-sjofartsverket","11":"first","12":"instock","13":"taxable","14":"shipping-taxable","15":"purchasable","16":"product-type-simple"},"composite_virtual":false,"composite_layout":"","composite_add_to_cart_form_location":"","composite_editable_in_cart":false,"composite_sold_individually_context":"","composite_shop_price_calc":"","composite_components":[],"composite_scenarios":[],"acf":[],"yoast_head":"<!-- This site is optimized with the Yoast SEO Premium plugin v27.5 (Yoast SEO v27.5) - https:\/\/yoast.com\/product\/yoast-seo-premium-wordpress\/ -->\n<title>Swedish nautical charts Gulf of Bothnia - Official nautical charts (Sj\u00f6fartsverket)<\/title>\n<meta name=\"description\" content=\"Official Swedish boating map for the Gulf of Bothnia, from Bygdea to Tornio at the Finnish-Swedish border. Based on updated chart data from the Swedish Maritime Administration, in a practical format for smaller leisure boats.\" \/>\n<meta name=\"robots\" content=\"index, follow, max-snippet:-1, max-image-preview:large, max-video-preview:-1\" \/>\n<link rel=\"canonical\" href=\"https:\/\/kart.no\/en\/produkt\/swedish-boating-map-gulf-of-bothnia-happaranda-nygran\/\" \/>\n<meta property=\"og:locale\" content=\"en_US\" \/>\n<meta property=\"og:type\" content=\"article\" \/>\n<meta property=\"og:title\" content=\"Swedish boating map - Gulf of Bothnia Happaranda-Nygr\u00e5n\" \/>\n<meta property=\"og:description\" content=\"Official Swedish boating map for the Gulf of Bothnia, from Bygdea to Tornio at the Finnish-Swedish border. Based on updated chart data from the Swedish Maritime Administration, in a practical format for smaller leisure boats.\" \/>\n<meta property=\"og:url\" content=\"https:\/\/kart.no\/en\/produkt\/swedish-boating-map-gulf-of-bothnia-happaranda-nygran\/\" \/>\n<meta property=\"og:site_name\" content=\"Kart.no\" \/>\n<meta property=\"article:publisher\" content=\"https:\/\/www.facebook.com\/kart.no\" \/>\n<meta property=\"og:image\" content=\"https:\/\/kart.no\/wp-content\/uploads\/2026\/01\/20465_Schwedische_Serie_Batsportkort_Bottenviken_600x600.jpeg\" \/>\n\t<meta property=\"og:image:width\" content=\"600\" \/>\n\t<meta property=\"og:image:height\" content=\"600\" \/>\n\t<meta property=\"og:image:type\" content=\"image\/jpeg\" \/>\n<meta name=\"twitter:card\" content=\"summary_large_image\" \/>\n<meta name=\"twitter:label1\" content=\"Est. reading time\" \/>\n\t<meta name=\"twitter:data1\" content=\"1 minute\" \/>\n<script type=\"application\/ld+json\" class=\"yoast-schema-graph\">{\"@context\":\"https:\\\/\\\/schema.org\",\"@graph\":[{\"@type\":\"WebPage\",\"@id\":\"https:\\\/\\\/kart.no\\\/en\\\/produkt\\\/swedish-boating-map-gulf-of-bothnia-happaranda-nygran\\\/\",\"url\":\"https:\\\/\\\/kart.no\\\/en\\\/produkt\\\/swedish-boating-map-gulf-of-bothnia-happaranda-nygran\\\/\",\"name\":\"Swedish nautical charts Gulf of Bothnia - Official nautical charts (Sj\u00f6fartsverket)\",\"isPartOf\":{\"@id\":\"https:\\\/\\\/kart.no\\\/en\\\/#website\"},\"primaryImageOfPage\":{\"@id\":\"https:\\\/\\\/kart.no\\\/en\\\/produkt\\\/swedish-boating-map-gulf-of-bothnia-happaranda-nygran\\\/#primaryimage\"},\"image\":{\"@id\":\"https:\\\/\\\/kart.no\\\/en\\\/produkt\\\/swedish-boating-map-gulf-of-bothnia-happaranda-nygran\\\/#primaryimage\"},\"thumbnailUrl\":\"https:\\\/\\\/kart.no\\\/wp-content\\\/uploads\\\/2026\\\/01\\\/20465_Schwedische_Serie_Batsportkort_Bottenviken_600x600.jpeg\",\"datePublished\":\"2026-01-10T22:56:15+00:00\",\"description\":\"Official Swedish boating map for the Gulf of Bothnia, from Bygdea to Tornio at the Finnish-Swedish border. Based on updated chart data from the Swedish Maritime Administration, in a practical format for smaller leisure boats.\",\"breadcrumb\":{\"@id\":\"https:\\\/\\\/kart.no\\\/en\\\/produkt\\\/swedish-boating-map-gulf-of-bothnia-happaranda-nygran\\\/#breadcrumb\"},\"inLanguage\":\"en-US\",\"potentialAction\":[{\"@type\":\"ReadAction\",\"target\":[\"https:\\\/\\\/kart.no\\\/en\\\/produkt\\\/swedish-boating-map-gulf-of-bothnia-happaranda-nygran\\\/\"]}]},{\"@type\":\"ImageObject\",\"inLanguage\":\"en-US\",\"@id\":\"https:\\\/\\\/kart.no\\\/en\\\/produkt\\\/swedish-boating-map-gulf-of-bothnia-happaranda-nygran\\\/#primaryimage\",\"url\":\"https:\\\/\\\/kart.no\\\/wp-content\\\/uploads\\\/2026\\\/01\\\/20465_Schwedische_Serie_Batsportkort_Bottenviken_600x600.jpeg\",\"contentUrl\":\"https:\\\/\\\/kart.no\\\/wp-content\\\/uploads\\\/2026\\\/01\\\/20465_Schwedische_Serie_Batsportkort_Bottenviken_600x600.jpeg\",\"width\":600,\"height\":600,\"caption\":\"Gulf of Bothnia - official Swedish boating map based on map data from the Swedish Maritime Administration\"},{\"@type\":\"BreadcrumbList\",\"@id\":\"https:\\\/\\\/kart.no\\\/en\\\/produkt\\\/swedish-boating-map-gulf-of-bothnia-happaranda-nygran\\\/#breadcrumb\",\"itemListElement\":[{\"@type\":\"ListItem\",\"position\":1,\"name\":\"Hjem\",\"item\":\"https:\\\/\\\/kart.no\\\/en\\\/\"},{\"@type\":\"ListItem\",\"position\":2,\"name\":\"Shop\",\"item\":\"https:\\\/\\\/kart.no\\\/en\\\/shop\\\/\"},{\"@type\":\"ListItem\",\"position\":3,\"name\":\"Swedish boating map &#8211; Gulf of Bothnia Happaranda-Nygr\u00e5n\"}]},{\"@type\":\"WebSite\",\"@id\":\"https:\\\/\\\/kart.no\\\/en\\\/#website\",\"url\":\"https:\\\/\\\/kart.no\\\/en\\\/\",\"name\":\"Kart.no\",\"description\":\"Nordic expertise in maps and navigation\",\"publisher\":{\"@id\":\"https:\\\/\\\/kart.no\\\/en\\\/#organization\"},\"potentialAction\":[{\"@type\":\"SearchAction\",\"target\":{\"@type\":\"EntryPoint\",\"urlTemplate\":\"https:\\\/\\\/kart.no\\\/en\\\/?s={search_term_string}\"},\"query-input\":{\"@type\":\"PropertyValueSpecification\",\"valueRequired\":true,\"valueName\":\"search_term_string\"}}],\"inLanguage\":\"en-US\"},{\"@type\":\"Organization\",\"@id\":\"https:\\\/\\\/kart.no\\\/en\\\/#organization\",\"name\":\"Kart.no\",\"url\":\"https:\\\/\\\/kart.no\\\/en\\\/\",\"logo\":{\"@type\":\"ImageObject\",\"inLanguage\":\"en-US\",\"@id\":\"https:\\\/\\\/kart.no\\\/en\\\/#\\\/schema\\\/logo\\\/image\\\/\",\"url\":\"https:\\\/\\\/kart.no\\\/wp-content\\\/uploads\\\/2023\\\/10\\\/kart.no-logo.png\",\"contentUrl\":\"https:\\\/\\\/kart.no\\\/wp-content\\\/uploads\\\/2023\\\/10\\\/kart.no-logo.png\",\"width\":784,\"height\":312,\"caption\":\"Kart.no\"},\"image\":{\"@id\":\"https:\\\/\\\/kart.no\\\/en\\\/#\\\/schema\\\/logo\\\/image\\\/\"},\"sameAs\":[\"https:\\\/\\\/www.facebook.com\\\/kart.no\",\"https:\\\/\\\/www.instagram.com\\\/_kart.no\\\/\"]}]}<\/script>\n<!-- \/ Yoast SEO Premium plugin. -->","yoast_head_json":{"title":"Swedish nautical charts Gulf of Bothnia - Official nautical charts (Sj\u00f6fartsverket)","description":"Official Swedish boating map for the Gulf of Bothnia, from Bygdea to Tornio at the Finnish-Swedish border. Based on updated chart data from the Swedish Maritime Administration, in a practical format for smaller leisure boats.","robots":{"index":"index","follow":"follow","max-snippet":"max-snippet:-1","max-image-preview":"max-image-preview:large","max-video-preview":"max-video-preview:-1"},"canonical":"https:\/\/kart.no\/en\/produkt\/swedish-boating-map-gulf-of-bothnia-happaranda-nygran\/","og_locale":"en_US","og_type":"article","og_title":"Swedish boating map - Gulf of Bothnia Happaranda-Nygr\u00e5n","og_description":"Official Swedish boating map for the Gulf of Bothnia, from Bygdea to Tornio at the Finnish-Swedish border. Based on updated chart data from the Swedish Maritime Administration, in a practical format for smaller leisure boats.","og_url":"https:\/\/kart.no\/en\/produkt\/swedish-boating-map-gulf-of-bothnia-happaranda-nygran\/","og_site_name":"Kart.no","article_publisher":"https:\/\/www.facebook.com\/kart.no","og_image":[{"width":600,"height":600,"url":"https:\/\/kart.no\/wp-content\/uploads\/2026\/01\/20465_Schwedische_Serie_Batsportkort_Bottenviken_600x600.jpeg","type":"image\/jpeg"}],"twitter_card":"summary_large_image","twitter_misc":{"Est. reading time":"1 minute"},"schema":{"@context":"https:\/\/schema.org","@graph":[{"@type":"WebPage","@id":"https:\/\/kart.no\/en\/produkt\/swedish-boating-map-gulf-of-bothnia-happaranda-nygran\/","url":"https:\/\/kart.no\/en\/produkt\/swedish-boating-map-gulf-of-bothnia-happaranda-nygran\/","name":"Swedish nautical charts Gulf of Bothnia - Official nautical charts (Sj\u00f6fartsverket)","isPartOf":{"@id":"https:\/\/kart.no\/en\/#website"},"primaryImageOfPage":{"@id":"https:\/\/kart.no\/en\/produkt\/swedish-boating-map-gulf-of-bothnia-happaranda-nygran\/#primaryimage"},"image":{"@id":"https:\/\/kart.no\/en\/produkt\/swedish-boating-map-gulf-of-bothnia-happaranda-nygran\/#primaryimage"},"thumbnailUrl":"https:\/\/kart.no\/wp-content\/uploads\/2026\/01\/20465_Schwedische_Serie_Batsportkort_Bottenviken_600x600.jpeg","datePublished":"2026-01-10T22:56:15+00:00","description":"Official Swedish boating map for the Gulf of Bothnia, from Bygdea to Tornio at the Finnish-Swedish border. Based on updated chart data from the Swedish Maritime Administration, in a practical format for smaller leisure boats.","breadcrumb":{"@id":"https:\/\/kart.no\/en\/produkt\/swedish-boating-map-gulf-of-bothnia-happaranda-nygran\/#breadcrumb"},"inLanguage":"en-US","potentialAction":[{"@type":"ReadAction","target":["https:\/\/kart.no\/en\/produkt\/swedish-boating-map-gulf-of-bothnia-happaranda-nygran\/"]}]},{"@type":"ImageObject","inLanguage":"en-US","@id":"https:\/\/kart.no\/en\/produkt\/swedish-boating-map-gulf-of-bothnia-happaranda-nygran\/#primaryimage","url":"https:\/\/kart.no\/wp-content\/uploads\/2026\/01\/20465_Schwedische_Serie_Batsportkort_Bottenviken_600x600.jpeg","contentUrl":"https:\/\/kart.no\/wp-content\/uploads\/2026\/01\/20465_Schwedische_Serie_Batsportkort_Bottenviken_600x600.jpeg","width":600,"height":600,"caption":"Gulf of Bothnia - official Swedish boating map based on map data from the Swedish Maritime Administration"},{"@type":"BreadcrumbList","@id":"https:\/\/kart.no\/en\/produkt\/swedish-boating-map-gulf-of-bothnia-happaranda-nygran\/#breadcrumb","itemListElement":[{"@type":"ListItem","position":1,"name":"Hjem","item":"https:\/\/kart.no\/en\/"},{"@type":"ListItem","position":2,"name":"Shop","item":"https:\/\/kart.no\/en\/shop\/"},{"@type":"ListItem","position":3,"name":"Swedish boating map &#8211; Gulf of Bothnia Happaranda-Nygr\u00e5n"}]},{"@type":"WebSite","@id":"https:\/\/kart.no\/en\/#website","url":"https:\/\/kart.no\/en\/","name":"Kart.no","description":"Nordic expertise in maps and navigation","publisher":{"@id":"https:\/\/kart.no\/en\/#organization"},"potentialAction":[{"@type":"SearchAction","target":{"@type":"EntryPoint","urlTemplate":"https:\/\/kart.no\/en\/?s={search_term_string}"},"query-input":{"@type":"PropertyValueSpecification","valueRequired":true,"valueName":"search_term_string"}}],"inLanguage":"en-US"},{"@type":"Organization","@id":"https:\/\/kart.no\/en\/#organization","name":"Kart.no","url":"https:\/\/kart.no\/en\/","logo":{"@type":"ImageObject","inLanguage":"en-US","@id":"https:\/\/kart.no\/en\/#\/schema\/logo\/image\/","url":"https:\/\/kart.no\/wp-content\/uploads\/2023\/10\/kart.no-logo.png","contentUrl":"https:\/\/kart.no\/wp-content\/uploads\/2023\/10\/kart.no-logo.png","width":784,"height":312,"caption":"Kart.no"},"image":{"@id":"https:\/\/kart.no\/en\/#\/schema\/logo\/image\/"},"sameAs":["https:\/\/www.facebook.com\/kart.no","https:\/\/www.instagram.com\/_kart.no\/"]}]}},"uagb_featured_image_src":{"full":["https:\/\/kart.no\/wp-content\/uploads\/2026\/01\/20465_Schwedische_Serie_Batsportkort_Bottenviken_600x600.jpeg",600,600,false],"thumbnail":["https:\/\/kart.no\/wp-content\/uploads\/2026\/01\/20465_Schwedische_Serie_Batsportkort_Bottenviken_600x600-150x150.jpeg",150,150,true],"medium":["https:\/\/kart.no\/wp-content\/uploads\/2026\/01\/20465_Schwedische_Serie_Batsportkort_Bottenviken_600x600-300x300.jpeg",300,300,true],"medium_large":["https:\/\/kart.no\/wp-content\/uploads\/2026\/01\/20465_Schwedische_Serie_Batsportkort_Bottenviken_600x600.jpeg",600,600,false],"large":["https:\/\/kart.no\/wp-content\/uploads\/2026\/01\/20465_Schwedische_Serie_Batsportkort_Bottenviken_600x600.jpeg",600,600,false],"1536x1536":["https:\/\/kart.no\/wp-content\/uploads\/2026\/01\/20465_Schwedische_Serie_Batsportkort_Bottenviken_600x600.jpeg",600,600,false],"2048x2048":["https:\/\/kart.no\/wp-content\/uploads\/2026\/01\/20465_Schwedische_Serie_Batsportkort_Bottenviken_600x600.jpeg",600,600,false],"woocommerce_thumbnail":["https:\/\/kart.no\/wp-content\/uploads\/2026\/01\/20465_Schwedische_Serie_Batsportkort_Bottenviken_600x600-300x300.jpeg",300,300,true],"woocommerce_single":["https:\/\/kart.no\/wp-content\/uploads\/2026\/01\/20465_Schwedische_Serie_Batsportkort_Bottenviken_600x600.jpeg",600,600,false],"woocommerce_gallery_thumbnail":["https:\/\/kart.no\/wp-content\/uploads\/2026\/01\/20465_Schwedische_Serie_Batsportkort_Bottenviken_600x600-100x100.jpeg",100,100,true],"dgwt-wcas-product-suggestion":["https:\/\/kart.no\/wp-content\/uploads\/2026\/01\/20465_Schwedische_Serie_Batsportkort_Bottenviken_600x600-64x64.jpeg",64,64,true]},"uagb_author_info":{"display_name":"Steinar Figved","author_link":"https:\/\/kart.no\/en\/author\/"},"uagb_comment_info":0,"uagb_excerpt":"The official Swedish boating map Gulf of Bothnia covers the northwestern part of the Gulf of Bothnia, from Bygdea to Tornio on the Finnish-Swedish border. The boating charts are extracts from the official \"archipelago charts\" and are designed in a practical format that makes them particularly suitable for navigation in smaller leisure boats. The map&hellip;","_links":{"self":[{"href":"https:\/\/kart.no\/en\/wp-json\/wp\/v2\/product\/52272","targetHints":{"allow":["GET"]}}],"collection":[{"href":"https:\/\/kart.no\/en\/wp-json\/wp\/v2\/product"}],"about":[{"href":"https:\/\/kart.no\/en\/wp-json\/wp\/v2\/types\/product"}],"replies":[{"embeddable":true,"href":"https:\/\/kart.no\/en\/wp-json\/wp\/v2\/comments?post=52272"}],"wp:featuredmedia":[{"embeddable":true,"href":"https:\/\/kart.no\/en\/wp-json\/wp\/v2\/media\/52274"}],"wp:attachment":[{"href":"https:\/\/kart.no\/en\/wp-json\/wp\/v2\/media?parent=52272"}],"wp:term":[{"taxonomy":"product_brand","embeddable":true,"href":"https:\/\/kart.no\/en\/wp-json\/wp\/v2\/product_brand?post=52272"},{"taxonomy":"product_cat","embeddable":true,"href":"https:\/\/kart.no\/en\/wp-json\/wp\/v2\/product_cat?post=52272"},{"taxonomy":"product_tag","embeddable":true,"href":"https:\/\/kart.no\/en\/wp-json\/wp\/v2\/product_tag?post=52272"}],"curies":[{"name":"wp","href":"https:\/\/api.w.org\/{rel}","templated":true}]}}