{"id":52284,"date":"2026-01-22T23:05:13","date_gmt":"2026-01-22T22:05:13","guid":{"rendered":"https:\/\/kart.no\/produkt\/svensk-batsportkart-lake-vanern\/"},"modified":"2026-01-22T23:05:13","modified_gmt":"2026-01-22T22:05:13","slug":"svensk-batsportkart-lake-vanern","status":"publish","type":"product","link":"https:\/\/kart.no\/en\/produkt\/svensk-batsportkart-lake-vanern\/","title":{"rendered":"Svensk b\u00e5tsportkart &#8211; Lake V\u00e4nern"},"content":{"rendered":"<p>Updated Swedish boating map covering Lake V\u00e4nern. The map provides a detailed level of navigation in the lake&#8217;s waters and is particularly suitable for use in smaller leisure boats. Delivered in the latest edition based on current map data from the Swedish Maritime Administration.  <\/p>\n","protected":false},"excerpt":{"rendered":"<p data-start=\"1059\" data-end=\"1096\"><strong data-start=\"1059\" data-end=\"1096\">Updated boating map for V\u00e4nern<\/strong><\/p>\n<p data-start=\"1098\" data-end=\"1416\">The boating maps are extracts from the official &#8220;Sk\u00e4rg\u00e5rdskorten&#8221; (archipelago maps) and are designed in a practical format that makes them particularly suitable for navigation in smaller leisure boats. This map covers Lake <strong data-start=\"1286\" data-end=\"1296\">V\u00e4nern<\/strong>, Sweden&#8217;s largest lake, and provides a clear and detailed basis for safe navigation in the lake&#8217;s waters and bays. <\/p>\n<p data-start=\"1418\" data-end=\"1792\">The map is delivered in the most recent and updated version at all times, based on current map data from the Swedish Maritime Administration. This ensures that changes in fairways, shallow areas, markings and other nautical information are correctly reproduced. The map has a scale that provides a good balance between overview and detail, and includes necessary sections where this is navigationally relevant.  <\/p>\n","protected":false},"featured_media":38017,"comment_status":"open","ping_status":"closed","template":"","meta":{"_uag_custom_page_level_css":""},"product_brand":[1467],"product_cat":[1153],"product_tag":[],"class_list":{"0":"post-52284","1":"product","2":"type-product","3":"status-publish","4":"has-post-thumbnail","6":"product_brand-swedish-maritime-administration-2","7":"product_cat-recreational-nautical-charts-sweden","8":"product_shipping_class-boxship","9":"pa_produsent-sjofartsverket","11":"first","12":"onbackorder","13":"taxable","14":"shipping-taxable","15":"purchasable","16":"product-type-simple"},"composite_virtual":false,"composite_layout":"","composite_add_to_cart_form_location":"","composite_editable_in_cart":false,"composite_sold_individually_context":"","composite_shop_price_calc":"","composite_components":[],"composite_scenarios":[],"acf":[],"yoast_head":"<!-- This site is optimized with the Yoast SEO Premium plugin v27.5 (Yoast SEO v27.5) - https:\/\/yoast.com\/product\/yoast-seo-premium-wordpress\/ -->\n<title>Swedish boating map - Lake V\u00e4nern | Kart.no<\/title>\n<meta name=\"description\" content=\"Updated Swedish boating map for Lake V\u00e4nern with detailed coverage of waters and bays. The map is well suited for navigation in smaller leisure boats and comes in the latest edition from Sj\u00f6fartsverket.\" \/>\n<meta name=\"robots\" content=\"index, follow, max-snippet:-1, max-image-preview:large, max-video-preview:-1\" \/>\n<link rel=\"canonical\" href=\"https:\/\/kart.no\/en\/produkt\/svensk-batsportkart-lake-vanern\/\" \/>\n<meta property=\"og:locale\" content=\"en_US\" \/>\n<meta property=\"og:type\" content=\"article\" \/>\n<meta property=\"og:title\" content=\"Svensk b\u00e5tsportkart - Lake V\u00e4nern\" \/>\n<meta property=\"og:description\" content=\"Updated Swedish boating map for Lake V\u00e4nern with detailed coverage of waters and bays. The map is well suited for navigation in smaller leisure boats and comes in the latest edition from Sj\u00f6fartsverket.\" \/>\n<meta property=\"og:url\" content=\"https:\/\/kart.no\/en\/produkt\/svensk-batsportkart-lake-vanern\/\" \/>\n<meta property=\"og:site_name\" content=\"Kart.no\" \/>\n<meta property=\"article:publisher\" content=\"https:\/\/www.facebook.com\/kart.no\" \/>\n<meta property=\"og:image\" content=\"https:\/\/kart.no\/wp-content\/uploads\/2026\/01\/20468_Schwedische_Serie_Batsportkort_Vaenern_600x600.jpeg\" \/>\n\t<meta property=\"og:image:width\" content=\"600\" \/>\n\t<meta property=\"og:image:height\" content=\"600\" \/>\n\t<meta property=\"og:image:type\" content=\"image\/jpeg\" \/>\n<meta name=\"twitter:card\" content=\"summary_large_image\" \/>\n<script type=\"application\/ld+json\" class=\"yoast-schema-graph\">{\"@context\":\"https:\\\/\\\/schema.org\",\"@graph\":[{\"@type\":\"WebPage\",\"@id\":\"https:\\\/\\\/kart.no\\\/en\\\/produkt\\\/svensk-batsportkart-lake-vanern\\\/\",\"url\":\"https:\\\/\\\/kart.no\\\/en\\\/produkt\\\/svensk-batsportkart-lake-vanern\\\/\",\"name\":\"Swedish boating map - Lake V\u00e4nern | Kart.no\",\"isPartOf\":{\"@id\":\"https:\\\/\\\/kart.no\\\/en\\\/#website\"},\"primaryImageOfPage\":{\"@id\":\"https:\\\/\\\/kart.no\\\/en\\\/produkt\\\/svensk-batsportkart-lake-vanern\\\/#primaryimage\"},\"image\":{\"@id\":\"https:\\\/\\\/kart.no\\\/en\\\/produkt\\\/svensk-batsportkart-lake-vanern\\\/#primaryimage\"},\"thumbnailUrl\":\"https:\\\/\\\/kart.no\\\/wp-content\\\/uploads\\\/2026\\\/01\\\/20468_Schwedische_Serie_Batsportkort_Vaenern_600x600.jpeg\",\"datePublished\":\"2026-01-22T22:05:13+00:00\",\"description\":\"Updated Swedish boating map for Lake V\u00e4nern with detailed coverage of waters and bays. The map is well suited for navigation in smaller leisure boats and comes in the latest edition from Sj\u00f6fartsverket.\",\"breadcrumb\":{\"@id\":\"https:\\\/\\\/kart.no\\\/en\\\/produkt\\\/svensk-batsportkart-lake-vanern\\\/#breadcrumb\"},\"inLanguage\":\"en-US\",\"potentialAction\":[{\"@type\":\"ReadAction\",\"target\":[\"https:\\\/\\\/kart.no\\\/en\\\/produkt\\\/svensk-batsportkart-lake-vanern\\\/\"]}]},{\"@type\":\"ImageObject\",\"inLanguage\":\"en-US\",\"@id\":\"https:\\\/\\\/kart.no\\\/en\\\/produkt\\\/svensk-batsportkart-lake-vanern\\\/#primaryimage\",\"url\":\"https:\\\/\\\/kart.no\\\/wp-content\\\/uploads\\\/2026\\\/01\\\/20468_Schwedische_Serie_Batsportkort_Vaenern_600x600.jpeg\",\"contentUrl\":\"https:\\\/\\\/kart.no\\\/wp-content\\\/uploads\\\/2026\\\/01\\\/20468_Schwedische_Serie_Batsportkort_Vaenern_600x600.jpeg\",\"width\":600,\"height\":600,\"caption\":\"Official Swedish boating map for Lake V\u00e4nern\"},{\"@type\":\"BreadcrumbList\",\"@id\":\"https:\\\/\\\/kart.no\\\/en\\\/produkt\\\/svensk-batsportkart-lake-vanern\\\/#breadcrumb\",\"itemListElement\":[{\"@type\":\"ListItem\",\"position\":1,\"name\":\"Hjem\",\"item\":\"https:\\\/\\\/kart.no\\\/en\\\/\"},{\"@type\":\"ListItem\",\"position\":2,\"name\":\"Shop\",\"item\":\"https:\\\/\\\/kart.no\\\/en\\\/shop\\\/\"},{\"@type\":\"ListItem\",\"position\":3,\"name\":\"Marine\",\"item\":\"https:\\\/\\\/kart.no\\\/en\\\/product-category\\\/marine\\\/\"},{\"@type\":\"ListItem\",\"position\":4,\"name\":\"Nautical Charts (Paper)\",\"item\":\"https:\\\/\\\/kart.no\\\/en\\\/product-category\\\/marine\\\/nautical-charts-paper\\\/\"},{\"@type\":\"ListItem\",\"position\":5,\"name\":\"Nautical Charts (Paper) \u2013 Sweden\",\"item\":\"https:\\\/\\\/kart.no\\\/en\\\/product-category\\\/marine\\\/nautical-charts-paper\\\/nautical-charts-paper-sweden\\\/\"},{\"@type\":\"ListItem\",\"position\":6,\"name\":\"Recreational nautical Charts \u2013 Sweden\",\"item\":\"https:\\\/\\\/kart.no\\\/en\\\/product-category\\\/marine\\\/nautical-charts-paper\\\/nautical-charts-paper-sweden\\\/recreational-nautical-charts-sweden\\\/\"},{\"@type\":\"ListItem\",\"position\":7,\"name\":\"Svensk b\u00e5tsportkart &#8211; Lake V\u00e4nern\"}]},{\"@type\":\"WebSite\",\"@id\":\"https:\\\/\\\/kart.no\\\/en\\\/#website\",\"url\":\"https:\\\/\\\/kart.no\\\/en\\\/\",\"name\":\"Kart.no\",\"description\":\"Nordic expertise in maps and navigation\",\"publisher\":{\"@id\":\"https:\\\/\\\/kart.no\\\/en\\\/#organization\"},\"potentialAction\":[{\"@type\":\"SearchAction\",\"target\":{\"@type\":\"EntryPoint\",\"urlTemplate\":\"https:\\\/\\\/kart.no\\\/en\\\/?s={search_term_string}\"},\"query-input\":{\"@type\":\"PropertyValueSpecification\",\"valueRequired\":true,\"valueName\":\"search_term_string\"}}],\"inLanguage\":\"en-US\"},{\"@type\":\"Organization\",\"@id\":\"https:\\\/\\\/kart.no\\\/en\\\/#organization\",\"name\":\"Kart.no\",\"url\":\"https:\\\/\\\/kart.no\\\/en\\\/\",\"logo\":{\"@type\":\"ImageObject\",\"inLanguage\":\"en-US\",\"@id\":\"https:\\\/\\\/kart.no\\\/en\\\/#\\\/schema\\\/logo\\\/image\\\/\",\"url\":\"https:\\\/\\\/kart.no\\\/wp-content\\\/uploads\\\/2023\\\/10\\\/kart.no-logo.png\",\"contentUrl\":\"https:\\\/\\\/kart.no\\\/wp-content\\\/uploads\\\/2023\\\/10\\\/kart.no-logo.png\",\"width\":784,\"height\":312,\"caption\":\"Kart.no\"},\"image\":{\"@id\":\"https:\\\/\\\/kart.no\\\/en\\\/#\\\/schema\\\/logo\\\/image\\\/\"},\"sameAs\":[\"https:\\\/\\\/www.facebook.com\\\/kart.no\",\"https:\\\/\\\/www.instagram.com\\\/_kart.no\\\/\"]}]}<\/script>\n<!-- \/ Yoast SEO Premium plugin. -->","yoast_head_json":{"title":"Swedish boating map - Lake V\u00e4nern | Kart.no","description":"Updated Swedish boating map for Lake V\u00e4nern with detailed coverage of waters and bays. The map is well suited for navigation in smaller leisure boats and comes in the latest edition from Sj\u00f6fartsverket.","robots":{"index":"index","follow":"follow","max-snippet":"max-snippet:-1","max-image-preview":"max-image-preview:large","max-video-preview":"max-video-preview:-1"},"canonical":"https:\/\/kart.no\/en\/produkt\/svensk-batsportkart-lake-vanern\/","og_locale":"en_US","og_type":"article","og_title":"Svensk b\u00e5tsportkart - Lake V\u00e4nern","og_description":"Updated Swedish boating map for Lake V\u00e4nern with detailed coverage of waters and bays. The map is well suited for navigation in smaller leisure boats and comes in the latest edition from Sj\u00f6fartsverket.","og_url":"https:\/\/kart.no\/en\/produkt\/svensk-batsportkart-lake-vanern\/","og_site_name":"Kart.no","article_publisher":"https:\/\/www.facebook.com\/kart.no","og_image":[{"width":600,"height":600,"url":"https:\/\/kart.no\/wp-content\/uploads\/2026\/01\/20468_Schwedische_Serie_Batsportkort_Vaenern_600x600.jpeg","type":"image\/jpeg"}],"twitter_card":"summary_large_image","schema":{"@context":"https:\/\/schema.org","@graph":[{"@type":"WebPage","@id":"https:\/\/kart.no\/en\/produkt\/svensk-batsportkart-lake-vanern\/","url":"https:\/\/kart.no\/en\/produkt\/svensk-batsportkart-lake-vanern\/","name":"Swedish boating map - Lake V\u00e4nern | Kart.no","isPartOf":{"@id":"https:\/\/kart.no\/en\/#website"},"primaryImageOfPage":{"@id":"https:\/\/kart.no\/en\/produkt\/svensk-batsportkart-lake-vanern\/#primaryimage"},"image":{"@id":"https:\/\/kart.no\/en\/produkt\/svensk-batsportkart-lake-vanern\/#primaryimage"},"thumbnailUrl":"https:\/\/kart.no\/wp-content\/uploads\/2026\/01\/20468_Schwedische_Serie_Batsportkort_Vaenern_600x600.jpeg","datePublished":"2026-01-22T22:05:13+00:00","description":"Updated Swedish boating map for Lake V\u00e4nern with detailed coverage of waters and bays. The map is well suited for navigation in smaller leisure boats and comes in the latest edition from Sj\u00f6fartsverket.","breadcrumb":{"@id":"https:\/\/kart.no\/en\/produkt\/svensk-batsportkart-lake-vanern\/#breadcrumb"},"inLanguage":"en-US","potentialAction":[{"@type":"ReadAction","target":["https:\/\/kart.no\/en\/produkt\/svensk-batsportkart-lake-vanern\/"]}]},{"@type":"ImageObject","inLanguage":"en-US","@id":"https:\/\/kart.no\/en\/produkt\/svensk-batsportkart-lake-vanern\/#primaryimage","url":"https:\/\/kart.no\/wp-content\/uploads\/2026\/01\/20468_Schwedische_Serie_Batsportkort_Vaenern_600x600.jpeg","contentUrl":"https:\/\/kart.no\/wp-content\/uploads\/2026\/01\/20468_Schwedische_Serie_Batsportkort_Vaenern_600x600.jpeg","width":600,"height":600,"caption":"Official Swedish boating map for Lake V\u00e4nern"},{"@type":"BreadcrumbList","@id":"https:\/\/kart.no\/en\/produkt\/svensk-batsportkart-lake-vanern\/#breadcrumb","itemListElement":[{"@type":"ListItem","position":1,"name":"Hjem","item":"https:\/\/kart.no\/en\/"},{"@type":"ListItem","position":2,"name":"Shop","item":"https:\/\/kart.no\/en\/shop\/"},{"@type":"ListItem","position":3,"name":"Marine","item":"https:\/\/kart.no\/en\/product-category\/marine\/"},{"@type":"ListItem","position":4,"name":"Nautical Charts (Paper)","item":"https:\/\/kart.no\/en\/product-category\/marine\/nautical-charts-paper\/"},{"@type":"ListItem","position":5,"name":"Nautical Charts (Paper) \u2013 Sweden","item":"https:\/\/kart.no\/en\/product-category\/marine\/nautical-charts-paper\/nautical-charts-paper-sweden\/"},{"@type":"ListItem","position":6,"name":"Recreational nautical Charts \u2013 Sweden","item":"https:\/\/kart.no\/en\/product-category\/marine\/nautical-charts-paper\/nautical-charts-paper-sweden\/recreational-nautical-charts-sweden\/"},{"@type":"ListItem","position":7,"name":"Svensk b\u00e5tsportkart &#8211; Lake V\u00e4nern"}]},{"@type":"WebSite","@id":"https:\/\/kart.no\/en\/#website","url":"https:\/\/kart.no\/en\/","name":"Kart.no","description":"Nordic expertise in maps and navigation","publisher":{"@id":"https:\/\/kart.no\/en\/#organization"},"potentialAction":[{"@type":"SearchAction","target":{"@type":"EntryPoint","urlTemplate":"https:\/\/kart.no\/en\/?s={search_term_string}"},"query-input":{"@type":"PropertyValueSpecification","valueRequired":true,"valueName":"search_term_string"}}],"inLanguage":"en-US"},{"@type":"Organization","@id":"https:\/\/kart.no\/en\/#organization","name":"Kart.no","url":"https:\/\/kart.no\/en\/","logo":{"@type":"ImageObject","inLanguage":"en-US","@id":"https:\/\/kart.no\/en\/#\/schema\/logo\/image\/","url":"https:\/\/kart.no\/wp-content\/uploads\/2023\/10\/kart.no-logo.png","contentUrl":"https:\/\/kart.no\/wp-content\/uploads\/2023\/10\/kart.no-logo.png","width":784,"height":312,"caption":"Kart.no"},"image":{"@id":"https:\/\/kart.no\/en\/#\/schema\/logo\/image\/"},"sameAs":["https:\/\/www.facebook.com\/kart.no","https:\/\/www.instagram.com\/_kart.no\/"]}]}},"uagb_featured_image_src":{"full":["https:\/\/kart.no\/wp-content\/uploads\/2026\/01\/20468_Schwedische_Serie_Batsportkort_Vaenern_600x600.jpeg",600,600,false],"thumbnail":["https:\/\/kart.no\/wp-content\/uploads\/2026\/01\/20468_Schwedische_Serie_Batsportkort_Vaenern_600x600-150x150.jpeg",150,150,true],"medium":["https:\/\/kart.no\/wp-content\/uploads\/2026\/01\/20468_Schwedische_Serie_Batsportkort_Vaenern_600x600-300x300.jpeg",300,300,true],"medium_large":["https:\/\/kart.no\/wp-content\/uploads\/2026\/01\/20468_Schwedische_Serie_Batsportkort_Vaenern_600x600.jpeg",600,600,false],"large":["https:\/\/kart.no\/wp-content\/uploads\/2026\/01\/20468_Schwedische_Serie_Batsportkort_Vaenern_600x600.jpeg",600,600,false],"1536x1536":["https:\/\/kart.no\/wp-content\/uploads\/2026\/01\/20468_Schwedische_Serie_Batsportkort_Vaenern_600x600.jpeg",600,600,false],"2048x2048":["https:\/\/kart.no\/wp-content\/uploads\/2026\/01\/20468_Schwedische_Serie_Batsportkort_Vaenern_600x600.jpeg",600,600,false],"woocommerce_thumbnail":["https:\/\/kart.no\/wp-content\/uploads\/2026\/01\/20468_Schwedische_Serie_Batsportkort_Vaenern_600x600-300x300.jpeg",300,300,true],"woocommerce_single":["https:\/\/kart.no\/wp-content\/uploads\/2026\/01\/20468_Schwedische_Serie_Batsportkort_Vaenern_600x600.jpeg",600,600,false],"woocommerce_gallery_thumbnail":["https:\/\/kart.no\/wp-content\/uploads\/2026\/01\/20468_Schwedische_Serie_Batsportkort_Vaenern_600x600-100x100.jpeg",100,100,true],"dgwt-wcas-product-suggestion":["https:\/\/kart.no\/wp-content\/uploads\/2026\/01\/20468_Schwedische_Serie_Batsportkort_Vaenern_600x600-64x64.jpeg",64,64,true]},"uagb_author_info":{"display_name":"Steinar Figved","author_link":"https:\/\/kart.no\/en\/author\/"},"uagb_comment_info":0,"uagb_excerpt":"Updated boating map for V\u00e4nern The boating maps are extracts from the official \"Sk\u00e4rg\u00e5rdskorten\" (archipelago maps) and are designed in a practical format that makes them particularly suitable for navigation in smaller leisure boats. This map covers Lake V\u00e4nern, Sweden's largest lake, and provides a clear and detailed basis for safe navigation in the lake's&hellip;","_links":{"self":[{"href":"https:\/\/kart.no\/en\/wp-json\/wp\/v2\/product\/52284","targetHints":{"allow":["GET"]}}],"collection":[{"href":"https:\/\/kart.no\/en\/wp-json\/wp\/v2\/product"}],"about":[{"href":"https:\/\/kart.no\/en\/wp-json\/wp\/v2\/types\/product"}],"replies":[{"embeddable":true,"href":"https:\/\/kart.no\/en\/wp-json\/wp\/v2\/comments?post=52284"}],"wp:featuredmedia":[{"embeddable":true,"href":"https:\/\/kart.no\/en\/wp-json\/wp\/v2\/media\/38017"}],"wp:attachment":[{"href":"https:\/\/kart.no\/en\/wp-json\/wp\/v2\/media?parent=52284"}],"wp:term":[{"taxonomy":"product_brand","embeddable":true,"href":"https:\/\/kart.no\/en\/wp-json\/wp\/v2\/product_brand?post=52284"},{"taxonomy":"product_cat","embeddable":true,"href":"https:\/\/kart.no\/en\/wp-json\/wp\/v2\/product_cat?post=52284"},{"taxonomy":"product_tag","embeddable":true,"href":"https:\/\/kart.no\/en\/wp-json\/wp\/v2\/product_tag?post=52284"}],"curies":[{"name":"wp","href":"https:\/\/api.w.org\/{rel}","templated":true}]}}