{"id":52591,"date":"2026-01-11T21:10:46","date_gmt":"2026-01-11T20:10:46","guid":{"rendered":"https:\/\/kart.no\/produkt\/southern-peloponnisos-imray-g15\/"},"modified":"2026-01-11T21:10:46","modified_gmt":"2026-01-11T20:10:46","slug":"southern-peloponnisos-imray-g15","status":"publish","type":"product","link":"https:\/\/kart.no\/en\/produkt\/southern-peloponnisos-imray-g15\/","title":{"rendered":"Southern Peloponnisos &#8211; Imray G15"},"content":{"rendered":"<p data-start=\"245\" data-end=\"607\">This overview chart from Imray covers <strong data-start=\"284\" data-end=\"315\">the southern part of the Peloponnese<\/strong>, from <strong data-start=\"321\" data-end=\"333\">Kalamata<\/strong> in the west via <strong data-start=\"345\" data-end=\"361\">the Mani Peninsula<\/strong> and around <strong data-start=\"371\" data-end=\"386\">Cape M\u00e1leas<\/strong>, further east towards <strong data-start=\"407\" data-end=\"434\">K\u00edthira (N\u00edsos K\u00edthira)<\/strong> and <strong data-start=\"438\" data-end=\"458\">\u00c1kra Tourkov\u00edgla<\/strong>. The map provides a clear regional overview of a demanding and weather-prone sailing area at the intersection of <strong data-start=\"573\" data-end=\"606\">the Ionian and Aegean Seas<\/strong>. <\/p>\n<p data-start=\"609\" data-end=\"957\">The map includes plan views and approaches to <strong data-start=\"674\" data-end=\"695\">Lim\u00e9nas Kalam\u00e1tas<\/strong>, <strong data-start=\"697\" data-end=\"708\">Y\u00edthion<\/strong>, <strong data-start=\"710\" data-end=\"737\">\u00d3rmos Kaps\u00e1li (K\u00edthira<\/strong>), <strong data-start=\"739\" data-end=\"751\">Dh\u00edafkti<\/strong>, <strong data-start=\"753\" data-end=\"776\">Monemvas\u00eda (G\u00e9fyra)<\/strong> as well as routes towards <strong data-start=\"792\" data-end=\"807\">N\u00edsos Kr\u00edti<\/strong>, among others. It is particularly suitable for <strong data-start=\"840\" data-end=\"872\">route and passage planning<\/strong> around Cape M\u00e1leas &#8211; one of the most famous weather and current challenging areas in Greece. <\/p>\n<p data-start=\"959\" data-end=\"1111\">Printed on water-resistant paper and manufactured to <strong data-start=\"1017\" data-end=\"1045\">MCA approved standards<\/strong>, with support for digital updates via the Imray Navigator app.<\/p>\n","protected":false},"excerpt":{"rendered":"<p>Overview map covering southern parts of the Peloponnese from Kalamata via Cape M\u00e1leas to K\u00edthira. Suitable for route and passage planning. <\/p>\n","protected":false},"featured_media":38161,"comment_status":"open","ping_status":"closed","template":"","meta":{"_uag_custom_page_level_css":""},"product_brand":[1434],"product_cat":[1130],"product_tag":[],"class_list":{"0":"post-52591","1":"product","2":"type-product","3":"status-publish","4":"has-post-thumbnail","6":"product_brand-imray","7":"product_cat-recreational-nautical-charts-mediterranean","8":"product_shipping_class-boxship","9":"pa_produsent-imray","11":"first","12":"instock","13":"taxable","14":"shipping-taxable","15":"purchasable","16":"product-type-simple"},"composite_virtual":false,"composite_layout":"","composite_add_to_cart_form_location":"","composite_editable_in_cart":false,"composite_sold_individually_context":"","composite_shop_price_calc":"","composite_components":[],"composite_scenarios":[],"acf":[],"yoast_head":"<!-- This site is optimized with the Yoast SEO Premium plugin v27.5 (Yoast SEO v27.5) - https:\/\/yoast.com\/product\/yoast-seo-premium-wordpress\/ -->\n<title>Southern Peloponnisos - Imray G15 | Overview map Peloponnese<\/title>\n<meta name=\"description\" content=\"Overview map from Imray covering the southern Peloponnese from Kalamata via Cape M\u00e1leas to K\u00edthira. Ideal for route and passage planning.\" \/>\n<meta name=\"robots\" content=\"index, follow, max-snippet:-1, max-image-preview:large, max-video-preview:-1\" \/>\n<link rel=\"canonical\" href=\"https:\/\/kart.no\/en\/produkt\/southern-peloponnisos-imray-g15\/\" \/>\n<meta property=\"og:locale\" content=\"en_US\" \/>\n<meta property=\"og:type\" content=\"article\" \/>\n<meta property=\"og:title\" content=\"Southern Peloponnisos - Imray G15\" \/>\n<meta property=\"og:description\" content=\"Overview map from Imray covering the southern Peloponnese from Kalamata via Cape M\u00e1leas to K\u00edthira. Ideal for route and passage planning.\" \/>\n<meta property=\"og:url\" content=\"https:\/\/kart.no\/en\/produkt\/southern-peloponnisos-imray-g15\/\" \/>\n<meta property=\"og:site_name\" content=\"Kart.no\" \/>\n<meta property=\"article:publisher\" content=\"https:\/\/www.facebook.com\/kart.no\" \/>\n<meta property=\"og:image\" content=\"https:\/\/kart.no\/wp-content\/uploads\/2026\/01\/imray-g15-southern-peloponnisos.jpg\" \/>\n\t<meta property=\"og:image:width\" content=\"780\" \/>\n\t<meta property=\"og:image:height\" content=\"780\" \/>\n\t<meta property=\"og:image:type\" content=\"image\/jpeg\" \/>\n<meta name=\"twitter:card\" content=\"summary_large_image\" \/>\n<meta name=\"twitter:label1\" content=\"Est. reading time\" \/>\n\t<meta name=\"twitter:data1\" content=\"1 minute\" \/>\n<script type=\"application\/ld+json\" class=\"yoast-schema-graph\">{\"@context\":\"https:\\\/\\\/schema.org\",\"@graph\":[{\"@type\":\"WebPage\",\"@id\":\"https:\\\/\\\/kart.no\\\/en\\\/produkt\\\/southern-peloponnisos-imray-g15\\\/\",\"url\":\"https:\\\/\\\/kart.no\\\/en\\\/produkt\\\/southern-peloponnisos-imray-g15\\\/\",\"name\":\"Southern Peloponnisos - Imray G15 | Overview map Peloponnese\",\"isPartOf\":{\"@id\":\"https:\\\/\\\/kart.no\\\/en\\\/#website\"},\"primaryImageOfPage\":{\"@id\":\"https:\\\/\\\/kart.no\\\/en\\\/produkt\\\/southern-peloponnisos-imray-g15\\\/#primaryimage\"},\"image\":{\"@id\":\"https:\\\/\\\/kart.no\\\/en\\\/produkt\\\/southern-peloponnisos-imray-g15\\\/#primaryimage\"},\"thumbnailUrl\":\"https:\\\/\\\/kart.no\\\/wp-content\\\/uploads\\\/2026\\\/01\\\/imray-g15-southern-peloponnisos.jpg\",\"datePublished\":\"2026-01-11T20:10:46+00:00\",\"description\":\"Overview map from Imray covering the southern Peloponnese from Kalamata via Cape M\u00e1leas to K\u00edthira. Ideal for route and passage planning.\",\"breadcrumb\":{\"@id\":\"https:\\\/\\\/kart.no\\\/en\\\/produkt\\\/southern-peloponnisos-imray-g15\\\/#breadcrumb\"},\"inLanguage\":\"en-US\",\"potentialAction\":[{\"@type\":\"ReadAction\",\"target\":[\"https:\\\/\\\/kart.no\\\/en\\\/produkt\\\/southern-peloponnisos-imray-g15\\\/\"]}]},{\"@type\":\"ImageObject\",\"inLanguage\":\"en-US\",\"@id\":\"https:\\\/\\\/kart.no\\\/en\\\/produkt\\\/southern-peloponnisos-imray-g15\\\/#primaryimage\",\"url\":\"https:\\\/\\\/kart.no\\\/wp-content\\\/uploads\\\/2026\\\/01\\\/imray-g15-southern-peloponnisos.jpg\",\"contentUrl\":\"https:\\\/\\\/kart.no\\\/wp-content\\\/uploads\\\/2026\\\/01\\\/imray-g15-southern-peloponnisos.jpg\",\"width\":780,\"height\":780,\"caption\":\"Overview map from Imray covering the southern Peloponnese, including Kalamata, Mani Peninsula, Cape M\u00e1leas and K\u00edthira, with important sailing routes.\"},{\"@type\":\"BreadcrumbList\",\"@id\":\"https:\\\/\\\/kart.no\\\/en\\\/produkt\\\/southern-peloponnisos-imray-g15\\\/#breadcrumb\",\"itemListElement\":[{\"@type\":\"ListItem\",\"position\":1,\"name\":\"Hjem\",\"item\":\"https:\\\/\\\/kart.no\\\/en\\\/\"},{\"@type\":\"ListItem\",\"position\":2,\"name\":\"Shop\",\"item\":\"https:\\\/\\\/kart.no\\\/en\\\/shop\\\/\"},{\"@type\":\"ListItem\",\"position\":3,\"name\":\"Southern Peloponnisos &#8211; Imray G15\"}]},{\"@type\":\"WebSite\",\"@id\":\"https:\\\/\\\/kart.no\\\/en\\\/#website\",\"url\":\"https:\\\/\\\/kart.no\\\/en\\\/\",\"name\":\"Kart.no\",\"description\":\"Nordic expertise in maps and navigation\",\"publisher\":{\"@id\":\"https:\\\/\\\/kart.no\\\/en\\\/#organization\"},\"potentialAction\":[{\"@type\":\"SearchAction\",\"target\":{\"@type\":\"EntryPoint\",\"urlTemplate\":\"https:\\\/\\\/kart.no\\\/en\\\/?s={search_term_string}\"},\"query-input\":{\"@type\":\"PropertyValueSpecification\",\"valueRequired\":true,\"valueName\":\"search_term_string\"}}],\"inLanguage\":\"en-US\"},{\"@type\":\"Organization\",\"@id\":\"https:\\\/\\\/kart.no\\\/en\\\/#organization\",\"name\":\"Kart.no\",\"url\":\"https:\\\/\\\/kart.no\\\/en\\\/\",\"logo\":{\"@type\":\"ImageObject\",\"inLanguage\":\"en-US\",\"@id\":\"https:\\\/\\\/kart.no\\\/en\\\/#\\\/schema\\\/logo\\\/image\\\/\",\"url\":\"https:\\\/\\\/kart.no\\\/wp-content\\\/uploads\\\/2023\\\/10\\\/kart.no-logo.png\",\"contentUrl\":\"https:\\\/\\\/kart.no\\\/wp-content\\\/uploads\\\/2023\\\/10\\\/kart.no-logo.png\",\"width\":784,\"height\":312,\"caption\":\"Kart.no\"},\"image\":{\"@id\":\"https:\\\/\\\/kart.no\\\/en\\\/#\\\/schema\\\/logo\\\/image\\\/\"},\"sameAs\":[\"https:\\\/\\\/www.facebook.com\\\/kart.no\",\"https:\\\/\\\/www.instagram.com\\\/_kart.no\\\/\"]}]}<\/script>\n<!-- \/ Yoast SEO Premium plugin. -->","yoast_head_json":{"title":"Southern Peloponnisos - Imray G15 | Overview map Peloponnese","description":"Overview map from Imray covering the southern Peloponnese from Kalamata via Cape M\u00e1leas to K\u00edthira. Ideal for route and passage planning.","robots":{"index":"index","follow":"follow","max-snippet":"max-snippet:-1","max-image-preview":"max-image-preview:large","max-video-preview":"max-video-preview:-1"},"canonical":"https:\/\/kart.no\/en\/produkt\/southern-peloponnisos-imray-g15\/","og_locale":"en_US","og_type":"article","og_title":"Southern Peloponnisos - Imray G15","og_description":"Overview map from Imray covering the southern Peloponnese from Kalamata via Cape M\u00e1leas to K\u00edthira. Ideal for route and passage planning.","og_url":"https:\/\/kart.no\/en\/produkt\/southern-peloponnisos-imray-g15\/","og_site_name":"Kart.no","article_publisher":"https:\/\/www.facebook.com\/kart.no","og_image":[{"width":780,"height":780,"url":"https:\/\/kart.no\/wp-content\/uploads\/2026\/01\/imray-g15-southern-peloponnisos.jpg","type":"image\/jpeg"}],"twitter_card":"summary_large_image","twitter_misc":{"Est. reading time":"1 minute"},"schema":{"@context":"https:\/\/schema.org","@graph":[{"@type":"WebPage","@id":"https:\/\/kart.no\/en\/produkt\/southern-peloponnisos-imray-g15\/","url":"https:\/\/kart.no\/en\/produkt\/southern-peloponnisos-imray-g15\/","name":"Southern Peloponnisos - Imray G15 | Overview map Peloponnese","isPartOf":{"@id":"https:\/\/kart.no\/en\/#website"},"primaryImageOfPage":{"@id":"https:\/\/kart.no\/en\/produkt\/southern-peloponnisos-imray-g15\/#primaryimage"},"image":{"@id":"https:\/\/kart.no\/en\/produkt\/southern-peloponnisos-imray-g15\/#primaryimage"},"thumbnailUrl":"https:\/\/kart.no\/wp-content\/uploads\/2026\/01\/imray-g15-southern-peloponnisos.jpg","datePublished":"2026-01-11T20:10:46+00:00","description":"Overview map from Imray covering the southern Peloponnese from Kalamata via Cape M\u00e1leas to K\u00edthira. Ideal for route and passage planning.","breadcrumb":{"@id":"https:\/\/kart.no\/en\/produkt\/southern-peloponnisos-imray-g15\/#breadcrumb"},"inLanguage":"en-US","potentialAction":[{"@type":"ReadAction","target":["https:\/\/kart.no\/en\/produkt\/southern-peloponnisos-imray-g15\/"]}]},{"@type":"ImageObject","inLanguage":"en-US","@id":"https:\/\/kart.no\/en\/produkt\/southern-peloponnisos-imray-g15\/#primaryimage","url":"https:\/\/kart.no\/wp-content\/uploads\/2026\/01\/imray-g15-southern-peloponnisos.jpg","contentUrl":"https:\/\/kart.no\/wp-content\/uploads\/2026\/01\/imray-g15-southern-peloponnisos.jpg","width":780,"height":780,"caption":"Overview map from Imray covering the southern Peloponnese, including Kalamata, Mani Peninsula, Cape M\u00e1leas and K\u00edthira, with important sailing routes."},{"@type":"BreadcrumbList","@id":"https:\/\/kart.no\/en\/produkt\/southern-peloponnisos-imray-g15\/#breadcrumb","itemListElement":[{"@type":"ListItem","position":1,"name":"Hjem","item":"https:\/\/kart.no\/en\/"},{"@type":"ListItem","position":2,"name":"Shop","item":"https:\/\/kart.no\/en\/shop\/"},{"@type":"ListItem","position":3,"name":"Southern Peloponnisos &#8211; Imray G15"}]},{"@type":"WebSite","@id":"https:\/\/kart.no\/en\/#website","url":"https:\/\/kart.no\/en\/","name":"Kart.no","description":"Nordic expertise in maps and navigation","publisher":{"@id":"https:\/\/kart.no\/en\/#organization"},"potentialAction":[{"@type":"SearchAction","target":{"@type":"EntryPoint","urlTemplate":"https:\/\/kart.no\/en\/?s={search_term_string}"},"query-input":{"@type":"PropertyValueSpecification","valueRequired":true,"valueName":"search_term_string"}}],"inLanguage":"en-US"},{"@type":"Organization","@id":"https:\/\/kart.no\/en\/#organization","name":"Kart.no","url":"https:\/\/kart.no\/en\/","logo":{"@type":"ImageObject","inLanguage":"en-US","@id":"https:\/\/kart.no\/en\/#\/schema\/logo\/image\/","url":"https:\/\/kart.no\/wp-content\/uploads\/2023\/10\/kart.no-logo.png","contentUrl":"https:\/\/kart.no\/wp-content\/uploads\/2023\/10\/kart.no-logo.png","width":784,"height":312,"caption":"Kart.no"},"image":{"@id":"https:\/\/kart.no\/en\/#\/schema\/logo\/image\/"},"sameAs":["https:\/\/www.facebook.com\/kart.no","https:\/\/www.instagram.com\/_kart.no\/"]}]}},"uagb_featured_image_src":{"full":["https:\/\/kart.no\/wp-content\/uploads\/2026\/01\/imray-g15-southern-peloponnisos.jpg",780,780,false],"thumbnail":["https:\/\/kart.no\/wp-content\/uploads\/2026\/01\/imray-g15-southern-peloponnisos-150x150.jpg",150,150,true],"medium":["https:\/\/kart.no\/wp-content\/uploads\/2026\/01\/imray-g15-southern-peloponnisos-300x300.jpg",300,300,true],"medium_large":["https:\/\/kart.no\/wp-content\/uploads\/2026\/01\/imray-g15-southern-peloponnisos-768x768.jpg",768,768,true],"large":["https:\/\/kart.no\/wp-content\/uploads\/2026\/01\/imray-g15-southern-peloponnisos.jpg",780,780,false],"1536x1536":["https:\/\/kart.no\/wp-content\/uploads\/2026\/01\/imray-g15-southern-peloponnisos.jpg",780,780,false],"2048x2048":["https:\/\/kart.no\/wp-content\/uploads\/2026\/01\/imray-g15-southern-peloponnisos.jpg",780,780,false],"woocommerce_thumbnail":["https:\/\/kart.no\/wp-content\/uploads\/2026\/01\/imray-g15-southern-peloponnisos-300x300.jpg",300,300,true],"woocommerce_single":["https:\/\/kart.no\/wp-content\/uploads\/2026\/01\/imray-g15-southern-peloponnisos-600x600.jpg",600,600,true],"woocommerce_gallery_thumbnail":["https:\/\/kart.no\/wp-content\/uploads\/2026\/01\/imray-g15-southern-peloponnisos-100x100.jpg",100,100,true],"dgwt-wcas-product-suggestion":["https:\/\/kart.no\/wp-content\/uploads\/2026\/01\/imray-g15-southern-peloponnisos-64x64.jpg",64,64,true]},"uagb_author_info":{"display_name":"Steinar Figved","author_link":"https:\/\/kart.no\/en\/author\/"},"uagb_comment_info":0,"uagb_excerpt":"Overview map covering southern parts of the Peloponnese from Kalamata via Cape M\u00e1leas to K\u00edthira. Suitable for route and passage planning.","_links":{"self":[{"href":"https:\/\/kart.no\/en\/wp-json\/wp\/v2\/product\/52591","targetHints":{"allow":["GET"]}}],"collection":[{"href":"https:\/\/kart.no\/en\/wp-json\/wp\/v2\/product"}],"about":[{"href":"https:\/\/kart.no\/en\/wp-json\/wp\/v2\/types\/product"}],"replies":[{"embeddable":true,"href":"https:\/\/kart.no\/en\/wp-json\/wp\/v2\/comments?post=52591"}],"wp:featuredmedia":[{"embeddable":true,"href":"https:\/\/kart.no\/en\/wp-json\/wp\/v2\/media\/38161"}],"wp:attachment":[{"href":"https:\/\/kart.no\/en\/wp-json\/wp\/v2\/media?parent=52591"}],"wp:term":[{"taxonomy":"product_brand","embeddable":true,"href":"https:\/\/kart.no\/en\/wp-json\/wp\/v2\/product_brand?post=52591"},{"taxonomy":"product_cat","embeddable":true,"href":"https:\/\/kart.no\/en\/wp-json\/wp\/v2\/product_cat?post=52591"},{"taxonomy":"product_tag","embeddable":true,"href":"https:\/\/kart.no\/en\/wp-json\/wp\/v2\/product_tag?post=52591"}],"curies":[{"name":"wp","href":"https:\/\/api.w.org\/{rel}","templated":true}]}}