{"id":53287,"date":"2023-11-19T21:02:25","date_gmt":"2023-11-19T20:02:25","guid":{"rendered":"https:\/\/kart.no\/produkt\/galdhopiggen-glittertinden-topo-750-turkart\/"},"modified":"2023-11-19T21:02:25","modified_gmt":"2023-11-19T20:02:25","slug":"galdhopiggen-glittertinden-topo-750-turkart","status":"publish","type":"product","link":"https:\/\/kart.no\/en\/produkt\/galdhopiggen-glittertinden-topo-750-turkart\/","title":{"rendered":"Galdh\u00f8piggen &#8211; Glittertinden Topo 750 Turkart"},"content":{"rendered":"<p><strong>This map of Galdh\u00f8piggen &#8211; Glittertinden Topo 750 Turkart<\/strong> is produced by Nordic Maps (formerly Nordeca) for practical use in travel and planning.<\/p>\n<p>Both series contain map data from the Swedish Mapping Authority and are printed on <strong>durable and water-resistant plastic fiber<\/strong>. The map is printed at a scale of <strong>1:25,000<\/strong> and has <strong>maps on both sides<\/strong> of the map sheet. <\/p>\n<p>Topo 750 is a topographic map series with a high degree of detail, based on map data from the Norwegian Mapping Authority. The maps cover popular hiking areas and provide an excellent overview of the terrain, trails and details that are important when traveling in the mountains and nearby areas. <\/p>\n<p>The higher scale makes the map particularly suitable for trips where precise navigation and detailed terrain understanding are important.<\/p>\n<p>The map was published in <strong>2021<\/strong>. Although some details may have changed since publication, the map still provides a very good and reliable basis for trip planning and navigation. <\/p>\n<p>The map covers places such as Spiterstulen, Hammarstulen, Raudbergstuls\u00e6tren, Visdalss\u00e6tren, Sl\u00e5ligrende, Galdbygde, Uppigard, Runningsgrende and Neto.<\/p>\n","protected":false},"excerpt":{"rendered":"<p>Detailed topographic hiking map of Galdh\u00f8piggen &#8211; Glittertinden Topo 750 Turkart, from Nordic Maps (formerly Nordeca). Topo 750 provides an extra level of detail and is well suited for close hikes and demanding traffic. <\/p>\n","protected":false},"featured_media":53288,"comment_status":"closed","ping_status":"closed","template":"","meta":{"_uag_custom_page_level_css":""},"product_brand":[1366],"product_cat":[1026],"product_tag":[],"class_list":{"0":"post-53287","1":"product","2":"type-product","3":"status-publish","4":"has-post-thumbnail","6":"product_brand-nordic-maps","7":"product_cat-norway-hiking-maps","8":"product_shipping_class-postkasse","9":"pa_fylke-innlandet","10":"pa_fylke-vestland","11":"pa_kartserie-topo-3000","12":"pa_produsent-nordic-maps-2","14":"first","15":"instock","16":"taxable","17":"shipping-taxable","18":"purchasable","19":"product-type-simple"},"composite_virtual":false,"composite_layout":"","composite_add_to_cart_form_location":"","composite_editable_in_cart":false,"composite_sold_individually_context":"","composite_shop_price_calc":"","composite_components":[],"composite_scenarios":[],"acf":[],"yoast_head":"<!-- This site is optimized with the Yoast SEO Premium plugin v27.4 (Yoast SEO v27.4) - https:\/\/yoast.com\/product\/yoast-seo-premium-wordpress\/ -->\n<title>Galdh\u00f8piggen - Glittertinden Topo 750 Turkart Topo 750 1:25 000 | Detailed hiking map<\/title>\n<meta name=\"description\" content=\"Detailed topographic hiking map in scale 1:25 000 from Nordic Maps. Topo 750 provides a high level of detail for demanding travel and close hikes.\" \/>\n<meta name=\"robots\" content=\"index, follow, max-snippet:-1, max-image-preview:large, max-video-preview:-1\" \/>\n<link rel=\"canonical\" href=\"https:\/\/kart.no\/en\/produkt\/galdhopiggen-glittertinden-topo-750-turkart\/\" \/>\n<meta property=\"og:locale\" content=\"en_US\" \/>\n<meta property=\"og:type\" content=\"article\" \/>\n<meta property=\"og:title\" content=\"Galdh\u00f8piggen - Glittertinden Topo 750 Turkart\" \/>\n<meta property=\"og:description\" content=\"Detailed topographic hiking map in scale 1:25 000 from Nordic Maps. Topo 750 provides a high level of detail for demanding travel and close hikes.\" \/>\n<meta property=\"og:url\" content=\"https:\/\/kart.no\/en\/produkt\/galdhopiggen-glittertinden-topo-750-turkart\/\" \/>\n<meta property=\"og:site_name\" content=\"Kart.no\" \/>\n<meta property=\"article:publisher\" content=\"https:\/\/www.facebook.com\/kart.no\" \/>\n<meta property=\"og:image\" content=\"https:\/\/kart.no\/wp-content\/uploads\/2023\/11\/3752_a.jpg\" \/>\n\t<meta property=\"og:image:width\" content=\"1200\" \/>\n\t<meta property=\"og:image:height\" content=\"1200\" \/>\n\t<meta property=\"og:image:type\" content=\"image\/jpeg\" \/>\n<meta name=\"twitter:card\" content=\"summary_large_image\" \/>\n<meta name=\"twitter:label1\" content=\"Est. reading time\" \/>\n\t<meta name=\"twitter:data1\" content=\"1 minute\" \/>\n<script type=\"application\/ld+json\" class=\"yoast-schema-graph\">{\"@context\":\"https:\\\/\\\/schema.org\",\"@graph\":[{\"@type\":\"WebPage\",\"@id\":\"https:\\\/\\\/kart.no\\\/en\\\/produkt\\\/galdhopiggen-glittertinden-topo-750-turkart\\\/\",\"url\":\"https:\\\/\\\/kart.no\\\/en\\\/produkt\\\/galdhopiggen-glittertinden-topo-750-turkart\\\/\",\"name\":\"Galdh\u00f8piggen - Glittertinden Topo 750 Turkart Topo 750 1:25 000 | Detailed hiking map\",\"isPartOf\":{\"@id\":\"https:\\\/\\\/kart.no\\\/en\\\/#website\"},\"primaryImageOfPage\":{\"@id\":\"https:\\\/\\\/kart.no\\\/en\\\/produkt\\\/galdhopiggen-glittertinden-topo-750-turkart\\\/#primaryimage\"},\"image\":{\"@id\":\"https:\\\/\\\/kart.no\\\/en\\\/produkt\\\/galdhopiggen-glittertinden-topo-750-turkart\\\/#primaryimage\"},\"thumbnailUrl\":\"https:\\\/\\\/kart.no\\\/wp-content\\\/uploads\\\/2023\\\/11\\\/3752_a.jpg\",\"datePublished\":\"2023-11-19T20:02:25+00:00\",\"description\":\"Detailed topographic hiking map in scale 1:25 000 from Nordic Maps. Topo 750 provides a high level of detail for demanding travel and close hikes.\",\"breadcrumb\":{\"@id\":\"https:\\\/\\\/kart.no\\\/en\\\/produkt\\\/galdhopiggen-glittertinden-topo-750-turkart\\\/#breadcrumb\"},\"inLanguage\":\"en-US\",\"potentialAction\":[{\"@type\":\"ReadAction\",\"target\":[\"https:\\\/\\\/kart.no\\\/en\\\/produkt\\\/galdhopiggen-glittertinden-topo-750-turkart\\\/\"]}]},{\"@type\":\"ImageObject\",\"inLanguage\":\"en-US\",\"@id\":\"https:\\\/\\\/kart.no\\\/en\\\/produkt\\\/galdhopiggen-glittertinden-topo-750-turkart\\\/#primaryimage\",\"url\":\"https:\\\/\\\/kart.no\\\/wp-content\\\/uploads\\\/2023\\\/11\\\/3752_a.jpg\",\"contentUrl\":\"https:\\\/\\\/kart.no\\\/wp-content\\\/uploads\\\/2023\\\/11\\\/3752_a.jpg\",\"width\":1200,\"height\":1200,\"caption\":\"Product photo of Galdh\u00f8piggen - Glittertinden Topo 750 Turkart, a detailed hiking map adapted for planning and use in the field.\"},{\"@type\":\"BreadcrumbList\",\"@id\":\"https:\\\/\\\/kart.no\\\/en\\\/produkt\\\/galdhopiggen-glittertinden-topo-750-turkart\\\/#breadcrumb\",\"itemListElement\":[{\"@type\":\"ListItem\",\"position\":1,\"name\":\"Hjem\",\"item\":\"https:\\\/\\\/kart.no\\\/en\\\/\"},{\"@type\":\"ListItem\",\"position\":2,\"name\":\"Shop\",\"item\":\"https:\\\/\\\/kart.no\\\/en\\\/shop\\\/\"},{\"@type\":\"ListItem\",\"position\":3,\"name\":\"Outdoor &amp; Hiking\",\"item\":\"https:\\\/\\\/kart.no\\\/en\\\/product-category\\\/outdoor-hiking\\\/\"},{\"@type\":\"ListItem\",\"position\":4,\"name\":\"Hiking Maps\",\"item\":\"https:\\\/\\\/kart.no\\\/en\\\/product-category\\\/outdoor-hiking\\\/hiking-maps\\\/\"},{\"@type\":\"ListItem\",\"position\":5,\"name\":\"Hiking Maps \u2013 Norway\",\"item\":\"https:\\\/\\\/kart.no\\\/en\\\/product-category\\\/outdoor-hiking\\\/hiking-maps\\\/norway-hiking-maps\\\/\"},{\"@type\":\"ListItem\",\"position\":6,\"name\":\"Galdh\u00f8piggen &#8211; Glittertinden Topo 750 Turkart\"}]},{\"@type\":\"WebSite\",\"@id\":\"https:\\\/\\\/kart.no\\\/en\\\/#website\",\"url\":\"https:\\\/\\\/kart.no\\\/en\\\/\",\"name\":\"Kart.no\",\"description\":\"Nordic expertise in maps and navigation\",\"publisher\":{\"@id\":\"https:\\\/\\\/kart.no\\\/en\\\/#organization\"},\"potentialAction\":[{\"@type\":\"SearchAction\",\"target\":{\"@type\":\"EntryPoint\",\"urlTemplate\":\"https:\\\/\\\/kart.no\\\/en\\\/?s={search_term_string}\"},\"query-input\":{\"@type\":\"PropertyValueSpecification\",\"valueRequired\":true,\"valueName\":\"search_term_string\"}}],\"inLanguage\":\"en-US\"},{\"@type\":\"Organization\",\"@id\":\"https:\\\/\\\/kart.no\\\/en\\\/#organization\",\"name\":\"Kart.no\",\"url\":\"https:\\\/\\\/kart.no\\\/en\\\/\",\"logo\":{\"@type\":\"ImageObject\",\"inLanguage\":\"en-US\",\"@id\":\"https:\\\/\\\/kart.no\\\/en\\\/#\\\/schema\\\/logo\\\/image\\\/\",\"url\":\"https:\\\/\\\/kart.no\\\/wp-content\\\/uploads\\\/2023\\\/10\\\/kart.no-logo.png\",\"contentUrl\":\"https:\\\/\\\/kart.no\\\/wp-content\\\/uploads\\\/2023\\\/10\\\/kart.no-logo.png\",\"width\":784,\"height\":312,\"caption\":\"Kart.no\"},\"image\":{\"@id\":\"https:\\\/\\\/kart.no\\\/en\\\/#\\\/schema\\\/logo\\\/image\\\/\"},\"sameAs\":[\"https:\\\/\\\/www.facebook.com\\\/kart.no\",\"https:\\\/\\\/www.instagram.com\\\/_kart.no\\\/\"]}]}<\/script>\n<!-- \/ Yoast SEO Premium plugin. -->","yoast_head_json":{"title":"Galdh\u00f8piggen - Glittertinden Topo 750 Turkart Topo 750 1:25 000 | Detailed hiking map","description":"Detailed topographic hiking map in scale 1:25 000 from Nordic Maps. Topo 750 provides a high level of detail for demanding travel and close hikes.","robots":{"index":"index","follow":"follow","max-snippet":"max-snippet:-1","max-image-preview":"max-image-preview:large","max-video-preview":"max-video-preview:-1"},"canonical":"https:\/\/kart.no\/en\/produkt\/galdhopiggen-glittertinden-topo-750-turkart\/","og_locale":"en_US","og_type":"article","og_title":"Galdh\u00f8piggen - Glittertinden Topo 750 Turkart","og_description":"Detailed topographic hiking map in scale 1:25 000 from Nordic Maps. Topo 750 provides a high level of detail for demanding travel and close hikes.","og_url":"https:\/\/kart.no\/en\/produkt\/galdhopiggen-glittertinden-topo-750-turkart\/","og_site_name":"Kart.no","article_publisher":"https:\/\/www.facebook.com\/kart.no","og_image":[{"width":1200,"height":1200,"url":"https:\/\/kart.no\/wp-content\/uploads\/2023\/11\/3752_a.jpg","type":"image\/jpeg"}],"twitter_card":"summary_large_image","twitter_misc":{"Est. reading time":"1 minute"},"schema":{"@context":"https:\/\/schema.org","@graph":[{"@type":"WebPage","@id":"https:\/\/kart.no\/en\/produkt\/galdhopiggen-glittertinden-topo-750-turkart\/","url":"https:\/\/kart.no\/en\/produkt\/galdhopiggen-glittertinden-topo-750-turkart\/","name":"Galdh\u00f8piggen - Glittertinden Topo 750 Turkart Topo 750 1:25 000 | Detailed hiking map","isPartOf":{"@id":"https:\/\/kart.no\/en\/#website"},"primaryImageOfPage":{"@id":"https:\/\/kart.no\/en\/produkt\/galdhopiggen-glittertinden-topo-750-turkart\/#primaryimage"},"image":{"@id":"https:\/\/kart.no\/en\/produkt\/galdhopiggen-glittertinden-topo-750-turkart\/#primaryimage"},"thumbnailUrl":"https:\/\/kart.no\/wp-content\/uploads\/2023\/11\/3752_a.jpg","datePublished":"2023-11-19T20:02:25+00:00","description":"Detailed topographic hiking map in scale 1:25 000 from Nordic Maps. Topo 750 provides a high level of detail for demanding travel and close hikes.","breadcrumb":{"@id":"https:\/\/kart.no\/en\/produkt\/galdhopiggen-glittertinden-topo-750-turkart\/#breadcrumb"},"inLanguage":"en-US","potentialAction":[{"@type":"ReadAction","target":["https:\/\/kart.no\/en\/produkt\/galdhopiggen-glittertinden-topo-750-turkart\/"]}]},{"@type":"ImageObject","inLanguage":"en-US","@id":"https:\/\/kart.no\/en\/produkt\/galdhopiggen-glittertinden-topo-750-turkart\/#primaryimage","url":"https:\/\/kart.no\/wp-content\/uploads\/2023\/11\/3752_a.jpg","contentUrl":"https:\/\/kart.no\/wp-content\/uploads\/2023\/11\/3752_a.jpg","width":1200,"height":1200,"caption":"Product photo of Galdh\u00f8piggen - Glittertinden Topo 750 Turkart, a detailed hiking map adapted for planning and use in the field."},{"@type":"BreadcrumbList","@id":"https:\/\/kart.no\/en\/produkt\/galdhopiggen-glittertinden-topo-750-turkart\/#breadcrumb","itemListElement":[{"@type":"ListItem","position":1,"name":"Hjem","item":"https:\/\/kart.no\/en\/"},{"@type":"ListItem","position":2,"name":"Shop","item":"https:\/\/kart.no\/en\/shop\/"},{"@type":"ListItem","position":3,"name":"Outdoor &amp; Hiking","item":"https:\/\/kart.no\/en\/product-category\/outdoor-hiking\/"},{"@type":"ListItem","position":4,"name":"Hiking Maps","item":"https:\/\/kart.no\/en\/product-category\/outdoor-hiking\/hiking-maps\/"},{"@type":"ListItem","position":5,"name":"Hiking Maps \u2013 Norway","item":"https:\/\/kart.no\/en\/product-category\/outdoor-hiking\/hiking-maps\/norway-hiking-maps\/"},{"@type":"ListItem","position":6,"name":"Galdh\u00f8piggen &#8211; Glittertinden Topo 750 Turkart"}]},{"@type":"WebSite","@id":"https:\/\/kart.no\/en\/#website","url":"https:\/\/kart.no\/en\/","name":"Kart.no","description":"Nordic expertise in maps and navigation","publisher":{"@id":"https:\/\/kart.no\/en\/#organization"},"potentialAction":[{"@type":"SearchAction","target":{"@type":"EntryPoint","urlTemplate":"https:\/\/kart.no\/en\/?s={search_term_string}"},"query-input":{"@type":"PropertyValueSpecification","valueRequired":true,"valueName":"search_term_string"}}],"inLanguage":"en-US"},{"@type":"Organization","@id":"https:\/\/kart.no\/en\/#organization","name":"Kart.no","url":"https:\/\/kart.no\/en\/","logo":{"@type":"ImageObject","inLanguage":"en-US","@id":"https:\/\/kart.no\/en\/#\/schema\/logo\/image\/","url":"https:\/\/kart.no\/wp-content\/uploads\/2023\/10\/kart.no-logo.png","contentUrl":"https:\/\/kart.no\/wp-content\/uploads\/2023\/10\/kart.no-logo.png","width":784,"height":312,"caption":"Kart.no"},"image":{"@id":"https:\/\/kart.no\/en\/#\/schema\/logo\/image\/"},"sameAs":["https:\/\/www.facebook.com\/kart.no","https:\/\/www.instagram.com\/_kart.no\/"]}]}},"uagb_featured_image_src":{"full":["https:\/\/kart.no\/wp-content\/uploads\/2023\/11\/3752_a.jpg",1200,1200,false],"thumbnail":["https:\/\/kart.no\/wp-content\/uploads\/2023\/11\/3752_a-150x150.jpg",150,150,true],"medium":["https:\/\/kart.no\/wp-content\/uploads\/2023\/11\/3752_a-300x300.jpg",300,300,true],"medium_large":["https:\/\/kart.no\/wp-content\/uploads\/2023\/11\/3752_a-768x768.jpg",768,768,true],"large":["https:\/\/kart.no\/wp-content\/uploads\/2023\/11\/3752_a-1024x1024.jpg",1024,1024,true],"1536x1536":["https:\/\/kart.no\/wp-content\/uploads\/2023\/11\/3752_a.jpg",1200,1200,false],"2048x2048":["https:\/\/kart.no\/wp-content\/uploads\/2023\/11\/3752_a.jpg",1200,1200,false],"woocommerce_thumbnail":["https:\/\/kart.no\/wp-content\/uploads\/2023\/11\/3752_a-300x300.jpg",300,300,true],"woocommerce_single":["https:\/\/kart.no\/wp-content\/uploads\/2023\/11\/3752_a-600x600.jpg",600,600,true],"woocommerce_gallery_thumbnail":["https:\/\/kart.no\/wp-content\/uploads\/2023\/11\/3752_a-100x100.jpg",100,100,true],"dgwt-wcas-product-suggestion":["https:\/\/kart.no\/wp-content\/uploads\/2023\/11\/3752_a-64x64.jpg",64,64,true]},"uagb_author_info":{"display_name":"maksimer","author_link":"https:\/\/kart.no\/en\/author\/"},"uagb_comment_info":0,"uagb_excerpt":"Detailed topographic hiking map of Galdh\u00f8piggen - Glittertinden Topo 750 Turkart, from Nordic Maps (formerly Nordeca). Topo 750 provides an extra level of detail and is well suited for close hikes and demanding traffic.","_links":{"self":[{"href":"https:\/\/kart.no\/en\/wp-json\/wp\/v2\/product\/53287","targetHints":{"allow":["GET"]}}],"collection":[{"href":"https:\/\/kart.no\/en\/wp-json\/wp\/v2\/product"}],"about":[{"href":"https:\/\/kart.no\/en\/wp-json\/wp\/v2\/types\/product"}],"replies":[{"embeddable":true,"href":"https:\/\/kart.no\/en\/wp-json\/wp\/v2\/comments?post=53287"}],"wp:featuredmedia":[{"embeddable":true,"href":"https:\/\/kart.no\/en\/wp-json\/wp\/v2\/media\/53288"}],"wp:attachment":[{"href":"https:\/\/kart.no\/en\/wp-json\/wp\/v2\/media?parent=53287"}],"wp:term":[{"taxonomy":"product_brand","embeddable":true,"href":"https:\/\/kart.no\/en\/wp-json\/wp\/v2\/product_brand?post=53287"},{"taxonomy":"product_cat","embeddable":true,"href":"https:\/\/kart.no\/en\/wp-json\/wp\/v2\/product_cat?post=53287"},{"taxonomy":"product_tag","embeddable":true,"href":"https:\/\/kart.no\/en\/wp-json\/wp\/v2\/product_tag?post=53287"}],"curies":[{"name":"wp","href":"https:\/\/api.w.org\/{rel}","templated":true}]}}