{"id":53462,"date":"2026-01-26T00:52:02","date_gmt":"2026-01-25T23:52:02","guid":{"rendered":"https:\/\/kart.no\/produkt\/long-sides-in-bohuslan\/"},"modified":"2026-01-26T00:52:02","modified_gmt":"2026-01-25T23:52:02","slug":"long-sides-in-bohuslan","status":"publish","type":"product","link":"https:\/\/kart.no\/en\/produkt\/long-sides-in-bohuslan\/","title":{"rendered":"Long sides in Bohusl\u00e4n"},"content":{"rendered":"<p>L\u00e5ngsidor i Bohusl\u00e4n is a practical and specialized sailing guide that presents selected places in Bohusl\u00e4n where it is possible to moor your boat along rocky shores, as illustrated on the cover of the book. The book provides detailed descriptions of places suitable for long-side mooring and contains useful advice and tips on how mooring with the long side against the rock can be done safely and efficiently. The guide is particularly valuable in Bohusl\u00e4n&#8217;s distinctive archipelago, where traditional harbors are not always available or desirable. With its practical focus, the book is an important supplement to ordinary harbor and mooring guides, and gives both sailboat and motorboat drivers greater flexibility and security when choosing a berth.   <\/p>\n","protected":false},"excerpt":{"rendered":"<p>This publication presents places in Bohusl\u00e4n where it is possible to moor on the long side. It also contains advice and tips on mooring with the long side facing the mountain. <\/p>\n","protected":false},"featured_media":40830,"comment_status":"open","ping_status":"closed","template":"","meta":{"_uag_custom_page_level_css":""},"product_brand":[1393],"product_cat":[1068],"product_tag":[],"class_list":{"0":"post-53462","1":"product","2":"type-product","3":"status-publish","4":"has-post-thumbnail","6":"product_brand-svenska-kryssarklubben-vastkustkretsen","7":"product_cat-harbour-guides-and-pilot-books-sweden","8":"product_shipping_class-boxship","9":"pa_produsent-svenska-kryssarklubben-vastkustkretsen","11":"first","12":"instock","13":"taxable","14":"shipping-taxable","15":"purchasable","16":"product-type-simple"},"composite_virtual":false,"composite_layout":"","composite_add_to_cart_form_location":"","composite_editable_in_cart":false,"composite_sold_individually_context":"","composite_shop_price_calc":"","composite_components":[],"composite_scenarios":[],"acf":[],"yoast_head":"<!-- This site is optimized with the Yoast SEO Premium plugin v27.5 (Yoast SEO v27.5) - https:\/\/yoast.com\/product\/yoast-seo-premium-wordpress\/ -->\n<title>Long sides in Bohusl\u00e4n - guide to long side mooring | Kart.no<\/title>\n<meta name=\"description\" content=\"Practical guide to longside mooring in Bohusl\u00e4n. Selected locations and advice for safe mooring against rocks.\" \/>\n<meta name=\"robots\" content=\"index, follow, max-snippet:-1, max-image-preview:large, max-video-preview:-1\" \/>\n<link rel=\"canonical\" href=\"https:\/\/kart.no\/en\/produkt\/long-sides-in-bohuslan\/\" \/>\n<meta property=\"og:locale\" content=\"en_US\" \/>\n<meta property=\"og:type\" content=\"article\" \/>\n<meta property=\"og:title\" content=\"Long sides in Bohusl\u00e4n\" \/>\n<meta property=\"og:description\" content=\"Practical guide to longside mooring in Bohusl\u00e4n. Selected locations and advice for safe mooring against rocks.\" \/>\n<meta property=\"og:url\" content=\"https:\/\/kart.no\/en\/produkt\/long-sides-in-bohuslan\/\" \/>\n<meta property=\"og:site_name\" content=\"Kart.no\" \/>\n<meta property=\"article:publisher\" content=\"https:\/\/www.facebook.com\/kart.no\" \/>\n<meta property=\"og:image\" content=\"https:\/\/kart.no\/wp-content\/uploads\/2026\/01\/langsidor-i-bohuslan-square-white.jpg\" \/>\n\t<meta property=\"og:image:width\" content=\"600\" \/>\n\t<meta property=\"og:image:height\" content=\"600\" \/>\n\t<meta property=\"og:image:type\" content=\"image\/jpeg\" \/>\n<meta name=\"twitter:card\" content=\"summary_large_image\" \/>\n<meta name=\"twitter:label1\" content=\"Est. reading time\" \/>\n\t<meta name=\"twitter:data1\" content=\"1 minute\" \/>\n<script type=\"application\/ld+json\" class=\"yoast-schema-graph\">{\"@context\":\"https:\\\/\\\/schema.org\",\"@graph\":[{\"@type\":\"WebPage\",\"@id\":\"https:\\\/\\\/kart.no\\\/en\\\/produkt\\\/long-sides-in-bohuslan\\\/\",\"url\":\"https:\\\/\\\/kart.no\\\/en\\\/produkt\\\/long-sides-in-bohuslan\\\/\",\"name\":\"Long sides in Bohusl\u00e4n - guide to long side mooring | Kart.no\",\"isPartOf\":{\"@id\":\"https:\\\/\\\/kart.no\\\/en\\\/#website\"},\"primaryImageOfPage\":{\"@id\":\"https:\\\/\\\/kart.no\\\/en\\\/produkt\\\/long-sides-in-bohuslan\\\/#primaryimage\"},\"image\":{\"@id\":\"https:\\\/\\\/kart.no\\\/en\\\/produkt\\\/long-sides-in-bohuslan\\\/#primaryimage\"},\"thumbnailUrl\":\"https:\\\/\\\/kart.no\\\/wp-content\\\/uploads\\\/2026\\\/01\\\/langsidor-i-bohuslan-square-white.jpg\",\"datePublished\":\"2026-01-25T23:52:02+00:00\",\"description\":\"Practical guide to longside mooring in Bohusl\u00e4n. Selected locations and advice for safe mooring against rocks.\",\"breadcrumb\":{\"@id\":\"https:\\\/\\\/kart.no\\\/en\\\/produkt\\\/long-sides-in-bohuslan\\\/#breadcrumb\"},\"inLanguage\":\"en-US\",\"potentialAction\":[{\"@type\":\"ReadAction\",\"target\":[\"https:\\\/\\\/kart.no\\\/en\\\/produkt\\\/long-sides-in-bohuslan\\\/\"]}]},{\"@type\":\"ImageObject\",\"inLanguage\":\"en-US\",\"@id\":\"https:\\\/\\\/kart.no\\\/en\\\/produkt\\\/long-sides-in-bohuslan\\\/#primaryimage\",\"url\":\"https:\\\/\\\/kart.no\\\/wp-content\\\/uploads\\\/2026\\\/01\\\/langsidor-i-bohuslan-square-white.jpg\",\"contentUrl\":\"https:\\\/\\\/kart.no\\\/wp-content\\\/uploads\\\/2026\\\/01\\\/langsidor-i-bohuslan-square-white.jpg\",\"width\":600,\"height\":600,\"caption\":\"Cover of L\u00e5ngsidor i Bohusl\u00e4n, a practical sailing guide for mooring along rocks in the Bohusl\u00e4n archipelago.\"},{\"@type\":\"BreadcrumbList\",\"@id\":\"https:\\\/\\\/kart.no\\\/en\\\/produkt\\\/long-sides-in-bohuslan\\\/#breadcrumb\",\"itemListElement\":[{\"@type\":\"ListItem\",\"position\":1,\"name\":\"Hjem\",\"item\":\"https:\\\/\\\/kart.no\\\/en\\\/\"},{\"@type\":\"ListItem\",\"position\":2,\"name\":\"Shop\",\"item\":\"https:\\\/\\\/kart.no\\\/en\\\/shop\\\/\"},{\"@type\":\"ListItem\",\"position\":3,\"name\":\"Long sides in Bohusl\u00e4n\"}]},{\"@type\":\"WebSite\",\"@id\":\"https:\\\/\\\/kart.no\\\/en\\\/#website\",\"url\":\"https:\\\/\\\/kart.no\\\/en\\\/\",\"name\":\"Kart.no\",\"description\":\"Nordic expertise in maps and navigation\",\"publisher\":{\"@id\":\"https:\\\/\\\/kart.no\\\/en\\\/#organization\"},\"potentialAction\":[{\"@type\":\"SearchAction\",\"target\":{\"@type\":\"EntryPoint\",\"urlTemplate\":\"https:\\\/\\\/kart.no\\\/en\\\/?s={search_term_string}\"},\"query-input\":{\"@type\":\"PropertyValueSpecification\",\"valueRequired\":true,\"valueName\":\"search_term_string\"}}],\"inLanguage\":\"en-US\"},{\"@type\":\"Organization\",\"@id\":\"https:\\\/\\\/kart.no\\\/en\\\/#organization\",\"name\":\"Kart.no\",\"url\":\"https:\\\/\\\/kart.no\\\/en\\\/\",\"logo\":{\"@type\":\"ImageObject\",\"inLanguage\":\"en-US\",\"@id\":\"https:\\\/\\\/kart.no\\\/en\\\/#\\\/schema\\\/logo\\\/image\\\/\",\"url\":\"https:\\\/\\\/kart.no\\\/wp-content\\\/uploads\\\/2023\\\/10\\\/kart.no-logo.png\",\"contentUrl\":\"https:\\\/\\\/kart.no\\\/wp-content\\\/uploads\\\/2023\\\/10\\\/kart.no-logo.png\",\"width\":784,\"height\":312,\"caption\":\"Kart.no\"},\"image\":{\"@id\":\"https:\\\/\\\/kart.no\\\/en\\\/#\\\/schema\\\/logo\\\/image\\\/\"},\"sameAs\":[\"https:\\\/\\\/www.facebook.com\\\/kart.no\",\"https:\\\/\\\/www.instagram.com\\\/_kart.no\\\/\"]}]}<\/script>\n<!-- \/ Yoast SEO Premium plugin. -->","yoast_head_json":{"title":"Long sides in Bohusl\u00e4n - guide to long side mooring | Kart.no","description":"Practical guide to longside mooring in Bohusl\u00e4n. Selected locations and advice for safe mooring against rocks.","robots":{"index":"index","follow":"follow","max-snippet":"max-snippet:-1","max-image-preview":"max-image-preview:large","max-video-preview":"max-video-preview:-1"},"canonical":"https:\/\/kart.no\/en\/produkt\/long-sides-in-bohuslan\/","og_locale":"en_US","og_type":"article","og_title":"Long sides in Bohusl\u00e4n","og_description":"Practical guide to longside mooring in Bohusl\u00e4n. Selected locations and advice for safe mooring against rocks.","og_url":"https:\/\/kart.no\/en\/produkt\/long-sides-in-bohuslan\/","og_site_name":"Kart.no","article_publisher":"https:\/\/www.facebook.com\/kart.no","og_image":[{"width":600,"height":600,"url":"https:\/\/kart.no\/wp-content\/uploads\/2026\/01\/langsidor-i-bohuslan-square-white.jpg","type":"image\/jpeg"}],"twitter_card":"summary_large_image","twitter_misc":{"Est. reading time":"1 minute"},"schema":{"@context":"https:\/\/schema.org","@graph":[{"@type":"WebPage","@id":"https:\/\/kart.no\/en\/produkt\/long-sides-in-bohuslan\/","url":"https:\/\/kart.no\/en\/produkt\/long-sides-in-bohuslan\/","name":"Long sides in Bohusl\u00e4n - guide to long side mooring | Kart.no","isPartOf":{"@id":"https:\/\/kart.no\/en\/#website"},"primaryImageOfPage":{"@id":"https:\/\/kart.no\/en\/produkt\/long-sides-in-bohuslan\/#primaryimage"},"image":{"@id":"https:\/\/kart.no\/en\/produkt\/long-sides-in-bohuslan\/#primaryimage"},"thumbnailUrl":"https:\/\/kart.no\/wp-content\/uploads\/2026\/01\/langsidor-i-bohuslan-square-white.jpg","datePublished":"2026-01-25T23:52:02+00:00","description":"Practical guide to longside mooring in Bohusl\u00e4n. Selected locations and advice for safe mooring against rocks.","breadcrumb":{"@id":"https:\/\/kart.no\/en\/produkt\/long-sides-in-bohuslan\/#breadcrumb"},"inLanguage":"en-US","potentialAction":[{"@type":"ReadAction","target":["https:\/\/kart.no\/en\/produkt\/long-sides-in-bohuslan\/"]}]},{"@type":"ImageObject","inLanguage":"en-US","@id":"https:\/\/kart.no\/en\/produkt\/long-sides-in-bohuslan\/#primaryimage","url":"https:\/\/kart.no\/wp-content\/uploads\/2026\/01\/langsidor-i-bohuslan-square-white.jpg","contentUrl":"https:\/\/kart.no\/wp-content\/uploads\/2026\/01\/langsidor-i-bohuslan-square-white.jpg","width":600,"height":600,"caption":"Cover of L\u00e5ngsidor i Bohusl\u00e4n, a practical sailing guide for mooring along rocks in the Bohusl\u00e4n archipelago."},{"@type":"BreadcrumbList","@id":"https:\/\/kart.no\/en\/produkt\/long-sides-in-bohuslan\/#breadcrumb","itemListElement":[{"@type":"ListItem","position":1,"name":"Hjem","item":"https:\/\/kart.no\/en\/"},{"@type":"ListItem","position":2,"name":"Shop","item":"https:\/\/kart.no\/en\/shop\/"},{"@type":"ListItem","position":3,"name":"Long sides in Bohusl\u00e4n"}]},{"@type":"WebSite","@id":"https:\/\/kart.no\/en\/#website","url":"https:\/\/kart.no\/en\/","name":"Kart.no","description":"Nordic expertise in maps and navigation","publisher":{"@id":"https:\/\/kart.no\/en\/#organization"},"potentialAction":[{"@type":"SearchAction","target":{"@type":"EntryPoint","urlTemplate":"https:\/\/kart.no\/en\/?s={search_term_string}"},"query-input":{"@type":"PropertyValueSpecification","valueRequired":true,"valueName":"search_term_string"}}],"inLanguage":"en-US"},{"@type":"Organization","@id":"https:\/\/kart.no\/en\/#organization","name":"Kart.no","url":"https:\/\/kart.no\/en\/","logo":{"@type":"ImageObject","inLanguage":"en-US","@id":"https:\/\/kart.no\/en\/#\/schema\/logo\/image\/","url":"https:\/\/kart.no\/wp-content\/uploads\/2023\/10\/kart.no-logo.png","contentUrl":"https:\/\/kart.no\/wp-content\/uploads\/2023\/10\/kart.no-logo.png","width":784,"height":312,"caption":"Kart.no"},"image":{"@id":"https:\/\/kart.no\/en\/#\/schema\/logo\/image\/"},"sameAs":["https:\/\/www.facebook.com\/kart.no","https:\/\/www.instagram.com\/_kart.no\/"]}]}},"uagb_featured_image_src":{"full":["https:\/\/kart.no\/wp-content\/uploads\/2026\/01\/langsidor-i-bohuslan-square-white.jpg",600,600,false],"thumbnail":["https:\/\/kart.no\/wp-content\/uploads\/2026\/01\/langsidor-i-bohuslan-square-white-150x150.jpg",150,150,true],"medium":["https:\/\/kart.no\/wp-content\/uploads\/2026\/01\/langsidor-i-bohuslan-square-white-300x300.jpg",300,300,true],"medium_large":["https:\/\/kart.no\/wp-content\/uploads\/2026\/01\/langsidor-i-bohuslan-square-white.jpg",600,600,false],"large":["https:\/\/kart.no\/wp-content\/uploads\/2026\/01\/langsidor-i-bohuslan-square-white.jpg",600,600,false],"1536x1536":["https:\/\/kart.no\/wp-content\/uploads\/2026\/01\/langsidor-i-bohuslan-square-white.jpg",600,600,false],"2048x2048":["https:\/\/kart.no\/wp-content\/uploads\/2026\/01\/langsidor-i-bohuslan-square-white.jpg",600,600,false],"woocommerce_thumbnail":["https:\/\/kart.no\/wp-content\/uploads\/2026\/01\/langsidor-i-bohuslan-square-white-300x300.jpg",300,300,true],"woocommerce_single":["https:\/\/kart.no\/wp-content\/uploads\/2026\/01\/langsidor-i-bohuslan-square-white.jpg",600,600,false],"woocommerce_gallery_thumbnail":["https:\/\/kart.no\/wp-content\/uploads\/2026\/01\/langsidor-i-bohuslan-square-white-100x100.jpg",100,100,true],"dgwt-wcas-product-suggestion":["https:\/\/kart.no\/wp-content\/uploads\/2026\/01\/langsidor-i-bohuslan-square-white-64x64.jpg",64,64,true]},"uagb_author_info":{"display_name":"Steinar Figved","author_link":"https:\/\/kart.no\/en\/author\/"},"uagb_comment_info":0,"uagb_excerpt":"This publication presents places in Bohusl\u00e4n where it is possible to moor on the long side. It also contains advice and tips on mooring with the long side facing the mountain.","_links":{"self":[{"href":"https:\/\/kart.no\/en\/wp-json\/wp\/v2\/product\/53462","targetHints":{"allow":["GET"]}}],"collection":[{"href":"https:\/\/kart.no\/en\/wp-json\/wp\/v2\/product"}],"about":[{"href":"https:\/\/kart.no\/en\/wp-json\/wp\/v2\/types\/product"}],"replies":[{"embeddable":true,"href":"https:\/\/kart.no\/en\/wp-json\/wp\/v2\/comments?post=53462"}],"wp:featuredmedia":[{"embeddable":true,"href":"https:\/\/kart.no\/en\/wp-json\/wp\/v2\/media\/40830"}],"wp:attachment":[{"href":"https:\/\/kart.no\/en\/wp-json\/wp\/v2\/media?parent=53462"}],"wp:term":[{"taxonomy":"product_brand","embeddable":true,"href":"https:\/\/kart.no\/en\/wp-json\/wp\/v2\/product_brand?post=53462"},{"taxonomy":"product_cat","embeddable":true,"href":"https:\/\/kart.no\/en\/wp-json\/wp\/v2\/product_cat?post=53462"},{"taxonomy":"product_tag","embeddable":true,"href":"https:\/\/kart.no\/en\/wp-json\/wp\/v2\/product_tag?post=53462"}],"curies":[{"name":"wp","href":"https:\/\/api.w.org\/{rel}","templated":true}]}}