{"id":53594,"date":"2026-01-26T00:54:45","date_gmt":"2026-01-25T23:54:45","guid":{"rendered":"https:\/\/kart.no\/produkt\/crisis-management-in-the-boat\/"},"modified":"2026-01-26T00:54:45","modified_gmt":"2026-01-25T23:54:45","slug":"crisis-management-in-the-boat","status":"publish","type":"product","link":"https:\/\/kart.no\/en\/produkt\/crisis-management-in-the-boat\/","title":{"rendered":"Crisis management in the boat"},"content":{"rendered":"<p>Crisis Management on the Boat is a practical handbook for boaters who want to be better prepared for accidents and critical situations at sea. Written by Jon Winge, the book covers how to identify, manage and lead through crises on board, whether it&#8217;s fire, man overboard, grounding, leaks, engine problems or injuries. It provides concrete advice on decision-making under stress, prioritizing actions, communicating with crew and emergency services, and using available safety equipment. The book also covers interaction on board, prevention, and how to reduce risk through planning and training. Crisis management in the boat serves both as a reference book on board and as preparatory reading for safer travel at sea.    <\/p>\n","protected":false},"excerpt":{"rendered":"<p>Practical guide to crisis management in boats &#8211; preparedness, decisions and safe handling of emergency situations at sea.<\/p>\n","protected":false},"featured_media":39065,"comment_status":"open","ping_status":"closed","template":"","meta":{"_uag_custom_page_level_css":""},"product_brand":[1416],"product_cat":[1082],"product_tag":[],"class_list":{"0":"post-53594","1":"product","2":"type-product","3":"status-publish","4":"has-post-thumbnail","6":"product_brand-pegasus-forlag","7":"product_cat-navigation-and-seamanship","8":"product_shipping_class-boxship","9":"pa_produsent-pegasus-forlag","11":"first","12":"instock","13":"taxable","14":"shipping-taxable","15":"purchasable","16":"product-type-simple"},"composite_virtual":false,"composite_layout":"","composite_add_to_cart_form_location":"","composite_editable_in_cart":false,"composite_sold_individually_context":"","composite_shop_price_calc":"","composite_components":[],"composite_scenarios":[],"acf":[],"yoast_head":"<!-- This site is optimized with the Yoast SEO Premium plugin v27.4 (Yoast SEO v27.4) - https:\/\/yoast.com\/product\/yoast-seo-premium-wordpress\/ -->\n<title>Crisis management in the boat - safety and preparedness at sea | Kart.no<\/title>\n<meta name=\"description\" content=\"Practical handbook on crisis management in boats. Learn how to handle accidents, emergencies and critical incidents safely.\" \/>\n<meta name=\"robots\" content=\"index, follow, max-snippet:-1, max-image-preview:large, max-video-preview:-1\" \/>\n<link rel=\"canonical\" href=\"https:\/\/kart.no\/en\/produkt\/crisis-management-in-the-boat\/\" \/>\n<meta property=\"og:locale\" content=\"en_US\" \/>\n<meta property=\"og:type\" content=\"article\" \/>\n<meta property=\"og:title\" content=\"Crisis management in the boat\" \/>\n<meta property=\"og:description\" content=\"Practical handbook on crisis management in boats. Learn how to handle accidents, emergencies and critical incidents safely.\" \/>\n<meta property=\"og:url\" content=\"https:\/\/kart.no\/en\/produkt\/crisis-management-in-the-boat\/\" \/>\n<meta property=\"og:site_name\" content=\"Kart.no\" \/>\n<meta property=\"article:publisher\" content=\"https:\/\/www.facebook.com\/kart.no\" \/>\n<meta property=\"og:image\" content=\"https:\/\/kart.no\/wp-content\/uploads\/2026\/01\/krisehandtering-i-baten-pegasus-forlag-9788293954043.jpg\" \/>\n\t<meta property=\"og:image:width\" content=\"1665\" \/>\n\t<meta property=\"og:image:height\" content=\"1665\" \/>\n\t<meta property=\"og:image:type\" content=\"image\/jpeg\" \/>\n<meta name=\"twitter:card\" content=\"summary_large_image\" \/>\n<meta name=\"twitter:label1\" content=\"Est. reading time\" \/>\n\t<meta name=\"twitter:data1\" content=\"1 minute\" \/>\n<script type=\"application\/ld+json\" class=\"yoast-schema-graph\">{\"@context\":\"https:\\\/\\\/schema.org\",\"@graph\":[{\"@type\":\"WebPage\",\"@id\":\"https:\\\/\\\/kart.no\\\/en\\\/produkt\\\/crisis-management-in-the-boat\\\/\",\"url\":\"https:\\\/\\\/kart.no\\\/en\\\/produkt\\\/crisis-management-in-the-boat\\\/\",\"name\":\"Crisis management in the boat - safety and preparedness at sea | Kart.no\",\"isPartOf\":{\"@id\":\"https:\\\/\\\/kart.no\\\/en\\\/#website\"},\"primaryImageOfPage\":{\"@id\":\"https:\\\/\\\/kart.no\\\/en\\\/produkt\\\/crisis-management-in-the-boat\\\/#primaryimage\"},\"image\":{\"@id\":\"https:\\\/\\\/kart.no\\\/en\\\/produkt\\\/crisis-management-in-the-boat\\\/#primaryimage\"},\"thumbnailUrl\":\"https:\\\/\\\/kart.no\\\/wp-content\\\/uploads\\\/2026\\\/01\\\/krisehandtering-i-baten-pegasus-forlag-9788293954043.jpg\",\"datePublished\":\"2026-01-25T23:54:45+00:00\",\"description\":\"Practical handbook on crisis management in boats. Learn how to handle accidents, emergencies and critical incidents safely.\",\"breadcrumb\":{\"@id\":\"https:\\\/\\\/kart.no\\\/en\\\/produkt\\\/crisis-management-in-the-boat\\\/#breadcrumb\"},\"inLanguage\":\"en-US\",\"potentialAction\":[{\"@type\":\"ReadAction\",\"target\":[\"https:\\\/\\\/kart.no\\\/en\\\/produkt\\\/crisis-management-in-the-boat\\\/\"]}]},{\"@type\":\"ImageObject\",\"inLanguage\":\"en-US\",\"@id\":\"https:\\\/\\\/kart.no\\\/en\\\/produkt\\\/crisis-management-in-the-boat\\\/#primaryimage\",\"url\":\"https:\\\/\\\/kart.no\\\/wp-content\\\/uploads\\\/2026\\\/01\\\/krisehandtering-i-baten-pegasus-forlag-9788293954043.jpg\",\"contentUrl\":\"https:\\\/\\\/kart.no\\\/wp-content\\\/uploads\\\/2026\\\/01\\\/krisehandtering-i-baten-pegasus-forlag-9788293954043.jpg\",\"width\":1665,\"height\":1665,\"caption\":\"Cover image for the book Kriseh\u00e5ndtering i b\u00e5ten, en praktisk h\u00e5ndbok om beredskap og sikkerhet til sj\u00f8s.\"},{\"@type\":\"BreadcrumbList\",\"@id\":\"https:\\\/\\\/kart.no\\\/en\\\/produkt\\\/crisis-management-in-the-boat\\\/#breadcrumb\",\"itemListElement\":[{\"@type\":\"ListItem\",\"position\":1,\"name\":\"Hjem\",\"item\":\"https:\\\/\\\/kart.no\\\/en\\\/\"},{\"@type\":\"ListItem\",\"position\":2,\"name\":\"Shop\",\"item\":\"https:\\\/\\\/kart.no\\\/en\\\/shop\\\/\"},{\"@type\":\"ListItem\",\"position\":3,\"name\":\"Crisis management in the boat\"}]},{\"@type\":\"WebSite\",\"@id\":\"https:\\\/\\\/kart.no\\\/en\\\/#website\",\"url\":\"https:\\\/\\\/kart.no\\\/en\\\/\",\"name\":\"Kart.no\",\"description\":\"Nordic expertise in maps and navigation\",\"publisher\":{\"@id\":\"https:\\\/\\\/kart.no\\\/en\\\/#organization\"},\"potentialAction\":[{\"@type\":\"SearchAction\",\"target\":{\"@type\":\"EntryPoint\",\"urlTemplate\":\"https:\\\/\\\/kart.no\\\/en\\\/?s={search_term_string}\"},\"query-input\":{\"@type\":\"PropertyValueSpecification\",\"valueRequired\":true,\"valueName\":\"search_term_string\"}}],\"inLanguage\":\"en-US\"},{\"@type\":\"Organization\",\"@id\":\"https:\\\/\\\/kart.no\\\/en\\\/#organization\",\"name\":\"Kart.no\",\"url\":\"https:\\\/\\\/kart.no\\\/en\\\/\",\"logo\":{\"@type\":\"ImageObject\",\"inLanguage\":\"en-US\",\"@id\":\"https:\\\/\\\/kart.no\\\/en\\\/#\\\/schema\\\/logo\\\/image\\\/\",\"url\":\"https:\\\/\\\/kart.no\\\/wp-content\\\/uploads\\\/2023\\\/10\\\/kart.no-logo.png\",\"contentUrl\":\"https:\\\/\\\/kart.no\\\/wp-content\\\/uploads\\\/2023\\\/10\\\/kart.no-logo.png\",\"width\":784,\"height\":312,\"caption\":\"Kart.no\"},\"image\":{\"@id\":\"https:\\\/\\\/kart.no\\\/en\\\/#\\\/schema\\\/logo\\\/image\\\/\"},\"sameAs\":[\"https:\\\/\\\/www.facebook.com\\\/kart.no\",\"https:\\\/\\\/www.instagram.com\\\/_kart.no\\\/\"]}]}<\/script>\n<!-- \/ Yoast SEO Premium plugin. -->","yoast_head_json":{"title":"Crisis management in the boat - safety and preparedness at sea | Kart.no","description":"Practical handbook on crisis management in boats. Learn how to handle accidents, emergencies and critical incidents safely.","robots":{"index":"index","follow":"follow","max-snippet":"max-snippet:-1","max-image-preview":"max-image-preview:large","max-video-preview":"max-video-preview:-1"},"canonical":"https:\/\/kart.no\/en\/produkt\/crisis-management-in-the-boat\/","og_locale":"en_US","og_type":"article","og_title":"Crisis management in the boat","og_description":"Practical handbook on crisis management in boats. Learn how to handle accidents, emergencies and critical incidents safely.","og_url":"https:\/\/kart.no\/en\/produkt\/crisis-management-in-the-boat\/","og_site_name":"Kart.no","article_publisher":"https:\/\/www.facebook.com\/kart.no","og_image":[{"width":1665,"height":1665,"url":"https:\/\/kart.no\/wp-content\/uploads\/2026\/01\/krisehandtering-i-baten-pegasus-forlag-9788293954043.jpg","type":"image\/jpeg"}],"twitter_card":"summary_large_image","twitter_misc":{"Est. reading time":"1 minute"},"schema":{"@context":"https:\/\/schema.org","@graph":[{"@type":"WebPage","@id":"https:\/\/kart.no\/en\/produkt\/crisis-management-in-the-boat\/","url":"https:\/\/kart.no\/en\/produkt\/crisis-management-in-the-boat\/","name":"Crisis management in the boat - safety and preparedness at sea | Kart.no","isPartOf":{"@id":"https:\/\/kart.no\/en\/#website"},"primaryImageOfPage":{"@id":"https:\/\/kart.no\/en\/produkt\/crisis-management-in-the-boat\/#primaryimage"},"image":{"@id":"https:\/\/kart.no\/en\/produkt\/crisis-management-in-the-boat\/#primaryimage"},"thumbnailUrl":"https:\/\/kart.no\/wp-content\/uploads\/2026\/01\/krisehandtering-i-baten-pegasus-forlag-9788293954043.jpg","datePublished":"2026-01-25T23:54:45+00:00","description":"Practical handbook on crisis management in boats. Learn how to handle accidents, emergencies and critical incidents safely.","breadcrumb":{"@id":"https:\/\/kart.no\/en\/produkt\/crisis-management-in-the-boat\/#breadcrumb"},"inLanguage":"en-US","potentialAction":[{"@type":"ReadAction","target":["https:\/\/kart.no\/en\/produkt\/crisis-management-in-the-boat\/"]}]},{"@type":"ImageObject","inLanguage":"en-US","@id":"https:\/\/kart.no\/en\/produkt\/crisis-management-in-the-boat\/#primaryimage","url":"https:\/\/kart.no\/wp-content\/uploads\/2026\/01\/krisehandtering-i-baten-pegasus-forlag-9788293954043.jpg","contentUrl":"https:\/\/kart.no\/wp-content\/uploads\/2026\/01\/krisehandtering-i-baten-pegasus-forlag-9788293954043.jpg","width":1665,"height":1665,"caption":"Cover image for the book Kriseh\u00e5ndtering i b\u00e5ten, en praktisk h\u00e5ndbok om beredskap og sikkerhet til sj\u00f8s."},{"@type":"BreadcrumbList","@id":"https:\/\/kart.no\/en\/produkt\/crisis-management-in-the-boat\/#breadcrumb","itemListElement":[{"@type":"ListItem","position":1,"name":"Hjem","item":"https:\/\/kart.no\/en\/"},{"@type":"ListItem","position":2,"name":"Shop","item":"https:\/\/kart.no\/en\/shop\/"},{"@type":"ListItem","position":3,"name":"Crisis management in the boat"}]},{"@type":"WebSite","@id":"https:\/\/kart.no\/en\/#website","url":"https:\/\/kart.no\/en\/","name":"Kart.no","description":"Nordic expertise in maps and navigation","publisher":{"@id":"https:\/\/kart.no\/en\/#organization"},"potentialAction":[{"@type":"SearchAction","target":{"@type":"EntryPoint","urlTemplate":"https:\/\/kart.no\/en\/?s={search_term_string}"},"query-input":{"@type":"PropertyValueSpecification","valueRequired":true,"valueName":"search_term_string"}}],"inLanguage":"en-US"},{"@type":"Organization","@id":"https:\/\/kart.no\/en\/#organization","name":"Kart.no","url":"https:\/\/kart.no\/en\/","logo":{"@type":"ImageObject","inLanguage":"en-US","@id":"https:\/\/kart.no\/en\/#\/schema\/logo\/image\/","url":"https:\/\/kart.no\/wp-content\/uploads\/2023\/10\/kart.no-logo.png","contentUrl":"https:\/\/kart.no\/wp-content\/uploads\/2023\/10\/kart.no-logo.png","width":784,"height":312,"caption":"Kart.no"},"image":{"@id":"https:\/\/kart.no\/en\/#\/schema\/logo\/image\/"},"sameAs":["https:\/\/www.facebook.com\/kart.no","https:\/\/www.instagram.com\/_kart.no\/"]}]}},"uagb_featured_image_src":{"full":["https:\/\/kart.no\/wp-content\/uploads\/2026\/01\/krisehandtering-i-baten-pegasus-forlag-9788293954043.jpg",1665,1665,false],"thumbnail":["https:\/\/kart.no\/wp-content\/uploads\/2026\/01\/krisehandtering-i-baten-pegasus-forlag-9788293954043-150x150.jpg",150,150,true],"medium":["https:\/\/kart.no\/wp-content\/uploads\/2026\/01\/krisehandtering-i-baten-pegasus-forlag-9788293954043-300x300.jpg",300,300,true],"medium_large":["https:\/\/kart.no\/wp-content\/uploads\/2026\/01\/krisehandtering-i-baten-pegasus-forlag-9788293954043-768x768.jpg",768,768,true],"large":["https:\/\/kart.no\/wp-content\/uploads\/2026\/01\/krisehandtering-i-baten-pegasus-forlag-9788293954043.jpg",1665,1665,false],"1536x1536":["https:\/\/kart.no\/wp-content\/uploads\/2026\/01\/krisehandtering-i-baten-pegasus-forlag-9788293954043-1536x1536.jpg",1536,1536,true],"2048x2048":["https:\/\/kart.no\/wp-content\/uploads\/2026\/01\/krisehandtering-i-baten-pegasus-forlag-9788293954043.jpg",1665,1665,false],"woocommerce_thumbnail":["https:\/\/kart.no\/wp-content\/uploads\/2026\/01\/krisehandtering-i-baten-pegasus-forlag-9788293954043-300x300.jpg",300,300,true],"woocommerce_single":["https:\/\/kart.no\/wp-content\/uploads\/2026\/01\/krisehandtering-i-baten-pegasus-forlag-9788293954043-600x600.jpg",600,600,true],"woocommerce_gallery_thumbnail":["https:\/\/kart.no\/wp-content\/uploads\/2026\/01\/krisehandtering-i-baten-pegasus-forlag-9788293954043-100x100.jpg",100,100,true],"dgwt-wcas-product-suggestion":["https:\/\/kart.no\/wp-content\/uploads\/2026\/01\/krisehandtering-i-baten-pegasus-forlag-9788293954043-64x64.jpg",64,64,true]},"uagb_author_info":{"display_name":"Steinar Figved","author_link":"https:\/\/kart.no\/en\/author\/"},"uagb_comment_info":0,"uagb_excerpt":"Practical guide to crisis management in boats - preparedness, decisions and safe handling of emergency situations at sea.","_links":{"self":[{"href":"https:\/\/kart.no\/en\/wp-json\/wp\/v2\/product\/53594","targetHints":{"allow":["GET"]}}],"collection":[{"href":"https:\/\/kart.no\/en\/wp-json\/wp\/v2\/product"}],"about":[{"href":"https:\/\/kart.no\/en\/wp-json\/wp\/v2\/types\/product"}],"replies":[{"embeddable":true,"href":"https:\/\/kart.no\/en\/wp-json\/wp\/v2\/comments?post=53594"}],"wp:featuredmedia":[{"embeddable":true,"href":"https:\/\/kart.no\/en\/wp-json\/wp\/v2\/media\/39065"}],"wp:attachment":[{"href":"https:\/\/kart.no\/en\/wp-json\/wp\/v2\/media?parent=53594"}],"wp:term":[{"taxonomy":"product_brand","embeddable":true,"href":"https:\/\/kart.no\/en\/wp-json\/wp\/v2\/product_brand?post=53594"},{"taxonomy":"product_cat","embeddable":true,"href":"https:\/\/kart.no\/en\/wp-json\/wp\/v2\/product_cat?post=53594"},{"taxonomy":"product_tag","embeddable":true,"href":"https:\/\/kart.no\/en\/wp-json\/wp\/v2\/product_tag?post=53594"}],"curies":[{"name":"wp","href":"https:\/\/api.w.org\/{rel}","templated":true}]}}