{"id":54244,"date":"2024-03-14T02:47:51","date_gmt":"2024-03-14T01:47:51","guid":{"rendered":"https:\/\/kart.no\/produkt\/bjornoya-d20\/"},"modified":"2024-03-14T02:47:51","modified_gmt":"2024-03-14T01:47:51","slug":"bjornoya-d20","status":"publish","type":"product","link":"https:\/\/kart.no\/en\/produkt\/bjornoya-d20\/","title":{"rendered":"Bj\u00f8rn\u00f8ya D20"},"content":{"rendered":"<p>Bj\u00f8rn\u00f8ya D20 is a map published by the Norwegian Polar Institute at a scale of 1:50000. The map provides an overview and detailed information about the area. <\/p>\n<p>The map was published in 2008.<\/p>\n<p>The Norwegian Polar Institute is a directorate under the Ministry of Climate and Environment. The Institute&#8217;s activities are focused on environmental management needs in the polar regions. It provides scientific knowledge, surveys and gives professional and strategic advice to Norwegian authorities. The Norwegian Polar Institute is present in the Arctic and Antarctic, operates research stations, conducts expeditions and owns the research vessel &#8220;Kronprins Haakon&#8221;. The institute is the environmental authority for Bouvet\u00f8ya and for Norwegian activities in Antarctica.    <\/p>\n<p>Kart.no is the official retailer of maps from the Norwegian Polar Institute.<\/p>\n","protected":false},"excerpt":{"rendered":"<p>Map in scale 1:50000 from the Norwegian Polar Institute.<\/p>\n","protected":false},"featured_media":10678,"comment_status":"open","ping_status":"closed","template":"","meta":{"_uag_custom_page_level_css":""},"product_brand":[1412],"product_cat":[1172],"product_tag":[],"class_list":{"0":"post-54244","1":"product","2":"type-product","3":"status-publish","4":"has-post-thumbnail","6":"product_brand-norwegian-polar-institute","7":"product_cat-hiking-maps-svalbard-and-antarctica","8":"product_shipping_class-postkasse","9":"pa_produsent-norsk-polarinstitutt","11":"first","12":"instock","13":"taxable","14":"shipping-taxable","15":"purchasable","16":"product-type-simple"},"composite_virtual":false,"composite_layout":"","composite_add_to_cart_form_location":"","composite_editable_in_cart":false,"composite_sold_individually_context":"","composite_shop_price_calc":"","composite_components":[],"composite_scenarios":[],"acf":[],"yoast_head":"<!-- This site is optimized with the Yoast SEO Premium plugin v27.4 (Yoast SEO v27.4) - https:\/\/yoast.com\/product\/yoast-seo-premium-wordpress\/ -->\n<title>Bj\u00f8rn\u00f8ya D20 - Norwegian Polar Institute map<\/title>\n<meta name=\"description\" content=\"Map in scale 1:50000 from the Norwegian Polar Institute.\" \/>\n<meta name=\"robots\" content=\"index, follow, max-snippet:-1, max-image-preview:large, max-video-preview:-1\" \/>\n<link rel=\"canonical\" href=\"https:\/\/kart.no\/en\/produkt\/bjornoya-d20\/\" \/>\n<meta property=\"og:locale\" content=\"en_US\" \/>\n<meta property=\"og:type\" content=\"article\" \/>\n<meta property=\"og:title\" content=\"Bj\u00f8rn\u00f8ya D20\" \/>\n<meta property=\"og:description\" content=\"Map in scale 1:50000 from the Norwegian Polar Institute.\" \/>\n<meta property=\"og:url\" content=\"https:\/\/kart.no\/en\/produkt\/bjornoya-d20\/\" \/>\n<meta property=\"og:site_name\" content=\"Kart.no\" \/>\n<meta property=\"article:publisher\" content=\"https:\/\/www.facebook.com\/kart.no\" \/>\n<meta property=\"og:image\" content=\"https:\/\/kart.no\/wp-content\/uploads\/2024\/03\/Bjornoya-D20.jpg\" \/>\n\t<meta property=\"og:image:width\" content=\"800\" \/>\n\t<meta property=\"og:image:height\" content=\"800\" \/>\n\t<meta property=\"og:image:type\" content=\"image\/jpeg\" \/>\n<meta name=\"twitter:card\" content=\"summary_large_image\" \/>\n<meta name=\"twitter:label1\" content=\"Est. reading time\" \/>\n\t<meta name=\"twitter:data1\" content=\"1 minute\" \/>\n<script type=\"application\/ld+json\" class=\"yoast-schema-graph\">{\"@context\":\"https:\\\/\\\/schema.org\",\"@graph\":[{\"@type\":\"WebPage\",\"@id\":\"https:\\\/\\\/kart.no\\\/en\\\/produkt\\\/bjornoya-d20\\\/\",\"url\":\"https:\\\/\\\/kart.no\\\/en\\\/produkt\\\/bjornoya-d20\\\/\",\"name\":\"Bj\u00f8rn\u00f8ya D20 - Norwegian Polar Institute map\",\"isPartOf\":{\"@id\":\"https:\\\/\\\/kart.no\\\/en\\\/#website\"},\"primaryImageOfPage\":{\"@id\":\"https:\\\/\\\/kart.no\\\/en\\\/produkt\\\/bjornoya-d20\\\/#primaryimage\"},\"image\":{\"@id\":\"https:\\\/\\\/kart.no\\\/en\\\/produkt\\\/bjornoya-d20\\\/#primaryimage\"},\"thumbnailUrl\":\"https:\\\/\\\/kart.no\\\/wp-content\\\/uploads\\\/2024\\\/03\\\/Bjornoya-D20.jpg\",\"datePublished\":\"2024-03-14T01:47:51+00:00\",\"description\":\"Map in scale 1:50000 from the Norwegian Polar Institute.\",\"breadcrumb\":{\"@id\":\"https:\\\/\\\/kart.no\\\/en\\\/produkt\\\/bjornoya-d20\\\/#breadcrumb\"},\"inLanguage\":\"en-US\",\"potentialAction\":[{\"@type\":\"ReadAction\",\"target\":[\"https:\\\/\\\/kart.no\\\/en\\\/produkt\\\/bjornoya-d20\\\/\"]}]},{\"@type\":\"ImageObject\",\"inLanguage\":\"en-US\",\"@id\":\"https:\\\/\\\/kart.no\\\/en\\\/produkt\\\/bjornoya-d20\\\/#primaryimage\",\"url\":\"https:\\\/\\\/kart.no\\\/wp-content\\\/uploads\\\/2024\\\/03\\\/Bjornoya-D20.jpg\",\"contentUrl\":\"https:\\\/\\\/kart.no\\\/wp-content\\\/uploads\\\/2024\\\/03\\\/Bjornoya-D20.jpg\",\"width\":800,\"height\":800},{\"@type\":\"BreadcrumbList\",\"@id\":\"https:\\\/\\\/kart.no\\\/en\\\/produkt\\\/bjornoya-d20\\\/#breadcrumb\",\"itemListElement\":[{\"@type\":\"ListItem\",\"position\":1,\"name\":\"Hjem\",\"item\":\"https:\\\/\\\/kart.no\\\/en\\\/\"},{\"@type\":\"ListItem\",\"position\":2,\"name\":\"Shop\",\"item\":\"https:\\\/\\\/kart.no\\\/en\\\/shop\\\/\"},{\"@type\":\"ListItem\",\"position\":3,\"name\":\"Bj\u00f8rn\u00f8ya D20\"}]},{\"@type\":\"WebSite\",\"@id\":\"https:\\\/\\\/kart.no\\\/en\\\/#website\",\"url\":\"https:\\\/\\\/kart.no\\\/en\\\/\",\"name\":\"Kart.no\",\"description\":\"Nordic expertise in maps and navigation\",\"publisher\":{\"@id\":\"https:\\\/\\\/kart.no\\\/en\\\/#organization\"},\"potentialAction\":[{\"@type\":\"SearchAction\",\"target\":{\"@type\":\"EntryPoint\",\"urlTemplate\":\"https:\\\/\\\/kart.no\\\/en\\\/?s={search_term_string}\"},\"query-input\":{\"@type\":\"PropertyValueSpecification\",\"valueRequired\":true,\"valueName\":\"search_term_string\"}}],\"inLanguage\":\"en-US\"},{\"@type\":\"Organization\",\"@id\":\"https:\\\/\\\/kart.no\\\/en\\\/#organization\",\"name\":\"Kart.no\",\"url\":\"https:\\\/\\\/kart.no\\\/en\\\/\",\"logo\":{\"@type\":\"ImageObject\",\"inLanguage\":\"en-US\",\"@id\":\"https:\\\/\\\/kart.no\\\/en\\\/#\\\/schema\\\/logo\\\/image\\\/\",\"url\":\"https:\\\/\\\/kart.no\\\/wp-content\\\/uploads\\\/2023\\\/10\\\/kart.no-logo.png\",\"contentUrl\":\"https:\\\/\\\/kart.no\\\/wp-content\\\/uploads\\\/2023\\\/10\\\/kart.no-logo.png\",\"width\":784,\"height\":312,\"caption\":\"Kart.no\"},\"image\":{\"@id\":\"https:\\\/\\\/kart.no\\\/en\\\/#\\\/schema\\\/logo\\\/image\\\/\"},\"sameAs\":[\"https:\\\/\\\/www.facebook.com\\\/kart.no\",\"https:\\\/\\\/www.instagram.com\\\/_kart.no\\\/\"]}]}<\/script>\n<!-- \/ Yoast SEO Premium plugin. -->","yoast_head_json":{"title":"Bj\u00f8rn\u00f8ya D20 - Norwegian Polar Institute map","description":"Map in scale 1:50000 from the Norwegian Polar Institute.","robots":{"index":"index","follow":"follow","max-snippet":"max-snippet:-1","max-image-preview":"max-image-preview:large","max-video-preview":"max-video-preview:-1"},"canonical":"https:\/\/kart.no\/en\/produkt\/bjornoya-d20\/","og_locale":"en_US","og_type":"article","og_title":"Bj\u00f8rn\u00f8ya D20","og_description":"Map in scale 1:50000 from the Norwegian Polar Institute.","og_url":"https:\/\/kart.no\/en\/produkt\/bjornoya-d20\/","og_site_name":"Kart.no","article_publisher":"https:\/\/www.facebook.com\/kart.no","og_image":[{"width":800,"height":800,"url":"https:\/\/kart.no\/wp-content\/uploads\/2024\/03\/Bjornoya-D20.jpg","type":"image\/jpeg"}],"twitter_card":"summary_large_image","twitter_misc":{"Est. reading time":"1 minute"},"schema":{"@context":"https:\/\/schema.org","@graph":[{"@type":"WebPage","@id":"https:\/\/kart.no\/en\/produkt\/bjornoya-d20\/","url":"https:\/\/kart.no\/en\/produkt\/bjornoya-d20\/","name":"Bj\u00f8rn\u00f8ya D20 - Norwegian Polar Institute map","isPartOf":{"@id":"https:\/\/kart.no\/en\/#website"},"primaryImageOfPage":{"@id":"https:\/\/kart.no\/en\/produkt\/bjornoya-d20\/#primaryimage"},"image":{"@id":"https:\/\/kart.no\/en\/produkt\/bjornoya-d20\/#primaryimage"},"thumbnailUrl":"https:\/\/kart.no\/wp-content\/uploads\/2024\/03\/Bjornoya-D20.jpg","datePublished":"2024-03-14T01:47:51+00:00","description":"Map in scale 1:50000 from the Norwegian Polar Institute.","breadcrumb":{"@id":"https:\/\/kart.no\/en\/produkt\/bjornoya-d20\/#breadcrumb"},"inLanguage":"en-US","potentialAction":[{"@type":"ReadAction","target":["https:\/\/kart.no\/en\/produkt\/bjornoya-d20\/"]}]},{"@type":"ImageObject","inLanguage":"en-US","@id":"https:\/\/kart.no\/en\/produkt\/bjornoya-d20\/#primaryimage","url":"https:\/\/kart.no\/wp-content\/uploads\/2024\/03\/Bjornoya-D20.jpg","contentUrl":"https:\/\/kart.no\/wp-content\/uploads\/2024\/03\/Bjornoya-D20.jpg","width":800,"height":800},{"@type":"BreadcrumbList","@id":"https:\/\/kart.no\/en\/produkt\/bjornoya-d20\/#breadcrumb","itemListElement":[{"@type":"ListItem","position":1,"name":"Hjem","item":"https:\/\/kart.no\/en\/"},{"@type":"ListItem","position":2,"name":"Shop","item":"https:\/\/kart.no\/en\/shop\/"},{"@type":"ListItem","position":3,"name":"Bj\u00f8rn\u00f8ya D20"}]},{"@type":"WebSite","@id":"https:\/\/kart.no\/en\/#website","url":"https:\/\/kart.no\/en\/","name":"Kart.no","description":"Nordic expertise in maps and navigation","publisher":{"@id":"https:\/\/kart.no\/en\/#organization"},"potentialAction":[{"@type":"SearchAction","target":{"@type":"EntryPoint","urlTemplate":"https:\/\/kart.no\/en\/?s={search_term_string}"},"query-input":{"@type":"PropertyValueSpecification","valueRequired":true,"valueName":"search_term_string"}}],"inLanguage":"en-US"},{"@type":"Organization","@id":"https:\/\/kart.no\/en\/#organization","name":"Kart.no","url":"https:\/\/kart.no\/en\/","logo":{"@type":"ImageObject","inLanguage":"en-US","@id":"https:\/\/kart.no\/en\/#\/schema\/logo\/image\/","url":"https:\/\/kart.no\/wp-content\/uploads\/2023\/10\/kart.no-logo.png","contentUrl":"https:\/\/kart.no\/wp-content\/uploads\/2023\/10\/kart.no-logo.png","width":784,"height":312,"caption":"Kart.no"},"image":{"@id":"https:\/\/kart.no\/en\/#\/schema\/logo\/image\/"},"sameAs":["https:\/\/www.facebook.com\/kart.no","https:\/\/www.instagram.com\/_kart.no\/"]}]}},"uagb_featured_image_src":{"full":["https:\/\/kart.no\/wp-content\/uploads\/2024\/03\/Bjornoya-D20.jpg",800,800,false],"thumbnail":["https:\/\/kart.no\/wp-content\/uploads\/2024\/03\/Bjornoya-D20-150x150.jpg",150,150,true],"medium":["https:\/\/kart.no\/wp-content\/uploads\/2024\/03\/Bjornoya-D20-300x300.jpg",300,300,true],"medium_large":["https:\/\/kart.no\/wp-content\/uploads\/2024\/03\/Bjornoya-D20-768x768.jpg",768,768,true],"large":["https:\/\/kart.no\/wp-content\/uploads\/2024\/03\/Bjornoya-D20.jpg",800,800,false],"1536x1536":["https:\/\/kart.no\/wp-content\/uploads\/2024\/03\/Bjornoya-D20.jpg",800,800,false],"2048x2048":["https:\/\/kart.no\/wp-content\/uploads\/2024\/03\/Bjornoya-D20.jpg",800,800,false],"woocommerce_thumbnail":["https:\/\/kart.no\/wp-content\/uploads\/2024\/03\/Bjornoya-D20-300x300.jpg",300,300,true],"woocommerce_single":["https:\/\/kart.no\/wp-content\/uploads\/2024\/03\/Bjornoya-D20-600x600.jpg",600,600,true],"woocommerce_gallery_thumbnail":["https:\/\/kart.no\/wp-content\/uploads\/2024\/03\/Bjornoya-D20-100x100.jpg",100,100,true],"dgwt-wcas-product-suggestion":["https:\/\/kart.no\/wp-content\/uploads\/2024\/03\/Bjornoya-D20-64x64.jpg",64,64,true]},"uagb_author_info":{"display_name":"Steinar Figved","author_link":"https:\/\/kart.no\/en\/author\/"},"uagb_comment_info":0,"uagb_excerpt":"Map in scale 1:50000 from the Norwegian Polar Institute.","_links":{"self":[{"href":"https:\/\/kart.no\/en\/wp-json\/wp\/v2\/product\/54244","targetHints":{"allow":["GET"]}}],"collection":[{"href":"https:\/\/kart.no\/en\/wp-json\/wp\/v2\/product"}],"about":[{"href":"https:\/\/kart.no\/en\/wp-json\/wp\/v2\/types\/product"}],"replies":[{"embeddable":true,"href":"https:\/\/kart.no\/en\/wp-json\/wp\/v2\/comments?post=54244"}],"wp:featuredmedia":[{"embeddable":true,"href":"https:\/\/kart.no\/en\/wp-json\/wp\/v2\/media\/10678"}],"wp:attachment":[{"href":"https:\/\/kart.no\/en\/wp-json\/wp\/v2\/media?parent=54244"}],"wp:term":[{"taxonomy":"product_brand","embeddable":true,"href":"https:\/\/kart.no\/en\/wp-json\/wp\/v2\/product_brand?post=54244"},{"taxonomy":"product_cat","embeddable":true,"href":"https:\/\/kart.no\/en\/wp-json\/wp\/v2\/product_cat?post=54244"},{"taxonomy":"product_tag","embeddable":true,"href":"https:\/\/kart.no\/en\/wp-json\/wp\/v2\/product_tag?post=54244"}],"curies":[{"name":"wp","href":"https:\/\/api.w.org\/{rel}","templated":true}]}}