{"id":55283,"date":"2025-06-04T00:29:32","date_gmt":"2025-06-03T22:29:32","guid":{"rendered":"https:\/\/kart.no\/produkt\/western-norway\/"},"modified":"2025-06-04T00:29:32","modified_gmt":"2025-06-03T22:29:32","slug":"western-norway","status":"publish","type":"product","link":"https:\/\/kart.no\/en\/produkt\/western-norway\/","title":{"rendered":"Western Norway"},"content":{"rendered":"","protected":false},"excerpt":{"rendered":"<p>Hand-drawn map of parts of Vestland and M\u00f8re og Romsdal. The map covers the area from Har\u00f8yfjorden in the north to \u00d8ygarden in the south, up to and including Sognefjorden and Stryn in the east. The map is delivered in its original size 121.5 x 63.8 cm. Do you want the map in a different size? Just get in touch &#8211; we&#8217;ll be happy to give you a quote for customization.    <\/p>\n","protected":false},"featured_media":15466,"comment_status":"open","ping_status":"closed","template":"","meta":{"_uag_custom_page_level_css":""},"product_brand":[1438],"product_cat":[1178],"product_tag":[],"class_list":{"0":"post-55283","1":"product","2":"type-product","3":"status-publish","4":"has-post-thumbnail","6":"product_brand-kartno","7":"product_cat-historical-maps","8":"pa_fylke-sogn-og-fjordane","9":"pa_produsent-kart-no","11":"first","12":"instock","13":"taxable","14":"shipping-taxable","15":"purchasable","16":"product-type-composite"},"composite_virtual":false,"composite_layout":"single","composite_add_to_cart_form_location":"default","composite_editable_in_cart":false,"composite_sold_individually_context":"product","composite_shop_price_calc":"min_max","composite_components":[{"id":"1707229429","title":"Select material","description":"<div class=\"component-popup\">\n<div class=\"cmp-popup-top\">\n       <a href=\"#\" class=\"close-cmp-popup\">X<\/a>\n   <\/div>\n<div class=\"cmp-popup-inner\">\n<h3>Materials<\/h3>\n<p><span>We use the highest quality materials handpicked by us. Print on map paper is produced on map plotters approved by the Swedish Mapping Authority.  Art prints are produced with 12-color pigment printers with a lifespan of 100-400 years.  <\/span>\n   <\/div>\n<div class=\"cmp-popup-inner\">\n<h4>poster<\/h4>\n<p>Thick paper (245 gsm) with a smooth matte surface. Perfect if you want to mark points or routes on the map with pencil or pen. <\/p>\n<\/div>\n<div class=\"cmp-popup-inner\">\n<h4>Art paper<\/h4>\n<p>Cotton-based rag paper (240 gsm) with exclusive structure. The first choice for framing maps. <\/p>\n<\/p>\n<\/div>\n<\/div>\n","query_type":"category_ids","query_ids":[1214],"default_option_id":"","thumbnail_id":"","thumbnail_src":"","quantity_min":1,"quantity_max":1,"priced_individually":true,"shipped_individually":true,"optional":false,"discount":"","options_style":"thumbnails","pagination_style":"classic","display_prices":"absolute","show_sorting_options":false,"show_filtering_options":false,"attribute_filter_ids":[],"select_action":"view","product_title_visible":true,"product_descr_visible":true,"product_price_visible":true,"product_thumb_visible":true,"subtotal_visible_product":true,"subtotal_visible_cart":true,"subtotal_visible_orders":true},{"id":"1707229430","title":"Select framing","description":"<div class=\"component-popup\">\n<div class=\"cmp-popup-top\">\n       <a href=\"#\" class=\"close-cmp-popup\">X<\/a>\n   <\/div>\n<div class=\"cmp-popup-inner\">\n<h3>Framing<\/h3>\n<p>Historical maps can be framed with or without passe-partout. If you choose a passe-partout for the map, the total size increases. The passepartout is 1.8 mm thick and manufactured by Canson. .\n   <\/p>\n<\/div>\n<\/div>\n","query_type":"category_ids","query_ids":[1212],"default_option_id":"","thumbnail_id":"","thumbnail_src":"","quantity_min":1,"quantity_max":1,"priced_individually":false,"shipped_individually":false,"optional":false,"discount":"","options_style":"thumbnails","pagination_style":"classic","display_prices":"absolute","show_sorting_options":false,"show_filtering_options":false,"attribute_filter_ids":[],"select_action":"view","product_title_visible":true,"product_descr_visible":true,"product_price_visible":true,"product_thumb_visible":true,"subtotal_visible_product":true,"subtotal_visible_cart":true,"subtotal_visible_orders":true},{"id":"1707229431","title":"Choose frame color","description":"<div class=\"component-popup\">\n<div class=\"cmp-popup-top\">\n       <a href=\"#\" class=\"close-cmp-popup\">X<\/a>\n   <\/div>\n<div class=\"cmp-popup-inner\">\n<h4>Frame color<\/h4>\n<p>All maps are framed with frame strips from Italian Rosini Cornice. The size of the frame strips is adapted to the size of the map.  The frame strips are 15 - 50 mm deep and 12 - 20 mm wide. The black, white, oak and walnut frames are made with Scandinavian pine. The Natur frame is made with linden wood.  <\/p>\n<\/div>\n<\/div>\n","query_type":"category_ids","query_ids":[1211],"default_option_id":"","thumbnail_id":"","thumbnail_src":"","quantity_min":1,"quantity_max":1,"priced_individually":true,"shipped_individually":false,"optional":false,"discount":"","options_style":"thumbnails","pagination_style":"classic","display_prices":"absolute","show_sorting_options":false,"show_filtering_options":false,"attribute_filter_ids":[],"select_action":"view","product_title_visible":true,"product_descr_visible":true,"product_price_visible":true,"product_thumb_visible":true,"subtotal_visible_product":true,"subtotal_visible_cart":true,"subtotal_visible_orders":true},{"id":"1707261334","title":"Choose glass","description":"<div class=\"component-popup\">\n<div class=\"cmp-popup-top\">\n       <a href=\"#\" class=\"close-cmp-popup\">X<\/a>\n   <\/div>\n<div class=\"cmp-popup-inner\">\n<h3>Glass<\/h3>\n<dl>\n<dt>Impact-resistant acrylic glass:<\/dt>\n<dd>- 3 mm thick acrylic glass with a durable surface. Protects against UV rays.  Does not crush.<\/dd>\n<dt>Anti-reflective (Artglass UV70):  <\/dt>\n<dd>- Museum-quality art glass with minimal reflections. Protects against UV rays. <\/dd>\n<\/dl>\n<\/div>\n<\/div>\n","query_type":"category_ids","query_ids":[1210],"default_option_id":"","thumbnail_id":"","thumbnail_src":"","quantity_min":1,"quantity_max":1,"priced_individually":true,"shipped_individually":false,"optional":false,"discount":"","options_style":"thumbnails","pagination_style":"classic","display_prices":"absolute","show_sorting_options":false,"show_filtering_options":false,"attribute_filter_ids":[],"select_action":"view","product_title_visible":true,"product_descr_visible":true,"product_price_visible":true,"product_thumb_visible":true,"subtotal_visible_product":true,"subtotal_visible_cart":true,"subtotal_visible_orders":true}],"composite_scenarios":[{"id":"1707230391","name":"When &quot;uten innramming&quot; hide &quot;velg innramming&quot;","description":"","configuration":[{"component_id":"1707229430","options_modifier":"in","component_options":[16359]}],"actions":[{"action_id":"compat_group","is_active":false},{"action_id":"conditional_components","is_active":true,"hidden_components":["1707229431"]},{"action_id":"conditional_options","is_active":false,"hidden_options":[]}],"enabled":true},{"id":"1707230392","name":"When &quot;uten innramming&quot; hide &quot;velg innramming&quot;","description":"","configuration":[{"component_id":"1707229430","options_modifier":"in","component_options":[16360]}],"actions":[{"action_id":"compat_group","is_active":false},{"action_id":"conditional_components","is_active":false,"hidden_components":[]},{"action_id":"conditional_options","is_active":true,"hidden_options":[{"component_id":"1707229431","component_options":[16346,16344,16343,16345,16342],"options_modifier":"not-in"}]}],"enabled":true},{"id":"1707230393","name":"When &quot;innramming med hvitt passepartout&quot; hide all options except  hvitt passepartout","description":"","configuration":[{"component_id":"1707229430","options_modifier":"in","component_options":[16359,16360]}],"actions":[{"action_id":"compat_group","is_active":false},{"action_id":"conditional_components","is_active":false,"hidden_components":[]},{"action_id":"conditional_options","is_active":false,"hidden_options":[]}],"enabled":true},{"id":"1707230394","name":"When &quot;innramming med sort passepartout&quot; hide all options except sort passepartout","description":"","configuration":[{"component_id":"1707229430","options_modifier":"in","component_options":[16359,16360]}],"actions":[{"action_id":"compat_group","is_active":false},{"action_id":"conditional_components","is_active":false,"hidden_components":[]},{"action_id":"conditional_options","is_active":false,"hidden_options":[]}],"enabled":true},{"id":"1707261368","name":"When &quot;uten innramming&quot; hide &quot;velg glass&quot;","description":"","configuration":[{"component_id":"1707229430","options_modifier":"in","component_options":[16359]}],"actions":[{"action_id":"compat_group","is_active":false},{"action_id":"conditional_components","is_active":true,"hidden_components":["1707261334"]},{"action_id":"conditional_options","is_active":false,"hidden_options":[]}],"enabled":true}],"acf":[],"yoast_head":"<!-- This site is optimized with the Yoast SEO Premium plugin v27.2 (Yoast SEO v27.2) - https:\/\/yoast.com\/product\/yoast-seo-premium-wordpress\/ -->\n<title>Western Norway - Kart.no<\/title>\n<meta name=\"robots\" content=\"index, follow, max-snippet:-1, max-image-preview:large, max-video-preview:-1\" \/>\n<link rel=\"canonical\" href=\"https:\/\/kart.no\/en\/produkt\/western-norway\/\" \/>\n<meta property=\"og:locale\" content=\"en_US\" \/>\n<meta property=\"og:type\" content=\"article\" \/>\n<meta property=\"og:title\" content=\"Western Norway\" \/>\n<meta property=\"og:description\" content=\"Hand-drawn map of parts of Vestland and M\u00f8re og Romsdal. The map covers the area from Har\u00f8yfjorden in the north to \u00d8ygarden in the south, up to and including Sognefjorden and Stryn in the east. The map is delivered in its original size 121.5 x 63.8 cm. Do you want the map in a different size? Just get in touch - we&#039;ll be happy to give you a quote for customization.\" \/>\n<meta property=\"og:url\" content=\"https:\/\/kart.no\/en\/produkt\/western-norway\/\" \/>\n<meta property=\"og:site_name\" content=\"Kart.no\" \/>\n<meta property=\"article:publisher\" content=\"https:\/\/www.facebook.com\/kart.no\" \/>\n<meta property=\"og:image\" content=\"https:\/\/kart.no\/wp-content\/uploads\/2025\/06\/2025-6163_norge090_123-2_1750_jpg300dpi.jpg\" \/>\n\t<meta property=\"og:image:width\" content=\"2048\" \/>\n\t<meta property=\"og:image:height\" content=\"2048\" \/>\n\t<meta property=\"og:image:type\" content=\"image\/jpeg\" \/>\n<meta name=\"twitter:card\" content=\"summary_large_image\" \/>\n<script type=\"application\/ld+json\" class=\"yoast-schema-graph\">{\"@context\":\"https:\/\/schema.org\",\"@graph\":[{\"@type\":\"WebPage\",\"@id\":\"https:\/\/kart.no\/en\/produkt\/western-norway\/\",\"url\":\"https:\/\/kart.no\/en\/produkt\/western-norway\/\",\"name\":\"Western Norway - Kart.no\",\"isPartOf\":{\"@id\":\"https:\/\/kart.no\/en\/#website\"},\"primaryImageOfPage\":{\"@id\":\"https:\/\/kart.no\/en\/produkt\/western-norway\/#primaryimage\"},\"image\":{\"@id\":\"https:\/\/kart.no\/en\/produkt\/western-norway\/#primaryimage\"},\"thumbnailUrl\":\"https:\/\/kart.no\/wp-content\/uploads\/2025\/06\/2025-6163_norge090_123-2_1750_jpg300dpi.jpg\",\"datePublished\":\"2025-06-03T22:29:32+00:00\",\"breadcrumb\":{\"@id\":\"https:\/\/kart.no\/en\/produkt\/western-norway\/#breadcrumb\"},\"inLanguage\":\"en-US\",\"potentialAction\":[{\"@type\":\"ReadAction\",\"target\":[\"https:\/\/kart.no\/en\/produkt\/western-norway\/\"]}]},{\"@type\":\"ImageObject\",\"inLanguage\":\"en-US\",\"@id\":\"https:\/\/kart.no\/en\/produkt\/western-norway\/#primaryimage\",\"url\":\"https:\/\/kart.no\/wp-content\/uploads\/2025\/06\/2025-6163_norge090_123-2_1750_jpg300dpi.jpg\",\"contentUrl\":\"https:\/\/kart.no\/wp-content\/uploads\/2025\/06\/2025-6163_norge090_123-2_1750_jpg300dpi.jpg\",\"width\":2048,\"height\":2048},{\"@type\":\"BreadcrumbList\",\"@id\":\"https:\/\/kart.no\/en\/produkt\/western-norway\/#breadcrumb\",\"itemListElement\":[{\"@type\":\"ListItem\",\"position\":1,\"name\":\"Hjem\",\"item\":\"https:\/\/kart.no\/en\/\"},{\"@type\":\"ListItem\",\"position\":2,\"name\":\"Shop\",\"item\":\"https:\/\/kart.no\/en\/shop\/\"},{\"@type\":\"ListItem\",\"position\":3,\"name\":\"Western Norway\"}]},{\"@type\":\"WebSite\",\"@id\":\"https:\/\/kart.no\/en\/#website\",\"url\":\"https:\/\/kart.no\/en\/\",\"name\":\"Kart.no\",\"description\":\"Nordic expertise in maps and navigation\",\"publisher\":{\"@id\":\"https:\/\/kart.no\/en\/#organization\"},\"potentialAction\":[{\"@type\":\"SearchAction\",\"target\":{\"@type\":\"EntryPoint\",\"urlTemplate\":\"https:\/\/kart.no\/en\/?s={search_term_string}\"},\"query-input\":{\"@type\":\"PropertyValueSpecification\",\"valueRequired\":true,\"valueName\":\"search_term_string\"}}],\"inLanguage\":\"en-US\"},{\"@type\":\"Organization\",\"@id\":\"https:\/\/kart.no\/en\/#organization\",\"name\":\"Kart.no\",\"url\":\"https:\/\/kart.no\/en\/\",\"logo\":{\"@type\":\"ImageObject\",\"inLanguage\":\"en-US\",\"@id\":\"https:\/\/kart.no\/en\/#\/schema\/logo\/image\/\",\"url\":\"https:\/\/kart.no\/wp-content\/uploads\/2023\/10\/kart.no-logo.png\",\"contentUrl\":\"https:\/\/kart.no\/wp-content\/uploads\/2023\/10\/kart.no-logo.png\",\"width\":784,\"height\":312,\"caption\":\"Kart.no\"},\"image\":{\"@id\":\"https:\/\/kart.no\/en\/#\/schema\/logo\/image\/\"},\"sameAs\":[\"https:\/\/www.facebook.com\/kart.no\",\"https:\/\/www.instagram.com\/_kart.no\/\"]}]}<\/script>\n<!-- \/ Yoast SEO Premium plugin. -->","yoast_head_json":{"title":"Western Norway - Kart.no","robots":{"index":"index","follow":"follow","max-snippet":"max-snippet:-1","max-image-preview":"max-image-preview:large","max-video-preview":"max-video-preview:-1"},"canonical":"https:\/\/kart.no\/en\/produkt\/western-norway\/","og_locale":"en_US","og_type":"article","og_title":"Western Norway","og_description":"Hand-drawn map of parts of Vestland and M\u00f8re og Romsdal. The map covers the area from Har\u00f8yfjorden in the north to \u00d8ygarden in the south, up to and including Sognefjorden and Stryn in the east. The map is delivered in its original size 121.5 x 63.8 cm. Do you want the map in a different size? Just get in touch - we'll be happy to give you a quote for customization.","og_url":"https:\/\/kart.no\/en\/produkt\/western-norway\/","og_site_name":"Kart.no","article_publisher":"https:\/\/www.facebook.com\/kart.no","og_image":[{"width":2048,"height":2048,"url":"https:\/\/kart.no\/wp-content\/uploads\/2025\/06\/2025-6163_norge090_123-2_1750_jpg300dpi.jpg","type":"image\/jpeg"}],"twitter_card":"summary_large_image","schema":{"@context":"https:\/\/schema.org","@graph":[{"@type":"WebPage","@id":"https:\/\/kart.no\/en\/produkt\/western-norway\/","url":"https:\/\/kart.no\/en\/produkt\/western-norway\/","name":"Western Norway - Kart.no","isPartOf":{"@id":"https:\/\/kart.no\/en\/#website"},"primaryImageOfPage":{"@id":"https:\/\/kart.no\/en\/produkt\/western-norway\/#primaryimage"},"image":{"@id":"https:\/\/kart.no\/en\/produkt\/western-norway\/#primaryimage"},"thumbnailUrl":"https:\/\/kart.no\/wp-content\/uploads\/2025\/06\/2025-6163_norge090_123-2_1750_jpg300dpi.jpg","datePublished":"2025-06-03T22:29:32+00:00","breadcrumb":{"@id":"https:\/\/kart.no\/en\/produkt\/western-norway\/#breadcrumb"},"inLanguage":"en-US","potentialAction":[{"@type":"ReadAction","target":["https:\/\/kart.no\/en\/produkt\/western-norway\/"]}]},{"@type":"ImageObject","inLanguage":"en-US","@id":"https:\/\/kart.no\/en\/produkt\/western-norway\/#primaryimage","url":"https:\/\/kart.no\/wp-content\/uploads\/2025\/06\/2025-6163_norge090_123-2_1750_jpg300dpi.jpg","contentUrl":"https:\/\/kart.no\/wp-content\/uploads\/2025\/06\/2025-6163_norge090_123-2_1750_jpg300dpi.jpg","width":2048,"height":2048},{"@type":"BreadcrumbList","@id":"https:\/\/kart.no\/en\/produkt\/western-norway\/#breadcrumb","itemListElement":[{"@type":"ListItem","position":1,"name":"Hjem","item":"https:\/\/kart.no\/en\/"},{"@type":"ListItem","position":2,"name":"Shop","item":"https:\/\/kart.no\/en\/shop\/"},{"@type":"ListItem","position":3,"name":"Western Norway"}]},{"@type":"WebSite","@id":"https:\/\/kart.no\/en\/#website","url":"https:\/\/kart.no\/en\/","name":"Kart.no","description":"Nordic expertise in maps and navigation","publisher":{"@id":"https:\/\/kart.no\/en\/#organization"},"potentialAction":[{"@type":"SearchAction","target":{"@type":"EntryPoint","urlTemplate":"https:\/\/kart.no\/en\/?s={search_term_string}"},"query-input":{"@type":"PropertyValueSpecification","valueRequired":true,"valueName":"search_term_string"}}],"inLanguage":"en-US"},{"@type":"Organization","@id":"https:\/\/kart.no\/en\/#organization","name":"Kart.no","url":"https:\/\/kart.no\/en\/","logo":{"@type":"ImageObject","inLanguage":"en-US","@id":"https:\/\/kart.no\/en\/#\/schema\/logo\/image\/","url":"https:\/\/kart.no\/wp-content\/uploads\/2023\/10\/kart.no-logo.png","contentUrl":"https:\/\/kart.no\/wp-content\/uploads\/2023\/10\/kart.no-logo.png","width":784,"height":312,"caption":"Kart.no"},"image":{"@id":"https:\/\/kart.no\/en\/#\/schema\/logo\/image\/"},"sameAs":["https:\/\/www.facebook.com\/kart.no","https:\/\/www.instagram.com\/_kart.no\/"]}]}},"uagb_featured_image_src":{"full":["https:\/\/kart.no\/wp-content\/uploads\/2025\/06\/2025-6163_norge090_123-2_1750_jpg300dpi.jpg",2048,2048,false],"thumbnail":["https:\/\/kart.no\/wp-content\/uploads\/2025\/06\/2025-6163_norge090_123-2_1750_jpg300dpi-150x150.jpg",150,150,true],"medium":["https:\/\/kart.no\/wp-content\/uploads\/2025\/06\/2025-6163_norge090_123-2_1750_jpg300dpi-300x300.jpg",300,300,true],"medium_large":["https:\/\/kart.no\/wp-content\/uploads\/2025\/06\/2025-6163_norge090_123-2_1750_jpg300dpi-768x768.jpg",768,768,true],"large":["https:\/\/kart.no\/wp-content\/uploads\/2025\/06\/2025-6163_norge090_123-2_1750_jpg300dpi.jpg",2048,2048,false],"1536x1536":["https:\/\/kart.no\/wp-content\/uploads\/2025\/06\/2025-6163_norge090_123-2_1750_jpg300dpi-1536x1536.jpg",1536,1536,true],"2048x2048":["https:\/\/kart.no\/wp-content\/uploads\/2025\/06\/2025-6163_norge090_123-2_1750_jpg300dpi.jpg",2048,2048,false],"woocommerce_thumbnail":["https:\/\/kart.no\/wp-content\/uploads\/2025\/06\/2025-6163_norge090_123-2_1750_jpg300dpi-300x300.jpg",300,300,true],"woocommerce_single":["https:\/\/kart.no\/wp-content\/uploads\/2025\/06\/2025-6163_norge090_123-2_1750_jpg300dpi-600x600.jpg",600,600,true],"woocommerce_gallery_thumbnail":["https:\/\/kart.no\/wp-content\/uploads\/2025\/06\/2025-6163_norge090_123-2_1750_jpg300dpi-100x100.jpg",100,100,true],"dgwt-wcas-product-suggestion":["https:\/\/kart.no\/wp-content\/uploads\/2025\/06\/2025-6163_norge090_123-2_1750_jpg300dpi-64x64.jpg",64,64,true]},"uagb_author_info":{"display_name":"Steinar Figved","author_link":"https:\/\/kart.no\/en\/author\/"},"uagb_comment_info":0,"uagb_excerpt":"Hand-drawn map of parts of Vestland and M\u00f8re og Romsdal. The map covers the area from Har\u00f8yfjorden in the north to \u00d8ygarden in the south, up to and including Sognefjorden and Stryn in the east. The map is delivered in its original size 121.5 x 63.8 cm. Do you want the map in a different&hellip;","_links":{"self":[{"href":"https:\/\/kart.no\/en\/wp-json\/wp\/v2\/product\/55283","targetHints":{"allow":["GET"]}}],"collection":[{"href":"https:\/\/kart.no\/en\/wp-json\/wp\/v2\/product"}],"about":[{"href":"https:\/\/kart.no\/en\/wp-json\/wp\/v2\/types\/product"}],"replies":[{"embeddable":true,"href":"https:\/\/kart.no\/en\/wp-json\/wp\/v2\/comments?post=55283"}],"wp:featuredmedia":[{"embeddable":true,"href":"https:\/\/kart.no\/en\/wp-json\/wp\/v2\/media\/15466"}],"wp:attachment":[{"href":"https:\/\/kart.no\/en\/wp-json\/wp\/v2\/media?parent=55283"}],"wp:term":[{"taxonomy":"product_brand","embeddable":true,"href":"https:\/\/kart.no\/en\/wp-json\/wp\/v2\/product_brand?post=55283"},{"taxonomy":"product_cat","embeddable":true,"href":"https:\/\/kart.no\/en\/wp-json\/wp\/v2\/product_cat?post=55283"},{"taxonomy":"product_tag","embeddable":true,"href":"https:\/\/kart.no\/en\/wp-json\/wp\/v2\/product_tag?post=55283"}],"curies":[{"name":"wp","href":"https:\/\/api.w.org\/{rel}","templated":true}]}}