{"id":8781,"date":"2024-03-14T02:48:15","date_gmt":"2024-03-14T01:48:15","guid":{"rendered":"https:\/\/kart.no\/?post_type=product&#038;p=8781"},"modified":"2026-03-09T01:25:11","modified_gmt":"2026-03-09T00:25:11","slug":"deltabreen-f11","status":"publish","type":"product","link":"https:\/\/kart.no\/en\/produkt\/deltabreen-f11\/","title":{"rendered":"Deltabreen  F11"},"content":{"rendered":"<p>Deltabreen  F11 er et detaljert topografisk kart over deler av Svalbard i m\u00e5lestokk 1:100000. Kartet gir presis gjengivelse av terreng, h\u00f8ydekurver, breomr\u00e5der og kystlinje.<\/p>\n<p>M\u00e5lestokken 1:100000 gir h\u00f8y detaljgrad. Kartet ble publisert i 2008.<\/p>\n<p>Norsk Polarinstitutt er et direktorat under Klima- og milj\u00f8departementet. Instituttets virksomhet er konsentrert rundt milj\u00f8forvaltningsbehov i polaromr\u00e5dene. De fremskaffer vitenskapelig kunnskap, kartlegger og gir faglige og strategiske r\u00e5d til norske myndigheter. Norsk Polarinstitutt er til stede i Arktis og Antarktis, driver forskningsstasjoner, gjennomf\u00f8rer ekspedisjoner og er eier av forskningsfart\u00f8yet \u00abKronprins Haakon\u00bb. Instituttet er milj\u00f8myndighet for Bouvet\u00f8ya og for norsk aktivitet i Antarktis.<\/p>\n<p>Kart.no er offisiell forhandler av kart fra Norsk Polarinstitutt.<\/p>\n","protected":false},"excerpt":{"rendered":"<p>Kart i m\u00e5lestokk 1:100000 fra Norsk Polarinstitutt.<\/p>\n","protected":false},"featured_media":10682,"comment_status":"open","ping_status":"closed","template":"","meta":{"_uag_custom_page_level_css":""},"product_brand":[584],"product_cat":[642],"product_tag":[],"class_list":{"0":"post-8781","1":"product","2":"type-product","3":"status-publish","4":"has-post-thumbnail","6":"product_brand-norsk-polarinstitutt","7":"product_cat-turkart-svalbard-og-antarktis","8":"product_shipping_class-postkasse","9":"pa_produsent-norsk-polarinstitutt","11":"first","12":"instock","13":"taxable","14":"shipping-taxable","15":"purchasable","16":"product-type-simple"},"composite_virtual":false,"composite_layout":"","composite_add_to_cart_form_location":"","composite_editable_in_cart":false,"composite_sold_individually_context":"","composite_shop_price_calc":"","composite_components":[],"composite_scenarios":[],"acf":[],"yoast_head":"<!-- This site is optimized with the Yoast SEO Premium plugin v27.2 (Yoast SEO v27.2) - https:\/\/yoast.com\/product\/yoast-seo-premium-wordpress\/ -->\n<title>Deltabreen F11 \u2013 Norsk Polarinstitutt kart<\/title>\n<meta name=\"description\" content=\"Kart i m\u00e5lestokk 1:100000 fra Norsk Polarinstitutt.\" \/>\n<meta name=\"robots\" content=\"index, follow, max-snippet:-1, max-image-preview:large, max-video-preview:-1\" \/>\n<link rel=\"canonical\" href=\"https:\/\/kart.no\/en\/produkt\/deltabreen-f11\/\" \/>\n<meta property=\"og:locale\" content=\"en_US\" \/>\n<meta property=\"og:type\" content=\"article\" \/>\n<meta property=\"og:title\" content=\"Deltabreen F11\" \/>\n<meta property=\"og:description\" content=\"Kart i m\u00e5lestokk 1:100000 fra Norsk Polarinstitutt.\" \/>\n<meta property=\"og:url\" content=\"https:\/\/kart.no\/en\/produkt\/deltabreen-f11\/\" \/>\n<meta property=\"og:site_name\" content=\"Kart.no\" \/>\n<meta property=\"article:publisher\" content=\"https:\/\/www.facebook.com\/kart.no\" \/>\n<meta property=\"article:modified_time\" content=\"2026-03-09T00:25:11+00:00\" \/>\n<meta property=\"og:image\" content=\"https:\/\/kart.no\/wp-content\/uploads\/2024\/03\/Deltabreen-F11.jpg\" \/>\n\t<meta property=\"og:image:width\" content=\"800\" \/>\n\t<meta property=\"og:image:height\" content=\"800\" \/>\n\t<meta property=\"og:image:type\" content=\"image\/jpeg\" \/>\n<meta name=\"twitter:card\" content=\"summary_large_image\" \/>\n<meta name=\"twitter:label1\" content=\"Est. reading time\" \/>\n\t<meta name=\"twitter:data1\" content=\"1 minute\" \/>\n<script type=\"application\/ld+json\" class=\"yoast-schema-graph\">{\"@context\":\"https:\/\/schema.org\",\"@graph\":[{\"@type\":\"WebPage\",\"@id\":\"https:\/\/kart.no\/en\/produkt\/deltabreen-f11\/\",\"url\":\"https:\/\/kart.no\/en\/produkt\/deltabreen-f11\/\",\"name\":\"Deltabreen F11 \u2013 Norsk Polarinstitutt kart\",\"isPartOf\":{\"@id\":\"https:\/\/kart.no\/en\/#website\"},\"primaryImageOfPage\":{\"@id\":\"https:\/\/kart.no\/en\/produkt\/deltabreen-f11\/#primaryimage\"},\"image\":{\"@id\":\"https:\/\/kart.no\/en\/produkt\/deltabreen-f11\/#primaryimage\"},\"thumbnailUrl\":\"https:\/\/kart.no\/wp-content\/uploads\/2024\/03\/Deltabreen-F11.jpg\",\"datePublished\":\"2024-03-14T01:48:15+00:00\",\"dateModified\":\"2026-03-09T00:25:11+00:00\",\"description\":\"Kart i m\u00e5lestokk 1:100000 fra Norsk Polarinstitutt.\",\"breadcrumb\":{\"@id\":\"https:\/\/kart.no\/en\/produkt\/deltabreen-f11\/#breadcrumb\"},\"inLanguage\":\"en-US\",\"potentialAction\":[{\"@type\":\"ReadAction\",\"target\":[\"https:\/\/kart.no\/en\/produkt\/deltabreen-f11\/\"]}]},{\"@type\":\"ImageObject\",\"inLanguage\":\"en-US\",\"@id\":\"https:\/\/kart.no\/en\/produkt\/deltabreen-f11\/#primaryimage\",\"url\":\"https:\/\/kart.no\/wp-content\/uploads\/2024\/03\/Deltabreen-F11.jpg\",\"contentUrl\":\"https:\/\/kart.no\/wp-content\/uploads\/2024\/03\/Deltabreen-F11.jpg\",\"width\":800,\"height\":800},{\"@type\":\"BreadcrumbList\",\"@id\":\"https:\/\/kart.no\/en\/produkt\/deltabreen-f11\/#breadcrumb\",\"itemListElement\":[{\"@type\":\"ListItem\",\"position\":1,\"name\":\"Hjem\",\"item\":\"https:\/\/kart.no\/en\/\"},{\"@type\":\"ListItem\",\"position\":2,\"name\":\"Shop\",\"item\":\"https:\/\/kart.no\/en\/shop\/\"},{\"@type\":\"ListItem\",\"position\":3,\"name\":\"Outdoor &amp; Hiking\",\"item\":\"https:\/\/kart.no\/en\/product-category\/outdoor-hiking\/\"},{\"@type\":\"ListItem\",\"position\":4,\"name\":\"Hiking Maps\",\"item\":\"https:\/\/kart.no\/en\/product-category\/outdoor-hiking\/hiking-maps\/\"},{\"@type\":\"ListItem\",\"position\":5,\"name\":\"Hiking Maps \u2013 Svalbard and Antarctica\",\"item\":\"https:\/\/kart.no\/en\/product-category\/outdoor-hiking\/hiking-maps\/hiking-maps-svalbard-and-antarctica\/\"},{\"@type\":\"ListItem\",\"position\":6,\"name\":\"Deltabreen F11\"}]},{\"@type\":\"WebSite\",\"@id\":\"https:\/\/kart.no\/en\/#website\",\"url\":\"https:\/\/kart.no\/en\/\",\"name\":\"Kart.no\",\"description\":\"Norges mest komplette kartbutikk\",\"publisher\":{\"@id\":\"https:\/\/kart.no\/en\/#organization\"},\"potentialAction\":[{\"@type\":\"SearchAction\",\"target\":{\"@type\":\"EntryPoint\",\"urlTemplate\":\"https:\/\/kart.no\/en\/?s={search_term_string}\"},\"query-input\":{\"@type\":\"PropertyValueSpecification\",\"valueRequired\":true,\"valueName\":\"search_term_string\"}}],\"inLanguage\":\"en-US\"},{\"@type\":\"Organization\",\"@id\":\"https:\/\/kart.no\/en\/#organization\",\"name\":\"Kart.no\",\"url\":\"https:\/\/kart.no\/en\/\",\"logo\":{\"@type\":\"ImageObject\",\"inLanguage\":\"en-US\",\"@id\":\"https:\/\/kart.no\/en\/#\/schema\/logo\/image\/\",\"url\":\"https:\/\/kart.no\/wp-content\/uploads\/2023\/10\/kart.no-logo.png\",\"contentUrl\":\"https:\/\/kart.no\/wp-content\/uploads\/2023\/10\/kart.no-logo.png\",\"width\":784,\"height\":312,\"caption\":\"Kart.no\"},\"image\":{\"@id\":\"https:\/\/kart.no\/en\/#\/schema\/logo\/image\/\"},\"sameAs\":[\"https:\/\/www.facebook.com\/kart.no\",\"https:\/\/www.instagram.com\/_kart.no\/\"]}]}<\/script>\n<!-- \/ Yoast SEO Premium plugin. -->","yoast_head_json":{"title":"Deltabreen F11 \u2013 Norsk Polarinstitutt kart","description":"Kart i m\u00e5lestokk 1:100000 fra Norsk Polarinstitutt.","robots":{"index":"index","follow":"follow","max-snippet":"max-snippet:-1","max-image-preview":"max-image-preview:large","max-video-preview":"max-video-preview:-1"},"canonical":"https:\/\/kart.no\/en\/produkt\/deltabreen-f11\/","og_locale":"en_US","og_type":"article","og_title":"Deltabreen F11","og_description":"Kart i m\u00e5lestokk 1:100000 fra Norsk Polarinstitutt.","og_url":"https:\/\/kart.no\/en\/produkt\/deltabreen-f11\/","og_site_name":"Kart.no","article_publisher":"https:\/\/www.facebook.com\/kart.no","article_modified_time":"2026-03-09T00:25:11+00:00","og_image":[{"width":800,"height":800,"url":"https:\/\/kart.no\/wp-content\/uploads\/2024\/03\/Deltabreen-F11.jpg","type":"image\/jpeg"}],"twitter_card":"summary_large_image","twitter_misc":{"Est. reading time":"1 minute"},"schema":{"@context":"https:\/\/schema.org","@graph":[{"@type":"WebPage","@id":"https:\/\/kart.no\/en\/produkt\/deltabreen-f11\/","url":"https:\/\/kart.no\/en\/produkt\/deltabreen-f11\/","name":"Deltabreen F11 \u2013 Norsk Polarinstitutt kart","isPartOf":{"@id":"https:\/\/kart.no\/en\/#website"},"primaryImageOfPage":{"@id":"https:\/\/kart.no\/en\/produkt\/deltabreen-f11\/#primaryimage"},"image":{"@id":"https:\/\/kart.no\/en\/produkt\/deltabreen-f11\/#primaryimage"},"thumbnailUrl":"https:\/\/kart.no\/wp-content\/uploads\/2024\/03\/Deltabreen-F11.jpg","datePublished":"2024-03-14T01:48:15+00:00","dateModified":"2026-03-09T00:25:11+00:00","description":"Kart i m\u00e5lestokk 1:100000 fra Norsk Polarinstitutt.","breadcrumb":{"@id":"https:\/\/kart.no\/en\/produkt\/deltabreen-f11\/#breadcrumb"},"inLanguage":"en-US","potentialAction":[{"@type":"ReadAction","target":["https:\/\/kart.no\/en\/produkt\/deltabreen-f11\/"]}]},{"@type":"ImageObject","inLanguage":"en-US","@id":"https:\/\/kart.no\/en\/produkt\/deltabreen-f11\/#primaryimage","url":"https:\/\/kart.no\/wp-content\/uploads\/2024\/03\/Deltabreen-F11.jpg","contentUrl":"https:\/\/kart.no\/wp-content\/uploads\/2024\/03\/Deltabreen-F11.jpg","width":800,"height":800},{"@type":"BreadcrumbList","@id":"https:\/\/kart.no\/en\/produkt\/deltabreen-f11\/#breadcrumb","itemListElement":[{"@type":"ListItem","position":1,"name":"Hjem","item":"https:\/\/kart.no\/en\/"},{"@type":"ListItem","position":2,"name":"Shop","item":"https:\/\/kart.no\/en\/shop\/"},{"@type":"ListItem","position":3,"name":"Outdoor &amp; Hiking","item":"https:\/\/kart.no\/en\/product-category\/outdoor-hiking\/"},{"@type":"ListItem","position":4,"name":"Hiking Maps","item":"https:\/\/kart.no\/en\/product-category\/outdoor-hiking\/hiking-maps\/"},{"@type":"ListItem","position":5,"name":"Hiking Maps \u2013 Svalbard and Antarctica","item":"https:\/\/kart.no\/en\/product-category\/outdoor-hiking\/hiking-maps\/hiking-maps-svalbard-and-antarctica\/"},{"@type":"ListItem","position":6,"name":"Deltabreen F11"}]},{"@type":"WebSite","@id":"https:\/\/kart.no\/en\/#website","url":"https:\/\/kart.no\/en\/","name":"Kart.no","description":"Norges mest komplette kartbutikk","publisher":{"@id":"https:\/\/kart.no\/en\/#organization"},"potentialAction":[{"@type":"SearchAction","target":{"@type":"EntryPoint","urlTemplate":"https:\/\/kart.no\/en\/?s={search_term_string}"},"query-input":{"@type":"PropertyValueSpecification","valueRequired":true,"valueName":"search_term_string"}}],"inLanguage":"en-US"},{"@type":"Organization","@id":"https:\/\/kart.no\/en\/#organization","name":"Kart.no","url":"https:\/\/kart.no\/en\/","logo":{"@type":"ImageObject","inLanguage":"en-US","@id":"https:\/\/kart.no\/en\/#\/schema\/logo\/image\/","url":"https:\/\/kart.no\/wp-content\/uploads\/2023\/10\/kart.no-logo.png","contentUrl":"https:\/\/kart.no\/wp-content\/uploads\/2023\/10\/kart.no-logo.png","width":784,"height":312,"caption":"Kart.no"},"image":{"@id":"https:\/\/kart.no\/en\/#\/schema\/logo\/image\/"},"sameAs":["https:\/\/www.facebook.com\/kart.no","https:\/\/www.instagram.com\/_kart.no\/"]}]}},"uagb_featured_image_src":{"full":["https:\/\/kart.no\/wp-content\/uploads\/2024\/03\/Deltabreen-F11.jpg",800,800,false],"thumbnail":["https:\/\/kart.no\/wp-content\/uploads\/2024\/03\/Deltabreen-F11-150x150.jpg",150,150,true],"medium":["https:\/\/kart.no\/wp-content\/uploads\/2024\/03\/Deltabreen-F11-300x300.jpg",300,300,true],"medium_large":["https:\/\/kart.no\/wp-content\/uploads\/2024\/03\/Deltabreen-F11-768x768.jpg",768,768,true],"large":["https:\/\/kart.no\/wp-content\/uploads\/2024\/03\/Deltabreen-F11.jpg",800,800,false],"1536x1536":["https:\/\/kart.no\/wp-content\/uploads\/2024\/03\/Deltabreen-F11.jpg",800,800,false],"2048x2048":["https:\/\/kart.no\/wp-content\/uploads\/2024\/03\/Deltabreen-F11.jpg",800,800,false],"woocommerce_thumbnail":["https:\/\/kart.no\/wp-content\/uploads\/2024\/03\/Deltabreen-F11-300x300.jpg",300,300,true],"woocommerce_single":["https:\/\/kart.no\/wp-content\/uploads\/2024\/03\/Deltabreen-F11-600x600.jpg",600,600,true],"woocommerce_gallery_thumbnail":["https:\/\/kart.no\/wp-content\/uploads\/2024\/03\/Deltabreen-F11-100x100.jpg",100,100,true],"dgwt-wcas-product-suggestion":["https:\/\/kart.no\/wp-content\/uploads\/2024\/03\/Deltabreen-F11-64x64.jpg",64,64,true]},"uagb_author_info":{"display_name":"Steinar Figved","author_link":"https:\/\/kart.no\/en\/author\/"},"uagb_comment_info":0,"uagb_excerpt":"Kart i m\u00e5lestokk 1:100000 fra Norsk Polarinstitutt.","_links":{"self":[{"href":"https:\/\/kart.no\/en\/wp-json\/wp\/v2\/product\/8781","targetHints":{"allow":["GET"]}}],"collection":[{"href":"https:\/\/kart.no\/en\/wp-json\/wp\/v2\/product"}],"about":[{"href":"https:\/\/kart.no\/en\/wp-json\/wp\/v2\/types\/product"}],"replies":[{"embeddable":true,"href":"https:\/\/kart.no\/en\/wp-json\/wp\/v2\/comments?post=8781"}],"wp:featuredmedia":[{"embeddable":true,"href":"https:\/\/kart.no\/en\/wp-json\/wp\/v2\/media\/10682"}],"wp:attachment":[{"href":"https:\/\/kart.no\/en\/wp-json\/wp\/v2\/media?parent=8781"}],"wp:term":[{"taxonomy":"product_brand","embeddable":true,"href":"https:\/\/kart.no\/en\/wp-json\/wp\/v2\/product_brand?post=8781"},{"taxonomy":"product_cat","embeddable":true,"href":"https:\/\/kart.no\/en\/wp-json\/wp\/v2\/product_cat?post=8781"},{"taxonomy":"product_tag","embeddable":true,"href":"https:\/\/kart.no\/en\/wp-json\/wp\/v2\/product_tag?post=8781"}],"curies":[{"name":"wp","href":"https:\/\/api.w.org\/{rel}","templated":true}]}}